{"id":361256,"date":"2020-05-30T13:17:25","date_gmt":"2020-05-30T12:17:25","guid":{"rendered":"https:\/\/positiveprints.com\/?post_type=product&#038;p=361256"},"modified":"2026-04-18T09:16:24","modified_gmt":"2026-04-18T08:16:24","slug":"babyskiss-trio","status":"publish","type":"product","link":"https:\/\/positiveprints.com\/sv\/produkt\/babyskiss-trio\/","title":{"rendered":"Babyskiss Trio"},"content":{"rendered":"<p>Det finns inget mer mirakul\u00f6st, vackert och livsbejakande \u00e4n ett barns f\u00f6delse, s\u00e4rskilt ditt eget barn. Vi vill hj\u00e4lpa dig att minnas h\u00e4ndelsen med en f\u00f6delseaffisch i skala 1:1 av ditt nyf\u00f6dda barn som det var n\u00e4r det kom till v\u00e4rlden.<\/p>\r\n\r\n\r\n\r\n<p style=\"margin-top: 1rem\">Du kommer att bli f\u00f6rv\u00e5nad \u00f6ver hur snabbt ditt barn v\u00e4xer upp! Innan du vet ordet av kommer de att springa runt och ta till sig v\u00e4rlden runt omkring dem. Med en f\u00f6delseaffisch f\u00e5r du ett visuellt minne av hur liten din baby var n\u00e4r den f\u00f6ddes. Varje affisch \u00e4r skapad i skala och \u00e4r det perfekta minnet av var deras resa b\u00f6rjade.<\/p>\r\n\r\n\r\n\r\n<h2 class=\"grenB f24 cblue\" style=\"margin-top: 3rem\">Anpassad affisch f\u00f6r trillingar<\/h2>\r\n\r\n\r\n\r\n<p style=\"margin-top: 1rem\">Varje affisch har en ren, minimal design som passar in i alla rum. Varje affisch har barnets namn, f\u00f6delsedatum, l\u00e4ngd och vikt tryckta i ett elegant typsnitt l\u00e4ngs botten.<\/p>\r\n\r\n\r\n\r\n<p style=\"margin-top: 1rem\">En affisch f\u00f6r trillingar \u00e4r den perfekta presenten f\u00f6r en nybliven f\u00f6r\u00e4lder. Du kan antingen k\u00f6pa en till dig sj\u00e4lv f\u00f6r att hedra \u00f6gonblicket d\u00e5 ditt barn kom, eller ge den som en perfekt, unik present f\u00f6r att v\u00e4lkomna det nya tillskottet i familjen.<\/p>\r\n\r\n\r\n\r\n<p style=\"margin-top: 1rem\">Varje babyaffisch g\u00f6rs p\u00e5 best\u00e4llning och anpassas med barnets namn och f\u00f6delseinformation, inklusive:\u00a0<\/p>\r\n\r\n\r\n\r\n\r\n\r\n<ul>\r\n\r\n         <li style=\"font-weight: 400;\"><span style=\"font-weight: 400;\">F\u00f6delsedatum\/tidpunkt<\/span><\/li>\r\n\r\n         <li style=\"font-weight: 400;\"><span style=\"font-weight: 400;\">F\u00f6delsevikt (i pounds\/ounces eller kilogram)<\/span><\/li>\r\n\r\n         <li style=\"font-weight: 400;\"><span style=\"font-weight: 400;\">F\u00f6delseh\u00f6jd (i tum\/centimeter)<\/span><\/li>\r\n\r\n<\/ul>\r\n\r\n\r\n\r\n\r\n\r\n<p style=\"margin-top: 1rem\">Bilden skrivs ut p\u00e5 affischen i perfekt skala 1:1 s\u00e5 att ditt barns storlek visas korrekt. <\/p>\r\n\r\n\r\n\r\n\r\n\r\n\r\n\r\n<h2 class=\"grenB f24 cblue\" style=\"margin-top: 3rem\">Tryckt affisch med trillingar<\/h2>\r\n\r\n\r\n\r\n<p style=\"margin-top: 1rem\">Vi trycker v\u00e5ra affischer p\u00e5 h\u00f6gkvalitativt matt papper (190 g), s\u00e5 att de ser bra ut i m\u00e5nga \u00e5r fram\u00f6ver, oavsett var eller hur de h\u00e4nger.<\/p> \r\n\r\n\r\n\r\n<p style=\"margin-top: 1rem\">N\u00e4r du skapar din affisch online finns en omedelbar f\u00f6rhandsgranskning av slutresultatet tillg\u00e4nglig s\u00e5 att du kan se till att all information och storlek \u00e4r korrekt innan affischen skrivs ut och skickas. N\u00e4r din best\u00e4llning \u00e4r gjord online kommer din affisch att tryckas och skickas med frakt inom tv\u00e5 dagar.<\/p>\r\n\r\n\r\n\r\n<h2 class=\"grenB f24 cblue\" style=\"margin-top: 3rem\">Digital babyskiss av trillingar<\/h2>\r\n\r\n\r\n\r\n<p style=\"margin-top: 1rem\">\u00c4r du orolig f\u00f6r leveranstiderna? Beh\u00f6ver du en present i sista minuten? Dina digitala filer kan laddas ner direkt efter k\u00f6pet. De digitala filerna \u00e4r f\u00f6rberedda f\u00f6r utskrift i formatet 70&#215;100 cm f\u00f6r att \u00e5terspegla bebisarnas l\u00e4ngd korrekt.<\/p>","protected":false},"excerpt":{"rendered":"<ul class=\"check-list\">\n<li>Bevara v\u00e4rdefulla minnen med v\u00e5r &#8220;Baby Sketch-konst&#8221; &#8211; en unik g\u00e5va som nya f\u00f6r\u00e4ldrar kommer att uppskatta f\u00f6r alltid<\/li>\n<li>Anpassa den med f\u00f6delsedetaljer som namn, f\u00f6delsedatum, l\u00e4ngd och vikt <\/li>\n<li>V\u00e4lj en av 4 illustrationer och skala den 1:1 till barnens f\u00f6delsel\u00e4ngd<\/li>\n<li>Se resultatet direkt \u2013 den interaktiva f\u00f6rhandsvisningen l\u00e5ter dig finjustera varje detalj<\/li>\n<\/ul>\n","protected":false},"featured_media":269955,"template":"","meta":[],"product_brand":[],"product_cat":[7459,8143],"product_tag":[9473,8458,9493],"class_list":{"0":"post-361256","1":"product","2":"type-product","3":"status-publish","4":"has-post-thumbnail","6":"product_cat-alla-produkter","7":"product_cat-infant-sv","8":"product_tag-baby-affisch","9":"product_tag-new-parents-sv","10":"product_tag-nyfodd","12":"first","13":"instock","14":"sale","15":"taxable","16":"shipping-taxable","17":"purchasable","18":"product-type-variable"},"yoast_head":"<!-- This site is optimized with the Yoast SEO Premium plugin v27.2 (Yoast SEO v27.2) - https:\/\/yoast.com\/product\/yoast-seo-premium-wordpress\/ -->\n<title>Babyskiss Trio - Positive Prints<\/title>\n<meta name=\"description\" content=\"Personlig f\u00f6delsetavla med tre barn. Ett vackert minne som firar syskonens f\u00f6delse med namn, datum och detaljer.\" \/>\n<meta name=\"robots\" content=\"index, follow, max-snippet:-1, max-image-preview:large, max-video-preview:-1\" \/>\n<link rel=\"canonical\" href=\"https:\/\/positiveprints.com\/sv\/produkt\/babyskiss-trio\/\" \/>\n<meta property=\"og:locale\" content=\"sv_SE\" \/>\n<meta property=\"og:type\" content=\"article\" \/>\n<meta property=\"og:title\" content=\"Babyskiss Trio\" \/>\n<meta property=\"og:description\" content=\"Bevara v\u00e4rdefulla minnen med v\u00e5r &quot;Baby Sketch-konst&quot; - en unik g\u00e5va som nya f\u00f6r\u00e4ldrar kommer att uppskatta f\u00f6r alltid  Anpassa den med f\u00f6delsedetaljer som namn, f\u00f6delsedatum, l\u00e4ngd och vikt   V\u00e4lj en av 4 illustrationer och skala den 1:1 till barnens f\u00f6delsel\u00e4ngd  Se resultatet direkt \u2013 den interaktiva f\u00f6rhandsvisningen l\u00e5ter dig finjustera varje detalj\" \/>\n<meta property=\"og:url\" content=\"https:\/\/positiveprints.com\/sv\/produkt\/babyskiss-trio\/\" \/>\n<meta property=\"og:site_name\" content=\"Positive Prints\" \/>\n<meta property=\"article:publisher\" content=\"https:\/\/www.facebook.com\/positiveprintscom\" \/>\n<meta property=\"article:modified_time\" content=\"2026-04-18T08:16:24+00:00\" \/>\n<meta property=\"og:image\" content=\"https:\/\/positiveprints.com\/wp-content\/uploads\/2022\/05\/birth-poster-for-triplets.jpg\" \/>\n\t<meta property=\"og:image:width\" content=\"1080\" \/>\n\t<meta property=\"og:image:height\" content=\"1080\" \/>\n\t<meta property=\"og:image:type\" content=\"image\/jpeg\" \/>\n<meta name=\"twitter:card\" content=\"summary_large_image\" \/>\n<meta name=\"twitter:label1\" content=\"Ber\u00e4knad l\u00e4stid\" \/>\n\t<meta name=\"twitter:data1\" content=\"2 minut\" \/>\n<!-- \/ Yoast SEO Premium plugin. -->","yoast_head_json":{"title":"Babyskiss Trio - Positive Prints","description":"Personlig f\u00f6delsetavla med tre barn. Ett vackert minne som firar syskonens f\u00f6delse med namn, datum och detaljer.","robots":{"index":"index","follow":"follow","max-snippet":"max-snippet:-1","max-image-preview":"max-image-preview:large","max-video-preview":"max-video-preview:-1"},"canonical":"https:\/\/positiveprints.com\/sv\/produkt\/babyskiss-trio\/","og_locale":"sv_SE","og_type":"article","og_title":"Babyskiss Trio","og_description":"Bevara v\u00e4rdefulla minnen med v\u00e5r \"Baby Sketch-konst\" - en unik g\u00e5va som nya f\u00f6r\u00e4ldrar kommer att uppskatta f\u00f6r alltid  Anpassa den med f\u00f6delsedetaljer som namn, f\u00f6delsedatum, l\u00e4ngd och vikt   V\u00e4lj en av 4 illustrationer och skala den 1:1 till barnens f\u00f6delsel\u00e4ngd  Se resultatet direkt \u2013 den interaktiva f\u00f6rhandsvisningen l\u00e5ter dig finjustera varje detalj","og_url":"https:\/\/positiveprints.com\/sv\/produkt\/babyskiss-trio\/","og_site_name":"Positive Prints","article_publisher":"https:\/\/www.facebook.com\/positiveprintscom","article_modified_time":"2026-04-18T08:16:24+00:00","og_image":[{"width":1080,"height":1080,"url":"https:\/\/positiveprints.com\/wp-content\/uploads\/2022\/05\/birth-poster-for-triplets.jpg","type":"image\/jpeg"}],"twitter_card":"summary_large_image","twitter_misc":{"Ber\u00e4knad l\u00e4stid":"2 minut"},"schema":{"@context":"https:\/\/schema.org","@graph":[{"@type":["WebPage","ItemPage"],"@id":"https:\/\/positiveprints.com\/sv\/produkt\/babyskiss-trio\/","url":"https:\/\/positiveprints.com\/sv\/produkt\/babyskiss-trio\/","name":"Babyskiss Trio - Positive Prints","isPartOf":{"@id":"https:\/\/positiveprints.com\/sv\/#website"},"primaryImageOfPage":{"@id":"https:\/\/positiveprints.com\/sv\/produkt\/babyskiss-trio\/#primaryimage"},"image":{"@id":"https:\/\/positiveprints.com\/sv\/produkt\/babyskiss-trio\/#primaryimage"},"thumbnailUrl":"https:\/\/positiveprints.com\/wp-content\/uploads\/2022\/05\/birth-poster-for-triplets.jpg","datePublished":"2020-05-30T12:17:25+00:00","dateModified":"2026-04-18T08:16:24+00:00","description":"Personlig f\u00f6delsetavla med tre barn. Ett vackert minne som firar syskonens f\u00f6delse med namn, datum och detaljer.","breadcrumb":{"@id":"https:\/\/positiveprints.com\/sv\/produkt\/babyskiss-trio\/#breadcrumb"},"inLanguage":"sv-SE","potentialAction":[{"@type":"ReadAction","target":["https:\/\/positiveprints.com\/sv\/produkt\/babyskiss-trio\/"]}]},{"@type":"ImageObject","inLanguage":"sv-SE","@id":"https:\/\/positiveprints.com\/sv\/produkt\/babyskiss-trio\/#primaryimage","url":"https:\/\/positiveprints.com\/wp-content\/uploads\/2022\/05\/birth-poster-for-triplets.jpg","contentUrl":"https:\/\/positiveprints.com\/wp-content\/uploads\/2022\/05\/birth-poster-for-triplets.jpg","width":1080,"height":1080},{"@type":"BreadcrumbList","@id":"https:\/\/positiveprints.com\/sv\/produkt\/babyskiss-trio\/#breadcrumb","itemListElement":[{"@type":"ListItem","position":1,"name":"Home","item":"https:\/\/positiveprints.com\/sv\/"},{"@type":"ListItem","position":2,"name":"Produkter","item":"https:\/\/positiveprints.com\/sv\/shop\/"},{"@type":"ListItem","position":3,"name":"Babyskiss Trio"}]},{"@type":"WebSite","@id":"https:\/\/positiveprints.com\/sv\/#website","url":"https:\/\/positiveprints.com\/sv\/","name":"Positive Prints","description":"Amazing Custom Personalized Gifts","publisher":{"@id":"https:\/\/positiveprints.com\/sv\/#organization"},"potentialAction":[{"@type":"SearchAction","target":{"@type":"EntryPoint","urlTemplate":"https:\/\/positiveprints.com\/sv\/?s={search_term_string}"},"query-input":{"@type":"PropertyValueSpecification","valueRequired":true,"valueName":"search_term_string"}}],"inLanguage":"sv-SE"},{"@type":"Organization","@id":"https:\/\/positiveprints.com\/sv\/#organization","name":"Positive Prints","alternateName":"Positive Prints","url":"https:\/\/positiveprints.com\/sv\/","logo":{"@type":"ImageObject","inLanguage":"sv-SE","@id":"https:\/\/positiveprints.com\/sv\/#\/schema\/logo\/image\/","url":"https:\/\/positiveprints.com\/wp-content\/uploads\/2026\/03\/245815646_1337939713319158_5671353136411139666_n.png","contentUrl":"https:\/\/positiveprints.com\/wp-content\/uploads\/2026\/03\/245815646_1337939713319158_5671353136411139666_n.png","width":800,"height":800,"caption":"Positive Prints"},"image":{"@id":"https:\/\/positiveprints.com\/sv\/#\/schema\/logo\/image\/"},"sameAs":["https:\/\/www.facebook.com\/positiveprintscom","https:\/\/www.instagram.com\/positiveprintscom\/","https:\/\/www.tiktok.com\/@positiveprintscom","https:\/\/www.pinterest.com\/positiveprintscom\/"]}]}},"jetpack_sharing_enabled":true,"_links":{"self":[{"href":"https:\/\/positiveprints.com\/sv\/wp-json\/wp\/v2\/product\/361256","targetHints":{"allow":["GET"]}}],"collection":[{"href":"https:\/\/positiveprints.com\/sv\/wp-json\/wp\/v2\/product"}],"about":[{"href":"https:\/\/positiveprints.com\/sv\/wp-json\/wp\/v2\/types\/product"}],"wp:featuredmedia":[{"embeddable":true,"href":"https:\/\/positiveprints.com\/sv\/wp-json\/wp\/v2\/media\/269955"}],"wp:attachment":[{"href":"https:\/\/positiveprints.com\/sv\/wp-json\/wp\/v2\/media?parent=361256"}],"wp:term":[{"taxonomy":"product_brand","embeddable":true,"href":"https:\/\/positiveprints.com\/sv\/wp-json\/wp\/v2\/product_brand?post=361256"},{"taxonomy":"product_cat","embeddable":true,"href":"https:\/\/positiveprints.com\/sv\/wp-json\/wp\/v2\/product_cat?post=361256"},{"taxonomy":"product_tag","embeddable":true,"href":"https:\/\/positiveprints.com\/sv\/wp-json\/wp\/v2\/product_tag?post=361256"}],"curies":[{"name":"wp","href":"https:\/\/api.w.org\/{rel}","templated":true}]}}