{"id":361163,"date":"2020-05-30T11:31:35","date_gmt":"2020-05-30T10:31:35","guid":{"rendered":"https:\/\/positiveprints.com\/?post_type=product&#038;p=361163"},"modified":"2026-04-13T01:21:34","modified_gmt":"2026-04-13T00:21:34","slug":"babyskiss","status":"publish","type":"product","link":"https:\/\/positiveprints.com\/sv\/produkt\/babyskiss\/","title":{"rendered":"Babyskiss"},"content":{"rendered":"<p>Det finns inget mer mirakul\u00f6st, vackert och livsbejakande \u00e4n ett barns f\u00f6delse, s\u00e4rskilt ditt eget barn. Vi vill hj\u00e4lpa dig att minnas h\u00e4ndelsen med en babyskiss i skala 1:1 av ditt nyf\u00f6dda barn som det var n\u00e4r det kom till v\u00e4rlden.<\/p>\r\n\r\n\r\n<p style=\"margin-top: 1rem\">\r\nDu kommer att bli f\u00f6rv\u00e5nad \u00f6ver hur snabbt ditt barn v\u00e4xer upp! Innan du vet ordet av kommer de att springa runt och ta till sig v\u00e4rlden runt omkring dem. Med en babyskiss-affisch f\u00e5r du ett visuellt minne av hur liten din baby var n\u00e4r den f\u00f6ddes. Varje affisch \u00e4r skapad i skala och \u00e4r det perfekta minnet av var deras resa b\u00f6rjade.<\/p>\r\n\r\n<h2 class=\"grenB f24 cblue\" style=\"margin-top: 3rem\">Beh\u00e5ll vackra minnen med babyskisser<\/h2>\r\n\r\n<p style=\"margin-top: 1rem\">\r\nGrattis! Ni kommer att bli fantastiska f\u00f6r\u00e4ldrar. Tiden g\u00e5r fort och vissa detaljer kan komma att f\u00f6rsvinna. Men det finns n\u00e5gra s\u00e4tt att memorera den. <br>Ett barns f\u00f6delse \u00e4r ett speciellt \u00f6gonblick som firas av f\u00f6r\u00e4ldrar och familj. Babyskissaffischen kommer att bevara minnena fr\u00e5n den f\u00f6rsta dagen i ditt barns liv. N\u00e4r det v\u00e4xer kommer originalverket att minnas i detalj hur litet och charmigt det var.<\/p>\r\n<br><br><br>\r\n\r\n<h2 class=\"grenB f24 cblue\" style=\"margin-top: 3rem\">Skr\u00e4ddarsydda babyskisser<\/h2>\r\n\r\n<p style=\"margin-top: 1rem\">Vi har handsketat n\u00e5gra vackra babyteckningar i olika positioner som du kan v\u00e4lja att skriva ut. Du kan \u00e4ven v\u00e4lja en superhj\u00e4ltedr\u00e4kt eller n\u00e5gon annan rolig dr\u00e4kt. Du kan ocks\u00e5 v\u00e4lja bakgrundsf\u00e4rg. P\u00e5 <a href=\"https:\/\/positiveprints.com\/product\/birth-poster\/\">f\u00f6delseaffischen<\/a> visas ocks\u00e5 ditt barns l\u00e4ngd och vikt samt eventuell annan text.<\/p>\r\n\r\n\r\n<h2 class=\"grenB f24 cblue\" style=\"margin-top: 3rem\">Storlek f\u00f6r skiss av nyf\u00f6dda barn<\/h2>\r\n\r\n<p style=\"margin-top: 1rem\">Barnteckningen \u00e4r gjord i <a href=\"https:\/\/en.wikipedia.org\/wiki\/Scale_(ratio)\">skala 1:1<\/a>. Det betyder att storleken p\u00e5 teckningen \u00e4r samma som barnets storlek vid f\u00f6dseln. Av denna anledning \u00e4r det en unik och originell p\u00e5minnelse. De uppgifter som matas in i skaparen kommer att kartl\u00e4ggas p\u00e5 affischen. D\u00e4rf\u00f6r kommer varje f\u00f6r\u00e4lder att ha en n\u00e5got annorlunda babykonst.<\/p>\r\n\r\n<p style=\"margin-top: 1rem\">Letar du efter en babyskiss med tv\u00e5 bebisar? Eller kanske tre? Kolla in v\u00e5r <a href=\"https:\/\/positiveprints.com\/product\/baby-sketch-duo\/\">babyskiss f\u00f6r tvillingar och syskon<\/a> eller v\u00e5r <a href=\"https:\/\/positiveprints.com\/product\/baby-sketch-trio\/\">babyskiss f\u00f6r trillingar och syskon<\/a>.<\/p>\r\n\r\n<h2 class=\"grenB f24 cblue\" style=\"margin-top: 3rem\">Babyskiss &#8211; en perfekt present till nyblivna f\u00f6r\u00e4ldrar<\/h2>\r\n\r\n<p style=\"margin-top: 1rem\">Har en ny medlem dykt upp i din familj? Eller har din v\u00e4ninna just f\u00f6tt barn? Letar du efter en originell present, men vill inte v\u00e4nta l\u00e4nge p\u00e5 leverans? Du kan best\u00e4lla en babyskiss i en digital version. Du kommer att ladda ner babyskisstryck direkt efter att du har slutf\u00f6rt betalningen. du kommer att kunna skriva ut snabbt och \u00f6verl\u00e4mna den. Oavsett om du v\u00e4ljer en digital fil eller ett affischtryck i papperskopia, kommer bebisen s\u00e4kert inte att vara lika liten n\u00e4r din affisch anl\u00e4nder som den var p\u00e5 sin allra f\u00f6rsta dag i livet. Och det \u00e4r det som v\u00e5ra Positive Prints handlar om!<\/p>","protected":false},"excerpt":{"rendered":"<ul class=\"check-list\">\n<li>Bevara v\u00e4rdefulla minnen med v\u00e5r &#8220;Baby Sketch-konst&#8221; &#8211; en unik g\u00e5va som nya f\u00f6r\u00e4ldrar kommer att uppskatta f\u00f6r alltid<\/li>\n<li>Minns f\u00f6delsedetaljer som namn, f\u00f6delsedatum, l\u00e4ngd och vikt<\/li>\n<li>V\u00e4lj mellan 7 illustrationer och skala dem 1:1 till barnets l\u00e4ngd vid f\u00f6dseln<\/li>\n<li>Se resultatet direkt \u2013 den interaktiva f\u00f6rhandsvisningen l\u00e5ter dig finjustera varje detalj<\/li>\n<\/ul>\n","protected":false},"featured_media":1528524,"template":"","meta":[],"product_brand":[],"product_cat":[8147,8143],"product_tag":[8397],"class_list":{"0":"post-361163","1":"product","2":"type-product","3":"status-publish","4":"has-post-thumbnail","6":"product_cat-creators-sv","7":"product_cat-infant-sv","8":"product_tag-creators-sv","10":"first","11":"instock","12":"sale","13":"taxable","14":"shipping-taxable","15":"purchasable","16":"product-type-variable"},"yoast_head":"<!-- This site is optimized with the Yoast SEO Premium plugin v27.2 (Yoast SEO v27.2) - https:\/\/yoast.com\/product\/yoast-seo-premium-wordpress\/ -->\n<title>Babyskiss - Positive Prints<\/title>\n<meta name=\"description\" content=\"Vi vill hj\u00e4lpa dig att minnas h\u00e4ndelsen med en babyskiss i skala 1:1 av ditt nyf\u00f6dda barn som det var n\u00e4r det kom till v\u00e4rlden.\" \/>\n<meta name=\"robots\" content=\"index, follow, max-snippet:-1, max-image-preview:large, max-video-preview:-1\" \/>\n<link rel=\"canonical\" href=\"https:\/\/positiveprints.com\/sv\/produkt\/babyskiss\/\" \/>\n<meta property=\"og:locale\" content=\"sv_SE\" \/>\n<meta property=\"og:type\" content=\"article\" \/>\n<meta property=\"og:title\" content=\"Babyskiss\" \/>\n<meta property=\"og:description\" content=\"Bevara v\u00e4rdefulla minnen med v\u00e5r &quot;Baby Sketch-konst&quot; - en unik g\u00e5va som nya f\u00f6r\u00e4ldrar kommer att uppskatta f\u00f6r alltid  Minns f\u00f6delsedetaljer som namn, f\u00f6delsedatum, l\u00e4ngd och vikt  V\u00e4lj mellan 7 illustrationer och skala dem 1:1 till barnets l\u00e4ngd vid f\u00f6dseln  Se resultatet direkt \u2013 den interaktiva f\u00f6rhandsvisningen l\u00e5ter dig finjustera varje detalj\" \/>\n<meta property=\"og:url\" content=\"https:\/\/positiveprints.com\/sv\/produkt\/babyskiss\/\" \/>\n<meta property=\"og:site_name\" content=\"Positive Prints\" \/>\n<meta property=\"article:publisher\" content=\"https:\/\/www.facebook.com\/positiveprintscom\" \/>\n<meta property=\"article:modified_time\" content=\"2026-04-13T00:21:34+00:00\" \/>\n<meta property=\"og:image\" content=\"https:\/\/positiveprints.com\/wp-content\/uploads\/2022\/05\/birth-sketch.jpg\" \/>\n\t<meta property=\"og:image:width\" content=\"1080\" \/>\n\t<meta property=\"og:image:height\" content=\"1080\" \/>\n\t<meta property=\"og:image:type\" content=\"image\/jpeg\" \/>\n<meta name=\"twitter:card\" content=\"summary_large_image\" \/>\n<meta name=\"twitter:label1\" content=\"Ber\u00e4knad l\u00e4stid\" \/>\n\t<meta name=\"twitter:data1\" content=\"3 minut\" \/>\n<!-- \/ Yoast SEO Premium plugin. -->","yoast_head_json":{"title":"Babyskiss - Positive Prints","description":"Vi vill hj\u00e4lpa dig att minnas h\u00e4ndelsen med en babyskiss i skala 1:1 av ditt nyf\u00f6dda barn som det var n\u00e4r det kom till v\u00e4rlden.","robots":{"index":"index","follow":"follow","max-snippet":"max-snippet:-1","max-image-preview":"max-image-preview:large","max-video-preview":"max-video-preview:-1"},"canonical":"https:\/\/positiveprints.com\/sv\/produkt\/babyskiss\/","og_locale":"sv_SE","og_type":"article","og_title":"Babyskiss","og_description":"Bevara v\u00e4rdefulla minnen med v\u00e5r \"Baby Sketch-konst\" - en unik g\u00e5va som nya f\u00f6r\u00e4ldrar kommer att uppskatta f\u00f6r alltid  Minns f\u00f6delsedetaljer som namn, f\u00f6delsedatum, l\u00e4ngd och vikt  V\u00e4lj mellan 7 illustrationer och skala dem 1:1 till barnets l\u00e4ngd vid f\u00f6dseln  Se resultatet direkt \u2013 den interaktiva f\u00f6rhandsvisningen l\u00e5ter dig finjustera varje detalj","og_url":"https:\/\/positiveprints.com\/sv\/produkt\/babyskiss\/","og_site_name":"Positive Prints","article_publisher":"https:\/\/www.facebook.com\/positiveprintscom","article_modified_time":"2026-04-13T00:21:34+00:00","og_image":[{"width":1080,"height":1080,"url":"https:\/\/positiveprints.com\/wp-content\/uploads\/2022\/05\/birth-sketch.jpg","type":"image\/jpeg"}],"twitter_card":"summary_large_image","twitter_misc":{"Ber\u00e4knad l\u00e4stid":"3 minut"},"schema":{"@context":"https:\/\/schema.org","@graph":[{"@type":["WebPage","ItemPage"],"@id":"https:\/\/positiveprints.com\/sv\/produkt\/babyskiss\/","url":"https:\/\/positiveprints.com\/sv\/produkt\/babyskiss\/","name":"Babyskiss - Positive Prints","isPartOf":{"@id":"https:\/\/positiveprints.com\/sv\/#website"},"primaryImageOfPage":{"@id":"https:\/\/positiveprints.com\/sv\/produkt\/babyskiss\/#primaryimage"},"image":{"@id":"https:\/\/positiveprints.com\/sv\/produkt\/babyskiss\/#primaryimage"},"thumbnailUrl":"https:\/\/positiveprints.com\/wp-content\/uploads\/2025\/09\/Packshot_SE_Babyskiss.webp","datePublished":"2020-05-30T10:31:35+00:00","dateModified":"2026-04-13T00:21:34+00:00","description":"Vi vill hj\u00e4lpa dig att minnas h\u00e4ndelsen med en babyskiss i skala 1:1 av ditt nyf\u00f6dda barn som det var n\u00e4r det kom till v\u00e4rlden.","breadcrumb":{"@id":"https:\/\/positiveprints.com\/sv\/produkt\/babyskiss\/#breadcrumb"},"inLanguage":"sv-SE","potentialAction":[{"@type":"ReadAction","target":["https:\/\/positiveprints.com\/sv\/produkt\/babyskiss\/"]}]},{"@type":"ImageObject","inLanguage":"sv-SE","@id":"https:\/\/positiveprints.com\/sv\/produkt\/babyskiss\/#primaryimage","url":"https:\/\/positiveprints.com\/wp-content\/uploads\/2025\/09\/Packshot_SE_Babyskiss.webp","contentUrl":"https:\/\/positiveprints.com\/wp-content\/uploads\/2025\/09\/Packshot_SE_Babyskiss.webp","width":1450,"height":1450},{"@type":"BreadcrumbList","@id":"https:\/\/positiveprints.com\/sv\/produkt\/babyskiss\/#breadcrumb","itemListElement":[{"@type":"ListItem","position":1,"name":"Home","item":"https:\/\/positiveprints.com\/sv\/"},{"@type":"ListItem","position":2,"name":"Produkter","item":"https:\/\/positiveprints.com\/sv\/shop\/"},{"@type":"ListItem","position":3,"name":"Babyskiss"}]},{"@type":"WebSite","@id":"https:\/\/positiveprints.com\/sv\/#website","url":"https:\/\/positiveprints.com\/sv\/","name":"Positive Prints","description":"Amazing Custom Personalized Gifts","publisher":{"@id":"https:\/\/positiveprints.com\/sv\/#organization"},"potentialAction":[{"@type":"SearchAction","target":{"@type":"EntryPoint","urlTemplate":"https:\/\/positiveprints.com\/sv\/?s={search_term_string}"},"query-input":{"@type":"PropertyValueSpecification","valueRequired":true,"valueName":"search_term_string"}}],"inLanguage":"sv-SE"},{"@type":"Organization","@id":"https:\/\/positiveprints.com\/sv\/#organization","name":"Positive Prints","alternateName":"Positive Prints","url":"https:\/\/positiveprints.com\/sv\/","logo":{"@type":"ImageObject","inLanguage":"sv-SE","@id":"https:\/\/positiveprints.com\/sv\/#\/schema\/logo\/image\/","url":"https:\/\/positiveprints.com\/wp-content\/uploads\/2026\/03\/245815646_1337939713319158_5671353136411139666_n.png","contentUrl":"https:\/\/positiveprints.com\/wp-content\/uploads\/2026\/03\/245815646_1337939713319158_5671353136411139666_n.png","width":800,"height":800,"caption":"Positive Prints"},"image":{"@id":"https:\/\/positiveprints.com\/sv\/#\/schema\/logo\/image\/"},"sameAs":["https:\/\/www.facebook.com\/positiveprintscom","https:\/\/www.instagram.com\/positiveprintscom\/","https:\/\/www.tiktok.com\/@positiveprintscom","https:\/\/www.pinterest.com\/positiveprintscom\/"]}]}},"jetpack_sharing_enabled":true,"_links":{"self":[{"href":"https:\/\/positiveprints.com\/sv\/wp-json\/wp\/v2\/product\/361163","targetHints":{"allow":["GET"]}}],"collection":[{"href":"https:\/\/positiveprints.com\/sv\/wp-json\/wp\/v2\/product"}],"about":[{"href":"https:\/\/positiveprints.com\/sv\/wp-json\/wp\/v2\/types\/product"}],"wp:featuredmedia":[{"embeddable":true,"href":"https:\/\/positiveprints.com\/sv\/wp-json\/wp\/v2\/media\/1528524"}],"wp:attachment":[{"href":"https:\/\/positiveprints.com\/sv\/wp-json\/wp\/v2\/media?parent=361163"}],"wp:term":[{"taxonomy":"product_brand","embeddable":true,"href":"https:\/\/positiveprints.com\/sv\/wp-json\/wp\/v2\/product_brand?post=361163"},{"taxonomy":"product_cat","embeddable":true,"href":"https:\/\/positiveprints.com\/sv\/wp-json\/wp\/v2\/product_cat?post=361163"},{"taxonomy":"product_tag","embeddable":true,"href":"https:\/\/positiveprints.com\/sv\/wp-json\/wp\/v2\/product_tag?post=361163"}],"curies":[{"name":"wp","href":"https:\/\/api.w.org\/{rel}","templated":true}]}}