{"id":361140,"date":"2020-06-18T21:24:37","date_gmt":"2020-06-18T20:24:37","guid":{"rendered":"https:\/\/positiveprints.com\/?post_type=product&#038;p=361140"},"modified":"2026-04-28T15:16:20","modified_gmt":"2026-04-28T14:16:20","slug":"personlig-fodelsetavla","status":"publish","type":"product","link":"https:\/\/positiveprints.com\/sv\/produkt\/personlig-fodelsetavla\/","title":{"rendered":"Personlig f\u00f6delsetavla"},"content":{"rendered":"En personlig f\u00f6delsetavla som \u00e4r anpassad till ditt barns faktiska l\u00e4ngd vid f\u00f6dseln \u00e4r ett perfekt livsl\u00e5ngt minne av det \u00f6gonblick d\u00e5 du s\u00e5g ditt barn f\u00f6r f\u00f6rsta g\u00e5ngen<h2 class=\"grenB f24 cblue\" style=\"margin-top: 3rem;\">Vad \u00e4r en Personlig f\u00f6delsetavla?<\/h2>\r\n<p style=\"margin-top: 1rem;\">Varje Personlig f\u00f6delsetavla har en ren, minimal design som passar in i alla rum. Varje ersonlig f\u00f6delsetavla har barnets namn, f\u00f6delsedatum samt l\u00e4ngd och vikt tryckta i ett elegant, skrivet typsnitt l\u00e4ngs botten. \u00c4r du v\u00e4lsignad med tvillingar eller till och med trillingar? Hedra alla syskon p\u00e5 en g\u00e5ng med en av v\u00e5ra affischer med tv\u00e5 eller tre bebisar.<\/p>\r\n\r\n<h2 class=\"grenB f24 cblue\" style=\"margin-top: 3rem;\">Varf\u00f6r skapa en Personlig f\u00f6delsetavla i skala 1:1?<\/h2>\r\n<p style=\"margin-top: 1rem;\">En Personlig f\u00f6delsetavla \u00e4r den <a href=\"https:\/\/positiveprints.com\/sentimental-gifts-for-new-parents\/\">perfekta presenten f\u00f6r en nybliven f\u00f6r\u00e4lder<\/a>. Du kan antingen k\u00f6pa en till dig sj\u00e4lv f\u00f6r att hedra \u00f6gonblicket d\u00e5 ditt barn kom. Eller ge den som en perfekt, unik <a href=\"https:\/\/positiveprints.com\/sv\/gavor-till-nyfodda-barn-presenttillfallen\/\">present till den nyf\u00f6dda<\/a> f\u00f6r att v\u00e4lkomna det nya tillskottet i familjen. \u00c4r du orolig f\u00f6r leveranstiderna? Beh\u00f6ver du en present i sista minuten? Dina digitala filer kan laddas ner direkt efter k\u00f6pet. De digitala filerna \u00e4r f\u00f6rberedda f\u00f6r utskrift i 50x70cm, 18x24in, 20x30in eller 24x36in f\u00f6r att \u00e5terspegla barnets l\u00e4ngd exakt.<\/p>\r\n\r\n<h2 class=\"grenB f24 cblue\" style=\"margin-top: 3rem;\">Baby Personlig f\u00f6delsetavla i h\u00f6gkvalitativt tryckt<\/h2>\r\n<p style=\"margin-top: 1rem;\">Vi trycker v\u00e5ra posters i f\u00f6delsestorlek p\u00e5 h\u00f6gkvalitativt matt papper (190 g), s\u00e5 att de ser bra ut i m\u00e5nga \u00e5r fram\u00f6ver, oavsett var och hur de h\u00e4nger. N\u00e4r du skapar din babyaffisch online finns en omedelbar f\u00f6rhandsgranskning av slutresultatet tillg\u00e4nglig s\u00e5 att du kan se till att all information och storlek \u00e4r korrekt innan affischen skrivs ut och skickas. N\u00e4r din best\u00e4llning \u00e4r gjord online kommer din f\u00f6delseaffisch att skrivas ut och skickas med frakt inom fyra dagar. Bilden skrivs ut p\u00e5 affischen i perfekt skala 1:1 s\u00e5 att storleken p\u00e5 ditt barn visas korrekt.<\/p>\r\n\r\n<h2 class=\"grenB f24 cblue\" style=\"margin-top: 3rem;\">Anpassa din Personliga f\u00f6delsetavla<\/h2>\r\n<p style=\"margin-top: 1rem;\">Varje Personlig f\u00f6delsetavla g\u00f6rs p\u00e5 best\u00e4llning och anpassas med barnets namn och f\u00f6delseinformation, inklusive:<\/p>\r\n\r\n<ul>\r\n         <li style=\"font-weight: 400;\"><span style=\"font-weight: 400;\">F\u00f6delsedatum\/tidpunkt<\/span><\/li>\r\n         <li style=\"font-weight: 400;\"><span style=\"font-weight: 400;\">F\u00f6delsevikt (i pounds\/ounces eller kilogram)<\/span><\/li>\r\n         <li style=\"font-weight: 400;\"><span style=\"font-weight: 400;\">F\u00f6delseh\u00f6jd (i tum\/centimeter)<\/span><\/li>\r\n<\/ul>","protected":false},"excerpt":{"rendered":"<ul class=\"check-list\">\n<li>Bevara v\u00e4rdefulla minnen med v\u00e5r &#8220;Baby Sketch-konst&#8221; &#8211; en unik g\u00e5va som nya f\u00f6r\u00e4ldrar kommer att uppskatta f\u00f6r alltid<\/li>\n<li>Minns f\u00f6delsedetaljer som namn, f\u00f6delsedatum, l\u00e4ngd och vikt<\/li>\n<li>V\u00e4lj mellan 7 illustrationer och skala dem 1:1 till barnets l\u00e4ngd vid f\u00f6dseln<\/li>\n<li>Se resultatet direkt \u2013 den interaktiva f\u00f6rhandsvisningen l\u00e5ter dig finjustera varje detalj<\/li>\n<\/ul>\n","protected":false},"featured_media":1528081,"template":"","meta":[],"product_brand":[],"product_cat":[9031,8147,8143,8115,8117,11221,11222,7598,7822],"product_tag":[9473,8458,9493],"class_list":{"0":"post-361140","1":"product","2":"type-product","3":"status-publish","4":"has-post-thumbnail","6":"product_cat-digitala-produkter","7":"product_cat-creators-sv","8":"product_cat-infant-sv","9":"product_cat-gavor-till-nyfodda-barn-presenttillfallen","10":"product_cat-fodelsedagspresenter-presenttillfallen","11":"product_cat-fodelsedagspresenter-till-henne","12":"product_cat-fodelsedagspresenter-till-honom","13":"product_cat-gavor-till-dopet","14":"product_cat-gavor-till-nya-foraldrar","15":"product_tag-baby-affisch","16":"product_tag-new-parents-sv","17":"product_tag-nyfodd","19":"first","20":"instock","21":"sale","22":"taxable","23":"shipping-taxable","24":"purchasable","25":"product-type-variable"},"yoast_head":"<!-- This site is optimized with the Yoast SEO Premium plugin v27.2 (Yoast SEO v27.2) - https:\/\/yoast.com\/product\/yoast-seo-premium-wordpress\/ -->\n<title>Personlig f\u00f6delsetavla - Positive Prints<\/title>\n<meta name=\"description\" content=\"personlig f\u00f6delsetavla\" \/>\n<meta name=\"robots\" content=\"index, follow, max-snippet:-1, max-image-preview:large, max-video-preview:-1\" \/>\n<link rel=\"canonical\" href=\"https:\/\/positiveprints.com\/sv\/produkt\/personlig-fodelsetavla\/\" \/>\n<meta property=\"og:locale\" content=\"sv_SE\" \/>\n<meta property=\"og:type\" content=\"article\" \/>\n<meta property=\"og:title\" content=\"Personlig f\u00f6delsetavla\" \/>\n<meta property=\"og:description\" content=\"Bevara v\u00e4rdefulla minnen med v\u00e5r &quot;Baby Sketch-konst&quot; - en unik g\u00e5va som nya f\u00f6r\u00e4ldrar kommer att uppskatta f\u00f6r alltid  Minns f\u00f6delsedetaljer som namn, f\u00f6delsedatum, l\u00e4ngd och vikt  V\u00e4lj mellan 7 illustrationer och skala dem 1:1 till barnets l\u00e4ngd vid f\u00f6dseln  Se resultatet direkt \u2013 den interaktiva f\u00f6rhandsvisningen l\u00e5ter dig finjustera varje detalj\" \/>\n<meta property=\"og:url\" content=\"https:\/\/positiveprints.com\/sv\/produkt\/personlig-fodelsetavla\/\" \/>\n<meta property=\"og:site_name\" content=\"Positive Prints\" \/>\n<meta property=\"article:publisher\" content=\"https:\/\/www.facebook.com\/positiveprintscom\" \/>\n<meta property=\"article:modified_time\" content=\"2026-04-28T14:16:20+00:00\" \/>\n<meta property=\"og:image\" content=\"https:\/\/positiveprints.com\/wp-content\/uploads\/2022\/05\/birth-poster.jpg\" \/>\n\t<meta property=\"og:image:width\" content=\"1080\" \/>\n\t<meta property=\"og:image:height\" content=\"1080\" \/>\n\t<meta property=\"og:image:type\" content=\"image\/jpeg\" \/>\n<meta name=\"twitter:card\" content=\"summary_large_image\" \/>\n<!-- \/ Yoast SEO Premium plugin. -->","yoast_head_json":{"title":"Personlig f\u00f6delsetavla - Positive Prints","description":"personlig f\u00f6delsetavla","robots":{"index":"index","follow":"follow","max-snippet":"max-snippet:-1","max-image-preview":"max-image-preview:large","max-video-preview":"max-video-preview:-1"},"canonical":"https:\/\/positiveprints.com\/sv\/produkt\/personlig-fodelsetavla\/","og_locale":"sv_SE","og_type":"article","og_title":"Personlig f\u00f6delsetavla","og_description":"Bevara v\u00e4rdefulla minnen med v\u00e5r \"Baby Sketch-konst\" - en unik g\u00e5va som nya f\u00f6r\u00e4ldrar kommer att uppskatta f\u00f6r alltid  Minns f\u00f6delsedetaljer som namn, f\u00f6delsedatum, l\u00e4ngd och vikt  V\u00e4lj mellan 7 illustrationer och skala dem 1:1 till barnets l\u00e4ngd vid f\u00f6dseln  Se resultatet direkt \u2013 den interaktiva f\u00f6rhandsvisningen l\u00e5ter dig finjustera varje detalj","og_url":"https:\/\/positiveprints.com\/sv\/produkt\/personlig-fodelsetavla\/","og_site_name":"Positive Prints","article_publisher":"https:\/\/www.facebook.com\/positiveprintscom","article_modified_time":"2026-04-28T14:16:20+00:00","og_image":[{"width":1080,"height":1080,"url":"https:\/\/positiveprints.com\/wp-content\/uploads\/2022\/05\/birth-poster.jpg","type":"image\/jpeg"}],"twitter_card":"summary_large_image","schema":{"@context":"https:\/\/schema.org","@graph":[{"@type":["WebPage","ItemPage"],"@id":"https:\/\/positiveprints.com\/sv\/produkt\/personlig-fodelsetavla\/","url":"https:\/\/positiveprints.com\/sv\/produkt\/personlig-fodelsetavla\/","name":"Personlig f\u00f6delsetavla - Positive Prints","isPartOf":{"@id":"https:\/\/positiveprints.com\/sv\/#website"},"primaryImageOfPage":{"@id":"https:\/\/positiveprints.com\/sv\/produkt\/personlig-fodelsetavla\/#primaryimage"},"image":{"@id":"https:\/\/positiveprints.com\/sv\/produkt\/personlig-fodelsetavla\/#primaryimage"},"thumbnailUrl":"https:\/\/positiveprints.com\/wp-content\/uploads\/2025\/09\/Packshot_SE_Personlig-fo\u0308delsetavla.webp","datePublished":"2020-06-18T20:24:37+00:00","dateModified":"2026-04-28T14:16:20+00:00","description":"personlig f\u00f6delsetavla","breadcrumb":{"@id":"https:\/\/positiveprints.com\/sv\/produkt\/personlig-fodelsetavla\/#breadcrumb"},"inLanguage":"sv-SE","potentialAction":[{"@type":"ReadAction","target":["https:\/\/positiveprints.com\/sv\/produkt\/personlig-fodelsetavla\/"]}]},{"@type":"ImageObject","inLanguage":"sv-SE","@id":"https:\/\/positiveprints.com\/sv\/produkt\/personlig-fodelsetavla\/#primaryimage","url":"https:\/\/positiveprints.com\/wp-content\/uploads\/2025\/09\/Packshot_SE_Personlig-fo\u0308delsetavla.webp","contentUrl":"https:\/\/positiveprints.com\/wp-content\/uploads\/2025\/09\/Packshot_SE_Personlig-fo\u0308delsetavla.webp","width":1450,"height":1450},{"@type":"BreadcrumbList","@id":"https:\/\/positiveprints.com\/sv\/produkt\/personlig-fodelsetavla\/#breadcrumb","itemListElement":[{"@type":"ListItem","position":1,"name":"Home","item":"https:\/\/positiveprints.com\/sv\/"},{"@type":"ListItem","position":2,"name":"Produkter","item":"https:\/\/positiveprints.com\/sv\/shop\/"},{"@type":"ListItem","position":3,"name":"Personlig f\u00f6delsetavla"}]},{"@type":"WebSite","@id":"https:\/\/positiveprints.com\/sv\/#website","url":"https:\/\/positiveprints.com\/sv\/","name":"Positive Prints","description":"Amazing Custom Personalized Gifts","publisher":{"@id":"https:\/\/positiveprints.com\/sv\/#organization"},"potentialAction":[{"@type":"SearchAction","target":{"@type":"EntryPoint","urlTemplate":"https:\/\/positiveprints.com\/sv\/?s={search_term_string}"},"query-input":{"@type":"PropertyValueSpecification","valueRequired":true,"valueName":"search_term_string"}}],"inLanguage":"sv-SE"},{"@type":"Organization","@id":"https:\/\/positiveprints.com\/sv\/#organization","name":"Positive Prints","alternateName":"Positive Prints","url":"https:\/\/positiveprints.com\/sv\/","logo":{"@type":"ImageObject","inLanguage":"sv-SE","@id":"https:\/\/positiveprints.com\/sv\/#\/schema\/logo\/image\/","url":"https:\/\/positiveprints.com\/wp-content\/uploads\/2026\/03\/245815646_1337939713319158_5671353136411139666_n.png","contentUrl":"https:\/\/positiveprints.com\/wp-content\/uploads\/2026\/03\/245815646_1337939713319158_5671353136411139666_n.png","width":800,"height":800,"caption":"Positive Prints"},"image":{"@id":"https:\/\/positiveprints.com\/sv\/#\/schema\/logo\/image\/"},"sameAs":["https:\/\/www.facebook.com\/positiveprintscom","https:\/\/www.instagram.com\/positiveprintscom\/","https:\/\/www.tiktok.com\/@positiveprintscom","https:\/\/www.pinterest.com\/positiveprintscom\/"]}]}},"jetpack_sharing_enabled":true,"_links":{"self":[{"href":"https:\/\/positiveprints.com\/sv\/wp-json\/wp\/v2\/product\/361140","targetHints":{"allow":["GET"]}}],"collection":[{"href":"https:\/\/positiveprints.com\/sv\/wp-json\/wp\/v2\/product"}],"about":[{"href":"https:\/\/positiveprints.com\/sv\/wp-json\/wp\/v2\/types\/product"}],"wp:featuredmedia":[{"embeddable":true,"href":"https:\/\/positiveprints.com\/sv\/wp-json\/wp\/v2\/media\/1528081"}],"wp:attachment":[{"href":"https:\/\/positiveprints.com\/sv\/wp-json\/wp\/v2\/media?parent=361140"}],"wp:term":[{"taxonomy":"product_brand","embeddable":true,"href":"https:\/\/positiveprints.com\/sv\/wp-json\/wp\/v2\/product_brand?post=361140"},{"taxonomy":"product_cat","embeddable":true,"href":"https:\/\/positiveprints.com\/sv\/wp-json\/wp\/v2\/product_cat?post=361140"},{"taxonomy":"product_tag","embeddable":true,"href":"https:\/\/positiveprints.com\/sv\/wp-json\/wp\/v2\/product_tag?post=361140"}],"curies":[{"name":"wp","href":"https:\/\/api.w.org\/{rel}","templated":true}]}}