{"id":361019,"date":"2021-09-23T09:26:31","date_gmt":"2021-09-23T08:26:31","guid":{"rendered":"https:\/\/positiveprints.com\/?post_type=product&#038;p=361019"},"modified":"2026-04-18T07:47:50","modified_gmt":"2026-04-18T06:47:50","slug":"var-vi-mottes-koordinater","status":"publish","type":"product","link":"https:\/\/positiveprints.com\/sv\/produkt\/var-vi-mottes-koordinater\/","title":{"rendered":"Var vi m\u00f6ttes-koordinater"},"content":{"rendered":"<p>Platsen d\u00e4r du tr\u00e4ffade din eviga k\u00e4rlek kommer alltid att ha en speciell plats i ditt hj\u00e4rta. Dela det med v\u00e4rlden &#8211; eller bara med varandra &#8211; med en Var vi m\u00f6ttes-koordinater-present. Skapa din idag!<\/p>\r\n\r\n<h2 class=\"grenB f24 cblue\" style=\"margin-top: 3rem\">Vad \u00e4r Var vi m\u00f6ttes-koordinater?<\/h2>\r\n\r\n<p style=\"margin-top: 1rem\">Varje plats p\u00e5 planeten kan hittas med hj\u00e4lp av GPS-koordinater, inklusive den speciella plats d\u00e4r du tr\u00e4ffade ditt livs k\u00e4rlek. Var vi m\u00f6ttes-koordinaterna f\u00e5ngar den exakta platsen d\u00e4r magin b\u00f6rjade och f\u00f6rvandlar den till en anpassad v\u00e4ggbonad som du kan v\u00e5rda f\u00f6r livet. <\/p>\r\n\r\n<p style=\"margin-top: 1rem\">Positive Prints anv\u00e4nder mycket tillf\u00f6rlitliga GPS-koordinater f\u00f6r att lokalisera din speciella plats och f\u00f6rvandla den till konst. Om du skriver in samma koordinater p\u00e5 Google Maps eller en annan GPS kommer den att peka ut exakt den plats d\u00e4r dina minnen skapades. T\u00e4nk p\u00e5 det som en hemlig kod som g\u00f6mmer sig i det f\u00f6rdolda!<\/p>\r\n\r\n<h2 class=\"grenB f24 cblue\" style=\"margin-top: 3rem\">Var vi m\u00f6ttes-koordinater \u00e4r den perfekta presenten<\/h2>\r\n\r\n<p style=\"margin-top: 1rem\">Var vi m\u00f6ttes-koordinater \u00e4r en idealisk g\u00e5va f\u00f6r \u00e5rsdagar, br\u00f6llop, f\u00f6rlovningar och andra speciella tillf\u00e4llen. Det \u00e4r en idealisk g\u00e5va f\u00f6r alla som vill imponera p\u00e5 sin \u00e4lskade och \u00f6verraska dem med n\u00e5got som de s\u00e4kert inte redan har. Dessutom, eftersom varje tryck \u00e4r helt anpassat, g\u00f6rs det speciellt f\u00f6r varje person. Det \u00e4r en g\u00e5va som verkligen kommer att h\u00e5lla hela livet!<br><br>Varje <a href=\"https:\/\/positiveprints.com\/sv\/produkt\/personlig-tavla-med-koordinater\/\">koordinatg\u00e5va<\/a> \u00e4r:<\/p>\r\n\r\n<ul>\r\n<li>Unik och one-of-a-kind<\/li>\r\n<li>Personlig f\u00f6r varje person och varje tillf\u00e4lle<\/li>\r\n<li>En omedelbar favorit som kommer att \u00e4lskas f\u00f6r alltid<\/li>\r\n<li>En total \u00f6verraskning!<\/li>\r\n<\/ul>\r\n\r\n\r\n<h2 class=\"grenB f24 cblue\" style=\"margin-top: 3rem\">S\u00e5 h\u00e4r skapar du en koordinater f\u00f6r Var vi m\u00f6ttes-koordinater-present<\/h2>\r\n\r\n<p style=\"margin-top: 1rem\">P\u00e5 Positive Prints g\u00f6r vi det enkelt att f\u00f6rvandla ett k\u00e4rt minne till ett konstverk. V\u00e5r Var vi m\u00f6ttes-koordinaterkonstskapare g\u00f6r det mesta av arbetet \u00e5t dig. Med varje \u00e4ndring du g\u00f6r kan du se hur ditt tryck uppdateras i realtid och veta exakt hur det kommer att se ut n\u00e4r det skrivs ut. S\u00e5 h\u00e4r g\u00f6r du f\u00f6r att komma ig\u00e5ng:<\/p>\r\n\r\n<h3 class=\"grenB f18 cblue\" style=\"margin-top: 3rem\">Steg 1: V\u00e4lj din design<\/h3>\r\n\r\n<p style=\"margin-top: 1rem\">V\u00e5ra konstn\u00e4rer har f\u00f6rdesignat flera f\u00e4rgscheman som du fritt kan anv\u00e4nda. Du kan ocks\u00e5 skr\u00e4ddarsy ditt eget f\u00e4rgschema f\u00f6r att matcha din heminredning eller dina personliga preferenser. <\/p>\r\n\r\n<h3 class=\"grenB f18 cblue\" style=\"margin-top: 3rem\">Steg 2: Ange dina uppgifter<\/h3>\r\n\r\n<p style=\"margin-top: 1rem\">Vad ska det st\u00e5 p\u00e5 din affisch med Var vi m\u00f6ttes-koordinater? Det \u00e4r du som best\u00e4mmer &#8211; v\u00e4lj en plats och l\u00e4gg till upp till tv\u00e5 rader anpassad text f\u00f6r att g\u00f6ra ditt tryck riktigt speciellt. Vi g\u00f6r den sv\u00e5ra delen genom att anpassa och dimensionera texten \u00e5t dig. Du f\u00e5r den roliga delen genom att anpassa ditt affischuttryck s\u00e5 att det betyder n\u00e5got f\u00f6r din \u00e4lskade!<\/p>\r\n\r\n<h3 class=\"grenB f18 cblue\" style=\"margin-top: 3rem\">Steg 3: V\u00e4lj ditt format<\/h3>\r\n\r\n<p style=\"margin-top: 1rem\">Positive Prints erbjuder f\u00f6r n\u00e4rvarande Var vi m\u00f6ttes-koordinater som en tryckt eller inramad affisch, samt som en digital nedladdning. Du kan ocks\u00e5 v\u00e4lja att f\u00e5 dina koordinater p\u00e5 duk. V\u00e4lj en av flera vanliga storlekar f\u00f6r enkel inramning och visning i ditt hem!<\/p>\r\n\r\n<h2 class=\"grenB f24 cblue\" style=\"margin-top: 3rem\">F\u00f6rvandla ditt favoritminne till Var vi m\u00f6ttes-koordinater-tryck!<\/h2>\r\n\r\n<p style=\"margin-top: 1rem\">Platsen d\u00e4r du tr\u00e4ffade ditt livs k\u00e4rlek \u00e4r en av dina mest v\u00e4rdefulla platser p\u00e5 jorden. Fira den magiska platsen f\u00f6r evigt med ett tryck med Var vi m\u00f6ttes-koordinater.<\/p>","protected":false},"excerpt":{"rendered":"<ul class=\"check-list\">\n<li>Ange koordinaterna och f\u00f6reviga platsen d\u00e4r ni tr\u00e4ffades f\u00f6rsta g\u00e5ngen &#8211; med en unik personlig print<\/li>\n<li>Inkludera en meningsfull personlig text<\/li>\n<li>Anpassa i 3 enkla steg<\/li>\n<li>V\u00e4lj en mall eller var kreativ<\/li>\n<li>Se resultatet direkt \u2013 den interaktiva f\u00f6rhandsvisningen l\u00e5ter dig finjustera varje detalj<\/li>\n<\/ul>\n","protected":false},"featured_media":310180,"template":"","meta":[],"product_brand":[],"product_cat":[8188,8214,8114,11192,11190,11191,7934,8108,11470,11471,11469,11463,11477,11472,8014,7679,7647,7694,7790,7758,7806,8116,11251,11252],"product_tag":[14998,11758,11772,11835,11829,11832,11830],"class_list":{"0":"post-361019","1":"product","2":"type-product","3":"status-publish","4":"has-post-thumbnail","6":"product_cat-till-henne","7":"product_cat-till-honom","8":"product_cat-jubileumspresent-presenttillfallen","9":"product_cat-arsdagspresenter-till-par","10":"product_cat-arsdagspresenter-till-henne","11":"product_cat-arsdagspresenter-till-honom","12":"product_cat-gavor-till-brollopsdusch","13":"product_cat-julpresenter","14":"product_cat-julklappar-till-henne","15":"product_cat-julklappar-till-honom","16":"product_cat-julklappar-till-flickvannen","17":"product_cat-julklapp-till-pojkvan","18":"product_cat-julklappar-till-frun","19":"product_cat-julklappar-till-maken","20":"product_cat-gavor-for-man","21":"product_cat-gavor-till-pojkvannen","22":"product_cat-gavor-till-din-man","23":"product_cat-gavor-for-kvinnor","24":"product_cat-gavor-till-flickvannen","25":"product_cat-gavor-till-fru","26":"product_cat-gavor-for-par","27":"product_cat-gava-pa-alla-hjartans-dag","28":"product_cat-alla-hjartans-dag-presenter-for-henne","29":"product_cat-alla-hjartans-dag-presenter-for-honom","30":"product_tag-anniversary-sv","31":"product_tag-julklapp-till-pojkvan","32":"product_tag-julklappar-till-flickvannen","33":"product_tag-julklappar-till-frun","34":"product_tag-julklappar-till-henne","35":"product_tag-julklappar-till-maken","36":"product_tag-kerstcadeaus-for-honom","38":"first","39":"instock","40":"sale","41":"taxable","42":"shipping-taxable","43":"purchasable","44":"product-type-variable"},"yoast_head":"<!-- This site is optimized with the Yoast SEO Premium plugin v27.2 (Yoast SEO v27.2) - https:\/\/yoast.com\/product\/yoast-seo-premium-wordpress\/ -->\n<title>Var vi m\u00f6ttes-koordinater - Positive Prints<\/title>\n<meta name=\"description\" content=\"Var vi m\u00f6ttes-koordinaterna f\u00e5ngar den exakta platsen d\u00e4r magin b\u00f6rjade och f\u00f6rvandlar den till en anpassad v\u00e4ggbonad som du kan v\u00e5rda f\u00f6r livet.\" \/>\n<meta name=\"robots\" content=\"index, follow, max-snippet:-1, max-image-preview:large, max-video-preview:-1\" \/>\n<link rel=\"canonical\" href=\"https:\/\/positiveprints.com\/sv\/produkt\/var-vi-mottes-koordinater\/\" \/>\n<meta property=\"og:locale\" content=\"sv_SE\" \/>\n<meta property=\"og:type\" content=\"article\" \/>\n<meta property=\"og:title\" content=\"Var vi m\u00f6ttes-koordinater\" \/>\n<meta property=\"og:description\" content=\"Ange koordinaterna och f\u00f6reviga platsen d\u00e4r ni tr\u00e4ffades f\u00f6rsta g\u00e5ngen - med en unik personlig print Inkludera en meningsfull personlig text Anpassa i 3 enkla steg V\u00e4lj en mall eller var kreativ Se resultatet direkt \u2013 den interaktiva f\u00f6rhandsvisningen l\u00e5ter dig finjustera varje detalj\" \/>\n<meta property=\"og:url\" content=\"https:\/\/positiveprints.com\/sv\/produkt\/var-vi-mottes-koordinater\/\" \/>\n<meta property=\"og:site_name\" content=\"Positive Prints\" \/>\n<meta property=\"article:publisher\" content=\"https:\/\/www.facebook.com\/positiveprintscom\" \/>\n<meta property=\"article:modified_time\" content=\"2026-04-18T06:47:50+00:00\" \/>\n<meta property=\"og:image\" content=\"https:\/\/positiveprints.com\/wp-content\/uploads\/2021\/09\/coordinates-of-where-we-met-1.jpg\" \/>\n\t<meta property=\"og:image:width\" content=\"1080\" \/>\n\t<meta property=\"og:image:height\" content=\"1080\" \/>\n\t<meta property=\"og:image:type\" content=\"image\/jpeg\" \/>\n<meta name=\"twitter:card\" content=\"summary_large_image\" \/>\n<meta name=\"twitter:label1\" content=\"Ber\u00e4knad l\u00e4stid\" \/>\n\t<meta name=\"twitter:data1\" content=\"3 minut\" \/>\n<!-- \/ Yoast SEO Premium plugin. -->","yoast_head_json":{"title":"Var vi m\u00f6ttes-koordinater - Positive Prints","description":"Var vi m\u00f6ttes-koordinaterna f\u00e5ngar den exakta platsen d\u00e4r magin b\u00f6rjade och f\u00f6rvandlar den till en anpassad v\u00e4ggbonad som du kan v\u00e5rda f\u00f6r livet.","robots":{"index":"index","follow":"follow","max-snippet":"max-snippet:-1","max-image-preview":"max-image-preview:large","max-video-preview":"max-video-preview:-1"},"canonical":"https:\/\/positiveprints.com\/sv\/produkt\/var-vi-mottes-koordinater\/","og_locale":"sv_SE","og_type":"article","og_title":"Var vi m\u00f6ttes-koordinater","og_description":"Ange koordinaterna och f\u00f6reviga platsen d\u00e4r ni tr\u00e4ffades f\u00f6rsta g\u00e5ngen - med en unik personlig print Inkludera en meningsfull personlig text Anpassa i 3 enkla steg V\u00e4lj en mall eller var kreativ Se resultatet direkt \u2013 den interaktiva f\u00f6rhandsvisningen l\u00e5ter dig finjustera varje detalj","og_url":"https:\/\/positiveprints.com\/sv\/produkt\/var-vi-mottes-koordinater\/","og_site_name":"Positive Prints","article_publisher":"https:\/\/www.facebook.com\/positiveprintscom","article_modified_time":"2026-04-18T06:47:50+00:00","og_image":[{"width":1080,"height":1080,"url":"https:\/\/positiveprints.com\/wp-content\/uploads\/2021\/09\/coordinates-of-where-we-met-1.jpg","type":"image\/jpeg"}],"twitter_card":"summary_large_image","twitter_misc":{"Ber\u00e4knad l\u00e4stid":"3 minut"},"schema":{"@context":"https:\/\/schema.org","@graph":[{"@type":["WebPage","ItemPage"],"@id":"https:\/\/positiveprints.com\/sv\/produkt\/var-vi-mottes-koordinater\/","url":"https:\/\/positiveprints.com\/sv\/produkt\/var-vi-mottes-koordinater\/","name":"Var vi m\u00f6ttes-koordinater - Positive Prints","isPartOf":{"@id":"https:\/\/positiveprints.com\/sv\/#website"},"primaryImageOfPage":{"@id":"https:\/\/positiveprints.com\/sv\/produkt\/var-vi-mottes-koordinater\/#primaryimage"},"image":{"@id":"https:\/\/positiveprints.com\/sv\/produkt\/var-vi-mottes-koordinater\/#primaryimage"},"thumbnailUrl":"https:\/\/positiveprints.com\/wp-content\/uploads\/2021\/09\/coordinates-of-where-we-met-1.jpg","datePublished":"2021-09-23T08:26:31+00:00","dateModified":"2026-04-18T06:47:50+00:00","description":"Var vi m\u00f6ttes-koordinaterna f\u00e5ngar den exakta platsen d\u00e4r magin b\u00f6rjade och f\u00f6rvandlar den till en anpassad v\u00e4ggbonad som du kan v\u00e5rda f\u00f6r livet.","breadcrumb":{"@id":"https:\/\/positiveprints.com\/sv\/produkt\/var-vi-mottes-koordinater\/#breadcrumb"},"inLanguage":"sv-SE","potentialAction":[{"@type":"ReadAction","target":["https:\/\/positiveprints.com\/sv\/produkt\/var-vi-mottes-koordinater\/"]}]},{"@type":"ImageObject","inLanguage":"sv-SE","@id":"https:\/\/positiveprints.com\/sv\/produkt\/var-vi-mottes-koordinater\/#primaryimage","url":"https:\/\/positiveprints.com\/wp-content\/uploads\/2021\/09\/coordinates-of-where-we-met-1.jpg","contentUrl":"https:\/\/positiveprints.com\/wp-content\/uploads\/2021\/09\/coordinates-of-where-we-met-1.jpg","width":1080,"height":1080,"caption":"Our Where We Met coordinates print makes an ideal gift for anniversaries, weddings, engagements, and other special occasions."},{"@type":"BreadcrumbList","@id":"https:\/\/positiveprints.com\/sv\/produkt\/var-vi-mottes-koordinater\/#breadcrumb","itemListElement":[{"@type":"ListItem","position":1,"name":"Home","item":"https:\/\/positiveprints.com\/sv\/"},{"@type":"ListItem","position":2,"name":"Produkter","item":"https:\/\/positiveprints.com\/sv\/shop\/"},{"@type":"ListItem","position":3,"name":"Var vi m\u00f6ttes-koordinater"}]},{"@type":"WebSite","@id":"https:\/\/positiveprints.com\/sv\/#website","url":"https:\/\/positiveprints.com\/sv\/","name":"Positive Prints","description":"Amazing Custom Personalized Gifts","publisher":{"@id":"https:\/\/positiveprints.com\/sv\/#organization"},"potentialAction":[{"@type":"SearchAction","target":{"@type":"EntryPoint","urlTemplate":"https:\/\/positiveprints.com\/sv\/?s={search_term_string}"},"query-input":{"@type":"PropertyValueSpecification","valueRequired":true,"valueName":"search_term_string"}}],"inLanguage":"sv-SE"},{"@type":"Organization","@id":"https:\/\/positiveprints.com\/sv\/#organization","name":"Positive Prints","alternateName":"Positive Prints","url":"https:\/\/positiveprints.com\/sv\/","logo":{"@type":"ImageObject","inLanguage":"sv-SE","@id":"https:\/\/positiveprints.com\/sv\/#\/schema\/logo\/image\/","url":"https:\/\/positiveprints.com\/wp-content\/uploads\/2026\/03\/245815646_1337939713319158_5671353136411139666_n.png","contentUrl":"https:\/\/positiveprints.com\/wp-content\/uploads\/2026\/03\/245815646_1337939713319158_5671353136411139666_n.png","width":800,"height":800,"caption":"Positive Prints"},"image":{"@id":"https:\/\/positiveprints.com\/sv\/#\/schema\/logo\/image\/"},"sameAs":["https:\/\/www.facebook.com\/positiveprintscom","https:\/\/www.instagram.com\/positiveprintscom\/","https:\/\/www.tiktok.com\/@positiveprintscom","https:\/\/www.pinterest.com\/positiveprintscom\/"]}]}},"jetpack_sharing_enabled":true,"_links":{"self":[{"href":"https:\/\/positiveprints.com\/sv\/wp-json\/wp\/v2\/product\/361019","targetHints":{"allow":["GET"]}}],"collection":[{"href":"https:\/\/positiveprints.com\/sv\/wp-json\/wp\/v2\/product"}],"about":[{"href":"https:\/\/positiveprints.com\/sv\/wp-json\/wp\/v2\/types\/product"}],"wp:featuredmedia":[{"embeddable":true,"href":"https:\/\/positiveprints.com\/sv\/wp-json\/wp\/v2\/media\/310180"}],"wp:attachment":[{"href":"https:\/\/positiveprints.com\/sv\/wp-json\/wp\/v2\/media?parent=361019"}],"wp:term":[{"taxonomy":"product_brand","embeddable":true,"href":"https:\/\/positiveprints.com\/sv\/wp-json\/wp\/v2\/product_brand?post=361019"},{"taxonomy":"product_cat","embeddable":true,"href":"https:\/\/positiveprints.com\/sv\/wp-json\/wp\/v2\/product_cat?post=361019"},{"taxonomy":"product_tag","embeddable":true,"href":"https:\/\/positiveprints.com\/sv\/wp-json\/wp\/v2\/product_tag?post=361019"}],"curies":[{"name":"wp","href":"https:\/\/api.w.org\/{rel}","templated":true}]}}