{"id":360879,"date":"2021-07-22T16:35:42","date_gmt":"2021-07-22T15:35:42","guid":{"rendered":"https:\/\/positiveprints.com\/?post_type=product&#038;p=360879"},"modified":"2026-04-18T08:37:05","modified_gmt":"2026-04-18T07:37:05","slug":"personlig-tavla-med-koordinater","status":"publish","type":"product","link":"https:\/\/positiveprints.com\/sv\/produkt\/personlig-tavla-med-koordinater\/","title":{"rendered":"Personlig tavla med koordinater"},"content":{"rendered":"<p>F\u00f6r de platser som betyder mest f\u00f6r dig \u00e4r Personlig tavla med koordinater ett vackert s\u00e4tt att hylla och g\u00f6ra dina minnen till fina minnen. Skapa din egen nu. <\/p>\r\n\r\n<h2 class=\"grenB f24 cblue\" style=\"margin-top: 3rem\">F\u00f6rvandla dina minnen till Personlig tavla med koordinater<\/h2>\r\n\r\n<p style=\"margin-top: 1rem\">Oavsett var livets b\u00e4sta \u00f6gonblick \u00e4gde rum kan du bevara dem i ditt hj\u00e4rta f\u00f6r alltid med rolig, kreativ Personlig tavla med koordinater. <\/p>\r\n\r\n<h2 class=\"grenB f24 cblue\" style=\"margin-top: 3rem\">Vad \u00e4r ett Personlig tavla med koordinater?<\/h2>\r\n\r\n<p style=\"margin-top: 1rem\">Varje kvadratcentimeter p\u00e5 den h\u00e4r stora, vackra planeten har en upps\u00e4ttning koordinater som anger dess exakta l\u00e4ge. Dessa koordinater \u00e4r siffror som representerar <a href=\"https:\/\/www.nationalgeographic.org\/activity\/introduction-latitude-longitude\/\">latitud och longitud<\/a>. De \u00e4r desamma p\u00e5 alla spr\u00e5k och \u00e4ndras aldrig. S\u00e5 oavsett var du kommer ifr\u00e5n eller vart du \u00e4r p\u00e5 v\u00e4g, kommer koordinaterna till dina mest minnesv\u00e4rda platser alltid att vara desamma. <\/p>\r\n\r\n<p style=\"margin-top: 1rem\">Personlig tavla med koordinater tar koordinaterna till dina favoritplatser och f\u00f6rvandlar dem till ett visuellt konstn\u00e4rligt v\u00e4ggtryck. V\u00e5ra utskrifter \u00e4r skr\u00e4ddarsydda p\u00e5 best\u00e4llning. De \u00e4r verkligen unika eftersom de \u00e5terspeglar koordinaterna till platser som \u00e4r viktiga f\u00f6r dig. Varje utskrift l\u00e4mpar sig f\u00f6r inramning och \u00e4r tryckt p\u00e5 papper av h\u00f6gsta kvalitet. Det kommer att beh\u00e5lla sin f\u00e4rg och se vackert ut i m\u00e5nga \u00e5r fram\u00f6ver.<\/p>\r\n\r\n<p style=\"margin-top: 1rem\">De koordinataffischerna \u00e4r det perfekta till\u00e4gget till vardagsrum, sovrum, kontor, familjerum eller andra st\u00e4llen som f\u00f6rtj\u00e4nar en f\u00e4rgklick. Varje g\u00e5ng du tittar p\u00e5 din affisch kan du t\u00e4nka tillbaka p\u00e5 vad som g\u00f6r koordinaterna s\u00e5 betydelsefulla fr\u00e5n b\u00f6rjan.<\/p>\r\n\r\n<h2 class=\"grenB f24 cblue\" style=\"margin-top: 3rem\">Vad \u00e4r det som \u00e4r s\u00e5 speciellt med Personlig tavla med koordinater?<\/h2>\r\n\r\n<p style=\"margin-top: 1rem\">Varje v\u00e4gg b\u00f6rjar som en tom duk som v\u00e4ntar p\u00e5 att du ska ge den en mening. F\u00f6r vissa m\u00e4nniskor inneb\u00e4r detta att l\u00e4gga till massproducerade tryck som du kan hitta i vilken heminredningsbutik som helst. Men f\u00f6r dem som vill l\u00e4gga till en personlig touch till sitt vardagsrum vill de ha v\u00e4ggkonst som betyder n\u00e5got speciellt f\u00f6r dem, n\u00e5got som \u00e4r s\u00e5 unikt att det inte finns n\u00e5gra andra utskrifter som \u00e4r helt likadana. <\/p>\r\n\r\n<p style=\"margin-top: 1rem\">Det \u00e4r magin i Personlig tavla med koordinater. Varje tryck \u00e4r skapat av personer som du som uppskattar rolig, kreativ och distinkt konst, men som inte vill ha tid och arbete med att skapa den sj\u00e4lv. V\u00e5ra l\u00e4ttanv\u00e4nda verktyg f\u00f6r v\u00e4ggkonst s\u00e4tter dig i rollen som designer n\u00e4r du f\u00f6ljer varje steg f\u00f6r att skapa din bild. <\/p>\r\n\r\n<p style=\"margin-top: 1rem\">Resultatet ser ut som om det tog timmar att unders\u00f6ka koordinaterna och utforma trycket. Men i verkligheten tar processen bara n\u00e5gra minuter och \u00e4r lika vacker som den \u00e4r unik.<\/p>\r\n\r\n<p style=\"margin-top: 1rem\">Vi hittar koordinaterna till din br\u00f6llopsplats, ditt f\u00f6rsta hem, ditt f\u00f6rsta jobb, ditt universitet, ditt barndomshem eller n\u00e5gon annanstans som har en speciell betydelse f\u00f6r dig. F\u00f6rvandla dina koordinater till v\u00e4ggkonst f\u00f6r att f\u00e5nga dina mest v\u00e4rdefulla \u00f6gonblick och f\u00f6rvandla dem till minnen som varar livet ut.<\/p>\r\n\r\n<h2 class=\"grenB f24 cblue\" style=\"margin-top: 3rem\">G\u00f6r vacker Personlig tavla med koordinater som g\u00e5va<\/h2>\r\n\r\n<p style=\"margin-top: 1rem\">GPersonlig tavla med koordinater som g\u00e5va blir ett popul\u00e4rt alternativ f\u00f6r dem som \u00e4lskar att ge kreativa, ov\u00e4ntade \u00f6verraskningar. Det \u00e4r vad g\u00e5vor handlar om &#8211; att ge n\u00e5gon n\u00e5got som de kommer att \u00e4lska och uppskatta, men som de inte redan har och kanske aldrig skulle k\u00f6pa till sig sj\u00e4lva!<br><br> V\u00e5ra vackra g\u00e5vor med gps-koordinater \u00e4r perfekta f\u00f6r alla:<\/p>\r\n<ul>\r\n<li>Unik och kreativ<\/li>\r\n<li>En unik produkt<\/li>\r\n<li>Personligt anpassat till mottagaren<\/li>\r\n<li>Helt ov\u00e4ntat<\/li>\r\n<li>F\u00f6rm\u00e5gan att \u00f6verraska och gl\u00e4djat<\/li>\r\n<\/ul>\r\n\r\n<p style=\"margin-top: 1rem\">Att ge en Personlig tavla med koordinater \u00e4r inte som att g\u00e5 in i en butik och v\u00e4lja n\u00e5got fr\u00e5n hyllorna. Det kr\u00e4vs en st\u00f6rre grad av eftertanke och uppm\u00e4rksamhet p\u00e5 detaljer, och dessa saker kommer inte att g\u00e5 obem\u00e4rkt f\u00f6rbi. Din mottagare kommer att \u00e4lska att du tog extra tid och anstr\u00e4ngning f\u00f6r att skapa n\u00e5got bara f\u00f6r dem. <\/p>\r\n\r\n<p style=\"margin-top: 1rem\">En anpassad Personlig tavla med koordinater \u00e4r den perfekta personliga g\u00e5van f\u00f6r alla mottagare vid alla tillf\u00e4llen, inklusive \u00e5rsdagar, br\u00f6llop, f\u00f6rlovningar, f\u00f6delsedagar, helgdagar, examina, nya jobb, nya hem, pensioneringar och alla livets stora milstolpar. Alla som har rest mycket eller har en speciell koppling till en viss plats kommer att \u00e4lska att f\u00e5 sina minnen fr\u00e5n den platsen presenterade p\u00e5 ett roligt och konstn\u00e4rligt s\u00e4tt. <\/p>\r\n\r\n<p style=\"margin-top: 1rem\">Var och en av v\u00e5ra Personliga tavlor med koordinater \u00e4r tryckt p\u00e5 papper av h\u00f6gsta kvalitet som f\u00f6rst\u00e4rker f\u00e4rgerna och motst\u00e5r blekning. Utskrifterna levereras f\u00e4rdiga f\u00f6r inramning s\u00e5 att du kan ge din \u00e4lskade person hela paketet. Eller, f\u00f6r g\u00e5vor i sista minuten, kan du v\u00e4lja v\u00e5rt digitala nedladdningsalternativ. Ditt tryck kommer att vara klart inom n\u00e5gra minuter och skickas till dig som en digital fil som du kan ta med dig till ditt lokala tryckeri f\u00f6r snabb utskrift och omedelbar g\u00e5va.<\/p>\r\n\r\n<h2 class=\"grenB f24 cblue\" style=\"margin-top: 3rem\">Hur skapar du din Personliga tavla med koordinater?<\/h2>\r\n\r\n<p style=\"margin-top: 1rem\">P\u00e5 <a href=\"https:\/\/positiveprints.com\/sv\/\">Positive Prints<\/a> anser vi att alla ska ha vacker konst inom r\u00e4ckh\u00e5ll. D\u00e4rf\u00f6r har vi utformat v\u00e5r process s\u00e5 att den ska vara s\u00e5 anv\u00e4ndarv\u00e4nlig som m\u00f6jligt &#8211; skapa Personliga tavlor med koordinater i bara tre snabba steg!<\/p>\r\n\r\n<p style=\"margin-top: 1rem\">Du v\u00e4ljer din plats och v\u00e5r teknik kommer att arbeta f\u00f6r att hitta de exakta koordinaterna f\u00f6r din favoritplats. Du f\u00e5r ocks\u00e5 v\u00e4lja mellan ett antal f\u00f6rdefinierade f\u00e4rgscheman eller anpassa dina egna. L\u00e4gg till egna rader av text f\u00f6r att dela med dig av vad som g\u00f6r din plats viktig. Kom ih\u00e5g att din konst kan ber\u00e4tta din historia p\u00e5 det s\u00e4tt du vill!<\/p>\r\n\r\n<p style=\"margin-top: 1rem\">N\u00e4r du g\u00f6r \u00e4ndringar i v\u00e5r trestegsprocess ser du uppdateringar i realtid av hur din konst kommer att se ut. V\u00e5ra affischer finns i flera standardstorlekar f\u00f6r enkel inramning.<\/p>\r\n\r\n<p style=\"margin-top: 1rem\">N\u00e4r du \u00e4r n\u00f6jd med designen kan du v\u00e4lja att skicka ditt professionellt skapade tryck till dig (vi erbjuder frakt \u00f6ver hela v\u00e4rlden!). Du kan ocks\u00e5 f\u00e5 ditt tryck digitalt levererat till din e-postinkorg.<\/p>\r\n\r\n<h2 class=\"grenB f24 cblue\" style=\"margin-top: 3rem\">G\u00f6r personliga koordinater f\u00f6r utskrift: B\u00f6rja h\u00e4r<\/h2>\r\n\r\n<p style=\"margin-top: 1rem\">Oavsett om du vill dekorera ditt hem med en konstn\u00e4rlig skildring av din livshistoria eller om du vill skapa en h\u00e4rlig men ov\u00e4ntad jubileumspresent eller f\u00f6delsedagspresent till n\u00e5gon i ditt liv, \u00e4r v\u00e5ra Personliga tavlor med koordinater ett utm\u00e4rkt val. <\/p>\r\n\r\n<p style=\"margin-top: 1rem\">\u00c4r du redo att f\u00f6rvandla din speciella destination till ett konstverk? Kom ig\u00e5ng med v\u00e5rt verktyg i tre steg. Skapa din koordinatkonst idag! <\/p>","protected":false},"excerpt":{"rendered":"<ul class=\"check-list\">\n<li>Skapa unik v\u00e4ggkonst med GPS-koordinater f\u00f6r en speciell plats<\/li>\n<li>Inkludera en meningsfull personlig text<\/li>\n<li>Anpassa i 3 enkla steg<\/li>\n<li>V\u00e4lj en mall eller var kreativ<\/li>\n<li>Se resultatet direkt \u2013 den interaktiva f\u00f6rhandsvisningen l\u00e5ter dig finjustera varje detalj<\/li>\n<\/ul>\n","protected":false},"featured_media":1477868,"template":"","meta":[],"product_brand":[],"product_cat":[9031,8147],"product_tag":[8397],"class_list":{"0":"post-360879","1":"product","2":"type-product","3":"status-publish","4":"has-post-thumbnail","6":"product_cat-digitala-produkter","7":"product_cat-creators-sv","8":"product_tag-creators-sv","10":"first","11":"instock","12":"sale","13":"taxable","14":"shipping-taxable","15":"purchasable","16":"product-type-variable"},"yoast_head":"<!-- This site is optimized with the Yoast SEO Premium plugin v27.2 (Yoast SEO v27.2) - https:\/\/yoast.com\/product\/yoast-seo-premium-wordpress\/ -->\n<title>Personlig tavla med koordinater - Positive Prints<\/title>\n<meta name=\"description\" content=\"Personlig tavla med koordinater\" \/>\n<meta name=\"robots\" content=\"index, follow, max-snippet:-1, max-image-preview:large, max-video-preview:-1\" \/>\n<link rel=\"canonical\" href=\"https:\/\/positiveprints.com\/sv\/produkt\/personlig-tavla-med-koordinater\/\" \/>\n<meta property=\"og:locale\" content=\"sv_SE\" \/>\n<meta property=\"og:type\" content=\"article\" \/>\n<meta property=\"og:title\" content=\"Personlig tavla med koordinater\" \/>\n<meta property=\"og:description\" content=\"Skapa unik v\u00e4ggkonst med GPS-koordinater f\u00f6r en speciell plats Inkludera en meningsfull personlig text Anpassa i 3 enkla steg V\u00e4lj en mall eller var kreativ Se resultatet direkt \u2013 den interaktiva f\u00f6rhandsvisningen l\u00e5ter dig finjustera varje detalj\" \/>\n<meta property=\"og:url\" content=\"https:\/\/positiveprints.com\/sv\/produkt\/personlig-tavla-med-koordinater\/\" \/>\n<meta property=\"og:site_name\" content=\"Positive Prints\" \/>\n<meta property=\"article:publisher\" content=\"https:\/\/www.facebook.com\/positiveprintscom\" \/>\n<meta property=\"article:modified_time\" content=\"2026-04-18T07:37:05+00:00\" \/>\n<meta property=\"og:image\" content=\"https:\/\/positiveprints.com\/wp-content\/uploads\/2021\/07\/coordinates-gift-1.jpg\" \/>\n\t<meta property=\"og:image:width\" content=\"1080\" \/>\n\t<meta property=\"og:image:height\" content=\"1080\" \/>\n\t<meta property=\"og:image:type\" content=\"image\/jpeg\" \/>\n<meta name=\"twitter:card\" content=\"summary_large_image\" \/>\n<meta name=\"twitter:label1\" content=\"Ber\u00e4knad l\u00e4stid\" \/>\n\t<meta name=\"twitter:data1\" content=\"5 minut\" \/>\n<!-- \/ Yoast SEO Premium plugin. -->","yoast_head_json":{"title":"Personlig tavla med koordinater - Positive Prints","description":"Personlig tavla med koordinater","robots":{"index":"index","follow":"follow","max-snippet":"max-snippet:-1","max-image-preview":"max-image-preview:large","max-video-preview":"max-video-preview:-1"},"canonical":"https:\/\/positiveprints.com\/sv\/produkt\/personlig-tavla-med-koordinater\/","og_locale":"sv_SE","og_type":"article","og_title":"Personlig tavla med koordinater","og_description":"Skapa unik v\u00e4ggkonst med GPS-koordinater f\u00f6r en speciell plats Inkludera en meningsfull personlig text Anpassa i 3 enkla steg V\u00e4lj en mall eller var kreativ Se resultatet direkt \u2013 den interaktiva f\u00f6rhandsvisningen l\u00e5ter dig finjustera varje detalj","og_url":"https:\/\/positiveprints.com\/sv\/produkt\/personlig-tavla-med-koordinater\/","og_site_name":"Positive Prints","article_publisher":"https:\/\/www.facebook.com\/positiveprintscom","article_modified_time":"2026-04-18T07:37:05+00:00","og_image":[{"width":1080,"height":1080,"url":"https:\/\/positiveprints.com\/wp-content\/uploads\/2021\/07\/coordinates-gift-1.jpg","type":"image\/jpeg"}],"twitter_card":"summary_large_image","twitter_misc":{"Ber\u00e4knad l\u00e4stid":"5 minut"},"schema":{"@context":"https:\/\/schema.org","@graph":[{"@type":["WebPage","ItemPage"],"@id":"https:\/\/positiveprints.com\/sv\/produkt\/personlig-tavla-med-koordinater\/","url":"https:\/\/positiveprints.com\/sv\/produkt\/personlig-tavla-med-koordinater\/","name":"Personlig tavla med koordinater - Positive Prints","isPartOf":{"@id":"https:\/\/positiveprints.com\/sv\/#website"},"primaryImageOfPage":{"@id":"https:\/\/positiveprints.com\/sv\/produkt\/personlig-tavla-med-koordinater\/#primaryimage"},"image":{"@id":"https:\/\/positiveprints.com\/sv\/produkt\/personlig-tavla-med-koordinater\/#primaryimage"},"thumbnailUrl":"https:\/\/positiveprints.com\/wp-content\/uploads\/2025\/07\/Packshot_SE_Personlig-tavla-med-koordinater.webp","datePublished":"2021-07-22T15:35:42+00:00","dateModified":"2026-04-18T07:37:05+00:00","description":"Personlig tavla med koordinater","breadcrumb":{"@id":"https:\/\/positiveprints.com\/sv\/produkt\/personlig-tavla-med-koordinater\/#breadcrumb"},"inLanguage":"sv-SE","potentialAction":[{"@type":"ReadAction","target":["https:\/\/positiveprints.com\/sv\/produkt\/personlig-tavla-med-koordinater\/"]}]},{"@type":"ImageObject","inLanguage":"sv-SE","@id":"https:\/\/positiveprints.com\/sv\/produkt\/personlig-tavla-med-koordinater\/#primaryimage","url":"https:\/\/positiveprints.com\/wp-content\/uploads\/2025\/07\/Packshot_SE_Personlig-tavla-med-koordinater.webp","contentUrl":"https:\/\/positiveprints.com\/wp-content\/uploads\/2025\/07\/Packshot_SE_Personlig-tavla-med-koordinater.webp","width":1450,"height":1450},{"@type":"BreadcrumbList","@id":"https:\/\/positiveprints.com\/sv\/produkt\/personlig-tavla-med-koordinater\/#breadcrumb","itemListElement":[{"@type":"ListItem","position":1,"name":"Home","item":"https:\/\/positiveprints.com\/sv\/"},{"@type":"ListItem","position":2,"name":"Produkter","item":"https:\/\/positiveprints.com\/sv\/shop\/"},{"@type":"ListItem","position":3,"name":"Personlig tavla med koordinater"}]},{"@type":"WebSite","@id":"https:\/\/positiveprints.com\/sv\/#website","url":"https:\/\/positiveprints.com\/sv\/","name":"Positive Prints","description":"Amazing Custom Personalized Gifts","publisher":{"@id":"https:\/\/positiveprints.com\/sv\/#organization"},"potentialAction":[{"@type":"SearchAction","target":{"@type":"EntryPoint","urlTemplate":"https:\/\/positiveprints.com\/sv\/?s={search_term_string}"},"query-input":{"@type":"PropertyValueSpecification","valueRequired":true,"valueName":"search_term_string"}}],"inLanguage":"sv-SE"},{"@type":"Organization","@id":"https:\/\/positiveprints.com\/sv\/#organization","name":"Positive Prints","alternateName":"Positive Prints","url":"https:\/\/positiveprints.com\/sv\/","logo":{"@type":"ImageObject","inLanguage":"sv-SE","@id":"https:\/\/positiveprints.com\/sv\/#\/schema\/logo\/image\/","url":"https:\/\/positiveprints.com\/wp-content\/uploads\/2026\/03\/245815646_1337939713319158_5671353136411139666_n.png","contentUrl":"https:\/\/positiveprints.com\/wp-content\/uploads\/2026\/03\/245815646_1337939713319158_5671353136411139666_n.png","width":800,"height":800,"caption":"Positive Prints"},"image":{"@id":"https:\/\/positiveprints.com\/sv\/#\/schema\/logo\/image\/"},"sameAs":["https:\/\/www.facebook.com\/positiveprintscom","https:\/\/www.instagram.com\/positiveprintscom\/","https:\/\/www.tiktok.com\/@positiveprintscom","https:\/\/www.pinterest.com\/positiveprintscom\/"]}]}},"jetpack_sharing_enabled":true,"_links":{"self":[{"href":"https:\/\/positiveprints.com\/sv\/wp-json\/wp\/v2\/product\/360879","targetHints":{"allow":["GET"]}}],"collection":[{"href":"https:\/\/positiveprints.com\/sv\/wp-json\/wp\/v2\/product"}],"about":[{"href":"https:\/\/positiveprints.com\/sv\/wp-json\/wp\/v2\/types\/product"}],"wp:featuredmedia":[{"embeddable":true,"href":"https:\/\/positiveprints.com\/sv\/wp-json\/wp\/v2\/media\/1477868"}],"wp:attachment":[{"href":"https:\/\/positiveprints.com\/sv\/wp-json\/wp\/v2\/media?parent=360879"}],"wp:term":[{"taxonomy":"product_brand","embeddable":true,"href":"https:\/\/positiveprints.com\/sv\/wp-json\/wp\/v2\/product_brand?post=360879"},{"taxonomy":"product_cat","embeddable":true,"href":"https:\/\/positiveprints.com\/sv\/wp-json\/wp\/v2\/product_cat?post=360879"},{"taxonomy":"product_tag","embeddable":true,"href":"https:\/\/positiveprints.com\/sv\/wp-json\/wp\/v2\/product_tag?post=360879"}],"curies":[{"name":"wp","href":"https:\/\/api.w.org\/{rel}","templated":true}]}}