{"id":360852,"date":"2020-01-15T17:12:53","date_gmt":"2020-01-15T16:12:53","guid":{"rendered":"https:\/\/positiveprints.com\/?post_type=product&#038;p=360852"},"modified":"2026-04-18T09:18:13","modified_gmt":"2026-04-18T08:18:13","slug":"forlovningskarta","status":"publish","type":"product","link":"https:\/\/positiveprints.com\/sv\/produkt\/forlovningskarta\/","title":{"rendered":"F\u00f6rlovningskarta"},"content":{"rendered":"<p>Fira en av de viktigaste milstolparna i ert liv med en f\u00f6rlovningskarta &#8211; en vacker karta som visar platsen d\u00e4r det magiska h\u00e4nde.<\/p>\r\n\r\n\r\n<h2 class=\"grenB f24 cblue\" style=\"margin-top: 3rem\">Vad \u00e4r en f\u00f6rlovningskarta?<\/h2>\r\n\r\n<p style=\"margin-top: 1rem\">Varje karta \u00e4r en del av en resa. F\u00f6r dig och din partner b\u00f6rjade en speciell del av er resa tillsammans n\u00e4r ni f\u00f6rlovade er. V\u00e4rna detta speciella \u00f6gonblick f\u00f6r evigt med en f\u00f6rlovningskarta som g\u00e5va. <\/p>\r\n\r\n<p style=\"margin-top: 1rem\">En f\u00f6rlovningskarta pekar ut den exakta platsen d\u00e4r ni tv\u00e5 best\u00e4mde er f\u00f6r att vara tillsammans f\u00f6r alltid. Det \u00e4r ett <a href=\"https:\/\/positiveprints.com\/sv\/produkt\/anpassad-karta-tavla\/\">personligt tryck<\/a> som ber\u00e4ttar en del av er k\u00e4rlekshistoria, en historia som ni g\u00e4rna delar med alla som kommer in i ert hem. <\/p>\r\n\r\n\r\n<h2 class=\"grenB f24 cblue\" style=\"margin-top: 3rem\">Id\u00e9 f\u00f6r f\u00f6rlovningsg\u00e5va<\/h2>\r\n\r\n<p style=\"margin-top: 1rem\">V\u00e5ra f\u00f6rlovningskartor \u00e4r den perfekta presenten f\u00f6r nyf\u00f6rlovade par. Det kanske blir det allra f\u00f6rsta konstverket de h\u00e4nger upp i det hem de skapar tillsammans! Skriv bara in adressen till den plats d\u00e4r f\u00f6rlovningen \u00e4gde rum och v\u00e4lj sedan hur du vill rama in platsen p\u00e5 ditt kartuttryck. G\u00f6r det personligt med egen text och andra element f\u00f6r att g\u00f6ra det verkligen unikt. <\/p>\r\n\r\n<p style=\"margin-top: 1rem\">F\u00f6rlovningskartor \u00e4r ocks\u00e5 en idealisk g\u00e5va till br\u00f6llop, \u00e5rsdagar eller n\u00e5gon annan h\u00f6gtid som \u00e4r speciell f\u00f6r dig. V\u00e5ra utskrifter kommer i standardstorlekar f\u00f6r enkel inramning f\u00f6r att g\u00f6ra det enkelt att komplettera din <a href=\"https:\/\/positiveprints.com\/sv\/gavor-for-nyforlovade-par\/\">f\u00f6rlovningsg\u00e5va<\/a>. <\/p>\r\n\r\n\r\n\r\n<h2 class=\"grenB f24 cblue\" style=\"margin-top: 3rem\">Anpassa din f\u00f6rlovningskarta<\/h2>\r\n\r\n<p style=\"margin-top: 1rem\">Hur mycket kan du anpassa din f\u00f6rlovningskarta? Positive Prints har gjort det mesta av det h\u00e5rda arbetet \u00e5t dig, men du har stor kontroll \u00f6ver hur din slutprodukt ser ut! <\/p>\r\n\r\n<p style=\"margin-top: 1rem\">F\u00f6rst och fr\u00e4mst erbjuder vi olika kartformer och f\u00e4rgscheman. Matcha din karta med ditt favoritpars inredning s\u00e5 att den kommer att se bra ut i deras hopp. Sj\u00e4lva kartan kan vara i ett hj\u00e4rta, en cirkel eller en kvadrat. Du kan ocks\u00e5 l\u00e4gga till h\u00e4ftiga f\u00e4rgfilter som strandglas, vintage eller kol f\u00f6r att ge precis r\u00e4tt effekt. <\/p>\r\n\r\n<p style=\"margin-top: 1rem\">I steg 2 kan du v\u00e4lja en specifik plats genom att skriva in en stad, ett land, en adress eller en intressant plats. V\u00e5r teknik hittar din plats, och du kan zooma in eller ut f\u00f6r att f\u00e5 kartan att se ut som du vill. L\u00e4gg till en kartmark\u00f6r f\u00f6r att peka ut den exakta platsen d\u00e4r du gick fr\u00e5n dejting till f\u00f6rlovning.<\/p>\r\n\r\n<p style=\"margin-top: 1rem\">Du kan ocks\u00e5 l\u00e4gga till rader med egen text f\u00f6r att g\u00f6ra din karta \u00e4nnu mer personlig. N\u00e5gra av de s\u00f6ta fraser som vi har sett \u00e4r bland annat:<\/p>\r\n\r\n\r\n<ul>\r\n<li>&#8220;Hon sa ja!&#8221;<\/li>\r\n<li>&#8220;Han fr\u00e5gade. Hon svarade!&#8221;<\/li>\r\n<li>&#8220;Vill du gifta dig med mig?&#8221;<\/li>\r\n<li>&#8220;V\u00e5r f\u00f6rlovning&#8221;<\/li>\r\n<li>&#8220;Inte l\u00e4ngre tillg\u00e4nglig.&#8221;<\/li>\r\n<li>&#8220;Han satte en ring p\u00e5 henne.&#8221;<\/li>\r\n<li>&#8220;Han fr\u00e5gade. Jag sa &#8216;Det var fanimej p\u00e5 tiden&#8217;.&#8221;<\/li>\r\n<li>&#8220;Mitt hj\u00e4rta \u00e4r l\u00e4ttare, min hand \u00e4r tyngre&#8221;<\/li>\r\n<li>&#8220;Det \u00e4r bara b\u00f6rjan&#8230;&#8221;<\/li>\r\n<li>&#8220;Jag har alltid vetat att du \u00e4r min sj\u00e4lsfr\u00e4nde.&#8221;<\/li>\r\n<\/ul>\r\n\r\n\r\n<p style=\"margin-top: 1rem\">Sist men inte minst, steg 3 handlar om den andra delen av ditt tryck. Du kan v\u00e4lja mellan digital nedladdning eller frakt \u00f6ver hela v\u00e4rlden direkt till din d\u00f6rr. Vi kan skriva ut p\u00e5 duk samt skicka en affisch med ram f\u00f6r din bekv\u00e4mlighet. V\u00e4lj format och storlek, s\u00e5 b\u00f6rjar vi arbeta med v\u00e5r magi!<\/p>\r\n\r\n\r\n<h2 class=\"grenB f24 cblue\" style=\"margin-top: 3rem\">Skapa din f\u00f6rlovningskarta nu!<\/h2>\r\n\r\n<p style=\"margin-top: 1rem\">En f\u00f6rlovningskarta \u00e4r en g\u00e5va som kommer att h\u00e5lla l\u00e4nge. B\u00f6rja skapa din egen i dag i bara tre enkla steg!<\/p>","protected":false},"excerpt":{"rendered":"<ul class=\"check-list\">\n<li>Markera en speciell plats med en utvald symbol<\/li>\n<li>Anpassa i 3 enkla steg<\/li>\n<li>Inkludera en meningsfull personlig text<\/li>\n<li>Se resultatet direkt \u2013 den interaktiva f\u00f6rhandsvisningen l\u00e5ter dig finjustera varje detalj<\/li>\n<\/ul>\n","protected":false},"featured_media":1695452,"template":"","meta":[],"product_brand":[],"product_cat":[7459,9281,9119,8118],"product_tag":[8441],"class_list":{"0":"post-360852","1":"product","2":"type-product","3":"status-publish","4":"has-post-thumbnail","6":"product_cat-alla-produkter","7":"product_cat-bestsellers-label-sv","8":"product_cat-map-sv","9":"product_cat-gavor-for-nyforlovade-par-presenttillfallen","10":"product_tag-forlovning","12":"first","13":"instock","14":"sale","15":"taxable","16":"shipping-taxable","17":"purchasable","18":"product-type-variable"},"yoast_head":"<!-- This site is optimized with the Yoast SEO Premium plugin v27.2 (Yoast SEO v27.2) - https:\/\/yoast.com\/product\/yoast-seo-premium-wordpress\/ -->\n<title>F\u00f6rlovningskarta - Positive Prints<\/title>\n<meta name=\"description\" content=\"Fira en av de viktigaste milstolparna i ert liv med en f\u00f6rlovningskarta - en vacker karta som visar platsen d\u00e4r det magiska h\u00e4nde.\" \/>\n<meta name=\"robots\" content=\"index, follow, max-snippet:-1, max-image-preview:large, max-video-preview:-1\" \/>\n<link rel=\"canonical\" href=\"https:\/\/positiveprints.com\/sv\/produkt\/forlovningskarta\/\" \/>\n<meta property=\"og:locale\" content=\"sv_SE\" \/>\n<meta property=\"og:type\" content=\"article\" \/>\n<meta property=\"og:title\" content=\"F\u00f6rlovningskarta\" \/>\n<meta property=\"og:description\" content=\"Markera en speciell plats med en utvald symbol  Anpassa i 3 enkla steg  Inkludera en meningsfull personlig text  Se resultatet direkt \u2013 den interaktiva f\u00f6rhandsvisningen l\u00e5ter dig finjustera varje detalj\" \/>\n<meta property=\"og:url\" content=\"https:\/\/positiveprints.com\/sv\/produkt\/forlovningskarta\/\" \/>\n<meta property=\"og:site_name\" content=\"Positive Prints\" \/>\n<meta property=\"article:publisher\" content=\"https:\/\/www.facebook.com\/positiveprintscom\" \/>\n<meta property=\"article:modified_time\" content=\"2026-04-18T08:18:13+00:00\" \/>\n<meta property=\"og:image\" content=\"https:\/\/positiveprints.com\/wp-content\/uploads\/2024\/10\/Packshot_EN_engagement-product-image.webp\" \/>\n\t<meta property=\"og:image:width\" content=\"1450\" \/>\n\t<meta property=\"og:image:height\" content=\"1450\" \/>\n\t<meta property=\"og:image:type\" content=\"image\/webp\" \/>\n<meta name=\"twitter:card\" content=\"summary_large_image\" \/>\n<meta name=\"twitter:label1\" content=\"Ber\u00e4knad l\u00e4stid\" \/>\n\t<meta name=\"twitter:data1\" content=\"3 minut\" \/>\n<!-- \/ Yoast SEO Premium plugin. -->","yoast_head_json":{"title":"F\u00f6rlovningskarta - Positive Prints","description":"Fira en av de viktigaste milstolparna i ert liv med en f\u00f6rlovningskarta - en vacker karta som visar platsen d\u00e4r det magiska h\u00e4nde.","robots":{"index":"index","follow":"follow","max-snippet":"max-snippet:-1","max-image-preview":"max-image-preview:large","max-video-preview":"max-video-preview:-1"},"canonical":"https:\/\/positiveprints.com\/sv\/produkt\/forlovningskarta\/","og_locale":"sv_SE","og_type":"article","og_title":"F\u00f6rlovningskarta","og_description":"Markera en speciell plats med en utvald symbol  Anpassa i 3 enkla steg  Inkludera en meningsfull personlig text  Se resultatet direkt \u2013 den interaktiva f\u00f6rhandsvisningen l\u00e5ter dig finjustera varje detalj","og_url":"https:\/\/positiveprints.com\/sv\/produkt\/forlovningskarta\/","og_site_name":"Positive Prints","article_publisher":"https:\/\/www.facebook.com\/positiveprintscom","article_modified_time":"2026-04-18T08:18:13+00:00","og_image":[{"width":1450,"height":1450,"url":"https:\/\/positiveprints.com\/wp-content\/uploads\/2024\/10\/Packshot_EN_engagement-product-image.webp","type":"image\/webp"}],"twitter_card":"summary_large_image","twitter_misc":{"Ber\u00e4knad l\u00e4stid":"3 minut"},"schema":{"@context":"https:\/\/schema.org","@graph":[{"@type":["WebPage","ItemPage"],"@id":"https:\/\/positiveprints.com\/sv\/produkt\/forlovningskarta\/","url":"https:\/\/positiveprints.com\/sv\/produkt\/forlovningskarta\/","name":"F\u00f6rlovningskarta - Positive Prints","isPartOf":{"@id":"https:\/\/positiveprints.com\/sv\/#website"},"primaryImageOfPage":{"@id":"https:\/\/positiveprints.com\/sv\/produkt\/forlovningskarta\/#primaryimage"},"image":{"@id":"https:\/\/positiveprints.com\/sv\/produkt\/forlovningskarta\/#primaryimage"},"thumbnailUrl":"https:\/\/positiveprints.com\/wp-content\/uploads\/2026\/04\/Packshot_EN_XX-our-engagement.webp","datePublished":"2020-01-15T16:12:53+00:00","dateModified":"2026-04-18T08:18:13+00:00","description":"Fira en av de viktigaste milstolparna i ert liv med en f\u00f6rlovningskarta - en vacker karta som visar platsen d\u00e4r det magiska h\u00e4nde.","breadcrumb":{"@id":"https:\/\/positiveprints.com\/sv\/produkt\/forlovningskarta\/#breadcrumb"},"inLanguage":"sv-SE","potentialAction":[{"@type":"ReadAction","target":["https:\/\/positiveprints.com\/sv\/produkt\/forlovningskarta\/"]}]},{"@type":"ImageObject","inLanguage":"sv-SE","@id":"https:\/\/positiveprints.com\/sv\/produkt\/forlovningskarta\/#primaryimage","url":"https:\/\/positiveprints.com\/wp-content\/uploads\/2026\/04\/Packshot_EN_XX-our-engagement.webp","contentUrl":"https:\/\/positiveprints.com\/wp-content\/uploads\/2026\/04\/Packshot_EN_XX-our-engagement.webp","width":1450,"height":1450},{"@type":"BreadcrumbList","@id":"https:\/\/positiveprints.com\/sv\/produkt\/forlovningskarta\/#breadcrumb","itemListElement":[{"@type":"ListItem","position":1,"name":"Home","item":"https:\/\/positiveprints.com\/sv\/"},{"@type":"ListItem","position":2,"name":"Produkter","item":"https:\/\/positiveprints.com\/sv\/shop\/"},{"@type":"ListItem","position":3,"name":"F\u00f6rlovningskarta"}]},{"@type":"WebSite","@id":"https:\/\/positiveprints.com\/sv\/#website","url":"https:\/\/positiveprints.com\/sv\/","name":"Positive Prints","description":"Amazing Custom Personalized Gifts","publisher":{"@id":"https:\/\/positiveprints.com\/sv\/#organization"},"potentialAction":[{"@type":"SearchAction","target":{"@type":"EntryPoint","urlTemplate":"https:\/\/positiveprints.com\/sv\/?s={search_term_string}"},"query-input":{"@type":"PropertyValueSpecification","valueRequired":true,"valueName":"search_term_string"}}],"inLanguage":"sv-SE"},{"@type":"Organization","@id":"https:\/\/positiveprints.com\/sv\/#organization","name":"Positive Prints","alternateName":"Positive Prints","url":"https:\/\/positiveprints.com\/sv\/","logo":{"@type":"ImageObject","inLanguage":"sv-SE","@id":"https:\/\/positiveprints.com\/sv\/#\/schema\/logo\/image\/","url":"https:\/\/positiveprints.com\/wp-content\/uploads\/2026\/03\/245815646_1337939713319158_5671353136411139666_n.png","contentUrl":"https:\/\/positiveprints.com\/wp-content\/uploads\/2026\/03\/245815646_1337939713319158_5671353136411139666_n.png","width":800,"height":800,"caption":"Positive Prints"},"image":{"@id":"https:\/\/positiveprints.com\/sv\/#\/schema\/logo\/image\/"},"sameAs":["https:\/\/www.facebook.com\/positiveprintscom","https:\/\/www.instagram.com\/positiveprintscom\/","https:\/\/www.tiktok.com\/@positiveprintscom","https:\/\/www.pinterest.com\/positiveprintscom\/"]}]}},"jetpack_sharing_enabled":true,"_links":{"self":[{"href":"https:\/\/positiveprints.com\/sv\/wp-json\/wp\/v2\/product\/360852","targetHints":{"allow":["GET"]}}],"collection":[{"href":"https:\/\/positiveprints.com\/sv\/wp-json\/wp\/v2\/product"}],"about":[{"href":"https:\/\/positiveprints.com\/sv\/wp-json\/wp\/v2\/types\/product"}],"wp:featuredmedia":[{"embeddable":true,"href":"https:\/\/positiveprints.com\/sv\/wp-json\/wp\/v2\/media\/1695452"}],"wp:attachment":[{"href":"https:\/\/positiveprints.com\/sv\/wp-json\/wp\/v2\/media?parent=360852"}],"wp:term":[{"taxonomy":"product_brand","embeddable":true,"href":"https:\/\/positiveprints.com\/sv\/wp-json\/wp\/v2\/product_brand?post=360852"},{"taxonomy":"product_cat","embeddable":true,"href":"https:\/\/positiveprints.com\/sv\/wp-json\/wp\/v2\/product_cat?post=360852"},{"taxonomy":"product_tag","embeddable":true,"href":"https:\/\/positiveprints.com\/sv\/wp-json\/wp\/v2\/product_tag?post=360852"}],"curies":[{"name":"wp","href":"https:\/\/api.w.org\/{rel}","templated":true}]}}