{"id":360740,"date":"2021-07-05T12:33:17","date_gmt":"2021-07-05T11:33:17","guid":{"rendered":"https:\/\/positiveprints.com\/?post_type=product&#038;p=360740"},"modified":"2026-04-18T08:41:45","modified_gmt":"2026-04-18T07:41:45","slug":"karta-over-vart-forsta-hem","status":"publish","type":"product","link":"https:\/\/positiveprints.com\/sv\/produkt\/karta-over-vart-forsta-hem\/","title":{"rendered":"Karta \u00f6ver v\u00e5rt f\u00f6rsta hem"},"content":{"rendered":"<p>Hemma \u00e4r d\u00e4r hj\u00e4rtat finns, och det finns inget b\u00e4ttre s\u00e4tt att bevara minnet av ert f\u00f6rsta hem som par \u00e4n med en skr\u00e4ddarsydd karta \u00f6ver v\u00e5rt f\u00f6rsta hem.<\/p>\r\n\r\n<h2 class=\"grenB f24 cblue\" style=\"margin-top: 3rem\">Vad \u00e4r en karta \u00f6ver v\u00e5rt f\u00f6rsta hem?<\/h2>\r\n\r\n<p style=\"margin-top: 1rem\">Varje karta ber\u00e4ttar en historia. N\u00e4r det g\u00e4ller kartan Our First Home \u00e4r det en historia som \u00e4r unik f\u00f6r dig eller en speciell person i ditt liv. Kartan belyser den exakta platsen f\u00f6r det hem d\u00e4r du och din partner b\u00f6rjade er livsresa tillsammans. <\/p>\r\n\r\n<p style=\"margin-top: 1rem\">Livet som vi k\u00e4nner det \u00e4r hektiskt och vi passerar m\u00e5nga milstolpar p\u00e5 v\u00e4gen. En som sticker ut f\u00f6r de flesta m\u00e4nniskor \u00e4r f\u00f6rsta g\u00e5ngen de k\u00f6pte ett hem eller det f\u00f6rsta hemmet de delade med sin \u00e4lskade. F\u00f6r m\u00e5nga \u00e4r det ocks\u00e5 den plats d\u00e4r de b\u00f6rjade uppfostra en familj. Det \u00e4r en plats d\u00e4r minnen odlas och d\u00e4r m\u00e5nga av livets f\u00f6rsta tillf\u00e4llen ocks\u00e5 \u00e4ger rum. <\/p>\r\n\r\n<p style=\"margin-top: 1rem\">Av dessa sk\u00e4l \u00e4r det l\u00e4tt att v\u00e4lja en karta fr\u00e5n Our First Home. Den \u00e4r lika delar konstverk och nostalgi och ger dig n\u00e5gra av dina b\u00e4sta minnen varje g\u00e5ng du ser den. <\/p>\r\n\r\n<h2 class=\"grenB f24 cblue\" style=\"margin-top: 3rem\">Anpassa kartan \u00f6ver ditt nya hem<\/h2>\r\n\r\n<p style=\"margin-top: 1rem\">Att flytta in i sitt f\u00f6rsta hem \u00e4r en upplevelse som inte liknar n\u00e5gon annan. Allt fr\u00e5n utseendet till var det ligger \u00e4r unikt f\u00f6r dig. D\u00e4rf\u00f6r \u00e4r den h\u00e4r <a href=\"https:\/\/positiveprints.com\/sv\/inflyttningspresenter\/\">roliga presenten till ditt nya hem<\/a> ocks\u00e5 unik. Varje detalj \u00e4r skr\u00e4ddarsydd f\u00f6r dig, fr\u00e5n kartans form och f\u00e4rger till den plats som visas p\u00e5 kartan. <\/p>\r\n\r\n<p style=\"margin-top: 1rem\">Vi g\u00f6r det enkelt att skr\u00e4ddarsy varje g\u00e5va till v\u00e5rt f\u00f6rsta hem. <\/p>\r\n\r\n<p style=\"margin-top: 1rem\"><em>Steg 1:<\/em> V\u00e4lj din <a href=\"https:\/\/positiveprints.com\/sv\/produkt\/anpassad-karta-tavla\/\">anpassade kartdesign<\/a>. Ingen V\u00e5rt F\u00f6rsta Hem-kartan \u00e4r helt likadan som n\u00e5gon annan. Du har stor kontroll \u00f6ver hur din karta ska se ut, inklusive kartans form och f\u00e4rgschema. Vi har flera f\u00f6rinst\u00e4llda val f\u00f6r dig, och du kan klicka runt i v\u00e5r kartskapare f\u00f6r att se dina \u00e4ndringar i realtid f\u00f6r att f\u00e5 den perfekta estetiken.<\/p>\r\n\r\n<p style=\"margin-top: 1rem\"><em>Steg 2:<\/em> Ange de detaljer som g\u00f6r din karta speciell. En del av det som g\u00f6r en <a href=\"https:\/\/positiveprints.com\/blog\/housewarming-gift-ideas-for-couples\/\">inflyttningspresent<\/a> unik \u00e4r den m\u00f6da du l\u00e4gger ner p\u00e5 de fina detaljerna. Vi g\u00f6r det enkelt att anpassa din karta med egna rader av text. Du kan till exempel v\u00e4lja att inkludera hemmets exakta adress, datumet du flyttade in, staden eller n\u00e5got annat som hj\u00e4lper dig att ber\u00e4tta din historia.<\/p>\r\n\r\n<p style=\"margin-top: 1rem\"><em>Steg 3:<\/em> V\u00e4lj hur du vill att kartan ska levereras. Vi kan skriva ut din anpassade karta h\u00e4r i Positive Prints studio p\u00e5 finpapper eller canvas och skicka den till dig. V\u00e4lj mellan olika standardstorlekar som \u00e4r perfekta f\u00f6r inramning. Eller v\u00e4lj ett digitalt nedladdningsalternativ om du beh\u00f6ver din karta snabbt. Du kan f\u00e5 den utskriven p\u00e5 ditt lokala tryckeri och redo att ge bort den p\u00e5 ditt schema.<\/p>\r\n\r\n<h2 class=\"grenB f24 cblue\" style=\"margin-top: 3rem\">Den perfekta presentid\u00e9en<\/h2>\r\n\r\n<p style=\"margin-top: 1rem\">M\u00e5nga av v\u00e5ra kunder v\u00e4ljer en V\u00e5rt F\u00f6rsta Hem-karta som en unik present till en \u00e4lskad person. Kanske vill du \u00f6verraska ett nygift par i ditt liv n\u00e4r de b\u00f6rjar sin resa i ett nytt hem. Eller kanske ditt vuxna barn flyttar ut ur huset f\u00f6r f\u00f6rsta g\u00e5ngen och in i sitt alldeles egna hem. Ett f\u00f6rsta hem \u00e4r en milstolpe f\u00f6r vem som helst i alla \u00e5ldrar, och det \u00e4r verkligen n\u00e5got att fira och minnas. <\/p>\r\n\r\n<p style=\"margin-top: 1rem\">Det \u00e4r en g\u00e5va till det nya hemmet som de aldrig kommer att f\u00f6rv\u00e4nta sig och som de kommer att vara stolta \u00f6ver att visa upp p\u00e5 sina v\u00e4ggar. \u00c4ven om de best\u00e4mmer sig f\u00f6r att flytta fr\u00e5n sitt allra f\u00f6rsta hem kan de stolt ta med sig sitt kartkonstverk f\u00f6r att markera ett speciellt kapitel i deras livshistoria.<br><br>V\u00e5rt F\u00f6rsta Hem-kartor \u00e4r utm\u00e4rkta g\u00e5vor vid:<\/p>\r\n\r\n<ul>\r\n<li>Br\u00f6llop<\/li>\r\n<li>Inflyttning<\/li>\r\n<li>Jublieum<\/li>\r\n<li>Bara f\u00f6r att!<\/li>\r\n<\/ul>\r\n\r\n<h2 class=\"grenB f24 cblue\" style=\"margin-top: 3rem\">Skapa en egen karta \u00f6ver v\u00e5rt f\u00f6rsta hem!<\/h2>\r\n\r\n<p style=\"margin-top: 1rem\">Anpassade kartor \u00e4r konstn\u00e4rligt utformade, och Positive Prints har gjort det enkelt f\u00f6r alla att skapa en karta som \u00e4r v\u00e4rd att ramas in och visas i hemmet. V\u00e5r trestegskartskapare tar dig steg f\u00f6r steg genom en kort anpassningsprocess d\u00e4r du kan se dina val komma till liv. <\/p>\r\n\r\n<p style=\"margin-top: 1rem\">Du kan ocks\u00e5 v\u00e4lja om du vill ha en digital nedladdning som skickas till din inkorg f\u00f6r omedelbar utskrift, eller om du vill l\u00e5ta oss sk\u00f6ta utskriften! Vi erbjuder frakt \u00f6ver hela v\u00e4rlden f\u00f6r alla v\u00e5ra utskrifter och anv\u00e4nder endast papper av h\u00f6gsta kvalitet f\u00f6r att s\u00e4kerst\u00e4lla en fen vacker matt-finish. Varje utskrift anl\u00e4nder till din d\u00f6rr redo att ramas in och ges bort som g\u00e5va.<\/p>\r\n\r\n<p style=\"margin-top: 1rem\">B\u00f6rja skapa en inflyttningspresent som kommer att h\u00e5lla hela livet!<\/p>","protected":false},"excerpt":{"rendered":"<ul class=\"check-list\">\n<li>Markera en speciell plats med en utvald symbol<\/li>\n<li>Anpassa i 3 enkla steg<\/li>\n<li>Inkludera en meningsfull personlig text<\/li>\n<li>Se resultatet direkt \u2013 den interaktiva f\u00f6rhandsvisningen l\u00e5ter dig finjustera varje detalj<\/li>\n<\/ul>\n","protected":false},"featured_media":1694565,"template":"","meta":[],"product_brand":[],"product_cat":[8214,9767,9119,8119,8014,7694],"product_tag":[15013],"class_list":{"0":"post-360740","1":"product","2":"type-product","3":"status-publish","4":"has-post-thumbnail","6":"product_cat-till-honom","7":"product_cat-trending-label-sv","8":"product_cat-map-sv","9":"product_cat-inflyttningspresenter-presenttillfallen","10":"product_cat-gavor-for-man","11":"product_cat-gavor-for-kvinnor","12":"product_tag-housewarming-sv-2","14":"first","15":"instock","16":"sale","17":"taxable","18":"shipping-taxable","19":"purchasable","20":"product-type-variable"},"yoast_head":"<!-- This site is optimized with the Yoast SEO Premium plugin v27.2 (Yoast SEO v27.2) - https:\/\/yoast.com\/product\/yoast-seo-premium-wordpress\/ -->\n<title>Karta \u00f6ver v\u00e5rt f\u00f6rsta hem - Positive Prints<\/title>\n<meta name=\"description\" content=\"Hemma \u00e4r d\u00e4r hj\u00e4rtat finns, och det finns inget b\u00e4ttre s\u00e4tt att bevara minnet av ert f\u00f6rsta hem som par \u00e4n med en skr\u00e4ddarsydd karta \u00f6ver v\u00e5rt f\u00f6rsta hem.\" \/>\n<meta name=\"robots\" content=\"index, follow, max-snippet:-1, max-image-preview:large, max-video-preview:-1\" \/>\n<link rel=\"canonical\" href=\"https:\/\/positiveprints.com\/sv\/produkt\/karta-over-vart-forsta-hem\/\" \/>\n<meta property=\"og:locale\" content=\"sv_SE\" \/>\n<meta property=\"og:type\" content=\"article\" \/>\n<meta property=\"og:title\" content=\"Karta \u00f6ver v\u00e5rt f\u00f6rsta hem\" \/>\n<meta property=\"og:description\" content=\"Markera en speciell plats med en utvald symbol Anpassa i 3 enkla steg Inkludera en meningsfull personlig text Se resultatet direkt \u2013 den interaktiva f\u00f6rhandsvisningen l\u00e5ter dig finjustera varje detalj\" \/>\n<meta property=\"og:url\" content=\"https:\/\/positiveprints.com\/sv\/produkt\/karta-over-vart-forsta-hem\/\" \/>\n<meta property=\"og:site_name\" content=\"Positive Prints\" \/>\n<meta property=\"article:publisher\" content=\"https:\/\/www.facebook.com\/positiveprintscom\" \/>\n<meta property=\"article:modified_time\" content=\"2026-04-18T07:41:45+00:00\" \/>\n<meta property=\"og:image\" content=\"https:\/\/positiveprints.com\/wp-content\/uploads\/2024\/10\/Packshot_EN_our-first-home-map-product-image.webp\" \/>\n\t<meta property=\"og:image:width\" content=\"1450\" \/>\n\t<meta property=\"og:image:height\" content=\"1450\" \/>\n\t<meta property=\"og:image:type\" content=\"image\/webp\" \/>\n<meta name=\"twitter:card\" content=\"summary_large_image\" \/>\n<meta name=\"twitter:label1\" content=\"Ber\u00e4knad l\u00e4stid\" \/>\n\t<meta name=\"twitter:data1\" content=\"4 minut\" \/>\n<!-- \/ Yoast SEO Premium plugin. -->","yoast_head_json":{"title":"Karta \u00f6ver v\u00e5rt f\u00f6rsta hem - Positive Prints","description":"Hemma \u00e4r d\u00e4r hj\u00e4rtat finns, och det finns inget b\u00e4ttre s\u00e4tt att bevara minnet av ert f\u00f6rsta hem som par \u00e4n med en skr\u00e4ddarsydd karta \u00f6ver v\u00e5rt f\u00f6rsta hem.","robots":{"index":"index","follow":"follow","max-snippet":"max-snippet:-1","max-image-preview":"max-image-preview:large","max-video-preview":"max-video-preview:-1"},"canonical":"https:\/\/positiveprints.com\/sv\/produkt\/karta-over-vart-forsta-hem\/","og_locale":"sv_SE","og_type":"article","og_title":"Karta \u00f6ver v\u00e5rt f\u00f6rsta hem","og_description":"Markera en speciell plats med en utvald symbol Anpassa i 3 enkla steg Inkludera en meningsfull personlig text Se resultatet direkt \u2013 den interaktiva f\u00f6rhandsvisningen l\u00e5ter dig finjustera varje detalj","og_url":"https:\/\/positiveprints.com\/sv\/produkt\/karta-over-vart-forsta-hem\/","og_site_name":"Positive Prints","article_publisher":"https:\/\/www.facebook.com\/positiveprintscom","article_modified_time":"2026-04-18T07:41:45+00:00","og_image":[{"width":1450,"height":1450,"url":"https:\/\/positiveprints.com\/wp-content\/uploads\/2024\/10\/Packshot_EN_our-first-home-map-product-image.webp","type":"image\/webp"}],"twitter_card":"summary_large_image","twitter_misc":{"Ber\u00e4knad l\u00e4stid":"4 minut"},"schema":{"@context":"https:\/\/schema.org","@graph":[{"@type":["WebPage","ItemPage"],"@id":"https:\/\/positiveprints.com\/sv\/produkt\/karta-over-vart-forsta-hem\/","url":"https:\/\/positiveprints.com\/sv\/produkt\/karta-over-vart-forsta-hem\/","name":"Karta \u00f6ver v\u00e5rt f\u00f6rsta hem - Positive Prints","isPartOf":{"@id":"https:\/\/positiveprints.com\/sv\/#website"},"primaryImageOfPage":{"@id":"https:\/\/positiveprints.com\/sv\/produkt\/karta-over-vart-forsta-hem\/#primaryimage"},"image":{"@id":"https:\/\/positiveprints.com\/sv\/produkt\/karta-over-vart-forsta-hem\/#primaryimage"},"thumbnailUrl":"https:\/\/positiveprints.com\/wp-content\/uploads\/2026\/04\/Packshot_EN_our-first-home.webp","datePublished":"2021-07-05T11:33:17+00:00","dateModified":"2026-04-18T07:41:45+00:00","description":"Hemma \u00e4r d\u00e4r hj\u00e4rtat finns, och det finns inget b\u00e4ttre s\u00e4tt att bevara minnet av ert f\u00f6rsta hem som par \u00e4n med en skr\u00e4ddarsydd karta \u00f6ver v\u00e5rt f\u00f6rsta hem.","breadcrumb":{"@id":"https:\/\/positiveprints.com\/sv\/produkt\/karta-over-vart-forsta-hem\/#breadcrumb"},"inLanguage":"sv-SE","potentialAction":[{"@type":"ReadAction","target":["https:\/\/positiveprints.com\/sv\/produkt\/karta-over-vart-forsta-hem\/"]}]},{"@type":"ImageObject","inLanguage":"sv-SE","@id":"https:\/\/positiveprints.com\/sv\/produkt\/karta-over-vart-forsta-hem\/#primaryimage","url":"https:\/\/positiveprints.com\/wp-content\/uploads\/2026\/04\/Packshot_EN_our-first-home.webp","contentUrl":"https:\/\/positiveprints.com\/wp-content\/uploads\/2026\/04\/Packshot_EN_our-first-home.webp","width":1450,"height":1450},{"@type":"BreadcrumbList","@id":"https:\/\/positiveprints.com\/sv\/produkt\/karta-over-vart-forsta-hem\/#breadcrumb","itemListElement":[{"@type":"ListItem","position":1,"name":"Home","item":"https:\/\/positiveprints.com\/sv\/"},{"@type":"ListItem","position":2,"name":"Produkter","item":"https:\/\/positiveprints.com\/sv\/shop\/"},{"@type":"ListItem","position":3,"name":"Karta \u00f6ver v\u00e5rt f\u00f6rsta hem"}]},{"@type":"WebSite","@id":"https:\/\/positiveprints.com\/sv\/#website","url":"https:\/\/positiveprints.com\/sv\/","name":"Positive Prints","description":"Amazing Custom Personalized Gifts","publisher":{"@id":"https:\/\/positiveprints.com\/sv\/#organization"},"potentialAction":[{"@type":"SearchAction","target":{"@type":"EntryPoint","urlTemplate":"https:\/\/positiveprints.com\/sv\/?s={search_term_string}"},"query-input":{"@type":"PropertyValueSpecification","valueRequired":true,"valueName":"search_term_string"}}],"inLanguage":"sv-SE"},{"@type":"Organization","@id":"https:\/\/positiveprints.com\/sv\/#organization","name":"Positive Prints","alternateName":"Positive Prints","url":"https:\/\/positiveprints.com\/sv\/","logo":{"@type":"ImageObject","inLanguage":"sv-SE","@id":"https:\/\/positiveprints.com\/sv\/#\/schema\/logo\/image\/","url":"https:\/\/positiveprints.com\/wp-content\/uploads\/2026\/03\/245815646_1337939713319158_5671353136411139666_n.png","contentUrl":"https:\/\/positiveprints.com\/wp-content\/uploads\/2026\/03\/245815646_1337939713319158_5671353136411139666_n.png","width":800,"height":800,"caption":"Positive Prints"},"image":{"@id":"https:\/\/positiveprints.com\/sv\/#\/schema\/logo\/image\/"},"sameAs":["https:\/\/www.facebook.com\/positiveprintscom","https:\/\/www.instagram.com\/positiveprintscom\/","https:\/\/www.tiktok.com\/@positiveprintscom","https:\/\/www.pinterest.com\/positiveprintscom\/"]}]}},"jetpack_sharing_enabled":true,"_links":{"self":[{"href":"https:\/\/positiveprints.com\/sv\/wp-json\/wp\/v2\/product\/360740","targetHints":{"allow":["GET"]}}],"collection":[{"href":"https:\/\/positiveprints.com\/sv\/wp-json\/wp\/v2\/product"}],"about":[{"href":"https:\/\/positiveprints.com\/sv\/wp-json\/wp\/v2\/types\/product"}],"wp:featuredmedia":[{"embeddable":true,"href":"https:\/\/positiveprints.com\/sv\/wp-json\/wp\/v2\/media\/1694565"}],"wp:attachment":[{"href":"https:\/\/positiveprints.com\/sv\/wp-json\/wp\/v2\/media?parent=360740"}],"wp:term":[{"taxonomy":"product_brand","embeddable":true,"href":"https:\/\/positiveprints.com\/sv\/wp-json\/wp\/v2\/product_brand?post=360740"},{"taxonomy":"product_cat","embeddable":true,"href":"https:\/\/positiveprints.com\/sv\/wp-json\/wp\/v2\/product_cat?post=360740"},{"taxonomy":"product_tag","embeddable":true,"href":"https:\/\/positiveprints.com\/sv\/wp-json\/wp\/v2\/product_tag?post=360740"}],"curies":[{"name":"wp","href":"https:\/\/api.w.org\/{rel}","templated":true}]}}