{"id":360694,"date":"2020-01-15T18:00:50","date_gmt":"2020-01-15T17:00:50","guid":{"rendered":"https:\/\/positiveprints.com\/?post_type=product&#038;p=360694"},"modified":"2026-04-18T09:18:06","modified_gmt":"2026-04-18T08:18:06","slug":"vi-traffades-har-karta","status":"publish","type":"product","link":"https:\/\/positiveprints.com\/sv\/produkt\/vi-traffades-har-karta\/","title":{"rendered":"Vi Tr\u00e4ffades H\u00e4r-karta"},"content":{"rendered":"<p>F\u00f6r att minnas en speciell dag f\u00f6r alltid \u00e4r en Vi Tr\u00e4ffades H\u00e4r-karta ett utm\u00e4rkt s\u00e4tt att fira och h\u00e5lla fast vid det \u00f6gonblicket i tiden.<\/p>\r\n\r\n<p style=\"margin-top: 1rem\">Att tr\u00e4ffa den d\u00e4r speciella personen f\u00f6r f\u00f6rsta g\u00e5ngen \u00e4r en magisk upplevelse. Det finns en distinkt energi i luften. Kanske till och med ett l\u00e4tt surrande eller surrande ljud som hj\u00e4lper till att st\u00e4nga av resten av v\u00e4rlden s\u00e5 att allt ni beh\u00f6ver fokusera p\u00e5 \u00e4r varandra. F\u00f6r att minnas den dagen f\u00f6r alltid \u00e4r en Vi Tr\u00e4ffades H\u00e4r-karta ett utm\u00e4rkt s\u00e4tt att fira och h\u00e5lla fast vid det \u00f6gonblicket i tiden.<\/p>\r\n\r\n\r\n<h2 class=\"grenB f24 cblue\" style=\"margin-top: 3rem\">Vad \u00e4r en Vi Tr\u00e4ffades H\u00e4r-karta?<\/h2>\r\n\r\n<p style=\"margin-top: 1rem\">Oavsett om det \u00e4r en planerad <a href=\"https:\/\/positiveprints.com\/sv\/produkt\/var-forsta-datum-karta\/\">f\u00f6rsta dejt<\/a> \r\neller ett slumpm\u00e4ssig tr\u00e4ff, kommer platsen d\u00e4r du f\u00f6rst tr\u00e4ffade den speciella personen i ditt liv ocks\u00e5 att ha ett v\u00e4rde. En Vi Tr\u00e4ffades H\u00e4r-karta lyfter fram denna plats p\u00e5 ett s\u00e4tt som betyder n\u00e5got f\u00f6r er som par.<\/p>\r\n\r\n<p style=\"margin-top: 1rem\">Vi Tr\u00e4ffades H\u00e4r-kartan kan g\u00f6ras med vilken stad, delstat eller plats som helst i v\u00e4rlden. Allt du beh\u00f6ver \u00e4r en plats och v\u00e5r skapare av geografiska anpassade kartor g\u00e5r i g\u00e5ng med att skapa en karta i perfekt skala \u00f6ver det omr\u00e5det. Vi anv\u00e4nder exakta data fr\u00e5n <a href=\"https:\/\/www.openstreetmap.org\/\">OpenStreetMap<\/a>. Zooma in eller ut s\u00e5 mycket du vill f\u00f6r att f\u00e5 den layout du f\u00f6redrar, och markera sedan den exakta platsen d\u00e4r ni tr\u00e4ffades f\u00f6r att <a href=\"https:\/\/positiveprints.com\/sv\/produkt\/var-det-allt-borjade-karta\/\">markera var allting b\u00f6rjade<\/a>.<\/p>\r\n\r\n<p style=\"margin-top: 1rem\">Vi Tr\u00e4ffades H\u00e4r-karta kan ocks\u00e5 anpassas med textrader som belyser dess betydelse. L\u00e4gg till ett k\u00e4rleksfullt meddelande eller inkludera namn och datum f\u00f6r var er resa tillsammans b\u00f6rjade. Det finns inget fel s\u00e4tt att g\u00f6ra era minnen best\u00e5ende!<\/p>\r\n\r\n<h2 class=\"grenB f24 cblue\" style=\"margin-top: 3rem\">Varf\u00f6r skapa en Vi Tr\u00e4ffades H\u00e4r-karta?<\/h2>\r\n\r\n<p style=\"margin-top: 1rem\">Vi Tr\u00e4ffades H\u00e4r-kartor \u00e4r verkligen unika. Det \u00e4r inte n\u00e5got man kan ta fr\u00e5n en hylla i en butik eller utforma p\u00e5 ett infall. Det kr\u00e4vs lite extra tankeverksamhet och kreativitet f\u00f6r att t\u00e4nka sig att skapa en <a href=\"https:\/\/positiveprints.com\/sv\/produkt\/anpassad-karta-tavla\/\">karta<\/a> \u00f6ver den plats d\u00e4r du och en speciell person tr\u00e4ffades f\u00f6r allra f\u00f6rsta g\u00e5ngen.<\/p>\r\n\r\n<p style=\"margin-top: 1rem\">Detta \u00e4r en av anledningarna till att kartor \u00e4r utm\u00e4rkta g\u00e5vor till m\u00e4nniskorna i ditt liv! \u00c4ven om vi g\u00f6r allt det h\u00e5rda arbetet i v\u00e5r \u00e4nde ser det ut som om du har gjort det lilla extra f\u00f6r att g\u00f6ra n\u00e5got verkligt unikt \u00e5t dem. Eftersom det inte finns tv\u00e5 Vi Tr\u00e4ffades H\u00e4r-kartor som \u00e4r helt likadana kan du dessutom se till att de har den enda likadana kartan i hela v\u00e4rlden.<\/p>\r\n\r\n\r\n<h2 class=\"grenB f24 cblue\" style=\"margin-top: 3rem\">Hur man g\u00f6r en Vi Tr\u00e4ffades H\u00e4r-karta<\/h2>\r\n\r\n<p style=\"margin-top: 1rem\">Med Positive Prints g\u00f6r vi allt designarbete \u00e5t dig, s\u00e5 du slipper allt arbete och alla gissningar! Till att b\u00f6rja med v\u00e4ljer du kartans form (cirkel, hj\u00e4rta eller kvadrat). V\u00e4lj sedan bland ett av de vackert utformade f\u00e4rgscheman. Du kan anv\u00e4nda v\u00e5ra verktyg f\u00f6r att f\u00f6rhandsgranska varje val i realtid f\u00f6r att f\u00e5 en bild som passar din stil.<\/p>\r\n\r\n<p style=\"margin-top: 1rem\">I n\u00e4sta steg anger du din plats f\u00f6r att fastst\u00e4lla var ni tr\u00e4ffades. Du kan dra kartan s\u00e5 att den passar in i ramen p\u00e5 det s\u00e4tt du vill. H\u00e4r kan du ocks\u00e5 l\u00e4gga till upp till tv\u00e5 rader anpassad text f\u00f6r att ber\u00e4tta om er speciella plats. Om du vill l\u00e4gga till en specifik mark\u00f6r p\u00e5 kartan kan du v\u00e4lja mark\u00f6rform och den kommer att visas p\u00e5 den adress du har angett.<\/p>\r\n\r\n<p style=\"margin-top: 1rem\">I det sista steget kan du v\u00e4lja affischens riktning och storlek samt utskriftsformat. Ett alternativ \u00e4r en affisch i pappersformat, som skrivs ut p\u00e5 papper av h\u00f6gsta kvalitet som h\u00e5ller hela livet och som levereras direkt till din d\u00f6rr. Har du br\u00e5ttom och beh\u00f6ver en present snabbt? Med v\u00e5r omedelbara digitala nedladdning kan du ta en fil till ditt lokala tryckeri s\u00e5 att du inte beh\u00f6ver v\u00e4nta p\u00e5 leverans. Du kan ocks\u00e5 best\u00e4lla din karta \u00f6ver var vi tr\u00e4ffades f\u00f6rsta g\u00e5ngen som en canvas som kommer att pryda din v\u00e4gg med k\u00e4rlek.<\/p>\r\n\r\n<p style=\"margin-top: 1rem\">Vi har gjort det enkelt f\u00f6r vem som helst att utforma en Vi Tr\u00e4ffades H\u00e4r-karta utan att det kr\u00e4vs n\u00e5gon expertis. N\u00e4r du har genomf\u00f6rt de tre stegen kan du checka ut och betala f\u00f6r ditt tryck, s\u00e5 tar vi hand om resten!<\/p>\r\n\r\n<h2 class=\"grenB f24 cblue\" style=\"margin-top: 3rem\">Unik Vi Tr\u00e4ffades H\u00e4r-g\u00e5va<\/h2>\r\n\r\n<p style=\"margin-top: 1rem\">En inramad karta kan vara en romantisk Vi Tr\u00e4ffades H\u00e4r-g\u00e5va som din \u00e4lskade aldrig kommer att f\u00f6rv\u00e4nta sig, men som han eller hon kommer att uppskatta f\u00f6r alltid. Alla typer av specialkonst visar att du har t\u00e4nkt extra mycket p\u00e5 att v\u00e4lja din g\u00e5va med en karta \u00f6ver var vi tr\u00e4ffades f\u00f6r f\u00f6rsta g\u00e5ngen. Den \u00e4r perfekt f\u00f6r inramning och visning i hemmet och fungerar som en st\u00e4ndig p\u00e5minnelse om den plats d\u00e4r vi tr\u00e4ffades f\u00f6rsta g\u00e5ngen.<br><br>Ge en Vi Tr\u00e4ffades H\u00e4r-karta som g\u00e5va till:<\/p>\r\n\r\n<ul>\r\n<li><a href=\"https:\/\/positiveprints.com\/sv\/jubileumspresent-presenttillfallen\/\">Jubileum<\/a><\/li>\r\n<li>Jul<\/li>\r\n<li>Alla hj\u00e4rtans dag<\/li>\r\n<li>F\u00f6rlovningar<\/li>\r\n<li>Giftem\u00e5l<\/li>\r\n<\/ul>\r\n\r\n<p style=\"margin-top: 1rem\">En Vi Tr\u00e4ffades H\u00e4r-karta \u00e4r en lika stor anledning att fira f\u00f6r dig som f\u00f6r din speciella person! Ni kan se tillbaka p\u00e5 den dagen och minnas den som ett \u00f6gonblick som f\u00f6r\u00e4ndrade ert liv. Och n\u00e4r din \u00e4lskade \u00f6ppnar sin <a href=\"https:\/\/positiveprints.com\/sv\/jubileumspresent-presenttillfallen\/\">jubileumsg\u00e5va<\/a> och ser hur mycket tanke och k\u00e4rlek du lagt ner p\u00e5 den. Ni kan se tillbaka tillsammans och njuta av det livsf\u00f6r\u00e4ndrande \u00f6gonblicket.<\/p>\r\n\r\n<p style=\"margin-top: 1rem\">Kom ig\u00e5ng med att skapa din egen Vi Tr\u00e4ffades H\u00e4r-karta f\u00f6r att ge en sentimental g\u00e5va som garanterat kommer att uppskattas!<\/p>\r\n\r\n<p style=\"margin-top: 1rem\">Om du letar efter ett mer minimalistiskt tryck kan du kolla in v\u00e5rt <a href=\"https:\/\/positiveprints.com\/sv\/produkt\/personlig-tavla-med-koordinater\/\">personliga koordinattryck<\/a>.<\/p>","protected":false},"excerpt":{"rendered":"<ul class=\"check-list\">\n<li>Markera en speciell plats med en utvald symbol<\/li>\n<li>Anpassa i 3 enkla steg<\/li>\n<li>Inkludera en meningsfull personlig text<\/li>\n<li>Se resultatet direkt \u2013 den interaktiva f\u00f6rhandsvisningen l\u00e5ter dig finjustera varje detalj<\/li>\n<\/ul>\n","protected":false},"featured_media":1216274,"template":"","meta":[],"product_brand":[],"product_cat":[15851,8188,8214,9767,8151,9119,8114,11192,11190,11191,8117,11221,11222,8118,7934,8014,7679,7647,7694,7790,7758,7806,11251,11252],"product_tag":[14998,11758,11772,11835,11829,11832,11830,11834,11831],"class_list":{"0":"post-360694","1":"product","2":"type-product","3":"status-publish","4":"has-post-thumbnail","6":"product_cat-shop-bestsellers-sv","7":"product_cat-till-henne","8":"product_cat-till-honom","9":"product_cat-trending-label-sv","10":"product_cat-bastsaljare","11":"product_cat-map-sv","12":"product_cat-jubileumspresent-presenttillfallen","13":"product_cat-arsdagspresenter-till-par","14":"product_cat-arsdagspresenter-till-henne","15":"product_cat-arsdagspresenter-till-honom","16":"product_cat-fodelsedagspresenter-presenttillfallen","17":"product_cat-fodelsedagspresenter-till-henne","18":"product_cat-fodelsedagspresenter-till-honom","19":"product_cat-gavor-for-nyforlovade-par-presenttillfallen","20":"product_cat-gavor-till-brollopsdusch","21":"product_cat-gavor-for-man","22":"product_cat-gavor-till-pojkvannen","23":"product_cat-gavor-till-din-man","24":"product_cat-gavor-for-kvinnor","25":"product_cat-gavor-till-flickvannen","26":"product_cat-gavor-till-fru","27":"product_cat-gavor-for-par","28":"product_cat-alla-hjartans-dag-presenter-for-henne","29":"product_cat-alla-hjartans-dag-presenter-for-honom","30":"product_tag-anniversary-sv","31":"product_tag-julklapp-till-pojkvan","32":"product_tag-julklappar-till-flickvannen","33":"product_tag-julklappar-till-frun","34":"product_tag-julklappar-till-henne","35":"product_tag-julklappar-till-maken","36":"product_tag-kerstcadeaus-for-honom","37":"product_tag-kerstcadeaus-for-kvinnor","38":"product_tag-kerstcadeaus-for-man","40":"first","41":"instock","42":"sale","43":"taxable","44":"shipping-taxable","45":"purchasable","46":"product-type-variable"},"yoast_head":"<!-- This site is optimized with the Yoast SEO Premium plugin v27.2 (Yoast SEO v27.2) - https:\/\/yoast.com\/product\/yoast-seo-premium-wordpress\/ -->\n<title>Vi Tr\u00e4ffades H\u00e4r-karta - Positive Prints<\/title>\n<meta name=\"description\" content=\"Vi Tr\u00e4ffades H\u00e4r\" \/>\n<meta name=\"robots\" content=\"index, follow, max-snippet:-1, max-image-preview:large, max-video-preview:-1\" \/>\n<link rel=\"canonical\" href=\"https:\/\/positiveprints.com\/sv\/produkt\/vi-traffades-har-karta\/\" \/>\n<meta property=\"og:locale\" content=\"sv_SE\" \/>\n<meta property=\"og:type\" content=\"article\" \/>\n<meta property=\"og:title\" content=\"Vi Tr\u00e4ffades H\u00e4r-karta\" \/>\n<meta property=\"og:description\" content=\"Markera en speciell plats med en utvald symbol  Anpassa i 3 enkla steg  Inkludera en meningsfull personlig text  Se resultatet direkt \u2013 den interaktiva f\u00f6rhandsvisningen l\u00e5ter dig finjustera varje detalj\" \/>\n<meta property=\"og:url\" content=\"https:\/\/positiveprints.com\/sv\/produkt\/vi-traffades-har-karta\/\" \/>\n<meta property=\"og:site_name\" content=\"Positive Prints\" \/>\n<meta property=\"article:publisher\" content=\"https:\/\/www.facebook.com\/positiveprintscom\" \/>\n<meta property=\"article:modified_time\" content=\"2026-04-18T08:18:06+00:00\" \/>\n<meta property=\"og:image\" content=\"https:\/\/positiveprints.com\/wp-content\/uploads\/2024\/10\/Packshot_SE_where-we-met-product-image.webp\" \/>\n\t<meta property=\"og:image:width\" content=\"1450\" \/>\n\t<meta property=\"og:image:height\" content=\"1450\" \/>\n\t<meta property=\"og:image:type\" content=\"image\/webp\" \/>\n<meta name=\"twitter:card\" content=\"summary_large_image\" \/>\n<meta name=\"twitter:label1\" content=\"Ber\u00e4knad l\u00e4stid\" \/>\n\t<meta name=\"twitter:data1\" content=\"5 minut\" \/>\n<!-- \/ Yoast SEO Premium plugin. -->","yoast_head_json":{"title":"Vi Tr\u00e4ffades H\u00e4r-karta - Positive Prints","description":"Vi Tr\u00e4ffades H\u00e4r","robots":{"index":"index","follow":"follow","max-snippet":"max-snippet:-1","max-image-preview":"max-image-preview:large","max-video-preview":"max-video-preview:-1"},"canonical":"https:\/\/positiveprints.com\/sv\/produkt\/vi-traffades-har-karta\/","og_locale":"sv_SE","og_type":"article","og_title":"Vi Tr\u00e4ffades H\u00e4r-karta","og_description":"Markera en speciell plats med en utvald symbol  Anpassa i 3 enkla steg  Inkludera en meningsfull personlig text  Se resultatet direkt \u2013 den interaktiva f\u00f6rhandsvisningen l\u00e5ter dig finjustera varje detalj","og_url":"https:\/\/positiveprints.com\/sv\/produkt\/vi-traffades-har-karta\/","og_site_name":"Positive Prints","article_publisher":"https:\/\/www.facebook.com\/positiveprintscom","article_modified_time":"2026-04-18T08:18:06+00:00","og_image":[{"width":1450,"height":1450,"url":"https:\/\/positiveprints.com\/wp-content\/uploads\/2024\/10\/Packshot_SE_where-we-met-product-image.webp","type":"image\/webp"}],"twitter_card":"summary_large_image","twitter_misc":{"Ber\u00e4knad l\u00e4stid":"5 minut"},"schema":{"@context":"https:\/\/schema.org","@graph":[{"@type":["WebPage","ItemPage"],"@id":"https:\/\/positiveprints.com\/sv\/produkt\/vi-traffades-har-karta\/","url":"https:\/\/positiveprints.com\/sv\/produkt\/vi-traffades-har-karta\/","name":"Vi Tr\u00e4ffades H\u00e4r-karta - Positive Prints","isPartOf":{"@id":"https:\/\/positiveprints.com\/sv\/#website"},"primaryImageOfPage":{"@id":"https:\/\/positiveprints.com\/sv\/produkt\/vi-traffades-har-karta\/#primaryimage"},"image":{"@id":"https:\/\/positiveprints.com\/sv\/produkt\/vi-traffades-har-karta\/#primaryimage"},"thumbnailUrl":"https:\/\/positiveprints.com\/wp-content\/uploads\/2024\/10\/Packshot_SE_where-we-met-product-image.webp","datePublished":"2020-01-15T17:00:50+00:00","dateModified":"2026-04-18T08:18:06+00:00","description":"Vi Tr\u00e4ffades H\u00e4r","breadcrumb":{"@id":"https:\/\/positiveprints.com\/sv\/produkt\/vi-traffades-har-karta\/#breadcrumb"},"inLanguage":"sv-SE","potentialAction":[{"@type":"ReadAction","target":["https:\/\/positiveprints.com\/sv\/produkt\/vi-traffades-har-karta\/"]}]},{"@type":"ImageObject","inLanguage":"sv-SE","@id":"https:\/\/positiveprints.com\/sv\/produkt\/vi-traffades-har-karta\/#primaryimage","url":"https:\/\/positiveprints.com\/wp-content\/uploads\/2024\/10\/Packshot_SE_where-we-met-product-image.webp","contentUrl":"https:\/\/positiveprints.com\/wp-content\/uploads\/2024\/10\/Packshot_SE_where-we-met-product-image.webp","width":1450,"height":1450,"caption":"Packshot_SE_where we met product image"},{"@type":"BreadcrumbList","@id":"https:\/\/positiveprints.com\/sv\/produkt\/vi-traffades-har-karta\/#breadcrumb","itemListElement":[{"@type":"ListItem","position":1,"name":"Home","item":"https:\/\/positiveprints.com\/sv\/"},{"@type":"ListItem","position":2,"name":"Produkter","item":"https:\/\/positiveprints.com\/sv\/shop\/"},{"@type":"ListItem","position":3,"name":"Vi Tr\u00e4ffades H\u00e4r-karta"}]},{"@type":"WebSite","@id":"https:\/\/positiveprints.com\/sv\/#website","url":"https:\/\/positiveprints.com\/sv\/","name":"Positive Prints","description":"Amazing Custom Personalized Gifts","publisher":{"@id":"https:\/\/positiveprints.com\/sv\/#organization"},"potentialAction":[{"@type":"SearchAction","target":{"@type":"EntryPoint","urlTemplate":"https:\/\/positiveprints.com\/sv\/?s={search_term_string}"},"query-input":{"@type":"PropertyValueSpecification","valueRequired":true,"valueName":"search_term_string"}}],"inLanguage":"sv-SE"},{"@type":"Organization","@id":"https:\/\/positiveprints.com\/sv\/#organization","name":"Positive Prints","alternateName":"Positive Prints","url":"https:\/\/positiveprints.com\/sv\/","logo":{"@type":"ImageObject","inLanguage":"sv-SE","@id":"https:\/\/positiveprints.com\/sv\/#\/schema\/logo\/image\/","url":"https:\/\/positiveprints.com\/wp-content\/uploads\/2026\/03\/245815646_1337939713319158_5671353136411139666_n.png","contentUrl":"https:\/\/positiveprints.com\/wp-content\/uploads\/2026\/03\/245815646_1337939713319158_5671353136411139666_n.png","width":800,"height":800,"caption":"Positive Prints"},"image":{"@id":"https:\/\/positiveprints.com\/sv\/#\/schema\/logo\/image\/"},"sameAs":["https:\/\/www.facebook.com\/positiveprintscom","https:\/\/www.instagram.com\/positiveprintscom\/","https:\/\/www.tiktok.com\/@positiveprintscom","https:\/\/www.pinterest.com\/positiveprintscom\/"]}]}},"jetpack_sharing_enabled":true,"_links":{"self":[{"href":"https:\/\/positiveprints.com\/sv\/wp-json\/wp\/v2\/product\/360694","targetHints":{"allow":["GET"]}}],"collection":[{"href":"https:\/\/positiveprints.com\/sv\/wp-json\/wp\/v2\/product"}],"about":[{"href":"https:\/\/positiveprints.com\/sv\/wp-json\/wp\/v2\/types\/product"}],"wp:featuredmedia":[{"embeddable":true,"href":"https:\/\/positiveprints.com\/sv\/wp-json\/wp\/v2\/media\/1216274"}],"wp:attachment":[{"href":"https:\/\/positiveprints.com\/sv\/wp-json\/wp\/v2\/media?parent=360694"}],"wp:term":[{"taxonomy":"product_brand","embeddable":true,"href":"https:\/\/positiveprints.com\/sv\/wp-json\/wp\/v2\/product_brand?post=360694"},{"taxonomy":"product_cat","embeddable":true,"href":"https:\/\/positiveprints.com\/sv\/wp-json\/wp\/v2\/product_cat?post=360694"},{"taxonomy":"product_tag","embeddable":true,"href":"https:\/\/positiveprints.com\/sv\/wp-json\/wp\/v2\/product_tag?post=360694"}],"curies":[{"name":"wp","href":"https:\/\/api.w.org\/{rel}","templated":true}]}}