{"id":360413,"date":"2019-11-26T23:42:16","date_gmt":"2019-11-26T22:42:16","guid":{"rendered":"https:\/\/positiveprints.com\/?post_type=product&#038;p=360413"},"modified":"2026-04-18T09:18:18","modified_gmt":"2026-04-18T08:18:18","slug":"anpassad-karta-tavla","status":"publish","type":"product","link":"https:\/\/positiveprints.com\/sv\/produkt\/anpassad-karta-tavla\/","title":{"rendered":"Anpassad karta tavla"},"content":{"rendered":"<p>Med denna skapare av anpassade kartor kan du best\u00e4lla en personlig digital nedladdning, duk eller anpassad karta tavla i museikvalitet. Var \u00e4r din favoritplats i v\u00e4rlden??<\/p>\r\n\r\n\r\n<h2 class=\"grenB f24 cblue\" style=\"margin-top: 3rem\">Anpassad kartplakat av din favoritplats<\/h2>\r\n\r\n<p style=\"margin-top: 1rem\">Ingenting drar \u00f6gonen till sig som ett konstuttryck i affischstorlek av en anpassad karta som h\u00e4nger p\u00e5 v\u00e4ggen. Nu kan du skapa ett utskrift av en stadskarta \u00f6ver din favoritplats var som helst i v\u00e4rlden. V\u00e5r skapare av skr\u00e4ddarsydda kartor ger dig alla verktyg f\u00f6r att anpassa din karta efter form (du kan v\u00e4lja \u00e4ven <a href=\"https:\/\/positiveprints.com\/sv\/produkt\/vi-traffades-har-karta\/\">hj\u00e4rtformade<\/a> kartor), design, plats och kartmarkeringar. F\u00e5 din anpassade stadskarta levererad som en affisch, canvas eller som en omedelbar digital nedladdning. <\/p>\r\n\r\n\r\n<h2 class=\"grenB f24 cblue\" style=\"margin-top: 3rem\">Stadskarttryck &#8211; en g\u00e5va f\u00f6r den som reser mycket<\/h2>\r\n\r\n<p style=\"margin-top: 1rem\">Det finns inte mycket annat som definierar en person som hans eller hennes hemstad eller de platser han eller hon har rest till. \u00c4r du alltid p\u00e5 jakt efter en unik och personlig present? Undrar du vad du ska k\u00f6pa i <a href=\"https:\/\/positiveprints.com\/sv\/fodelsedagspresenter\/\">f\u00f6delsedagspresent<\/a>? En skr\u00e4ddarsydd karta tavla \u00e4r en underbar v\u00e4ggbonad och en g\u00e5va som de kommer att uppskatta i m\u00e5nga \u00e5r fram\u00f6ver. Skapa en karta \u00f6ver deras hemstad, framh\u00e4v deras f\u00f6delseort eller ge dem ett minne av deras favoritsemesterstad s\u00e5 att de kan visa upp sitt jetsetliv!<\/p>\r\n\r\n\r\n<h2 class=\"grenB f24 cblue\" style=\"margin-top: 3rem\">Anv\u00e4ndarv\u00e4nlig skapare av anpassade kartor<\/h2>\r\n\r\n<p style=\"margin-top: 1rem\">V\u00e4lj vilken plats som helst i v\u00e4rlden med din helt anpassningsbara karttillverkare som drivs med data fr\u00e5n <a href=\"https:\/\/www.openstreetmap.org\/\">OpenStreetMap<\/a>. V\u00e4lj en stad, en delstat eller ett land fr\u00e5n den digitala atlasen, och kartskaparen g\u00e5r till jobbet f\u00f6r att lyfta fram strandlinjer, gator, landm\u00e4rken och vattenv\u00e4gar som \u00e4r unika f\u00f6r din plats. Skapa en kvadratisk, cirkel- eller hj\u00e4rtformad anpassad karta tavla i valfritt antal f\u00e4rgscheman, t.ex. kontrastrikt svart eller mjuka, vintagef\u00e4rger.<\/p>\r\n\r\n\r\n<h2 class=\"grenB f24 cblue\" style=\"margin-top: 3rem\">Anpassad karta tavla &#8211; bra id\u00e9 f\u00f6r inredningsdesign<\/h2>\r\n\r\n<p style=\"margin-top: 1rem\">En anpassad stadskarta tar din k\u00e4nsla f\u00f6r inredning till en helt ny niv\u00e5. De h\u00e4r v\u00e4ggutskrifterna med anpassad kartkonst \u00e4r idealiska f\u00f6r g\u00e4strum eller f\u00f6r att dekorera din Airbnb-lista. Bes\u00f6karna kommer att \u00e4lska den lokala stilen. Vill du l\u00e4gga till en mjukare, hemtrevlig touch? F\u00e5 vilken stadskarta som helst tryckt p\u00e5 duk f\u00f6r att liva upp g\u00e4strum, vardagsrum och vardagsrum.<\/p>\r\n\r\n\r\n<ul>\r\n \t<li>Tryckta affischer finns i liggande och st\u00e5ende format. Vi har plats f\u00f6r de flesta affischstorlekar, inklusive 16X12, 36X24 och 24X18 tum eller 100X70, 70X50 och 40X30 cm. Affischerna skrivs ut p\u00e5 h\u00f6gkvalitativt affischmaterial f\u00f6r att g\u00f6ra inramningen enkel.<\/li>\r\n\r\n \t<li>Direktnedladdningar levereras som .png-filer. De flesta professionella tryckerier kan arbeta med de angivna f\u00f6rh\u00e5llandena f\u00f6r att skala din anpassade kartbild till den perfekta storleken. Vi rekommenderar att du skriver ut p\u00e5 180 wt. matt papper f\u00f6r b\u00e4sta resultat.<\/li>\r\n<\/ul>\r\n\r\n<p style=\"margin-top: 1rem\">Se \u00e4ven v\u00e5ra <a href=\"https:\/\/positiveprints.com\/sv\/produkt\/personlig-tavla-med-koordinater\/\">koordinater v\u00e4ggkonst<\/a>. G\u00e5vor med koordinater blir ett popul\u00e4rt alternativ f\u00f6r dem som \u00e4lskar att ge kreativa, ov\u00e4ntade \u00f6verraskningar!<\/p>","protected":false},"excerpt":{"rendered":"<ul class=\"check-list\">\n<li>Markera en speciell plats med en utvald symbol<\/li>\n<li>Anpassa i 3 enkla steg<\/li>\n<li>Inkludera en meningsfull personlig text<\/li>\n<li>Se resultatet direkt \u2013 den interaktiva f\u00f6rhandsvisningen l\u00e5ter dig finjustera varje detalj<\/li>\n<\/ul>\n","protected":false},"featured_media":1604524,"template":"","meta":[],"product_brand":[],"product_cat":[15116,9031,8147,9119,11584,11586,11587,11588,11645,11646,11647,11648],"product_tag":[8397,13659],"class_list":{"0":"post-360413","1":"product","2":"type-product","3":"status-publish","4":"has-post-thumbnail","6":"product_cat-bestsellers-menu-sv","7":"product_cat-digitala-produkter","8":"product_cat-creators-sv","9":"product_cat-map-sv","10":"product_cat-18-arsdag","11":"product_cat-21-arsdag","12":"product_cat-30-arsdag","13":"product_cat-40-arsdag","14":"product_cat-50-arsdag","15":"product_cat-60-arsdag","16":"product_cat-70-arsdag","17":"product_cat-80-arsdag","18":"product_tag-creators-sv","19":"product_tag-koordinatkarta","21":"first","22":"instock","23":"sale","24":"taxable","25":"shipping-taxable","26":"purchasable","27":"product-type-variable"},"yoast_head":"<!-- This site is optimized with the Yoast SEO Premium plugin v27.2 (Yoast SEO v27.2) - https:\/\/yoast.com\/product\/yoast-seo-premium-wordpress\/ -->\n<title>Anpassad karta tavla - Positive Prints<\/title>\n<meta name=\"description\" content=\"karta tavla\" \/>\n<meta name=\"robots\" content=\"index, follow, max-snippet:-1, max-image-preview:large, max-video-preview:-1\" \/>\n<link rel=\"canonical\" href=\"https:\/\/positiveprints.com\/sv\/produkt\/anpassad-karta-tavla\/\" \/>\n<meta property=\"og:locale\" content=\"sv_SE\" \/>\n<meta property=\"og:type\" content=\"article\" \/>\n<meta property=\"og:title\" content=\"Anpassad karta tavla\" \/>\n<meta property=\"og:description\" content=\"Markera en speciell plats med en utvald symbol  Anpassa i 3 enkla steg  Inkludera en meningsfull personlig text  Se resultatet direkt \u2013 den interaktiva f\u00f6rhandsvisningen l\u00e5ter dig finjustera varje detalj\" \/>\n<meta property=\"og:url\" content=\"https:\/\/positiveprints.com\/sv\/produkt\/anpassad-karta-tavla\/\" \/>\n<meta property=\"og:site_name\" content=\"Positive Prints\" \/>\n<meta property=\"article:publisher\" content=\"https:\/\/www.facebook.com\/positiveprintscom\" \/>\n<meta property=\"article:modified_time\" content=\"2026-04-18T08:18:18+00:00\" \/>\n<meta property=\"og:image\" content=\"https:\/\/positiveprints.com\/wp-content\/uploads\/2024\/10\/Packshot_SE_our-first-date-product-image.webp\" \/>\n\t<meta property=\"og:image:width\" content=\"1450\" \/>\n\t<meta property=\"og:image:height\" content=\"1450\" \/>\n\t<meta property=\"og:image:type\" content=\"image\/webp\" \/>\n<meta name=\"twitter:card\" content=\"summary_large_image\" \/>\n<meta name=\"twitter:label1\" content=\"Ber\u00e4knad l\u00e4stid\" \/>\n\t<meta name=\"twitter:data1\" content=\"3 minut\" \/>\n<!-- \/ Yoast SEO Premium plugin. -->","yoast_head_json":{"title":"Anpassad karta tavla - Positive Prints","description":"karta tavla","robots":{"index":"index","follow":"follow","max-snippet":"max-snippet:-1","max-image-preview":"max-image-preview:large","max-video-preview":"max-video-preview:-1"},"canonical":"https:\/\/positiveprints.com\/sv\/produkt\/anpassad-karta-tavla\/","og_locale":"sv_SE","og_type":"article","og_title":"Anpassad karta tavla","og_description":"Markera en speciell plats med en utvald symbol  Anpassa i 3 enkla steg  Inkludera en meningsfull personlig text  Se resultatet direkt \u2013 den interaktiva f\u00f6rhandsvisningen l\u00e5ter dig finjustera varje detalj","og_url":"https:\/\/positiveprints.com\/sv\/produkt\/anpassad-karta-tavla\/","og_site_name":"Positive Prints","article_publisher":"https:\/\/www.facebook.com\/positiveprintscom","article_modified_time":"2026-04-18T08:18:18+00:00","og_image":[{"width":1450,"height":1450,"url":"https:\/\/positiveprints.com\/wp-content\/uploads\/2024\/10\/Packshot_SE_our-first-date-product-image.webp","type":"image\/webp"}],"twitter_card":"summary_large_image","twitter_misc":{"Ber\u00e4knad l\u00e4stid":"3 minut"},"schema":{"@context":"https:\/\/schema.org","@graph":[{"@type":["WebPage","ItemPage"],"@id":"https:\/\/positiveprints.com\/sv\/produkt\/anpassad-karta-tavla\/","url":"https:\/\/positiveprints.com\/sv\/produkt\/anpassad-karta-tavla\/","name":"Anpassad karta tavla - Positive Prints","isPartOf":{"@id":"https:\/\/positiveprints.com\/sv\/#website"},"primaryImageOfPage":{"@id":"https:\/\/positiveprints.com\/sv\/produkt\/anpassad-karta-tavla\/#primaryimage"},"image":{"@id":"https:\/\/positiveprints.com\/sv\/produkt\/anpassad-karta-tavla\/#primaryimage"},"thumbnailUrl":"https:\/\/positiveprints.com\/wp-content\/uploads\/2026\/01\/Packshot_SE_Anpassad-karta-tavla.webp","datePublished":"2019-11-26T22:42:16+00:00","dateModified":"2026-04-18T08:18:18+00:00","description":"karta tavla","breadcrumb":{"@id":"https:\/\/positiveprints.com\/sv\/produkt\/anpassad-karta-tavla\/#breadcrumb"},"inLanguage":"sv-SE","potentialAction":[{"@type":"ReadAction","target":["https:\/\/positiveprints.com\/sv\/produkt\/anpassad-karta-tavla\/"]}]},{"@type":"ImageObject","inLanguage":"sv-SE","@id":"https:\/\/positiveprints.com\/sv\/produkt\/anpassad-karta-tavla\/#primaryimage","url":"https:\/\/positiveprints.com\/wp-content\/uploads\/2026\/01\/Packshot_SE_Anpassad-karta-tavla.webp","contentUrl":"https:\/\/positiveprints.com\/wp-content\/uploads\/2026\/01\/Packshot_SE_Anpassad-karta-tavla.webp","width":1450,"height":1450},{"@type":"BreadcrumbList","@id":"https:\/\/positiveprints.com\/sv\/produkt\/anpassad-karta-tavla\/#breadcrumb","itemListElement":[{"@type":"ListItem","position":1,"name":"Home","item":"https:\/\/positiveprints.com\/sv\/"},{"@type":"ListItem","position":2,"name":"Produkter","item":"https:\/\/positiveprints.com\/sv\/shop\/"},{"@type":"ListItem","position":3,"name":"Anpassad karta tavla"}]},{"@type":"WebSite","@id":"https:\/\/positiveprints.com\/sv\/#website","url":"https:\/\/positiveprints.com\/sv\/","name":"Positive Prints","description":"Amazing Custom Personalized Gifts","publisher":{"@id":"https:\/\/positiveprints.com\/sv\/#organization"},"potentialAction":[{"@type":"SearchAction","target":{"@type":"EntryPoint","urlTemplate":"https:\/\/positiveprints.com\/sv\/?s={search_term_string}"},"query-input":{"@type":"PropertyValueSpecification","valueRequired":true,"valueName":"search_term_string"}}],"inLanguage":"sv-SE"},{"@type":"Organization","@id":"https:\/\/positiveprints.com\/sv\/#organization","name":"Positive Prints","alternateName":"Positive Prints","url":"https:\/\/positiveprints.com\/sv\/","logo":{"@type":"ImageObject","inLanguage":"sv-SE","@id":"https:\/\/positiveprints.com\/sv\/#\/schema\/logo\/image\/","url":"https:\/\/positiveprints.com\/wp-content\/uploads\/2026\/03\/245815646_1337939713319158_5671353136411139666_n.png","contentUrl":"https:\/\/positiveprints.com\/wp-content\/uploads\/2026\/03\/245815646_1337939713319158_5671353136411139666_n.png","width":800,"height":800,"caption":"Positive Prints"},"image":{"@id":"https:\/\/positiveprints.com\/sv\/#\/schema\/logo\/image\/"},"sameAs":["https:\/\/www.facebook.com\/positiveprintscom","https:\/\/www.instagram.com\/positiveprintscom\/","https:\/\/www.tiktok.com\/@positiveprintscom","https:\/\/www.pinterest.com\/positiveprintscom\/"]}]}},"jetpack_sharing_enabled":true,"_links":{"self":[{"href":"https:\/\/positiveprints.com\/sv\/wp-json\/wp\/v2\/product\/360413","targetHints":{"allow":["GET"]}}],"collection":[{"href":"https:\/\/positiveprints.com\/sv\/wp-json\/wp\/v2\/product"}],"about":[{"href":"https:\/\/positiveprints.com\/sv\/wp-json\/wp\/v2\/types\/product"}],"wp:featuredmedia":[{"embeddable":true,"href":"https:\/\/positiveprints.com\/sv\/wp-json\/wp\/v2\/media\/1604524"}],"wp:attachment":[{"href":"https:\/\/positiveprints.com\/sv\/wp-json\/wp\/v2\/media?parent=360413"}],"wp:term":[{"taxonomy":"product_brand","embeddable":true,"href":"https:\/\/positiveprints.com\/sv\/wp-json\/wp\/v2\/product_brand?post=360413"},{"taxonomy":"product_cat","embeddable":true,"href":"https:\/\/positiveprints.com\/sv\/wp-json\/wp\/v2\/product_cat?post=360413"},{"taxonomy":"product_tag","embeddable":true,"href":"https:\/\/positiveprints.com\/sv\/wp-json\/wp\/v2\/product_tag?post=360413"}],"curies":[{"name":"wp","href":"https:\/\/api.w.org\/{rel}","templated":true}]}}