{"id":360402,"date":"2021-03-23T11:06:26","date_gmt":"2021-03-23T10:06:26","guid":{"rendered":"https:\/\/positiveprints.com\/?post_type=product&#038;p=360402"},"modified":"2026-04-18T09:11:11","modified_gmt":"2026-04-18T08:11:11","slug":"stjarnor-pa-brollopsdagen","status":"publish","type":"product","link":"https:\/\/positiveprints.com\/sv\/produkt\/stjarnor-pa-brollopsdagen\/","title":{"rendered":"Stj\u00e4rnor p\u00e5 br\u00f6llopsdagen"},"content":{"rendered":"<p>Om du letar efter en original, personlig present till n\u00e5gon speciell i ditt liv eller ett roligt s\u00e4tt att dekorera ditt eget utrymme, \u00f6verv\u00e4g sk\u00f6nheten och sentimentaliteten hos en &#8220;stj\u00e4rnor p\u00e5 br\u00f6llopsdagen&#8221;-affisch.<\/p>\r\n\r\n<h2 class=\"grenB f24 cblue\" style=\"margin-top: 3rem\">Karta \u00f6ver stj\u00e4rnor p\u00e5 br\u00f6llopsdagen<\/h2>\r\n\r\n<p style=\"margin-top: 1rem\">Kommer du ih\u00e5g hur himlen s\u00e5g ut natten till en av ditt livs mest speciella h\u00e4ndelser? Med v\u00e5r stj\u00e4rnkarta f\u00f6r br\u00f6llop kan du \u00e5terskapa \u00f6gonblicket d\u00e4r universum anpassades just f\u00f6r dig.<\/p>\r\n\r\n<p style=\"margin-top: 1rem\">Br\u00f6llop och alla livets m\u00e5nga stora milstolpar \u00e4r h\u00e4ndelser v\u00e4rda att minnas. En stj\u00e4rnkarta f\u00f6r br\u00f6llop hj\u00e4lper dig att f\u00e5nga dessa \u00f6gonblick i tid och visa dem p\u00e5 ett konstn\u00e4rligt s\u00e4tt som hj\u00e4lper dig att ber\u00e4tta ditt livs historia.<\/p>\r\n\r\n<p style=\"margin-top: 1rem\">Varje tryck \u00e4r lika unikt som sj\u00e4lva \u00f6gonblicket. Det beror p\u00e5 att ingen livsresa \u00e4r den andra lik, och dina &#8220;stj\u00e4rnor p\u00e5 br\u00f6llopsdagen&#8221; hj\u00e4lper till att ber\u00e4tta historien du har skrivit.<\/p>\r\n\r\n<p style=\"margin-top: 1rem\">Om du letar efter en original, personlig <a href=\"https:\/\/positiveprints.com\/sv\/brollopspresenter\/\">br\u00f6llopspresent<\/a> till n\u00e5gon speciell i ditt liv eller ett roligt s\u00e4tt att dekorera ditt eget utrymme, \u00f6verv\u00e4g sk\u00f6nheten och sentimentaliteten hos en br\u00f6llopsstj\u00e4rnkartaaffisch. <\/p>\r\n\r\n<h2 class=\"grenB f24 cblue\" style=\"margin-top: 3rem\">Vad \u00e4r en stj\u00e4rnkarta f\u00f6r br\u00f6llop?<\/h2>\r\n\r\n<p style=\"margin-top: 1rem\">Oavsett var du \u00e4r p\u00e5 jorden \u00e4r natthimlen ovanf\u00f6r dig fylld av stj\u00e4rnor, planeter och andra himlakroppar. Men den h\u00e4r himlen kan se v\u00e4ldigt olika ut beroende p\u00e5 var du \u00e4r och n\u00e4r du v\u00e4nder huvudet mot himlen. <\/p>\r\n\r\n<p style=\"margin-top: 1rem\">Det \u00e4r d\u00e4rf\u00f6r m\u00e5nga v\u00e4ljer att skapa en stj\u00e4rnkarta f\u00f6r br\u00f6llop f\u00f6r att hedra deras viktigaste \u00f6gonblick i livet. Dessa affischer ger en korrekt representation av hur himlen s\u00e5g ut fr\u00e5n en specifik plats, datum och tid. N\u00e4r du tittar p\u00e5 din anpassade affisch, tittar du ocks\u00e5 p\u00e5 himlen fr\u00e5n den d\u00e4r mycket speciella dagen, s\u00e5 att du kan \u00e5teruppleva dina minnen via en himmelkarta med stj\u00e4rnor.<\/p>\r\n\r\n<h2 class=\"grenB f24 cblue\" style=\"margin-top: 3rem\">Hur kan jag anpassa ett &#8220;stj\u00e4rnor p\u00e5 br\u00f6llopsdagen&#8221;-tryck?<\/h2>\r\n\r\n<p style=\"margin-top: 1rem\">Det som g\u00f6r br\u00f6llopsstj\u00e4rnkartaaffischerna s\u00e5 unika \u00e4r att de \u00e4r anpassade f\u00f6r varje individ. N\u00e4r du anger ditt datum, tid och plats fungerar v\u00e5r smarta teknik f\u00f6r att arrangera stj\u00e4rnor, konstellationer, planeter och andra element f\u00f6r att skapa din stj\u00e4rnhimmelkarta.<\/p>\r\n\r\n<p style=\"margin-top: 1rem\">Personalisering slutar dock inte d\u00e4r. H\u00e4r \u00e4r en n\u00e4rmare titt p\u00e5 hur du kan skr\u00e4ddarsy en natthimlens br\u00f6llopspresent med positiva tryck.<\/p>\r\n\r\n<h3 class=\"grenB f18 cblue\" style=\"margin-top: 3rem\">Steg 1: V\u00e4lj design<\/h3>\r\n\r\n<p style=\"margin-top: 1rem\">V\u00e5rt anv\u00e4ndarv\u00e4nliga verktyg f\u00f6r att skapa stj\u00e4rnkartor tar bort gissningsarbetet med att designa din egen stj\u00e4rnhimmelskarta. V\u00e4lj mellan 7 f\u00f6rdefinierade kartdesigner och f\u00e4rgscheman, eller v\u00e4lj det anpassade alternativet f\u00f6r att skapa ditt eget f\u00e4rgschema. Du kan ocks\u00e5 v\u00e4lja detaljniv\u00e5n som ska visas p\u00e5 din stj\u00e4rnkartas br\u00f6llopspresent, inklusive n\u00e4rvaron av planeter, konstellationer, <a href=\"https:\/\/sv.wikipedia.org\/wiki\/Vintergatan\">Vintergatan<\/a> och mer.<\/p>\r\n\r\n<h3 class=\"grenB f18 cblue\" style=\"margin-top: 3rem\">Steg 2: Ange detaljer<\/h3>\r\n\r\n<p style=\"margin-top: 1rem\">Att v\u00e4lja ditt \u00f6gonblick i tiden \u00e4r k\u00e4nnetecknet f\u00f6r en natthimlens br\u00f6llopskarta. Din karta \u00e4r skr\u00e4ddarsydd f\u00f6r att representera en h\u00e4ndelse i ditt liv som \u00e4r viktig f\u00f6r dig. Du har m\u00f6jlighet att ange en specifik plats eller koordinater samt datum och tid. detta kan vara \u00f6gonblicket n\u00e4r en \u00e4lskad anl\u00e4nde till v\u00e4rlden, \u00f6gonblicket du tr\u00e4ffade &#8220;den ena&#8221;, tiden du sa att jag g\u00f6r det, eller otaliga andra speciella tillf\u00e4llen.. <\/p>\r\n\r\n<p style=\"margin-top: 1rem\">Du kan ytterligare anpassa din br\u00f6llopshimmelkarta genom att l\u00e4gga till ett <a href=\"https:\/\/positiveprints.com\/blog\/star-map-quotes-message-ideas\/\">meningsfullt citat<\/a> eller textrad som hj\u00e4lper dig att ber\u00e4tta din historia. Om du k\u00e4mpar f\u00f6r att komma p\u00e5 de perfekta orden, kan v\u00e5r nya offertfunktion f\u00f6resl\u00e5 n\u00e5gra f\u00f6r dig baserat p\u00e5 h\u00e4ndelsen. Klicka bara p\u00e5 den lilla pratbubblan i stj\u00e4rnkartaredigeraren, v\u00e4lj tillf\u00e4lle och v\u00e4lj det citat som passar dina k\u00e4nslor b\u00e4st.<\/p>\r\n\r\n<h3 class=\"grenB f18 cblue\" style=\"margin-top: 3rem\">Steg 3: V\u00e4lj format<\/h3>\r\n\r\n<p style=\"margin-top: 1rem\">N\u00e4r du har skapat dina anpassade &#8220;stj\u00e4rnor p\u00e5 br\u00f6llopsdagen-utskriften, kan du v\u00e4lja det leveransformat som passar dina behov b\u00e4st. Vi rekommenderar digitala nedladdningar om du har br\u00e5ttom. Din affisch kommer att levereras i en digital fil, som du kan ta till ditt lokala tryckeri f\u00f6r omedelbar utskrift. <\/p>\r\n\r\n<p style=\"margin-top: 1rem\">Om du f\u00f6redrar ett professionellt alternativ kan vi trycka din affisch p\u00e5 canvas eller affischklassat material och till och med l\u00e4gga till en ram som \u00e4r perfekt f\u00f6r presenter. Alla v\u00e5ra affischer skickas \u00f6ver hela v\u00e4rlden.<\/p>\r\n\r\n<h2 class=\"grenB f24 cblue\" style=\"margin-top: 3rem\">\u00c4r v\u00e5ra br\u00f6llopsstj\u00e4rnkartor korrekta?<\/h2>\r\n\r\n<p style=\"margin-top: 1rem\">Sk\u00f6nheten med en natthimlens br\u00f6llopspresent ligger i de fina detaljerna, och noggrannhet faller inom denna kategori. F\u00f6r att s\u00e4kerst\u00e4lla att vi f\u00e5r den mest exakta representationen av natthimlen baserat p\u00e5 ditt datum och din plats anv\u00e4nder vi data fr\u00e5n Hipparcos-satelliten, som \u00e4r specialiserad p\u00e5 astrometri. <\/p>\r\n\r\n<p style=\"margin-top: 1rem\">Vad detta betyder f\u00f6r dig \u00e4r att stj\u00e4rnor visas noggrant p\u00e5 din karta ungef\u00e4r som de skulle se ut p\u00e5 himlen. Var och en av v\u00e5ra designs genereras med hj\u00e4lp av riktiga astrometridata s\u00e5 att du kan lita p\u00e5 (och \u00e4lska!) resultaten.<\/p>\r\n\r\n<h2 class=\"grenB f24 cblue\" style=\"margin-top: 3rem\">\u00d6verraska din \u00e4lskade med en natthimlens br\u00f6llopspresent!<\/h2>\r\n\r\n<p style=\"margin-top: 1rem\">Att ge en <a href=\"https:\/\/positiveprints.com\/sv\/produkt\/anpassad-stjarnkarta\/\">natthimlens affisch <\/a> i present \u00e4r verkligen olik alla andra. Varje affisch \u00e4r skr\u00e4ddarsydd och trycks p\u00e5 best\u00e4llning baserat p\u00e5 de uppgifter du matat in. Dessa tryck \u00e4r idealiska f\u00f6r alla tillf\u00e4llen och \u00e4r utm\u00e4rkta presenter, till dig sj\u00e4lv och andra.<\/p>\r\n\r\n<p style=\"margin-top: 1rem\">Illustrera de mest v\u00e4rdefulla \u00f6gonblicken i ditt livs ber\u00e4ttelse. B\u00f6rja skapa din skr\u00e4ddarsydda present f\u00f6r natthimlen idag!<\/p>","protected":false},"excerpt":{"rendered":"<ul class=\"check-list\">\n<li>L\u00e4gg till planeter, konstellationer och Vintergatan <\/li>\n<li>Anpassa i 3 enkla steg<\/li>\n<li>Inkludera en meningsfull personlig text<\/li>\n<li>Se resultatet direkt \u2013 den interaktiva f\u00f6rhandsvisningen l\u00e5ter dig finjustera varje detalj<\/li>\n<\/ul>\n","protected":false},"featured_media":1221407,"template":"","meta":[],"product_brand":[],"product_cat":[9281,7934,8120,8218],"product_tag":[15071],"class_list":{"0":"post-360402","1":"product","2":"type-product","3":"status-publish","4":"has-post-thumbnail","6":"product_cat-bestsellers-label-sv","7":"product_cat-gavor-till-brollopsdusch","8":"product_cat-brollopspresenter-presenttillfallen","9":"product_cat-star-sv","10":"product_tag-wedding-pl-sv","12":"first","13":"instock","14":"sale","15":"taxable","16":"shipping-taxable","17":"purchasable","18":"product-type-variable","19":"has-default-attributes"},"yoast_head":"<!-- This site is optimized with the Yoast SEO Premium plugin v27.2 (Yoast SEO v27.2) - https:\/\/yoast.com\/product\/yoast-seo-premium-wordpress\/ -->\n<title>Stj\u00e4rnor p\u00e5 br\u00f6llopsdagen - Positive Prints<\/title>\n<meta name=\"description\" content=\"Illustrera de mest v\u00e4rdefulla \u00f6gonblicken i ditt livs ber\u00e4ttelse. B\u00f6rja skapa din skr\u00e4ddarsydda present f\u00f6r natthimlen idag!\" \/>\n<meta name=\"robots\" content=\"index, follow, max-snippet:-1, max-image-preview:large, max-video-preview:-1\" \/>\n<link rel=\"canonical\" href=\"https:\/\/positiveprints.com\/sv\/produkt\/stjarnor-pa-brollopsdagen\/\" \/>\n<meta property=\"og:locale\" content=\"sv_SE\" \/>\n<meta property=\"og:type\" content=\"article\" \/>\n<meta property=\"og:title\" content=\"Stj\u00e4rnor p\u00e5 br\u00f6llopsdagen\" \/>\n<meta property=\"og:description\" content=\"L\u00e4gg till planeter, konstellationer och Vintergatan   Anpassa i 3 enkla steg  Inkludera en meningsfull personlig text  Se resultatet direkt \u2013 den interaktiva f\u00f6rhandsvisningen l\u00e5ter dig finjustera varje detalj\" \/>\n<meta property=\"og:url\" content=\"https:\/\/positiveprints.com\/sv\/produkt\/stjarnor-pa-brollopsdagen\/\" \/>\n<meta property=\"og:site_name\" content=\"Positive Prints\" \/>\n<meta property=\"article:publisher\" content=\"https:\/\/www.facebook.com\/positiveprintscom\" \/>\n<meta property=\"article:modified_time\" content=\"2026-04-18T08:11:11+00:00\" \/>\n<meta property=\"og:image\" content=\"https:\/\/positiveprints.com\/wp-content\/uploads\/2024\/10\/Packshot_SE_stars-on-a-wedding-dayporduct-image.webp\" \/>\n\t<meta property=\"og:image:width\" content=\"1450\" \/>\n\t<meta property=\"og:image:height\" content=\"1450\" \/>\n\t<meta property=\"og:image:type\" content=\"image\/webp\" \/>\n<meta name=\"twitter:card\" content=\"summary_large_image\" \/>\n<meta name=\"twitter:label1\" content=\"Ber\u00e4knad l\u00e4stid\" \/>\n\t<meta name=\"twitter:data1\" content=\"4 minut\" \/>\n<!-- \/ Yoast SEO Premium plugin. -->","yoast_head_json":{"title":"Stj\u00e4rnor p\u00e5 br\u00f6llopsdagen - Positive Prints","description":"Illustrera de mest v\u00e4rdefulla \u00f6gonblicken i ditt livs ber\u00e4ttelse. B\u00f6rja skapa din skr\u00e4ddarsydda present f\u00f6r natthimlen idag!","robots":{"index":"index","follow":"follow","max-snippet":"max-snippet:-1","max-image-preview":"max-image-preview:large","max-video-preview":"max-video-preview:-1"},"canonical":"https:\/\/positiveprints.com\/sv\/produkt\/stjarnor-pa-brollopsdagen\/","og_locale":"sv_SE","og_type":"article","og_title":"Stj\u00e4rnor p\u00e5 br\u00f6llopsdagen","og_description":"L\u00e4gg till planeter, konstellationer och Vintergatan   Anpassa i 3 enkla steg  Inkludera en meningsfull personlig text  Se resultatet direkt \u2013 den interaktiva f\u00f6rhandsvisningen l\u00e5ter dig finjustera varje detalj","og_url":"https:\/\/positiveprints.com\/sv\/produkt\/stjarnor-pa-brollopsdagen\/","og_site_name":"Positive Prints","article_publisher":"https:\/\/www.facebook.com\/positiveprintscom","article_modified_time":"2026-04-18T08:11:11+00:00","og_image":[{"width":1450,"height":1450,"url":"https:\/\/positiveprints.com\/wp-content\/uploads\/2024\/10\/Packshot_SE_stars-on-a-wedding-dayporduct-image.webp","type":"image\/webp"}],"twitter_card":"summary_large_image","twitter_misc":{"Ber\u00e4knad l\u00e4stid":"4 minut"},"schema":{"@context":"https:\/\/schema.org","@graph":[{"@type":["WebPage","ItemPage"],"@id":"https:\/\/positiveprints.com\/sv\/produkt\/stjarnor-pa-brollopsdagen\/","url":"https:\/\/positiveprints.com\/sv\/produkt\/stjarnor-pa-brollopsdagen\/","name":"Stj\u00e4rnor p\u00e5 br\u00f6llopsdagen - Positive Prints","isPartOf":{"@id":"https:\/\/positiveprints.com\/sv\/#website"},"primaryImageOfPage":{"@id":"https:\/\/positiveprints.com\/sv\/produkt\/stjarnor-pa-brollopsdagen\/#primaryimage"},"image":{"@id":"https:\/\/positiveprints.com\/sv\/produkt\/stjarnor-pa-brollopsdagen\/#primaryimage"},"thumbnailUrl":"https:\/\/positiveprints.com\/wp-content\/uploads\/2024\/10\/Packshot_SE_stars-on-a-wedding-dayporduct-image.webp","datePublished":"2021-03-23T10:06:26+00:00","dateModified":"2026-04-18T08:11:11+00:00","description":"Illustrera de mest v\u00e4rdefulla \u00f6gonblicken i ditt livs ber\u00e4ttelse. B\u00f6rja skapa din skr\u00e4ddarsydda present f\u00f6r natthimlen idag!","breadcrumb":{"@id":"https:\/\/positiveprints.com\/sv\/produkt\/stjarnor-pa-brollopsdagen\/#breadcrumb"},"inLanguage":"sv-SE","potentialAction":[{"@type":"ReadAction","target":["https:\/\/positiveprints.com\/sv\/produkt\/stjarnor-pa-brollopsdagen\/"]}]},{"@type":"ImageObject","inLanguage":"sv-SE","@id":"https:\/\/positiveprints.com\/sv\/produkt\/stjarnor-pa-brollopsdagen\/#primaryimage","url":"https:\/\/positiveprints.com\/wp-content\/uploads\/2024\/10\/Packshot_SE_stars-on-a-wedding-dayporduct-image.webp","contentUrl":"https:\/\/positiveprints.com\/wp-content\/uploads\/2024\/10\/Packshot_SE_stars-on-a-wedding-dayporduct-image.webp","width":1450,"height":1450},{"@type":"BreadcrumbList","@id":"https:\/\/positiveprints.com\/sv\/produkt\/stjarnor-pa-brollopsdagen\/#breadcrumb","itemListElement":[{"@type":"ListItem","position":1,"name":"Home","item":"https:\/\/positiveprints.com\/sv\/"},{"@type":"ListItem","position":2,"name":"Produkter","item":"https:\/\/positiveprints.com\/sv\/shop\/"},{"@type":"ListItem","position":3,"name":"Stj\u00e4rnor p\u00e5 br\u00f6llopsdagen"}]},{"@type":"WebSite","@id":"https:\/\/positiveprints.com\/sv\/#website","url":"https:\/\/positiveprints.com\/sv\/","name":"Positive Prints","description":"Amazing Custom Personalized Gifts","publisher":{"@id":"https:\/\/positiveprints.com\/sv\/#organization"},"potentialAction":[{"@type":"SearchAction","target":{"@type":"EntryPoint","urlTemplate":"https:\/\/positiveprints.com\/sv\/?s={search_term_string}"},"query-input":{"@type":"PropertyValueSpecification","valueRequired":true,"valueName":"search_term_string"}}],"inLanguage":"sv-SE"},{"@type":"Organization","@id":"https:\/\/positiveprints.com\/sv\/#organization","name":"Positive Prints","alternateName":"Positive Prints","url":"https:\/\/positiveprints.com\/sv\/","logo":{"@type":"ImageObject","inLanguage":"sv-SE","@id":"https:\/\/positiveprints.com\/sv\/#\/schema\/logo\/image\/","url":"https:\/\/positiveprints.com\/wp-content\/uploads\/2026\/03\/245815646_1337939713319158_5671353136411139666_n.png","contentUrl":"https:\/\/positiveprints.com\/wp-content\/uploads\/2026\/03\/245815646_1337939713319158_5671353136411139666_n.png","width":800,"height":800,"caption":"Positive Prints"},"image":{"@id":"https:\/\/positiveprints.com\/sv\/#\/schema\/logo\/image\/"},"sameAs":["https:\/\/www.facebook.com\/positiveprintscom","https:\/\/www.instagram.com\/positiveprintscom\/","https:\/\/www.tiktok.com\/@positiveprintscom","https:\/\/www.pinterest.com\/positiveprintscom\/"]}]}},"jetpack_sharing_enabled":true,"_links":{"self":[{"href":"https:\/\/positiveprints.com\/sv\/wp-json\/wp\/v2\/product\/360402","targetHints":{"allow":["GET"]}}],"collection":[{"href":"https:\/\/positiveprints.com\/sv\/wp-json\/wp\/v2\/product"}],"about":[{"href":"https:\/\/positiveprints.com\/sv\/wp-json\/wp\/v2\/types\/product"}],"wp:featuredmedia":[{"embeddable":true,"href":"https:\/\/positiveprints.com\/sv\/wp-json\/wp\/v2\/media\/1221407"}],"wp:attachment":[{"href":"https:\/\/positiveprints.com\/sv\/wp-json\/wp\/v2\/media?parent=360402"}],"wp:term":[{"taxonomy":"product_brand","embeddable":true,"href":"https:\/\/positiveprints.com\/sv\/wp-json\/wp\/v2\/product_brand?post=360402"},{"taxonomy":"product_cat","embeddable":true,"href":"https:\/\/positiveprints.com\/sv\/wp-json\/wp\/v2\/product_cat?post=360402"},{"taxonomy":"product_tag","embeddable":true,"href":"https:\/\/positiveprints.com\/sv\/wp-json\/wp\/v2\/product_tag?post=360402"}],"curies":[{"name":"wp","href":"https:\/\/api.w.org\/{rel}","templated":true}]}}