{"id":360400,"date":"2022-08-31T13:00:12","date_gmt":"2022-08-31T12:00:12","guid":{"rendered":"https:\/\/positiveprints.com\/?post_type=product&#038;p=360400"},"modified":"2026-04-12T23:01:29","modified_gmt":"2026-04-12T22:01:29","slug":"den-dagen-du-blev-min-mormor","status":"publish","type":"product","link":"https:\/\/positiveprints.com\/sv\/produkt\/den-dagen-du-blev-min-mormor\/","title":{"rendered":"Dagen d\u00e5 du blev min mormor"},"content":{"rendered":"<p>Att bli mor- eller farf\u00f6r\u00e4lder \u00e4r ett av livets mest gl\u00e4djefyllda \u00f6gonblick.\nFira ditt med konstverket The Day You Became My Grandma. <\/p>\n\n\n<h2 class=\"grenB f24 cblue\" style=\"margin-top: 3rem\">Hj\u00e4lp mormor att \u00e5teruppleva den b\u00e4sta dagen i hennes liv<\/h2>\n\n<p style=\"margin-top: 1rem\">Det kan vara sv\u00e5rt att hitta den perfekta presenten till dina mor- och farf\u00f6r\u00e4ldrar.\nPositive Prints kan hj\u00e4lpa dig med v\u00e5rt vackra The Day You Became My Grandma-tryck. <\/p>\n\n<p style=\"margin-top: 1rem\">En <a href=\"https:\/\/positiveprints.com\/product\/star-map\/\">affisch med stj\u00e4rnkarta<\/a> \u00e4r ett unikt s\u00e4tt att minnas ett speciellt \u00f6gonblick eller en speciell h\u00e4ndelse.\nDen visar stj\u00e4rnorna som de var vid den specifika tiden och platsen.\nI det h\u00e4r fallet \u00e4r det dagen d\u00e5 hon blev din mormor!  <\/p>\n\n<p style=\"margin-top: 1rem\">V\u00e5ra konstverk The Day You Became My Grandma \u00e4r en bra present till en mormor eftersom de \u00e4r personliga och meningsfulla.\nDet visar att du har tagit dig tid att skapa n\u00e5got bara f\u00f6r henne.\nDet \u00e4r n\u00e5got hon kan visa upp i sitt hem och v\u00e4rna om i m\u00e5nga \u00e5r fram\u00f6ver.  <\/p>\n\n<h2 class=\"grenB f24 cblue\" style=\"margin-top: 3rem\">Skapa din present till mormor p\u00e5 bara n\u00e5gra minuter!<\/h2>\n\n<p style=\"margin-top: 1rem\">V\u00e4lj bara din stj\u00e4rnkartedesign, inklusive f\u00e4rger, former och fina detaljer.\nL\u00e4gg till lite anpassad text, till exempel ett datum, en plats, en tid, ett citat, en s\u00e5ngtext, en religi\u00f6s vers eller ett speciellt ordspr\u00e5k.\nSedan kan du f\u00e5 ditt tryck levererat hem till dig.\nVi trycker p\u00e5 h\u00f6gkvalitativt affischpapper eller sp\u00e4nnduk av h\u00f6gsta kvalitet.\nDu kan ocks\u00e5 l\u00e4gga till en ram f\u00f6r att f\u00e5 ett konstverk som \u00e4r redo att ges bort som g\u00e5va.    <\/p>\n\n<p style=\"margin-top: 1rem\">Vi erbjuder snabb frakt p\u00e5 varje best\u00e4llning till hela v\u00e4rlden.\nEller f\u00f6r \u00e4nnu snabbare service, v\u00e4lj en digital fil s\u00e5 skickar vi den direkt till din inkorg. <\/p>\n\n<p style=\"margin-top: 1rem\">Ge bort en <a href=\"https:\/\/positiveprints.com\/blog\/the-ultimate-star-map-gift-guide-for-all-occasions\/\">stj\u00e4rnkartspresent<\/a> som din mormor kommer att \u00e4lska &#8211; kom ig\u00e5ng idag!<\/p>","protected":false},"excerpt":{"rendered":"<ul class=\"check-list\">\n<li>Ta vara p\u00e5 det magiska \u00f6gonblicket n\u00e4r du blir mormor med en anpassad stj\u00e4rnkarta och bevara minnet i m\u00e5nga \u00e5r fram\u00f6ver<\/li>\n<li>L\u00e4gg till planeter, konstellationer och Vintergatan<\/li>\n<li>Anpassa i 3 enkla steg<\/li>\n<li>Inkludera en meningsfull personlig text<\/li>\n<li>Se resultatet direkt \u2013 den interaktiva f\u00f6rhandsvisningen l\u00e5ter dig finjustera varje detalj<\/li>\n<\/ul>\n","protected":false},"featured_media":1227149,"template":"","meta":[],"product_brand":[],"product_cat":[9281,8108,8218,7727,11468],"product_tag":[8590,13380,11778,9460],"class_list":{"0":"post-360400","1":"product","2":"type-product","3":"status-publish","4":"has-post-thumbnail","6":"product_cat-bestsellers-label-sv","7":"product_cat-julpresenter","8":"product_cat-star-sv","9":"product_cat-gavor-till-mormor","10":"product_cat-julklappar-till-mormor","11":"product_tag-farmor","12":"product_tag-julklapp-till-en-mormor","13":"product_tag-julklappar-till-mormor","14":"product_tag-mormor","16":"first","17":"instock","18":"sale","19":"taxable","20":"shipping-taxable","21":"purchasable","22":"product-type-variable"},"yoast_head":"<!-- This site is optimized with the Yoast SEO Premium plugin v27.2 (Yoast SEO v27.2) - https:\/\/yoast.com\/product\/yoast-seo-premium-wordpress\/ -->\n<title>Den dag du blev min mormor - Positive Prints<\/title>\n<meta name=\"description\" content=\"Att bli mor- eller farf\u00f6r\u00e4lder \u00e4r ett av livets mest gl\u00e4djefyllda \u00f6gonblick. Fira ditt med konstverket The Day You Became My Grandma.\" \/>\n<meta name=\"robots\" content=\"index, follow, max-snippet:-1, max-image-preview:large, max-video-preview:-1\" \/>\n<link rel=\"canonical\" href=\"https:\/\/positiveprints.com\/sv\/produkt\/den-dagen-du-blev-min-mormor\/\" \/>\n<meta property=\"og:locale\" content=\"sv_SE\" \/>\n<meta property=\"og:type\" content=\"article\" \/>\n<meta property=\"og:title\" content=\"Dagen d\u00e5 du blev min mormor\" \/>\n<meta property=\"og:description\" content=\"Ta vara p\u00e5 det magiska \u00f6gonblicket n\u00e4r du blir mormor med en anpassad stj\u00e4rnkarta och bevara minnet i m\u00e5nga \u00e5r fram\u00f6ver L\u00e4gg till planeter, konstellationer och Vintergatan Anpassa i 3 enkla steg Inkludera en meningsfull personlig text Se resultatet direkt \u2013 den interaktiva f\u00f6rhandsvisningen l\u00e5ter dig finjustera varje detalj\" \/>\n<meta property=\"og:url\" content=\"https:\/\/positiveprints.com\/sv\/produkt\/den-dagen-du-blev-min-mormor\/\" \/>\n<meta property=\"og:site_name\" content=\"Positive Prints\" \/>\n<meta property=\"article:publisher\" content=\"https:\/\/www.facebook.com\/positiveprintscom\" \/>\n<meta property=\"article:modified_time\" content=\"2026-04-12T22:01:29+00:00\" \/>\n<meta property=\"og:image\" content=\"https:\/\/positiveprints.com\/wp-content\/uploads\/2024\/10\/Packshot_SE_The-Day-You-Became-My-Grandma-product-image.webp\" \/>\n\t<meta property=\"og:image:width\" content=\"1450\" \/>\n\t<meta property=\"og:image:height\" content=\"1450\" \/>\n\t<meta property=\"og:image:type\" content=\"image\/webp\" \/>\n<meta name=\"twitter:card\" content=\"summary_large_image\" \/>\n<meta name=\"twitter:label1\" content=\"Ber\u00e4knad l\u00e4stid\" \/>\n\t<meta name=\"twitter:data1\" content=\"2 minut\" \/>\n<!-- \/ Yoast SEO Premium plugin. -->","yoast_head_json":{"title":"Den dag du blev min mormor - Positive Prints","description":"Att bli mor- eller farf\u00f6r\u00e4lder \u00e4r ett av livets mest gl\u00e4djefyllda \u00f6gonblick. Fira ditt med konstverket The Day You Became My Grandma.","robots":{"index":"index","follow":"follow","max-snippet":"max-snippet:-1","max-image-preview":"max-image-preview:large","max-video-preview":"max-video-preview:-1"},"canonical":"https:\/\/positiveprints.com\/sv\/produkt\/den-dagen-du-blev-min-mormor\/","og_locale":"sv_SE","og_type":"article","og_title":"Dagen d\u00e5 du blev min mormor","og_description":"Ta vara p\u00e5 det magiska \u00f6gonblicket n\u00e4r du blir mormor med en anpassad stj\u00e4rnkarta och bevara minnet i m\u00e5nga \u00e5r fram\u00f6ver L\u00e4gg till planeter, konstellationer och Vintergatan Anpassa i 3 enkla steg Inkludera en meningsfull personlig text Se resultatet direkt \u2013 den interaktiva f\u00f6rhandsvisningen l\u00e5ter dig finjustera varje detalj","og_url":"https:\/\/positiveprints.com\/sv\/produkt\/den-dagen-du-blev-min-mormor\/","og_site_name":"Positive Prints","article_publisher":"https:\/\/www.facebook.com\/positiveprintscom","article_modified_time":"2026-04-12T22:01:29+00:00","og_image":[{"width":1450,"height":1450,"url":"https:\/\/positiveprints.com\/wp-content\/uploads\/2024\/10\/Packshot_SE_The-Day-You-Became-My-Grandma-product-image.webp","type":"image\/webp"}],"twitter_card":"summary_large_image","twitter_misc":{"Ber\u00e4knad l\u00e4stid":"2 minut"},"schema":{"@context":"https:\/\/schema.org","@graph":[{"@type":["WebPage","ItemPage"],"@id":"https:\/\/positiveprints.com\/sv\/produkt\/den-dagen-du-blev-min-mormor\/","url":"https:\/\/positiveprints.com\/sv\/produkt\/den-dagen-du-blev-min-mormor\/","name":"Den dag du blev min mormor - Positive Prints","isPartOf":{"@id":"https:\/\/positiveprints.com\/sv\/#website"},"primaryImageOfPage":{"@id":"https:\/\/positiveprints.com\/sv\/produkt\/den-dagen-du-blev-min-mormor\/#primaryimage"},"image":{"@id":"https:\/\/positiveprints.com\/sv\/produkt\/den-dagen-du-blev-min-mormor\/#primaryimage"},"thumbnailUrl":"https:\/\/positiveprints.com\/wp-content\/uploads\/2024\/10\/Packshot_SE_The-Day-You-Became-My-Grandma-product-image.webp","datePublished":"2022-08-31T12:00:12+00:00","dateModified":"2026-04-12T22:01:29+00:00","description":"Att bli mor- eller farf\u00f6r\u00e4lder \u00e4r ett av livets mest gl\u00e4djefyllda \u00f6gonblick. Fira ditt med konstverket The Day You Became My Grandma.","breadcrumb":{"@id":"https:\/\/positiveprints.com\/sv\/produkt\/den-dagen-du-blev-min-mormor\/#breadcrumb"},"inLanguage":"sv-SE","potentialAction":[{"@type":"ReadAction","target":["https:\/\/positiveprints.com\/sv\/produkt\/den-dagen-du-blev-min-mormor\/"]}]},{"@type":"ImageObject","inLanguage":"sv-SE","@id":"https:\/\/positiveprints.com\/sv\/produkt\/den-dagen-du-blev-min-mormor\/#primaryimage","url":"https:\/\/positiveprints.com\/wp-content\/uploads\/2024\/10\/Packshot_SE_The-Day-You-Became-My-Grandma-product-image.webp","contentUrl":"https:\/\/positiveprints.com\/wp-content\/uploads\/2024\/10\/Packshot_SE_The-Day-You-Became-My-Grandma-product-image.webp","width":1450,"height":1450},{"@type":"BreadcrumbList","@id":"https:\/\/positiveprints.com\/sv\/produkt\/den-dagen-du-blev-min-mormor\/#breadcrumb","itemListElement":[{"@type":"ListItem","position":1,"name":"Home","item":"https:\/\/positiveprints.com\/sv\/"},{"@type":"ListItem","position":2,"name":"Produkter","item":"https:\/\/positiveprints.com\/sv\/shop\/"},{"@type":"ListItem","position":3,"name":"Dagen d\u00e5 du blev min mormor"}]},{"@type":"WebSite","@id":"https:\/\/positiveprints.com\/sv\/#website","url":"https:\/\/positiveprints.com\/sv\/","name":"Positive Prints","description":"Amazing Custom Personalized Gifts","publisher":{"@id":"https:\/\/positiveprints.com\/sv\/#organization"},"potentialAction":[{"@type":"SearchAction","target":{"@type":"EntryPoint","urlTemplate":"https:\/\/positiveprints.com\/sv\/?s={search_term_string}"},"query-input":{"@type":"PropertyValueSpecification","valueRequired":true,"valueName":"search_term_string"}}],"inLanguage":"sv-SE"},{"@type":"Organization","@id":"https:\/\/positiveprints.com\/sv\/#organization","name":"Positive Prints","alternateName":"Positive Prints","url":"https:\/\/positiveprints.com\/sv\/","logo":{"@type":"ImageObject","inLanguage":"sv-SE","@id":"https:\/\/positiveprints.com\/sv\/#\/schema\/logo\/image\/","url":"https:\/\/positiveprints.com\/wp-content\/uploads\/2026\/03\/245815646_1337939713319158_5671353136411139666_n.png","contentUrl":"https:\/\/positiveprints.com\/wp-content\/uploads\/2026\/03\/245815646_1337939713319158_5671353136411139666_n.png","width":800,"height":800,"caption":"Positive Prints"},"image":{"@id":"https:\/\/positiveprints.com\/sv\/#\/schema\/logo\/image\/"},"sameAs":["https:\/\/www.facebook.com\/positiveprintscom","https:\/\/www.instagram.com\/positiveprintscom\/","https:\/\/www.tiktok.com\/@positiveprintscom","https:\/\/www.pinterest.com\/positiveprintscom\/"]}]}},"jetpack_sharing_enabled":true,"_links":{"self":[{"href":"https:\/\/positiveprints.com\/sv\/wp-json\/wp\/v2\/product\/360400","targetHints":{"allow":["GET"]}}],"collection":[{"href":"https:\/\/positiveprints.com\/sv\/wp-json\/wp\/v2\/product"}],"about":[{"href":"https:\/\/positiveprints.com\/sv\/wp-json\/wp\/v2\/types\/product"}],"wp:featuredmedia":[{"embeddable":true,"href":"https:\/\/positiveprints.com\/sv\/wp-json\/wp\/v2\/media\/1227149"}],"wp:attachment":[{"href":"https:\/\/positiveprints.com\/sv\/wp-json\/wp\/v2\/media?parent=360400"}],"wp:term":[{"taxonomy":"product_brand","embeddable":true,"href":"https:\/\/positiveprints.com\/sv\/wp-json\/wp\/v2\/product_brand?post=360400"},{"taxonomy":"product_cat","embeddable":true,"href":"https:\/\/positiveprints.com\/sv\/wp-json\/wp\/v2\/product_cat?post=360400"},{"taxonomy":"product_tag","embeddable":true,"href":"https:\/\/positiveprints.com\/sv\/wp-json\/wp\/v2\/product_tag?post=360400"}],"curies":[{"name":"wp","href":"https:\/\/api.w.org\/{rel}","templated":true}]}}