{"id":360398,"date":"2022-08-31T13:32:40","date_gmt":"2022-08-31T12:32:40","guid":{"rendered":"https:\/\/positiveprints.com\/?post_type=product&#038;p=360398"},"modified":"2026-04-28T14:35:38","modified_gmt":"2026-04-28T13:35:38","slug":"dagen-da-du-blev-min-morfar","status":"publish","type":"product","link":"https:\/\/positiveprints.com\/sv\/produkt\/dagen-da-du-blev-min-morfar\/","title":{"rendered":"Dagen d\u00e5 du blev min morfar"},"content":{"rendered":"<p>Morf\u00e4der \u00e4r verkligen speciella m\u00e4nniskor i v\u00e5ra liv.\nGe dem en g\u00e5va som de kan uppskatta varje dag med konstverket The Day You Became My Grandpa. <\/p>\n\n<h2 class=\"grenB f24 cblue\" style=\"margin-top: 3rem\">Visa morfar hur speciell han \u00e4r<\/h2>\n\n<p style=\"margin-top: 1rem\">Om du vill ge din farfar en g\u00e5va som han kommer att v\u00e4rna om f\u00f6r alltid, \u00f6verv\u00e4g att g\u00f6ra honom The Day You Became My Grandpa konstverk.\nDet \u00e4r ett unikt s\u00e4tt att minnas ett av de mest speciella \u00f6gonblicken i hans liv &#8211; dagen d\u00e5 han blev din morfar. <\/p>\n\n<p style=\"margin-top: 1rem\">Vad kan vara mer omt\u00e4nksamt \u00e4n att ge honom en personlig g\u00e5va som firar en s\u00e5dan milstolpe?\nHan kan h\u00e4nga upp den i sitt arbetsrum eller sovrum och njuta av att titta p\u00e5 den varje dag.\nDessutom kommer han s\u00e4kert att t\u00e4nka p\u00e5 dig varje g\u00e5ng han ser den.  <\/p>\n\n<h2 class=\"grenB f24 cblue\" style=\"margin-top: 3rem\">Skapa en anpassad present till morfar p\u00e5 n\u00e5gra minuter<\/h2>\n\n<p style=\"margin-top: 1rem\"><a href=\"https:\/\/positiveprints.com\/product\/star-map\/\">Anpassade stj\u00e4rnkartor<\/a> \u00e4r l\u00e4tta att g\u00f6ra med hj\u00e4lp av Positive Prints.\nV\u00e4lj bara din design, l\u00e4gg till lite text och best\u00e4m hur du vill ta emot din utskrift.\nVi erbjuder h\u00f6gkvalitativa postertryck och uppsp\u00e4nda dukar, samt en inramad poster som \u00e4r l\u00e4tt att ge bort.\nOch om du beh\u00f6ver en presentid\u00e9 i sista minuten, s\u00e5 har vi det ocks\u00e5.\nV\u00e5r digitala fil skickas direkt till din inkorg s\u00e5 att du kan f\u00e5 den utskriven lokalt.    <\/p>\n\n<p style=\"margin-top: 1rem\">Det finns inget band som \u00e4r s\u00e5 starkt som det mellan en farfar och hans barnbarn.\nDu kan visa honom hur speciell han \u00e4r f\u00f6r dig genom att ge en g\u00e5va som forts\u00e4tter att ge.\nSkapa ditt konstverk The Day You Became My Grandpa idag!  <\/p>","protected":false},"excerpt":{"rendered":"<ul class=\"check-list\">\n<li>Ta vara p\u00e5 det magiska \u00f6gonblicket n\u00e4r du blir morfar med en anpassad stj\u00e4rnkarta och bevara minnet i m\u00e5nga \u00e5r fram\u00f6ver<\/li>\n<li>L\u00e4gg till planeter, konstellationer och Vintergatan<\/li>\n<li>Anpassa i 3 enkla steg<\/li>\n<li>Inkludera en meningsfull personlig text<\/li>\n<li>Se resultatet direkt \u2013 den interaktiva f\u00f6rhandsvisningen l\u00e5ter dig finjustera varje detalj<\/li>\n<\/ul>\n","protected":false},"featured_media":1285425,"template":"","meta":[],"product_brand":[],"product_cat":[9281,8108,11467,7614,8218],"product_tag":[8673,11828],"class_list":{"0":"post-360398","1":"product","2":"type-product","3":"status-publish","4":"has-post-thumbnail","6":"product_cat-bestsellers-label-sv","7":"product_cat-julpresenter","8":"product_cat-julklappar-till-morfar","9":"product_cat-gavor-till-morfar","10":"product_cat-star-sv","11":"product_tag-grandpa-sv","12":"product_tag-julklappar-till-morfar","14":"first","15":"instock","16":"sale","17":"taxable","18":"shipping-taxable","19":"purchasable","20":"product-type-variable"},"yoast_head":"<!-- This site is optimized with the Yoast SEO Premium plugin v27.2 (Yoast SEO v27.2) - https:\/\/yoast.com\/product\/yoast-seo-premium-wordpress\/ -->\n<title>Den dag du blev min morfar - Positive Prints<\/title>\n<meta name=\"description\" content=\"Morf\u00e4der \u00e4r verkligen speciella m\u00e4nniskor i v\u00e5ra liv. Ge dem en g\u00e5va som de kan uppskatta varje dag med konstverket The Day You Became My Grandpa.\" \/>\n<meta name=\"robots\" content=\"index, follow, max-snippet:-1, max-image-preview:large, max-video-preview:-1\" \/>\n<link rel=\"canonical\" href=\"https:\/\/positiveprints.com\/sv\/produkt\/dagen-da-du-blev-min-morfar\/\" \/>\n<meta property=\"og:locale\" content=\"sv_SE\" \/>\n<meta property=\"og:type\" content=\"article\" \/>\n<meta property=\"og:title\" content=\"Dagen d\u00e5 du blev min morfar\" \/>\n<meta property=\"og:description\" content=\"Ta vara p\u00e5 det magiska \u00f6gonblicket n\u00e4r du blir morfar med en anpassad stj\u00e4rnkarta och bevara minnet i m\u00e5nga \u00e5r fram\u00f6ver L\u00e4gg till planeter, konstellationer och Vintergatan Anpassa i 3 enkla steg Inkludera en meningsfull personlig text Se resultatet direkt \u2013 den interaktiva f\u00f6rhandsvisningen l\u00e5ter dig finjustera varje detalj\" \/>\n<meta property=\"og:url\" content=\"https:\/\/positiveprints.com\/sv\/produkt\/dagen-da-du-blev-min-morfar\/\" \/>\n<meta property=\"og:site_name\" content=\"Positive Prints\" \/>\n<meta property=\"article:publisher\" content=\"https:\/\/www.facebook.com\/positiveprintscom\" \/>\n<meta property=\"article:modified_time\" content=\"2026-04-28T13:35:38+00:00\" \/>\n<meta property=\"og:image\" content=\"https:\/\/positiveprints.com\/wp-content\/uploads\/2024\/11\/Packshot_SE_The-Day-You-Became-My-Grandpa-product-image.webp\" \/>\n\t<meta property=\"og:image:width\" content=\"1450\" \/>\n\t<meta property=\"og:image:height\" content=\"1450\" \/>\n\t<meta property=\"og:image:type\" content=\"image\/webp\" \/>\n<meta name=\"twitter:card\" content=\"summary_large_image\" \/>\n<!-- \/ Yoast SEO Premium plugin. -->","yoast_head_json":{"title":"Den dag du blev min morfar - Positive Prints","description":"Morf\u00e4der \u00e4r verkligen speciella m\u00e4nniskor i v\u00e5ra liv. Ge dem en g\u00e5va som de kan uppskatta varje dag med konstverket The Day You Became My Grandpa.","robots":{"index":"index","follow":"follow","max-snippet":"max-snippet:-1","max-image-preview":"max-image-preview:large","max-video-preview":"max-video-preview:-1"},"canonical":"https:\/\/positiveprints.com\/sv\/produkt\/dagen-da-du-blev-min-morfar\/","og_locale":"sv_SE","og_type":"article","og_title":"Dagen d\u00e5 du blev min morfar","og_description":"Ta vara p\u00e5 det magiska \u00f6gonblicket n\u00e4r du blir morfar med en anpassad stj\u00e4rnkarta och bevara minnet i m\u00e5nga \u00e5r fram\u00f6ver L\u00e4gg till planeter, konstellationer och Vintergatan Anpassa i 3 enkla steg Inkludera en meningsfull personlig text Se resultatet direkt \u2013 den interaktiva f\u00f6rhandsvisningen l\u00e5ter dig finjustera varje detalj","og_url":"https:\/\/positiveprints.com\/sv\/produkt\/dagen-da-du-blev-min-morfar\/","og_site_name":"Positive Prints","article_publisher":"https:\/\/www.facebook.com\/positiveprintscom","article_modified_time":"2026-04-28T13:35:38+00:00","og_image":[{"width":1450,"height":1450,"url":"https:\/\/positiveprints.com\/wp-content\/uploads\/2024\/11\/Packshot_SE_The-Day-You-Became-My-Grandpa-product-image.webp","type":"image\/webp"}],"twitter_card":"summary_large_image","schema":{"@context":"https:\/\/schema.org","@graph":[{"@type":["WebPage","ItemPage"],"@id":"https:\/\/positiveprints.com\/sv\/produkt\/dagen-da-du-blev-min-morfar\/","url":"https:\/\/positiveprints.com\/sv\/produkt\/dagen-da-du-blev-min-morfar\/","name":"Den dag du blev min morfar - Positive Prints","isPartOf":{"@id":"https:\/\/positiveprints.com\/sv\/#website"},"primaryImageOfPage":{"@id":"https:\/\/positiveprints.com\/sv\/produkt\/dagen-da-du-blev-min-morfar\/#primaryimage"},"image":{"@id":"https:\/\/positiveprints.com\/sv\/produkt\/dagen-da-du-blev-min-morfar\/#primaryimage"},"thumbnailUrl":"https:\/\/positiveprints.com\/wp-content\/uploads\/2024\/11\/Packshot_SE_The-Day-You-Became-My-Grandpa-product-image.webp","datePublished":"2022-08-31T12:32:40+00:00","dateModified":"2026-04-28T13:35:38+00:00","description":"Morf\u00e4der \u00e4r verkligen speciella m\u00e4nniskor i v\u00e5ra liv. Ge dem en g\u00e5va som de kan uppskatta varje dag med konstverket The Day You Became My Grandpa.","breadcrumb":{"@id":"https:\/\/positiveprints.com\/sv\/produkt\/dagen-da-du-blev-min-morfar\/#breadcrumb"},"inLanguage":"sv-SE","potentialAction":[{"@type":"ReadAction","target":["https:\/\/positiveprints.com\/sv\/produkt\/dagen-da-du-blev-min-morfar\/"]}]},{"@type":"ImageObject","inLanguage":"sv-SE","@id":"https:\/\/positiveprints.com\/sv\/produkt\/dagen-da-du-blev-min-morfar\/#primaryimage","url":"https:\/\/positiveprints.com\/wp-content\/uploads\/2024\/11\/Packshot_SE_The-Day-You-Became-My-Grandpa-product-image.webp","contentUrl":"https:\/\/positiveprints.com\/wp-content\/uploads\/2024\/11\/Packshot_SE_The-Day-You-Became-My-Grandpa-product-image.webp","width":1450,"height":1450},{"@type":"BreadcrumbList","@id":"https:\/\/positiveprints.com\/sv\/produkt\/dagen-da-du-blev-min-morfar\/#breadcrumb","itemListElement":[{"@type":"ListItem","position":1,"name":"Home","item":"https:\/\/positiveprints.com\/sv\/"},{"@type":"ListItem","position":2,"name":"Produkter","item":"https:\/\/positiveprints.com\/sv\/shop\/"},{"@type":"ListItem","position":3,"name":"Dagen d\u00e5 du blev min morfar"}]},{"@type":"WebSite","@id":"https:\/\/positiveprints.com\/sv\/#website","url":"https:\/\/positiveprints.com\/sv\/","name":"Positive Prints","description":"Amazing Custom Personalized Gifts","publisher":{"@id":"https:\/\/positiveprints.com\/sv\/#organization"},"potentialAction":[{"@type":"SearchAction","target":{"@type":"EntryPoint","urlTemplate":"https:\/\/positiveprints.com\/sv\/?s={search_term_string}"},"query-input":{"@type":"PropertyValueSpecification","valueRequired":true,"valueName":"search_term_string"}}],"inLanguage":"sv-SE"},{"@type":"Organization","@id":"https:\/\/positiveprints.com\/sv\/#organization","name":"Positive Prints","alternateName":"Positive Prints","url":"https:\/\/positiveprints.com\/sv\/","logo":{"@type":"ImageObject","inLanguage":"sv-SE","@id":"https:\/\/positiveprints.com\/sv\/#\/schema\/logo\/image\/","url":"https:\/\/positiveprints.com\/wp-content\/uploads\/2026\/03\/245815646_1337939713319158_5671353136411139666_n.png","contentUrl":"https:\/\/positiveprints.com\/wp-content\/uploads\/2026\/03\/245815646_1337939713319158_5671353136411139666_n.png","width":800,"height":800,"caption":"Positive Prints"},"image":{"@id":"https:\/\/positiveprints.com\/sv\/#\/schema\/logo\/image\/"},"sameAs":["https:\/\/www.facebook.com\/positiveprintscom","https:\/\/www.instagram.com\/positiveprintscom\/","https:\/\/www.tiktok.com\/@positiveprintscom","https:\/\/www.pinterest.com\/positiveprintscom\/"]}]}},"jetpack_sharing_enabled":true,"_links":{"self":[{"href":"https:\/\/positiveprints.com\/sv\/wp-json\/wp\/v2\/product\/360398","targetHints":{"allow":["GET"]}}],"collection":[{"href":"https:\/\/positiveprints.com\/sv\/wp-json\/wp\/v2\/product"}],"about":[{"href":"https:\/\/positiveprints.com\/sv\/wp-json\/wp\/v2\/types\/product"}],"wp:featuredmedia":[{"embeddable":true,"href":"https:\/\/positiveprints.com\/sv\/wp-json\/wp\/v2\/media\/1285425"}],"wp:attachment":[{"href":"https:\/\/positiveprints.com\/sv\/wp-json\/wp\/v2\/media?parent=360398"}],"wp:term":[{"taxonomy":"product_brand","embeddable":true,"href":"https:\/\/positiveprints.com\/sv\/wp-json\/wp\/v2\/product_brand?post=360398"},{"taxonomy":"product_cat","embeddable":true,"href":"https:\/\/positiveprints.com\/sv\/wp-json\/wp\/v2\/product_cat?post=360398"},{"taxonomy":"product_tag","embeddable":true,"href":"https:\/\/positiveprints.com\/sv\/wp-json\/wp\/v2\/product_tag?post=360398"}],"curies":[{"name":"wp","href":"https:\/\/api.w.org\/{rel}","templated":true}]}}