{"id":360389,"date":"2021-09-06T13:15:13","date_gmt":"2021-09-06T12:15:13","guid":{"rendered":"https:\/\/positiveprints.com\/?post_type=product&#038;p=360389"},"modified":"2026-04-18T08:04:45","modified_gmt":"2026-04-18T07:04:45","slug":"jag-alskar-dig-till-manen-och-tillbaka","status":"publish","type":"product","link":"https:\/\/positiveprints.com\/sv\/produkt\/jag-alskar-dig-till-manen-och-tillbaka\/","title":{"rendered":"Jag \u00e4lskar dig till m\u00e5nen och tillbaka"},"content":{"rendered":"<p>Om n\u00e5gon du \u00e4lskar \u00e4r fascinerad av m\u00e5nen kommer en m\u00e5nfasaffisch att vara en uppskattad g\u00e5va f\u00f6r livet, s\u00e4rskilt om du g\u00f6r den personlig. <\/p>\r\n\r\n<h2 class=\"grenB f24 cblue\" style=\"margin-top: 3rem\">Vad \u00e4r en Jag \u00e4lskar dig till m\u00e5nen och tillbaka-affisch?<\/h2>\r\n\r\n<p style=\"margin-top: 1rem\">Lunar-entusiaster har s\u00e4kert h\u00f6rt det h\u00e4r tales\u00e4ttet m\u00e5nga g\u00e5nger: Jag \u00e4lskar dig till m\u00e5nen och tillbaka. Det \u00e4r en r\u00f6rande k\u00e4nsla som visar att en persons k\u00e4rlek verkligen inte har n\u00e5gra gr\u00e4nser. Det beh\u00f6ver inte vara praktiskt, \u00e4ven om det \u00e4r helt om\u00f6jligt att resa till m\u00e5nen f\u00f6r en genomsnittlig person. Och en s\u00e5dan resa \u00e4r dyr, farlig och helt enkelt orealistisk &#8211; men dessa saker \u00e4r mindre detaljer n\u00e4r det g\u00e4ller den k\u00e4rlek du hyser f\u00f6r n\u00e5gon speciell i ditt liv. <\/p>\r\n\r\n<p style=\"margin-top: 1rem\">En I Love You to the Moon and Back-affisch \u00e4r ett vackert s\u00e4tt att f\u00e5nga denna speciella fras och dela den med n\u00e5gon du \u00e4lskar. Det \u00e4r en favoritrad p\u00e5 v\u00e5ra <a href=\"https:\/\/positiveprints.com\/sv\/produkt\/personlig-manfasposter\/\">skr\u00e4ddarsydda m\u00e5naffischer<\/a>, som anv\u00e4nder ett datum och en plats som du v\u00e4ljer f\u00f6r att visa hur m\u00e5nen s\u00e5g ut vid ett speciellt tillf\u00e4lle. Det kan vara kv\u00e4llen d\u00e5 din son eller dotter kom till v\u00e4rlden, kv\u00e4llen d\u00e5 du gifte dig eller till och med n\u00e4r du tog examen fr\u00e5n college eller flyttade in i ditt f\u00f6rsta hem. M\u00e5nen \u00e4r gr\u00e4nsen!<\/p>\r\n\r\n<h2 class=\"grenB f24 cblue\" style=\"margin-top: 3rem\">Jag \u00e4lskar dig till m\u00e5nen och tillbaka &#8211; med en personlig touch<\/h2>\r\n\r\n<p style=\"margin-top: 1rem\">Anpassade g\u00e5vor som v\u00e5rt konstverk Jag \u00e4lskar dig till m\u00e5nen och tillbaka \u00e4r speciella eftersom varje g\u00e5va \u00e4r unik i sitt slag. M\u00e5nen ser aldrig riktigt likadan ut fr\u00e5n natt till natt, och vi tar h\u00e4nsyn till det datum och den plats du valt n\u00e4r vi \u00e5terskapar m\u00e5nen p\u00e5 natthimlen f\u00f6r ditt affischtryck. <\/p>\r\n\r\n<p style=\"margin-top: 1rem\">Dessutom kan du l\u00e4gga till andra anpassade rader av text till din g\u00e5va f\u00f6r att g\u00f6ra den \u00e4nnu mer personlig f\u00f6r mottagaren. Det kan vara ett citat, ett datum, en s\u00e5ngtext, ett speciellt ordspr\u00e5k eller till och med ett smeknamn som ni har f\u00f6r varandra. <\/p>\r\n\r\n<h2 class=\"grenB f24 cblue\" style=\"margin-top: 3rem\">S\u00e5 h\u00e4r skapar du ditt anpassade m\u00e5nkonstverk<\/h2>\r\n\r\n<p style=\"margin-top: 1rem\">Positive Prints har gjort det mesta av arbetet \u00e5t dig n\u00e4r du skapar anpassade m\u00e5nbilder. F\u00f6lj v\u00e5r enkla trestegsprocess och f\u00f6rvandla dina id\u00e9er till konst som de kommer att \u00e4lska:<\/p>\r\n\r\n<h3 class=\"grenB f18 cblue\" style=\"margin-top: 3rem\">Steg 1: V\u00e4lj din design<\/h3>\r\n\r\n<p style=\"margin-top: 1rem\">V\u00e5ra konstn\u00e4rer har arbetat h\u00e5rt f\u00f6r att ta fram en rad olika m\u00f6nster f\u00f6r m\u00e5nfasaffischer, vilket g\u00f6r det enkelt f\u00f6r dig att b\u00f6rja skapa egna g\u00e5vor. V\u00e4lj mellan flera vackra bakgrunder och f\u00e4rgst\u00e4llningar f\u00f6r att spegla mottagarens personlighet.<\/p>\r\n\r\n<h3 class=\"grenB f18 cblue\" style=\"margin-top: 3rem\">Steg 2: Fyll i viktiga uppgifter<\/h3>\r\n\r\n<p style=\"margin-top: 1rem\">Du v\u00e4ljer tid och plats och vi \u00e5terskapar m\u00e5nen den speciella kv\u00e4llen. F\u00f6rsk\u00f6na ditt affischuttryck med egna rader av text, till exempel &#8220;Jag \u00e4lskar dig till m\u00e5nen och tillbaka&#8221; eller andra k\u00e4nslor som \u00e4r helt annorlunda \u00e4n i den h\u00e4r v\u00e4rlden.<\/p>\r\n\r\n<h3 class=\"grenB f18 cblue\" style=\"margin-top: 3rem\">Steg 3: F\u00e5 ditt konstverk levererat<\/h3>\r\n\r\n<p style=\"margin-top: 1rem\">Positive Prints erbjuder frakt p\u00e5 alla v\u00e5ra tryckta affischer, samt digitala nedladdningsalternativ f\u00f6r omedelbar utskrift och g\u00e5va.<\/p>\r\n\r\n<h2 class=\"grenB f24 cblue\" style=\"margin-top: 3rem\">Anpassa ditt konstverk Jag \u00e4lskar dig till m\u00e5nen och tillbaka<\/h2>\r\n\r\n<p style=\"margin-top: 1rem\">Ta in natthimlen inomhus p\u00e5 ett s\u00e4tt som din \u00e4lskade kommer att uppskatta f\u00f6r alltid. Kom ig\u00e5ng med ett I Love You to the Moon and Back-tryck idag! Vi rekommenderar det som en unik <a href=\"https:\/\/positiveprints.com\/sv\/gavor-till-nyfodda-barn-presenttillfallen\/\">present till en nyf\u00f6dd<\/a>.<\/p>","protected":false},"excerpt":{"rendered":"<ul class=\"check-list\">\n<li>L\u00e4gg till m\u00e5nens unika skugga<\/li>\n<li>Anpassa i 3 enkla steg<\/li>\n<li>V\u00e4lj bland en m\u00e4ngd fantastiska designs<\/li>\n<li>Se resultatet direkt \u2013 den interaktiva f\u00f6rhandsvisningen l\u00e5ter dig finjustera varje detalj<\/li>\n<\/ul>\n","protected":false},"featured_media":1459761,"template":"","meta":[],"product_brand":[],"product_cat":[7966,7694,8014,8108,14193,7854,11475],"product_tag":[8458],"class_list":{"0":"post-360389","1":"product","2":"type-product","3":"status-publish","4":"has-post-thumbnail","6":"product_cat-gavor-till-baby-shower","7":"product_cat-gavor-for-kvinnor","8":"product_cat-gavor-for-man","9":"product_cat-julpresenter","10":"product_cat-moon-sv","11":"product_cat-gavor-till-familjen","12":"product_cat-julklappar-till-foraldrarna","13":"product_tag-new-parents-sv","15":"first","16":"instock","17":"sale","18":"taxable","19":"shipping-taxable","20":"purchasable","21":"product-type-variable"},"yoast_head":"<!-- This site is optimized with the Yoast SEO Premium plugin v27.2 (Yoast SEO v27.2) - https:\/\/yoast.com\/product\/yoast-seo-premium-wordpress\/ -->\n<title>Jag \u00e4lskar dig till m\u00e5nen och tillbaka - Positive Prints<\/title>\n<meta name=\"description\" content=\"F\u00e5nga ett speciellt \u00f6gonblick i tiden med v\u00e5r Jag \u00e4lskar dig till m\u00e5nen och tillbaka-konst, som visar den exakta m\u00e5nfasen.\" \/>\n<meta name=\"robots\" content=\"index, follow, max-snippet:-1, max-image-preview:large, max-video-preview:-1\" \/>\n<link rel=\"canonical\" href=\"https:\/\/positiveprints.com\/sv\/produkt\/jag-alskar-dig-till-manen-och-tillbaka\/\" \/>\n<meta property=\"og:locale\" content=\"sv_SE\" \/>\n<meta property=\"og:type\" content=\"article\" \/>\n<meta property=\"og:title\" content=\"Jag \u00e4lskar dig till m\u00e5nen och tillbaka\" \/>\n<meta property=\"og:description\" content=\"L\u00e4gg till m\u00e5nens unika skugga  Anpassa i 3 enkla steg  V\u00e4lj bland en m\u00e4ngd fantastiska designs  Se resultatet direkt \u2013 den interaktiva f\u00f6rhandsvisningen l\u00e5ter dig finjustera varje detalj\" \/>\n<meta property=\"og:url\" content=\"https:\/\/positiveprints.com\/sv\/produkt\/jag-alskar-dig-till-manen-och-tillbaka\/\" \/>\n<meta property=\"og:site_name\" content=\"Positive Prints\" \/>\n<meta property=\"article:publisher\" content=\"https:\/\/www.facebook.com\/positiveprintscom\" \/>\n<meta property=\"article:modified_time\" content=\"2026-04-18T07:04:45+00:00\" \/>\n<meta property=\"og:image\" content=\"https:\/\/positiveprints.com\/wp-content\/uploads\/2021\/09\/Packshot_SE_Jag-a\u0308lskar-dig-till-ma\u030anen-och-tillbaka.webp\" \/>\n\t<meta property=\"og:image:width\" content=\"1450\" \/>\n\t<meta property=\"og:image:height\" content=\"1450\" \/>\n\t<meta property=\"og:image:type\" content=\"image\/webp\" \/>\n<meta name=\"twitter:card\" content=\"summary_large_image\" \/>\n<meta name=\"twitter:label1\" content=\"Ber\u00e4knad l\u00e4stid\" \/>\n\t<meta name=\"twitter:data1\" content=\"3 minut\" \/>\n<!-- \/ Yoast SEO Premium plugin. -->","yoast_head_json":{"title":"Jag \u00e4lskar dig till m\u00e5nen och tillbaka - Positive Prints","description":"F\u00e5nga ett speciellt \u00f6gonblick i tiden med v\u00e5r Jag \u00e4lskar dig till m\u00e5nen och tillbaka-konst, som visar den exakta m\u00e5nfasen.","robots":{"index":"index","follow":"follow","max-snippet":"max-snippet:-1","max-image-preview":"max-image-preview:large","max-video-preview":"max-video-preview:-1"},"canonical":"https:\/\/positiveprints.com\/sv\/produkt\/jag-alskar-dig-till-manen-och-tillbaka\/","og_locale":"sv_SE","og_type":"article","og_title":"Jag \u00e4lskar dig till m\u00e5nen och tillbaka","og_description":"L\u00e4gg till m\u00e5nens unika skugga  Anpassa i 3 enkla steg  V\u00e4lj bland en m\u00e4ngd fantastiska designs  Se resultatet direkt \u2013 den interaktiva f\u00f6rhandsvisningen l\u00e5ter dig finjustera varje detalj","og_url":"https:\/\/positiveprints.com\/sv\/produkt\/jag-alskar-dig-till-manen-och-tillbaka\/","og_site_name":"Positive Prints","article_publisher":"https:\/\/www.facebook.com\/positiveprintscom","article_modified_time":"2026-04-18T07:04:45+00:00","og_image":[{"width":1450,"height":1450,"url":"https:\/\/positiveprints.com\/wp-content\/uploads\/2021\/09\/Packshot_SE_Jag-a\u0308lskar-dig-till-ma\u030anen-och-tillbaka.webp","type":"image\/webp"}],"twitter_card":"summary_large_image","twitter_misc":{"Ber\u00e4knad l\u00e4stid":"3 minut"},"schema":{"@context":"https:\/\/schema.org","@graph":[{"@type":["WebPage","ItemPage"],"@id":"https:\/\/positiveprints.com\/sv\/produkt\/jag-alskar-dig-till-manen-och-tillbaka\/","url":"https:\/\/positiveprints.com\/sv\/produkt\/jag-alskar-dig-till-manen-och-tillbaka\/","name":"Jag \u00e4lskar dig till m\u00e5nen och tillbaka - Positive Prints","isPartOf":{"@id":"https:\/\/positiveprints.com\/sv\/#website"},"primaryImageOfPage":{"@id":"https:\/\/positiveprints.com\/sv\/produkt\/jag-alskar-dig-till-manen-och-tillbaka\/#primaryimage"},"image":{"@id":"https:\/\/positiveprints.com\/sv\/produkt\/jag-alskar-dig-till-manen-och-tillbaka\/#primaryimage"},"thumbnailUrl":"https:\/\/positiveprints.com\/wp-content\/uploads\/2021\/09\/Packshot_SE_Jag-a\u0308lskar-dig-till-ma\u030anen-och-tillbaka.webp","datePublished":"2021-09-06T12:15:13+00:00","dateModified":"2026-04-18T07:04:45+00:00","description":"F\u00e5nga ett speciellt \u00f6gonblick i tiden med v\u00e5r Jag \u00e4lskar dig till m\u00e5nen och tillbaka-konst, som visar den exakta m\u00e5nfasen.","breadcrumb":{"@id":"https:\/\/positiveprints.com\/sv\/produkt\/jag-alskar-dig-till-manen-och-tillbaka\/#breadcrumb"},"inLanguage":"sv-SE","potentialAction":[{"@type":"ReadAction","target":["https:\/\/positiveprints.com\/sv\/produkt\/jag-alskar-dig-till-manen-och-tillbaka\/"]}]},{"@type":"ImageObject","inLanguage":"sv-SE","@id":"https:\/\/positiveprints.com\/sv\/produkt\/jag-alskar-dig-till-manen-och-tillbaka\/#primaryimage","url":"https:\/\/positiveprints.com\/wp-content\/uploads\/2021\/09\/Packshot_SE_Jag-a\u0308lskar-dig-till-ma\u030anen-och-tillbaka.webp","contentUrl":"https:\/\/positiveprints.com\/wp-content\/uploads\/2021\/09\/Packshot_SE_Jag-a\u0308lskar-dig-till-ma\u030anen-och-tillbaka.webp","width":1450,"height":1450,"caption":"Packshot_SE_Jag a\u0308lskar dig till ma\u030anen och tillbaka"},{"@type":"BreadcrumbList","@id":"https:\/\/positiveprints.com\/sv\/produkt\/jag-alskar-dig-till-manen-och-tillbaka\/#breadcrumb","itemListElement":[{"@type":"ListItem","position":1,"name":"Home","item":"https:\/\/positiveprints.com\/sv\/"},{"@type":"ListItem","position":2,"name":"Produkter","item":"https:\/\/positiveprints.com\/sv\/shop\/"},{"@type":"ListItem","position":3,"name":"Jag \u00e4lskar dig till m\u00e5nen och tillbaka"}]},{"@type":"WebSite","@id":"https:\/\/positiveprints.com\/sv\/#website","url":"https:\/\/positiveprints.com\/sv\/","name":"Positive Prints","description":"Amazing Custom Personalized Gifts","publisher":{"@id":"https:\/\/positiveprints.com\/sv\/#organization"},"potentialAction":[{"@type":"SearchAction","target":{"@type":"EntryPoint","urlTemplate":"https:\/\/positiveprints.com\/sv\/?s={search_term_string}"},"query-input":{"@type":"PropertyValueSpecification","valueRequired":true,"valueName":"search_term_string"}}],"inLanguage":"sv-SE"},{"@type":"Organization","@id":"https:\/\/positiveprints.com\/sv\/#organization","name":"Positive Prints","alternateName":"Positive Prints","url":"https:\/\/positiveprints.com\/sv\/","logo":{"@type":"ImageObject","inLanguage":"sv-SE","@id":"https:\/\/positiveprints.com\/sv\/#\/schema\/logo\/image\/","url":"https:\/\/positiveprints.com\/wp-content\/uploads\/2026\/03\/245815646_1337939713319158_5671353136411139666_n.png","contentUrl":"https:\/\/positiveprints.com\/wp-content\/uploads\/2026\/03\/245815646_1337939713319158_5671353136411139666_n.png","width":800,"height":800,"caption":"Positive Prints"},"image":{"@id":"https:\/\/positiveprints.com\/sv\/#\/schema\/logo\/image\/"},"sameAs":["https:\/\/www.facebook.com\/positiveprintscom","https:\/\/www.instagram.com\/positiveprintscom\/","https:\/\/www.tiktok.com\/@positiveprintscom","https:\/\/www.pinterest.com\/positiveprintscom\/"]}]}},"jetpack_sharing_enabled":true,"_links":{"self":[{"href":"https:\/\/positiveprints.com\/sv\/wp-json\/wp\/v2\/product\/360389","targetHints":{"allow":["GET"]}}],"collection":[{"href":"https:\/\/positiveprints.com\/sv\/wp-json\/wp\/v2\/product"}],"about":[{"href":"https:\/\/positiveprints.com\/sv\/wp-json\/wp\/v2\/types\/product"}],"wp:featuredmedia":[{"embeddable":true,"href":"https:\/\/positiveprints.com\/sv\/wp-json\/wp\/v2\/media\/1459761"}],"wp:attachment":[{"href":"https:\/\/positiveprints.com\/sv\/wp-json\/wp\/v2\/media?parent=360389"}],"wp:term":[{"taxonomy":"product_brand","embeddable":true,"href":"https:\/\/positiveprints.com\/sv\/wp-json\/wp\/v2\/product_brand?post=360389"},{"taxonomy":"product_cat","embeddable":true,"href":"https:\/\/positiveprints.com\/sv\/wp-json\/wp\/v2\/product_cat?post=360389"},{"taxonomy":"product_tag","embeddable":true,"href":"https:\/\/positiveprints.com\/sv\/wp-json\/wp\/v2\/product_tag?post=360389"}],"curies":[{"name":"wp","href":"https:\/\/api.w.org\/{rel}","templated":true}]}}