{"id":360361,"date":"2020-09-23T09:25:45","date_gmt":"2020-09-23T08:25:45","guid":{"rendered":"https:\/\/positiveprints.com\/?post_type=product&#038;p=360361"},"modified":"2026-04-23T12:29:11","modified_gmt":"2026-04-23T11:29:11","slug":"fodelsedag-manfas","status":"publish","type":"product","link":"https:\/\/positiveprints.com\/sv\/produkt\/fodelsedag-manfas\/","title":{"rendered":"F\u00f6delsedag M\u00e5nfas"},"content":{"rendered":"<p>I vilken m\u00e5nfas f\u00f6ddes jag? Ta reda p\u00e5 din f\u00f6delsedagsm\u00e5nefas och g\u00f6r ett unikt m\u00e5ntryck personligt.<\/p>\r\n\r\n<h2 class=\"grenB f24 cblue\" style=\"margin-top: 3rem\">I vilken m\u00e5nfas f\u00f6ddes jag?<\/h2>\r\n\r\n<p style=\"margin-top: 1rem\">F\u00f6ddes du under en <a href=\"https:\/\/positiveprints.com\/born-on-a-full-moon\/\">fullm\u00e5ne<\/a>? Eller kanske var himlen m\u00f6rkare \u00e4n ebenholtsf\u00e4rgad n\u00e4r du gjorde din stora entr\u00e9 i v\u00e4rlden? Oavsett m\u00e5nens fas kan du veta att denna vackra glob bevittnade din debut.<\/p>\r\n\r\n<p style=\"margin-top: 1rem\">Many wonder what the moon looked like on the day they were born. V\u00e5ra Personliga f\u00f6delsedagsm\u00e5nefasutskrifter \u00e5terskapar m\u00e5nens utseende p\u00e5 din allra f\u00f6rsta dag i livet. Det \u00e4r som att titta upp mot natthimlen precis som dina f\u00f6r\u00e4ldrar kanske gjorde n\u00e4r du f\u00f6rst kom till v\u00e4rlden. <\/p>\r\n\r\n<h2 class=\"grenB f24 cblue\" style=\"margin-top: 3rem\">Vad m\u00e5nfasen du f\u00f6ddes under s\u00e4ger om dig<\/h2>\r\n\r\n<p style=\"margin-top: 1rem\">Visste du att din f\u00f6delsedags m\u00e5nfas kan ha mycket att g\u00f6ra med din unika personlighet? Det \u00e4r sant! M\u00e5nfaser \u00e4r en stor del av <a href=\"https:\/\/positiveprints.com\/astronomy-vs-astrology\/\">astrologin<\/a>. Vi uppmuntrar dig att l\u00e4ra dig mer om personlighetsdrag som \u00e4r typiska f\u00f6r personer som \u00e4r f\u00f6dda under varje fas. M\u00e5nens aktuella position kan p\u00e5verka st\u00e4mningar och beteenden.<\/p>\r\n\r\n<p style=\"margin-top: 1rem\">Det beror p\u00e5 att m\u00e5nens faser motsvarar planteringscykeln. P\u00e5 samma s\u00e4tt som fr\u00f6na utvecklas och blomstrar, g\u00f6r \u00e4ven v\u00e5ra liv det med tiden. Beroende p\u00e5 var m\u00e5nen befann sig i sin fas j\u00e4mf\u00f6rt med n\u00e4r vi f\u00f6ddes kan v\u00e5ra personligheter och fokus i livet ta olika kurser. Detta \u00e4r en av anledningarna till att ingen m\u00e4nniska n\u00e5gonsin \u00e4r riktigt likadan. \u00c4ven om de delar samma stj\u00e4rntecken. M\u00e5nfasen l\u00e4gger till ett unikt lager till personligheterna. Den kan bidra till v\u00e5ra livssysslor och intressen.<\/p>\r\n\r\n<p style=\"margin-top: 1rem\">Att k\u00e4nna till din f\u00f6delsedags m\u00e5nfas och ditt m\u00e5ntecken \u00e4r en viktig del av tillv\u00e4xten. Det g\u00f6r det m\u00f6jligt f\u00f6r oss att b\u00e4ttre f\u00f6rst\u00e5 v\u00e5ra felst\u00e4llningar och tendenser. Och \u00e4ven om inget \u00f6de \u00e4r helt f\u00f6rutbest\u00e4mt kan kunskapen om dessa egenskaper hj\u00e4lpa oss att anv\u00e4nda dem till v\u00e5r f\u00f6rdel. Arbeta f\u00f6r att undvika dem helt och h\u00e5llet. L\u00e4s v\u00e5ra artiklar om <a href=\"https:\/\/positiveprints.com\/born-on-a-new-moon\/\">nym\u00e5ne<\/a>, <a href=\"https:\/\/positiveprints.com\/born-on-a-waxing-moon\/\">tilltagande m\u00e5ne<\/a> och <a href=\"https:\/\/positiveprints.com\/born-on-a-waning-moon\/\">avtagande m\u00e5ne<\/a> f\u00f6r att l\u00e4ra dig mer om deras effekt p\u00e5 den person vars f\u00f6delsedag infaller i respektive fas.<\/p>\r\n\r\n<h2 class=\"grenB f24 cblue\" style=\"margin-top: 3rem\">Ta reda p\u00e5 din f\u00f6delsedag m\u00e5nfas<\/h2>\r\n\r\n<p style=\"margin-top: 1rem\">Om du \u00e4lskar allt som har med m\u00e5nen och himlen att g\u00f6ra \u00e4r v\u00e5r f\u00f6delsedagsm\u00e5ne gjord f\u00f6r dig (bokstavligen!). Prova v\u00e5r l\u00e4ttanv\u00e4nda skapare av m\u00e5neaffischer (och v\u00e5r <a href=\"https:\/\/positiveprints.com\/moon-phase-calculator\/\">m\u00e5nfasber\u00e4knare<\/a> f\u00f6r att kontrollera ditt m\u00e5ntecken). Du kan v\u00e4lja datum och plats f\u00f6r din f\u00f6delse. Vi \u00e5terskapar hur m\u00e5nen s\u00e5g ut fr\u00e5n jorden den dagen. Anpassa din f\u00f6delsedagsm\u00e5nefasaffisch med egen text. V\u00e4lj ett f\u00e4rgalternativ f\u00f6r att skapa ett tryck som du kommer att vara stolt \u00f6ver att visa upp. <\/p>\r\n\r\n<p style=\"margin-top: 1rem\">V\u00e5r <a href=\"https:\/\/positiveprints.com\/sv\/produkt\/personlig-manfasposter\/\">m\u00e5naffisch<\/a> \u00e4r en utm\u00e4rkt <a href=\"https:\/\/positiveprints.com\/sv\/fodelsedagspresenter\/\">f\u00f6delsedagspresent<\/a> ff\u00f6r alla. Kontrollera m\u00e5nens position f\u00f6r ett visst datum och skapa sedan en unik affisch f\u00f6r alla dina n\u00e4ra och k\u00e4ra. <\/p>\r\n\r\n<h2 class=\"grenB f24 cblue\" style=\"margin-top: 3rem\">Skapa ett unikt tryck f\u00f6r din \u00e4lskade<\/h2>\r\n\r\n<p style=\"margin-top: 1rem\">Har du n\u00e5gonsin tr\u00e4ffat n\u00e5gon som finner tr\u00f6st i m\u00e5nen? Eller kanske \u00e4r du sj\u00e4lv m\u00e4rkligt fascinerad av m\u00e5nen? Kanske k\u00e4nner du dig energisk och fridfull varje g\u00e5ng du tittar in i natthimlen. De \u00e4lskar f\u00f6rmodligen <a href=\"https:\/\/positiveprints.com\/moon-gift-ideas\/\">m\u00e5nfaspresenter<\/a>.<\/p>\r\n\r\n<p style=\"margin-top: 1rem\">Vissa kanske s\u00e4ger att m\u00e5n\u00e4lskare \u00e4r &#8220;m\u00e5nk\u00e4nsliga&#8221;. Eftersom de k\u00e4nner sig attraherade av m\u00e5nen. N\u00e4stan som en magnet. Man l\u00e4gger m\u00e4rke till m\u00e5nen \u00e4ven n\u00e4r den inte \u00e4r full och lyser som starkast. N\u00e4r den verkar avl\u00e4gsen och liten. Du kan inte l\u00e5ta bli att titta upp mot himlen n\u00e4r du \u00e4r ute p\u00e5 natten. Du \u00e4r oftast medveten om vilken fas m\u00e5nen befinner sig i.<\/p>\r\n\r\n<p style=\"margin-top: 1rem\">N\u00e4r du tittar p\u00e5 m\u00e5nen kan du k\u00e4nna ett m\u00e4rkligt men lugnande sl\u00e4ktskap med den silverf\u00e4rgade klotet. Denna unika samh\u00f6righet \u00e4r en kraftfull k\u00e4nsla, och alla som anser sig vara m\u00e5n\u00e4lskare kan finna energi, f\u00f6rnyelse och lugn genom att ha m\u00e5nen n\u00e4ra sig hela tiden.<\/p>\r\n\r\n<p style=\"margin-top: 1rem\">\u00c4lskar du m\u00e5nen eller k\u00e4nner du n\u00e5gon som g\u00f6r det? Det finns ingen b\u00e4ttre presentid\u00e9 \u00e4n unika personliga m\u00e5nfasg\u00e5vor som passar de inre chakrana.<\/p>\r\n\r\n<h2 class=\"grenB f24 cblue\" style=\"margin-top: 3rem\">M\u00e5nf\u00f6delsedag har en unik kraft<\/h2>\r\n\r\n<p style=\"margin-top: 1rem\">I \u00e5rhundraden har m\u00e5nen varit stj\u00e4rnan i ber\u00e4ttelser, legender och ritualer. M\u00e5nga tror att m\u00e5nen har unika himmelska krafter. Den p\u00e5verkar livet h\u00e4r p\u00e5 jorden, inklusive v\u00e5r energi och v\u00e5rt hum\u00f6r. Vi ser m\u00e5nens magi \u00f6verallt omkring oss. Fr\u00e5n <a href=\"https:\/\/moon.nasa.gov\/moon-in-motion\/tides\/\">hur tidvattnet f\u00f6r\u00e4ndras<\/a> till hur m\u00e4nniskor beter sig n\u00e4r fullm\u00e5nen g\u00e5r upp.<\/p>\r\n\r\n<p style=\"margin-top: 1rem\">Men \u00e4ven om du inte tror p\u00e5 m\u00e5nens magi. M\u00e5nen h\u00e5ller oss fortfarande f\u00e5ngna. Den v\u00e4cker fr\u00e5gor om v\u00e5rt universum och livets existens. Den g\u00f6r natthimlen mer sp\u00e4nnande. Den framkallar en k\u00e4nsla av lugn och rofylldhet. Dessa k\u00e4nslor \u00e4r som en egen form av magi. S\u00e4rskilt om det enda som kr\u00e4vs f\u00f6r att sl\u00e4ppa taget och slappna av \u00e4r lite tid i enrum med m\u00e5nen.<\/p>\r\n\r\n<p style=\"margin-top: 1rem\">De b\u00e4sta m\u00e5nfasg\u00e5vorna g\u00f6r det sv\u00e5rt att j\u00e4mf\u00f6ra med andra g\u00e5vor. Inte bara f\u00f6r dem som k\u00e4nner en speciell koppling till m\u00e5nens aktivitet.<\/p>\r\n\r\n<h2 class=\"grenB f24 cblue\" style=\"margin-top: 3rem\">Print av f\u00f6delsedagsm\u00e5nfasen \u00e4r en g\u00e5va med en personlig touch.<\/h2>\r\n\r\n<p style=\"margin-top: 1rem\">G\u00e5vor med m\u00e5nfas finns i alla former och storlekar. Fr\u00e5n m\u00e5nlampor till m\u00e5nkristaller och m\u00e5nsmycken. Men det finns \u00e4ven g\u00e5vor som kommer att vara uppskattade och njutas av i m\u00e5nga \u00e5r fram\u00f6ver. Det finns ingen b\u00e4ttre g\u00e5va \u00e4n personliga tryck.<\/p>\r\n\r\n<p style=\"margin-top: 1rem\">En f\u00f6delsedagsm\u00e5nefas ger dig minnen av en speciell natt i ditt liv. Varje m\u00e5ntryck \u00e4r utformat efter hur m\u00e5nen s\u00e5g ut p\u00e5 ett visst datum och en viss plats. Det \u00e4r som att titta p\u00e5 samma m\u00e5ne fr\u00e5n just den kv\u00e4llen.<\/p>\r\n\r\n<p style=\"margin-top: 1rem\">G\u00e5vor i m\u00e5nfas kan vara kraftfulla i sig sj\u00e4lva. Men genom att l\u00e4gga till ett lager av personlig anpassning kan man skapa n\u00e5got \u00e4nnu mer speciellt och \u00e4rofullt. Det \u00e4r inte bara ett bevis p\u00e5 att man k\u00e4nner en \u00e4lskad persons affinitet f\u00f6r m\u00e5nen. Det \u00e4r ocks\u00e5 att ge dem n\u00e5got som verkligen \u00e4r unikt och gjort bara f\u00f6r dem.<\/p>\r\n\r\n<p style=\"margin-top: 1rem\">De b\u00e4sta m\u00e5nfasg\u00e5vorna \u00e4r redan i viss m\u00e5n personliga. De \u00e4r inte vanliga g\u00e5vor som kan k\u00f6pas i vilken butik som helst. M\u00e5nfasg\u00e5vor \u00e4r unika f\u00f6rem\u00e5l inte bara f\u00f6r m\u00e5n\u00e4lskare. Kan du g\u00f6ra den personlig? Du har gjort det lilla extra f\u00f6r att g\u00f6ra deras upplevelse minnesv\u00e4rd.<\/p>\r\n\r\n<p style=\"margin-top: 1rem\">Men personaliseringen beh\u00f6ver inte sluta d\u00e4r. Genom att l\u00e4gga till speciella inskriptioner, datum, <a href=\"https:\/\/positiveprints.com\/beautiful-moon-quotes\/\">m\u00e5ncitat<\/a> eller minnen till din g\u00e5va kan du g\u00f6ra tillf\u00e4llet \u00e4nnu mer speciellt. Och varje g\u00e5ng de anv\u00e4nder eller tittar p\u00e5 sin g\u00e5va kommer de att t\u00e4nka p\u00e5 dig.<\/p>\r\n\r\n<h2 class=\"grenB f24 cblue\" style=\"margin-top: 3rem\">Vilken m\u00e5ne f\u00f6ddes jag under? &#8211; uppt\u00e4ck din m\u00e5nfas nu!<\/h2>\r\n\r\n<p style=\"margin-top: 1rem\">P\u00e5 Positive Prints har vi gjort det enkelt att skapa en tryckt, inramad affisch eller canvas. Best\u00e4ll v\u00e5ra utskrifter f\u00f6r att minnas dina mest magiska \u00f6gonblick. Du har full kontroll \u00f6ver datum och plats. Du kan v\u00e4lja mellan flera olika storleksalternativ. V\u00e4lj dina f\u00e4rgscheman och anpassad text.<\/p>\r\n\r\n<p style=\"margin-top: 1rem\">Du kan best\u00e4lla ett tillverkat m\u00e5nfastryck till din \u00e4lskade. F\u00f6r g\u00e5vor i sista minuten kan du v\u00e4lja en digital nedladdning som eliminerar frakttiden.<\/p>","protected":false},"excerpt":{"rendered":"<ul class=\"check-list\">\n<li>L\u00e4gg till m\u00e5nens unika skugga<\/li>\n<li>Anpassa i 3 enkla steg<\/li>\n<li>V\u00e4lj bland en m\u00e4ngd fantastiska designs<\/li>\n<li>Se resultatet direkt \u2013 den interaktiva f\u00f6rhandsvisningen l\u00e5ter dig finjustera varje detalj<\/li>\n<\/ul>\n","protected":false},"featured_media":1688566,"template":"","meta":[],"product_brand":[],"product_cat":[9281,8214,14193,8115,8117,11584,11586,11587,11588,11645,11646,11647,11648,11221,11222,7598,8108,15046,11476,11464,11473,8014,7630,7662,7694,7774,7743,7838,7822],"product_tag":[17458,17610,17595,17580,17564,17548,17533,17518,17503,17646,13376,17473,15100,13430,13460,13480],"class_list":{"0":"post-360361","1":"product","2":"type-product","3":"status-publish","4":"has-post-thumbnail","6":"product_cat-bestsellers-label-sv","7":"product_cat-till-honom","8":"product_cat-moon-sv","9":"product_cat-gavor-till-nyfodda-barn-presenttillfallen","10":"product_cat-fodelsedagspresenter-presenttillfallen","11":"product_cat-18-arsdag","12":"product_cat-21-arsdag","13":"product_cat-30-arsdag","14":"product_cat-40-arsdag","15":"product_cat-50-arsdag","16":"product_cat-60-arsdag","17":"product_cat-70-arsdag","18":"product_cat-80-arsdag","19":"product_cat-fodelsedagspresenter-till-henne","20":"product_cat-fodelsedagspresenter-till-honom","21":"product_cat-gavor-till-dopet","22":"product_cat-julpresenter","23":"product_cat-julklappar-for-vanner","24":"product_cat-julklappar-till-systern","25":"product_cat-julklappar-till-brodern","26":"product_cat-julklappar-till-barnen","27":"product_cat-gavor-for-man","28":"product_cat-gavor-till-din-bror","29":"product_cat-gavor-till-sonen","30":"product_cat-gavor-for-kvinnor","31":"product_cat-gavor-till-dottern","32":"product_cat-gavor-till-en-syster","33":"product_cat-gavor-till-vanner","34":"product_cat-gavor-till-nya-foraldrar","35":"product_tag-100-ar","36":"product_tag-16-ar","37":"product_tag-18-ar","38":"product_tag-20-ar","39":"product_tag-30-ar","40":"product_tag-40-ar","41":"product_tag-50-ar","42":"product_tag-60-ar","43":"product_tag-70-ar","44":"product_tag-80-ar","45":"product_tag-80-arsdag","46":"product_tag-90-ar","47":"product_tag-birthday-pl-sv","48":"product_tag-julklapp-till-syster","49":"product_tag-julklappar-till-bror","50":"product_tag-julklappar-till-vanner","52":"first","53":"instock","54":"sale","55":"taxable","56":"shipping-taxable","57":"purchasable","58":"product-type-variable"},"yoast_head":"<!-- This site is optimized with the Yoast SEO Premium plugin v27.2 (Yoast SEO v27.2) - https:\/\/yoast.com\/product\/yoast-seo-premium-wordpress\/ -->\n<title>F\u00f6delsedag M\u00e5nfas - Positive Prints<\/title>\n<meta name=\"description\" content=\"Du kan best\u00e4lla ett tillverkat m\u00e5nfastryck till din \u00e4lskade. F\u00f6r g\u00e5vor i sista minuten kan du v\u00e4lja en digital nedladdning som eliminerar frakttiden\" \/>\n<meta name=\"robots\" content=\"index, follow, max-snippet:-1, max-image-preview:large, max-video-preview:-1\" \/>\n<link rel=\"canonical\" href=\"https:\/\/positiveprints.com\/sv\/produkt\/fodelsedag-manfas\/\" \/>\n<meta property=\"og:locale\" content=\"sv_SE\" \/>\n<meta property=\"og:type\" content=\"article\" \/>\n<meta property=\"og:title\" content=\"F\u00f6delsedag M\u00e5nfas\" \/>\n<meta property=\"og:description\" content=\"L\u00e4gg till m\u00e5nens unika skugga Anpassa i 3 enkla steg V\u00e4lj bland en m\u00e4ngd fantastiska designs Se resultatet direkt \u2013 den interaktiva f\u00f6rhandsvisningen l\u00e5ter dig finjustera varje detalj\" \/>\n<meta property=\"og:url\" content=\"https:\/\/positiveprints.com\/sv\/produkt\/fodelsedag-manfas\/\" \/>\n<meta property=\"og:site_name\" content=\"Positive Prints\" \/>\n<meta property=\"article:publisher\" content=\"https:\/\/www.facebook.com\/positiveprintscom\" \/>\n<meta property=\"article:modified_time\" content=\"2026-04-23T11:29:11+00:00\" \/>\n<meta property=\"og:image\" content=\"https:\/\/positiveprints.com\/wp-content\/uploads\/2024\/10\/Packshot_SE_Birthday-Moon-Phase-product-image.webp\" \/>\n\t<meta property=\"og:image:width\" content=\"1450\" \/>\n\t<meta property=\"og:image:height\" content=\"1450\" \/>\n\t<meta property=\"og:image:type\" content=\"image\/webp\" \/>\n<meta name=\"twitter:card\" content=\"summary_large_image\" \/>\n<!-- \/ Yoast SEO Premium plugin. -->","yoast_head_json":{"title":"F\u00f6delsedag M\u00e5nfas - Positive Prints","description":"Du kan best\u00e4lla ett tillverkat m\u00e5nfastryck till din \u00e4lskade. F\u00f6r g\u00e5vor i sista minuten kan du v\u00e4lja en digital nedladdning som eliminerar frakttiden","robots":{"index":"index","follow":"follow","max-snippet":"max-snippet:-1","max-image-preview":"max-image-preview:large","max-video-preview":"max-video-preview:-1"},"canonical":"https:\/\/positiveprints.com\/sv\/produkt\/fodelsedag-manfas\/","og_locale":"sv_SE","og_type":"article","og_title":"F\u00f6delsedag M\u00e5nfas","og_description":"L\u00e4gg till m\u00e5nens unika skugga Anpassa i 3 enkla steg V\u00e4lj bland en m\u00e4ngd fantastiska designs Se resultatet direkt \u2013 den interaktiva f\u00f6rhandsvisningen l\u00e5ter dig finjustera varje detalj","og_url":"https:\/\/positiveprints.com\/sv\/produkt\/fodelsedag-manfas\/","og_site_name":"Positive Prints","article_publisher":"https:\/\/www.facebook.com\/positiveprintscom","article_modified_time":"2026-04-23T11:29:11+00:00","og_image":[{"width":1450,"height":1450,"url":"https:\/\/positiveprints.com\/wp-content\/uploads\/2024\/10\/Packshot_SE_Birthday-Moon-Phase-product-image.webp","type":"image\/webp"}],"twitter_card":"summary_large_image","schema":{"@context":"https:\/\/schema.org","@graph":[{"@type":["WebPage","ItemPage"],"@id":"https:\/\/positiveprints.com\/sv\/produkt\/fodelsedag-manfas\/","url":"https:\/\/positiveprints.com\/sv\/produkt\/fodelsedag-manfas\/","name":"F\u00f6delsedag M\u00e5nfas - Positive Prints","isPartOf":{"@id":"https:\/\/positiveprints.com\/sv\/#website"},"primaryImageOfPage":{"@id":"https:\/\/positiveprints.com\/sv\/produkt\/fodelsedag-manfas\/#primaryimage"},"image":{"@id":"https:\/\/positiveprints.com\/sv\/produkt\/fodelsedag-manfas\/#primaryimage"},"thumbnailUrl":"https:\/\/positiveprints.com\/wp-content\/uploads\/2026\/03\/Packshot_EN_XX-Birthday-Moon-Phase.webp","datePublished":"2020-09-23T08:25:45+00:00","dateModified":"2026-04-23T11:29:11+00:00","description":"Du kan best\u00e4lla ett tillverkat m\u00e5nfastryck till din \u00e4lskade. F\u00f6r g\u00e5vor i sista minuten kan du v\u00e4lja en digital nedladdning som eliminerar frakttiden","breadcrumb":{"@id":"https:\/\/positiveprints.com\/sv\/produkt\/fodelsedag-manfas\/#breadcrumb"},"inLanguage":"sv-SE","potentialAction":[{"@type":"ReadAction","target":["https:\/\/positiveprints.com\/sv\/produkt\/fodelsedag-manfas\/"]}]},{"@type":"ImageObject","inLanguage":"sv-SE","@id":"https:\/\/positiveprints.com\/sv\/produkt\/fodelsedag-manfas\/#primaryimage","url":"https:\/\/positiveprints.com\/wp-content\/uploads\/2026\/03\/Packshot_EN_XX-Birthday-Moon-Phase.webp","contentUrl":"https:\/\/positiveprints.com\/wp-content\/uploads\/2026\/03\/Packshot_EN_XX-Birthday-Moon-Phase.webp","width":1450,"height":1450},{"@type":"BreadcrumbList","@id":"https:\/\/positiveprints.com\/sv\/produkt\/fodelsedag-manfas\/#breadcrumb","itemListElement":[{"@type":"ListItem","position":1,"name":"Home","item":"https:\/\/positiveprints.com\/sv\/"},{"@type":"ListItem","position":2,"name":"Produkter","item":"https:\/\/positiveprints.com\/sv\/shop\/"},{"@type":"ListItem","position":3,"name":"F\u00f6delsedag M\u00e5nfas"}]},{"@type":"WebSite","@id":"https:\/\/positiveprints.com\/sv\/#website","url":"https:\/\/positiveprints.com\/sv\/","name":"Positive Prints","description":"Amazing Custom Personalized Gifts","publisher":{"@id":"https:\/\/positiveprints.com\/sv\/#organization"},"potentialAction":[{"@type":"SearchAction","target":{"@type":"EntryPoint","urlTemplate":"https:\/\/positiveprints.com\/sv\/?s={search_term_string}"},"query-input":{"@type":"PropertyValueSpecification","valueRequired":true,"valueName":"search_term_string"}}],"inLanguage":"sv-SE"},{"@type":"Organization","@id":"https:\/\/positiveprints.com\/sv\/#organization","name":"Positive Prints","alternateName":"Positive Prints","url":"https:\/\/positiveprints.com\/sv\/","logo":{"@type":"ImageObject","inLanguage":"sv-SE","@id":"https:\/\/positiveprints.com\/sv\/#\/schema\/logo\/image\/","url":"https:\/\/positiveprints.com\/wp-content\/uploads\/2026\/03\/245815646_1337939713319158_5671353136411139666_n.png","contentUrl":"https:\/\/positiveprints.com\/wp-content\/uploads\/2026\/03\/245815646_1337939713319158_5671353136411139666_n.png","width":800,"height":800,"caption":"Positive Prints"},"image":{"@id":"https:\/\/positiveprints.com\/sv\/#\/schema\/logo\/image\/"},"sameAs":["https:\/\/www.facebook.com\/positiveprintscom","https:\/\/www.instagram.com\/positiveprintscom\/","https:\/\/www.tiktok.com\/@positiveprintscom","https:\/\/www.pinterest.com\/positiveprintscom\/"]}]}},"jetpack_sharing_enabled":true,"_links":{"self":[{"href":"https:\/\/positiveprints.com\/sv\/wp-json\/wp\/v2\/product\/360361","targetHints":{"allow":["GET"]}}],"collection":[{"href":"https:\/\/positiveprints.com\/sv\/wp-json\/wp\/v2\/product"}],"about":[{"href":"https:\/\/positiveprints.com\/sv\/wp-json\/wp\/v2\/types\/product"}],"wp:featuredmedia":[{"embeddable":true,"href":"https:\/\/positiveprints.com\/sv\/wp-json\/wp\/v2\/media\/1688566"}],"wp:attachment":[{"href":"https:\/\/positiveprints.com\/sv\/wp-json\/wp\/v2\/media?parent=360361"}],"wp:term":[{"taxonomy":"product_brand","embeddable":true,"href":"https:\/\/positiveprints.com\/sv\/wp-json\/wp\/v2\/product_brand?post=360361"},{"taxonomy":"product_cat","embeddable":true,"href":"https:\/\/positiveprints.com\/sv\/wp-json\/wp\/v2\/product_cat?post=360361"},{"taxonomy":"product_tag","embeddable":true,"href":"https:\/\/positiveprints.com\/sv\/wp-json\/wp\/v2\/product_tag?post=360361"}],"curies":[{"name":"wp","href":"https:\/\/api.w.org\/{rel}","templated":true}]}}