{"id":360290,"date":"2019-10-02T17:05:56","date_gmt":"2019-10-02T16:05:56","guid":{"rendered":"https:\/\/positiveprints.com\/?post_type=product&#038;p=360290"},"modified":"2026-04-18T09:19:52","modified_gmt":"2026-04-18T08:19:52","slug":"personlig-manfasposter","status":"publish","type":"product","link":"https:\/\/positiveprints.com\/sv\/produkt\/personlig-manfasposter\/","title":{"rendered":"Personlig m\u00e5nfas"},"content":{"rendered":"<p>Den personliga m\u00e5nfaspostern kommer att ge dig minnen fr\u00e5n dina favoritn\u00e4tter. Nu kan du v\u00e5rda dina ljusaste stunder och b\u00e4sta minnen under en identisk himmel! Verkligen unik m\u00e5nfasg\u00e5va.<\/p>\r\n\r\n<h2 class=\"grenB f24 cblue\" style=\"margin-top: 3rem\">M\u00e5nposter med en personlig touch<\/h2>\r\n\r\n<p style=\"margin-top: 1rem\">Hedra den ljusaste punkten p\u00e5 natthimlen med en personlig m\u00e5nposter! <a href=\"https:\/\/sv.wikipedia.org\/wiki\/Galileo_Galilei\">Galileo<\/a> sa n\u00e4r han tittade genom sitt teleskop: &#8220;Det \u00e4r en vacker och f\u00f6rtjusande syn att sk\u00e5da m\u00e5nens kropp.&#8221; Nu kan du dela m\u00e5nlandskapets sk\u00f6nhet med v\u00e5r m\u00e5nv\u00e4ggskonst. M\u00e5nen spelar en kraftfull roll i v\u00e5ra liv, fr\u00e5n att kontrollera tidvattenfl\u00f6det till att kasta ljus i m\u00f6rkret. Med hj\u00e4lp av astronomiska data kan du skapa ett m\u00e5ntryck baserat p\u00e5 valfritt datum och plats. <\/p>\r\n\r\n<p style=\"margin-top: 1rem\">Vill du minnas hur m\u00e5nen s\u00e5g ut p\u00e5 din br\u00f6llopsnatt? Eller hur himlen s\u00e5g ut n\u00e4r ditt barn f\u00f6ddes? Eller undrar du <a href=\"https:\/\/positiveprints.com\/sv\/produkt\/fodelsedag-manfas\/\">hur m\u00e5nen s\u00e5g ut p\u00e5 din f\u00f6delsedag<\/a>? Prova v\u00e5r kostnadsfria <a href=\"https:\/\/positiveprints.com\/blog\/moon-phase-calculator\/\">moon phase calculator<\/a> f\u00f6r att ta reda p\u00e5 hur m\u00e5nen s\u00e5g ut under dina mest speciella \u00f6gonblick! En skr\u00e4ddarsydd m\u00e5nkarta \u00e4r en av de mest fantastiska m\u00e5ng\u00e5vorna med en personlig touch.<\/p>\r\n\r\n<h2 class=\"grenB f24 cblue\" style=\"margin-top: 3rem\">\u00d6verraska dina n\u00e4ra och k\u00e4ra med en personlig m\u00e5ntryck<\/h2>\r\n\r\n<p style=\"margin-top: 1rem\">Har du sv\u00e5rt att hitta en meningsfull present till din \u00e4lskade som r\u00e5kar vara m\u00e5n\u00e4lskare? D\u00e5 kanske du vill \u00f6verv\u00e4ga m\u00e5nfasg\u00e5vor. M\u00e5nfasformen motsvarar m\u00e5nens form vid en viss tidpunkt under m\u00e5nens cykel. Du kan till exempel ha en fullm\u00e5ne eller en halvm\u00e5ne. F\u00f6r m\u00e5nga m\u00e4nniskor kan det hj\u00e4lpa dem att se olika m\u00e5nfaser f\u00f6r att komma ih\u00e5g speciella h\u00e4ndelser.<\/p>\r\n\r\n<p style=\"margin-top: 1rem\">F\u00f6r att g\u00f6ra detta enklare kan vi hj\u00e4lpa dig att hitta r\u00e4tt m\u00e5nfas i tv\u00e5 enkla steg. F\u00f6rst anger du den plats d\u00e4r ditt speciella minne intr\u00e4ffade. D\u00e4refter anger du datumet. D\u00e4refter kan m\u00e5nfasen ber\u00e4knas. L\u00e5t oss ta en mer omfattande titt p\u00e5 den h\u00e4r id\u00e9n och se varf\u00f6r en skr\u00e4ddarsydd m\u00e5nposter kan vara en bra present. <\/p>\r\n\r\n<p style=\"margin-top: 1rem\">\u00c4r du p\u00e5 v\u00e4g till sjukhuset f\u00f6r att v\u00e4lkomna en ny familjemedlem till v\u00e4rlden? Nu kan du alltid minnas natten d\u00e5 n\u00e5gon f\u00f6ddes med deras m\u00e5ntryck. Med bara n\u00e5gra f\u00e5 klick \u00e4r ditt anpassade m\u00e5ntryck redo att skickas var som helst i v\u00e4rlden inom n\u00e5gra dagar. Beh\u00f6ver du det direkt? V\u00e4lj en digital m\u00e5ne som kan skrivas ut s\u00e5 att du kan l\u00e5ta ditt lokala tryckeri s\u00e4tta din design p\u00e5 glas, tr\u00e4 eller till och med en t-shirt!<\/p>\r\n\r\n<h2 class=\"grenB f24 cblue\" style=\"margin-top: 3rem\">Hur man g\u00f6r en egen m\u00e5nposter<\/h2>\r\n\r\n<p style=\"margin-top: 1rem\">Fr\u00e5n lugnet i havet till mannen i m\u00e5nen. V\u00e5r n\u00e4rmaste himmelsgranne ber\u00e4ttar en annan historia f\u00f6r alla som tar sig tid att titta upp. Med hj\u00e4lp av mycket riktade astronomiska data med v\u00e5r app f\u00f6r affischskapande kan du v\u00e4lja datum och plats f\u00f6r m\u00e5nen, en av \u00e5tta bakgrundsf\u00e4rger (natthimmel, svart, vit, marinbl\u00e5tt, beige, smaragd, lila galax eller stj\u00e4rnskott) och till och med l\u00e4gga till ett <a href=\"https:\/\/positiveprints.com\/blog\/beautiful-moon-quotes\/\">eget meddelande till ditt m\u00e5ntryck<\/a>. Du kommer aldrig att gl\u00f6mma hur vacker och betydelsefull m\u00e5nen var den natten!<\/p>\r\n\r\n<p style=\"margin-top: 1rem\">F\u00f6r att f\u00e5 den b\u00e4sta designen kanske du vill \u00e4ndra n\u00e5gra funktioner. Du kanske till exempel vill anpassa m\u00e5nens fas. Alternativt kanske du vill \u00e4ndra bakgrunden f\u00f6r att b\u00e4ttre framh\u00e4va m\u00e5nens sk\u00f6nhet. Genom att g\u00f6ra detta kommer du att kunna \u00e5terskapa den speciella natten mer troget. Denna anpassning kommer garanterat att utl\u00f6sa en del minnen hos mottagaren.<\/p>\r\n\r\n<p style=\"margin-top: 1rem\">De verktyg som Positive Prints erbjuder g\u00f6r detta enkelt f\u00f6r dig. Med ett interaktivt verktyg f\u00f6r m\u00e5nfasdesign och flera olika storleksalternativ kan du skapa en g\u00e5va som kommer att gl\u00e4dja mottagaren. Du kommer ocks\u00e5 att kunna best\u00e4mma vilket format du vill anv\u00e4nda. Du kan v\u00e4lja att f\u00e5 bilden utskriven som portr\u00e4tt, fyrkant eller landskap. <\/p>\r\n\r\n<h2 class=\"grenB f24 cblue\" style=\"margin-top: 3rem\">M\u00e5nkonstverk kan v\u00e4cka minnen<\/h2>\r\n\r\n<p style=\"margin-top: 1rem\">M\u00e5nfasen kan vara ett bra s\u00e4tt att \u00e5terskapa minnen av goda tider i ett f\u00f6rh\u00e5llande. Du kanske till exempel vill g\u00f6ra en affisch som visar m\u00e5nfasen n\u00e4r du eller din partner kysstes f\u00f6r f\u00f6rsta g\u00e5ngen. Alternativt kan du skapa en m\u00e5nduk f\u00f6r att fira m\u00e5nfasen p\u00e5 natten d\u00e5 ditt barn f\u00f6ddes. Ett annat f\u00f6rslag \u00e4r att skapa en m\u00e5nfasg\u00e5va av natten d\u00e5 du och din partner gifte er eller f\u00f6rlovade er. Som sagt beh\u00f6ver du bara ange datum och plats d\u00e4r h\u00e4ndelsen intr\u00e4ffade f\u00f6r att hitta r\u00e4tt m\u00e5nfas. Dessa br\u00f6llops- eller f\u00f6rlovningsg\u00e5vor \u00e4r ett utm\u00e4rkt s\u00e4tt att f\u00e5nga och dela dessa v\u00e4rdefulla minnen och st\u00e4rka ert band. <\/p>\r\n\r\n<p style=\"margin-top: 1rem\">Ett m\u00e5nkonstverk \u00e4r en av de mest meningsfulla presenter du kan f\u00e5. M\u00e5nen och stj\u00e4rnorna kan trigga v\u00e5ra minnen och f\u00e5 dina n\u00e4ra och k\u00e4ra att t\u00e4nka p\u00e5 den tid som ni har tillbringat tillsammans. Vare sig du vill ha den som en m\u00e5ndagsm\u00e5neg\u00e5va eller br\u00f6llopspresent till din partner eller som ett s\u00e4tt att fira ditt barns f\u00f6rsta f\u00f6delsedag \u00e4r en skr\u00e4ddarsydd m\u00e5nfaspresent den perfekta presenten f\u00f6r alla tillf\u00e4llen. <\/p>\r\n\r\n<p style=\"margin-top: 1rem\">Det finns ocks\u00e5 valm\u00f6jligheter att t\u00e4nka p\u00e5 n\u00e4r du v\u00e4ljer vilken typ av m\u00e5nfasprodukt du vill anv\u00e4nda. Det finns tre olika alternativ som du kan utforska. Du kan f\u00e5 en tryckt affisch (eller inramad), som \u00e4r perfekt att h\u00e4nga i hemmet eller p\u00e5 kontoret. En digital nedladdning av designen \u00e4r ocks\u00e5 ett alternativ, som du senare kan skriva ut sj\u00e4lv. Slutligen kan du v\u00e4lja att f\u00f6rvandla din m\u00e5nfas till en canvas. Detta val kommer att bli en utm\u00e4rkt dekoration f\u00f6r ditt hem. Eller s\u00e5 kanske du vill anv\u00e4nda kudden som ett s\u00e4tt att tr\u00f6sta ditt barn p\u00e5 l\u00e4ger eller skolresor. <\/p>","protected":false},"excerpt":{"rendered":"<ul class=\"check-list\">\n<li>L\u00e4gg till m\u00e5nens unika skugga<\/li>\n<li>Anpassa i 3 enkla steg<\/li>\n<li>V\u00e4lj bland en m\u00e4ngd fantastiska designs<\/li>\n<li>Se resultatet direkt \u2013 den interaktiva f\u00f6rhandsvisningen l\u00e5ter dig finjustera varje detalj<\/li>\n<\/ul>\n","protected":false},"featured_media":1688055,"template":"","meta":[],"product_brand":[],"product_cat":[15851,9281,15116,9031,8147,14193,7934],"product_tag":[8397,13734,9801,10949],"class_list":{"0":"post-360290","1":"product","2":"type-product","3":"status-publish","4":"has-post-thumbnail","6":"product_cat-shop-bestsellers-sv","7":"product_cat-bestsellers-label-sv","8":"product_cat-bestsellers-menu-sv","9":"product_cat-digitala-produkter","10":"product_cat-creators-sv","11":"product_cat-moon-sv","12":"product_cat-gavor-till-brollopsdusch","13":"product_tag-creators-sv","14":"product_tag-luna-sv","15":"product_tag-mane","16":"product_tag-manfas","18":"first","19":"instock","20":"sale","21":"taxable","22":"shipping-taxable","23":"purchasable","24":"product-type-variable"},"yoast_head":"<!-- This site is optimized with the Yoast SEO Premium plugin v27.2 (Yoast SEO v27.2) - https:\/\/yoast.com\/product\/yoast-seo-premium-wordpress\/ -->\n<title>Personlig m\u00e5nfas - Positive Prints<\/title>\n<meta name=\"description\" content=\"Nu kan du v\u00e5rda dina ljusaste stunder och b\u00e4sta minnen under en identisk himmel! Verkligen unik m\u00e5nfasg\u00e5va.\" \/>\n<meta name=\"robots\" content=\"index, follow, max-snippet:-1, max-image-preview:large, max-video-preview:-1\" \/>\n<link rel=\"canonical\" href=\"https:\/\/positiveprints.com\/sv\/produkt\/personlig-manfasposter\/\" \/>\n<meta property=\"og:locale\" content=\"sv_SE\" \/>\n<meta property=\"og:type\" content=\"article\" \/>\n<meta property=\"og:title\" content=\"Personlig m\u00e5nfas\" \/>\n<meta property=\"og:description\" content=\"L\u00e4gg till m\u00e5nens unika skugga  Anpassa i 3 enkla steg  V\u00e4lj bland en m\u00e4ngd fantastiska designs  Se resultatet direkt \u2013 den interaktiva f\u00f6rhandsvisningen l\u00e5ter dig finjustera varje detalj\" \/>\n<meta property=\"og:url\" content=\"https:\/\/positiveprints.com\/sv\/produkt\/personlig-manfasposter\/\" \/>\n<meta property=\"og:site_name\" content=\"Positive Prints\" \/>\n<meta property=\"article:publisher\" content=\"https:\/\/www.facebook.com\/positiveprintscom\" \/>\n<meta property=\"article:modified_time\" content=\"2026-04-18T08:19:52+00:00\" \/>\n<meta property=\"og:image\" content=\"https:\/\/positiveprints.com\/wp-content\/uploads\/2024\/10\/Packshot_SE_Personalized-Moon-Phase-product-image.webp\" \/>\n\t<meta property=\"og:image:width\" content=\"1450\" \/>\n\t<meta property=\"og:image:height\" content=\"1450\" \/>\n\t<meta property=\"og:image:type\" content=\"image\/webp\" \/>\n<meta name=\"twitter:card\" content=\"summary_large_image\" \/>\n<meta name=\"twitter:label1\" content=\"Ber\u00e4knad l\u00e4stid\" \/>\n\t<meta name=\"twitter:data1\" content=\"4 minut\" \/>\n<!-- \/ Yoast SEO Premium plugin. -->","yoast_head_json":{"title":"Personlig m\u00e5nfas - Positive Prints","description":"Nu kan du v\u00e5rda dina ljusaste stunder och b\u00e4sta minnen under en identisk himmel! Verkligen unik m\u00e5nfasg\u00e5va.","robots":{"index":"index","follow":"follow","max-snippet":"max-snippet:-1","max-image-preview":"max-image-preview:large","max-video-preview":"max-video-preview:-1"},"canonical":"https:\/\/positiveprints.com\/sv\/produkt\/personlig-manfasposter\/","og_locale":"sv_SE","og_type":"article","og_title":"Personlig m\u00e5nfas","og_description":"L\u00e4gg till m\u00e5nens unika skugga  Anpassa i 3 enkla steg  V\u00e4lj bland en m\u00e4ngd fantastiska designs  Se resultatet direkt \u2013 den interaktiva f\u00f6rhandsvisningen l\u00e5ter dig finjustera varje detalj","og_url":"https:\/\/positiveprints.com\/sv\/produkt\/personlig-manfasposter\/","og_site_name":"Positive Prints","article_publisher":"https:\/\/www.facebook.com\/positiveprintscom","article_modified_time":"2026-04-18T08:19:52+00:00","og_image":[{"width":1450,"height":1450,"url":"https:\/\/positiveprints.com\/wp-content\/uploads\/2024\/10\/Packshot_SE_Personalized-Moon-Phase-product-image.webp","type":"image\/webp"}],"twitter_card":"summary_large_image","twitter_misc":{"Ber\u00e4knad l\u00e4stid":"4 minut"},"schema":{"@context":"https:\/\/schema.org","@graph":[{"@type":["WebPage","ItemPage"],"@id":"https:\/\/positiveprints.com\/sv\/produkt\/personlig-manfasposter\/","url":"https:\/\/positiveprints.com\/sv\/produkt\/personlig-manfasposter\/","name":"Personlig m\u00e5nfas - Positive Prints","isPartOf":{"@id":"https:\/\/positiveprints.com\/sv\/#website"},"primaryImageOfPage":{"@id":"https:\/\/positiveprints.com\/sv\/produkt\/personlig-manfasposter\/#primaryimage"},"image":{"@id":"https:\/\/positiveprints.com\/sv\/produkt\/personlig-manfasposter\/#primaryimage"},"thumbnailUrl":"https:\/\/positiveprints.com\/wp-content\/uploads\/2026\/03\/Packshot_EN_XX-moon-phase.webp","datePublished":"2019-10-02T16:05:56+00:00","dateModified":"2026-04-18T08:19:52+00:00","description":"Nu kan du v\u00e5rda dina ljusaste stunder och b\u00e4sta minnen under en identisk himmel! Verkligen unik m\u00e5nfasg\u00e5va.","breadcrumb":{"@id":"https:\/\/positiveprints.com\/sv\/produkt\/personlig-manfasposter\/#breadcrumb"},"inLanguage":"sv-SE","potentialAction":[{"@type":"ReadAction","target":["https:\/\/positiveprints.com\/sv\/produkt\/personlig-manfasposter\/"]}]},{"@type":"ImageObject","inLanguage":"sv-SE","@id":"https:\/\/positiveprints.com\/sv\/produkt\/personlig-manfasposter\/#primaryimage","url":"https:\/\/positiveprints.com\/wp-content\/uploads\/2026\/03\/Packshot_EN_XX-moon-phase.webp","contentUrl":"https:\/\/positiveprints.com\/wp-content\/uploads\/2026\/03\/Packshot_EN_XX-moon-phase.webp","width":1450,"height":1450},{"@type":"BreadcrumbList","@id":"https:\/\/positiveprints.com\/sv\/produkt\/personlig-manfasposter\/#breadcrumb","itemListElement":[{"@type":"ListItem","position":1,"name":"Home","item":"https:\/\/positiveprints.com\/sv\/"},{"@type":"ListItem","position":2,"name":"Produkter","item":"https:\/\/positiveprints.com\/sv\/shop\/"},{"@type":"ListItem","position":3,"name":"Personlig m\u00e5nfas"}]},{"@type":"WebSite","@id":"https:\/\/positiveprints.com\/sv\/#website","url":"https:\/\/positiveprints.com\/sv\/","name":"Positive Prints","description":"Amazing Custom Personalized Gifts","publisher":{"@id":"https:\/\/positiveprints.com\/sv\/#organization"},"potentialAction":[{"@type":"SearchAction","target":{"@type":"EntryPoint","urlTemplate":"https:\/\/positiveprints.com\/sv\/?s={search_term_string}"},"query-input":{"@type":"PropertyValueSpecification","valueRequired":true,"valueName":"search_term_string"}}],"inLanguage":"sv-SE"},{"@type":"Organization","@id":"https:\/\/positiveprints.com\/sv\/#organization","name":"Positive Prints","alternateName":"Positive Prints","url":"https:\/\/positiveprints.com\/sv\/","logo":{"@type":"ImageObject","inLanguage":"sv-SE","@id":"https:\/\/positiveprints.com\/sv\/#\/schema\/logo\/image\/","url":"https:\/\/positiveprints.com\/wp-content\/uploads\/2026\/03\/245815646_1337939713319158_5671353136411139666_n.png","contentUrl":"https:\/\/positiveprints.com\/wp-content\/uploads\/2026\/03\/245815646_1337939713319158_5671353136411139666_n.png","width":800,"height":800,"caption":"Positive Prints"},"image":{"@id":"https:\/\/positiveprints.com\/sv\/#\/schema\/logo\/image\/"},"sameAs":["https:\/\/www.facebook.com\/positiveprintscom","https:\/\/www.instagram.com\/positiveprintscom\/","https:\/\/www.tiktok.com\/@positiveprintscom","https:\/\/www.pinterest.com\/positiveprintscom\/"]}]}},"jetpack_sharing_enabled":true,"_links":{"self":[{"href":"https:\/\/positiveprints.com\/sv\/wp-json\/wp\/v2\/product\/360290","targetHints":{"allow":["GET"]}}],"collection":[{"href":"https:\/\/positiveprints.com\/sv\/wp-json\/wp\/v2\/product"}],"about":[{"href":"https:\/\/positiveprints.com\/sv\/wp-json\/wp\/v2\/types\/product"}],"wp:featuredmedia":[{"embeddable":true,"href":"https:\/\/positiveprints.com\/sv\/wp-json\/wp\/v2\/media\/1688055"}],"wp:attachment":[{"href":"https:\/\/positiveprints.com\/sv\/wp-json\/wp\/v2\/media?parent=360290"}],"wp:term":[{"taxonomy":"product_brand","embeddable":true,"href":"https:\/\/positiveprints.com\/sv\/wp-json\/wp\/v2\/product_brand?post=360290"},{"taxonomy":"product_cat","embeddable":true,"href":"https:\/\/positiveprints.com\/sv\/wp-json\/wp\/v2\/product_cat?post=360290"},{"taxonomy":"product_tag","embeddable":true,"href":"https:\/\/positiveprints.com\/sv\/wp-json\/wp\/v2\/product_tag?post=360290"}],"curies":[{"name":"wp","href":"https:\/\/api.w.org\/{rel}","templated":true}]}}