{"id":360272,"date":"2021-03-23T11:22:30","date_gmt":"2021-03-23T10:22:30","guid":{"rendered":"https:\/\/positiveprints.com\/?post_type=product&#038;p=360272"},"modified":"2026-04-18T09:09:38","modified_gmt":"2026-04-18T08:09:38","slug":"jubileumsstjarnkarta","status":"publish","type":"product","link":"https:\/\/positiveprints.com\/sv\/produkt\/jubileumsstjarnkarta\/","title":{"rendered":"Jubileumsstj\u00e4rnkarta"},"content":{"rendered":"<p>Oavsett \u00e5lder eller hur l\u00e4nge ni har varit k\u00e4ra \u00e4r br\u00f6llopsdagen alltid v\u00e4rd att fira. \u00d6verraska din \u00e4lskade med en jubileumspresent med stj\u00e4rnkartan!<\/p>\r\n\r\n<h2 class=\"grenB f24 cblue\" style=\"margin-top: 3rem\">\u00c4r det snart dags f\u00f6r din jubileumsdag?<\/h2>\r\n\r\n<p style=\"margin-top: 1rem\">Vad ska ni g\u00f6ra f\u00f6r att fira en k\u00e4rlek som \u00e4r lika unik som ni tv\u00e5 \u00e4r? Kanske har ni gett blommor, godis och foton tidigare. Kanske har ni gjort resor till exotiska platser eller njutit av trevliga middagar vid levande ljus. Men en g\u00e5va som kommer att h\u00e5lla l\u00e5ngt efter att er speciella dag \u00e4r \u00f6ver \u00e4r en stj\u00e4rnkarta f\u00f6r \u00e5rsdagen. <\/p>\r\n\r\n<p style=\"margin-top: 1rem\">Varje k\u00e4rlek har en historia att ber\u00e4tta. Datumet f\u00f6r er \u00e5rsdag \u00e4r en detalj i er unika resa. T\u00e4nk p\u00e5 en stj\u00e4rnkarta f\u00f6r \u00e5rsdagen som en illustration som v\u00e4cker er historia till liv. Det \u00e4r en \u00e5terskapande bild av hur natthimlen s\u00e5g ut det datum d\u00e5 ni sa ja. Medan du var upptagen med att dansa hela natten med din k\u00e4rlek och fira bland familj och v\u00e4nner tittade stj\u00e4rnorna, planeterna och andra himlakroppar ner p\u00e5 dig. De delade med sig av er gl\u00e4dje och nj\u00f6t av varje detalj, precis som de g\u00f6r varje natt vid speciella h\u00e4ndelser runt om i v\u00e4rlden. <\/p>\r\n\r\n<p style=\"margin-top: 1rem\">Nu har du chansen att f\u00e5 tillbaka samma natthimmel till ditt hem och f\u00e5nga det \u00f6gonblicket f\u00f6r alltid.<\/p>\r\n\r\n<h2 class=\"grenB f24 cblue\" style=\"margin-top: 3rem\">Vad \u00e4r det som g\u00f6r en jubileumsstj\u00e4rnkarta s\u00e5 speciell?<\/h2>\r\n\r\n<p style=\"margin-top: 1rem\">Personliga jubileumsstj\u00e4rnkartor \u00e4r unika. Ingen \u00e4r helt lik den andra, trots att de har samma grunddesign, f\u00e4rger och layout. Det beror p\u00e5 att den exakta tidpunkten f\u00f6r ert br\u00f6llop aldrig riktigt kommer att vara densamma som en annan. Fr\u00e5n datumet till klockan och den exakta platsen p\u00e5 jorden ber\u00e4ttar din skr\u00e4ddarsydda <a href=\"https:\/\/positiveprints.com\/sv\/produkt\/anpassad-stjarnkarta\/\">stj\u00e4rnkarta<\/a> er historia. <\/p>\r\n\r\n<p style=\"margin-top: 1rem\">N\u00e4r du skapar en jubileumsstj\u00e4rnkarta har du kontroll \u00f6ver hur den ser ut och vad som st\u00e5r p\u00e5 den. Positive Prints har valt ut flera vackra f\u00e4rgscheman och designalternativ f\u00f6r att hj\u00e4lpa dig att skapa den perfekta estetiken. Du kan l\u00e4gga till anpassade rader av text f\u00f6r att beskriva ditt konstverk, samt v\u00e4lja storlek, orientering och hur det ska tryckas (t.ex. affisch, canvas, inramad konst). <\/p>\r\n\r\n<p style=\"margin-top: 1rem\">Men den kanske mest speciella egenskapen av alla \u00e4r hur den f\u00e5r mottagarna att k\u00e4nna sig. Det h\u00e4r \u00e4r inte en g\u00e5va som vem som helst kan ta fr\u00e5n hyllan i den lokala butiken. Det \u00e4r en skr\u00e4ddarsydd g\u00e5va som \u00e4r gjord f\u00f6r ditt livs k\u00e4rlek, och det visar att du l\u00e4gger extra tid och tanke p\u00e5 deras g\u00e5va. Det \u00e4r en g\u00e5va som de aldrig kommer att se komma men som de kommer att bli \u00f6verlyckliga \u00f6ver att f\u00e5. <\/p>\r\n\r\n<h2 class=\"grenB f24 cblue\" style=\"margin-top: 3rem\">Hur man g\u00f6r en jubileumsstj\u00e4rnkarta<\/h2>\r\n\r\n<p style=\"margin-top: 1rem\">\u00c4ven om orden &#8220;anpassad jubileumsstj\u00e4rnkarta&#8221; kan l\u00e5ta komplicerat \u00e4r processen faktiskt ganska enkel. Det b\u00e4sta av allt \u00e4r att du inte beh\u00f6ver vara en expert p\u00e5 konstn\u00e4r eller designer f\u00f6r att skapa din egen stj\u00e4rnkarta som jubileumsg\u00e5va.<\/p>\r\n\r\n<p style=\"margin-top: 1rem\">V\u00e5r trestegsprocess har gjort det enkelt att skapa en karta p\u00e5 bara n\u00e5gra minuter. B\u00f6rja med att v\u00e4lja kartans form och f\u00e4rgschema och v\u00e4lj sedan hur du vill att detaljerna i din himmelskarta ska visas p\u00e5 utskriften. Du kan v\u00e4lja att endast inkludera stj\u00e4rnor eller l\u00e4gga till planeter och deras namn, konstellationer och till och med <a href=\"https:\/\/sv.wikipedia.org\/wiki\/Vintergatan\">Vintergatan<\/a>. Vi uppmuntrar dig att experimentera med olika kombinationer f\u00f6r att skapa din idealiska design. Varje val du g\u00f6r uppdateras i realtid s\u00e5 att du kan se exakt hur din karta kommer att se ut innan du best\u00e4ller den.<\/p>\r\n\r\n<p style=\"margin-top: 1rem\">Vi inkluderar ocks\u00e5 flera rader text med varje stj\u00e4rnkarta. Du kan l\u00e4mna ett <a href=\"https:\/\/positiveprints.com\/blog\/star-map-quotes-message-ideas\/\">speciellt meddelande eller citat till din \u00e4lskade som skrivs ut p\u00e5 affischen<\/a>. Eller s\u00e5 kan du v\u00e4lja att skriva en text p\u00e5 affischen med datum, tid och plats f\u00f6r ditt br\u00f6llop. Det \u00e4r helt och h\u00e5llet upp till dig!<\/p>\r\n\r\n<p style=\"margin-top: 1rem\">Sist men inte minst har du m\u00e5nga alternativ n\u00e4r det g\u00e4ller att ta emot slutprodukten. Om du vill ha en present i sista minuten rekommenderar vi den digitala nedladdningsfilen, som du f\u00e5r omedelbart. Du kan ta den h\u00e4r filen till ditt lokala tryckeri och f\u00e5 den tryckt p\u00e5 best\u00e4llning och redo att ge bort till din \u00e4lskade. Eller s\u00e5 kan du v\u00e4lja att f\u00e5 trycket skickat direkt till din d\u00f6rr. Vi kan trycka din anpassade stj\u00e4rnkarta p\u00e5 canvas, vilket \u00e4r ett attraktivt alternativ f\u00f6r <a href=\"https:\/\/positiveprints.com\/sv\/jubileumspresent-presenttillfallen\/\">jubileumsg\u00e5vor<\/a>. Eller s\u00e5 kan vi trycka den p\u00e5 affischmaterial av professionell kvalitet och l\u00e5ta rama in den f\u00f6r din r\u00e4kning. Frakt \u00e4r alltid oavsett var du bor i v\u00e4rlden!<\/p>\r\n\r\n<h2 class=\"grenB f24 cblue\" style=\"margin-top: 3rem\">\u00d6verraska din \u00e4lskade med en jubileumspresent i form av en stj\u00e4rnkarta!<\/h2>\r\n\r\n<p style=\"margin-top: 1rem\">Oavsett \u00e5lder eller hur l\u00e4nge ni har varit k\u00e4ra \u00e4r br\u00f6llopsdagen alltid v\u00e4rd att fira. Detta \u00e4r den tidpunkt d\u00e5 du och din k\u00e4rlek best\u00e4mde er f\u00f6r att dela era liv tillsammans f\u00f6r alltid, och alla stj\u00e4rnor och planeter p\u00e5 himlen fick bevittna h\u00e4ndelsen. Nu \u00e4r det din tur att ta in natthimlen i ditt hem s\u00e5 att du kan \u00e5teruppleva det magiska \u00f6gonblicket f\u00f6r alltid. <\/p>\r\n\r\n<p style=\"margin-top: 1rem\">\u00c4r du redo att skapa en fantastisk present som ber\u00e4ttar er unika k\u00e4rlekshistoria? B\u00f6rja skapa din jubileumsg\u00e5va med stj\u00e4rnkartan idag!<\/p>","protected":false},"excerpt":{"rendered":"<ul class=\"check-list\">\n<li>L\u00e4gg till planeter, konstellationer och Vintergatan <\/li>\n<li>Anpassa i 3 enkla steg<\/li>\n<li>Inkludera en meningsfull personlig text<\/li>\n<li>Se resultatet direkt \u2013 den interaktiva f\u00f6rhandsvisningen l\u00e5ter dig finjustera varje detalj<\/li>\n<\/ul>\n","protected":false},"featured_media":1218975,"template":"","meta":[],"product_brand":[],"product_cat":[11190,11191,11192,9281,8218],"product_tag":[12668,12685,13535,14996,15000,14999,13565,12110,15005,14197,15006,14195,14194,13125,14199,15001,15002,14205,15004,14200,14196,14198,15008,14201,14202,14203,15009,15010,14204,15003,14206,15011,14995,14992,14993,14997],"class_list":{"0":"post-360272","1":"product","2":"type-product","3":"status-publish","4":"has-post-thumbnail","6":"product_cat-arsdagspresenter-till-henne","7":"product_cat-arsdagspresenter-till-honom","8":"product_cat-arsdagspresenter-till-par","9":"product_cat-bestsellers-label-sv","10":"product_cat-star-sv","11":"product_tag-alla-hjartans-dag","12":"product_tag-alla-hjartans-dag-present","13":"product_tag-alla-hjartans-dag-presenter","14":"product_tag-anniversary-gift-sv","15":"product_tag-anniversary-gifts-sv","16":"product_tag-anniversary-present-sv","17":"product_tag-arsdagspresent","18":"product_tag-brollopsdag","19":"product_tag-couple-gift-sv","20":"product_tag-couple-gift-anniversary-sv","21":"product_tag-gift-for-couple-sv","22":"product_tag-jubileumspresent","23":"product_tag-jubileumspresenter","24":"product_tag-karlek","25":"product_tag-karleksgava","26":"product_tag-love-sv","27":"product_tag-love-gift-sv","28":"product_tag-omtanksam-present","29":"product_tag-personalized-gift-sv","30":"product_tag-personligt-present","31":"product_tag-present-for-par","32":"product_tag-present-for-par-sv","33":"product_tag-romantic-gifts-sv","34":"product_tag-romantisk-present","35":"product_tag-romantiska-presenter","36":"product_tag-sentimental-gava","37":"product_tag-sentimental-gift-sv","38":"product_tag-special-occasion-sv-2","39":"product_tag-special-occasion-sv","40":"product_tag-thoughtful-gift-sv","41":"product_tag-unik-present","42":"product_tag-unique-gift-sv","43":"product_tag-valentines-day-gifts-sv","44":"product_tag-valentines-day-sv","45":"product_tag-valentines-day-gift-sv","46":"product_tag-wedding-anniversary-sv","48":"first","49":"instock","50":"sale","51":"taxable","52":"shipping-taxable","53":"purchasable","54":"product-type-variable","55":"has-default-attributes"},"yoast_head":"<!-- This site is optimized with the Yoast SEO Premium plugin v27.2 (Yoast SEO v27.2) - https:\/\/yoast.com\/product\/yoast-seo-premium-wordpress\/ -->\n<title>Jubileumsstj\u00e4rnkarta - Positive Prints<\/title>\n<meta name=\"description\" content=\"Oavsett \u00e5lder eller hur l\u00e4nge ni har varit k\u00e4ra \u00e4r br\u00f6llopsdagen alltid v\u00e4rd att fira. \u00d6verraska din \u00e4lskade med en jubileumspresent med stj\u00e4rnkartan!\" \/>\n<meta name=\"robots\" content=\"index, follow, max-snippet:-1, max-image-preview:large, max-video-preview:-1\" \/>\n<link rel=\"canonical\" href=\"https:\/\/positiveprints.com\/sv\/produkt\/jubileumsstjarnkarta\/\" \/>\n<meta property=\"og:locale\" content=\"sv_SE\" \/>\n<meta property=\"og:type\" content=\"article\" \/>\n<meta property=\"og:title\" content=\"Jubileumsstj\u00e4rnkarta\" \/>\n<meta property=\"og:description\" content=\"L\u00e4gg till planeter, konstellationer och Vintergatan  Anpassa i 3 enkla steg Inkludera en meningsfull personlig text Se resultatet direkt \u2013 den interaktiva f\u00f6rhandsvisningen l\u00e5ter dig finjustera varje detalj\" \/>\n<meta property=\"og:url\" content=\"https:\/\/positiveprints.com\/sv\/produkt\/jubileumsstjarnkarta\/\" \/>\n<meta property=\"og:site_name\" content=\"Positive Prints\" \/>\n<meta property=\"article:publisher\" content=\"https:\/\/www.facebook.com\/positiveprintscom\" \/>\n<meta property=\"article:modified_time\" content=\"2026-04-18T08:09:38+00:00\" \/>\n<meta property=\"og:image\" content=\"https:\/\/positiveprints.com\/wp-content\/uploads\/2024\/10\/Packshot_SE_anniversary-star-map-product-image.webp\" \/>\n\t<meta property=\"og:image:width\" content=\"1450\" \/>\n\t<meta property=\"og:image:height\" content=\"1450\" \/>\n\t<meta property=\"og:image:type\" content=\"image\/webp\" \/>\n<meta name=\"twitter:card\" content=\"summary_large_image\" \/>\n<meta name=\"twitter:label1\" content=\"Ber\u00e4knad l\u00e4stid\" \/>\n\t<meta name=\"twitter:data1\" content=\"4 minut\" \/>\n<!-- \/ Yoast SEO Premium plugin. -->","yoast_head_json":{"title":"Jubileumsstj\u00e4rnkarta - Positive Prints","description":"Oavsett \u00e5lder eller hur l\u00e4nge ni har varit k\u00e4ra \u00e4r br\u00f6llopsdagen alltid v\u00e4rd att fira. \u00d6verraska din \u00e4lskade med en jubileumspresent med stj\u00e4rnkartan!","robots":{"index":"index","follow":"follow","max-snippet":"max-snippet:-1","max-image-preview":"max-image-preview:large","max-video-preview":"max-video-preview:-1"},"canonical":"https:\/\/positiveprints.com\/sv\/produkt\/jubileumsstjarnkarta\/","og_locale":"sv_SE","og_type":"article","og_title":"Jubileumsstj\u00e4rnkarta","og_description":"L\u00e4gg till planeter, konstellationer och Vintergatan  Anpassa i 3 enkla steg Inkludera en meningsfull personlig text Se resultatet direkt \u2013 den interaktiva f\u00f6rhandsvisningen l\u00e5ter dig finjustera varje detalj","og_url":"https:\/\/positiveprints.com\/sv\/produkt\/jubileumsstjarnkarta\/","og_site_name":"Positive Prints","article_publisher":"https:\/\/www.facebook.com\/positiveprintscom","article_modified_time":"2026-04-18T08:09:38+00:00","og_image":[{"width":1450,"height":1450,"url":"https:\/\/positiveprints.com\/wp-content\/uploads\/2024\/10\/Packshot_SE_anniversary-star-map-product-image.webp","type":"image\/webp"}],"twitter_card":"summary_large_image","twitter_misc":{"Ber\u00e4knad l\u00e4stid":"4 minut"},"schema":{"@context":"https:\/\/schema.org","@graph":[{"@type":["WebPage","ItemPage"],"@id":"https:\/\/positiveprints.com\/sv\/produkt\/jubileumsstjarnkarta\/","url":"https:\/\/positiveprints.com\/sv\/produkt\/jubileumsstjarnkarta\/","name":"Jubileumsstj\u00e4rnkarta - Positive Prints","isPartOf":{"@id":"https:\/\/positiveprints.com\/sv\/#website"},"primaryImageOfPage":{"@id":"https:\/\/positiveprints.com\/sv\/produkt\/jubileumsstjarnkarta\/#primaryimage"},"image":{"@id":"https:\/\/positiveprints.com\/sv\/produkt\/jubileumsstjarnkarta\/#primaryimage"},"thumbnailUrl":"https:\/\/positiveprints.com\/wp-content\/uploads\/2024\/10\/Packshot_SE_anniversary-star-map-product-image.webp","datePublished":"2021-03-23T10:22:30+00:00","dateModified":"2026-04-18T08:09:38+00:00","description":"Oavsett \u00e5lder eller hur l\u00e4nge ni har varit k\u00e4ra \u00e4r br\u00f6llopsdagen alltid v\u00e4rd att fira. \u00d6verraska din \u00e4lskade med en jubileumspresent med stj\u00e4rnkartan!","breadcrumb":{"@id":"https:\/\/positiveprints.com\/sv\/produkt\/jubileumsstjarnkarta\/#breadcrumb"},"inLanguage":"sv-SE","potentialAction":[{"@type":"ReadAction","target":["https:\/\/positiveprints.com\/sv\/produkt\/jubileumsstjarnkarta\/"]}]},{"@type":"ImageObject","inLanguage":"sv-SE","@id":"https:\/\/positiveprints.com\/sv\/produkt\/jubileumsstjarnkarta\/#primaryimage","url":"https:\/\/positiveprints.com\/wp-content\/uploads\/2024\/10\/Packshot_SE_anniversary-star-map-product-image.webp","contentUrl":"https:\/\/positiveprints.com\/wp-content\/uploads\/2024\/10\/Packshot_SE_anniversary-star-map-product-image.webp","width":1450,"height":1450},{"@type":"BreadcrumbList","@id":"https:\/\/positiveprints.com\/sv\/produkt\/jubileumsstjarnkarta\/#breadcrumb","itemListElement":[{"@type":"ListItem","position":1,"name":"Home","item":"https:\/\/positiveprints.com\/sv\/"},{"@type":"ListItem","position":2,"name":"Produkter","item":"https:\/\/positiveprints.com\/sv\/shop\/"},{"@type":"ListItem","position":3,"name":"Jubileumsstj\u00e4rnkarta"}]},{"@type":"WebSite","@id":"https:\/\/positiveprints.com\/sv\/#website","url":"https:\/\/positiveprints.com\/sv\/","name":"Positive Prints","description":"Amazing Custom Personalized Gifts","publisher":{"@id":"https:\/\/positiveprints.com\/sv\/#organization"},"potentialAction":[{"@type":"SearchAction","target":{"@type":"EntryPoint","urlTemplate":"https:\/\/positiveprints.com\/sv\/?s={search_term_string}"},"query-input":{"@type":"PropertyValueSpecification","valueRequired":true,"valueName":"search_term_string"}}],"inLanguage":"sv-SE"},{"@type":"Organization","@id":"https:\/\/positiveprints.com\/sv\/#organization","name":"Positive Prints","alternateName":"Positive Prints","url":"https:\/\/positiveprints.com\/sv\/","logo":{"@type":"ImageObject","inLanguage":"sv-SE","@id":"https:\/\/positiveprints.com\/sv\/#\/schema\/logo\/image\/","url":"https:\/\/positiveprints.com\/wp-content\/uploads\/2026\/03\/245815646_1337939713319158_5671353136411139666_n.png","contentUrl":"https:\/\/positiveprints.com\/wp-content\/uploads\/2026\/03\/245815646_1337939713319158_5671353136411139666_n.png","width":800,"height":800,"caption":"Positive Prints"},"image":{"@id":"https:\/\/positiveprints.com\/sv\/#\/schema\/logo\/image\/"},"sameAs":["https:\/\/www.facebook.com\/positiveprintscom","https:\/\/www.instagram.com\/positiveprintscom\/","https:\/\/www.tiktok.com\/@positiveprintscom","https:\/\/www.pinterest.com\/positiveprintscom\/"]}]}},"jetpack_sharing_enabled":true,"_links":{"self":[{"href":"https:\/\/positiveprints.com\/sv\/wp-json\/wp\/v2\/product\/360272","targetHints":{"allow":["GET"]}}],"collection":[{"href":"https:\/\/positiveprints.com\/sv\/wp-json\/wp\/v2\/product"}],"about":[{"href":"https:\/\/positiveprints.com\/sv\/wp-json\/wp\/v2\/types\/product"}],"wp:featuredmedia":[{"embeddable":true,"href":"https:\/\/positiveprints.com\/sv\/wp-json\/wp\/v2\/media\/1218975"}],"wp:attachment":[{"href":"https:\/\/positiveprints.com\/sv\/wp-json\/wp\/v2\/media?parent=360272"}],"wp:term":[{"taxonomy":"product_brand","embeddable":true,"href":"https:\/\/positiveprints.com\/sv\/wp-json\/wp\/v2\/product_brand?post=360272"},{"taxonomy":"product_cat","embeddable":true,"href":"https:\/\/positiveprints.com\/sv\/wp-json\/wp\/v2\/product_cat?post=360272"},{"taxonomy":"product_tag","embeddable":true,"href":"https:\/\/positiveprints.com\/sv\/wp-json\/wp\/v2\/product_tag?post=360272"}],"curies":[{"name":"wp","href":"https:\/\/api.w.org\/{rel}","templated":true}]}}