{"id":360258,"date":"2021-03-23T10:23:30","date_gmt":"2021-03-23T09:23:30","guid":{"rendered":"https:\/\/positiveprints.com\/?post_type=product&#038;p=360258"},"modified":"2026-04-18T09:11:16","modified_gmt":"2026-04-18T08:11:16","slug":"fodelsedagsstjarnkarta","status":"publish","type":"product","link":"https:\/\/positiveprints.com\/sv\/produkt\/fodelsedagsstjarnkarta\/","title":{"rendered":"F\u00f6delsedagsstj\u00e4rnkarta"},"content":{"rendered":"<p>En f\u00f6delsedagsstj\u00e4rnkarta \u00e4r en utskriven representation av hur natthimlen s\u00e5g ut fr\u00e5n en specifik plats p\u00e5 jorden vid ett givet datum och tid.<\/p>\r\n\r\n<h2 class=\"grenB f24 cblue\" style=\"margin-top: 3rem\">Himlen den natten du f\u00f6ddes<\/h2>\r\n\r\n<p style=\"margin-top: 1rem\">Livet \u00e4r verkligen en g\u00e5va. Vetenskapen har l\u00e4nge ber\u00e4ttat f\u00f6r oss att chansen att vi \u00f6verhuvudtaget f\u00f6ds \u00e4r ungef\u00e4r en p\u00e5 400 biljoner chans. Det \u00e4r otroliga odds, och de s\u00e4tter i perspektiv hur speciellt det \u00e4r att fira v\u00e5r f\u00f6delsedag varje \u00e5r. N\u00e4r du vill visa en \u00e4lskad person hur glad du \u00e4r \u00f6ver att han eller hon f\u00f6ddes \u00e4r en f\u00f6delsedagsstj\u00e4rnkarta en fantastiskt vacker och innerlig g\u00e5va.<\/p>\r\n\r\n<p style=\"margin-top: 1rem\">En stj\u00e4rnkarta \u00e4r en tryckt bild av hur natthimlen s\u00e5g ut fr\u00e5n en viss plats p\u00e5 jorden vid ett visst datum och en viss tid. Det \u00e4r d\u00e4rf\u00f6r som inte tv\u00e5 stj\u00e4rnkartor f\u00f6r f\u00f6delsedagar \u00e4r helt lika varandra. Varje karta \u00e4r baserad p\u00e5 en persons unika f\u00f6delsedagsuppgifter f\u00f6r att s\u00e4kerst\u00e4lla den mest exakta \u00e5tergivningen. <\/p>\r\n\r\n<p style=\"margin-top: 1rem\">Detta \u00e4r en unik <a href=\"https:\/\/positiveprints.com\/sv\/fodelsedagspresenter\/\">f\u00f6delsedagspresent<\/a> som dina n\u00e4ra och k\u00e4ra aldrig kommer att f\u00f6rv\u00e4nta sig, men som de kommer att uppskatta f\u00f6r alltid. Det \u00e4r inte n\u00e5got du bara kan g\u00e5 in i en butik och k\u00f6pa fr\u00e5n hyllan. Det kr\u00e4vs tid och eftertanke f\u00f6r att ens t\u00e4nka p\u00e5 att ge en stj\u00e4rnkarta i f\u00f6delsedagspresent, och lite mer tid och anstr\u00e4ngning f\u00f6r att skapa kartan och f\u00e5 den tryckt \u00e5t din \u00e4lskade. Alla dessa extra anstr\u00e4ngningar kommer inte att g\u00e5 obem\u00e4rkt f\u00f6rbi, och det \u00e4r troligt att stj\u00e4rnkartan kommer att bli den favoritpresent som de packar upp.<\/p>\r\n\r\n<h2 class=\"grenB f24 cblue\" style=\"margin-top: 3rem\">Vad \u00e4r det som g\u00f6r f\u00f6delsedagsstj\u00e4rnekartan s\u00e5 speciell?<\/h2>\r\n\r\n<p style=\"margin-top: 1rem\">N\u00e4r du tittar upp p\u00e5 natthimlen ikv\u00e4ll kommer den inte att se likadan ut som den du s\u00e5g ig\u00e5r kv\u00e4ll, \u00e4ven om du st\u00e5r p\u00e5 samma plats. Det beror p\u00e5 att v\u00e5rt universum st\u00e4ndigt \u00e4r i r\u00f6relse. Det \u00e4r samma anledning till att vi bara kan se vissa stj\u00e4rnor, planeter och konstellationer vid vissa datum eller \u00e5rstider. <\/p>\r\n\r\n<p style=\"margin-top: 1rem\">Himlen den natt du f\u00f6ddes \u00e4r speciell eftersom det \u00e4r s\u00e5 universum var anpassat n\u00e4r du kom till denna v\u00e4rld. Placeringen av stj\u00e4rnor, planeter och andra himlakroppar den h\u00e4r dagen \u00e4r unik f\u00f6r dig. <\/p>\r\n\r\n<p style=\"margin-top: 1rem\">Naturligtvis var du f\u00f6r ung f\u00f6r att l\u00e4gga m\u00e4rke till hur himlen s\u00e5g ut vid detta viktiga tillf\u00e4lle, s\u00e5 betrakta en stj\u00e4rnkarta f\u00f6r en f\u00f6delsedag som en titt tillbaka i tiden. Det \u00e4r en illustration som st\u00f6der din livsber\u00e4ttelse. Den b\u00f6rjar ber\u00e4tta din historia fr\u00e5n dag 0 och s\u00e4tter scenen f\u00f6r det liv du har levt fram till denna tidpunkt.<\/p>\r\n\r\n<h2 class=\"grenB f24 cblue\" style=\"margin-top: 3rem\">Hur g\u00f6r man en stj\u00e4rnkarta p\u00e5 en f\u00f6delsedag?<\/h2>\r\n\r\n<p style=\"margin-top: 1rem\">P\u00e5 Positive Prints anser vi att alla ska kunna utforma en stj\u00e4rnkarta p\u00e5 f\u00f6delsedagen utan att beh\u00f6va ha konstn\u00e4rliga f\u00e4rdigheter och teknisk kunskap. Vi anv\u00e4nder ett enkelt trestegssystem med smart teknik f\u00f6r att skapa din <a href=\"https:\/\/positiveprints.com\/sv\/produkt\/anpassad-stjarnkarta\/\">stj\u00e4rnkarta <\/a>och g\u00f6ra den verkligt egen. S\u00e5 h\u00e4r tar vi bort gissningarna n\u00e4r det g\u00e4ller att skapa din f\u00f6delsedagsstj\u00e4rnkarta:<\/p>\r\n\r\n<h3 class=\"grenB f18 cblue\" style=\"margin-top: 3rem\">Steg ett: V\u00e4lj din design<\/h3>\r\n\r\n<p style=\"margin-top: 1rem\">Positive Prints erbjuder 7 f\u00f6rinst\u00e4llda m\u00f6nster f\u00f6r din stj\u00e4rnkarta, inklusive en hj\u00e4rtformad ram och flera f\u00e4rgkombinationer. Men om du f\u00f6redrar lite mer anpassning erbjuder vi ocks\u00e5 ett Custom-alternativ d\u00e4r du kan utforma ditt eget f\u00e4rgschema.<\/p>\r\n\r\n<p style=\"margin-top: 1rem\">Dessutom kan du ange detaljniv\u00e5n f\u00f6r stj\u00e4rnkartan. L\u00e4gg till namn p\u00e5 stj\u00e4rnbilder, planeter och planetnamn och till och med Vintergatan. N\u00e4r du g\u00f6r \u00e4ndringar i din design kan du se hur din affisch uppdateras i realtid s\u00e5 att du kan skapa det exakta utseendet du vill ha.  <\/p>\r\n\r\n<h3 class=\"grenB f18 cblue\" style=\"margin-top: 3rem\">Steg tv\u00e5: Ange dina uppgifter<\/h3>\r\n\r\n<p style=\"margin-top: 1rem\">I steg tv\u00e5 f\u00e5r du ange den valda platsen eller koordinaterna samt f\u00f6delsedatum och -tid. Vi anv\u00e4nder plats- och datarelaterade uppgifter f\u00f6r att \u00e5terskapa en s\u00e5 exakt avbildning av natthimlen som m\u00f6jligt, s\u00e5 att det du ser liknar det du ser n\u00e4r du tittar upp p\u00e5 natthimlen p\u00e5 det datumet. <\/p>\r\n\r\n<p style=\"margin-top: 1rem\">Du har ocks\u00e5 m\u00f6jlighet att inkludera upp till tre rader text (en titel, en undertitel och en fotnot). M\u00e5nga av v\u00e5ra kunder v\u00e4ljer att anv\u00e4nda dessa rader f\u00f6r ett <a href=\"https:\/\/positiveprints.com\/blog\/star-map-quotes-message-ideas\/\">personligt meddelande<\/a> till din g\u00e5vomottagare s\u00e5 att alla som ser stj\u00e4rnkartan f\u00e5r veta dess betydelse. Alternativt kan du inkludera ett favoritcitat, en s\u00e5ngtext eller n\u00e5got annat som g\u00f6r din affisch mer personlig. <\/p>\r\n\r\n<h3 class=\"grenB f18 cblue\" style=\"margin-top: 3rem\">Steg tre: V\u00e4lj format<\/h3>\r\n\r\n<p style=\"margin-top: 1rem\">I det sista steget best\u00e4mmer du storleken p\u00e5 din f\u00f6delsedagsposter med stj\u00e4rnkartan och hur du vill f\u00e5 ditt tryck. M\u00e5nga av v\u00e5ra kunder v\u00e4ljer att l\u00e4mna utskriften till oss eftersom vi kan skriva ut p\u00e5 canvas eller h\u00f6gkvalitativt papper av affischkvalitet. Vi kan ocks\u00e5 inkludera en ram som \u00e4r perfekt f\u00f6r g\u00e5vor och g\u00f6r att din mottagare kan h\u00e4nga upp den direkt. Leveransen \u00e4r oavsett var du bor. <\/p>\r\n\r\n<p style=\"margin-top: 1rem\">Om du letar efter en present i sista minuten kan Positive Prints hj\u00e4lpa dig. Vi erbjuder ett digitalt nedladdningsalternativ och skickar affischen till dig via e-post inom n\u00e5gra minuter efter k\u00f6pet. Du kan ta den digitala filen till ditt lokala tryckeri f\u00f6r snabb service och hoppa \u00f6ver frakten. <\/p>\r\n\r\n<h2 class=\"grenB f24 cblue\" style=\"margin-top: 3rem\">F\u00e5 festens liv till varje f\u00f6delsedag med en f\u00f6delsedagspresent i form av en stj\u00e4rnkarta!<\/h2>\r\n\r\n<p style=\"margin-top: 1rem\">\u00c4r du redo att \u00f6verraska din \u00e4lskade med en f\u00f6delsedagspresent f\u00f6r alla tider? B\u00f6rja skapa din egen present p\u00e5 stj\u00e4rnkartan idag!<\/p>","protected":false},"excerpt":{"rendered":"<ul class=\"check-list\">\n<li>L\u00e4gg till planeter, konstellationer och Vintergatan <\/li>\n<li>Anpassa i 3 enkla steg<\/li>\n<li>Inkludera en meningsfull personlig text<\/li>\n<li>Se resultatet direkt \u2013 den interaktiva f\u00f6rhandsvisningen l\u00e5ter dig finjustera varje detalj<\/li>\n<\/ul>\n","protected":false},"featured_media":1423714,"template":"","meta":[],"product_brand":[],"product_cat":[9281,8188,8117,11221,11222,8108,15046,11476,11464,8014,7630,7694,7743,7838,8218],"product_tag":[15100,13430,13460,13480],"class_list":{"0":"post-360258","1":"product","2":"type-product","3":"status-publish","4":"has-post-thumbnail","6":"product_cat-bestsellers-label-sv","7":"product_cat-till-henne","8":"product_cat-fodelsedagspresenter-presenttillfallen","9":"product_cat-fodelsedagspresenter-till-henne","10":"product_cat-fodelsedagspresenter-till-honom","11":"product_cat-julpresenter","12":"product_cat-julklappar-for-vanner","13":"product_cat-julklappar-till-systern","14":"product_cat-julklappar-till-brodern","15":"product_cat-gavor-for-man","16":"product_cat-gavor-till-din-bror","17":"product_cat-gavor-for-kvinnor","18":"product_cat-gavor-till-en-syster","19":"product_cat-gavor-till-vanner","20":"product_cat-star-sv","21":"product_tag-birthday-pl-sv","22":"product_tag-julklapp-till-syster","23":"product_tag-julklappar-till-bror","24":"product_tag-julklappar-till-vanner","26":"first","27":"instock","28":"sale","29":"taxable","30":"shipping-taxable","31":"purchasable","32":"product-type-variable","33":"has-default-attributes"},"yoast_head":"<!-- This site is optimized with the Yoast SEO Premium plugin v27.2 (Yoast SEO v27.2) - https:\/\/yoast.com\/product\/yoast-seo-premium-wordpress\/ -->\n<title>F\u00f6delsedagsstj\u00e4rnkarta - Positive Prints<\/title>\n<meta name=\"description\" content=\"En f\u00f6delsedagsstj\u00e4rnkarta \u00e4r en utskriven representation av hur natthimlen s\u00e5g ut fr\u00e5n en specifik plats p\u00e5 jorden vid ett givet datum och tid.\" \/>\n<meta name=\"robots\" content=\"index, follow, max-snippet:-1, max-image-preview:large, max-video-preview:-1\" \/>\n<link rel=\"canonical\" href=\"https:\/\/positiveprints.com\/sv\/produkt\/fodelsedagsstjarnkarta\/\" \/>\n<meta property=\"og:locale\" content=\"sv_SE\" \/>\n<meta property=\"og:type\" content=\"article\" \/>\n<meta property=\"og:title\" content=\"F\u00f6delsedagsstj\u00e4rnkarta\" \/>\n<meta property=\"og:description\" content=\"L\u00e4gg till planeter, konstellationer och Vintergatan  Anpassa i 3 enkla steg Inkludera en meningsfull personlig text Se resultatet direkt \u2013 den interaktiva f\u00f6rhandsvisningen l\u00e5ter dig finjustera varje detalj\" \/>\n<meta property=\"og:url\" content=\"https:\/\/positiveprints.com\/sv\/produkt\/fodelsedagsstjarnkarta\/\" \/>\n<meta property=\"og:site_name\" content=\"Positive Prints\" \/>\n<meta property=\"article:publisher\" content=\"https:\/\/www.facebook.com\/positiveprintscom\" \/>\n<meta property=\"article:modified_time\" content=\"2026-04-18T08:11:16+00:00\" \/>\n<meta property=\"og:image\" content=\"https:\/\/positiveprints.com\/wp-content\/uploads\/2024\/10\/Packshot_SE_birthday-star-map-product-image.webp\" \/>\n\t<meta property=\"og:image:width\" content=\"1450\" \/>\n\t<meta property=\"og:image:height\" content=\"1450\" \/>\n\t<meta property=\"og:image:type\" content=\"image\/webp\" \/>\n<meta name=\"twitter:card\" content=\"summary_large_image\" \/>\n<meta name=\"twitter:label1\" content=\"Ber\u00e4knad l\u00e4stid\" \/>\n\t<meta name=\"twitter:data1\" content=\"4 minut\" \/>\n<!-- \/ Yoast SEO Premium plugin. -->","yoast_head_json":{"title":"F\u00f6delsedagsstj\u00e4rnkarta - Positive Prints","description":"En f\u00f6delsedagsstj\u00e4rnkarta \u00e4r en utskriven representation av hur natthimlen s\u00e5g ut fr\u00e5n en specifik plats p\u00e5 jorden vid ett givet datum och tid.","robots":{"index":"index","follow":"follow","max-snippet":"max-snippet:-1","max-image-preview":"max-image-preview:large","max-video-preview":"max-video-preview:-1"},"canonical":"https:\/\/positiveprints.com\/sv\/produkt\/fodelsedagsstjarnkarta\/","og_locale":"sv_SE","og_type":"article","og_title":"F\u00f6delsedagsstj\u00e4rnkarta","og_description":"L\u00e4gg till planeter, konstellationer och Vintergatan  Anpassa i 3 enkla steg Inkludera en meningsfull personlig text Se resultatet direkt \u2013 den interaktiva f\u00f6rhandsvisningen l\u00e5ter dig finjustera varje detalj","og_url":"https:\/\/positiveprints.com\/sv\/produkt\/fodelsedagsstjarnkarta\/","og_site_name":"Positive Prints","article_publisher":"https:\/\/www.facebook.com\/positiveprintscom","article_modified_time":"2026-04-18T08:11:16+00:00","og_image":[{"width":1450,"height":1450,"url":"https:\/\/positiveprints.com\/wp-content\/uploads\/2024\/10\/Packshot_SE_birthday-star-map-product-image.webp","type":"image\/webp"}],"twitter_card":"summary_large_image","twitter_misc":{"Ber\u00e4knad l\u00e4stid":"4 minut"},"schema":{"@context":"https:\/\/schema.org","@graph":[{"@type":["WebPage","ItemPage"],"@id":"https:\/\/positiveprints.com\/sv\/produkt\/fodelsedagsstjarnkarta\/","url":"https:\/\/positiveprints.com\/sv\/produkt\/fodelsedagsstjarnkarta\/","name":"F\u00f6delsedagsstj\u00e4rnkarta - Positive Prints","isPartOf":{"@id":"https:\/\/positiveprints.com\/sv\/#website"},"primaryImageOfPage":{"@id":"https:\/\/positiveprints.com\/sv\/produkt\/fodelsedagsstjarnkarta\/#primaryimage"},"image":{"@id":"https:\/\/positiveprints.com\/sv\/produkt\/fodelsedagsstjarnkarta\/#primaryimage"},"thumbnailUrl":"https:\/\/positiveprints.com\/wp-content\/uploads\/2025\/05\/Fo\u0308delsedagsstja\u0308rnkarta-1.webp","datePublished":"2021-03-23T09:23:30+00:00","dateModified":"2026-04-18T08:11:16+00:00","description":"En f\u00f6delsedagsstj\u00e4rnkarta \u00e4r en utskriven representation av hur natthimlen s\u00e5g ut fr\u00e5n en specifik plats p\u00e5 jorden vid ett givet datum och tid.","breadcrumb":{"@id":"https:\/\/positiveprints.com\/sv\/produkt\/fodelsedagsstjarnkarta\/#breadcrumb"},"inLanguage":"sv-SE","potentialAction":[{"@type":"ReadAction","target":["https:\/\/positiveprints.com\/sv\/produkt\/fodelsedagsstjarnkarta\/"]}]},{"@type":"ImageObject","inLanguage":"sv-SE","@id":"https:\/\/positiveprints.com\/sv\/produkt\/fodelsedagsstjarnkarta\/#primaryimage","url":"https:\/\/positiveprints.com\/wp-content\/uploads\/2025\/05\/Fo\u0308delsedagsstja\u0308rnkarta-1.webp","contentUrl":"https:\/\/positiveprints.com\/wp-content\/uploads\/2025\/05\/Fo\u0308delsedagsstja\u0308rnkarta-1.webp","width":1450,"height":1450},{"@type":"BreadcrumbList","@id":"https:\/\/positiveprints.com\/sv\/produkt\/fodelsedagsstjarnkarta\/#breadcrumb","itemListElement":[{"@type":"ListItem","position":1,"name":"Home","item":"https:\/\/positiveprints.com\/sv\/"},{"@type":"ListItem","position":2,"name":"Produkter","item":"https:\/\/positiveprints.com\/sv\/shop\/"},{"@type":"ListItem","position":3,"name":"F\u00f6delsedagsstj\u00e4rnkarta"}]},{"@type":"WebSite","@id":"https:\/\/positiveprints.com\/sv\/#website","url":"https:\/\/positiveprints.com\/sv\/","name":"Positive Prints","description":"Amazing Custom Personalized Gifts","publisher":{"@id":"https:\/\/positiveprints.com\/sv\/#organization"},"potentialAction":[{"@type":"SearchAction","target":{"@type":"EntryPoint","urlTemplate":"https:\/\/positiveprints.com\/sv\/?s={search_term_string}"},"query-input":{"@type":"PropertyValueSpecification","valueRequired":true,"valueName":"search_term_string"}}],"inLanguage":"sv-SE"},{"@type":"Organization","@id":"https:\/\/positiveprints.com\/sv\/#organization","name":"Positive Prints","alternateName":"Positive Prints","url":"https:\/\/positiveprints.com\/sv\/","logo":{"@type":"ImageObject","inLanguage":"sv-SE","@id":"https:\/\/positiveprints.com\/sv\/#\/schema\/logo\/image\/","url":"https:\/\/positiveprints.com\/wp-content\/uploads\/2026\/03\/245815646_1337939713319158_5671353136411139666_n.png","contentUrl":"https:\/\/positiveprints.com\/wp-content\/uploads\/2026\/03\/245815646_1337939713319158_5671353136411139666_n.png","width":800,"height":800,"caption":"Positive Prints"},"image":{"@id":"https:\/\/positiveprints.com\/sv\/#\/schema\/logo\/image\/"},"sameAs":["https:\/\/www.facebook.com\/positiveprintscom","https:\/\/www.instagram.com\/positiveprintscom\/","https:\/\/www.tiktok.com\/@positiveprintscom","https:\/\/www.pinterest.com\/positiveprintscom\/"]}]}},"jetpack_sharing_enabled":true,"_links":{"self":[{"href":"https:\/\/positiveprints.com\/sv\/wp-json\/wp\/v2\/product\/360258","targetHints":{"allow":["GET"]}}],"collection":[{"href":"https:\/\/positiveprints.com\/sv\/wp-json\/wp\/v2\/product"}],"about":[{"href":"https:\/\/positiveprints.com\/sv\/wp-json\/wp\/v2\/types\/product"}],"wp:featuredmedia":[{"embeddable":true,"href":"https:\/\/positiveprints.com\/sv\/wp-json\/wp\/v2\/media\/1423714"}],"wp:attachment":[{"href":"https:\/\/positiveprints.com\/sv\/wp-json\/wp\/v2\/media?parent=360258"}],"wp:term":[{"taxonomy":"product_brand","embeddable":true,"href":"https:\/\/positiveprints.com\/sv\/wp-json\/wp\/v2\/product_brand?post=360258"},{"taxonomy":"product_cat","embeddable":true,"href":"https:\/\/positiveprints.com\/sv\/wp-json\/wp\/v2\/product_cat?post=360258"},{"taxonomy":"product_tag","embeddable":true,"href":"https:\/\/positiveprints.com\/sv\/wp-json\/wp\/v2\/product_tag?post=360258"}],"curies":[{"name":"wp","href":"https:\/\/api.w.org\/{rel}","templated":true}]}}