{"id":360247,"date":"2021-03-23T08:58:13","date_gmt":"2021-03-23T07:58:13","guid":{"rendered":"https:\/\/positiveprints.com\/?post_type=product&#038;p=360247"},"modified":"2026-04-18T09:12:56","modified_gmt":"2026-04-18T08:12:56","slug":"stjarnkarta-dagen-du-foddes","status":"publish","type":"product","link":"https:\/\/positiveprints.com\/sv\/produkt\/stjarnkarta-dagen-du-foddes\/","title":{"rendered":"Stj\u00e4rnkarta dagen du f\u00f6ddes"},"content":{"rendered":"<p>Letar du efter den perfekta presenten till nyf\u00f6dda? Stj\u00e4rnkarta av dagen du f\u00f6ddes \u00e4r perfekt f\u00f6r detta tillf\u00e4lle! Denna vackra representation av den stj\u00e4rnklara natthimlen \u00e4r \u00e5terskapad f\u00f6r att matcha detta speciella \u00f6gonblick i ett liv.<\/p>\r\n\r\n<h2 class=\"grenB f24 cblue\" style=\"margin-top: 3rem\">Vad \u00e4r en &#8220;dagen du f\u00f6ddes-stj\u00e4rnkarta&#8221;?<\/h2>\r\n\r\n<p style=\"margin-top: 1rem\">En karta \u00f6ver stj\u00e4rnor \u00e4r en mycket detaljerad skildring av hur natthimlen s\u00e5g ut p\u00e5 ett specifikt datum som du v\u00e4ljer. Det \u00e4r som att titta upp p\u00e5 natthimlen p\u00e5 det d\u00e4r speciella datumet, se himlen precis som den var och \u00e5teruppleva det \u00f6gonblicket i tiden. <\/p>\r\n\r\n<p style=\"margin-top: 1rem\">Vissa tror att placeringen av stj\u00e4rnor och andra himlakroppar p\u00e5verkar livet h\u00e4r p\u00e5 jorden. Vid betydelsefulla tillf\u00e4llen, som ett barns f\u00f6delse, tros stj\u00e4rnorna, planeterna och himlen vara i perfekt harmoni. Det \u00e4r ett \u00f6gonblick v\u00e4rt att f\u00e5nga f\u00f6r alltid, eftersom det \u00e4r dessa speciella h\u00e4ndelser som hj\u00e4lper till att definiera v\u00e5r kurs genom livet.<\/p>\r\n\r\n<p style=\"margin-top: 1rem\">Oavsett hur du k\u00e4nner om himlens inverkan p\u00e5 livet p\u00e5 jorden, \u00e4r <a href=\"https:\/\/positiveprints.com\/sv\/produkt\/anpassad-stjarnkarta\/\">anpassade stj\u00e4rnkartsaffischer<\/a> avsedda att markera dina mest speciella \u00f6gonblick i livet. De \u00e4r vackra och konstn\u00e4rliga och \u00e4r gjorda f\u00f6r att visas upp i ditt hem. Dessutom \u00e4r de utm\u00e4rkta presenter att dela med familjemedlemmar, din make, dina barn eller andra n\u00e4ra och k\u00e4ra vars liv du vill fira. <\/p>\r\n\r\n<h2 class=\"grenB f24 cblue\" style=\"margin-top: 3rem\">\u00c4r v\u00e5r &#8220;dagen du f\u00f6ddes-stj\u00e4rnkarta&#8221; korrekt?<\/h2>\r\n\r\n<p style=\"margin-top: 1rem\">V\u00e5r interaktiva stj\u00e4rnkartsredigerare ser inte bara bra ut. Den drivs av sofistikerad teknik som anv\u00e4nder data fr\u00e5n Hipparcos f\u00f6r den mest exakta \u00e5terskapandet av natthimlen. <a href=\"https:\/\/sv.wikipedia.org\/wiki\/Hipparcos\">Hipparcos<\/a> var det f\u00f6rsta satellitrymdprojektet som fokuserade p\u00e5 astrometri, vilket \u00e4r m\u00e4tningen av hur himlakroppar \u00e4r placerade p\u00e5 himlen. Den har samlat in data \u00f6ver mer \u00e4n 118 000 stj\u00e4rnor p\u00e5 himlen, vilket g\u00f6r att vi kan g\u00f6ra mycket detaljerade stj\u00e4rnkartor f\u00f6r v\u00e5ra kunder.<\/p>\r\n\r\n<p style=\"margin-top: 1rem\">N\u00e4r du best\u00e4ller en karta \u00f6ver stj\u00e4rnor fr\u00e5n Positive Prints \u00e4r det det n\u00e4rmaste man kan komma att resa tillbaka i tiden f\u00f6r att titta p\u00e5 natthimlen natten till ett barns f\u00f6delse.<\/p>\r\n\r\n<h2 class=\"grenB f24 cblue\" style=\"margin-top: 3rem\">Hur kan jag anpassa en &#8220;dagen du f\u00f6ddes-stj\u00e4rnkarta&#8221;?<\/h2>\r\n\r\n<p style=\"margin-top: 1rem\">Du beh\u00f6ver inte kunna astronomi eller astrologi f\u00f6r att skapa en karta \u00f6ver stj\u00e4rnor den dagen du f\u00f6ddes, och du beh\u00f6ver inte g\u00f6ra omfattande forskning f\u00f6r att ta reda p\u00e5 hur natthimlen s\u00e5g ut den dagen barnet f\u00f6ds. P\u00e5 Positive Prints har vi tagit bort alla gissningar ur ekvationen s\u00e5 att konstn\u00e4rlig sk\u00f6nhet kan froda.<\/p>\r\n\r\n<p style=\"margin-top: 1rem\">V\u00e5r anv\u00e4ndarv\u00e4nliga, intuitiva redigerare guidar dig genom tre enkla steg f\u00f6r att skapa en karta \u00f6ver stj\u00e4rnor. Med hj\u00e4lp av v\u00e5rt skaparverktyg g\u00e5r du in i rollen som designer. V\u00e4lj din kartform, f\u00e4rgkombination, detaljniv\u00e5 och anpassad text. Med varje val eller f\u00f6r\u00e4ndring kan du se din karta komma till liv. <\/p>\r\n\r\n<p style=\"margin-top: 1rem\">V\u00e4lj att inkludera konstellationer, konstellationsnamn, Vintergatan, planeter och\/eller planetnamn om du vill. Du kan styra detaljniv\u00e5n p\u00e5 kartan f\u00f6r att f\u00e5 den exakta bilden du vill ha. <\/p>\r\n\r\n<p style=\"margin-top: 1rem\">V\u00e4lj platsen f\u00f6r det \u00f6gonblick du vill f\u00e5nga med ett himmeldiagram, tillsammans med datum och tid f\u00f6r den mest exakta representationen. L\u00e4gg till rader med text f\u00f6r att ge ett <a href=\"https:\/\/positiveprints.com\/blog\/star-map-quotes-message-ideas\/\">sentimentalt meddelande till en liten<\/a> eller f\u00f6r att texta ditt \u00f6gonblick i tiden.<\/p>\r\n\r\n<p style=\"margin-top: 1rem\">N\u00e4r du har anpassat din &#8220;stj\u00e4rnkarta natten du f\u00f6ddes&#8221; kan du v\u00e4lja hur du vill ta emot den. F\u00f6r n\u00e4rvarande erbjuder Positive Prints m\u00f6jligheten att skriva ut och posta din affisch till dig, eller s\u00e5 kan du v\u00e4lja en digital nedladdningsfil och f\u00e5 den tryckt p\u00e5 den lokala plats du v\u00e4ljer (perfekt f\u00f6r sista minuten-presentalternativ). Vi erbjuder \u00e4ven canvas och inramade versioner, som b\u00e5da \u00e4r av h\u00f6g kvalitet och l\u00e4mpar sig f\u00f6r presentutdelning.<\/p>\r\n\r\n\r\n<h2 class=\"grenB f24 cblue\" style=\"margin-top: 3rem\">Den dagen du f\u00f6ddes &#8211; Den mest meningsfulla g\u00e5van!<\/h2>\r\n\r\n<p style=\"margin-top: 1rem\">V\u00e5ra kunder \u00e4lskar Positive Prints himmelsdiagram av m\u00e5nga anledningar, men v\u00e5r vanligaste f\u00f6rfr\u00e5gan \u00e4r f\u00f6r presentsyften. Ett anpassat stj\u00e4rndiagram ger en \u00e4lskad g\u00e5va. Speciellt f\u00f6r f\u00f6dseln av ett barn.<\/p>\r\n\r\n<p style=\"margin-top: 1rem\">Det \u00e4r en personlig <a href=\"https:\/\/positiveprints.com\/sv\/gavor-till-nyfodda-barn-presenttillfallen\/\">present till nyf\u00f6dda<\/a> som visar att du gjorde det lilla extra f\u00f6r att skapa n\u00e5got vackert f\u00f6r de viktigaste personerna i ditt liv. <\/p>\r\n\r\n<p style=\"margin-top: 1rem\">Vi uppmuntrar dig att komma ig\u00e5ng idag &#8211; prova v\u00e5r intuitiva redigerare och skapa din &#8220;stj\u00e4rnkarta natten du f\u00f6ddes&#8221; p\u00e5 n\u00e5gra minuter!<\/p>","protected":false},"excerpt":{"rendered":"<ul class=\"check-list\">\n<li>L\u00e4gg till planeter, konstellationer och Vintergatan <\/li>\n<li>Anpassa i 3 enkla steg<\/li>\n<li>Inkludera en meningsfull personlig text<\/li>\n<li>Se resultatet direkt \u2013 den interaktiva f\u00f6rhandsvisningen l\u00e5ter dig finjustera varje detalj<\/li>\n<\/ul>\n","protected":false},"featured_media":1225928,"template":"","meta":[],"product_brand":[],"product_cat":[9281,8117,11221,11222,7694,8014,8108,8115,15851,8218,11473,7774,8214,7822,7662],"product_tag":[17458,17610,17595,17580,17564,17548,17533,17518,17503,17646,13376,17473,13379,13440,8458],"class_list":{"0":"post-360247","1":"product","2":"type-product","3":"status-publish","4":"has-post-thumbnail","6":"product_cat-bestsellers-label-sv","7":"product_cat-fodelsedagspresenter-presenttillfallen","8":"product_cat-fodelsedagspresenter-till-henne","9":"product_cat-fodelsedagspresenter-till-honom","10":"product_cat-gavor-for-kvinnor","11":"product_cat-gavor-for-man","12":"product_cat-julpresenter","13":"product_cat-gavor-till-nyfodda-barn-presenttillfallen","14":"product_cat-shop-bestsellers-sv","15":"product_cat-star-sv","16":"product_cat-julklappar-till-barnen","17":"product_cat-gavor-till-dottern","18":"product_cat-till-honom","19":"product_cat-gavor-till-nya-foraldrar","20":"product_cat-gavor-till-sonen","21":"product_tag-100-ar","22":"product_tag-16-ar","23":"product_tag-18-ar","24":"product_tag-20-ar","25":"product_tag-30-ar","26":"product_tag-40-ar","27":"product_tag-50-ar","28":"product_tag-60-ar","29":"product_tag-70-ar","30":"product_tag-80-ar","31":"product_tag-80-arsdag","32":"product_tag-90-ar","33":"product_tag-julklapp-till-en-dotter","34":"product_tag-julklapp-till-sonen","35":"product_tag-new-parents-sv","37":"first","38":"instock","39":"sale","40":"taxable","41":"shipping-taxable","42":"purchasable","43":"product-type-variable"},"yoast_head":"<!-- This site is optimized with the Yoast SEO Premium plugin v27.2 (Yoast SEO v27.2) - https:\/\/yoast.com\/product\/yoast-seo-premium-wordpress\/ -->\n<title>Stj\u00e4rnkarta dagen du f\u00f6ddes - Positive Prints<\/title>\n<meta name=\"description\" content=\"Letar du efter den perfekta presenten till nyf\u00f6dda? Stj\u00e4rnkarta av dagen du f\u00f6ddes \u00e4r perfekt f\u00f6r detta tillf\u00e4lle!\" \/>\n<meta name=\"robots\" content=\"index, follow, max-snippet:-1, max-image-preview:large, max-video-preview:-1\" \/>\n<link rel=\"canonical\" href=\"https:\/\/positiveprints.com\/sv\/produkt\/stjarnkarta-dagen-du-foddes\/\" \/>\n<meta property=\"og:locale\" content=\"sv_SE\" \/>\n<meta property=\"og:type\" content=\"article\" \/>\n<meta property=\"og:title\" content=\"Stj\u00e4rnkarta dagen du f\u00f6ddes\" \/>\n<meta property=\"og:description\" content=\"L\u00e4gg till planeter, konstellationer och Vintergatan   Anpassa i 3 enkla steg  Inkludera en meningsfull personlig text  Se resultatet direkt \u2013 den interaktiva f\u00f6rhandsvisningen l\u00e5ter dig finjustera varje detalj\" \/>\n<meta property=\"og:url\" content=\"https:\/\/positiveprints.com\/sv\/produkt\/stjarnkarta-dagen-du-foddes\/\" \/>\n<meta property=\"og:site_name\" content=\"Positive Prints\" \/>\n<meta property=\"article:publisher\" content=\"https:\/\/www.facebook.com\/positiveprintscom\" \/>\n<meta property=\"article:modified_time\" content=\"2026-04-18T08:12:56+00:00\" \/>\n<meta property=\"og:image\" content=\"https:\/\/positiveprints.com\/wp-content\/uploads\/2024\/10\/Packshot_SE_The-Day-You-Were-Born-product-image.webp\" \/>\n\t<meta property=\"og:image:width\" content=\"1450\" \/>\n\t<meta property=\"og:image:height\" content=\"1450\" \/>\n\t<meta property=\"og:image:type\" content=\"image\/webp\" \/>\n<meta name=\"twitter:card\" content=\"summary_large_image\" \/>\n<meta name=\"twitter:label1\" content=\"Ber\u00e4knad l\u00e4stid\" \/>\n\t<meta name=\"twitter:data1\" content=\"4 minut\" \/>\n<!-- \/ Yoast SEO Premium plugin. -->","yoast_head_json":{"title":"Stj\u00e4rnkarta dagen du f\u00f6ddes - Positive Prints","description":"Letar du efter den perfekta presenten till nyf\u00f6dda? Stj\u00e4rnkarta av dagen du f\u00f6ddes \u00e4r perfekt f\u00f6r detta tillf\u00e4lle!","robots":{"index":"index","follow":"follow","max-snippet":"max-snippet:-1","max-image-preview":"max-image-preview:large","max-video-preview":"max-video-preview:-1"},"canonical":"https:\/\/positiveprints.com\/sv\/produkt\/stjarnkarta-dagen-du-foddes\/","og_locale":"sv_SE","og_type":"article","og_title":"Stj\u00e4rnkarta dagen du f\u00f6ddes","og_description":"L\u00e4gg till planeter, konstellationer och Vintergatan   Anpassa i 3 enkla steg  Inkludera en meningsfull personlig text  Se resultatet direkt \u2013 den interaktiva f\u00f6rhandsvisningen l\u00e5ter dig finjustera varje detalj","og_url":"https:\/\/positiveprints.com\/sv\/produkt\/stjarnkarta-dagen-du-foddes\/","og_site_name":"Positive Prints","article_publisher":"https:\/\/www.facebook.com\/positiveprintscom","article_modified_time":"2026-04-18T08:12:56+00:00","og_image":[{"width":1450,"height":1450,"url":"https:\/\/positiveprints.com\/wp-content\/uploads\/2024\/10\/Packshot_SE_The-Day-You-Were-Born-product-image.webp","type":"image\/webp"}],"twitter_card":"summary_large_image","twitter_misc":{"Ber\u00e4knad l\u00e4stid":"4 minut"},"schema":{"@context":"https:\/\/schema.org","@graph":[{"@type":["WebPage","ItemPage"],"@id":"https:\/\/positiveprints.com\/sv\/produkt\/stjarnkarta-dagen-du-foddes\/","url":"https:\/\/positiveprints.com\/sv\/produkt\/stjarnkarta-dagen-du-foddes\/","name":"Stj\u00e4rnkarta dagen du f\u00f6ddes - Positive Prints","isPartOf":{"@id":"https:\/\/positiveprints.com\/sv\/#website"},"primaryImageOfPage":{"@id":"https:\/\/positiveprints.com\/sv\/produkt\/stjarnkarta-dagen-du-foddes\/#primaryimage"},"image":{"@id":"https:\/\/positiveprints.com\/sv\/produkt\/stjarnkarta-dagen-du-foddes\/#primaryimage"},"thumbnailUrl":"https:\/\/positiveprints.com\/wp-content\/uploads\/2024\/10\/Packshot_SE_The-Day-You-Were-Born-product-image.webp","datePublished":"2021-03-23T07:58:13+00:00","dateModified":"2026-04-18T08:12:56+00:00","description":"Letar du efter den perfekta presenten till nyf\u00f6dda? Stj\u00e4rnkarta av dagen du f\u00f6ddes \u00e4r perfekt f\u00f6r detta tillf\u00e4lle!","breadcrumb":{"@id":"https:\/\/positiveprints.com\/sv\/produkt\/stjarnkarta-dagen-du-foddes\/#breadcrumb"},"inLanguage":"sv-SE","potentialAction":[{"@type":"ReadAction","target":["https:\/\/positiveprints.com\/sv\/produkt\/stjarnkarta-dagen-du-foddes\/"]}]},{"@type":"ImageObject","inLanguage":"sv-SE","@id":"https:\/\/positiveprints.com\/sv\/produkt\/stjarnkarta-dagen-du-foddes\/#primaryimage","url":"https:\/\/positiveprints.com\/wp-content\/uploads\/2024\/10\/Packshot_SE_The-Day-You-Were-Born-product-image.webp","contentUrl":"https:\/\/positiveprints.com\/wp-content\/uploads\/2024\/10\/Packshot_SE_The-Day-You-Were-Born-product-image.webp","width":1450,"height":1450},{"@type":"BreadcrumbList","@id":"https:\/\/positiveprints.com\/sv\/produkt\/stjarnkarta-dagen-du-foddes\/#breadcrumb","itemListElement":[{"@type":"ListItem","position":1,"name":"Home","item":"https:\/\/positiveprints.com\/sv\/"},{"@type":"ListItem","position":2,"name":"Produkter","item":"https:\/\/positiveprints.com\/sv\/shop\/"},{"@type":"ListItem","position":3,"name":"Stj\u00e4rnkarta dagen du f\u00f6ddes"}]},{"@type":"WebSite","@id":"https:\/\/positiveprints.com\/sv\/#website","url":"https:\/\/positiveprints.com\/sv\/","name":"Positive Prints","description":"Amazing Custom Personalized Gifts","publisher":{"@id":"https:\/\/positiveprints.com\/sv\/#organization"},"potentialAction":[{"@type":"SearchAction","target":{"@type":"EntryPoint","urlTemplate":"https:\/\/positiveprints.com\/sv\/?s={search_term_string}"},"query-input":{"@type":"PropertyValueSpecification","valueRequired":true,"valueName":"search_term_string"}}],"inLanguage":"sv-SE"},{"@type":"Organization","@id":"https:\/\/positiveprints.com\/sv\/#organization","name":"Positive Prints","alternateName":"Positive Prints","url":"https:\/\/positiveprints.com\/sv\/","logo":{"@type":"ImageObject","inLanguage":"sv-SE","@id":"https:\/\/positiveprints.com\/sv\/#\/schema\/logo\/image\/","url":"https:\/\/positiveprints.com\/wp-content\/uploads\/2026\/03\/245815646_1337939713319158_5671353136411139666_n.png","contentUrl":"https:\/\/positiveprints.com\/wp-content\/uploads\/2026\/03\/245815646_1337939713319158_5671353136411139666_n.png","width":800,"height":800,"caption":"Positive Prints"},"image":{"@id":"https:\/\/positiveprints.com\/sv\/#\/schema\/logo\/image\/"},"sameAs":["https:\/\/www.facebook.com\/positiveprintscom","https:\/\/www.instagram.com\/positiveprintscom\/","https:\/\/www.tiktok.com\/@positiveprintscom","https:\/\/www.pinterest.com\/positiveprintscom\/"]}]}},"jetpack_sharing_enabled":true,"_links":{"self":[{"href":"https:\/\/positiveprints.com\/sv\/wp-json\/wp\/v2\/product\/360247","targetHints":{"allow":["GET"]}}],"collection":[{"href":"https:\/\/positiveprints.com\/sv\/wp-json\/wp\/v2\/product"}],"about":[{"href":"https:\/\/positiveprints.com\/sv\/wp-json\/wp\/v2\/types\/product"}],"wp:featuredmedia":[{"embeddable":true,"href":"https:\/\/positiveprints.com\/sv\/wp-json\/wp\/v2\/media\/1225928"}],"wp:attachment":[{"href":"https:\/\/positiveprints.com\/sv\/wp-json\/wp\/v2\/media?parent=360247"}],"wp:term":[{"taxonomy":"product_brand","embeddable":true,"href":"https:\/\/positiveprints.com\/sv\/wp-json\/wp\/v2\/product_brand?post=360247"},{"taxonomy":"product_cat","embeddable":true,"href":"https:\/\/positiveprints.com\/sv\/wp-json\/wp\/v2\/product_cat?post=360247"},{"taxonomy":"product_tag","embeddable":true,"href":"https:\/\/positiveprints.com\/sv\/wp-json\/wp\/v2\/product_tag?post=360247"}],"curies":[{"name":"wp","href":"https:\/\/api.w.org\/{rel}","templated":true}]}}