{"id":360069,"date":"2021-11-22T14:16:29","date_gmt":"2021-11-22T13:16:29","guid":{"rendered":"https:\/\/positiveprints.com\/?post_type=product&#038;p=360069"},"modified":"2026-04-03T03:35:13","modified_gmt":"2026-04-03T02:35:13","slug":"familjenamnsskylt","status":"publish","type":"product","link":"https:\/\/positiveprints.com\/sv\/produkt\/familjenamnsskylt\/","title":{"rendered":"Familjenamnsskylt"},"content":{"rendered":"","protected":false},"excerpt":{"rendered":"<ul class=\"check-list\">\n<li>Visa upp din familjs stolthet med vacker v\u00e4ggkonst som visar koordinaterna d\u00e4r din familj bor<\/li>\n<li>Inkludera en meningsfull personlig text<\/li>\n<li>Anpassa i 3 enkla steg<\/li>\n<li>V\u00e4lj en mall eller var kreativ<\/li>\n<li>Se resultatet direkt \u2013 den interaktiva f\u00f6rhandsvisningen l\u00e5ter dig finjustera varje detalj<\/li>\n<\/ul>\n","protected":false},"featured_media":204624,"template":"","meta":[],"product_brand":[],"product_cat":[8117,11221,11222,8108,11474,11466,11468,11467,15061,11476,11464,11475,11473,8014,7630,7982,7614,7662,7694,7854,7822],"product_tag":[16082,16081,8542,13381,13380,13430,13460,13470,11833,11765],"class_list":{"0":"post-360069","1":"product","2":"type-product","3":"status-publish","4":"has-post-thumbnail","6":"product_cat-fodelsedagspresenter-presenttillfallen","7":"product_cat-fodelsedagspresenter-till-henne","8":"product_cat-fodelsedagspresenter-till-honom","9":"product_cat-julpresenter","10":"product_cat-julklappar-till-mamma","11":"product_cat-julklappar-till-pappa","12":"product_cat-julklappar-till-mormor","13":"product_cat-julklappar-till-morfar","14":"product_cat-julklappar-till-familjen","15":"product_cat-julklappar-till-systern","16":"product_cat-julklappar-till-brodern","17":"product_cat-julklappar-till-foraldrarna","18":"product_cat-julklappar-till-barnen","19":"product_cat-gavor-for-man","20":"product_cat-gavor-till-din-bror","21":"product_cat-gavor-till-pappa","22":"product_cat-gavor-till-morfar","23":"product_cat-gavor-till-sonen","24":"product_cat-gavor-for-kvinnor","25":"product_cat-gavor-till-familjen","26":"product_cat-gavor-till-nya-foraldrar","27":"product_tag-cadeaux-de-noel-pour-la-famille-sv","28":"product_tag-family-fr-sv","29":"product_tag-family-sv","30":"product_tag-julklapp-till-en-morfar","31":"product_tag-julklapp-till-en-mormor","32":"product_tag-julklapp-till-syster","33":"product_tag-julklappar-till-bror","34":"product_tag-julklappar-till-familjen","35":"product_tag-julklappar-till-mamma","36":"product_tag-julklappar-till-pappa","38":"first","39":"instock","40":"sale","41":"taxable","42":"shipping-taxable","43":"purchasable","44":"product-type-variable"},"yoast_head":"<!-- This site is optimized with the Yoast SEO Premium plugin v27.2 (Yoast SEO v27.2) - https:\/\/yoast.com\/product\/yoast-seo-premium-wordpress\/ -->\n<title>Familjenamnsskylt - Positive Prints<\/title>\n<meta name=\"description\" content=\"Ditt efternamn ber\u00e4ttar en historia. Var stolt \u00f6ver din identitet med en skr\u00e4ddarsydd namnskylt som f\u00f6rvandlar ditt namn till ett konstverk.\" \/>\n<meta name=\"robots\" content=\"index, follow, max-snippet:-1, max-image-preview:large, max-video-preview:-1\" \/>\n<link rel=\"canonical\" href=\"https:\/\/positiveprints.com\/sv\/produkt\/familjenamnsskylt\/\" \/>\n<meta property=\"og:locale\" content=\"sv_SE\" \/>\n<meta property=\"og:type\" content=\"article\" \/>\n<meta property=\"og:title\" content=\"Familjenamnsskylt\" \/>\n<meta property=\"og:description\" content=\"Visa upp din familjs stolthet med vacker v\u00e4ggkonst som visar koordinaterna d\u00e4r din familj bor Inkludera en meningsfull personlig text Anpassa i 3 enkla steg V\u00e4lj en mall eller var kreativ Se resultatet direkt \u2013 den interaktiva f\u00f6rhandsvisningen l\u00e5ter dig finjustera varje detalj\" \/>\n<meta property=\"og:url\" content=\"https:\/\/positiveprints.com\/sv\/produkt\/familjenamnsskylt\/\" \/>\n<meta property=\"og:site_name\" content=\"Positive Prints\" \/>\n<meta property=\"article:publisher\" content=\"https:\/\/www.facebook.com\/positiveprintscom\" \/>\n<meta property=\"article:modified_time\" content=\"2026-04-03T02:35:13+00:00\" \/>\n<meta property=\"og:image\" content=\"https:\/\/positiveprints.com\/wp-content\/uploads\/2021\/11\/family-name-sign.jpg\" \/>\n\t<meta property=\"og:image:width\" content=\"1080\" \/>\n\t<meta property=\"og:image:height\" content=\"1080\" \/>\n\t<meta property=\"og:image:type\" content=\"image\/jpeg\" \/>\n<meta name=\"twitter:card\" content=\"summary_large_image\" \/>\n<meta name=\"twitter:label1\" content=\"Ber\u00e4knad l\u00e4stid\" \/>\n\t<meta name=\"twitter:data1\" content=\"1 minut\" \/>\n<!-- \/ Yoast SEO Premium plugin. -->","yoast_head_json":{"title":"Familjenamnsskylt - Positive Prints","description":"Ditt efternamn ber\u00e4ttar en historia. Var stolt \u00f6ver din identitet med en skr\u00e4ddarsydd namnskylt som f\u00f6rvandlar ditt namn till ett konstverk.","robots":{"index":"index","follow":"follow","max-snippet":"max-snippet:-1","max-image-preview":"max-image-preview:large","max-video-preview":"max-video-preview:-1"},"canonical":"https:\/\/positiveprints.com\/sv\/produkt\/familjenamnsskylt\/","og_locale":"sv_SE","og_type":"article","og_title":"Familjenamnsskylt","og_description":"Visa upp din familjs stolthet med vacker v\u00e4ggkonst som visar koordinaterna d\u00e4r din familj bor Inkludera en meningsfull personlig text Anpassa i 3 enkla steg V\u00e4lj en mall eller var kreativ Se resultatet direkt \u2013 den interaktiva f\u00f6rhandsvisningen l\u00e5ter dig finjustera varje detalj","og_url":"https:\/\/positiveprints.com\/sv\/produkt\/familjenamnsskylt\/","og_site_name":"Positive Prints","article_publisher":"https:\/\/www.facebook.com\/positiveprintscom","article_modified_time":"2026-04-03T02:35:13+00:00","og_image":[{"width":1080,"height":1080,"url":"https:\/\/positiveprints.com\/wp-content\/uploads\/2021\/11\/family-name-sign.jpg","type":"image\/jpeg"}],"twitter_card":"summary_large_image","twitter_misc":{"Ber\u00e4knad l\u00e4stid":"1 minut"},"schema":{"@context":"https:\/\/schema.org","@graph":[{"@type":["WebPage","ItemPage"],"@id":"https:\/\/positiveprints.com\/sv\/produkt\/familjenamnsskylt\/","url":"https:\/\/positiveprints.com\/sv\/produkt\/familjenamnsskylt\/","name":"Familjenamnsskylt - Positive Prints","isPartOf":{"@id":"https:\/\/positiveprints.com\/sv\/#website"},"primaryImageOfPage":{"@id":"https:\/\/positiveprints.com\/sv\/produkt\/familjenamnsskylt\/#primaryimage"},"image":{"@id":"https:\/\/positiveprints.com\/sv\/produkt\/familjenamnsskylt\/#primaryimage"},"thumbnailUrl":"https:\/\/positiveprints.com\/wp-content\/uploads\/2021\/11\/family-name-sign.jpg","datePublished":"2021-11-22T13:16:29+00:00","dateModified":"2026-04-03T02:35:13+00:00","description":"Ditt efternamn ber\u00e4ttar en historia. Var stolt \u00f6ver din identitet med en skr\u00e4ddarsydd namnskylt som f\u00f6rvandlar ditt namn till ett konstverk.","breadcrumb":{"@id":"https:\/\/positiveprints.com\/sv\/produkt\/familjenamnsskylt\/#breadcrumb"},"inLanguage":"sv-SE","potentialAction":[{"@type":"ReadAction","target":["https:\/\/positiveprints.com\/sv\/produkt\/familjenamnsskylt\/"]}]},{"@type":"ImageObject","inLanguage":"sv-SE","@id":"https:\/\/positiveprints.com\/sv\/produkt\/familjenamnsskylt\/#primaryimage","url":"https:\/\/positiveprints.com\/wp-content\/uploads\/2021\/11\/family-name-sign.jpg","contentUrl":"https:\/\/positiveprints.com\/wp-content\/uploads\/2021\/11\/family-name-sign.jpg","width":1080,"height":1080,"caption":"Your family name on a professional-looking print"},{"@type":"BreadcrumbList","@id":"https:\/\/positiveprints.com\/sv\/produkt\/familjenamnsskylt\/#breadcrumb","itemListElement":[{"@type":"ListItem","position":1,"name":"Home","item":"https:\/\/positiveprints.com\/sv\/"},{"@type":"ListItem","position":2,"name":"Produkter","item":"https:\/\/positiveprints.com\/sv\/shop\/"},{"@type":"ListItem","position":3,"name":"Familjenamnsskylt"}]},{"@type":"WebSite","@id":"https:\/\/positiveprints.com\/sv\/#website","url":"https:\/\/positiveprints.com\/sv\/","name":"Positive Prints","description":"Amazing Custom Personalized Gifts","publisher":{"@id":"https:\/\/positiveprints.com\/sv\/#organization"},"potentialAction":[{"@type":"SearchAction","target":{"@type":"EntryPoint","urlTemplate":"https:\/\/positiveprints.com\/sv\/?s={search_term_string}"},"query-input":{"@type":"PropertyValueSpecification","valueRequired":true,"valueName":"search_term_string"}}],"inLanguage":"sv-SE"},{"@type":"Organization","@id":"https:\/\/positiveprints.com\/sv\/#organization","name":"Positive Prints","alternateName":"Positive Prints","url":"https:\/\/positiveprints.com\/sv\/","logo":{"@type":"ImageObject","inLanguage":"sv-SE","@id":"https:\/\/positiveprints.com\/sv\/#\/schema\/logo\/image\/","url":"https:\/\/positiveprints.com\/wp-content\/uploads\/2026\/03\/245815646_1337939713319158_5671353136411139666_n.png","contentUrl":"https:\/\/positiveprints.com\/wp-content\/uploads\/2026\/03\/245815646_1337939713319158_5671353136411139666_n.png","width":800,"height":800,"caption":"Positive Prints"},"image":{"@id":"https:\/\/positiveprints.com\/sv\/#\/schema\/logo\/image\/"},"sameAs":["https:\/\/www.facebook.com\/positiveprintscom","https:\/\/www.instagram.com\/positiveprintscom\/","https:\/\/www.tiktok.com\/@positiveprintscom","https:\/\/www.pinterest.com\/positiveprintscom\/"]}]}},"jetpack_sharing_enabled":true,"_links":{"self":[{"href":"https:\/\/positiveprints.com\/sv\/wp-json\/wp\/v2\/product\/360069","targetHints":{"allow":["GET"]}}],"collection":[{"href":"https:\/\/positiveprints.com\/sv\/wp-json\/wp\/v2\/product"}],"about":[{"href":"https:\/\/positiveprints.com\/sv\/wp-json\/wp\/v2\/types\/product"}],"wp:featuredmedia":[{"embeddable":true,"href":"https:\/\/positiveprints.com\/sv\/wp-json\/wp\/v2\/media\/204624"}],"wp:attachment":[{"href":"https:\/\/positiveprints.com\/sv\/wp-json\/wp\/v2\/media?parent=360069"}],"wp:term":[{"taxonomy":"product_brand","embeddable":true,"href":"https:\/\/positiveprints.com\/sv\/wp-json\/wp\/v2\/product_brand?post=360069"},{"taxonomy":"product_cat","embeddable":true,"href":"https:\/\/positiveprints.com\/sv\/wp-json\/wp\/v2\/product_cat?post=360069"},{"taxonomy":"product_tag","embeddable":true,"href":"https:\/\/positiveprints.com\/sv\/wp-json\/wp\/v2\/product_tag?post=360069"}],"curies":[{"name":"wp","href":"https:\/\/api.w.org\/{rel}","templated":true}]}}