{"id":359040,"date":"2021-03-23T08:59:16","date_gmt":"2021-03-23T07:59:16","guid":{"rendered":"https:\/\/positiveprints.com\/?post_type=product&#038;p=359040"},"modified":"2026-04-18T09:12:45","modified_gmt":"2026-04-18T08:12:45","slug":"stjarnor-natten-vi-mottes","status":"publish","type":"product","link":"https:\/\/positiveprints.com\/sv\/produkt\/stjarnor-natten-vi-mottes\/","title":{"rendered":"Stj\u00e4rnor natten vi m\u00f6ttes"},"content":{"rendered":"<p>Om ni inte titta upp p\u00e5 natthimlen den d\u00e4r mycket speciella dagen f\u00f6r att se hur universum anpassade sig f\u00f6r er, kan en stj\u00e4rnor natten vi m\u00f6ttes-affisch fylla tomrummen.<\/p>\r\n\r\n<h2 class=\"grenB f24 cblue\" style=\"margin-top: 3rem\">Magiskt \u00f6gonblick f\u00e5ngat i stj\u00e4rnorna<\/h2>\r\n\r\n<p style=\"margin-top: 1rem\">T\u00e4nk tillbaka p\u00e5 det \u00f6gonblicket i tiden n\u00e4r du tr\u00e4ffade din sj\u00e4lsfr\u00e4nde. T\u00e4nk p\u00e5 alla beslut ni b\u00e5da tog i ert liv och de v\u00e4gar ni b\u00e5da tog som skulle leda till det enda \u00f6gonblicket. Vissa kanske kallar det \u00f6de. Andra kallar det \u00f6det. Oavsett hur du uttrycker det \u00e4r det ett magiskt \u00f6gonblick f\u00e5ngat i stj\u00e4rnorna och himlen. Det \u00e4r d\u00e4rf\u00f6r en Stj\u00e4rnor Natten vi M\u00f6ttes-affisch \u00e4r en s\u00e5 v\u00e4rdefull g\u00e5va. <\/p>\r\n\r\n<p style=\"margin-top: 1rem\">T\u00e4nk p\u00e5 detta: m\u00e5nga av oss inser inte att vi har tr\u00e4ffat &#8220;den r\u00e4tta&#8221; vid det f\u00f6rsta m\u00f6tet. Kanske \u00e4r det ett slumpm\u00e4ssigt m\u00f6te som gjorde att dina v\u00e4gar korsades. Eller s\u00e5 kanske en v\u00e4n matchade upp dig p\u00e5 en blind-date och du visste inte vad du kunde f\u00f6rv\u00e4nta dig. Samtidigt som man uppt\u00e4cker att en speciell person kan k\u00e4nnas som omedelbar kemi, kan det ocks\u00e5 ta lite tid att inse att den h\u00e4r k\u00e4nslan inte bara \u00e4r f\u00f6r\u00e4lskelse. Det \u00e4r d\u00e4rf\u00f6r vi inte alltid medvetet t\u00e4nker p\u00e5 alla h\u00e4ndelser som ledde fram till det tillf\u00e4lliga m\u00f6tet. <\/p>\r\n\r\n<h2 class=\"grenB f24 cblue\" style=\"margin-top: 3rem\">Vad \u00e4r en affisch av stj\u00e4rnorna natten vi m\u00f6ttes?<\/h2>\r\n\r\n<p style=\"margin-top: 1rem\">Natthimlen \u00e4r en st\u00e4ndigt utvecklande gobel\u00e4ng av stj\u00e4rnor, planeter, konstellationer och andra himlakroppar. Himlen du ser i Spanien kommer att se annorlunda ut \u00e4n himlen du ser i Australien, \u00e4ven om tv\u00e5 personer tittar p\u00e5 himlen p\u00e5 samma dag samtidigt. \u00c4ven fr\u00e5n samma punkt p\u00e5 jorden kommer himlen inte att se exakt likadan ut fr\u00e5n natt till natt. Det \u00e4r detta som g\u00f6r v\u00e5ra Stj\u00e4rnor Natten vi M\u00f6ttes-affisch s\u00e5 unika. <\/p>\r\n\r\n<p style=\"margin-top: 1rem\">Med hj\u00e4lp av v\u00e5r teknik och anpassade stj\u00e4rnkartsskapare kan du \u00e5terskapa hur natthimlen s\u00e5g ut p\u00e5 ett datum som du v\u00e4ljer fr\u00e5n vilken plats som helst i v\u00e4rlden. Detta ger dig mer flexibilitet och anpassning f\u00f6r din affisch s\u00e5 att du kan njuta av de \u00f6gonblick som betyder mest f\u00f6r dig.<\/p>\r\n\r\n<p style=\"margin-top: 1rem\">F\u00f6rest\u00e4ll er att ta med natthimlen fr\u00e5n er f\u00f6rsta dejt direkt in i ert vardagsrum eller sovrum. Er affisch kommer att vara en st\u00e4ndig p\u00e5minnelse om den d\u00e4r kv\u00e4llen som f\u00f6r\u00e4ndrade era liv f\u00f6r alltid.<\/p>\r\n\r\n<h2 class=\"grenB f24 cblue\" style=\"margin-top: 3rem\">Varf\u00f6r skapa en Stj\u00e4rnor Natten Vi M\u00f6ttes-affisch?<\/h2>\r\n\r\n<p style=\"margin-top: 1rem\">M\u00e5nga av v\u00e5ra kunder litar p\u00e5 Positive Prints som en enda k\u00e4lla f\u00f6r <a href=\"https:\/\/positiveprints.com\/sv\/\">personliga g\u00e5vor<\/a>. Majoriteten av v\u00e5ra Stj\u00e4rnor Natten vi M\u00f6ttes-affisch \u00e4r gjorda som presenter. Vi har designat v\u00e5ra kartor f\u00f6r att vara enkla att anpassa och visa din \u00e4lskade att du l\u00e4gger extra tid och tanke p\u00e5 deras g\u00e5va. <\/p>\r\n\r\n<p style=\"margin-top: 1rem\">Varje <a href=\"https:\/\/positiveprints.com\/sv\/produkt\/anpassad-stjarnkarta\/\">stj\u00e4rnkartsaffisch<\/a> \u00e4r tryckt i professionellt, kvalitetsmaterial som \u00e4r redo f\u00f6r inramning. Likas\u00e5 erbjuder vi \u00e4ven tryck p\u00e5 canvas och kan till och med tillhandah\u00e5lla en ram till ditt konstverk. Den \u00f6verl\u00e4gsna kvaliteten p\u00e5 v\u00e5ra tryck kommer att konkurrera med de andra inramade konstverken i ditt hem eller p\u00e5 kontoret, vilket ger dig ett verk som du kommer att vara stolt \u00f6ver att visa upp. <\/p>\r\n\r\n<p style=\"margin-top: 1rem\">V\u00e5ra tryck \u00e4r den perfekta presenten f\u00f6r alla tillf\u00e4llen f\u00f6r honom eller henne, inklusive:<\/p>\r\n\r\n<ul>\r\n<li><a href=\"https:\/\/positiveprints.com\/sv\/produkt\/fodelsedagsstjarnkarta\/\">F\u00f6delsedagar<\/a><\/li>\r\n<li>F\u00f6rlovningar<\/li>\r\n<li>Br\u00f6llopsdagar<\/li>\r\n<li>Br\u00f6llopspresenter till nygifta<\/li>\r\n<li>Jul<\/li>\r\n<li><a href=\"https:\/\/sv.wikipedia.org\/wiki\/Chanukka\">Hanukkah<\/a><\/li>\r\n<li>Alla hj\u00e4rtans dag<\/li>\r\n<li>Bara f\u00f6r att!<\/li>\r\n<\/ul>\r\n\r\n<p style=\"margin-top: 1rem\">Det finns aldrig fel tidpunkt att visa din sj\u00e4lsfr\u00e4nde hur mycket du \u00e4lskar dem och hur tacksam du \u00e4r f\u00f6r dagen ni tr\u00e4ffades.<\/p>\r\n\r\n<h2 class=\"grenB f24 cblue\" style=\"margin-top: 3rem\">Hur man g\u00f6r en himmel kv\u00e4llen vi tr\u00e4ffades till en affisch<\/h2>\r\n\r\n<p style=\"margin-top: 1rem\">V\u00e5ra anpassade Stj\u00e4rnor Natten vi M\u00f6ttes-affisch \u00e4r konstn\u00e4rligt utformade och vackra, men du beh\u00f6ver inte sj\u00e4lv vara konstn\u00e4r f\u00f6r att f\u00e5 dessa resultat. V\u00e5rt enkla trestegsverktyg l\u00e5ter vem som helst designa sin egen anpassade affisch och f\u00e5 ett vackert tryck.<\/p>\r\n\r\n<p style=\"margin-top: 1rem\">Med hj\u00e4lp av v\u00e5r stjr\u00e4nkartsskapare kan du v\u00e4lja storleken p\u00e5 ditt tryck och formen p\u00e5 din karta. Du kan ocks\u00e5 v\u00e4lja hur mycket detaljer som ska visas p\u00e5 din karta: planeter och planetnamn, stj\u00e4rnor, konstellationer och Vintergatan, till exempel. <\/p>\r\n\r\n<p style=\"margin-top: 1rem\">Du kan ocks\u00e5 v\u00e4lja din specifika plats d\u00e4r du tr\u00e4ffades f\u00f6rsta g\u00e5ngen, tillsammans med datum och tid. Detta kommer att s\u00e4kerst\u00e4lla att du f\u00e5r den mest exakta representationen av natthimlen baserat p\u00e5 din h\u00e4ndelse. <\/p>\r\n\r\n<p style=\"margin-top: 1rem\">L\u00e4gg till ett <a href=\"https:\/\/positiveprints.com\/blog\/star-map-quotes-message-ideas\/\">anpassat meddelande till din \u00e4lskade<\/a> eller detaljer om din speciella dag s\u00e5 att alla som ser ditt konsttryck kommer att veta dess betydelse. <\/p>\r\n\r\n<p style=\"margin-top: 1rem\">Med varje f\u00f6r\u00e4ndring du g\u00f6r i det anpassade redigeringsverktyget kan du se dessa \u00e4ndringar komma till liv i realtid. D\u00e5 vet du exakt hur ditt tryck kommer att se ut n\u00e4r det kommer till dig! <\/p>\r\n\r\n<h2 class=\"grenB f24 cblue\" style=\"margin-top: 3rem\">\u00d6verraska din \u00e4lskade med Stj\u00e4rnor Natten vi m\u00f6ttes-affisch!<\/h2>\r\n\r\n<p style=\"margin-top: 1rem\">En Stj\u00e4rnor Natten vi M\u00f6ttes-affisch \u00e4r unik g\u00e5va och verkligen en ov\u00e4ntad jubileums- eller <a href=\"https:\/\/positiveprints.com\/sv\/gavor-for-nyforlovade-par\/\">f\u00f6rlovningspresent som<\/a> kommer uppskattas f\u00f6r alltid. Det \u00e4r l\u00e4tt att skapa och kommer att se ut som om du lagt ner timmar p\u00e5 att hitta r\u00e4tt present som kommer att imponera. <\/p>\r\n\r\n<p style=\"margin-top: 1rem\">Ber\u00e4tta din k\u00e4rlekshistoria med en Stj\u00e4rnor Natten vi M\u00f6ttes-affisch \u2013 kom ig\u00e5ng idag!<\/p>","protected":false},"excerpt":{"rendered":"<ul class=\"check-list\">\n<li>L\u00e4gg till planeter, konstellationer och Vintergatan <\/li>\n<li>Anpassa i 3 enkla steg<\/li>\n<li>Inkludera en meningsfull personlig text<\/li>\n<li>Se resultatet direkt \u2013 den interaktiva f\u00f6rhandsvisningen l\u00e5ter dig finjustera varje detalj<\/li>\n<\/ul>\n","protected":false},"featured_media":1424678,"template":"","meta":[],"product_brand":[],"product_cat":[9281,8188,8214,9767,8114,11192,11190,11191,8108,11470,11471,11469,11463,11477,11472,8014,7679,7694,7790,7806,8218,8116,11252],"product_tag":[14998,11758,11772,11835,11829,11832,11830,11834,11831],"class_list":{"0":"post-359040","1":"product","2":"type-product","3":"status-publish","4":"has-post-thumbnail","6":"product_cat-bestsellers-label-sv","7":"product_cat-till-henne","8":"product_cat-till-honom","9":"product_cat-trending-label-sv","10":"product_cat-jubileumspresent-presenttillfallen","11":"product_cat-arsdagspresenter-till-par","12":"product_cat-arsdagspresenter-till-henne","13":"product_cat-arsdagspresenter-till-honom","14":"product_cat-julpresenter","15":"product_cat-julklappar-till-henne","16":"product_cat-julklappar-till-honom","17":"product_cat-julklappar-till-flickvannen","18":"product_cat-julklapp-till-pojkvan","19":"product_cat-julklappar-till-frun","20":"product_cat-julklappar-till-maken","21":"product_cat-gavor-for-man","22":"product_cat-gavor-till-pojkvannen","23":"product_cat-gavor-for-kvinnor","24":"product_cat-gavor-till-flickvannen","25":"product_cat-gavor-for-par","26":"product_cat-star-sv","27":"product_cat-gava-pa-alla-hjartans-dag","28":"product_cat-alla-hjartans-dag-presenter-for-honom","29":"product_tag-anniversary-sv","30":"product_tag-julklapp-till-pojkvan","31":"product_tag-julklappar-till-flickvannen","32":"product_tag-julklappar-till-frun","33":"product_tag-julklappar-till-henne","34":"product_tag-julklappar-till-maken","35":"product_tag-kerstcadeaus-for-honom","36":"product_tag-kerstcadeaus-for-kvinnor","37":"product_tag-kerstcadeaus-for-man","39":"first","40":"instock","41":"sale","42":"taxable","43":"shipping-taxable","44":"purchasable","45":"product-type-variable"},"yoast_head":"<!-- This site is optimized with the Yoast SEO Premium plugin v27.2 (Yoast SEO v27.2) - https:\/\/yoast.com\/product\/yoast-seo-premium-wordpress\/ -->\n<title>Stj\u00e4rnor natten vi m\u00f6ttes - Positive Prints<\/title>\n<meta name=\"description\" content=\"En Stj\u00e4rnor Natten vi M\u00f6ttes-affisch \u00e4r unik g\u00e5va och verkligen en ov\u00e4ntad jubileums- eller f\u00f6rlovningspresent som kommer uppskattas f\u00f6r alltid.\" \/>\n<meta name=\"robots\" content=\"index, follow, max-snippet:-1, max-image-preview:large, max-video-preview:-1\" \/>\n<link rel=\"canonical\" href=\"https:\/\/positiveprints.com\/sv\/produkt\/stjarnor-natten-vi-mottes\/\" \/>\n<meta property=\"og:locale\" content=\"sv_SE\" \/>\n<meta property=\"og:type\" content=\"article\" \/>\n<meta property=\"og:title\" content=\"Stj\u00e4rnor natten vi m\u00f6ttes\" \/>\n<meta property=\"og:description\" content=\"L\u00e4gg till planeter, konstellationer och Vintergatan   Anpassa i 3 enkla steg  Inkludera en meningsfull personlig text  Se resultatet direkt \u2013 den interaktiva f\u00f6rhandsvisningen l\u00e5ter dig finjustera varje detalj\" \/>\n<meta property=\"og:url\" content=\"https:\/\/positiveprints.com\/sv\/produkt\/stjarnor-natten-vi-mottes\/\" \/>\n<meta property=\"og:site_name\" content=\"Positive Prints\" \/>\n<meta property=\"article:publisher\" content=\"https:\/\/www.facebook.com\/positiveprintscom\" \/>\n<meta property=\"article:modified_time\" content=\"2026-04-18T08:12:45+00:00\" \/>\n<meta property=\"og:image\" content=\"https:\/\/positiveprints.com\/wp-content\/uploads\/2024\/10\/Packshot_SE_Stars-the-Night-We-Met-product-image.webp\" \/>\n\t<meta property=\"og:image:width\" content=\"1450\" \/>\n\t<meta property=\"og:image:height\" content=\"1450\" \/>\n\t<meta property=\"og:image:type\" content=\"image\/webp\" \/>\n<meta name=\"twitter:card\" content=\"summary_large_image\" \/>\n<meta name=\"twitter:label1\" content=\"Ber\u00e4knad l\u00e4stid\" \/>\n\t<meta name=\"twitter:data1\" content=\"4 minut\" \/>\n<!-- \/ Yoast SEO Premium plugin. -->","yoast_head_json":{"title":"Stj\u00e4rnor natten vi m\u00f6ttes - Positive Prints","description":"En Stj\u00e4rnor Natten vi M\u00f6ttes-affisch \u00e4r unik g\u00e5va och verkligen en ov\u00e4ntad jubileums- eller f\u00f6rlovningspresent som kommer uppskattas f\u00f6r alltid.","robots":{"index":"index","follow":"follow","max-snippet":"max-snippet:-1","max-image-preview":"max-image-preview:large","max-video-preview":"max-video-preview:-1"},"canonical":"https:\/\/positiveprints.com\/sv\/produkt\/stjarnor-natten-vi-mottes\/","og_locale":"sv_SE","og_type":"article","og_title":"Stj\u00e4rnor natten vi m\u00f6ttes","og_description":"L\u00e4gg till planeter, konstellationer och Vintergatan   Anpassa i 3 enkla steg  Inkludera en meningsfull personlig text  Se resultatet direkt \u2013 den interaktiva f\u00f6rhandsvisningen l\u00e5ter dig finjustera varje detalj","og_url":"https:\/\/positiveprints.com\/sv\/produkt\/stjarnor-natten-vi-mottes\/","og_site_name":"Positive Prints","article_publisher":"https:\/\/www.facebook.com\/positiveprintscom","article_modified_time":"2026-04-18T08:12:45+00:00","og_image":[{"width":1450,"height":1450,"url":"https:\/\/positiveprints.com\/wp-content\/uploads\/2024\/10\/Packshot_SE_Stars-the-Night-We-Met-product-image.webp","type":"image\/webp"}],"twitter_card":"summary_large_image","twitter_misc":{"Ber\u00e4knad l\u00e4stid":"4 minut"},"schema":{"@context":"https:\/\/schema.org","@graph":[{"@type":["WebPage","ItemPage"],"@id":"https:\/\/positiveprints.com\/sv\/produkt\/stjarnor-natten-vi-mottes\/","url":"https:\/\/positiveprints.com\/sv\/produkt\/stjarnor-natten-vi-mottes\/","name":"Stj\u00e4rnor natten vi m\u00f6ttes - Positive Prints","isPartOf":{"@id":"https:\/\/positiveprints.com\/sv\/#website"},"primaryImageOfPage":{"@id":"https:\/\/positiveprints.com\/sv\/produkt\/stjarnor-natten-vi-mottes\/#primaryimage"},"image":{"@id":"https:\/\/positiveprints.com\/sv\/produkt\/stjarnor-natten-vi-mottes\/#primaryimage"},"thumbnailUrl":"https:\/\/positiveprints.com\/wp-content\/uploads\/2025\/05\/Stja\u0308rnor-natten-vi-mo\u0308ttes-1.webp","datePublished":"2021-03-23T07:59:16+00:00","dateModified":"2026-04-18T08:12:45+00:00","description":"En Stj\u00e4rnor Natten vi M\u00f6ttes-affisch \u00e4r unik g\u00e5va och verkligen en ov\u00e4ntad jubileums- eller f\u00f6rlovningspresent som kommer uppskattas f\u00f6r alltid.","breadcrumb":{"@id":"https:\/\/positiveprints.com\/sv\/produkt\/stjarnor-natten-vi-mottes\/#breadcrumb"},"inLanguage":"sv-SE","potentialAction":[{"@type":"ReadAction","target":["https:\/\/positiveprints.com\/sv\/produkt\/stjarnor-natten-vi-mottes\/"]}]},{"@type":"ImageObject","inLanguage":"sv-SE","@id":"https:\/\/positiveprints.com\/sv\/produkt\/stjarnor-natten-vi-mottes\/#primaryimage","url":"https:\/\/positiveprints.com\/wp-content\/uploads\/2025\/05\/Stja\u0308rnor-natten-vi-mo\u0308ttes-1.webp","contentUrl":"https:\/\/positiveprints.com\/wp-content\/uploads\/2025\/05\/Stja\u0308rnor-natten-vi-mo\u0308ttes-1.webp","width":1450,"height":1450},{"@type":"BreadcrumbList","@id":"https:\/\/positiveprints.com\/sv\/produkt\/stjarnor-natten-vi-mottes\/#breadcrumb","itemListElement":[{"@type":"ListItem","position":1,"name":"Home","item":"https:\/\/positiveprints.com\/sv\/"},{"@type":"ListItem","position":2,"name":"Produkter","item":"https:\/\/positiveprints.com\/sv\/shop\/"},{"@type":"ListItem","position":3,"name":"Stj\u00e4rnor natten vi m\u00f6ttes"}]},{"@type":"WebSite","@id":"https:\/\/positiveprints.com\/sv\/#website","url":"https:\/\/positiveprints.com\/sv\/","name":"Positive Prints","description":"Amazing Custom Personalized Gifts","publisher":{"@id":"https:\/\/positiveprints.com\/sv\/#organization"},"potentialAction":[{"@type":"SearchAction","target":{"@type":"EntryPoint","urlTemplate":"https:\/\/positiveprints.com\/sv\/?s={search_term_string}"},"query-input":{"@type":"PropertyValueSpecification","valueRequired":true,"valueName":"search_term_string"}}],"inLanguage":"sv-SE"},{"@type":"Organization","@id":"https:\/\/positiveprints.com\/sv\/#organization","name":"Positive Prints","alternateName":"Positive Prints","url":"https:\/\/positiveprints.com\/sv\/","logo":{"@type":"ImageObject","inLanguage":"sv-SE","@id":"https:\/\/positiveprints.com\/sv\/#\/schema\/logo\/image\/","url":"https:\/\/positiveprints.com\/wp-content\/uploads\/2026\/03\/245815646_1337939713319158_5671353136411139666_n.png","contentUrl":"https:\/\/positiveprints.com\/wp-content\/uploads\/2026\/03\/245815646_1337939713319158_5671353136411139666_n.png","width":800,"height":800,"caption":"Positive Prints"},"image":{"@id":"https:\/\/positiveprints.com\/sv\/#\/schema\/logo\/image\/"},"sameAs":["https:\/\/www.facebook.com\/positiveprintscom","https:\/\/www.instagram.com\/positiveprintscom\/","https:\/\/www.tiktok.com\/@positiveprintscom","https:\/\/www.pinterest.com\/positiveprintscom\/"]}]}},"jetpack_sharing_enabled":true,"_links":{"self":[{"href":"https:\/\/positiveprints.com\/sv\/wp-json\/wp\/v2\/product\/359040","targetHints":{"allow":["GET"]}}],"collection":[{"href":"https:\/\/positiveprints.com\/sv\/wp-json\/wp\/v2\/product"}],"about":[{"href":"https:\/\/positiveprints.com\/sv\/wp-json\/wp\/v2\/types\/product"}],"wp:featuredmedia":[{"embeddable":true,"href":"https:\/\/positiveprints.com\/sv\/wp-json\/wp\/v2\/media\/1424678"}],"wp:attachment":[{"href":"https:\/\/positiveprints.com\/sv\/wp-json\/wp\/v2\/media?parent=359040"}],"wp:term":[{"taxonomy":"product_brand","embeddable":true,"href":"https:\/\/positiveprints.com\/sv\/wp-json\/wp\/v2\/product_brand?post=359040"},{"taxonomy":"product_cat","embeddable":true,"href":"https:\/\/positiveprints.com\/sv\/wp-json\/wp\/v2\/product_cat?post=359040"},{"taxonomy":"product_tag","embeddable":true,"href":"https:\/\/positiveprints.com\/sv\/wp-json\/wp\/v2\/product_tag?post=359040"}],"curies":[{"name":"wp","href":"https:\/\/api.w.org\/{rel}","templated":true}]}}