{"id":359026,"date":"2021-09-06T12:51:19","date_gmt":"2022-10-20T14:53:30","guid":{"rendered":"https:\/\/positiveprints.com\/?post_type=product&#038;p=359026"},"modified":"2026-04-18T08:06:13","modified_gmt":"2026-04-18T07:06:13","slug":"mottes-kysstes-forlovades-karta","status":"publish","type":"product","link":"https:\/\/positiveprints.com\/sv\/produkt\/mottes-kysstes-forlovades-karta\/","title":{"rendered":"M\u00f6ttes Kysstes F\u00f6rlovades- karta"},"content":{"rendered":"<p>\u00d6gonblicket du tr\u00e4ffade din eviga k\u00e4rlek ledde till den f\u00f6rsta kyssen, vilket ledde till det \u00f6gonblick du best\u00e4mde dig f\u00f6r att tillbringa evigheten tillsammans. Varje k\u00e4rlekshistoria \u00e4r v\u00e4rd att fira, och du kan \u00e5terber\u00e4tta din om och om igen med en M\u00f6ttes, Kysstes, F\u00f6rlovades-karta.<\/p>\n\n<h2 class=\"grenB f24 cblue\" style=\"margin-top: 3rem\">Vad \u00e4r en M\u00f6ttes, Kysstes, F\u00f6rlovades-karta?<\/h2>\n\n<p style=\"margin-top: 1rem\">V\u00e5ra M\u00f6ttes, Kysstes, F\u00f6rlovades-kartor vid positiva tryck \u00e4r faktiskt en serie med tre mindre kartor som visas som ett enda affischtryck. Varje karta belyser platsen f\u00f6r en viktig milstolpe i din k\u00e4rlekshistoria: platsen ni tr\u00e4ffades, d\u00e4r ni delade er f\u00f6rsta kyss och d\u00e4r ni best\u00e4mde er f\u00f6r att tillbringa f\u00f6r alltid tillsammans. <\/p>\n\n<p style=\"margin-top: 1rem\">Var och en av de mindre kartorna inneh\u00e5ller anpassad text. Detta kan vara information om platsen, datumet f\u00f6r evenemanget eller andra detaljer som \u00e4r viktiga f\u00f6r dig. Du kan ocks\u00e5 l\u00e4gga till en hj\u00e4rtformad kartmark\u00f6r f\u00f6r att ange exakt den plats ni var n\u00e4r det speciella \u00f6gonblicket intr\u00e4ffade. <\/p>\n\n<h2 class=\"grenB f24 cblue\" style=\"margin-top: 3rem\">Varf\u00f6r v\u00e4lja en anpassad f\u00f6rlovningspresent?<\/h2>\n\n<p style=\"margin-top: 1rem\"><a href=\"https:\/\/positiveprints.com\/sv\/gavor-for-nyforlovade-par\/\">F\u00f6rlovningsg\u00e5vor<\/a> b\u00f6r komma fr\u00e5n hj\u00e4rtat. De handlar om er tv\u00e5 som ett par, och vilken b\u00e4ttre present \u00e4n en som visar hur er k\u00e4rlek har blommat ut sedan f\u00f6rsta g\u00e5ngen ni tr\u00e4ffades? <\/p>\n\n<p style=\"margin-top: 1rem\">Det \u00e4r d\u00e4rf\u00f6r skr\u00e4ddarsydda presenter \u00e4r s\u00e5 popul\u00e4ra f\u00f6r f\u00f6rlovningsfester. Oavsett om du firar som f\u00f6r\u00e4lder till det blivande nygifta paret, en v\u00e4n, en familjemedlem eller till och med den blivande bruden eller brudgummen, ger skr\u00e4ddarsydda presenter f\u00f6r f\u00f6rlovningar dig en chans att visa ditt speciella par hur mycket de betyder f\u00f6r att du. <\/p>\n\n<h2 class=\"grenB f24 cblue\" style=\"margin-top: 3rem\">Hur du skapar din M\u00f6ttes, Kysstes, F\u00f6rlovades-kartpresent<\/h2>\n\n<p style=\"margin-top: 1rem\">Positive Prints s\u00e4tter dig i designerns skor n\u00e4r du g\u00f6r din skr\u00e4ddarsydda kartpresent. V\u00e5r enkla 3-stegsprocess tar bort gissningsarbetet med att skapa en unik M\u00f6ttes, Kysstes, F\u00f6rlovades-karta och tar till och med mindre tid \u00e4n du skulle spendera i en butik p\u00e5 att leta efter en perfekt present. S\u00e5 h\u00e4r fungerar det:<\/p>\n\n<h3 class=\"grenB f18 cblue\" style=\"margin-top: 3rem\">Steg 1: V\u00e4lj din basdesign<\/h3>\n\n<p style=\"margin-top: 1rem\">Vi har tagit hand om att skapa ett antal vackra kartdesigner som du kan v\u00e4lja mellan, inklusive unika former f\u00f6r dina kartor och f\u00e4rgscheman p\u00e5 designerniv\u00e5. Du kan dra f\u00f6rdel av det benarbete vi har gjort \u00e5t dig, eller skapa ditt eget anpassade f\u00e4rgschema.<\/p>\n\n<h3 class=\"grenB f18 cblue\" style=\"margin-top: 3rem\">Steg 2: Fyll i detaljerna<\/h3>\n\n<p style=\"margin-top: 1rem\">N\u00e4r du har valt din grundl\u00e4ggande design kan du anpassa din karta med alla sm\u00e5 detaljer som utg\u00f6r din k\u00e4rlekshistoria. Detta inkluderar att v\u00e4lja plats f\u00f6r var och en av dina kartor, l\u00e4gga till anpassad text och till och med v\u00e4lja en speciell kartmark\u00f6r f\u00f6r varje plats. <\/p>\n\n<p style=\"margin-top: 1rem\">Vi \u00e4lskar kartkonceptet M\u00f6ttes, Kysstes, F\u00f6rlovades men du kan inkludera vilket speciellt \u00f6gonblick som helst som \u00e4r viktigt f\u00f6r dig. Om du till exempel hellre vill l\u00e4gga till dagen d\u00e5 du k\u00f6pte din f\u00f6rsta bostad tillsammans, g\u00f6r g\u00e4rna det! Det \u00e4r din karta, p\u00e5 ditt s\u00e4tt.<\/p>\n\n<h3 class=\"grenB f18 cblue\" style=\"margin-top: 3rem\">Steg 3: V\u00e4lj din leverans<\/h3>\n\n<p style=\"margin-top: 1rem\">Positiva utskrifter erbjuder v\u00e4rldsomsp\u00e4nnande frakt f\u00f6r alla v\u00e5ra papperskopior, tryck p\u00e5 duk och inramade affischer. F\u00f6r snabbare handl\u00e4ggning, v\u00e4lj alternativet Digital nedladdning f\u00f6r att f\u00e5 det tryckt lokalt.<\/p>\n\n<h2 class=\"grenB f24 cblue\" style=\"margin-top: 3rem\">Det \u00e4r enkelt att komma ig\u00e5ng med en anpassad karta!<\/h2>\n\n<p style=\"margin-top: 1rem\">Din k\u00e4rlekshistoria \u00e4r olik alla andra, och din f\u00f6rlovningsg\u00e5va borde vara det ocks\u00e5. Kom ig\u00e5ng idag med en M\u00f6ttes, Kysstes, F\u00f6rlovades-karta fr\u00e5n Positive Prints!<\/p>","protected":false},"excerpt":{"rendered":"<ul class=\"check-list\">\n<li>Fira 3 milstolpar i ditt f\u00f6rh\u00e5llande med en personlig karta, en unik och sentimental minnesg\u00e5va att bevara<\/li>\n<li>Markera exakta adresser med en vald symbol<\/li>\n<li>Anpassa i 3 enkla steg<\/li>\n<li>Inkludera en meningsfull personlig text<\/li>\n<li>Se resultatet direkt \u2013 den interaktiva f\u00f6rhandsvisningen l\u00e5ter dig finjustera varje detalj<\/li>\n<\/ul>\n","protected":false},"featured_media":1469204,"template":"","meta":[],"product_brand":[],"product_cat":[7459,7694,8014,8118,9120],"product_tag":[8441],"class_list":{"0":"post-359026","1":"product","2":"type-product","3":"status-publish","4":"has-post-thumbnail","6":"product_cat-alla-produkter","7":"product_cat-gavor-for-kvinnor","8":"product_cat-gavor-for-man","9":"product_cat-gavor-for-nyforlovade-par-presenttillfallen","10":"product_cat-triple-maps-sv","11":"product_tag-forlovning","13":"first","14":"instock","15":"sale","16":"taxable","17":"shipping-taxable","18":"purchasable","19":"product-type-variable"},"yoast_head":"<!-- This site is optimized with the Yoast SEO Premium plugin v27.2 (Yoast SEO v27.2) - https:\/\/yoast.com\/product\/yoast-seo-premium-wordpress\/ -->\n<title>M\u00f6ttes Kysstes F\u00f6rlovades- karta - Positive Prints<\/title>\n<meta name=\"description\" content=\"Varje k\u00e4rlekshistoria \u00e4r v\u00e4rd att fira, och du kan \u00e5terber\u00e4tta din om och om igen med en M\u00f6ttes, Kysstes, F\u00f6rlovades-karta.\" \/>\n<meta name=\"robots\" content=\"index, follow, max-snippet:-1, max-image-preview:large, max-video-preview:-1\" \/>\n<link rel=\"canonical\" href=\"https:\/\/positiveprints.com\/sv\/produkt\/mottes-kysstes-forlovades-karta\/\" \/>\n<meta property=\"og:locale\" content=\"sv_SE\" \/>\n<meta property=\"og:type\" content=\"article\" \/>\n<meta property=\"og:title\" content=\"M\u00f6ttes Kysstes F\u00f6rlovades- karta\" \/>\n<meta property=\"og:description\" content=\"Fira 3 milstolpar i ditt f\u00f6rh\u00e5llande med en personlig karta, en unik och sentimental minnesg\u00e5va att bevara Markera exakta adresser med en vald symbol Anpassa i 3 enkla steg Inkludera en meningsfull personlig text Se resultatet direkt \u2013 den interaktiva f\u00f6rhandsvisningen l\u00e5ter dig finjustera varje detalj\" \/>\n<meta property=\"og:url\" content=\"https:\/\/positiveprints.com\/sv\/produkt\/mottes-kysstes-forlovades-karta\/\" \/>\n<meta property=\"og:site_name\" content=\"Positive Prints\" \/>\n<meta property=\"article:publisher\" content=\"https:\/\/www.facebook.com\/positiveprintscom\" \/>\n<meta property=\"article:modified_time\" content=\"2026-04-18T07:06:13+00:00\" \/>\n<meta property=\"og:image\" content=\"https:\/\/positiveprints.com\/wp-content\/uploads\/2023\/07\/Mottes-Kysstes-Forlovades.jpg\" \/>\n\t<meta property=\"og:image:width\" content=\"1080\" \/>\n\t<meta property=\"og:image:height\" content=\"1080\" \/>\n\t<meta property=\"og:image:type\" content=\"image\/jpeg\" \/>\n<meta name=\"twitter:card\" content=\"summary_large_image\" \/>\n<meta name=\"twitter:label1\" content=\"Ber\u00e4knad l\u00e4stid\" \/>\n\t<meta name=\"twitter:data1\" content=\"3 minut\" \/>\n<!-- \/ Yoast SEO Premium plugin. -->","yoast_head_json":{"title":"M\u00f6ttes Kysstes F\u00f6rlovades- karta - Positive Prints","description":"Varje k\u00e4rlekshistoria \u00e4r v\u00e4rd att fira, och du kan \u00e5terber\u00e4tta din om och om igen med en M\u00f6ttes, Kysstes, F\u00f6rlovades-karta.","robots":{"index":"index","follow":"follow","max-snippet":"max-snippet:-1","max-image-preview":"max-image-preview:large","max-video-preview":"max-video-preview:-1"},"canonical":"https:\/\/positiveprints.com\/sv\/produkt\/mottes-kysstes-forlovades-karta\/","og_locale":"sv_SE","og_type":"article","og_title":"M\u00f6ttes Kysstes F\u00f6rlovades- karta","og_description":"Fira 3 milstolpar i ditt f\u00f6rh\u00e5llande med en personlig karta, en unik och sentimental minnesg\u00e5va att bevara Markera exakta adresser med en vald symbol Anpassa i 3 enkla steg Inkludera en meningsfull personlig text Se resultatet direkt \u2013 den interaktiva f\u00f6rhandsvisningen l\u00e5ter dig finjustera varje detalj","og_url":"https:\/\/positiveprints.com\/sv\/produkt\/mottes-kysstes-forlovades-karta\/","og_site_name":"Positive Prints","article_publisher":"https:\/\/www.facebook.com\/positiveprintscom","article_modified_time":"2026-04-18T07:06:13+00:00","og_image":[{"width":1080,"height":1080,"url":"https:\/\/positiveprints.com\/wp-content\/uploads\/2023\/07\/Mottes-Kysstes-Forlovades.jpg","type":"image\/jpeg"}],"twitter_card":"summary_large_image","twitter_misc":{"Ber\u00e4knad l\u00e4stid":"3 minut"},"schema":{"@context":"https:\/\/schema.org","@graph":[{"@type":["WebPage","ItemPage"],"@id":"https:\/\/positiveprints.com\/sv\/produkt\/mottes-kysstes-forlovades-karta\/","url":"https:\/\/positiveprints.com\/sv\/produkt\/mottes-kysstes-forlovades-karta\/","name":"M\u00f6ttes Kysstes F\u00f6rlovades- karta - Positive Prints","isPartOf":{"@id":"https:\/\/positiveprints.com\/sv\/#website"},"primaryImageOfPage":{"@id":"https:\/\/positiveprints.com\/sv\/produkt\/mottes-kysstes-forlovades-karta\/#primaryimage"},"image":{"@id":"https:\/\/positiveprints.com\/sv\/produkt\/mottes-kysstes-forlovades-karta\/#primaryimage"},"thumbnailUrl":"https:\/\/positiveprints.com\/wp-content\/uploads\/2025\/07\/Packshot_SE_Mo\u0308ttes-Kysstes-Fo\u0308rlovades-karta.webp","datePublished":"2022-10-20T14:53:30+00:00","dateModified":"2026-04-18T07:06:13+00:00","description":"Varje k\u00e4rlekshistoria \u00e4r v\u00e4rd att fira, och du kan \u00e5terber\u00e4tta din om och om igen med en M\u00f6ttes, Kysstes, F\u00f6rlovades-karta.","breadcrumb":{"@id":"https:\/\/positiveprints.com\/sv\/produkt\/mottes-kysstes-forlovades-karta\/#breadcrumb"},"inLanguage":"sv-SE","potentialAction":[{"@type":"ReadAction","target":["https:\/\/positiveprints.com\/sv\/produkt\/mottes-kysstes-forlovades-karta\/"]}]},{"@type":"ImageObject","inLanguage":"sv-SE","@id":"https:\/\/positiveprints.com\/sv\/produkt\/mottes-kysstes-forlovades-karta\/#primaryimage","url":"https:\/\/positiveprints.com\/wp-content\/uploads\/2025\/07\/Packshot_SE_Mo\u0308ttes-Kysstes-Fo\u0308rlovades-karta.webp","contentUrl":"https:\/\/positiveprints.com\/wp-content\/uploads\/2025\/07\/Packshot_SE_Mo\u0308ttes-Kysstes-Fo\u0308rlovades-karta.webp","width":1450,"height":1450,"caption":"Packshot_SE_Mo\u0308ttes Kysstes Fo\u0308rlovades- karta"},{"@type":"BreadcrumbList","@id":"https:\/\/positiveprints.com\/sv\/produkt\/mottes-kysstes-forlovades-karta\/#breadcrumb","itemListElement":[{"@type":"ListItem","position":1,"name":"Home","item":"https:\/\/positiveprints.com\/sv\/"},{"@type":"ListItem","position":2,"name":"Produkter","item":"https:\/\/positiveprints.com\/sv\/shop\/"},{"@type":"ListItem","position":3,"name":"M\u00f6ttes Kysstes F\u00f6rlovades- karta"}]},{"@type":"WebSite","@id":"https:\/\/positiveprints.com\/sv\/#website","url":"https:\/\/positiveprints.com\/sv\/","name":"Positive Prints","description":"Amazing Custom Personalized Gifts","publisher":{"@id":"https:\/\/positiveprints.com\/sv\/#organization"},"potentialAction":[{"@type":"SearchAction","target":{"@type":"EntryPoint","urlTemplate":"https:\/\/positiveprints.com\/sv\/?s={search_term_string}"},"query-input":{"@type":"PropertyValueSpecification","valueRequired":true,"valueName":"search_term_string"}}],"inLanguage":"sv-SE"},{"@type":"Organization","@id":"https:\/\/positiveprints.com\/sv\/#organization","name":"Positive Prints","alternateName":"Positive Prints","url":"https:\/\/positiveprints.com\/sv\/","logo":{"@type":"ImageObject","inLanguage":"sv-SE","@id":"https:\/\/positiveprints.com\/sv\/#\/schema\/logo\/image\/","url":"https:\/\/positiveprints.com\/wp-content\/uploads\/2026\/03\/245815646_1337939713319158_5671353136411139666_n.png","contentUrl":"https:\/\/positiveprints.com\/wp-content\/uploads\/2026\/03\/245815646_1337939713319158_5671353136411139666_n.png","width":800,"height":800,"caption":"Positive Prints"},"image":{"@id":"https:\/\/positiveprints.com\/sv\/#\/schema\/logo\/image\/"},"sameAs":["https:\/\/www.facebook.com\/positiveprintscom","https:\/\/www.instagram.com\/positiveprintscom\/","https:\/\/www.tiktok.com\/@positiveprintscom","https:\/\/www.pinterest.com\/positiveprintscom\/"]}]}},"jetpack_sharing_enabled":true,"_links":{"self":[{"href":"https:\/\/positiveprints.com\/sv\/wp-json\/wp\/v2\/product\/359026","targetHints":{"allow":["GET"]}}],"collection":[{"href":"https:\/\/positiveprints.com\/sv\/wp-json\/wp\/v2\/product"}],"about":[{"href":"https:\/\/positiveprints.com\/sv\/wp-json\/wp\/v2\/types\/product"}],"wp:featuredmedia":[{"embeddable":true,"href":"https:\/\/positiveprints.com\/sv\/wp-json\/wp\/v2\/media\/1469204"}],"wp:attachment":[{"href":"https:\/\/positiveprints.com\/sv\/wp-json\/wp\/v2\/media?parent=359026"}],"wp:term":[{"taxonomy":"product_brand","embeddable":true,"href":"https:\/\/positiveprints.com\/sv\/wp-json\/wp\/v2\/product_brand?post=359026"},{"taxonomy":"product_cat","embeddable":true,"href":"https:\/\/positiveprints.com\/sv\/wp-json\/wp\/v2\/product_cat?post=359026"},{"taxonomy":"product_tag","embeddable":true,"href":"https:\/\/positiveprints.com\/sv\/wp-json\/wp\/v2\/product_tag?post=359026"}],"curies":[{"name":"wp","href":"https:\/\/api.w.org\/{rel}","templated":true}]}}