{"id":358936,"date":"2020-07-13T23:04:52","date_gmt":"2020-07-13T22:04:52","guid":{"rendered":"https:\/\/positiveprints.com\/?post_type=product&#038;p=358936"},"modified":"2026-04-03T04:06:03","modified_gmt":"2026-04-03T03:06:03","slug":"anpassad-stjarnkarta","status":"publish","type":"product","link":"https:\/\/positiveprints.com\/sv\/produkt\/anpassad-stjarnkarta\/","title":{"rendered":"Anpassad stj\u00e4rnkarta"},"content":{"rendered":"Med en anpassad stj\u00e4rnkarta kan du \u00e5terskapa natthimlen under de mest minnesv\u00e4rda kv\u00e4llarna i ditt liv. V\u00e5r interaktiva stj\u00e4rnkartsredigerare g\u00f6r det enkelt att hitta natthimlen fr\u00e5n alla datum och platser.\r\n<p style=\"margin-top: 1rem;\">\u00d6nskar du n\u00e5gonsin att du kunde ta in natthimlen? F\u00f6r m\u00e5nga har en himmel full av stj\u00e4rnor en lugnande effekt. V\u00e5r himmel har varit vittne till otaliga magiska \u00f6gonblick. Och p\u00e5 <a href=\"https:\/\/positiveprints.com\/sv\/\">Positive Prints<\/a>, g\u00f6r vi det enkelt att bjuda in natthimlen till ditt personliga utrymme. Vi uppmuntrar dig att skapa din anpassade stj\u00e4rnkarta med oss.<\/p>\r\n<p style=\"margin-top: 1rem;\">V\u00e5ra stj\u00e4rnkartor \u00e4r ett vackert s\u00e4tt att \u00e5terskapa natthimlen f\u00f6r dina mest speciella h\u00e4ndelser. Fr\u00e5n br\u00f6llopsn\u00e4tter till f\u00f6rlossningar till milstolpar och mer. Att l\u00e4ra sig hur du skapar din personliga stj\u00e4rnkarta online kommer omedelbart att bli din favoritpresent f\u00f6r alla tillf\u00e4llen.<\/p>\r\n\r\n<h2 class=\"grenB f24 cblue\" style=\"margin-top: 3rem;\">Vad \u00e4r en anpassad stj\u00e4rnkarta?<\/h2>\r\n<p style=\"margin-top: 1rem;\">T\u00e4nk tillbaka p\u00e5 det speciella \u00f6gonblicket som ber\u00e4ttar ditt livs historia. Hur s\u00e5g natthimlen ut just i det \u00f6gonblicket? Precis som jorden \u00e4r natthimlen i st\u00e4ndig utveckling. Stj\u00e4rnor och planeter forts\u00e4tter p\u00e5 sin resa genom rymden. Det \u00e4r d\u00e4rf\u00f6r m\u00e5nga m\u00e4nniskor \u00e4lskar att skapa anpassade stj\u00e4rnkartor. F\u00f6r att de vill minnas sina v\u00e4rdefulla \u00f6gonblick i livet.<\/p>\r\n<p style=\"margin-top: 1rem;\">En personlig stj\u00e4rnkarta \u00e4r en replikering av natthimlen p\u00e5 ett specifikt datum, tid och plats. Varje stj\u00e4rnkartstryck \u00e4r personligt eftersom inga tv\u00e5 h\u00e4ndelser i livet \u00e4r riktigt lika. V\u00e5r stj\u00e4rnkartsgenerator anv\u00e4nder de specifika detaljerna f\u00f6r din h\u00e4ndelse f\u00f6r att skapa en perfekt bild.<\/p>\r\n\r\n<h2 class=\"grenB f24 cblue\" style=\"margin-top: 3rem;\">\u00c4r personliga stj\u00e4rnkartor helt korrekta?<\/h2>\r\n<p style=\"margin-top: 1rem;\">1989 lanserade Europeiska rymdorganisationen Hipparcos-satelliten f\u00f6r att skapa mycket exakta m\u00e4tningar av himlakropparna p\u00e5 v\u00e5r natthimmel. Fr\u00e5n planeter och stj\u00e4rnor till konstellationer och galaxer. Vi anv\u00e4nder data fr\u00e5n <a href=\"https:\/\/sv.wikipedia.org\/wiki\/Hipparcos\">Hipparcos<\/a> f\u00f6r att skapa korrekta stj\u00e4rnkartor. Det \u00e4r d\u00e4rf\u00f6r vi exakt visar himlen fr\u00e5n vilken natt som helst. F\u00f6rr, nutid eller framtid! Fr\u00e5n vilken position som helst i v\u00e4rlden.<\/p>\r\n\r\n<h2 class=\"grenB f24 cblue\" style=\"margin-top: 3rem;\">Varf\u00f6r \u00e4r stj\u00e4rnkartor s\u00e5 speciella presenter?<\/h2>\r\n<p style=\"margin-top: 1rem;\">Stj\u00e4rnkartsredigeraren g\u00f6r din present personlig! Med stj\u00e4rnkartsskaparen kan du v\u00e4lja hur stj\u00e4rnorna ser ut p\u00e5 vilket datum som helst, var som helst i v\u00e4rlden. Varje anpassad stj\u00e4rnkarta kan kompletteras med ytterligare information. Himmelkartans datum, tid och plats \u00e4r synligt. Du kan till och med <a href=\"https:\/\/positiveprints.com\/blog\/star-map-quotes-message-ideas\/\">l\u00e4gga till ett personligt meddelande<\/a>! Med n\u00e5gra f\u00e5 klick kan du l\u00e4gga till beskrivningar till ditt diagram s\u00e5 att vem som helst kan identifiera sina favoritstj\u00e4rnor, planeter och konstellationer.<\/p>\r\n<p style=\"margin-top: 1rem;\">Letar du efter en perfekt presentid\u00e9? En stj\u00e4rnkarta efter datum kommer s\u00e4kert att l\u00e4mna ett best\u00e5ende intryck. Ingen f\u00f6rv\u00e4ntar sig en s\u00e5 rolig, personlig, meningsfull g\u00e5va. De kommer att v\u00e5rda det f\u00f6r alltid eftersom det var skr\u00e4ddarsytt f\u00f6r dem. Det p\u00e5minner dem om ett viktigt minne varje g\u00e5ng de tittar p\u00e5 det.<\/p>\r\n<p style=\"margin-top: 1rem;\">V\u00e5ra personliga stj\u00e4rnkartor \u00e4r det ultimata minnet f\u00f6r alla tillf\u00e4llen:<\/p>\r\n\r\n<ul>\r\n         <li><a href=\"https:\/\/positiveprints.com\/sv\/produkt\/stjarnor-pa-brollopsdagen\/\">Stj\u00e4rnor p\u00e5 br\u00f6llopsdagen<\/a> f\u00f6r br\u00f6llop<\/li>\r\n         <li><a href=\"https:\/\/positiveprints.com\/sv\/produkt\/fodelsedagsstjarnkarta\/\">F\u00f6delsedagsstj\u00e4rnkarta<\/a> f\u00f6r f\u00f6delsedagar<\/li>\r\n         <li><a href=\"https:\/\/positiveprints.com\/sv\/produkt\/jubileumsstjarnkarta\/\">Jubileumsstj\u00e4rnkarta<\/a> f\u00f6r \u00e5rsdagar<\/li>\r\n         <li><a href=\"https:\/\/positiveprints.com\/sv\/produkt\/stjarnkarta-dagen-du-foddes\/\">Dagen du f\u00f6ddes<\/a> till nyf\u00f6delse<\/li>\r\n         <li>Examen<\/li>\r\n         <li>Pensioner<\/li>\r\n         <li>H\u00f6gtider<\/li>\r\n         <li>Karri\u00e4rsframg\u00e5ngar<\/li>\r\n         <li>Viktiga milstolpar<\/li>\r\n<\/ul>\r\n<p style=\"margin-top: 1rem;\">Och, med v\u00e5r l\u00e4ttanv\u00e4nda stj\u00e4rnkartsredigerare, kan du till och med g\u00f6ra en g\u00e5va till dig sj\u00e4lv!<\/p>\r\n\r\n<h2 class=\"grenB f24 cblue\" style=\"margin-top: 3rem;\">S\u00e5 h\u00e4r skapar du din egen anpassade stj\u00e4rnkarta<\/h2>\r\n<p style=\"margin-top: 1rem;\">P\u00e5 Positive Prints har vi tagit bort gissningarna genom att skapa vackra <a href=\"https:\/\/positiveprints.com\/sv\/\">personliga tryck<\/a>. Det h\u00e4r konstverket speglar dina ov\u00e4rderliga \u00f6gonblick. V\u00e5r trestegsprocess l\u00e5ter dig anpassa din karta baserat p\u00e5 dina specifika datum, platser och tider. Du har ocks\u00e5 kontroll \u00f6ver f\u00e4rgscheman och kartdetaljer. Stj\u00e4rnor, konstellationer, planeter och mer. L\u00e4gg till anpassade textrader f\u00f6r att markera inneb\u00f6rden bakom din personliga stj\u00e4rnkarta. Alla kommer att veta varf\u00f6r den h\u00e4r kartan \u00e4r speciell f\u00f6r dig!<\/p>\r\n<p style=\"margin-top: 1rem;\">Vill du best\u00e4lla en tryckt affisch i papperskopia? Du kan v\u00e4lja mellan flera standardstorleksalternativ som b\u00e4st passar ditt utrymme och din budget. Alla v\u00e5ra tryck \u00e4r skapade med popul\u00e4ra storlekar. Du kan hitta en passande ram f\u00f6r visning. Vi anv\u00e4nder bara det finaste konstpappret f\u00f6r v\u00e5ra stj\u00e4rnkartstryck. Det kommer att st\u00e5 emot tidens slit och motst\u00e5 blekning, flakning och sprickbildning. F\u00f6r varje papperskopia erbjuder vi frakt \u00f6ver hela v\u00e4rlden. Oavsett om du best\u00e4ller ett tryck eller 10!<\/p>\r\n<p style=\"margin-top: 1rem;\">Du kan ocks\u00e5 v\u00e4lja en digital nedladdning, d\u00e5 skickar vi en nedladdningsl\u00e4nk direkt till din inkorg. N\u00e4r du har mottagit den kan du skriva ut affischen p\u00e5 den plats du v\u00e4ljer. Detta \u00e4r ett f\u00f6redraget alternativ n\u00e4r du vill ge en stj\u00e4rnkarta i sista minuten. N\u00e4r du inte vill v\u00e4nta p\u00e5 frakt.\r\n\r\nH\u00e4r \u00e4r en n\u00e4rmare titt p\u00e5 v\u00e5r onlineprocess i tre steg:<\/p>\r\n\r\n<h3 class=\"grenB f18 cblue\" style=\"margin-top: 3rem;\">1. V\u00e4lj design<\/h3>\r\n<p style=\"margin-top: 1rem;\">V\u00e5ra anpassade stj\u00e4rnkartadesigner finns i en m\u00e4ngd olika stilar. Cirkel- och hj\u00e4rtformer i flera f\u00e4rgscheman. Dessa f\u00e4rgscheman valdes ut f\u00f6r att ge den st\u00f6rsta kontrasten som kommer att f\u00e5 din design att sticka ut.<\/p>\r\n<p style=\"margin-top: 1rem;\">N\u00e4r du v\u00e4l har valt din design kan du v\u00e4lja vilken detaljniv\u00e5 du vill visa p\u00e5 din stj\u00e4rnkarta. Den mest grundl\u00e4ggande formen \u00e4r utformningen av stj\u00e4rnorna. Du kan anv\u00e4nda knapparna f\u00f6r att visa planeter, planetnamn, konstellationer, konstellationsnamn, Vintergatan och\/eller en ekliptiklinje. Du kan ocks\u00e5 l\u00e4gga till en symbol i din beskrivning. Kopiera och klistra bara in en av <a href=\"https:\/\/www.piliapp.com\/symbol\/\">symbolerna som finns tillg\u00e4ngliga online<\/a>. Varje g\u00e5ng du g\u00f6r ett urval i designprocessen kan du se \u00e4ndringarna i realtid. N\u00e4r du \u00e4r n\u00f6jd med dina resultat klickar du p\u00e5 N\u00e4sta steg f\u00f6r att ange dina personliga detaljer.<\/p>\r\n\r\n<h3 class=\"grenB f18 cblue\" style=\"margin-top: 3rem;\">2. Ange detaljer<\/h3>\r\n<p style=\"margin-top: 1rem;\">Ange platsen f\u00f6r ditt magiska \u00f6gonblick och se hur ditt stj\u00e4rnkartstryck f\u00f6rvandlas! Det beror p\u00e5 att v\u00e5r redakt\u00f6r anv\u00e4nder riktiga data f\u00f6r att avg\u00f6ra hur himlen s\u00e5g ut fr\u00e5n en specifik plats som du v\u00e4ljer. Forts\u00e4tt att fylla i viktiga detaljer, s\u00e5som tid och datum f\u00f6r ditt evenemang. L\u00e4gg till ett anpassat meddelande till din affisch f\u00f6r att fira tillf\u00e4llet. Vi erbjuder tv\u00e5 rader text (titel och mindre undertext). B\u00e5da kan skrivas ut i ett standard- eller skripttypsnitt.<\/p>\r\n<p style=\"margin-top: 1rem;\">N\u00e4r du har angett dina uppgifter klickar du p\u00e5 N\u00e4sta steg f\u00f6r att skapa din personliga stj\u00e4rnkarta.<\/p>\r\n\r\n<h3 class=\"grenB f18 cblue\" style=\"margin-top: 3rem;\">3. V\u00e4lj format<\/h3>\r\n<p style=\"margin-top: 1rem;\">Du kan v\u00e4lja mellan ett fysiskt pappersutskrift i en av tre standardstorlekar. Standardvalet \u00e4r en papperskopia i storleken 50 x 70 cm. V\u00e4lj g\u00e4rna en annan storlek, som visas i b\u00e5de cm och in. Eller s\u00e5 kan du klicka p\u00e5 kopian f\u00f6r direkt digital nedladdning. N\u00e4r din utskrift \u00e4r klar f\u00e5r du nedladdningsl\u00e4nken i ett e-postmeddelande. Det g\u00f6r att du kan skriva ut p\u00e5 ditt s\u00e4tt.<\/p>\r\n<p style=\"margin-top: 1rem;\">Detta \u00e4r det sista steget innan du l\u00e4gger till din anpassade stj\u00e4rnkarta i kundvagnen. D\u00e4rifr\u00e5n slutf\u00f6r du kassaprocessen och betalar f\u00f6r ditt tryck. Och g\u00f6r dig redo f\u00f6r stora leenden!<\/p>\r\n\r\n<h2 class=\"grenB f24 cblue\" style=\"margin-top: 3rem;\">Anpassa din stj\u00e4rnkarta idag!<\/h2>\r\n<p style=\"margin-top: 1rem;\">B\u00f6rja med att anv\u00e4nda v\u00e5r anpassade stj\u00e4rnkartsredigerare. Se hur enkelt och givande det \u00e4r att \u00f6verraska n\u00e5gon med en g\u00e5va de kommer att uppskatta f\u00f6r livet!<\/p>","protected":false},"excerpt":{"rendered":"<ul class=\"check-list\">\n<li>L\u00e4gg till planeter, konstellationer och Vintergatan <\/li>\n<li>Anpassa i 3 enkla steg<\/li>\n<li>Inkludera en meningsfull personlig text<\/li>\n<li>Se resultatet direkt \u2013 den interaktiva f\u00f6rhandsvisningen l\u00e5ter dig finjustera varje detalj<\/li>\n<\/ul>\n","protected":false},"featured_media":1220188,"template":"","meta":[],"product_brand":[],"product_cat":[8151,15116,8147,9031,15851,8218],"product_tag":[8397,16447],"class_list":{"0":"post-358936","1":"product","2":"type-product","3":"status-publish","4":"has-post-thumbnail","6":"product_cat-bastsaljare","7":"product_cat-bestsellers-menu-sv","8":"product_cat-creators-sv","9":"product_cat-digitala-produkter","10":"product_cat-shop-bestsellers-sv","11":"product_cat-star-sv","12":"product_tag-creators-sv","13":"product_tag-stjarna","15":"first","16":"instock","17":"sale","18":"taxable","19":"shipping-taxable","20":"purchasable","21":"product-type-variable","22":"has-default-attributes"},"yoast_head":"<!-- This site is optimized with the Yoast SEO Premium plugin v27.2 (Yoast SEO v27.2) - https:\/\/yoast.com\/product\/yoast-seo-premium-wordpress\/ -->\n<title>Anpassad stj\u00e4rnkarta - Positive Prints<\/title>\n<meta name=\"description\" content=\"stj\u00e4rnkarta\" \/>\n<meta name=\"robots\" content=\"index, follow, max-snippet:-1, max-image-preview:large, max-video-preview:-1\" \/>\n<link rel=\"canonical\" href=\"https:\/\/positiveprints.com\/sv\/produkt\/anpassad-stjarnkarta\/\" \/>\n<meta property=\"og:locale\" content=\"sv_SE\" \/>\n<meta property=\"og:type\" content=\"article\" \/>\n<meta property=\"og:title\" content=\"Anpassad stj\u00e4rnkarta\" \/>\n<meta property=\"og:description\" content=\"L\u00e4gg till planeter, konstellationer och Vintergatan   Anpassa i 3 enkla steg  Inkludera en meningsfull personlig text  Se resultatet direkt \u2013 den interaktiva f\u00f6rhandsvisningen l\u00e5ter dig finjustera varje detalj\" \/>\n<meta property=\"og:url\" content=\"https:\/\/positiveprints.com\/sv\/produkt\/anpassad-stjarnkarta\/\" \/>\n<meta property=\"og:site_name\" content=\"Positive Prints\" \/>\n<meta property=\"article:publisher\" content=\"https:\/\/www.facebook.com\/positiveprintscom\" \/>\n<meta property=\"article:modified_time\" content=\"2026-04-03T03:06:03+00:00\" \/>\n<meta property=\"og:image\" content=\"https:\/\/positiveprints.com\/wp-content\/uploads\/2024\/10\/Packshot_SE_custom-star-map-product-image.webp\" \/>\n\t<meta property=\"og:image:width\" content=\"1450\" \/>\n\t<meta property=\"og:image:height\" content=\"1450\" \/>\n\t<meta property=\"og:image:type\" content=\"image\/webp\" \/>\n<meta name=\"twitter:card\" content=\"summary_large_image\" \/>\n<meta name=\"twitter:label1\" content=\"Ber\u00e4knad l\u00e4stid\" \/>\n\t<meta name=\"twitter:data1\" content=\"5 minut\" \/>\n<!-- \/ Yoast SEO Premium plugin. -->","yoast_head_json":{"title":"Anpassad stj\u00e4rnkarta - Positive Prints","description":"stj\u00e4rnkarta","robots":{"index":"index","follow":"follow","max-snippet":"max-snippet:-1","max-image-preview":"max-image-preview:large","max-video-preview":"max-video-preview:-1"},"canonical":"https:\/\/positiveprints.com\/sv\/produkt\/anpassad-stjarnkarta\/","og_locale":"sv_SE","og_type":"article","og_title":"Anpassad stj\u00e4rnkarta","og_description":"L\u00e4gg till planeter, konstellationer och Vintergatan   Anpassa i 3 enkla steg  Inkludera en meningsfull personlig text  Se resultatet direkt \u2013 den interaktiva f\u00f6rhandsvisningen l\u00e5ter dig finjustera varje detalj","og_url":"https:\/\/positiveprints.com\/sv\/produkt\/anpassad-stjarnkarta\/","og_site_name":"Positive Prints","article_publisher":"https:\/\/www.facebook.com\/positiveprintscom","article_modified_time":"2026-04-03T03:06:03+00:00","og_image":[{"width":1450,"height":1450,"url":"https:\/\/positiveprints.com\/wp-content\/uploads\/2024\/10\/Packshot_SE_custom-star-map-product-image.webp","type":"image\/webp"}],"twitter_card":"summary_large_image","twitter_misc":{"Ber\u00e4knad l\u00e4stid":"5 minut"},"schema":{"@context":"https:\/\/schema.org","@graph":[{"@type":["WebPage","ItemPage"],"@id":"https:\/\/positiveprints.com\/sv\/produkt\/anpassad-stjarnkarta\/","url":"https:\/\/positiveprints.com\/sv\/produkt\/anpassad-stjarnkarta\/","name":"Anpassad stj\u00e4rnkarta - Positive Prints","isPartOf":{"@id":"https:\/\/positiveprints.com\/sv\/#website"},"primaryImageOfPage":{"@id":"https:\/\/positiveprints.com\/sv\/produkt\/anpassad-stjarnkarta\/#primaryimage"},"image":{"@id":"https:\/\/positiveprints.com\/sv\/produkt\/anpassad-stjarnkarta\/#primaryimage"},"thumbnailUrl":"https:\/\/positiveprints.com\/wp-content\/uploads\/2024\/10\/Packshot_SE_custom-star-map-product-image.webp","datePublished":"2020-07-13T22:04:52+00:00","dateModified":"2026-04-03T03:06:03+00:00","description":"stj\u00e4rnkarta","breadcrumb":{"@id":"https:\/\/positiveprints.com\/sv\/produkt\/anpassad-stjarnkarta\/#breadcrumb"},"inLanguage":"sv-SE","potentialAction":[{"@type":"ReadAction","target":["https:\/\/positiveprints.com\/sv\/produkt\/anpassad-stjarnkarta\/"]}]},{"@type":"ImageObject","inLanguage":"sv-SE","@id":"https:\/\/positiveprints.com\/sv\/produkt\/anpassad-stjarnkarta\/#primaryimage","url":"https:\/\/positiveprints.com\/wp-content\/uploads\/2024\/10\/Packshot_SE_custom-star-map-product-image.webp","contentUrl":"https:\/\/positiveprints.com\/wp-content\/uploads\/2024\/10\/Packshot_SE_custom-star-map-product-image.webp","width":1450,"height":1450},{"@type":"BreadcrumbList","@id":"https:\/\/positiveprints.com\/sv\/produkt\/anpassad-stjarnkarta\/#breadcrumb","itemListElement":[{"@type":"ListItem","position":1,"name":"Home","item":"https:\/\/positiveprints.com\/sv\/"},{"@type":"ListItem","position":2,"name":"Produkter","item":"https:\/\/positiveprints.com\/sv\/shop\/"},{"@type":"ListItem","position":3,"name":"Anpassad stj\u00e4rnkarta"}]},{"@type":"WebSite","@id":"https:\/\/positiveprints.com\/sv\/#website","url":"https:\/\/positiveprints.com\/sv\/","name":"Positive Prints","description":"Amazing Custom Personalized Gifts","publisher":{"@id":"https:\/\/positiveprints.com\/sv\/#organization"},"potentialAction":[{"@type":"SearchAction","target":{"@type":"EntryPoint","urlTemplate":"https:\/\/positiveprints.com\/sv\/?s={search_term_string}"},"query-input":{"@type":"PropertyValueSpecification","valueRequired":true,"valueName":"search_term_string"}}],"inLanguage":"sv-SE"},{"@type":"Organization","@id":"https:\/\/positiveprints.com\/sv\/#organization","name":"Positive Prints","alternateName":"Positive Prints","url":"https:\/\/positiveprints.com\/sv\/","logo":{"@type":"ImageObject","inLanguage":"sv-SE","@id":"https:\/\/positiveprints.com\/sv\/#\/schema\/logo\/image\/","url":"https:\/\/positiveprints.com\/wp-content\/uploads\/2026\/03\/245815646_1337939713319158_5671353136411139666_n.png","contentUrl":"https:\/\/positiveprints.com\/wp-content\/uploads\/2026\/03\/245815646_1337939713319158_5671353136411139666_n.png","width":800,"height":800,"caption":"Positive Prints"},"image":{"@id":"https:\/\/positiveprints.com\/sv\/#\/schema\/logo\/image\/"},"sameAs":["https:\/\/www.facebook.com\/positiveprintscom","https:\/\/www.instagram.com\/positiveprintscom\/","https:\/\/www.tiktok.com\/@positiveprintscom","https:\/\/www.pinterest.com\/positiveprintscom\/"]}]}},"jetpack_sharing_enabled":true,"_links":{"self":[{"href":"https:\/\/positiveprints.com\/sv\/wp-json\/wp\/v2\/product\/358936","targetHints":{"allow":["GET"]}}],"collection":[{"href":"https:\/\/positiveprints.com\/sv\/wp-json\/wp\/v2\/product"}],"about":[{"href":"https:\/\/positiveprints.com\/sv\/wp-json\/wp\/v2\/types\/product"}],"wp:featuredmedia":[{"embeddable":true,"href":"https:\/\/positiveprints.com\/sv\/wp-json\/wp\/v2\/media\/1220188"}],"wp:attachment":[{"href":"https:\/\/positiveprints.com\/sv\/wp-json\/wp\/v2\/media?parent=358936"}],"wp:term":[{"taxonomy":"product_brand","embeddable":true,"href":"https:\/\/positiveprints.com\/sv\/wp-json\/wp\/v2\/product_brand?post=358936"},{"taxonomy":"product_cat","embeddable":true,"href":"https:\/\/positiveprints.com\/sv\/wp-json\/wp\/v2\/product_cat?post=358936"},{"taxonomy":"product_tag","embeddable":true,"href":"https:\/\/positiveprints.com\/sv\/wp-json\/wp\/v2\/product_tag?post=358936"}],"curies":[{"name":"wp","href":"https:\/\/api.w.org\/{rel}","templated":true}]}}