{"id":358837,"date":"2022-07-21T12:33:18","date_gmt":"2022-07-21T11:33:18","guid":{"rendered":"https:\/\/positiveprints.com\/?post_type=product&#038;p=358837"},"modified":"2026-04-18T06:53:56","modified_gmt":"2026-04-18T05:53:56","slug":"anpassad-lat-ljudvag-konst","status":"publish","type":"product","link":"https:\/\/positiveprints.com\/sv\/produkt\/anpassad-lat-ljudvag-konst\/","title":{"rendered":"Anpassad Song Soundwave-konst"},"content":{"rendered":"<p>Musik ger n\u00e4ring \u00e5t v\u00e5ra \u00f6ron och lugnar v\u00e5ra sj\u00e4lar. Och nu \u00e4r det en fr\u00f6jd f\u00f6r \u00f6gat. V\u00e5ra personliga presentaffischer med l\u00e5tar skapar <a href=\"https:\/\/positiveprints.com\/product\/soundwave-art\/\">anpassad ljudv\u00e5gskonst<\/a> fr\u00e5n den l\u00e5t du v\u00e4ljer.  <\/p>\n\n          \n\n\n\n          \n\n\n\n          \n\n\n\n          <h2 class=\"grenB f24 cblue\" style=\"margin-top: 3rem\">Vad \u00e4r Music Soundwave Art?<\/h2>\n\n          \n\n\n\n          \n\n\n\n          <p style=\"margin-top: 1rem\">Varje ljud du h\u00f6r, oavsett om det \u00e4r en s\u00e5ng eller ett tal, f\u00e4rdas i ljudv\u00e5gor. Vi kan inte se dem med blotta \u00f6gat, men med r\u00e4tt programvara kan ljudet kompletteras med ett visuellt element. Det \u00e4r precis vad vi g\u00f6r med v\u00e5r anpassade ljudv\u00e5gskonst f\u00f6r l\u00e5tar.  <\/p>\n\n          \n\n\n\n          \n\n\n\n          <p style=\"margin-top: 1rem\">Vi tar din favoritl\u00e5t och f\u00f6rvandlar den till ett visuellt konstverk. Se hur din l\u00e5t ser ut och upplev dess magi p\u00e5 ett helt nytt s\u00e4tt. Med en inb\u00e4ddad QR-kod kan du skanna och spela upp l\u00e5ten s\u00e5 att alla kan h\u00f6ra den, perfekt n\u00e4r du beh\u00f6ver lite kreativ inspiration.  <\/p>\n\n          \n\n\n\n          \n\n\n\n          \n\n\n\n          <h2 class=\"grenB f24 cblue\" style=\"margin-top: 3rem\">F\u00f6rvandla din favoritl\u00e5t till anpassad Soundwave-konst<\/h2>\n\n          \n\n\n\n          \n\n\n\n          <p style=\"margin-top: 1rem\">Positive Prints g\u00f6r allt det tunga jobbet n\u00e4r din l\u00e5t f\u00f6rvandlas till musikalisk ljudv\u00e5gskonst. Ladda upp en ljudfil med den l\u00e5t du vill ha och v\u00e4lj sedan bland en av v\u00e5ra f\u00f6rdesignade mallar som visar din l\u00e5t p\u00e5 ett vackert s\u00e4tt. Du kan anpassa ditt tryck med en textrad fr\u00e5n l\u00e5ten, l\u00e5tens namn eller n\u00e5got annat som ger din konst mer mening.  \n\n<\/p>\n\n          \n\n\n\n          \n\n\n\n          <p style=\"margin-top: 1rem\">Vi levererar v\u00e5ra specialbest\u00e4llda song soundwave konstverk som h\u00f6gkvalitativa postertryck, tryck p\u00e5 canvas eller som digitala filer som du kan ladda ner direkt och skriva ut i din lokala butik. L\u00e4gg till en ram, h\u00e4ng upp den i ditt hem och g\u00f6r dig redo att imponera p\u00e5 dina v\u00e4nner eller din familj. Det \u00e4r ocks\u00e5 en bra id\u00e9 om du letar efter de b\u00e4sta <a href=\"https:\/\/positiveprints.com\/housewarming-gifts\/\">inflyttningspresenterna<\/a>.<\/p>\n\n          \n\n\n\n          \n\n\n\n          <h2 class=\"grenB f24 cblue\" style=\"margin-top: 3rem\">Ge inspiration i g\u00e5va!<\/h2>\n\n          \n\n\n\n          \n\n\n\n          <p style=\"margin-top: 1rem\">Ljudv\u00e5gskonst med egna l\u00e5tar \u00e4r den perfekta presenten f\u00f6r br\u00f6llop, f\u00f6rlovningar, examen, nyf\u00f6dda, pensioneringar eller andra tillf\u00e4llen d\u00e4r du vill inkludera ett soundtrack till ditt liv. Det \u00e4r en g\u00e5va som kommer fr\u00e5n hj\u00e4rtat, en som dina n\u00e4ra och k\u00e4ra inte kommer att se komma!  <\/p>","protected":false},"excerpt":{"rendered":"<ul class=\"check-list\">\n<li>Ladda bara upp en ljudfil<\/li>\n<li>L\u00e4gg till en QR-kod och skanna den f\u00f6r att spela upp den<\/li>\n<li>Anpassa i 3 enkla steg<\/li>\n<li>V\u00e4lj en mall eller var kreativ<\/li>\n<\/ul>\n","protected":false},"featured_media":1277774,"template":"","meta":[],"product_brand":[],"product_cat":[8188,8214,11192,11190,11191,8117,11584,11586,11587,11588,11645,11646,11647,11648,11221,11222,8119,8108,11470,11471,11476,11464,11469,11463,11477,11472,11473,7679,7630,7647,7662,7774,7790,7743,7758,7806,7854,7838,7487],"product_tag":[15100,11758,13430,13460,11772,11835,11829,11832,11830,9417],"class_list":{"0":"post-358837","1":"product","2":"type-product","3":"status-publish","4":"has-post-thumbnail","6":"product_cat-till-henne","7":"product_cat-till-honom","8":"product_cat-arsdagspresenter-till-par","9":"product_cat-arsdagspresenter-till-henne","10":"product_cat-arsdagspresenter-till-honom","11":"product_cat-fodelsedagspresenter-presenttillfallen","12":"product_cat-18-arsdag","13":"product_cat-21-arsdag","14":"product_cat-30-arsdag","15":"product_cat-40-arsdag","16":"product_cat-50-arsdag","17":"product_cat-60-arsdag","18":"product_cat-70-arsdag","19":"product_cat-80-arsdag","20":"product_cat-fodelsedagspresenter-till-henne","21":"product_cat-fodelsedagspresenter-till-honom","22":"product_cat-inflyttningspresenter-presenttillfallen","23":"product_cat-julpresenter","24":"product_cat-julklappar-till-henne","25":"product_cat-julklappar-till-honom","26":"product_cat-julklappar-till-systern","27":"product_cat-julklappar-till-brodern","28":"product_cat-julklappar-till-flickvannen","29":"product_cat-julklapp-till-pojkvan","30":"product_cat-julklappar-till-frun","31":"product_cat-julklappar-till-maken","32":"product_cat-julklappar-till-barnen","33":"product_cat-gavor-till-pojkvannen","34":"product_cat-gavor-till-din-bror","35":"product_cat-gavor-till-din-man","36":"product_cat-gavor-till-sonen","37":"product_cat-gavor-till-dottern","38":"product_cat-gavor-till-flickvannen","39":"product_cat-gavor-till-en-syster","40":"product_cat-gavor-till-fru","41":"product_cat-gavor-for-par","42":"product_cat-gavor-till-familjen","43":"product_cat-gavor-till-vanner","44":"product_cat-soundwave-sv","45":"product_tag-birthday-pl-sv","46":"product_tag-julklapp-till-pojkvan","47":"product_tag-julklapp-till-syster","48":"product_tag-julklappar-till-bror","49":"product_tag-julklappar-till-flickvannen","50":"product_tag-julklappar-till-frun","51":"product_tag-julklappar-till-henne","52":"product_tag-julklappar-till-maken","53":"product_tag-kerstcadeaus-for-honom","54":"product_tag-musik-sv","56":"first","57":"instock","58":"sale","59":"taxable","60":"shipping-taxable","61":"purchasable","62":"product-type-variable"},"yoast_head":"<!-- This site is optimized with the Yoast SEO Premium plugin v27.2 (Yoast SEO v27.2) - https:\/\/yoast.com\/product\/yoast-seo-premium-wordpress\/ -->\n<title>Ljudv\u00e5gskonst med egen s\u00e5ng - Positive Prints<\/title>\n<meta name=\"description\" content=\"F\u00f6rvandla din favoritl\u00e5t till anpassad ljudv\u00e5gskonst. Se musiken som tilltalar dig i aktion och skanna sedan en QR-kod f\u00f6r att spela den!\" \/>\n<meta name=\"robots\" content=\"index, follow, max-snippet:-1, max-image-preview:large, max-video-preview:-1\" \/>\n<link rel=\"canonical\" href=\"https:\/\/positiveprints.com\/sv\/produkt\/anpassad-lat-ljudvag-konst\/\" \/>\n<meta property=\"og:locale\" content=\"sv_SE\" \/>\n<meta property=\"og:type\" content=\"article\" \/>\n<meta property=\"og:title\" content=\"Anpassad Song Soundwave-konst\" \/>\n<meta property=\"og:description\" content=\"Ladda bara upp en ljudfil L\u00e4gg till en QR-kod och skanna den f\u00f6r att spela upp den Anpassa i 3 enkla steg V\u00e4lj en mall eller var kreativ\" \/>\n<meta property=\"og:url\" content=\"https:\/\/positiveprints.com\/sv\/produkt\/anpassad-lat-ljudvag-konst\/\" \/>\n<meta property=\"og:site_name\" content=\"Positive Prints\" \/>\n<meta property=\"article:publisher\" content=\"https:\/\/www.facebook.com\/positiveprintscom\" \/>\n<meta property=\"article:modified_time\" content=\"2026-04-18T05:53:56+00:00\" \/>\n<meta property=\"og:image\" content=\"https:\/\/positiveprints.com\/wp-content\/uploads\/2024\/11\/Packshot_SE_Custom-Song-Soundwave-Art-product-image-.webp\" \/>\n\t<meta property=\"og:image:width\" content=\"1450\" \/>\n\t<meta property=\"og:image:height\" content=\"1450\" \/>\n\t<meta property=\"og:image:type\" content=\"image\/webp\" \/>\n<meta name=\"twitter:card\" content=\"summary_large_image\" \/>\n<meta name=\"twitter:label1\" content=\"Ber\u00e4knad l\u00e4stid\" \/>\n\t<meta name=\"twitter:data1\" content=\"2 minut\" \/>\n<!-- \/ Yoast SEO Premium plugin. -->","yoast_head_json":{"title":"Ljudv\u00e5gskonst med egen s\u00e5ng - Positive Prints","description":"F\u00f6rvandla din favoritl\u00e5t till anpassad ljudv\u00e5gskonst. Se musiken som tilltalar dig i aktion och skanna sedan en QR-kod f\u00f6r att spela den!","robots":{"index":"index","follow":"follow","max-snippet":"max-snippet:-1","max-image-preview":"max-image-preview:large","max-video-preview":"max-video-preview:-1"},"canonical":"https:\/\/positiveprints.com\/sv\/produkt\/anpassad-lat-ljudvag-konst\/","og_locale":"sv_SE","og_type":"article","og_title":"Anpassad Song Soundwave-konst","og_description":"Ladda bara upp en ljudfil L\u00e4gg till en QR-kod och skanna den f\u00f6r att spela upp den Anpassa i 3 enkla steg V\u00e4lj en mall eller var kreativ","og_url":"https:\/\/positiveprints.com\/sv\/produkt\/anpassad-lat-ljudvag-konst\/","og_site_name":"Positive Prints","article_publisher":"https:\/\/www.facebook.com\/positiveprintscom","article_modified_time":"2026-04-18T05:53:56+00:00","og_image":[{"width":1450,"height":1450,"url":"https:\/\/positiveprints.com\/wp-content\/uploads\/2024\/11\/Packshot_SE_Custom-Song-Soundwave-Art-product-image-.webp","type":"image\/webp"}],"twitter_card":"summary_large_image","twitter_misc":{"Ber\u00e4knad l\u00e4stid":"2 minut"},"schema":{"@context":"https:\/\/schema.org","@graph":[{"@type":["WebPage","ItemPage"],"@id":"https:\/\/positiveprints.com\/sv\/produkt\/anpassad-lat-ljudvag-konst\/","url":"https:\/\/positiveprints.com\/sv\/produkt\/anpassad-lat-ljudvag-konst\/","name":"Ljudv\u00e5gskonst med egen s\u00e5ng - Positive Prints","isPartOf":{"@id":"https:\/\/positiveprints.com\/sv\/#website"},"primaryImageOfPage":{"@id":"https:\/\/positiveprints.com\/sv\/produkt\/anpassad-lat-ljudvag-konst\/#primaryimage"},"image":{"@id":"https:\/\/positiveprints.com\/sv\/produkt\/anpassad-lat-ljudvag-konst\/#primaryimage"},"thumbnailUrl":"https:\/\/positiveprints.com\/wp-content\/uploads\/2024\/11\/Packshot_SE_Custom-Song-Soundwave-Art-product-image-.webp","datePublished":"2022-07-21T11:33:18+00:00","dateModified":"2026-04-18T05:53:56+00:00","description":"F\u00f6rvandla din favoritl\u00e5t till anpassad ljudv\u00e5gskonst. Se musiken som tilltalar dig i aktion och skanna sedan en QR-kod f\u00f6r att spela den!","breadcrumb":{"@id":"https:\/\/positiveprints.com\/sv\/produkt\/anpassad-lat-ljudvag-konst\/#breadcrumb"},"inLanguage":"sv-SE","potentialAction":[{"@type":"ReadAction","target":["https:\/\/positiveprints.com\/sv\/produkt\/anpassad-lat-ljudvag-konst\/"]}]},{"@type":"ImageObject","inLanguage":"sv-SE","@id":"https:\/\/positiveprints.com\/sv\/produkt\/anpassad-lat-ljudvag-konst\/#primaryimage","url":"https:\/\/positiveprints.com\/wp-content\/uploads\/2024\/11\/Packshot_SE_Custom-Song-Soundwave-Art-product-image-.webp","contentUrl":"https:\/\/positiveprints.com\/wp-content\/uploads\/2024\/11\/Packshot_SE_Custom-Song-Soundwave-Art-product-image-.webp","width":1450,"height":1450},{"@type":"BreadcrumbList","@id":"https:\/\/positiveprints.com\/sv\/produkt\/anpassad-lat-ljudvag-konst\/#breadcrumb","itemListElement":[{"@type":"ListItem","position":1,"name":"Home","item":"https:\/\/positiveprints.com\/sv\/"},{"@type":"ListItem","position":2,"name":"Produkter","item":"https:\/\/positiveprints.com\/sv\/shop\/"},{"@type":"ListItem","position":3,"name":"Anpassad Song Soundwave-konst"}]},{"@type":"WebSite","@id":"https:\/\/positiveprints.com\/sv\/#website","url":"https:\/\/positiveprints.com\/sv\/","name":"Positive Prints","description":"Amazing Custom Personalized Gifts","publisher":{"@id":"https:\/\/positiveprints.com\/sv\/#organization"},"potentialAction":[{"@type":"SearchAction","target":{"@type":"EntryPoint","urlTemplate":"https:\/\/positiveprints.com\/sv\/?s={search_term_string}"},"query-input":{"@type":"PropertyValueSpecification","valueRequired":true,"valueName":"search_term_string"}}],"inLanguage":"sv-SE"},{"@type":"Organization","@id":"https:\/\/positiveprints.com\/sv\/#organization","name":"Positive Prints","alternateName":"Positive Prints","url":"https:\/\/positiveprints.com\/sv\/","logo":{"@type":"ImageObject","inLanguage":"sv-SE","@id":"https:\/\/positiveprints.com\/sv\/#\/schema\/logo\/image\/","url":"https:\/\/positiveprints.com\/wp-content\/uploads\/2026\/03\/245815646_1337939713319158_5671353136411139666_n.png","contentUrl":"https:\/\/positiveprints.com\/wp-content\/uploads\/2026\/03\/245815646_1337939713319158_5671353136411139666_n.png","width":800,"height":800,"caption":"Positive Prints"},"image":{"@id":"https:\/\/positiveprints.com\/sv\/#\/schema\/logo\/image\/"},"sameAs":["https:\/\/www.facebook.com\/positiveprintscom","https:\/\/www.instagram.com\/positiveprintscom\/","https:\/\/www.tiktok.com\/@positiveprintscom","https:\/\/www.pinterest.com\/positiveprintscom\/"]}]}},"jetpack_sharing_enabled":true,"_links":{"self":[{"href":"https:\/\/positiveprints.com\/sv\/wp-json\/wp\/v2\/product\/358837","targetHints":{"allow":["GET"]}}],"collection":[{"href":"https:\/\/positiveprints.com\/sv\/wp-json\/wp\/v2\/product"}],"about":[{"href":"https:\/\/positiveprints.com\/sv\/wp-json\/wp\/v2\/types\/product"}],"wp:featuredmedia":[{"embeddable":true,"href":"https:\/\/positiveprints.com\/sv\/wp-json\/wp\/v2\/media\/1277774"}],"wp:attachment":[{"href":"https:\/\/positiveprints.com\/sv\/wp-json\/wp\/v2\/media?parent=358837"}],"wp:term":[{"taxonomy":"product_brand","embeddable":true,"href":"https:\/\/positiveprints.com\/sv\/wp-json\/wp\/v2\/product_brand?post=358837"},{"taxonomy":"product_cat","embeddable":true,"href":"https:\/\/positiveprints.com\/sv\/wp-json\/wp\/v2\/product_cat?post=358837"},{"taxonomy":"product_tag","embeddable":true,"href":"https:\/\/positiveprints.com\/sv\/wp-json\/wp\/v2\/product_tag?post=358837"}],"curies":[{"name":"wp","href":"https:\/\/api.w.org\/{rel}","templated":true}]}}