{"id":358832,"date":"2021-04-12T08:31:51","date_gmt":"2021-04-12T07:31:51","guid":{"rendered":"https:\/\/positiveprints.com\/?post_type=product&#038;p=358832"},"modified":"2026-04-18T09:09:31","modified_gmt":"2026-04-18T08:09:31","slug":"mottes-forlovades-giftes-karta","status":"publish","type":"product","link":"https:\/\/positiveprints.com\/sv\/produkt\/mottes-forlovades-giftes-karta\/","title":{"rendered":"M\u00f6ttes F\u00f6rlovades Giftes-karta"},"content":{"rendered":"Ett s\u00e4tt att ber\u00e4tta din unika k\u00e4rlekshistoria \u00e4r genom att f\u00e5nga dina mest speciella milstolpar med en M\u00f6ttes F\u00f6rlovades Giftes-karta.\r\n<p style=\"margin-top: 1rem;\">F\u00f6rst tr\u00e4ffades du. D\u00e5 blev du k\u00e4r. Och n\u00e4r du v\u00e4l best\u00e4mt dig f\u00f6r att du inte ville spendera ditt liv med n\u00e5gon annan, f\u00f6rlovade du dig. Och nu n\u00e4r du \u00e4r gift \u00e4lskar du att titta tillbaka genom hela din k\u00e4rlekshistoria och \u00e5terber\u00e4tta den om och om igen. Det h\u00e4r \u00e4r en process som ser likadan ut, men \u00e4nd\u00e5 s\u00e5 olika, f\u00f6r par \u00f6verallt. Ett s\u00e4tt att ber\u00e4tta din unika historia \u00e4r genom att f\u00e5nga dina mest speciella milstolpar med en M\u00f6ttes F\u00f6rlovades Giftes-karta.<\/p>\r\n\r\n<h2 class=\"grenB f24 cblue\" style=\"margin-top: 3rem;\">Vad \u00e4r en M\u00f6ttes F\u00f6rlovades Giftes-karta?<\/h2>\r\n<p style=\"margin-top: 1rem;\">Ungef\u00e4r som en dagbok \u00e4r en karta \u00f6ver v\u00e5r resa genom livet. En M\u00f6ttes F\u00f6rlovades Giftes-karta \u00e4r en f\u00e4rdplan f\u00f6r din resa med din sj\u00e4lsfr\u00e4nde. Kartan framh\u00e4ver tre av de viktigaste milstolparna i din ber\u00e4ttelse. Platsen ni tr\u00e4ffade, platsen d\u00e4r ni f\u00f6rlovade er och platsen d\u00e4r ni tv\u00e5 sa att jag g\u00f6r det.<\/p>\r\n<p style=\"margin-top: 1rem;\">Det h\u00e4r \u00e4r en vacker, konstn\u00e4rlig illustration av din k\u00e4rleks resa och kan hj\u00e4lpa dig att \u00e5terber\u00e4tta och \u00e5teruppleva din ber\u00e4ttelse genom \u00e5ren. En M\u00f6ttes F\u00f6rlovades Giftes-karta \u00e4r en utm\u00e4rkt jubileumspresent till din b\u00e4ttre h\u00e4lft eller till ett speciellt par i ditt liv. Viktigast av allt, den h\u00e4r kartan \u00e4r olik alla andra eftersom den fokuserar p\u00e5 dig.<\/p>\r\n\r\n<h2 class=\"grenB f24 cblue\" style=\"margin-top: 3rem;\">Varf\u00f6r skapa en M\u00f6ttes F\u00f6rlovades Giftes-karta<\/h2>\r\n<p style=\"margin-top: 1rem;\">L\u00e5t oss vara \u00e4rliga: det kr\u00e4vs inte mycket kreativitet f\u00f6r att g\u00e5 till en butik, hitta en present, sl\u00e5 in den och ge den till din \u00e4lskade. Det \u00e4r inget fel med att ge en butikspresent om det \u00e4r n\u00e5got de vill ha eller kommer att anv\u00e4nda.<\/p>\r\n<p style=\"margin-top: 1rem;\">Men g\u00e5vor som \u00e4r personliga, anpassade och som kr\u00e4ver medveten tanke och anstr\u00e4ngning \u00e4r samma g\u00e5vor som kommer att sticka ut i deras minne. Den symboliska gesten bakom f\u00f6rem\u00e5let \u00e4r lika mycket en del av g\u00e5van som sj\u00e4lva f\u00f6rem\u00e5let. Och n\u00e4r det f\u00f6rem\u00e5let \u00e4r en M\u00f6ttes F\u00f6rlovades Giftes-karta, tj\u00e4nar du fler brownie-po\u00e4ng med din partner \u00e4n du kan r\u00e4kna.<\/p>\r\n<p style=\"margin-top: 1rem;\">M\u00e5nga av v\u00e5ra kunder f\u00f6rlitar sig p\u00e5 Positiva Prints f\u00f6r att hj\u00e4lpa dem att ut\u00f6ka sin kreativitet att ge presenter. De vill erbjuda n\u00e5got ov\u00e4ntat, \u00f6verraskande, och gjort just f\u00f6r den d\u00e4r speciella personen. P\u00e5 grund av niv\u00e5n av personalisering som g\u00e5r in i varje M\u00f6ttes F\u00f6rlovades Giftes-karta, \u00e4r varje karta verkligen unik.<\/p>\r\n\r\n<h2 class=\"grenB f24 cblue\" style=\"margin-top: 3rem;\">Hur man g\u00f6r en M\u00f6ttes F\u00f6rlovades Giftes-karta<\/h2>\r\n<p style=\"margin-top: 1rem;\">V\u00e5ra <a href=\"https:\/\/positiveprints.com\/sv\/produkt\/anpassad-karta-tavla\/\">anpassade kartor<\/a>  p\u00e5 Positive Prints \u00e4r skapade som en enda bild men representerar tre speciella \u00f6gonblick i din k\u00e4rlekshistoria. Vi anv\u00e4nder banbrytande <a href=\"https:\/\/sv.wikipedia.org\/wiki\/Global_Positioning_System\">GPS-teknik<\/a> f\u00f6r att exakt lokalisera varje plats, vilket ger dig den mest exakta bilden av var du f\u00f6rst sa <a href=\"https:\/\/positiveprints.com\/sv\/produkt\/hej-far-jag-lov-ja\/\">hej, jag ska och jag g\u00f6r det.<\/a>.<\/p>\r\n<p style=\"margin-top: 1rem;\">S\u00e5 h\u00e4r kan du kliva in i rollen som artist och skapa din egen M\u00f6ttes F\u00f6rlovades Giftes-karta:<\/p>\r\n\r\n<h3 class=\"grenB f18 cblue\" style=\"margin-top: 3rem;\">Steg ett: V\u00e4lj din design<\/h3>\r\n<p style=\"margin-top: 1rem;\">N\u00e4r det kommer till att ge personliga presenter finns det helt enkelt inte en storlek som passar alla. Det \u00e4r d\u00e4rf\u00f6r vi erbjuder flera designalternativ f\u00f6r din M\u00f6ttes F\u00f6rlovades Giftes-karta. Du kan v\u00e4lja fr\u00e5n en av v\u00e5ra expertdesignade mallar. Eller, om du k\u00e4nner dig extra kreativ, v\u00e4lj alternativet Anpassat f\u00f6r att v\u00e4lja din egen f\u00e4rgkombination.<\/p>\r\n<p style=\"margin-top: 1rem;\">N\u00e4r du g\u00f6r dina val uppdateras alla detaljer i realtid s\u00e5 att du kan se din karta komma till liv.<\/p>\r\n\r\n<h3 class=\"grenB f18 cblue\" style=\"margin-top: 3rem;\">Steg tv\u00e5: Ange dina uppgifter<\/h3>\r\n<p style=\"margin-top: 1rem;\">Mer \u00e4n bara bilder p\u00e5 en karta, din M\u00f6ttes F\u00f6rlovades Giftes-karta inneh\u00e5ller ocks\u00e5 flera rader text f\u00f6r varje plats s\u00e5 att du kan texta varje \u00f6gonblick. Inkludera datum f\u00f6r n\u00e4r du tr\u00e4ffades f\u00f6rsta g\u00e5ngen, f\u00f6rlovade dig och slutligen gifte dig. L\u00e4gg till ett citat som b\u00e4st representerar varje \u00f6gonblick i tiden. Eller helt enkelt dela mer information om platsen och vad som gjorde den s\u00e5 speciell. Alternativen \u00e4r o\u00e4ndliga!<\/p>\r\n\r\n<h3 class=\"grenB f18 cblue\" style=\"margin-top: 3rem;\">Steg tre: V\u00e4lj ett format<\/h3>\r\n<p style=\"margin-top: 1rem;\">Som med m\u00e5nga av v\u00e5ra konstverk p\u00e5 Positive Prints kan du v\u00e4lja mellan flera format och leveransalternativ. F\u00f6r best\u00e4llningar som trycks och skickas internt, trycker vi varje karta p\u00e5 affischpapper av professionell kvalitet. Det kommer att beh\u00e5lla dina f\u00e4rger och se bra ut i en ram p\u00e5 din v\u00e4gg. Vi kan \u00e4ven trycka p\u00e5 canvas om du f\u00f6redrar det, samt ta med en ram s\u00e5 att ditt tryck \u00e4r redo att ge till din \u00e4lskade direkt.<\/p>\r\n<p style=\"margin-top: 1rem;\">Om du letar efter en sista-minuten presentid\u00e9 rekommenderar vi v\u00e5rt digitala nedladdningsalternativ. Du kommer att f\u00e5 din M\u00f6ttes F\u00f6rlovades Giftes-karta i en digital fil via e-post. Du kan sedan ta den till ditt lokala tryckeri f\u00f6r snabbare leverans<\/p>\r\n<p style=\"margin-top: 1rem;\">Vi erbjuder \u00e4ven flera storlekar och orienteringar s\u00e5 att du kan v\u00e4lja den som passar ditt utrymme b\u00e4st.<\/p>\r\n\r\n<h2 class=\"grenB f24 cblue\" style=\"margin-top: 3rem;\">\u00d6verraska din \u00e4lskade med en M\u00f6ttes F\u00f6rlovades Giftes-karta!<\/h2>\r\n<p style=\"margin-top: 1rem;\">M\u00f6ttes F\u00f6rlovades Giftes-kartor \u00e4r den perfekta presenten till f\u00f6delsedagar, br\u00f6llop, \u00e5rsdagar, h\u00f6gtider eller n\u00e4r du vill fira k\u00e4rleken. Det \u00e4r en present till personen som har allt, ingenting beh\u00f6ver eller helt enkelt l\u00e4ngtar efter n\u00e5got unikt, roligt och ov\u00e4ntat.<\/p>","protected":false},"excerpt":{"rendered":"<ul class=\"check-list\">\n<li>Markera exakta adresser med en vald symbol<\/li>\n<li>Anpassa i 3 enkla steg<\/li>\n<li>Inkludera en meningsfull personlig text<\/li>\n<li>Se resultatet direkt \u2013 den interaktiva f\u00f6rhandsvisningen l\u00e5ter dig finjustera varje detalj<\/li>\n<\/ul>\n","protected":false},"featured_media":1240639,"template":"","meta":[],"product_brand":[],"product_cat":[9281,15116,9031,8147,11582,11602,11583,11579,11585,11580,11581,7934,8014,7694,9120],"product_tag":[8397],"class_list":{"0":"post-358832","1":"product","2":"type-product","3":"status-publish","4":"has-post-thumbnail","6":"product_cat-bestsellers-label-sv","7":"product_cat-bestsellers-menu-sv","8":"product_cat-digitala-produkter","9":"product_cat-creators-sv","10":"product_cat-10-arsjubileum","11":"product_cat-50-arsjubileum","12":"product_cat-15-arsjubileum","13":"product_cat-1-arsjubileum","14":"product_cat-20-arsjubileum","15":"product_cat-2-arsjubileum","16":"product_cat-5-arsjubileum","17":"product_cat-gavor-till-brollopsdusch","18":"product_cat-gavor-for-man","19":"product_cat-gavor-for-kvinnor","20":"product_cat-triple-maps-sv","21":"product_tag-creators-sv","23":"first","24":"instock","25":"sale","26":"taxable","27":"shipping-taxable","28":"purchasable","29":"product-type-variable"},"yoast_head":"<!-- This site is optimized with the Yoast SEO Premium plugin v27.2 (Yoast SEO v27.2) - https:\/\/yoast.com\/product\/yoast-seo-premium-wordpress\/ -->\n<title>M\u00f6ttes F\u00f6rlovades Giftes-karta - Positive Prints<\/title>\n<meta name=\"description\" content=\"Ett s\u00e4tt att ber\u00e4tta din unika k\u00e4rlekshistoria \u00e4r genom att f\u00e5nga dina mest speciella milstolpar med en M\u00f6ttes F\u00f6rlovades Giftes-karta.\" \/>\n<meta name=\"robots\" content=\"index, follow, max-snippet:-1, max-image-preview:large, max-video-preview:-1\" \/>\n<link rel=\"canonical\" href=\"https:\/\/positiveprints.com\/sv\/produkt\/mottes-forlovades-giftes-karta\/\" \/>\n<meta property=\"og:locale\" content=\"sv_SE\" \/>\n<meta property=\"og:type\" content=\"article\" \/>\n<meta property=\"og:title\" content=\"M\u00f6ttes F\u00f6rlovades Giftes-karta\" \/>\n<meta property=\"og:description\" content=\"Markera exakta adresser med en vald symbol  Anpassa i 3 enkla steg  Inkludera en meningsfull personlig text  Se resultatet direkt \u2013 den interaktiva f\u00f6rhandsvisningen l\u00e5ter dig finjustera varje detalj\" \/>\n<meta property=\"og:url\" content=\"https:\/\/positiveprints.com\/sv\/produkt\/mottes-forlovades-giftes-karta\/\" \/>\n<meta property=\"og:site_name\" content=\"Positive Prints\" \/>\n<meta property=\"article:publisher\" content=\"https:\/\/www.facebook.com\/positiveprintscom\" \/>\n<meta property=\"article:modified_time\" content=\"2026-04-18T08:09:31+00:00\" \/>\n<meta property=\"og:image\" content=\"https:\/\/positiveprints.com\/wp-content\/uploads\/2024\/10\/Packshot_EN_Met-Engaged-Married-product-image.webp\" \/>\n\t<meta property=\"og:image:width\" content=\"1450\" \/>\n\t<meta property=\"og:image:height\" content=\"1450\" \/>\n\t<meta property=\"og:image:type\" content=\"image\/webp\" \/>\n<meta name=\"twitter:card\" content=\"summary_large_image\" \/>\n<meta name=\"twitter:label1\" content=\"Ber\u00e4knad l\u00e4stid\" \/>\n\t<meta name=\"twitter:data1\" content=\"4 minut\" \/>\n<!-- \/ Yoast SEO Premium plugin. -->","yoast_head_json":{"title":"M\u00f6ttes F\u00f6rlovades Giftes-karta - Positive Prints","description":"Ett s\u00e4tt att ber\u00e4tta din unika k\u00e4rlekshistoria \u00e4r genom att f\u00e5nga dina mest speciella milstolpar med en M\u00f6ttes F\u00f6rlovades Giftes-karta.","robots":{"index":"index","follow":"follow","max-snippet":"max-snippet:-1","max-image-preview":"max-image-preview:large","max-video-preview":"max-video-preview:-1"},"canonical":"https:\/\/positiveprints.com\/sv\/produkt\/mottes-forlovades-giftes-karta\/","og_locale":"sv_SE","og_type":"article","og_title":"M\u00f6ttes F\u00f6rlovades Giftes-karta","og_description":"Markera exakta adresser med en vald symbol  Anpassa i 3 enkla steg  Inkludera en meningsfull personlig text  Se resultatet direkt \u2013 den interaktiva f\u00f6rhandsvisningen l\u00e5ter dig finjustera varje detalj","og_url":"https:\/\/positiveprints.com\/sv\/produkt\/mottes-forlovades-giftes-karta\/","og_site_name":"Positive Prints","article_publisher":"https:\/\/www.facebook.com\/positiveprintscom","article_modified_time":"2026-04-18T08:09:31+00:00","og_image":[{"width":1450,"height":1450,"url":"https:\/\/positiveprints.com\/wp-content\/uploads\/2024\/10\/Packshot_EN_Met-Engaged-Married-product-image.webp","type":"image\/webp"}],"twitter_card":"summary_large_image","twitter_misc":{"Ber\u00e4knad l\u00e4stid":"4 minut"},"schema":{"@context":"https:\/\/schema.org","@graph":[{"@type":["WebPage","ItemPage"],"@id":"https:\/\/positiveprints.com\/sv\/produkt\/mottes-forlovades-giftes-karta\/","url":"https:\/\/positiveprints.com\/sv\/produkt\/mottes-forlovades-giftes-karta\/","name":"M\u00f6ttes F\u00f6rlovades Giftes-karta - Positive Prints","isPartOf":{"@id":"https:\/\/positiveprints.com\/sv\/#website"},"primaryImageOfPage":{"@id":"https:\/\/positiveprints.com\/sv\/produkt\/mottes-forlovades-giftes-karta\/#primaryimage"},"image":{"@id":"https:\/\/positiveprints.com\/sv\/produkt\/mottes-forlovades-giftes-karta\/#primaryimage"},"thumbnailUrl":"https:\/\/positiveprints.com\/wp-content\/uploads\/2024\/10\/Packshot_EN_Met-Engaged-Married-product-image.webp","datePublished":"2021-04-12T07:31:51+00:00","dateModified":"2026-04-18T08:09:31+00:00","description":"Ett s\u00e4tt att ber\u00e4tta din unika k\u00e4rlekshistoria \u00e4r genom att f\u00e5nga dina mest speciella milstolpar med en M\u00f6ttes F\u00f6rlovades Giftes-karta.","breadcrumb":{"@id":"https:\/\/positiveprints.com\/sv\/produkt\/mottes-forlovades-giftes-karta\/#breadcrumb"},"inLanguage":"sv-SE","potentialAction":[{"@type":"ReadAction","target":["https:\/\/positiveprints.com\/sv\/produkt\/mottes-forlovades-giftes-karta\/"]}]},{"@type":"ImageObject","inLanguage":"sv-SE","@id":"https:\/\/positiveprints.com\/sv\/produkt\/mottes-forlovades-giftes-karta\/#primaryimage","url":"https:\/\/positiveprints.com\/wp-content\/uploads\/2024\/10\/Packshot_EN_Met-Engaged-Married-product-image.webp","contentUrl":"https:\/\/positiveprints.com\/wp-content\/uploads\/2024\/10\/Packshot_EN_Met-Engaged-Married-product-image.webp","width":1450,"height":1450},{"@type":"BreadcrumbList","@id":"https:\/\/positiveprints.com\/sv\/produkt\/mottes-forlovades-giftes-karta\/#breadcrumb","itemListElement":[{"@type":"ListItem","position":1,"name":"Home","item":"https:\/\/positiveprints.com\/sv\/"},{"@type":"ListItem","position":2,"name":"Produkter","item":"https:\/\/positiveprints.com\/sv\/shop\/"},{"@type":"ListItem","position":3,"name":"M\u00f6ttes F\u00f6rlovades Giftes-karta"}]},{"@type":"WebSite","@id":"https:\/\/positiveprints.com\/sv\/#website","url":"https:\/\/positiveprints.com\/sv\/","name":"Positive Prints","description":"Amazing Custom Personalized Gifts","publisher":{"@id":"https:\/\/positiveprints.com\/sv\/#organization"},"potentialAction":[{"@type":"SearchAction","target":{"@type":"EntryPoint","urlTemplate":"https:\/\/positiveprints.com\/sv\/?s={search_term_string}"},"query-input":{"@type":"PropertyValueSpecification","valueRequired":true,"valueName":"search_term_string"}}],"inLanguage":"sv-SE"},{"@type":"Organization","@id":"https:\/\/positiveprints.com\/sv\/#organization","name":"Positive Prints","alternateName":"Positive Prints","url":"https:\/\/positiveprints.com\/sv\/","logo":{"@type":"ImageObject","inLanguage":"sv-SE","@id":"https:\/\/positiveprints.com\/sv\/#\/schema\/logo\/image\/","url":"https:\/\/positiveprints.com\/wp-content\/uploads\/2026\/03\/245815646_1337939713319158_5671353136411139666_n.png","contentUrl":"https:\/\/positiveprints.com\/wp-content\/uploads\/2026\/03\/245815646_1337939713319158_5671353136411139666_n.png","width":800,"height":800,"caption":"Positive Prints"},"image":{"@id":"https:\/\/positiveprints.com\/sv\/#\/schema\/logo\/image\/"},"sameAs":["https:\/\/www.facebook.com\/positiveprintscom","https:\/\/www.instagram.com\/positiveprintscom\/","https:\/\/www.tiktok.com\/@positiveprintscom","https:\/\/www.pinterest.com\/positiveprintscom\/"]}]}},"jetpack_sharing_enabled":true,"_links":{"self":[{"href":"https:\/\/positiveprints.com\/sv\/wp-json\/wp\/v2\/product\/358832","targetHints":{"allow":["GET"]}}],"collection":[{"href":"https:\/\/positiveprints.com\/sv\/wp-json\/wp\/v2\/product"}],"about":[{"href":"https:\/\/positiveprints.com\/sv\/wp-json\/wp\/v2\/types\/product"}],"wp:featuredmedia":[{"embeddable":true,"href":"https:\/\/positiveprints.com\/sv\/wp-json\/wp\/v2\/media\/1240639"}],"wp:attachment":[{"href":"https:\/\/positiveprints.com\/sv\/wp-json\/wp\/v2\/media?parent=358832"}],"wp:term":[{"taxonomy":"product_brand","embeddable":true,"href":"https:\/\/positiveprints.com\/sv\/wp-json\/wp\/v2\/product_brand?post=358832"},{"taxonomy":"product_cat","embeddable":true,"href":"https:\/\/positiveprints.com\/sv\/wp-json\/wp\/v2\/product_cat?post=358832"},{"taxonomy":"product_tag","embeddable":true,"href":"https:\/\/positiveprints.com\/sv\/wp-json\/wp\/v2\/product_tag?post=358832"}],"curies":[{"name":"wp","href":"https:\/\/api.w.org\/{rel}","templated":true}]}}