{"id":356770,"date":"2022-09-02T10:20:29","date_gmt":"2022-09-02T09:20:29","guid":{"rendered":"https:\/\/positiveprints.com\/?post_type=product&#038;p=356770"},"modified":"2026-04-28T14:35:15","modified_gmt":"2026-04-28T13:35:15","slug":"digital-koordinatkonst","status":"publish","type":"product","link":"https:\/\/positiveprints.com\/sv\/produkt\/digital-koordinatkonst\/","title":{"rendered":"Digital koordinatkonst"},"content":{"rendered":"","protected":false},"excerpt":{"rendered":"<ul class=\"check-list\">\n<li>Skapa ett unikt konstverk med de exakta koordinaterna f\u00f6r vilken plats som helst p\u00e5 planeten och ta med dig minnena hem till ditt hus<\/li>\n<li>Tillg\u00e4nglig omedelbart efter k\u00f6pet<\/li>\n<li>Kan skrivas ut i valfritt format<\/li>\n<li>JPEG-filer av h\u00f6g kvalitet i 300dpi<\/li>\n<li>Se resultatet direkt \u2013 den interaktiva f\u00f6rhandsvisningen l\u00e5ter dig finjustera varje detalj<\/li>\n<\/ul>\n","protected":false},"featured_media":197666,"template":"","meta":[],"product_brand":[],"product_cat":[9031,7582],"product_tag":[9203],"class_list":{"0":"post-356770","1":"product","2":"type-product","3":"status-publish","4":"has-post-thumbnail","6":"product_cat-digitala-produkter","7":"product_cat-presentideer-i-sista-minuten","8":"product_tag-last-minute-de-sv","10":"first","11":"instock","12":"sale","13":"taxable","14":"shipping-taxable","15":"purchasable","16":"product-type-variable"},"yoast_head":"<!-- This site is optimized with the Yoast SEO Premium plugin v27.2 (Yoast SEO v27.2) - https:\/\/yoast.com\/product\/yoast-seo-premium-wordpress\/ -->\n<title>Digital koordinatkonst - Positive Prints<\/title>\n<meta name=\"description\" content=\"Om du letar efter en present i sista minuten - digital koordinatkonst \u00e4r ett perfekt val! Tillg\u00e4nglig omedelbart efter k\u00f6pet.\" \/>\n<meta name=\"robots\" content=\"index, follow, max-snippet:-1, max-image-preview:large, max-video-preview:-1\" \/>\n<link rel=\"canonical\" href=\"https:\/\/positiveprints.com\/sv\/produkt\/digital-koordinatkonst\/\" \/>\n<meta property=\"og:locale\" content=\"sv_SE\" \/>\n<meta property=\"og:type\" content=\"article\" \/>\n<meta property=\"og:title\" content=\"Digital koordinatkonst\" \/>\n<meta property=\"og:description\" content=\"Skapa ett unikt konstverk med de exakta koordinaterna f\u00f6r vilken plats som helst p\u00e5 planeten och ta med dig minnena hem till ditt hus Tillg\u00e4nglig omedelbart efter k\u00f6pet Kan skrivas ut i valfritt format JPEG-filer av h\u00f6g kvalitet i 300dpi Se resultatet direkt \u2013 den interaktiva f\u00f6rhandsvisningen l\u00e5ter dig finjustera varje detalj\" \/>\n<meta property=\"og:url\" content=\"https:\/\/positiveprints.com\/sv\/produkt\/digital-koordinatkonst\/\" \/>\n<meta property=\"og:site_name\" content=\"Positive Prints\" \/>\n<meta property=\"article:publisher\" content=\"https:\/\/www.facebook.com\/positiveprintscom\" \/>\n<meta property=\"article:modified_time\" content=\"2026-04-28T13:35:15+00:00\" \/>\n<meta property=\"og:image\" content=\"https:\/\/positiveprints.com\/wp-content\/uploads\/2021\/07\/coordinates-gift-1.jpg\" \/>\n\t<meta property=\"og:image:width\" content=\"1080\" \/>\n\t<meta property=\"og:image:height\" content=\"1080\" \/>\n\t<meta property=\"og:image:type\" content=\"image\/jpeg\" \/>\n<meta name=\"twitter:card\" content=\"summary_large_image\" \/>\n<!-- \/ Yoast SEO Premium plugin. -->","yoast_head_json":{"title":"Digital koordinatkonst - Positive Prints","description":"Om du letar efter en present i sista minuten - digital koordinatkonst \u00e4r ett perfekt val! Tillg\u00e4nglig omedelbart efter k\u00f6pet.","robots":{"index":"index","follow":"follow","max-snippet":"max-snippet:-1","max-image-preview":"max-image-preview:large","max-video-preview":"max-video-preview:-1"},"canonical":"https:\/\/positiveprints.com\/sv\/produkt\/digital-koordinatkonst\/","og_locale":"sv_SE","og_type":"article","og_title":"Digital koordinatkonst","og_description":"Skapa ett unikt konstverk med de exakta koordinaterna f\u00f6r vilken plats som helst p\u00e5 planeten och ta med dig minnena hem till ditt hus Tillg\u00e4nglig omedelbart efter k\u00f6pet Kan skrivas ut i valfritt format JPEG-filer av h\u00f6g kvalitet i 300dpi Se resultatet direkt \u2013 den interaktiva f\u00f6rhandsvisningen l\u00e5ter dig finjustera varje detalj","og_url":"https:\/\/positiveprints.com\/sv\/produkt\/digital-koordinatkonst\/","og_site_name":"Positive Prints","article_publisher":"https:\/\/www.facebook.com\/positiveprintscom","article_modified_time":"2026-04-28T13:35:15+00:00","og_image":[{"width":1080,"height":1080,"url":"https:\/\/positiveprints.com\/wp-content\/uploads\/2021\/07\/coordinates-gift-1.jpg","type":"image\/jpeg"}],"twitter_card":"summary_large_image","schema":{"@context":"https:\/\/schema.org","@graph":[{"@type":["WebPage","ItemPage"],"@id":"https:\/\/positiveprints.com\/sv\/produkt\/digital-koordinatkonst\/","url":"https:\/\/positiveprints.com\/sv\/produkt\/digital-koordinatkonst\/","name":"Digital koordinatkonst - Positive Prints","isPartOf":{"@id":"https:\/\/positiveprints.com\/sv\/#website"},"primaryImageOfPage":{"@id":"https:\/\/positiveprints.com\/sv\/produkt\/digital-koordinatkonst\/#primaryimage"},"image":{"@id":"https:\/\/positiveprints.com\/sv\/produkt\/digital-koordinatkonst\/#primaryimage"},"thumbnailUrl":"https:\/\/positiveprints.com\/wp-content\/uploads\/2021\/07\/coordinates-gift-1.jpg","datePublished":"2022-09-02T09:20:29+00:00","dateModified":"2026-04-28T13:35:15+00:00","description":"Om du letar efter en present i sista minuten - digital koordinatkonst \u00e4r ett perfekt val! Tillg\u00e4nglig omedelbart efter k\u00f6pet.","breadcrumb":{"@id":"https:\/\/positiveprints.com\/sv\/produkt\/digital-koordinatkonst\/#breadcrumb"},"inLanguage":"sv-SE","potentialAction":[{"@type":"ReadAction","target":["https:\/\/positiveprints.com\/sv\/produkt\/digital-koordinatkonst\/"]}]},{"@type":"ImageObject","inLanguage":"sv-SE","@id":"https:\/\/positiveprints.com\/sv\/produkt\/digital-koordinatkonst\/#primaryimage","url":"https:\/\/positiveprints.com\/wp-content\/uploads\/2021\/07\/coordinates-gift-1.jpg","contentUrl":"https:\/\/positiveprints.com\/wp-content\/uploads\/2021\/07\/coordinates-gift-1.jpg","width":1080,"height":1080,"caption":"Turn your memories into coordinates wall art"},{"@type":"BreadcrumbList","@id":"https:\/\/positiveprints.com\/sv\/produkt\/digital-koordinatkonst\/#breadcrumb","itemListElement":[{"@type":"ListItem","position":1,"name":"Home","item":"https:\/\/positiveprints.com\/sv\/"},{"@type":"ListItem","position":2,"name":"Produkter","item":"https:\/\/positiveprints.com\/sv\/shop\/"},{"@type":"ListItem","position":3,"name":"Digital koordinatkonst"}]},{"@type":"WebSite","@id":"https:\/\/positiveprints.com\/sv\/#website","url":"https:\/\/positiveprints.com\/sv\/","name":"Positive Prints","description":"Amazing Custom Personalized Gifts","publisher":{"@id":"https:\/\/positiveprints.com\/sv\/#organization"},"potentialAction":[{"@type":"SearchAction","target":{"@type":"EntryPoint","urlTemplate":"https:\/\/positiveprints.com\/sv\/?s={search_term_string}"},"query-input":{"@type":"PropertyValueSpecification","valueRequired":true,"valueName":"search_term_string"}}],"inLanguage":"sv-SE"},{"@type":"Organization","@id":"https:\/\/positiveprints.com\/sv\/#organization","name":"Positive Prints","alternateName":"Positive Prints","url":"https:\/\/positiveprints.com\/sv\/","logo":{"@type":"ImageObject","inLanguage":"sv-SE","@id":"https:\/\/positiveprints.com\/sv\/#\/schema\/logo\/image\/","url":"https:\/\/positiveprints.com\/wp-content\/uploads\/2026\/03\/245815646_1337939713319158_5671353136411139666_n.png","contentUrl":"https:\/\/positiveprints.com\/wp-content\/uploads\/2026\/03\/245815646_1337939713319158_5671353136411139666_n.png","width":800,"height":800,"caption":"Positive Prints"},"image":{"@id":"https:\/\/positiveprints.com\/sv\/#\/schema\/logo\/image\/"},"sameAs":["https:\/\/www.facebook.com\/positiveprintscom","https:\/\/www.instagram.com\/positiveprintscom\/","https:\/\/www.tiktok.com\/@positiveprintscom","https:\/\/www.pinterest.com\/positiveprintscom\/"]}]}},"jetpack_sharing_enabled":true,"_links":{"self":[{"href":"https:\/\/positiveprints.com\/sv\/wp-json\/wp\/v2\/product\/356770","targetHints":{"allow":["GET"]}}],"collection":[{"href":"https:\/\/positiveprints.com\/sv\/wp-json\/wp\/v2\/product"}],"about":[{"href":"https:\/\/positiveprints.com\/sv\/wp-json\/wp\/v2\/types\/product"}],"wp:featuredmedia":[{"embeddable":true,"href":"https:\/\/positiveprints.com\/sv\/wp-json\/wp\/v2\/media\/197666"}],"wp:attachment":[{"href":"https:\/\/positiveprints.com\/sv\/wp-json\/wp\/v2\/media?parent=356770"}],"wp:term":[{"taxonomy":"product_brand","embeddable":true,"href":"https:\/\/positiveprints.com\/sv\/wp-json\/wp\/v2\/product_brand?post=356770"},{"taxonomy":"product_cat","embeddable":true,"href":"https:\/\/positiveprints.com\/sv\/wp-json\/wp\/v2\/product_cat?post=356770"},{"taxonomy":"product_tag","embeddable":true,"href":"https:\/\/positiveprints.com\/sv\/wp-json\/wp\/v2\/product_tag?post=356770"}],"curies":[{"name":"wp","href":"https:\/\/api.w.org\/{rel}","templated":true}]}}