{"id":324631,"date":"2022-06-30T11:20:57","date_gmt":"2022-06-30T10:20:57","guid":{"rendered":"https:\/\/positiveprints.com\/product\/photo-wall-art\/"},"modified":"2026-04-18T06:57:18","modified_gmt":"2026-04-18T05:57:18","slug":"photo-wall-art","status":"publish","type":"product","link":"https:\/\/positiveprints.com\/sv\/produkt\/photo-wall-art\/","title":{"rendered":"Personlig fotokonst p\u00e5 v\u00e4ggen"},"content":{"rendered":"<p>Fotopresenter f\u00e5ngar dina mest v\u00e4rdefulla minnen s\u00e5 att du kan njuta av dem hela livet. Skapa din egen personliga fotov\u00e4ggkonst och dela k\u00e4rleken!<\/p>\r\n\r\n<h2 class=\"grenB f24 cblue\" style=\"margin-top: 3rem\">Varf\u00f6r ge personlig fotokonst p\u00e5 v\u00e4ggen?<\/h2>\r\n\r\n<p style=\"margin-top: 1rem\">Alla dessa ov\u00e4rderliga bilder p\u00e5 din telefon \u00e4r \u00f6gonblick av ett v\u00e4l levt liv. Det \u00e4r otroligt vad ett foto kan g\u00f6ra f\u00f6r att utl\u00f6sa alla dina v\u00e4rdefulla minnen och ta dig tillbaka till n\u00e5gra av livets lyckligaste stunder. Dela dessa \u00f6gonblick med dem du \u00e4lskar genom att f\u00f6rvandla dina v\u00e4rdefulla foton till personlig v\u00e4ggkonst. <\/p>\r\n\r\n<p style=\"margin-top: 1rem\">V\u00e4ggkonst ber\u00e4ttar en historia f\u00f6r alla som ser den. Den \u00e4r en \u00e5terspegling av en persons utrymme och hj\u00e4lper till att dela med sig av den unika historien. H\u00f6gklassig fotokonst kan f\u00f6ras vidare i generationer och hj\u00e4lper till att bevara familjeminnen, historier och ber\u00e4ttelser som h\u00e5ller magin vid liv.<\/p>\r\n\r\n<h2 class=\"grenB f24 cblue\" style=\"margin-top: 3rem\">Hur det fungerar<\/h2>\r\n\r\n<p style=\"margin-top: 1rem\">V\u00e5r enkla redigeringsprogramvara hj\u00e4lper dig att f\u00f6rvandla vilket foto som helst till ett konstverk &#8211; s\u00e5 enkelt som 1, 2, 3! Ladda upp din bild, l\u00e4gg till text och v\u00e4lj bildstorlek och andra detaljer. V\u00e5r redigerare \u00e4r intuitiv och anv\u00e4ndarv\u00e4nlig och uppdateras i realtid s\u00e5 att du kan se dina fotog\u00e5vor komma till liv. <\/p>\r\n\r\n<p style=\"margin-top: 1rem\">V\u00e4lj mellan olika vanliga storlekar som alla \u00e4r tryckta p\u00e5 material av h\u00f6gsta kvalitet och redo att ge bort som g\u00e5va. V\u00e4lj mellan affischutskrifter eller fotoutskrifter p\u00e5 duk, eller v\u00e4lj en digital fil som du kan ladda ner och skriva ut lokalt. Alla v\u00e5ra personliga fotov\u00e4ggkonstg\u00e5vor skickas till hela v\u00e4rlden. <\/p>\r\n\r\n<h2 class=\"grenB f24 cblue\" style=\"margin-top: 3rem\">Inspirera dina fotopresenter med personliga prints<\/h2>\r\n\r\n<p style=\"margin-top: 1rem\">Det finns inget b\u00e4ttre \u00e4n att ge (eller ta emot!) en skr\u00e4ddarsydd fotopresent. Det kr\u00e4ver lite extra tankeverksamhet och anstr\u00e4ngning, men effekten \u00e4r alltid v\u00e4l v\u00e4rd det. <\/p>\r\n\r\n<p style=\"margin-top: 1rem\">P\u00e5 Positive Prints g\u00f6r vi det enklare \u00e4n n\u00e5gonsin att skapa och dela personlig fotokonst p\u00e5 v\u00e4ggen genom att g\u00f6ra det mesta av det tunga arbetet \u00e5t dig. Det \u00e4r en verkligt skr\u00e4ddarsydd g\u00e5va som dina n\u00e4ra och k\u00e4ra kommer att uppskatta i m\u00e5nga \u00e5r. Kom ig\u00e5ng h\u00e4r! <\/p>","protected":false},"excerpt":{"rendered":"<ul class=\"check-list\">\n<li>F\u00f6rvandla dina foton till personliga g\u00e5vor<\/li>\n<li>L\u00e4gg till text\u00f6verl\u00e4gg f\u00f6r att g\u00f6ra varje g\u00e5va speciell och meningsfull<\/li>\n<li>Anpassa i 3 enkla steg<\/li>\n<li>Se resultatet direkt \u2013 den interaktiva f\u00f6rhandsvisningen l\u00e5ter dig finjustera varje detalj<\/li>\n<\/ul>\n","protected":false},"featured_media":1553077,"template":"","meta":[],"product_brand":[],"product_cat":[15116,9031,8147,7503],"product_tag":[8397,15012,13815],"class_list":{"0":"post-324631","1":"product","2":"type-product","3":"status-publish","4":"has-post-thumbnail","6":"product_cat-bestsellers-menu-sv","7":"product_cat-digitala-produkter","8":"product_cat-creators-sv","9":"product_cat-foto-sv","10":"product_tag-creators-sv","11":"product_tag-custom-photo-sv","12":"product_tag-personlig-fotoposter","14":"first","15":"instock","16":"sale","17":"taxable","18":"shipping-taxable","19":"purchasable","20":"product-type-variable"},"yoast_head":"<!-- This site is optimized with the Yoast SEO Premium plugin v27.2 (Yoast SEO v27.2) - https:\/\/yoast.com\/product\/yoast-seo-premium-wordpress\/ -->\n<title>Photo Wall Art - Personalized Photo Gift - Positive Prints<\/title>\n<meta name=\"description\" content=\"Personlig fotokonst p\u00e5 v\u00e4ggen \u00e4r en perfekt g\u00e5va till dina n\u00e4ra och k\u00e4ra. F\u00f6rvandla dina foton till g\u00e5vor med personliga utskrifter - det \u00e4r s\u00e5 enkelt som 1, 2, 3!\" \/>\n<meta name=\"robots\" content=\"index, follow, max-snippet:-1, max-image-preview:large, max-video-preview:-1\" \/>\n<link rel=\"canonical\" href=\"https:\/\/positiveprints.com\/sv\/produkt\/photo-wall-art\/\" \/>\n<meta property=\"og:locale\" content=\"sv_SE\" \/>\n<meta property=\"og:type\" content=\"article\" \/>\n<meta property=\"og:title\" content=\"Personlig fotokonst p\u00e5 v\u00e4ggen\" \/>\n<meta property=\"og:description\" content=\"F\u00f6rvandla dina foton till personliga g\u00e5vor L\u00e4gg till text\u00f6verl\u00e4gg f\u00f6r att g\u00f6ra varje g\u00e5va speciell och meningsfull Anpassa i 3 enkla steg Se resultatet direkt \u2013 den interaktiva f\u00f6rhandsvisningen l\u00e5ter dig finjustera varje detalj\" \/>\n<meta property=\"og:url\" content=\"https:\/\/positiveprints.com\/sv\/produkt\/photo-wall-art\/\" \/>\n<meta property=\"og:site_name\" content=\"Positive Prints\" \/>\n<meta property=\"article:publisher\" content=\"https:\/\/www.facebook.com\/positiveprintscom\" \/>\n<meta property=\"article:modified_time\" content=\"2026-04-18T05:57:18+00:00\" \/>\n<meta property=\"og:image\" content=\"https:\/\/positiveprints.com\/wp-content\/uploads\/2022\/06\/photo-wall-art.jpg\" \/>\n\t<meta property=\"og:image:width\" content=\"1080\" \/>\n\t<meta property=\"og:image:height\" content=\"1080\" \/>\n\t<meta property=\"og:image:type\" content=\"image\/jpeg\" \/>\n<meta name=\"twitter:card\" content=\"summary_large_image\" \/>\n<meta name=\"twitter:label1\" content=\"Ber\u00e4knad l\u00e4stid\" \/>\n\t<meta name=\"twitter:data1\" content=\"2 minut\" \/>\n<!-- \/ Yoast SEO Premium plugin. -->","yoast_head_json":{"title":"Photo Wall Art - Personalized Photo Gift - Positive Prints","description":"Personlig fotokonst p\u00e5 v\u00e4ggen \u00e4r en perfekt g\u00e5va till dina n\u00e4ra och k\u00e4ra. F\u00f6rvandla dina foton till g\u00e5vor med personliga utskrifter - det \u00e4r s\u00e5 enkelt som 1, 2, 3!","robots":{"index":"index","follow":"follow","max-snippet":"max-snippet:-1","max-image-preview":"max-image-preview:large","max-video-preview":"max-video-preview:-1"},"canonical":"https:\/\/positiveprints.com\/sv\/produkt\/photo-wall-art\/","og_locale":"sv_SE","og_type":"article","og_title":"Personlig fotokonst p\u00e5 v\u00e4ggen","og_description":"F\u00f6rvandla dina foton till personliga g\u00e5vor L\u00e4gg till text\u00f6verl\u00e4gg f\u00f6r att g\u00f6ra varje g\u00e5va speciell och meningsfull Anpassa i 3 enkla steg Se resultatet direkt \u2013 den interaktiva f\u00f6rhandsvisningen l\u00e5ter dig finjustera varje detalj","og_url":"https:\/\/positiveprints.com\/sv\/produkt\/photo-wall-art\/","og_site_name":"Positive Prints","article_publisher":"https:\/\/www.facebook.com\/positiveprintscom","article_modified_time":"2026-04-18T05:57:18+00:00","og_image":[{"width":1080,"height":1080,"url":"https:\/\/positiveprints.com\/wp-content\/uploads\/2022\/06\/photo-wall-art.jpg","type":"image\/jpeg"}],"twitter_card":"summary_large_image","twitter_misc":{"Ber\u00e4knad l\u00e4stid":"2 minut"},"schema":{"@context":"https:\/\/schema.org","@graph":[{"@type":["WebPage","ItemPage"],"@id":"https:\/\/positiveprints.com\/sv\/produkt\/photo-wall-art\/","url":"https:\/\/positiveprints.com\/sv\/produkt\/photo-wall-art\/","name":"Photo Wall Art - Personalized Photo Gift - Positive Prints","isPartOf":{"@id":"https:\/\/positiveprints.com\/sv\/#website"},"primaryImageOfPage":{"@id":"https:\/\/positiveprints.com\/sv\/produkt\/photo-wall-art\/#primaryimage"},"image":{"@id":"https:\/\/positiveprints.com\/sv\/produkt\/photo-wall-art\/#primaryimage"},"thumbnailUrl":"https:\/\/positiveprints.com\/wp-content\/uploads\/2025\/10\/Photo-Wall-Art-7.webp","datePublished":"2022-06-30T10:20:57+00:00","dateModified":"2026-04-18T05:57:18+00:00","description":"Personlig fotokonst p\u00e5 v\u00e4ggen \u00e4r en perfekt g\u00e5va till dina n\u00e4ra och k\u00e4ra. F\u00f6rvandla dina foton till g\u00e5vor med personliga utskrifter - det \u00e4r s\u00e5 enkelt som 1, 2, 3!","breadcrumb":{"@id":"https:\/\/positiveprints.com\/sv\/produkt\/photo-wall-art\/#breadcrumb"},"inLanguage":"sv-SE","potentialAction":[{"@type":"ReadAction","target":["https:\/\/positiveprints.com\/sv\/produkt\/photo-wall-art\/"]}]},{"@type":"ImageObject","inLanguage":"sv-SE","@id":"https:\/\/positiveprints.com\/sv\/produkt\/photo-wall-art\/#primaryimage","url":"https:\/\/positiveprints.com\/wp-content\/uploads\/2025\/10\/Photo-Wall-Art-7.webp","contentUrl":"https:\/\/positiveprints.com\/wp-content\/uploads\/2025\/10\/Photo-Wall-Art-7.webp","width":1450,"height":1450},{"@type":"BreadcrumbList","@id":"https:\/\/positiveprints.com\/sv\/produkt\/photo-wall-art\/#breadcrumb","itemListElement":[{"@type":"ListItem","position":1,"name":"Home","item":"https:\/\/positiveprints.com\/sv\/"},{"@type":"ListItem","position":2,"name":"Produkter","item":"https:\/\/positiveprints.com\/sv\/shop\/"},{"@type":"ListItem","position":3,"name":"Personlig fotokonst p\u00e5 v\u00e4ggen"}]},{"@type":"WebSite","@id":"https:\/\/positiveprints.com\/sv\/#website","url":"https:\/\/positiveprints.com\/sv\/","name":"Positive Prints","description":"Amazing Custom Personalized Gifts","publisher":{"@id":"https:\/\/positiveprints.com\/sv\/#organization"},"potentialAction":[{"@type":"SearchAction","target":{"@type":"EntryPoint","urlTemplate":"https:\/\/positiveprints.com\/sv\/?s={search_term_string}"},"query-input":{"@type":"PropertyValueSpecification","valueRequired":true,"valueName":"search_term_string"}}],"inLanguage":"sv-SE"},{"@type":"Organization","@id":"https:\/\/positiveprints.com\/sv\/#organization","name":"Positive Prints","alternateName":"Positive Prints","url":"https:\/\/positiveprints.com\/sv\/","logo":{"@type":"ImageObject","inLanguage":"sv-SE","@id":"https:\/\/positiveprints.com\/sv\/#\/schema\/logo\/image\/","url":"https:\/\/positiveprints.com\/wp-content\/uploads\/2026\/03\/245815646_1337939713319158_5671353136411139666_n.png","contentUrl":"https:\/\/positiveprints.com\/wp-content\/uploads\/2026\/03\/245815646_1337939713319158_5671353136411139666_n.png","width":800,"height":800,"caption":"Positive Prints"},"image":{"@id":"https:\/\/positiveprints.com\/sv\/#\/schema\/logo\/image\/"},"sameAs":["https:\/\/www.facebook.com\/positiveprintscom","https:\/\/www.instagram.com\/positiveprintscom\/","https:\/\/www.tiktok.com\/@positiveprintscom","https:\/\/www.pinterest.com\/positiveprintscom\/"]}]}},"jetpack_sharing_enabled":true,"_links":{"self":[{"href":"https:\/\/positiveprints.com\/sv\/wp-json\/wp\/v2\/product\/324631","targetHints":{"allow":["GET"]}}],"collection":[{"href":"https:\/\/positiveprints.com\/sv\/wp-json\/wp\/v2\/product"}],"about":[{"href":"https:\/\/positiveprints.com\/sv\/wp-json\/wp\/v2\/types\/product"}],"wp:featuredmedia":[{"embeddable":true,"href":"https:\/\/positiveprints.com\/sv\/wp-json\/wp\/v2\/media\/1553077"}],"wp:attachment":[{"href":"https:\/\/positiveprints.com\/sv\/wp-json\/wp\/v2\/media?parent=324631"}],"wp:term":[{"taxonomy":"product_brand","embeddable":true,"href":"https:\/\/positiveprints.com\/sv\/wp-json\/wp\/v2\/product_brand?post=324631"},{"taxonomy":"product_cat","embeddable":true,"href":"https:\/\/positiveprints.com\/sv\/wp-json\/wp\/v2\/product_cat?post=324631"},{"taxonomy":"product_tag","embeddable":true,"href":"https:\/\/positiveprints.com\/sv\/wp-json\/wp\/v2\/product_tag?post=324631"}],"curies":[{"name":"wp","href":"https:\/\/api.w.org\/{rel}","templated":true}]}}