{"id":318431,"date":"2022-06-30T11:14:45","date_gmt":"2022-06-30T10:14:45","guid":{"rendered":"https:\/\/positiveprints.com\/product\/soundwave-art\/"},"modified":"2026-04-18T06:58:50","modified_gmt":"2026-04-18T05:58:50","slug":"ljudvagskonst","status":"publish","type":"product","link":"https:\/\/positiveprints.com\/sv\/produkt\/ljudvagskonst\/","title":{"rendered":"Ljudv\u00e5gskonst"},"content":{"rendered":"<p>V\u00e5r ljudv\u00e5gskonst l\u00e5ter dig f\u00e5nga ett ljud som du spelar in och sedan anpassa detta till visuellt konstverk. Ladda upp ditt ljud, v\u00e4lj din design s\u00e5 sk\u00f6ter vi resten!<\/p>\r\n\r\n\r\n\r\n<h2 class=\"grenB f24 cblue\" style=\"margin-top: 3rem\">Vad \u00e4r ljudv\u00e5gskonst?<\/h2>\r\n\r\n\r\n\r\n<p style=\"margin-top: 1rem\">Varje r\u00f6st och varje ljud har ett unikt m\u00f6nster. Vi ser s\u00e5klart inte det h\u00e4r m\u00f6nstret n\u00e4r vi talar eller lyssnar. Men med r\u00e4tt teknik kan du visualisera ljudv\u00e5gorna som utg\u00f6r dina ord.<\/p>\r\n\r\n\r\n\r\n<p style=\"margin-top: 1rem\">Vi f\u00e5ngar dessa ljudv\u00e5gor i v\u00e5r ljudv\u00e5gskonst, nu tillg\u00e4nglig fr\u00e5n Positive Prints. V\u00e5r ljudredigerare anv\u00e4nder en ljudfil som du v\u00e4ljer och l\u00e4gger sedan till en visuell dimension till ljudet f\u00f6r att f\u00f6rvandla det till ett konstverk. <\/p>\r\n\r\n\r\n\r\n<h2 class=\"grenB f24 cblue\" style=\"margin-top: 3rem\">Varf\u00f6r skapa ljudv\u00e5gskonst?<\/h2>\r\n\r\n\r\n\r\n<p style=\"margin-top: 1rem\">N\u00e5gra av v\u00e5ra mest v\u00e4rdefulla minnen \u00e4r de vi bara kan h\u00f6ra: De f\u00f6rsta orden fr\u00e5n ditt barn. De sista orden fr\u00e5n en \u00e4lskad. \u00d6gonblicket du sa \u201cJag tager dig\u201d. Din favoritl\u00e5t. Alla dessa minnen \u00e4r oers\u00e4ttliga och f\u00f6rtj\u00e4nar att f\u00f6revigas i tiden. \r\n\r\n\r\n\r\n<p style=\"margin-top: 1rem\">Det \u00e4r d\u00e4rf\u00f6r vi skapade v\u00e5r ljudv\u00e5gskonst-redigerare. Vi vill att du ska kunna uppleva de viktigaste ljuden i ditt liv n\u00e4r och hur du \u00e4n \u00f6nskar. N\u00e4r du f\u00f6rvandlar ett ljudklipp till v\u00e4ggkonst, kommer du att p\u00e5minnas om de viktiga orden varje g\u00e5ng du tittar p\u00e5 dem. Det \u00e4r ett konstverk som inte liknar n\u00e5got annat, ett du kommer att v\u00e4rna om hela livet.<\/p>\r\n\r\n\r\n\r\n<h2 class=\"grenB f24 cblue\" style=\"margin-top: 3rem\">Den perfekta presenten f\u00f6r alla tillf\u00e4llen<\/h2>\r\n\r\n\r\n\r\n<p style=\"margin-top: 1rem\">V\u00e5ra kunder v\u00e4ljer v\u00e5r ljudv\u00e5gskonst av m\u00e5nga anledningar, men v\u00e5ra tryck anv\u00e4nds oftast f\u00f6r att ge bort till n\u00e5gon annan. \u00d6verraska din sambo med ljudv\u00e5gorna av texter till en speciell l\u00e5t eller citat. Spela in ditt barns hj\u00e4rtslag och skapa en unik present till nya f\u00f6r\u00e4ldrar. F\u00f6rvandla ett inspirerande citat till en examenspresent eller en g\u00e5va f\u00f6r n\u00e5gon st\u00f6rre milstolpe i livet.<br><br> En ljudv\u00e5gsbild \u00e4r en perfekt present f\u00f6r alla tillf\u00e4llen, inklusive:<\/p>\r\n\r\n\r\n\r\n<ul>\r\n\r\n<li>F\u00f6delsedagar<\/li>\r\n\r\n<li>Nya f\u00f6r\u00e4ldrar<\/li>\r\n\r\n<li>\u00c5rsdagar<\/li>\r\n\r\n<li>Br\u00f6llop<\/li>\r\n\r\n<li>F\u00f6rlovningar<\/li>\r\n\r\n<li>H\u00f6gtider<\/li>\r\n\r\n<li>Nya jobb<\/li>\r\n\r\n<li>Pensioneringar<\/li>\r\n\r\n<\/ul>\r\n\r\n\r\n\r\n<p style=\"margin-top: 1rem\">Om det \u00e4r v\u00e4rt att fira, d\u00e5 \u00e4r det v\u00e4rt att fira med stil. Anpassad ljudv\u00e5gskonst l\u00e5ter dig ge en present som \u00e4r lika unik som din mottagare. Det blir helt ov\u00e4ntat, och det kommer att betyda s\u00e5 mycket mer f\u00f6r dem \u00e4n n\u00e5got du hittar i en butik. Potentialen f\u00f6r ljudv\u00e5gskonst \u00e4r o\u00e4ndlig!<\/p>\r\n\r\n \r\n\r\n<h2 class=\"grenB f24 cblue\" style=\"margin-top: 3rem\">Skapa din ljudv\u00e5gskonst att h\u00e4nga p\u00e5 v\u00e4ggen nu<\/h2>\r\n\r\n\r\n\r\n<p style=\"margin-top: 1rem\">\u00c4r du redo att f\u00f6rvandla dina favoritljud till anpassad konst? Positive Prints g\u00f6r det mesta av jobbet \u00e5t dig med v\u00e5r helt nya ljudv\u00e5gsredigerare. Ladda bara upp ditt ljud eller hitta din favoritl\u00e5t p\u00e5 Spotify. V\u00e4lj sedan detaljerna i din design, s\u00e5 tar vi hand om resten!<\/p>\r\n\r\n\r\n\r\n<p style=\"margin-top: 1rem\">Kom ig\u00e5ng h\u00e4r och njut av ett vackert konstverk gjort just f\u00f6r dig!<\/p>","protected":false},"excerpt":{"rendered":"<ul class=\"check-list\">\n<li>Ladda bara upp en ljudfil<\/li>\n<li>L\u00e4gg till en QR-kod och skanna den f\u00f6r att spela upp din favoritl\u00e5t<\/li>\n<li>Anpassa i 3 enkla steg<\/li>\n<li>V\u00e4lj en mall eller var kreativ<\/li>\n<\/ul>\n","protected":false},"featured_media":1277149,"template":"","meta":[],"product_brand":[],"product_cat":[15116,9031,7459,8147,11582,11602,11583,11579,11585,11580,11581,7487],"product_tag":[8397],"class_list":{"0":"post-318431","1":"product","2":"type-product","3":"status-publish","4":"has-post-thumbnail","6":"product_cat-bestsellers-menu-sv","7":"product_cat-digitala-produkter","8":"product_cat-alla-produkter","9":"product_cat-creators-sv","10":"product_cat-10-arsjubileum","11":"product_cat-50-arsjubileum","12":"product_cat-15-arsjubileum","13":"product_cat-1-arsjubileum","14":"product_cat-20-arsjubileum","15":"product_cat-2-arsjubileum","16":"product_cat-5-arsjubileum","17":"product_cat-soundwave-sv","18":"product_tag-creators-sv","20":"first","21":"instock","22":"sale","23":"taxable","24":"shipping-taxable","25":"purchasable","26":"product-type-variable"},"yoast_head":"<!-- This site is optimized with the Yoast SEO Premium plugin v27.2 (Yoast SEO v27.2) - https:\/\/yoast.com\/product\/yoast-seo-premium-wordpress\/ -->\n<title>Soundwave Art - Positive Prints<\/title>\n<meta name=\"description\" content=\"V\u00e5r ljudv\u00e5gskonst l\u00e5ter dig f\u00e5nga ett ljud som du spelar in och sedan anpassa detta till visuellt konstverk. Ladda upp ditt ljud, v\u00e4lj din design s\u00e5 sk\u00f6ter vi resten!\" \/>\n<meta name=\"robots\" content=\"index, follow, max-snippet:-1, max-image-preview:large, max-video-preview:-1\" \/>\n<link rel=\"canonical\" href=\"https:\/\/positiveprints.com\/sv\/produkt\/ljudvagskonst\/\" \/>\n<meta property=\"og:locale\" content=\"sv_SE\" \/>\n<meta property=\"og:type\" content=\"article\" \/>\n<meta property=\"og:title\" content=\"Ljudv\u00e5gskonst\" \/>\n<meta property=\"og:description\" content=\"Ladda bara upp en ljudfil  L\u00e4gg till en QR-kod och skanna den f\u00f6r att spela upp din favoritl\u00e5t  Anpassa i 3 enkla steg  V\u00e4lj en mall eller var kreativ\" \/>\n<meta property=\"og:url\" content=\"https:\/\/positiveprints.com\/sv\/produkt\/ljudvagskonst\/\" \/>\n<meta property=\"og:site_name\" content=\"Positive Prints\" \/>\n<meta property=\"article:publisher\" content=\"https:\/\/www.facebook.com\/positiveprintscom\" \/>\n<meta property=\"article:modified_time\" content=\"2026-04-18T05:58:50+00:00\" \/>\n<meta property=\"og:image\" content=\"https:\/\/positiveprints.com\/wp-content\/uploads\/2024\/11\/Packshot_SE_Soundwave-Art-product-image-.webp\" \/>\n\t<meta property=\"og:image:width\" content=\"1450\" \/>\n\t<meta property=\"og:image:height\" content=\"1450\" \/>\n\t<meta property=\"og:image:type\" content=\"image\/webp\" \/>\n<meta name=\"twitter:card\" content=\"summary_large_image\" \/>\n<meta name=\"twitter:label1\" content=\"Ber\u00e4knad l\u00e4stid\" \/>\n\t<meta name=\"twitter:data1\" content=\"3 minut\" \/>\n<!-- \/ Yoast SEO Premium plugin. -->","yoast_head_json":{"title":"Soundwave Art - Positive Prints","description":"V\u00e5r ljudv\u00e5gskonst l\u00e5ter dig f\u00e5nga ett ljud som du spelar in och sedan anpassa detta till visuellt konstverk. Ladda upp ditt ljud, v\u00e4lj din design s\u00e5 sk\u00f6ter vi resten!","robots":{"index":"index","follow":"follow","max-snippet":"max-snippet:-1","max-image-preview":"max-image-preview:large","max-video-preview":"max-video-preview:-1"},"canonical":"https:\/\/positiveprints.com\/sv\/produkt\/ljudvagskonst\/","og_locale":"sv_SE","og_type":"article","og_title":"Ljudv\u00e5gskonst","og_description":"Ladda bara upp en ljudfil  L\u00e4gg till en QR-kod och skanna den f\u00f6r att spela upp din favoritl\u00e5t  Anpassa i 3 enkla steg  V\u00e4lj en mall eller var kreativ","og_url":"https:\/\/positiveprints.com\/sv\/produkt\/ljudvagskonst\/","og_site_name":"Positive Prints","article_publisher":"https:\/\/www.facebook.com\/positiveprintscom","article_modified_time":"2026-04-18T05:58:50+00:00","og_image":[{"width":1450,"height":1450,"url":"https:\/\/positiveprints.com\/wp-content\/uploads\/2024\/11\/Packshot_SE_Soundwave-Art-product-image-.webp","type":"image\/webp"}],"twitter_card":"summary_large_image","twitter_misc":{"Ber\u00e4knad l\u00e4stid":"3 minut"},"schema":{"@context":"https:\/\/schema.org","@graph":[{"@type":["WebPage","ItemPage"],"@id":"https:\/\/positiveprints.com\/sv\/produkt\/ljudvagskonst\/","url":"https:\/\/positiveprints.com\/sv\/produkt\/ljudvagskonst\/","name":"Soundwave Art - Positive Prints","isPartOf":{"@id":"https:\/\/positiveprints.com\/sv\/#website"},"primaryImageOfPage":{"@id":"https:\/\/positiveprints.com\/sv\/produkt\/ljudvagskonst\/#primaryimage"},"image":{"@id":"https:\/\/positiveprints.com\/sv\/produkt\/ljudvagskonst\/#primaryimage"},"thumbnailUrl":"https:\/\/positiveprints.com\/wp-content\/uploads\/2024\/11\/Packshot_SE_Soundwave-Art-product-image-.webp","datePublished":"2022-06-30T10:14:45+00:00","dateModified":"2026-04-18T05:58:50+00:00","description":"V\u00e5r ljudv\u00e5gskonst l\u00e5ter dig f\u00e5nga ett ljud som du spelar in och sedan anpassa detta till visuellt konstverk. Ladda upp ditt ljud, v\u00e4lj din design s\u00e5 sk\u00f6ter vi resten!","breadcrumb":{"@id":"https:\/\/positiveprints.com\/sv\/produkt\/ljudvagskonst\/#breadcrumb"},"inLanguage":"sv-SE","potentialAction":[{"@type":"ReadAction","target":["https:\/\/positiveprints.com\/sv\/produkt\/ljudvagskonst\/"]}]},{"@type":"ImageObject","inLanguage":"sv-SE","@id":"https:\/\/positiveprints.com\/sv\/produkt\/ljudvagskonst\/#primaryimage","url":"https:\/\/positiveprints.com\/wp-content\/uploads\/2024\/11\/Packshot_SE_Soundwave-Art-product-image-.webp","contentUrl":"https:\/\/positiveprints.com\/wp-content\/uploads\/2024\/11\/Packshot_SE_Soundwave-Art-product-image-.webp","width":1450,"height":1450},{"@type":"BreadcrumbList","@id":"https:\/\/positiveprints.com\/sv\/produkt\/ljudvagskonst\/#breadcrumb","itemListElement":[{"@type":"ListItem","position":1,"name":"Home","item":"https:\/\/positiveprints.com\/sv\/"},{"@type":"ListItem","position":2,"name":"Produkter","item":"https:\/\/positiveprints.com\/sv\/shop\/"},{"@type":"ListItem","position":3,"name":"Ljudv\u00e5gskonst"}]},{"@type":"WebSite","@id":"https:\/\/positiveprints.com\/sv\/#website","url":"https:\/\/positiveprints.com\/sv\/","name":"Positive Prints","description":"Amazing Custom Personalized Gifts","publisher":{"@id":"https:\/\/positiveprints.com\/sv\/#organization"},"potentialAction":[{"@type":"SearchAction","target":{"@type":"EntryPoint","urlTemplate":"https:\/\/positiveprints.com\/sv\/?s={search_term_string}"},"query-input":{"@type":"PropertyValueSpecification","valueRequired":true,"valueName":"search_term_string"}}],"inLanguage":"sv-SE"},{"@type":"Organization","@id":"https:\/\/positiveprints.com\/sv\/#organization","name":"Positive Prints","alternateName":"Positive Prints","url":"https:\/\/positiveprints.com\/sv\/","logo":{"@type":"ImageObject","inLanguage":"sv-SE","@id":"https:\/\/positiveprints.com\/sv\/#\/schema\/logo\/image\/","url":"https:\/\/positiveprints.com\/wp-content\/uploads\/2026\/03\/245815646_1337939713319158_5671353136411139666_n.png","contentUrl":"https:\/\/positiveprints.com\/wp-content\/uploads\/2026\/03\/245815646_1337939713319158_5671353136411139666_n.png","width":800,"height":800,"caption":"Positive Prints"},"image":{"@id":"https:\/\/positiveprints.com\/sv\/#\/schema\/logo\/image\/"},"sameAs":["https:\/\/www.facebook.com\/positiveprintscom","https:\/\/www.instagram.com\/positiveprintscom\/","https:\/\/www.tiktok.com\/@positiveprintscom","https:\/\/www.pinterest.com\/positiveprintscom\/"]}]}},"jetpack_sharing_enabled":true,"_links":{"self":[{"href":"https:\/\/positiveprints.com\/sv\/wp-json\/wp\/v2\/product\/318431","targetHints":{"allow":["GET"]}}],"collection":[{"href":"https:\/\/positiveprints.com\/sv\/wp-json\/wp\/v2\/product"}],"about":[{"href":"https:\/\/positiveprints.com\/sv\/wp-json\/wp\/v2\/types\/product"}],"wp:featuredmedia":[{"embeddable":true,"href":"https:\/\/positiveprints.com\/sv\/wp-json\/wp\/v2\/media\/1277149"}],"wp:attachment":[{"href":"https:\/\/positiveprints.com\/sv\/wp-json\/wp\/v2\/media?parent=318431"}],"wp:term":[{"taxonomy":"product_brand","embeddable":true,"href":"https:\/\/positiveprints.com\/sv\/wp-json\/wp\/v2\/product_brand?post=318431"},{"taxonomy":"product_cat","embeddable":true,"href":"https:\/\/positiveprints.com\/sv\/wp-json\/wp\/v2\/product_cat?post=318431"},{"taxonomy":"product_tag","embeddable":true,"href":"https:\/\/positiveprints.com\/sv\/wp-json\/wp\/v2\/product_tag?post=318431"}],"curies":[{"name":"wp","href":"https:\/\/api.w.org\/{rel}","templated":true}]}}