{"id":1654424,"date":"2026-02-06T15:11:41","date_gmt":"2026-02-06T14:11:41","guid":{"rendered":"https:\/\/positiveprints.com\/?post_type=product&#038;p=1654424"},"modified":"2026-04-28T13:11:29","modified_gmt":"2026-04-28T12:11:29","slug":"personligt-portratt-fran-foto","status":"publish","type":"product","link":"https:\/\/positiveprints.com\/sv\/produkt\/personligt-portratt-fran-foto\/","title":{"rendered":"Personligt Portr\u00e4tt fr\u00e5n Foto"},"content":{"rendered":"","protected":false},"excerpt":{"rendered":"<ul class=\"check-list\">\n<li>Ladda upp ditt favoritfoto<\/li>\n<li>2 korrigeringar ing\u00e5r p\u00e5 beg\u00e4ran<\/li>\n<li>Luta dig tillbaka medan v\u00e5ra konstn\u00e4rer skapar ditt m\u00e4sterverk<\/li>\n<li>F\u00e5 din korrektur inom 2\u20133 arbetsdagar<\/li>\n<li>Flera storleksalternativ f\u00f6r tryck<\/li>\n<\/ul>\n","protected":false},"featured_media":1702183,"template":"","meta":[],"product_brand":[],"product_cat":[9031,9184,9767,13595,7459,8147,8117,11221,11222,8108,11470,11471,11474,11466,11468,11467,15061,15046,11476,11464,11469,11463,11477,11472,11475,11473,7806,8116,11251,11252],"product_tag":[16087,8397,16096,15012,16095,16098,16093,16097],"class_list":{"0":"post-1654424","1":"product","2":"type-product","3":"status-publish","4":"has-post-thumbnail","6":"product_cat-digitala-produkter","7":"product_cat-line-art-sv","8":"product_cat-trending-label-sv","9":"product_cat-akvarell","10":"product_cat-alla-produkter","11":"product_cat-creators-sv","12":"product_cat-fodelsedagspresenter-presenttillfallen","13":"product_cat-fodelsedagspresenter-till-henne","14":"product_cat-fodelsedagspresenter-till-honom","15":"product_cat-julpresenter","16":"product_cat-julklappar-till-henne","17":"product_cat-julklappar-till-honom","18":"product_cat-julklappar-till-mamma","19":"product_cat-julklappar-till-pappa","20":"product_cat-julklappar-till-mormor","21":"product_cat-julklappar-till-morfar","22":"product_cat-julklappar-till-familjen","23":"product_cat-julklappar-for-vanner","24":"product_cat-julklappar-till-systern","25":"product_cat-julklappar-till-brodern","26":"product_cat-julklappar-till-flickvannen","27":"product_cat-julklapp-till-pojkvan","28":"product_cat-julklappar-till-frun","29":"product_cat-julklappar-till-maken","30":"product_cat-julklappar-till-foraldrarna","31":"product_cat-julklappar-till-barnen","32":"product_cat-gavor-for-par","33":"product_cat-gava-pa-alla-hjartans-dag","34":"product_cat-alla-hjartans-dag-presenter-for-henne","35":"product_cat-alla-hjartans-dag-presenter-for-honom","36":"product_tag-animals-sv","37":"product_tag-creators-sv","38":"product_tag-custom-dog-gifts-sv","39":"product_tag-custom-photo-sv","40":"product_tag-dog-lover-sv","41":"product_tag-dog-mom-gifts-sv","42":"product_tag-dog-owner-sv","43":"product_tag-gifts-for-dog-owners-sv","45":"first","46":"instock","47":"sale","48":"taxable","49":"shipping-taxable","50":"purchasable","51":"product-type-variable"},"yoast_head":"<!-- This site is optimized with the Yoast SEO Premium plugin v27.2 (Yoast SEO v27.2) - https:\/\/yoast.com\/product\/yoast-seo-premium-wordpress\/ -->\n<title>Personligt Portr\u00e4tt fr\u00e5n Foto - Positive Prints<\/title>\n<meta name=\"description\" content=\"F\u00f6rvandla ditt favoritfoto till ett vackert personligt portr\u00e4tt, tryckt p\u00e5 premium poster eller canvas \u2014 en personlig present f\u00f6r alla och alla tillf\u00e4llen.\" \/>\n<meta name=\"robots\" content=\"index, follow, max-snippet:-1, max-image-preview:large, max-video-preview:-1\" \/>\n<link rel=\"canonical\" href=\"https:\/\/positiveprints.com\/sv\/produkt\/personligt-portratt-fran-foto\/\" \/>\n<meta property=\"og:locale\" content=\"sv_SE\" \/>\n<meta property=\"og:type\" content=\"article\" \/>\n<meta property=\"og:title\" content=\"Personligt Portr\u00e4tt fr\u00e5n Foto\" \/>\n<meta property=\"og:description\" content=\"Ladda upp ditt favoritfoto  2 korrigeringar ing\u00e5r p\u00e5 beg\u00e4ran  Luta dig tillbaka medan v\u00e5ra konstn\u00e4rer skapar ditt m\u00e4sterverk  F\u00e5 din korrektur inom 2\u20133 arbetsdagar  Flera storleksalternativ f\u00f6r tryck\" \/>\n<meta property=\"og:url\" content=\"https:\/\/positiveprints.com\/sv\/produkt\/personligt-portratt-fran-foto\/\" \/>\n<meta property=\"og:site_name\" content=\"Positive Prints\" \/>\n<meta property=\"article:publisher\" content=\"https:\/\/www.facebook.com\/positiveprintscom\" \/>\n<meta property=\"article:modified_time\" content=\"2026-04-28T12:11:29+00:00\" \/>\n<meta property=\"og:image\" content=\"https:\/\/positiveprints.com\/wp-content\/uploads\/2026\/04\/Packshot_EN_XX-Custom-Portrait-from-Photo-watercolor.webp\" \/>\n\t<meta property=\"og:image:width\" content=\"1450\" \/>\n\t<meta property=\"og:image:height\" content=\"1450\" \/>\n\t<meta property=\"og:image:type\" content=\"image\/webp\" \/>\n<meta name=\"twitter:card\" content=\"summary_large_image\" \/>\n<!-- \/ Yoast SEO Premium plugin. -->","yoast_head_json":{"title":"Personligt Portr\u00e4tt fr\u00e5n Foto - Positive Prints","description":"F\u00f6rvandla ditt favoritfoto till ett vackert personligt portr\u00e4tt, tryckt p\u00e5 premium poster eller canvas \u2014 en personlig present f\u00f6r alla och alla tillf\u00e4llen.","robots":{"index":"index","follow":"follow","max-snippet":"max-snippet:-1","max-image-preview":"max-image-preview:large","max-video-preview":"max-video-preview:-1"},"canonical":"https:\/\/positiveprints.com\/sv\/produkt\/personligt-portratt-fran-foto\/","og_locale":"sv_SE","og_type":"article","og_title":"Personligt Portr\u00e4tt fr\u00e5n Foto","og_description":"Ladda upp ditt favoritfoto  2 korrigeringar ing\u00e5r p\u00e5 beg\u00e4ran  Luta dig tillbaka medan v\u00e5ra konstn\u00e4rer skapar ditt m\u00e4sterverk  F\u00e5 din korrektur inom 2\u20133 arbetsdagar  Flera storleksalternativ f\u00f6r tryck","og_url":"https:\/\/positiveprints.com\/sv\/produkt\/personligt-portratt-fran-foto\/","og_site_name":"Positive Prints","article_publisher":"https:\/\/www.facebook.com\/positiveprintscom","article_modified_time":"2026-04-28T12:11:29+00:00","og_image":[{"width":1450,"height":1450,"url":"https:\/\/positiveprints.com\/wp-content\/uploads\/2026\/04\/Packshot_EN_XX-Custom-Portrait-from-Photo-watercolor.webp","type":"image\/webp"}],"twitter_card":"summary_large_image","schema":{"@context":"https:\/\/schema.org","@graph":[{"@type":["WebPage","ItemPage"],"@id":"https:\/\/positiveprints.com\/sv\/produkt\/personligt-portratt-fran-foto\/","url":"https:\/\/positiveprints.com\/sv\/produkt\/personligt-portratt-fran-foto\/","name":"Personligt Portr\u00e4tt fr\u00e5n Foto - Positive Prints","isPartOf":{"@id":"https:\/\/positiveprints.com\/sv\/#website"},"primaryImageOfPage":{"@id":"https:\/\/positiveprints.com\/sv\/produkt\/personligt-portratt-fran-foto\/#primaryimage"},"image":{"@id":"https:\/\/positiveprints.com\/sv\/produkt\/personligt-portratt-fran-foto\/#primaryimage"},"thumbnailUrl":"https:\/\/positiveprints.com\/wp-content\/uploads\/2026\/04\/Packshot_EN_XX-Custom-Portrait-from-Photo-watercolor.webp","datePublished":"2026-02-06T14:11:41+00:00","dateModified":"2026-04-28T12:11:29+00:00","description":"F\u00f6rvandla ditt favoritfoto till ett vackert personligt portr\u00e4tt, tryckt p\u00e5 premium poster eller canvas \u2014 en personlig present f\u00f6r alla och alla tillf\u00e4llen.","breadcrumb":{"@id":"https:\/\/positiveprints.com\/sv\/produkt\/personligt-portratt-fran-foto\/#breadcrumb"},"inLanguage":"sv-SE","potentialAction":[{"@type":"ReadAction","target":["https:\/\/positiveprints.com\/sv\/produkt\/personligt-portratt-fran-foto\/"]}]},{"@type":"ImageObject","inLanguage":"sv-SE","@id":"https:\/\/positiveprints.com\/sv\/produkt\/personligt-portratt-fran-foto\/#primaryimage","url":"https:\/\/positiveprints.com\/wp-content\/uploads\/2026\/04\/Packshot_EN_XX-Custom-Portrait-from-Photo-watercolor.webp","contentUrl":"https:\/\/positiveprints.com\/wp-content\/uploads\/2026\/04\/Packshot_EN_XX-Custom-Portrait-from-Photo-watercolor.webp","width":1450,"height":1450},{"@type":"BreadcrumbList","@id":"https:\/\/positiveprints.com\/sv\/produkt\/personligt-portratt-fran-foto\/#breadcrumb","itemListElement":[{"@type":"ListItem","position":1,"name":"Home","item":"https:\/\/positiveprints.com\/sv\/"},{"@type":"ListItem","position":2,"name":"Produkter","item":"https:\/\/positiveprints.com\/sv\/shop\/"},{"@type":"ListItem","position":3,"name":"Personligt Portr\u00e4tt fr\u00e5n Foto"}]},{"@type":"WebSite","@id":"https:\/\/positiveprints.com\/sv\/#website","url":"https:\/\/positiveprints.com\/sv\/","name":"Positive Prints","description":"Amazing Custom Personalized Gifts","publisher":{"@id":"https:\/\/positiveprints.com\/sv\/#organization"},"potentialAction":[{"@type":"SearchAction","target":{"@type":"EntryPoint","urlTemplate":"https:\/\/positiveprints.com\/sv\/?s={search_term_string}"},"query-input":{"@type":"PropertyValueSpecification","valueRequired":true,"valueName":"search_term_string"}}],"inLanguage":"sv-SE"},{"@type":"Organization","@id":"https:\/\/positiveprints.com\/sv\/#organization","name":"Positive Prints","alternateName":"Positive Prints","url":"https:\/\/positiveprints.com\/sv\/","logo":{"@type":"ImageObject","inLanguage":"sv-SE","@id":"https:\/\/positiveprints.com\/sv\/#\/schema\/logo\/image\/","url":"https:\/\/positiveprints.com\/wp-content\/uploads\/2026\/03\/245815646_1337939713319158_5671353136411139666_n.png","contentUrl":"https:\/\/positiveprints.com\/wp-content\/uploads\/2026\/03\/245815646_1337939713319158_5671353136411139666_n.png","width":800,"height":800,"caption":"Positive Prints"},"image":{"@id":"https:\/\/positiveprints.com\/sv\/#\/schema\/logo\/image\/"},"sameAs":["https:\/\/www.facebook.com\/positiveprintscom","https:\/\/www.instagram.com\/positiveprintscom\/","https:\/\/www.tiktok.com\/@positiveprintscom","https:\/\/www.pinterest.com\/positiveprintscom\/"]}]}},"jetpack_sharing_enabled":true,"_links":{"self":[{"href":"https:\/\/positiveprints.com\/sv\/wp-json\/wp\/v2\/product\/1654424","targetHints":{"allow":["GET"]}}],"collection":[{"href":"https:\/\/positiveprints.com\/sv\/wp-json\/wp\/v2\/product"}],"about":[{"href":"https:\/\/positiveprints.com\/sv\/wp-json\/wp\/v2\/types\/product"}],"wp:featuredmedia":[{"embeddable":true,"href":"https:\/\/positiveprints.com\/sv\/wp-json\/wp\/v2\/media\/1702183"}],"wp:attachment":[{"href":"https:\/\/positiveprints.com\/sv\/wp-json\/wp\/v2\/media?parent=1654424"}],"wp:term":[{"taxonomy":"product_brand","embeddable":true,"href":"https:\/\/positiveprints.com\/sv\/wp-json\/wp\/v2\/product_brand?post=1654424"},{"taxonomy":"product_cat","embeddable":true,"href":"https:\/\/positiveprints.com\/sv\/wp-json\/wp\/v2\/product_cat?post=1654424"},{"taxonomy":"product_tag","embeddable":true,"href":"https:\/\/positiveprints.com\/sv\/wp-json\/wp\/v2\/product_tag?post=1654424"}],"curies":[{"name":"wp","href":"https:\/\/api.w.org\/{rel}","templated":true}]}}