{"id":1654133,"date":"2026-02-06T23:31:08","date_gmt":"2026-02-06T22:31:08","guid":{"rendered":"https:\/\/positiveprints.com\/?post_type=product&#038;p=1654133"},"modified":"2026-04-18T02:02:46","modified_gmt":"2026-04-18T01:02:46","slug":"personligt-familjeportratt-fran-flera-fotografer","status":"publish","type":"product","link":"https:\/\/positiveprints.com\/sv\/produkt\/personligt-familjeportratt-fran-flera-fotografer\/","title":{"rendered":"Personligt Familjeportr\u00e4tt fr\u00e5n Flera Fotografer"},"content":{"rendered":"","protected":false},"excerpt":{"rendered":"<ul class=\"check-list\">\n<li>Personligt portr\u00e4tt baserat p\u00e5 dina foton<\/li>\n<li>2 korrigeringar ing\u00e5r p\u00e5 beg\u00e4ran<\/li>\n<li>Luta dig tillbaka medan v\u00e5ra konstn\u00e4rer skapar ditt m\u00e4sterverk<\/li>\n<li>F\u00e5 din korrektur inom 2\u20133 arbetsdagar<\/li>\n<li>Flera storleksalternativ f\u00f6r tryck<\/li>\n<\/ul>\n","protected":false},"featured_media":1652571,"template":"","meta":[],"product_brand":[],"product_cat":[9031,9767,13595,7459,8147,9000,8117,8120,8108,11474,11466,11468,11467,15061,11475,7998,7982,7614,7727,7710,7854,7822],"product_tag":[16082,8397,15012,16076,16077,16081,16078,16079,16080],"class_list":{"0":"post-1654133","1":"product","2":"type-product","3":"status-publish","4":"has-post-thumbnail","6":"product_cat-digitala-produkter","7":"product_cat-trending-label-sv","8":"product_cat-akvarell","9":"product_cat-alla-produkter","10":"product_cat-creators-sv","11":"product_cat-aldreomsorgens-dag","12":"product_cat-fodelsedagspresenter-presenttillfallen","13":"product_cat-brollopspresenter-presenttillfallen","14":"product_cat-julpresenter","15":"product_cat-julklappar-till-mamma","16":"product_cat-julklappar-till-pappa","17":"product_cat-julklappar-till-mormor","18":"product_cat-julklappar-till-morfar","19":"product_cat-julklappar-till-familjen","20":"product_cat-julklappar-till-foraldrarna","21":"product_cat-sympatigavor","22":"product_cat-gavor-till-pappa","23":"product_cat-gavor-till-morfar","24":"product_cat-gavor-till-mormor","25":"product_cat-gavor-till-mamma","26":"product_cat-gavor-till-familjen","27":"product_cat-gavor-till-nya-foraldrar","28":"product_tag-cadeaux-de-noel-pour-la-famille-sv","29":"product_tag-creators-sv","30":"product_tag-custom-photo-sv","31":"product_tag-family-gift-ideas-sv","32":"product_tag-family-gifts-sv","33":"product_tag-family-fr-sv","34":"product_tag-gift-for-family-sv","35":"product_tag-gifts-for-family-sv","36":"product_tag-personalized-family-gifts-sv","38":"first","39":"instock","40":"sale","41":"taxable","42":"shipping-taxable","43":"purchasable","44":"product-type-variable"},"yoast_head":"<!-- This site is optimized with the Yoast SEO Premium plugin v27.2 (Yoast SEO v27.2) - https:\/\/yoast.com\/product\/yoast-seo-premium-wordpress\/ -->\n<title>Personligt Familjeportr\u00e4tt fr\u00e5n Flera Fotografer - Positive Prints<\/title>\n<meta name=\"description\" content=\"F\u00f6rvandla flera foton till ett vackert personligt familjeportr\u00e4tt, tryckt p\u00e5 premium poster eller canvas \u2014 en unik, hj\u00e4rtlig och personlig present f\u00f6r varje familj.\" \/>\n<meta name=\"robots\" content=\"index, follow, max-snippet:-1, max-image-preview:large, max-video-preview:-1\" \/>\n<link rel=\"canonical\" href=\"https:\/\/positiveprints.com\/sv\/produkt\/personligt-familjeportratt-fran-flera-fotografer\/\" \/>\n<meta property=\"og:locale\" content=\"sv_SE\" \/>\n<meta property=\"og:type\" content=\"article\" \/>\n<meta property=\"og:title\" content=\"Personligt Familjeportr\u00e4tt fr\u00e5n Flera Fotografer\" \/>\n<meta property=\"og:description\" content=\"Personligt portr\u00e4tt baserat p\u00e5 dina foton  2 korrigeringar ing\u00e5r p\u00e5 beg\u00e4ran  Luta dig tillbaka medan v\u00e5ra konstn\u00e4rer skapar ditt m\u00e4sterverk  F\u00e5 din korrektur inom 2\u20133 arbetsdagar  Flera storleksalternativ f\u00f6r tryck\" \/>\n<meta property=\"og:url\" content=\"https:\/\/positiveprints.com\/sv\/produkt\/personligt-familjeportratt-fran-flera-fotografer\/\" \/>\n<meta property=\"og:site_name\" content=\"Positive Prints\" \/>\n<meta property=\"article:publisher\" content=\"https:\/\/www.facebook.com\/positiveprintscom\" \/>\n<meta property=\"article:modified_time\" content=\"2026-04-18T01:02:46+00:00\" \/>\n<meta property=\"og:image\" content=\"https:\/\/positiveprints.com\/wp-content\/uploads\/2026\/02\/Packshot_EN_Custom-Family-Portrait-from-Multiple-Photos.webp\" \/>\n\t<meta property=\"og:image:width\" content=\"1450\" \/>\n\t<meta property=\"og:image:height\" content=\"1450\" \/>\n\t<meta property=\"og:image:type\" content=\"image\/webp\" \/>\n<meta name=\"twitter:card\" content=\"summary_large_image\" \/>\n<meta name=\"twitter:label1\" content=\"Ber\u00e4knad l\u00e4stid\" \/>\n\t<meta name=\"twitter:data1\" content=\"1 minut\" \/>\n<!-- \/ Yoast SEO Premium plugin. -->","yoast_head_json":{"title":"Personligt Familjeportr\u00e4tt fr\u00e5n Flera Fotografer - Positive Prints","description":"F\u00f6rvandla flera foton till ett vackert personligt familjeportr\u00e4tt, tryckt p\u00e5 premium poster eller canvas \u2014 en unik, hj\u00e4rtlig och personlig present f\u00f6r varje familj.","robots":{"index":"index","follow":"follow","max-snippet":"max-snippet:-1","max-image-preview":"max-image-preview:large","max-video-preview":"max-video-preview:-1"},"canonical":"https:\/\/positiveprints.com\/sv\/produkt\/personligt-familjeportratt-fran-flera-fotografer\/","og_locale":"sv_SE","og_type":"article","og_title":"Personligt Familjeportr\u00e4tt fr\u00e5n Flera Fotografer","og_description":"Personligt portr\u00e4tt baserat p\u00e5 dina foton  2 korrigeringar ing\u00e5r p\u00e5 beg\u00e4ran  Luta dig tillbaka medan v\u00e5ra konstn\u00e4rer skapar ditt m\u00e4sterverk  F\u00e5 din korrektur inom 2\u20133 arbetsdagar  Flera storleksalternativ f\u00f6r tryck","og_url":"https:\/\/positiveprints.com\/sv\/produkt\/personligt-familjeportratt-fran-flera-fotografer\/","og_site_name":"Positive Prints","article_publisher":"https:\/\/www.facebook.com\/positiveprintscom","article_modified_time":"2026-04-18T01:02:46+00:00","og_image":[{"width":1450,"height":1450,"url":"https:\/\/positiveprints.com\/wp-content\/uploads\/2026\/02\/Packshot_EN_Custom-Family-Portrait-from-Multiple-Photos.webp","type":"image\/webp"}],"twitter_card":"summary_large_image","twitter_misc":{"Ber\u00e4knad l\u00e4stid":"1 minut"},"schema":{"@context":"https:\/\/schema.org","@graph":[{"@type":["WebPage","ItemPage"],"@id":"https:\/\/positiveprints.com\/sv\/produkt\/personligt-familjeportratt-fran-flera-fotografer\/","url":"https:\/\/positiveprints.com\/sv\/produkt\/personligt-familjeportratt-fran-flera-fotografer\/","name":"Personligt Familjeportr\u00e4tt fr\u00e5n Flera Fotografer - Positive Prints","isPartOf":{"@id":"https:\/\/positiveprints.com\/sv\/#website"},"primaryImageOfPage":{"@id":"https:\/\/positiveprints.com\/sv\/produkt\/personligt-familjeportratt-fran-flera-fotografer\/#primaryimage"},"image":{"@id":"https:\/\/positiveprints.com\/sv\/produkt\/personligt-familjeportratt-fran-flera-fotografer\/#primaryimage"},"thumbnailUrl":"https:\/\/positiveprints.com\/wp-content\/uploads\/2026\/02\/Packshot_EN_Custom-Family-Portrait-from-Multiple-Photos.webp","datePublished":"2026-02-06T22:31:08+00:00","dateModified":"2026-04-18T01:02:46+00:00","description":"F\u00f6rvandla flera foton till ett vackert personligt familjeportr\u00e4tt, tryckt p\u00e5 premium poster eller canvas \u2014 en unik, hj\u00e4rtlig och personlig present f\u00f6r varje familj.","breadcrumb":{"@id":"https:\/\/positiveprints.com\/sv\/produkt\/personligt-familjeportratt-fran-flera-fotografer\/#breadcrumb"},"inLanguage":"sv-SE","potentialAction":[{"@type":"ReadAction","target":["https:\/\/positiveprints.com\/sv\/produkt\/personligt-familjeportratt-fran-flera-fotografer\/"]}]},{"@type":"ImageObject","inLanguage":"sv-SE","@id":"https:\/\/positiveprints.com\/sv\/produkt\/personligt-familjeportratt-fran-flera-fotografer\/#primaryimage","url":"https:\/\/positiveprints.com\/wp-content\/uploads\/2026\/02\/Packshot_EN_Custom-Family-Portrait-from-Multiple-Photos.webp","contentUrl":"https:\/\/positiveprints.com\/wp-content\/uploads\/2026\/02\/Packshot_EN_Custom-Family-Portrait-from-Multiple-Photos.webp","width":1450,"height":1450},{"@type":"BreadcrumbList","@id":"https:\/\/positiveprints.com\/sv\/produkt\/personligt-familjeportratt-fran-flera-fotografer\/#breadcrumb","itemListElement":[{"@type":"ListItem","position":1,"name":"Home","item":"https:\/\/positiveprints.com\/sv\/"},{"@type":"ListItem","position":2,"name":"Produkter","item":"https:\/\/positiveprints.com\/sv\/shop\/"},{"@type":"ListItem","position":3,"name":"Personligt Familjeportr\u00e4tt fr\u00e5n Flera Fotografer"}]},{"@type":"WebSite","@id":"https:\/\/positiveprints.com\/sv\/#website","url":"https:\/\/positiveprints.com\/sv\/","name":"Positive Prints","description":"Amazing Custom Personalized Gifts","publisher":{"@id":"https:\/\/positiveprints.com\/sv\/#organization"},"potentialAction":[{"@type":"SearchAction","target":{"@type":"EntryPoint","urlTemplate":"https:\/\/positiveprints.com\/sv\/?s={search_term_string}"},"query-input":{"@type":"PropertyValueSpecification","valueRequired":true,"valueName":"search_term_string"}}],"inLanguage":"sv-SE"},{"@type":"Organization","@id":"https:\/\/positiveprints.com\/sv\/#organization","name":"Positive Prints","alternateName":"Positive Prints","url":"https:\/\/positiveprints.com\/sv\/","logo":{"@type":"ImageObject","inLanguage":"sv-SE","@id":"https:\/\/positiveprints.com\/sv\/#\/schema\/logo\/image\/","url":"https:\/\/positiveprints.com\/wp-content\/uploads\/2026\/03\/245815646_1337939713319158_5671353136411139666_n.png","contentUrl":"https:\/\/positiveprints.com\/wp-content\/uploads\/2026\/03\/245815646_1337939713319158_5671353136411139666_n.png","width":800,"height":800,"caption":"Positive Prints"},"image":{"@id":"https:\/\/positiveprints.com\/sv\/#\/schema\/logo\/image\/"},"sameAs":["https:\/\/www.facebook.com\/positiveprintscom","https:\/\/www.instagram.com\/positiveprintscom\/","https:\/\/www.tiktok.com\/@positiveprintscom","https:\/\/www.pinterest.com\/positiveprintscom\/"]}]}},"jetpack_sharing_enabled":true,"_links":{"self":[{"href":"https:\/\/positiveprints.com\/sv\/wp-json\/wp\/v2\/product\/1654133","targetHints":{"allow":["GET"]}}],"collection":[{"href":"https:\/\/positiveprints.com\/sv\/wp-json\/wp\/v2\/product"}],"about":[{"href":"https:\/\/positiveprints.com\/sv\/wp-json\/wp\/v2\/types\/product"}],"wp:featuredmedia":[{"embeddable":true,"href":"https:\/\/positiveprints.com\/sv\/wp-json\/wp\/v2\/media\/1652571"}],"wp:attachment":[{"href":"https:\/\/positiveprints.com\/sv\/wp-json\/wp\/v2\/media?parent=1654133"}],"wp:term":[{"taxonomy":"product_brand","embeddable":true,"href":"https:\/\/positiveprints.com\/sv\/wp-json\/wp\/v2\/product_brand?post=1654133"},{"taxonomy":"product_cat","embeddable":true,"href":"https:\/\/positiveprints.com\/sv\/wp-json\/wp\/v2\/product_cat?post=1654133"},{"taxonomy":"product_tag","embeddable":true,"href":"https:\/\/positiveprints.com\/sv\/wp-json\/wp\/v2\/product_tag?post=1654133"}],"curies":[{"name":"wp","href":"https:\/\/api.w.org\/{rel}","templated":true}]}}