{"id":1653976,"date":"2026-02-06T22:53:37","date_gmt":"2026-02-06T21:53:37","guid":{"rendered":"https:\/\/positiveprints.com\/product\/custom-route-map-poster\/"},"modified":"2026-04-03T02:16:32","modified_gmt":"2026-04-03T01:16:32","slug":"personlig-kartposter-over-din-rutt","status":"publish","type":"product","link":"https:\/\/positiveprints.com\/sv\/produkt\/personlig-kartposter-over-din-rutt\/","title":{"rendered":"Personlig Kartposter \u00f6ver Din Rutt"},"content":{"rendered":"","protected":false},"excerpt":{"rendered":"<ul class=\"check-list\">\n<li>Ladda upp din GPX-fil eller anslut till Strava<\/li>\n<li>Anpassa din design i 3 enkla steg<\/li>\n<li>V\u00e4lj mellan flera kartf\u00e4rgteman som matchar din stil<\/li>\n<li>L\u00e4gg till en meningsfull personlig text<\/li>\n<li>Se din design uppdateras direkt i v\u00e5r interaktiva f\u00f6rhandsvisning<\/li>\n<\/ul>\n","protected":false},"featured_media":1647301,"template":"","meta":[],"product_brand":[],"product_cat":[15918,15851,9031,8147],"product_tag":[8397,15939],"class_list":{"0":"post-1653976","1":"product","2":"type-product","3":"status-publish","4":"has-post-thumbnail","6":"product_cat-gpx-maps-sv","7":"product_cat-shop-bestsellers-sv","8":"product_cat-digitala-produkter","9":"product_cat-creators-sv","10":"product_tag-creators-sv","11":"product_tag-gpx-sv","13":"first","14":"instock","15":"sale","16":"taxable","17":"shipping-taxable","18":"purchasable","19":"product-type-variable","20":"has-default-attributes"},"yoast_head":"<!-- This site is optimized with the Yoast SEO Premium plugin v27.2 (Yoast SEO v27.2) - https:\/\/yoast.com\/product\/yoast-seo-premium-wordpress\/ -->\n<title>Personlig Kartposter \u00f6ver Din Rutt | Positive Prints<\/title>\n<meta name=\"description\" content=\"F\u00f6rvandla valfri GPX-rutt till en stilren personlig kartposter med namn och f\u00e4rger. En perfekt present f\u00f6r atleter, l\u00f6pare, cyklister och \u00e4ventyrare v\u00e4rlden \u00f6ver.\" \/>\n<meta name=\"robots\" content=\"index, follow, max-snippet:-1, max-image-preview:large, max-video-preview:-1\" \/>\n<link rel=\"canonical\" href=\"https:\/\/positiveprints.com\/sv\/produkt\/personlig-kartposter-over-din-rutt\/\" \/>\n<meta property=\"og:locale\" content=\"sv_SE\" \/>\n<meta property=\"og:type\" content=\"article\" \/>\n<meta property=\"og:title\" content=\"Personlig Kartposter \u00f6ver Din Rutt\" \/>\n<meta property=\"og:description\" content=\"Ladda upp din GPX-fil eller anslut till Strava Anpassa din design i 3 enkla steg V\u00e4lj mellan flera kartf\u00e4rgteman som matchar din stil L\u00e4gg till en meningsfull personlig text Se din design uppdateras direkt i v\u00e5r interaktiva f\u00f6rhandsvisning\" \/>\n<meta property=\"og:url\" content=\"https:\/\/positiveprints.com\/sv\/produkt\/personlig-kartposter-over-din-rutt\/\" \/>\n<meta property=\"og:site_name\" content=\"Positive Prints\" \/>\n<meta property=\"article:publisher\" content=\"https:\/\/www.facebook.com\/positiveprintscom\" \/>\n<meta property=\"article:modified_time\" content=\"2026-04-03T01:16:32+00:00\" \/>\n<meta property=\"og:image\" content=\"https:\/\/positiveprints.com\/wp-content\/uploads\/2026\/02\/Packshot_CA_Custom-Route-Map-Poster.webp\" \/>\n\t<meta property=\"og:image:width\" content=\"1450\" \/>\n\t<meta property=\"og:image:height\" content=\"1450\" \/>\n\t<meta property=\"og:image:type\" content=\"image\/webp\" \/>\n<meta name=\"twitter:card\" content=\"summary_large_image\" \/>\n<meta name=\"twitter:label1\" content=\"Ber\u00e4knad l\u00e4stid\" \/>\n\t<meta name=\"twitter:data1\" content=\"1 minut\" \/>\n<!-- \/ Yoast SEO Premium plugin. -->","yoast_head_json":{"title":"Personlig Kartposter \u00f6ver Din Rutt | Positive Prints","description":"F\u00f6rvandla valfri GPX-rutt till en stilren personlig kartposter med namn och f\u00e4rger. En perfekt present f\u00f6r atleter, l\u00f6pare, cyklister och \u00e4ventyrare v\u00e4rlden \u00f6ver.","robots":{"index":"index","follow":"follow","max-snippet":"max-snippet:-1","max-image-preview":"max-image-preview:large","max-video-preview":"max-video-preview:-1"},"canonical":"https:\/\/positiveprints.com\/sv\/produkt\/personlig-kartposter-over-din-rutt\/","og_locale":"sv_SE","og_type":"article","og_title":"Personlig Kartposter \u00f6ver Din Rutt","og_description":"Ladda upp din GPX-fil eller anslut till Strava Anpassa din design i 3 enkla steg V\u00e4lj mellan flera kartf\u00e4rgteman som matchar din stil L\u00e4gg till en meningsfull personlig text Se din design uppdateras direkt i v\u00e5r interaktiva f\u00f6rhandsvisning","og_url":"https:\/\/positiveprints.com\/sv\/produkt\/personlig-kartposter-over-din-rutt\/","og_site_name":"Positive Prints","article_publisher":"https:\/\/www.facebook.com\/positiveprintscom","article_modified_time":"2026-04-03T01:16:32+00:00","og_image":[{"width":1450,"height":1450,"url":"https:\/\/positiveprints.com\/wp-content\/uploads\/2026\/02\/Packshot_CA_Custom-Route-Map-Poster.webp","type":"image\/webp"}],"twitter_card":"summary_large_image","twitter_misc":{"Ber\u00e4knad l\u00e4stid":"1 minut"},"schema":{"@context":"https:\/\/schema.org","@graph":[{"@type":["WebPage","ItemPage"],"@id":"https:\/\/positiveprints.com\/sv\/produkt\/personlig-kartposter-over-din-rutt\/","url":"https:\/\/positiveprints.com\/sv\/produkt\/personlig-kartposter-over-din-rutt\/","name":"Personlig Kartposter \u00f6ver Din Rutt | Positive Prints","isPartOf":{"@id":"https:\/\/positiveprints.com\/sv\/#website"},"primaryImageOfPage":{"@id":"https:\/\/positiveprints.com\/sv\/produkt\/personlig-kartposter-over-din-rutt\/#primaryimage"},"image":{"@id":"https:\/\/positiveprints.com\/sv\/produkt\/personlig-kartposter-over-din-rutt\/#primaryimage"},"thumbnailUrl":"https:\/\/positiveprints.com\/wp-content\/uploads\/2026\/02\/Packshot_EN_Custom-Route-Map-Poster.webp","datePublished":"2026-02-06T21:53:37+00:00","dateModified":"2026-04-03T01:16:32+00:00","description":"F\u00f6rvandla valfri GPX-rutt till en stilren personlig kartposter med namn och f\u00e4rger. En perfekt present f\u00f6r atleter, l\u00f6pare, cyklister och \u00e4ventyrare v\u00e4rlden \u00f6ver.","breadcrumb":{"@id":"https:\/\/positiveprints.com\/sv\/produkt\/personlig-kartposter-over-din-rutt\/#breadcrumb"},"inLanguage":"sv-SE","potentialAction":[{"@type":"ReadAction","target":["https:\/\/positiveprints.com\/sv\/produkt\/personlig-kartposter-over-din-rutt\/"]}]},{"@type":"ImageObject","inLanguage":"sv-SE","@id":"https:\/\/positiveprints.com\/sv\/produkt\/personlig-kartposter-over-din-rutt\/#primaryimage","url":"https:\/\/positiveprints.com\/wp-content\/uploads\/2026\/02\/Packshot_EN_Custom-Route-Map-Poster.webp","contentUrl":"https:\/\/positiveprints.com\/wp-content\/uploads\/2026\/02\/Packshot_EN_Custom-Route-Map-Poster.webp","width":1450,"height":1450},{"@type":"BreadcrumbList","@id":"https:\/\/positiveprints.com\/sv\/produkt\/personlig-kartposter-over-din-rutt\/#breadcrumb","itemListElement":[{"@type":"ListItem","position":1,"name":"Home","item":"https:\/\/positiveprints.com\/sv\/"},{"@type":"ListItem","position":2,"name":"Produkter","item":"https:\/\/positiveprints.com\/sv\/shop\/"},{"@type":"ListItem","position":3,"name":"Personlig Kartposter \u00f6ver Din Rutt"}]},{"@type":"WebSite","@id":"https:\/\/positiveprints.com\/sv\/#website","url":"https:\/\/positiveprints.com\/sv\/","name":"Positive Prints","description":"Amazing Custom Personalized Gifts","publisher":{"@id":"https:\/\/positiveprints.com\/sv\/#organization"},"potentialAction":[{"@type":"SearchAction","target":{"@type":"EntryPoint","urlTemplate":"https:\/\/positiveprints.com\/sv\/?s={search_term_string}"},"query-input":{"@type":"PropertyValueSpecification","valueRequired":true,"valueName":"search_term_string"}}],"inLanguage":"sv-SE"},{"@type":"Organization","@id":"https:\/\/positiveprints.com\/sv\/#organization","name":"Positive Prints","alternateName":"Positive Prints","url":"https:\/\/positiveprints.com\/sv\/","logo":{"@type":"ImageObject","inLanguage":"sv-SE","@id":"https:\/\/positiveprints.com\/sv\/#\/schema\/logo\/image\/","url":"https:\/\/positiveprints.com\/wp-content\/uploads\/2026\/03\/245815646_1337939713319158_5671353136411139666_n.png","contentUrl":"https:\/\/positiveprints.com\/wp-content\/uploads\/2026\/03\/245815646_1337939713319158_5671353136411139666_n.png","width":800,"height":800,"caption":"Positive Prints"},"image":{"@id":"https:\/\/positiveprints.com\/sv\/#\/schema\/logo\/image\/"},"sameAs":["https:\/\/www.facebook.com\/positiveprintscom","https:\/\/www.instagram.com\/positiveprintscom\/","https:\/\/www.tiktok.com\/@positiveprintscom","https:\/\/www.pinterest.com\/positiveprintscom\/"]}]}},"jetpack_sharing_enabled":true,"_links":{"self":[{"href":"https:\/\/positiveprints.com\/sv\/wp-json\/wp\/v2\/product\/1653976","targetHints":{"allow":["GET"]}}],"collection":[{"href":"https:\/\/positiveprints.com\/sv\/wp-json\/wp\/v2\/product"}],"about":[{"href":"https:\/\/positiveprints.com\/sv\/wp-json\/wp\/v2\/types\/product"}],"wp:featuredmedia":[{"embeddable":true,"href":"https:\/\/positiveprints.com\/sv\/wp-json\/wp\/v2\/media\/1647301"}],"wp:attachment":[{"href":"https:\/\/positiveprints.com\/sv\/wp-json\/wp\/v2\/media?parent=1653976"}],"wp:term":[{"taxonomy":"product_brand","embeddable":true,"href":"https:\/\/positiveprints.com\/sv\/wp-json\/wp\/v2\/product_brand?post=1653976"},{"taxonomy":"product_cat","embeddable":true,"href":"https:\/\/positiveprints.com\/sv\/wp-json\/wp\/v2\/product_cat?post=1653976"},{"taxonomy":"product_tag","embeddable":true,"href":"https:\/\/positiveprints.com\/sv\/wp-json\/wp\/v2\/product_tag?post=1653976"}],"curies":[{"name":"wp","href":"https:\/\/api.w.org\/{rel}","templated":true}]}}