{"id":1617087,"date":"2026-01-21T21:24:55","date_gmt":"2026-01-21T20:24:55","guid":{"rendered":"https:\/\/positiveprints.com\/?post_type=product&#038;p=1617087"},"modified":"2026-04-03T02:17:36","modified_gmt":"2026-04-03T01:17:36","slug":"digital-vinylkonst-for-lattexter","status":"publish","type":"product","link":"https:\/\/positiveprints.com\/sv\/produkt\/digital-vinylkonst-for-lattexter\/","title":{"rendered":"Digital vinylkonst f\u00f6r l\u00e5ttexter"},"content":{"rendered":"","protected":false},"excerpt":{"rendered":"<ul class=\"check-list\">\n<li>Personifiera med valfri s\u00e5ngtext eller br\u00f6llopsl\u00f6ften<\/li>\n<li>Anpassa p\u00e5 bara 2 minuter<\/li>\n<li>Inkludera en meningsfull personlig text<\/li>\n<li>Se resultatet direkt \u2013 den interaktiva f\u00f6rhandsvisningen l\u00e5ter dig finjustera varje detalj<\/li>\n<\/ul>\n","protected":false},"featured_media":1248213,"template":"","meta":[],"product_brand":[],"product_cat":[7459,9281,9031,7582,12103],"product_tag":[9203],"class_list":{"0":"post-1617087","1":"product","2":"type-product","3":"status-publish","4":"has-post-thumbnail","6":"product_cat-alla-produkter","7":"product_cat-bestsellers-label-sv","8":"product_cat-digitala-produkter","9":"product_cat-presentideer-i-sista-minuten","10":"product_cat-text","11":"product_tag-last-minute-de-sv","13":"first","14":"instock","15":"sale","16":"taxable","17":"shipping-taxable","18":"purchasable","19":"product-type-variable"},"yoast_head":"<!-- This site is optimized with the Yoast SEO Premium plugin v27.2 (Yoast SEO v27.2) - https:\/\/yoast.com\/product\/yoast-seo-premium-wordpress\/ -->\n<title>Digital vinylkonst f\u00f6r l\u00e5ttexter - Positive Prints<\/title>\n<meta name=\"description\" content=\"Letar du efter en unik och speciell g\u00e5va? Anpassad vinylkonst f\u00f6r l\u00e5ttexter \u00e4r ett personligt tryck eller en duk som vackert visar texten till en l\u00e5t du v\u00e4ljer.\" \/>\n<meta name=\"robots\" content=\"index, follow, max-snippet:-1, max-image-preview:large, max-video-preview:-1\" \/>\n<link rel=\"canonical\" href=\"https:\/\/positiveprints.com\/sv\/produkt\/digital-vinylkonst-for-lattexter\/\" \/>\n<meta property=\"og:locale\" content=\"sv_SE\" \/>\n<meta property=\"og:type\" content=\"article\" \/>\n<meta property=\"og:title\" content=\"Digital vinylkonst f\u00f6r l\u00e5ttexter\" \/>\n<meta property=\"og:description\" content=\"Personifiera med valfri s\u00e5ngtext eller br\u00f6llopsl\u00f6ften       Anpassa p\u00e5 bara 2 minuter       Inkludera en meningsfull personlig text       Se resultatet direkt \u2013 den interaktiva f\u00f6rhandsvisningen l\u00e5ter dig finjustera varje detalj\" \/>\n<meta property=\"og:url\" content=\"https:\/\/positiveprints.com\/sv\/produkt\/digital-vinylkonst-for-lattexter\/\" \/>\n<meta property=\"og:site_name\" content=\"Positive Prints\" \/>\n<meta property=\"article:publisher\" content=\"https:\/\/www.facebook.com\/positiveprintscom\" \/>\n<meta property=\"article:modified_time\" content=\"2026-04-03T01:17:36+00:00\" \/>\n<meta property=\"og:image\" content=\"https:\/\/positiveprints.com\/wp-content\/uploads\/2026\/01\/Personlig-vinyltavla_SE.webp\" \/>\n\t<meta property=\"og:image:width\" content=\"2048\" \/>\n\t<meta property=\"og:image:height\" content=\"2048\" \/>\n\t<meta property=\"og:image:type\" content=\"image\/webp\" \/>\n<meta name=\"twitter:card\" content=\"summary_large_image\" \/>\n<meta name=\"twitter:label1\" content=\"Ber\u00e4knad l\u00e4stid\" \/>\n\t<meta name=\"twitter:data1\" content=\"1 minut\" \/>\n<!-- \/ Yoast SEO Premium plugin. -->","yoast_head_json":{"title":"Digital vinylkonst f\u00f6r l\u00e5ttexter - Positive Prints","description":"Letar du efter en unik och speciell g\u00e5va? Anpassad vinylkonst f\u00f6r l\u00e5ttexter \u00e4r ett personligt tryck eller en duk som vackert visar texten till en l\u00e5t du v\u00e4ljer.","robots":{"index":"index","follow":"follow","max-snippet":"max-snippet:-1","max-image-preview":"max-image-preview:large","max-video-preview":"max-video-preview:-1"},"canonical":"https:\/\/positiveprints.com\/sv\/produkt\/digital-vinylkonst-for-lattexter\/","og_locale":"sv_SE","og_type":"article","og_title":"Digital vinylkonst f\u00f6r l\u00e5ttexter","og_description":"Personifiera med valfri s\u00e5ngtext eller br\u00f6llopsl\u00f6ften       Anpassa p\u00e5 bara 2 minuter       Inkludera en meningsfull personlig text       Se resultatet direkt \u2013 den interaktiva f\u00f6rhandsvisningen l\u00e5ter dig finjustera varje detalj","og_url":"https:\/\/positiveprints.com\/sv\/produkt\/digital-vinylkonst-for-lattexter\/","og_site_name":"Positive Prints","article_publisher":"https:\/\/www.facebook.com\/positiveprintscom","article_modified_time":"2026-04-03T01:17:36+00:00","og_image":[{"width":2048,"height":2048,"url":"https:\/\/positiveprints.com\/wp-content\/uploads\/2026\/01\/Personlig-vinyltavla_SE.webp","type":"image\/webp"}],"twitter_card":"summary_large_image","twitter_misc":{"Ber\u00e4knad l\u00e4stid":"1 minut"},"schema":{"@context":"https:\/\/schema.org","@graph":[{"@type":["WebPage","ItemPage"],"@id":"https:\/\/positiveprints.com\/sv\/produkt\/digital-vinylkonst-for-lattexter\/","url":"https:\/\/positiveprints.com\/sv\/produkt\/digital-vinylkonst-for-lattexter\/","name":"Digital vinylkonst f\u00f6r l\u00e5ttexter - Positive Prints","isPartOf":{"@id":"https:\/\/positiveprints.com\/sv\/#website"},"primaryImageOfPage":{"@id":"https:\/\/positiveprints.com\/sv\/produkt\/digital-vinylkonst-for-lattexter\/#primaryimage"},"image":{"@id":"https:\/\/positiveprints.com\/sv\/produkt\/digital-vinylkonst-for-lattexter\/#primaryimage"},"thumbnailUrl":"https:\/\/positiveprints.com\/wp-content\/uploads\/2024\/11\/Packshot_SE_Custom-Song-Lyrics-Art-with-Photo-product-image-.webp","datePublished":"2026-01-21T20:24:55+00:00","dateModified":"2026-04-03T01:17:36+00:00","description":"Letar du efter en unik och speciell g\u00e5va? Anpassad vinylkonst f\u00f6r l\u00e5ttexter \u00e4r ett personligt tryck eller en duk som vackert visar texten till en l\u00e5t du v\u00e4ljer.","breadcrumb":{"@id":"https:\/\/positiveprints.com\/sv\/produkt\/digital-vinylkonst-for-lattexter\/#breadcrumb"},"inLanguage":"sv-SE","potentialAction":[{"@type":"ReadAction","target":["https:\/\/positiveprints.com\/sv\/produkt\/digital-vinylkonst-for-lattexter\/"]}]},{"@type":"ImageObject","inLanguage":"sv-SE","@id":"https:\/\/positiveprints.com\/sv\/produkt\/digital-vinylkonst-for-lattexter\/#primaryimage","url":"https:\/\/positiveprints.com\/wp-content\/uploads\/2024\/11\/Packshot_SE_Custom-Song-Lyrics-Art-with-Photo-product-image-.webp","contentUrl":"https:\/\/positiveprints.com\/wp-content\/uploads\/2024\/11\/Packshot_SE_Custom-Song-Lyrics-Art-with-Photo-product-image-.webp","width":1450,"height":1450},{"@type":"BreadcrumbList","@id":"https:\/\/positiveprints.com\/sv\/produkt\/digital-vinylkonst-for-lattexter\/#breadcrumb","itemListElement":[{"@type":"ListItem","position":1,"name":"Home","item":"https:\/\/positiveprints.com\/sv\/"},{"@type":"ListItem","position":2,"name":"Produkter","item":"https:\/\/positiveprints.com\/sv\/shop\/"},{"@type":"ListItem","position":3,"name":"Digital vinylkonst f\u00f6r l\u00e5ttexter"}]},{"@type":"WebSite","@id":"https:\/\/positiveprints.com\/sv\/#website","url":"https:\/\/positiveprints.com\/sv\/","name":"Positive Prints","description":"Amazing Custom Personalized Gifts","publisher":{"@id":"https:\/\/positiveprints.com\/sv\/#organization"},"potentialAction":[{"@type":"SearchAction","target":{"@type":"EntryPoint","urlTemplate":"https:\/\/positiveprints.com\/sv\/?s={search_term_string}"},"query-input":{"@type":"PropertyValueSpecification","valueRequired":true,"valueName":"search_term_string"}}],"inLanguage":"sv-SE"},{"@type":"Organization","@id":"https:\/\/positiveprints.com\/sv\/#organization","name":"Positive Prints","alternateName":"Positive Prints","url":"https:\/\/positiveprints.com\/sv\/","logo":{"@type":"ImageObject","inLanguage":"sv-SE","@id":"https:\/\/positiveprints.com\/sv\/#\/schema\/logo\/image\/","url":"https:\/\/positiveprints.com\/wp-content\/uploads\/2026\/03\/245815646_1337939713319158_5671353136411139666_n.png","contentUrl":"https:\/\/positiveprints.com\/wp-content\/uploads\/2026\/03\/245815646_1337939713319158_5671353136411139666_n.png","width":800,"height":800,"caption":"Positive Prints"},"image":{"@id":"https:\/\/positiveprints.com\/sv\/#\/schema\/logo\/image\/"},"sameAs":["https:\/\/www.facebook.com\/positiveprintscom","https:\/\/www.instagram.com\/positiveprintscom\/","https:\/\/www.tiktok.com\/@positiveprintscom","https:\/\/www.pinterest.com\/positiveprintscom\/"]}]}},"jetpack_sharing_enabled":true,"_links":{"self":[{"href":"https:\/\/positiveprints.com\/sv\/wp-json\/wp\/v2\/product\/1617087","targetHints":{"allow":["GET"]}}],"collection":[{"href":"https:\/\/positiveprints.com\/sv\/wp-json\/wp\/v2\/product"}],"about":[{"href":"https:\/\/positiveprints.com\/sv\/wp-json\/wp\/v2\/types\/product"}],"wp:featuredmedia":[{"embeddable":true,"href":"https:\/\/positiveprints.com\/sv\/wp-json\/wp\/v2\/media\/1248213"}],"wp:attachment":[{"href":"https:\/\/positiveprints.com\/sv\/wp-json\/wp\/v2\/media?parent=1617087"}],"wp:term":[{"taxonomy":"product_brand","embeddable":true,"href":"https:\/\/positiveprints.com\/sv\/wp-json\/wp\/v2\/product_brand?post=1617087"},{"taxonomy":"product_cat","embeddable":true,"href":"https:\/\/positiveprints.com\/sv\/wp-json\/wp\/v2\/product_cat?post=1617087"},{"taxonomy":"product_tag","embeddable":true,"href":"https:\/\/positiveprints.com\/sv\/wp-json\/wp\/v2\/product_tag?post=1617087"}],"curies":[{"name":"wp","href":"https:\/\/api.w.org\/{rel}","templated":true}]}}