{"id":1548227,"date":"2024-01-23T09:43:57","date_gmt":"2024-01-23T08:43:57","guid":{"rendered":"https:\/\/positiveprints.com\/product\/the-day-we-became-friends-jewelry\/"},"modified":"2026-04-28T13:59:53","modified_gmt":"2026-04-28T12:59:53","slug":"personligt-smycke-dagen-vi-blev-vanner","status":"publish","type":"product","link":"https:\/\/positiveprints.com\/sv\/produkt\/personligt-smycke-dagen-vi-blev-vanner\/","title":{"rendered":"Personligt smycke \u2013 Dagen vi blev v\u00e4nner"},"content":{"rendered":"","protected":false},"excerpt":{"rendered":"<ul class=\"check-list\">\n<li>Hedra b\u00f6rjan p\u00e5 er varaktiga v\u00e4nskap och bevara gemenskapen med ett unikt halsband<\/li>\n<li>20 mm h\u00e4nge tillverkat av f\u00f6rstklassigt sterlingsilver, lasergraverat och handpolerat<\/li>\n<li>V\u00e4lj en hj\u00e4rtlig text som passar tillf\u00e4llet<\/li>\n<li>Anpassa p\u00e5 bara 2 minuter<\/li>\n<li>Se resultatet direkt \u2013 den interaktiva f\u00f6rhandsvisningen l\u00e5ter dig justera varje detalj<\/li>\n<\/ul>\n","protected":false},"featured_media":1547523,"template":"","meta":[],"product_brand":[],"product_cat":[9266,9221,9767,7459,7838],"product_tag":[9378,15195,15196,9390,15197,15236,13480,15067,15068,15069,11007,8635,11873,15070],"class_list":{"0":"post-1548227","1":"product","2":"type-product","3":"status-publish","4":"has-post-thumbnail","6":"product_cat-jewelry-sv","7":"product_cat-smycken-fran-stjarnkartor","8":"product_cat-trending-label-sv","9":"product_cat-alla-produkter","10":"product_cat-gavor-till-vanner","11":"product_tag-basta-vanner","12":"product_tag-best-friend-sv","13":"product_tag-best-friends-forever-sv","14":"product_tag-besties-sv","15":"product_tag-bff-sv","16":"product_tag-galentines-day-sv-2","17":"product_tag-julklappar-till-vanner","18":"product_tag-lancuszek-sv","19":"product_tag-medalion-sv","20":"product_tag-naszyjnik-sv","21":"product_tag-van","22":"product_tag-vaninnor","23":"product_tag-vanskap","24":"product_tag-wisiorek-sv","26":"first","27":"instock","28":"sale","29":"taxable","30":"shipping-taxable","31":"purchasable","32":"product-type-variable"},"yoast_head":"<!-- This site is optimized with the Yoast SEO Premium plugin v27.2 (Yoast SEO v27.2) - https:\/\/yoast.com\/product\/yoast-seo-premium-wordpress\/ -->\n<title>Personligt smycke \u2013 Dagen vi blev v\u00e4nner - Positive Prints<\/title>\n<meta name=\"description\" content=\"F\u00e5 din v\u00e4n att k\u00e4nna sig uppskattad med ett personligt smycke som vackert hyllar dagen ni m\u00f6ttes och bandet som vuxit sedan dess\" \/>\n<meta name=\"robots\" content=\"index, follow, max-snippet:-1, max-image-preview:large, max-video-preview:-1\" \/>\n<link rel=\"canonical\" href=\"https:\/\/positiveprints.com\/sv\/produkt\/personligt-smycke-dagen-vi-blev-vanner\/\" \/>\n<meta property=\"og:locale\" content=\"sv_SE\" \/>\n<meta property=\"og:type\" content=\"article\" \/>\n<meta property=\"og:title\" content=\"Personligt smycke \u2013 Dagen vi blev v\u00e4nner\" \/>\n<meta property=\"og:description\" content=\"Hedra b\u00f6rjan p\u00e5 er varaktiga v\u00e4nskap och bevara gemenskapen med ett unikt halsband  20 mm h\u00e4nge tillverkat av f\u00f6rstklassigt sterlingsilver, lasergraverat och handpolerat  V\u00e4lj en hj\u00e4rtlig text som passar tillf\u00e4llet  Anpassa p\u00e5 bara 2 minuter  Se resultatet direkt \u2013 den interaktiva f\u00f6rhandsvisningen l\u00e5ter dig justera varje detalj\" \/>\n<meta property=\"og:url\" content=\"https:\/\/positiveprints.com\/sv\/produkt\/personligt-smycke-dagen-vi-blev-vanner\/\" \/>\n<meta property=\"og:site_name\" content=\"Positive Prints\" \/>\n<meta property=\"article:publisher\" content=\"https:\/\/www.facebook.com\/positiveprintscom\" \/>\n<meta property=\"article:modified_time\" content=\"2026-04-28T12:59:53+00:00\" \/>\n<meta property=\"og:image\" content=\"https:\/\/positiveprints.com\/wp-content\/uploads\/2025\/10\/Dagen-da-vi-blev-vanner-\u2013-personligt-smycke-1.webp\" \/>\n\t<meta property=\"og:image:width\" content=\"2280\" \/>\n\t<meta property=\"og:image:height\" content=\"2280\" \/>\n\t<meta property=\"og:image:type\" content=\"image\/webp\" \/>\n<meta name=\"twitter:card\" content=\"summary_large_image\" \/>\n<!-- \/ Yoast SEO Premium plugin. -->","yoast_head_json":{"title":"Personligt smycke \u2013 Dagen vi blev v\u00e4nner - Positive Prints","description":"F\u00e5 din v\u00e4n att k\u00e4nna sig uppskattad med ett personligt smycke som vackert hyllar dagen ni m\u00f6ttes och bandet som vuxit sedan dess","robots":{"index":"index","follow":"follow","max-snippet":"max-snippet:-1","max-image-preview":"max-image-preview:large","max-video-preview":"max-video-preview:-1"},"canonical":"https:\/\/positiveprints.com\/sv\/produkt\/personligt-smycke-dagen-vi-blev-vanner\/","og_locale":"sv_SE","og_type":"article","og_title":"Personligt smycke \u2013 Dagen vi blev v\u00e4nner","og_description":"Hedra b\u00f6rjan p\u00e5 er varaktiga v\u00e4nskap och bevara gemenskapen med ett unikt halsband  20 mm h\u00e4nge tillverkat av f\u00f6rstklassigt sterlingsilver, lasergraverat och handpolerat  V\u00e4lj en hj\u00e4rtlig text som passar tillf\u00e4llet  Anpassa p\u00e5 bara 2 minuter  Se resultatet direkt \u2013 den interaktiva f\u00f6rhandsvisningen l\u00e5ter dig justera varje detalj","og_url":"https:\/\/positiveprints.com\/sv\/produkt\/personligt-smycke-dagen-vi-blev-vanner\/","og_site_name":"Positive Prints","article_publisher":"https:\/\/www.facebook.com\/positiveprintscom","article_modified_time":"2026-04-28T12:59:53+00:00","og_image":[{"width":2280,"height":2280,"url":"https:\/\/positiveprints.com\/wp-content\/uploads\/2025\/10\/Dagen-da-vi-blev-vanner-\u2013-personligt-smycke-1.webp","type":"image\/webp"}],"twitter_card":"summary_large_image","schema":{"@context":"https:\/\/schema.org","@graph":[{"@type":["WebPage","ItemPage"],"@id":"https:\/\/positiveprints.com\/sv\/produkt\/personligt-smycke-dagen-vi-blev-vanner\/","url":"https:\/\/positiveprints.com\/sv\/produkt\/personligt-smycke-dagen-vi-blev-vanner\/","name":"Personligt smycke \u2013 Dagen vi blev v\u00e4nner - Positive Prints","isPartOf":{"@id":"https:\/\/positiveprints.com\/sv\/#website"},"primaryImageOfPage":{"@id":"https:\/\/positiveprints.com\/sv\/produkt\/personligt-smycke-dagen-vi-blev-vanner\/#primaryimage"},"image":{"@id":"https:\/\/positiveprints.com\/sv\/produkt\/personligt-smycke-dagen-vi-blev-vanner\/#primaryimage"},"thumbnailUrl":"https:\/\/positiveprints.com\/wp-content\/uploads\/2025\/10\/Dagen-da-vi-blev-vanner-\u2013-personligt-smycke-1.webp","datePublished":"2024-01-23T08:43:57+00:00","dateModified":"2026-04-28T12:59:53+00:00","description":"F\u00e5 din v\u00e4n att k\u00e4nna sig uppskattad med ett personligt smycke som vackert hyllar dagen ni m\u00f6ttes och bandet som vuxit sedan dess","breadcrumb":{"@id":"https:\/\/positiveprints.com\/sv\/produkt\/personligt-smycke-dagen-vi-blev-vanner\/#breadcrumb"},"inLanguage":"sv-SE","potentialAction":[{"@type":"ReadAction","target":["https:\/\/positiveprints.com\/sv\/produkt\/personligt-smycke-dagen-vi-blev-vanner\/"]}]},{"@type":"ImageObject","inLanguage":"sv-SE","@id":"https:\/\/positiveprints.com\/sv\/produkt\/personligt-smycke-dagen-vi-blev-vanner\/#primaryimage","url":"https:\/\/positiveprints.com\/wp-content\/uploads\/2025\/10\/Dagen-da-vi-blev-vanner-\u2013-personligt-smycke-1.webp","contentUrl":"https:\/\/positiveprints.com\/wp-content\/uploads\/2025\/10\/Dagen-da-vi-blev-vanner-\u2013-personligt-smycke-1.webp","width":2280,"height":2280},{"@type":"BreadcrumbList","@id":"https:\/\/positiveprints.com\/sv\/produkt\/personligt-smycke-dagen-vi-blev-vanner\/#breadcrumb","itemListElement":[{"@type":"ListItem","position":1,"name":"Home","item":"https:\/\/positiveprints.com\/sv\/"},{"@type":"ListItem","position":2,"name":"Produkter","item":"https:\/\/positiveprints.com\/sv\/shop\/"},{"@type":"ListItem","position":3,"name":"Personligt smycke \u2013 Dagen vi blev v\u00e4nner"}]},{"@type":"WebSite","@id":"https:\/\/positiveprints.com\/sv\/#website","url":"https:\/\/positiveprints.com\/sv\/","name":"Positive Prints","description":"Amazing Custom Personalized Gifts","publisher":{"@id":"https:\/\/positiveprints.com\/sv\/#organization"},"potentialAction":[{"@type":"SearchAction","target":{"@type":"EntryPoint","urlTemplate":"https:\/\/positiveprints.com\/sv\/?s={search_term_string}"},"query-input":{"@type":"PropertyValueSpecification","valueRequired":true,"valueName":"search_term_string"}}],"inLanguage":"sv-SE"},{"@type":"Organization","@id":"https:\/\/positiveprints.com\/sv\/#organization","name":"Positive Prints","alternateName":"Positive Prints","url":"https:\/\/positiveprints.com\/sv\/","logo":{"@type":"ImageObject","inLanguage":"sv-SE","@id":"https:\/\/positiveprints.com\/sv\/#\/schema\/logo\/image\/","url":"https:\/\/positiveprints.com\/wp-content\/uploads\/2026\/03\/245815646_1337939713319158_5671353136411139666_n.png","contentUrl":"https:\/\/positiveprints.com\/wp-content\/uploads\/2026\/03\/245815646_1337939713319158_5671353136411139666_n.png","width":800,"height":800,"caption":"Positive Prints"},"image":{"@id":"https:\/\/positiveprints.com\/sv\/#\/schema\/logo\/image\/"},"sameAs":["https:\/\/www.facebook.com\/positiveprintscom","https:\/\/www.instagram.com\/positiveprintscom\/","https:\/\/www.tiktok.com\/@positiveprintscom","https:\/\/www.pinterest.com\/positiveprintscom\/"]}]}},"jetpack_sharing_enabled":true,"_links":{"self":[{"href":"https:\/\/positiveprints.com\/sv\/wp-json\/wp\/v2\/product\/1548227","targetHints":{"allow":["GET"]}}],"collection":[{"href":"https:\/\/positiveprints.com\/sv\/wp-json\/wp\/v2\/product"}],"about":[{"href":"https:\/\/positiveprints.com\/sv\/wp-json\/wp\/v2\/types\/product"}],"wp:featuredmedia":[{"embeddable":true,"href":"https:\/\/positiveprints.com\/sv\/wp-json\/wp\/v2\/media\/1547523"}],"wp:attachment":[{"href":"https:\/\/positiveprints.com\/sv\/wp-json\/wp\/v2\/media?parent=1548227"}],"wp:term":[{"taxonomy":"product_brand","embeddable":true,"href":"https:\/\/positiveprints.com\/sv\/wp-json\/wp\/v2\/product_brand?post=1548227"},{"taxonomy":"product_cat","embeddable":true,"href":"https:\/\/positiveprints.com\/sv\/wp-json\/wp\/v2\/product_cat?post=1548227"},{"taxonomy":"product_tag","embeddable":true,"href":"https:\/\/positiveprints.com\/sv\/wp-json\/wp\/v2\/product_tag?post=1548227"}],"curies":[{"name":"wp","href":"https:\/\/api.w.org\/{rel}","templated":true}]}}