{"id":1545174,"date":"2024-01-23T08:19:51","date_gmt":"2024-01-23T07:19:51","guid":{"rendered":"https:\/\/positiveprints.com\/product\/the-day-you-were-born-jewelry\/"},"modified":"2026-04-03T02:58:08","modified_gmt":"2026-04-03T01:58:08","slug":"personligt-smycke-dagen-du-foddes","status":"publish","type":"product","link":"https:\/\/positiveprints.com\/sv\/produkt\/personligt-smycke-dagen-du-foddes\/","title":{"rendered":"Personligt smycke \u2013 Dagen du f\u00f6ddes"},"content":{"rendered":"","protected":false},"excerpt":{"rendered":"<ul class=\"check-list\">\n<li>Personalisera halsbandet &#8220;Dagen du f\u00f6ddes&#8221; och b\u00e4r stj\u00e4rnorna n\u00e4ra \u2013 en unik hyllning till detta speciella \u00f6gonblick i universum<\/li>\n<li>20 mm h\u00e4nge tillverkat av h\u00f6gkvalitativt sterlingsilver, lasergraverat och handpolerat<\/li>\n<li>V\u00e4lj en k\u00e4rleksfull text som passar tillf\u00e4llet<\/li>\n<li>Anpassa p\u00e5 bara 2 minuter<\/li>\n<li>Se resultatet direkt \u2013 den interaktiva f\u00f6rhandsgranskningen l\u00e5ter dig justera varje detalj<\/li>\n<\/ul>\n","protected":false},"featured_media":1545353,"template":"","meta":[],"product_brand":[],"product_cat":[9266,9221,9767,7459,8115,8117,11221,7694,7774,7822],"product_tag":[15100,15067,15068,15069,15070],"class_list":{"0":"post-1545174","1":"product","2":"type-product","3":"status-publish","4":"has-post-thumbnail","6":"product_cat-jewelry-sv","7":"product_cat-smycken-fran-stjarnkartor","8":"product_cat-trending-label-sv","9":"product_cat-alla-produkter","10":"product_cat-gavor-till-nyfodda-barn-presenttillfallen","11":"product_cat-fodelsedagspresenter-presenttillfallen","12":"product_cat-fodelsedagspresenter-till-henne","13":"product_cat-gavor-for-kvinnor","14":"product_cat-gavor-till-dottern","15":"product_cat-gavor-till-nya-foraldrar","16":"product_tag-birthday-pl-sv","17":"product_tag-lancuszek-sv","18":"product_tag-medalion-sv","19":"product_tag-naszyjnik-sv","20":"product_tag-wisiorek-sv","22":"first","23":"instock","24":"sale","25":"taxable","26":"shipping-taxable","27":"purchasable","28":"product-type-variable"},"yoast_head":"<!-- This site is optimized with the Yoast SEO Premium plugin v27.2 (Yoast SEO v27.2) - https:\/\/yoast.com\/product\/yoast-seo-premium-wordpress\/ -->\n<title>Personligt smycke \u2013 Dagen du f\u00f6ddes - Positive Prints<\/title>\n<meta name=\"description\" content=\"G\u00f6r f\u00f6delsedagar och firandet av nyf\u00f6dda of\u00f6rgl\u00f6mliga med personliga smycken som f\u00e5ngar magin fr\u00e5n den dag d\u00e5 n\u00e5gon speciell f\u00f6ddes.\" \/>\n<meta name=\"robots\" content=\"index, follow, max-snippet:-1, max-image-preview:large, max-video-preview:-1\" \/>\n<link rel=\"canonical\" href=\"https:\/\/positiveprints.com\/sv\/produkt\/personligt-smycke-dagen-du-foddes\/\" \/>\n<meta property=\"og:locale\" content=\"sv_SE\" \/>\n<meta property=\"og:type\" content=\"article\" \/>\n<meta property=\"og:title\" content=\"Personligt smycke \u2013 Dagen du f\u00f6ddes\" \/>\n<meta property=\"og:description\" content=\"Personalisera halsbandet &quot;Dagen du f\u00f6ddes&quot; och b\u00e4r stj\u00e4rnorna n\u00e4ra \u2013 en unik hyllning till detta speciella \u00f6gonblick i universum  20 mm h\u00e4nge tillverkat av h\u00f6gkvalitativt sterlingsilver, lasergraverat och handpolerat  V\u00e4lj en k\u00e4rleksfull text som passar tillf\u00e4llet  Anpassa p\u00e5 bara 2 minuter  Se resultatet direkt \u2013 den interaktiva f\u00f6rhandsgranskningen l\u00e5ter dig justera varje detalj\" \/>\n<meta property=\"og:url\" content=\"https:\/\/positiveprints.com\/sv\/produkt\/personligt-smycke-dagen-du-foddes\/\" \/>\n<meta property=\"og:site_name\" content=\"Positive Prints\" \/>\n<meta property=\"article:publisher\" content=\"https:\/\/www.facebook.com\/positiveprintscom\" \/>\n<meta property=\"article:modified_time\" content=\"2026-04-03T01:58:08+00:00\" \/>\n<meta property=\"og:image\" content=\"https:\/\/positiveprints.com\/wp-content\/uploads\/2025\/10\/Himlen-pa-din-fodelsedag-\u2013-personlig-smycke-1.webp\" \/>\n\t<meta property=\"og:image:width\" content=\"2280\" \/>\n\t<meta property=\"og:image:height\" content=\"2280\" \/>\n\t<meta property=\"og:image:type\" content=\"image\/webp\" \/>\n<meta name=\"twitter:card\" content=\"summary_large_image\" \/>\n<meta name=\"twitter:label1\" content=\"Ber\u00e4knad l\u00e4stid\" \/>\n\t<meta name=\"twitter:data1\" content=\"1 minut\" \/>\n<!-- \/ Yoast SEO Premium plugin. -->","yoast_head_json":{"title":"Personligt smycke \u2013 Dagen du f\u00f6ddes - Positive Prints","description":"G\u00f6r f\u00f6delsedagar och firandet av nyf\u00f6dda of\u00f6rgl\u00f6mliga med personliga smycken som f\u00e5ngar magin fr\u00e5n den dag d\u00e5 n\u00e5gon speciell f\u00f6ddes.","robots":{"index":"index","follow":"follow","max-snippet":"max-snippet:-1","max-image-preview":"max-image-preview:large","max-video-preview":"max-video-preview:-1"},"canonical":"https:\/\/positiveprints.com\/sv\/produkt\/personligt-smycke-dagen-du-foddes\/","og_locale":"sv_SE","og_type":"article","og_title":"Personligt smycke \u2013 Dagen du f\u00f6ddes","og_description":"Personalisera halsbandet \"Dagen du f\u00f6ddes\" och b\u00e4r stj\u00e4rnorna n\u00e4ra \u2013 en unik hyllning till detta speciella \u00f6gonblick i universum  20 mm h\u00e4nge tillverkat av h\u00f6gkvalitativt sterlingsilver, lasergraverat och handpolerat  V\u00e4lj en k\u00e4rleksfull text som passar tillf\u00e4llet  Anpassa p\u00e5 bara 2 minuter  Se resultatet direkt \u2013 den interaktiva f\u00f6rhandsgranskningen l\u00e5ter dig justera varje detalj","og_url":"https:\/\/positiveprints.com\/sv\/produkt\/personligt-smycke-dagen-du-foddes\/","og_site_name":"Positive Prints","article_publisher":"https:\/\/www.facebook.com\/positiveprintscom","article_modified_time":"2026-04-03T01:58:08+00:00","og_image":[{"width":2280,"height":2280,"url":"https:\/\/positiveprints.com\/wp-content\/uploads\/2025\/10\/Himlen-pa-din-fodelsedag-\u2013-personlig-smycke-1.webp","type":"image\/webp"}],"twitter_card":"summary_large_image","twitter_misc":{"Ber\u00e4knad l\u00e4stid":"1 minut"},"schema":{"@context":"https:\/\/schema.org","@graph":[{"@type":["WebPage","ItemPage"],"@id":"https:\/\/positiveprints.com\/sv\/produkt\/personligt-smycke-dagen-du-foddes\/","url":"https:\/\/positiveprints.com\/sv\/produkt\/personligt-smycke-dagen-du-foddes\/","name":"Personligt smycke \u2013 Dagen du f\u00f6ddes - Positive Prints","isPartOf":{"@id":"https:\/\/positiveprints.com\/sv\/#website"},"primaryImageOfPage":{"@id":"https:\/\/positiveprints.com\/sv\/produkt\/personligt-smycke-dagen-du-foddes\/#primaryimage"},"image":{"@id":"https:\/\/positiveprints.com\/sv\/produkt\/personligt-smycke-dagen-du-foddes\/#primaryimage"},"thumbnailUrl":"https:\/\/positiveprints.com\/wp-content\/uploads\/2025\/10\/Himlen-pa-din-fodelsedag-\u2013-personlig-smycke-1.webp","datePublished":"2024-01-23T07:19:51+00:00","dateModified":"2026-04-03T01:58:08+00:00","description":"G\u00f6r f\u00f6delsedagar och firandet av nyf\u00f6dda of\u00f6rgl\u00f6mliga med personliga smycken som f\u00e5ngar magin fr\u00e5n den dag d\u00e5 n\u00e5gon speciell f\u00f6ddes.","breadcrumb":{"@id":"https:\/\/positiveprints.com\/sv\/produkt\/personligt-smycke-dagen-du-foddes\/#breadcrumb"},"inLanguage":"sv-SE","potentialAction":[{"@type":"ReadAction","target":["https:\/\/positiveprints.com\/sv\/produkt\/personligt-smycke-dagen-du-foddes\/"]}]},{"@type":"ImageObject","inLanguage":"sv-SE","@id":"https:\/\/positiveprints.com\/sv\/produkt\/personligt-smycke-dagen-du-foddes\/#primaryimage","url":"https:\/\/positiveprints.com\/wp-content\/uploads\/2025\/10\/Himlen-pa-din-fodelsedag-\u2013-personlig-smycke-1.webp","contentUrl":"https:\/\/positiveprints.com\/wp-content\/uploads\/2025\/10\/Himlen-pa-din-fodelsedag-\u2013-personlig-smycke-1.webp","width":2280,"height":2280,"caption":"Himlen p\u00e5 din f\u00f6delsedag \u2013 personlig smycke (1)"},{"@type":"BreadcrumbList","@id":"https:\/\/positiveprints.com\/sv\/produkt\/personligt-smycke-dagen-du-foddes\/#breadcrumb","itemListElement":[{"@type":"ListItem","position":1,"name":"Home","item":"https:\/\/positiveprints.com\/sv\/"},{"@type":"ListItem","position":2,"name":"Produkter","item":"https:\/\/positiveprints.com\/sv\/shop\/"},{"@type":"ListItem","position":3,"name":"Personligt smycke \u2013 Dagen du f\u00f6ddes"}]},{"@type":"WebSite","@id":"https:\/\/positiveprints.com\/sv\/#website","url":"https:\/\/positiveprints.com\/sv\/","name":"Positive Prints","description":"Amazing Custom Personalized Gifts","publisher":{"@id":"https:\/\/positiveprints.com\/sv\/#organization"},"potentialAction":[{"@type":"SearchAction","target":{"@type":"EntryPoint","urlTemplate":"https:\/\/positiveprints.com\/sv\/?s={search_term_string}"},"query-input":{"@type":"PropertyValueSpecification","valueRequired":true,"valueName":"search_term_string"}}],"inLanguage":"sv-SE"},{"@type":"Organization","@id":"https:\/\/positiveprints.com\/sv\/#organization","name":"Positive Prints","alternateName":"Positive Prints","url":"https:\/\/positiveprints.com\/sv\/","logo":{"@type":"ImageObject","inLanguage":"sv-SE","@id":"https:\/\/positiveprints.com\/sv\/#\/schema\/logo\/image\/","url":"https:\/\/positiveprints.com\/wp-content\/uploads\/2026\/03\/245815646_1337939713319158_5671353136411139666_n.png","contentUrl":"https:\/\/positiveprints.com\/wp-content\/uploads\/2026\/03\/245815646_1337939713319158_5671353136411139666_n.png","width":800,"height":800,"caption":"Positive Prints"},"image":{"@id":"https:\/\/positiveprints.com\/sv\/#\/schema\/logo\/image\/"},"sameAs":["https:\/\/www.facebook.com\/positiveprintscom","https:\/\/www.instagram.com\/positiveprintscom\/","https:\/\/www.tiktok.com\/@positiveprintscom","https:\/\/www.pinterest.com\/positiveprintscom\/"]}]}},"jetpack_sharing_enabled":true,"_links":{"self":[{"href":"https:\/\/positiveprints.com\/sv\/wp-json\/wp\/v2\/product\/1545174","targetHints":{"allow":["GET"]}}],"collection":[{"href":"https:\/\/positiveprints.com\/sv\/wp-json\/wp\/v2\/product"}],"about":[{"href":"https:\/\/positiveprints.com\/sv\/wp-json\/wp\/v2\/types\/product"}],"wp:featuredmedia":[{"embeddable":true,"href":"https:\/\/positiveprints.com\/sv\/wp-json\/wp\/v2\/media\/1545353"}],"wp:attachment":[{"href":"https:\/\/positiveprints.com\/sv\/wp-json\/wp\/v2\/media?parent=1545174"}],"wp:term":[{"taxonomy":"product_brand","embeddable":true,"href":"https:\/\/positiveprints.com\/sv\/wp-json\/wp\/v2\/product_brand?post=1545174"},{"taxonomy":"product_cat","embeddable":true,"href":"https:\/\/positiveprints.com\/sv\/wp-json\/wp\/v2\/product_cat?post=1545174"},{"taxonomy":"product_tag","embeddable":true,"href":"https:\/\/positiveprints.com\/sv\/wp-json\/wp\/v2\/product_tag?post=1545174"}],"curies":[{"name":"wp","href":"https:\/\/api.w.org\/{rel}","templated":true}]}}