{"id":1543938,"date":"2024-01-22T19:42:13","date_gmt":"2024-01-22T18:42:13","guid":{"rendered":"https:\/\/positiveprints.com\/?post_type=product&#038;p=1543938"},"modified":"2026-04-28T14:00:16","modified_gmt":"2026-04-28T13:00:16","slug":"personligt-smycke-for-var-brollopsdag","status":"publish","type":"product","link":"https:\/\/positiveprints.com\/sv\/produkt\/personligt-smycke-for-var-brollopsdag\/","title":{"rendered":"Personligt smycke f\u00f6r v\u00e5r br\u00f6llopsdag"},"content":{"rendered":"","protected":false},"excerpt":{"rendered":"<ul class=\"check-list\">\n<li>Fira dagen d\u00e5 tv\u00e5 blev ett med ett personligt br\u00f6llopsdagssmycke<\/li>\n<li>20 mm h\u00e4nge tillverkat av h\u00f6gkvalitativt sterlingsilver, lasergraverat och handpolerat<\/li>\n<li>V\u00e4lj en k\u00e4rleksfull text som passar tillf\u00e4llet<\/li>\n<li>Anpassa p\u00e5 bara 2 minuter<\/li>\n<li>Se resultatet direkt \u2013 den interaktiva f\u00f6rhandsgranskningen l\u00e5ter dig justera varje detalj<\/li>\n<\/ul>\n","protected":false},"featured_media":1544628,"template":"","meta":[],"product_brand":[],"product_cat":[9266,9221,9767,7459,8120,7934],"product_tag":[15067,15068,15069,15071,15070],"class_list":{"0":"post-1543938","1":"product","2":"type-product","3":"status-publish","4":"has-post-thumbnail","6":"product_cat-jewelry-sv","7":"product_cat-smycken-fran-stjarnkartor","8":"product_cat-trending-label-sv","9":"product_cat-alla-produkter","10":"product_cat-brollopspresenter-presenttillfallen","11":"product_cat-gavor-till-brollopsdusch","12":"product_tag-lancuszek-sv","13":"product_tag-medalion-sv","14":"product_tag-naszyjnik-sv","15":"product_tag-wedding-pl-sv","16":"product_tag-wisiorek-sv","18":"first","19":"instock","20":"sale","21":"taxable","22":"shipping-taxable","23":"purchasable","24":"product-type-variable"},"yoast_head":"<!-- This site is optimized with the Yoast SEO Premium plugin v27.2 (Yoast SEO v27.2) - https:\/\/yoast.com\/product\/yoast-seo-premium-wordpress\/ -->\n<title>Personligt smycke f\u00f6r v\u00e5r br\u00f6llopsdag - Positive Prints<\/title>\n<meta name=\"description\" content=\"G\u00f6r din br\u00f6llopsg\u00e5va of\u00f6rgl\u00f6mlig med ett personligt smycke som vackert f\u00e5ngar k\u00e4rleken, enheten och gl\u00e4djen fr\u00e5n dagen d\u00e5 tv\u00e5 hj\u00e4rtan blev ett.\" \/>\n<meta name=\"robots\" content=\"index, follow, max-snippet:-1, max-image-preview:large, max-video-preview:-1\" \/>\n<link rel=\"canonical\" href=\"https:\/\/positiveprints.com\/sv\/produkt\/personligt-smycke-for-var-brollopsdag\/\" \/>\n<meta property=\"og:locale\" content=\"sv_SE\" \/>\n<meta property=\"og:type\" content=\"article\" \/>\n<meta property=\"og:title\" content=\"Personligt smycke f\u00f6r v\u00e5r br\u00f6llopsdag\" \/>\n<meta property=\"og:description\" content=\"Fira dagen d\u00e5 tv\u00e5 blev ett med ett personligt br\u00f6llopsdagssmycke  20 mm h\u00e4nge tillverkat av h\u00f6gkvalitativt sterlingsilver, lasergraverat och handpolerat  V\u00e4lj en k\u00e4rleksfull text som passar tillf\u00e4llet  Anpassa p\u00e5 bara 2 minuter  Se resultatet direkt \u2013 den interaktiva f\u00f6rhandsgranskningen l\u00e5ter dig justera varje detalj\" \/>\n<meta property=\"og:url\" content=\"https:\/\/positiveprints.com\/sv\/produkt\/personligt-smycke-for-var-brollopsdag\/\" \/>\n<meta property=\"og:site_name\" content=\"Positive Prints\" \/>\n<meta property=\"article:publisher\" content=\"https:\/\/www.facebook.com\/positiveprintscom\" \/>\n<meta property=\"article:modified_time\" content=\"2026-04-28T13:00:16+00:00\" \/>\n<meta property=\"og:image\" content=\"https:\/\/positiveprints.com\/wp-content\/uploads\/2025\/10\/Personligt-smycke-for-var-brollopsdag-1.webp\" \/>\n\t<meta property=\"og:image:width\" content=\"2280\" \/>\n\t<meta property=\"og:image:height\" content=\"2280\" \/>\n\t<meta property=\"og:image:type\" content=\"image\/webp\" \/>\n<meta name=\"twitter:card\" content=\"summary_large_image\" \/>\n<!-- \/ Yoast SEO Premium plugin. -->","yoast_head_json":{"title":"Personligt smycke f\u00f6r v\u00e5r br\u00f6llopsdag - Positive Prints","description":"G\u00f6r din br\u00f6llopsg\u00e5va of\u00f6rgl\u00f6mlig med ett personligt smycke som vackert f\u00e5ngar k\u00e4rleken, enheten och gl\u00e4djen fr\u00e5n dagen d\u00e5 tv\u00e5 hj\u00e4rtan blev ett.","robots":{"index":"index","follow":"follow","max-snippet":"max-snippet:-1","max-image-preview":"max-image-preview:large","max-video-preview":"max-video-preview:-1"},"canonical":"https:\/\/positiveprints.com\/sv\/produkt\/personligt-smycke-for-var-brollopsdag\/","og_locale":"sv_SE","og_type":"article","og_title":"Personligt smycke f\u00f6r v\u00e5r br\u00f6llopsdag","og_description":"Fira dagen d\u00e5 tv\u00e5 blev ett med ett personligt br\u00f6llopsdagssmycke  20 mm h\u00e4nge tillverkat av h\u00f6gkvalitativt sterlingsilver, lasergraverat och handpolerat  V\u00e4lj en k\u00e4rleksfull text som passar tillf\u00e4llet  Anpassa p\u00e5 bara 2 minuter  Se resultatet direkt \u2013 den interaktiva f\u00f6rhandsgranskningen l\u00e5ter dig justera varje detalj","og_url":"https:\/\/positiveprints.com\/sv\/produkt\/personligt-smycke-for-var-brollopsdag\/","og_site_name":"Positive Prints","article_publisher":"https:\/\/www.facebook.com\/positiveprintscom","article_modified_time":"2026-04-28T13:00:16+00:00","og_image":[{"width":2280,"height":2280,"url":"https:\/\/positiveprints.com\/wp-content\/uploads\/2025\/10\/Personligt-smycke-for-var-brollopsdag-1.webp","type":"image\/webp"}],"twitter_card":"summary_large_image","schema":{"@context":"https:\/\/schema.org","@graph":[{"@type":["WebPage","ItemPage"],"@id":"https:\/\/positiveprints.com\/sv\/produkt\/personligt-smycke-for-var-brollopsdag\/","url":"https:\/\/positiveprints.com\/sv\/produkt\/personligt-smycke-for-var-brollopsdag\/","name":"Personligt smycke f\u00f6r v\u00e5r br\u00f6llopsdag - Positive Prints","isPartOf":{"@id":"https:\/\/positiveprints.com\/sv\/#website"},"primaryImageOfPage":{"@id":"https:\/\/positiveprints.com\/sv\/produkt\/personligt-smycke-for-var-brollopsdag\/#primaryimage"},"image":{"@id":"https:\/\/positiveprints.com\/sv\/produkt\/personligt-smycke-for-var-brollopsdag\/#primaryimage"},"thumbnailUrl":"https:\/\/positiveprints.com\/wp-content\/uploads\/2025\/10\/Personligt-smycke-for-var-brollopsdag-1.webp","datePublished":"2024-01-22T18:42:13+00:00","dateModified":"2026-04-28T13:00:16+00:00","description":"G\u00f6r din br\u00f6llopsg\u00e5va of\u00f6rgl\u00f6mlig med ett personligt smycke som vackert f\u00e5ngar k\u00e4rleken, enheten och gl\u00e4djen fr\u00e5n dagen d\u00e5 tv\u00e5 hj\u00e4rtan blev ett.","breadcrumb":{"@id":"https:\/\/positiveprints.com\/sv\/produkt\/personligt-smycke-for-var-brollopsdag\/#breadcrumb"},"inLanguage":"sv-SE","potentialAction":[{"@type":"ReadAction","target":["https:\/\/positiveprints.com\/sv\/produkt\/personligt-smycke-for-var-brollopsdag\/"]}]},{"@type":"ImageObject","inLanguage":"sv-SE","@id":"https:\/\/positiveprints.com\/sv\/produkt\/personligt-smycke-for-var-brollopsdag\/#primaryimage","url":"https:\/\/positiveprints.com\/wp-content\/uploads\/2025\/10\/Personligt-smycke-for-var-brollopsdag-1.webp","contentUrl":"https:\/\/positiveprints.com\/wp-content\/uploads\/2025\/10\/Personligt-smycke-for-var-brollopsdag-1.webp","width":2280,"height":2280},{"@type":"BreadcrumbList","@id":"https:\/\/positiveprints.com\/sv\/produkt\/personligt-smycke-for-var-brollopsdag\/#breadcrumb","itemListElement":[{"@type":"ListItem","position":1,"name":"Home","item":"https:\/\/positiveprints.com\/sv\/"},{"@type":"ListItem","position":2,"name":"Produkter","item":"https:\/\/positiveprints.com\/sv\/shop\/"},{"@type":"ListItem","position":3,"name":"Personligt smycke f\u00f6r v\u00e5r br\u00f6llopsdag"}]},{"@type":"WebSite","@id":"https:\/\/positiveprints.com\/sv\/#website","url":"https:\/\/positiveprints.com\/sv\/","name":"Positive Prints","description":"Amazing Custom Personalized Gifts","publisher":{"@id":"https:\/\/positiveprints.com\/sv\/#organization"},"potentialAction":[{"@type":"SearchAction","target":{"@type":"EntryPoint","urlTemplate":"https:\/\/positiveprints.com\/sv\/?s={search_term_string}"},"query-input":{"@type":"PropertyValueSpecification","valueRequired":true,"valueName":"search_term_string"}}],"inLanguage":"sv-SE"},{"@type":"Organization","@id":"https:\/\/positiveprints.com\/sv\/#organization","name":"Positive Prints","alternateName":"Positive Prints","url":"https:\/\/positiveprints.com\/sv\/","logo":{"@type":"ImageObject","inLanguage":"sv-SE","@id":"https:\/\/positiveprints.com\/sv\/#\/schema\/logo\/image\/","url":"https:\/\/positiveprints.com\/wp-content\/uploads\/2026\/03\/245815646_1337939713319158_5671353136411139666_n.png","contentUrl":"https:\/\/positiveprints.com\/wp-content\/uploads\/2026\/03\/245815646_1337939713319158_5671353136411139666_n.png","width":800,"height":800,"caption":"Positive Prints"},"image":{"@id":"https:\/\/positiveprints.com\/sv\/#\/schema\/logo\/image\/"},"sameAs":["https:\/\/www.facebook.com\/positiveprintscom","https:\/\/www.instagram.com\/positiveprintscom\/","https:\/\/www.tiktok.com\/@positiveprintscom","https:\/\/www.pinterest.com\/positiveprintscom\/"]}]}},"jetpack_sharing_enabled":true,"_links":{"self":[{"href":"https:\/\/positiveprints.com\/sv\/wp-json\/wp\/v2\/product\/1543938","targetHints":{"allow":["GET"]}}],"collection":[{"href":"https:\/\/positiveprints.com\/sv\/wp-json\/wp\/v2\/product"}],"about":[{"href":"https:\/\/positiveprints.com\/sv\/wp-json\/wp\/v2\/types\/product"}],"wp:featuredmedia":[{"embeddable":true,"href":"https:\/\/positiveprints.com\/sv\/wp-json\/wp\/v2\/media\/1544628"}],"wp:attachment":[{"href":"https:\/\/positiveprints.com\/sv\/wp-json\/wp\/v2\/media?parent=1543938"}],"wp:term":[{"taxonomy":"product_brand","embeddable":true,"href":"https:\/\/positiveprints.com\/sv\/wp-json\/wp\/v2\/product_brand?post=1543938"},{"taxonomy":"product_cat","embeddable":true,"href":"https:\/\/positiveprints.com\/sv\/wp-json\/wp\/v2\/product_cat?post=1543938"},{"taxonomy":"product_tag","embeddable":true,"href":"https:\/\/positiveprints.com\/sv\/wp-json\/wp\/v2\/product_tag?post=1543938"}],"curies":[{"name":"wp","href":"https:\/\/api.w.org\/{rel}","templated":true}]}}