{"id":1523628,"date":"2025-09-19T10:18:38","date_gmt":"2025-09-19T08:18:38","guid":{"rendered":"https:\/\/positiveprints.com\/?post_type=product&#038;p=1523628"},"modified":"2026-04-23T10:27:29","modified_gmt":"2026-04-23T09:27:29","slug":"personlig-husillustration","status":"publish","type":"product","link":"https:\/\/positiveprints.com\/sv\/produkt\/personlig-husillustration\/","title":{"rendered":"Personlig husillustration"},"content":{"rendered":"","protected":false},"excerpt":{"rendered":"<ul class=\"check-list\">\n<li>Ladda upp ett foto av hemmet<\/li>\n<li>2 revisioner tillg\u00e4ngliga p\u00e5 beg\u00e4ran<\/li>\n<li>L\u00e4gg till ett familjenamn, inflyttningsdatum eller hj\u00e4rtligt budskap<\/li>\n<li>F\u00e5 ett prov inom 2-3 aff\u00e4rsdagar<\/li>\n<li>Flera tryckstorlekar finns att v\u00e4lja mellan<\/li>\n<\/ul>\n","protected":false},"featured_media":1524618,"template":"","meta":[],"product_brand":[],"product_cat":[9767,13595,7459,8109,8119,8108,11466,11468,11467,11476,11464,11475,7982],"product_tag":[14581,14582,14583,14584,14585,14586,15013,14587,13381,13380,13430,13460,11833,11765,15014,14588,14589,14590,14591,14592,14593,14594,14595,14596,14597,14598,14599,14600,14601],"class_list":{"0":"post-1523628","1":"product","2":"type-product","3":"status-publish","4":"has-post-thumbnail","6":"product_cat-trending-label-sv","7":"product_cat-akvarell","8":"product_cat-alla-produkter","9":"product_cat-fars-dag-present","10":"product_cat-inflyttningspresenter-presenttillfallen","11":"product_cat-julpresenter","12":"product_cat-julklappar-till-pappa","13":"product_cat-julklappar-till-mormor","14":"product_cat-julklappar-till-morfar","15":"product_cat-julklappar-till-systern","16":"product_cat-julklappar-till-brodern","17":"product_cat-julklappar-till-foraldrarna","18":"product_cat-gavor-till-pappa","19":"product_tag-appreciation-gift-for-realtor-sv","20":"product_tag-closing-gifts-sv","21":"product_tag-gift-for-new-homeowners-sv","22":"product_tag-gift-for-realtor-sv","23":"product_tag-gifts-for-realtor-sv","24":"product_tag-house-closing-gift-sv","25":"product_tag-housewarming-sv-2","26":"product_tag-housewarming-gift-sv","27":"product_tag-julklapp-till-en-morfar","28":"product_tag-julklapp-till-en-mormor","29":"product_tag-julklapp-till-syster","30":"product_tag-julklappar-till-bror","31":"product_tag-julklappar-till-mamma","32":"product_tag-julklappar-till-pappa","33":"product_tag-new-home-sv","34":"product_tag-new-home-closing-gift-sv","35":"product_tag-new-home-gift-sv","36":"product_tag-new-house-sv","37":"product_tag-new-house-celebration-gift-sv","38":"product_tag-personalized-closing-gift-sv","39":"product_tag-real-estate-agent-gift-sv","40":"product_tag-real-estate-closing-gift-sv","41":"product_tag-real-estate-gift-sv","42":"product_tag-realtor-closing-gift-sv","43":"product_tag-realtor-closing-gift-closing-gift-sv","44":"product_tag-realtor-gift-sv","45":"product_tag-realtor-gifts-sv","46":"product_tag-thank-you-gift-for-realtor-sv","47":"product_tag-thoughtful-closing-gift-sv","49":"first","50":"instock","51":"sale","52":"taxable","53":"shipping-taxable","54":"purchasable","55":"product-type-variable"},"yoast_head":"<!-- This site is optimized with the Yoast SEO Premium plugin v27.2 (Yoast SEO v27.2) - https:\/\/yoast.com\/product\/yoast-seo-premium-wordpress\/ -->\n<title>Personlig husillustration - Positive Prints<\/title>\n<meta name=\"description\" content=\"G\u00f6r ett \u00e4lskat hem till ett vackert, handm\u00e5lat vatttenf\u00e4rgskonstverk. En omt\u00e4nksam g\u00e5va f\u00f6r nya hus\u00e4gare, familjer eller f\u00f6r att minnas dr\u00f6mhemmet.\" \/>\n<meta name=\"robots\" content=\"index, follow, max-snippet:-1, max-image-preview:large, max-video-preview:-1\" \/>\n<link rel=\"canonical\" href=\"https:\/\/positiveprints.com\/sv\/produkt\/personlig-husillustration\/\" \/>\n<meta property=\"og:locale\" content=\"sv_SE\" \/>\n<meta property=\"og:type\" content=\"article\" \/>\n<meta property=\"og:title\" content=\"Personlig husillustration\" \/>\n<meta property=\"og:description\" content=\"Ladda upp ett foto av hemmet 2 revisioner tillg\u00e4ngliga p\u00e5 beg\u00e4ran L\u00e4gg till ett familjenamn, inflyttningsdatum eller hj\u00e4rtligt budskap F\u00e5 ett prov inom 2-3 aff\u00e4rsdagar Flera tryckstorlekar finns att v\u00e4lja mellan\" \/>\n<meta property=\"og:url\" content=\"https:\/\/positiveprints.com\/sv\/produkt\/personlig-husillustration\/\" \/>\n<meta property=\"og:site_name\" content=\"Positive Prints\" \/>\n<meta property=\"article:publisher\" content=\"https:\/\/www.facebook.com\/positiveprintscom\" \/>\n<meta property=\"article:modified_time\" content=\"2026-04-23T09:27:29+00:00\" \/>\n<meta property=\"og:image\" content=\"https:\/\/positiveprints.com\/wp-content\/uploads\/2025\/09\/Personlig-husillustration-Packshot_SE_XX.webp\" \/>\n\t<meta property=\"og:image:width\" content=\"1450\" \/>\n\t<meta property=\"og:image:height\" content=\"1450\" \/>\n\t<meta property=\"og:image:type\" content=\"image\/webp\" \/>\n<meta name=\"twitter:card\" content=\"summary_large_image\" \/>\n<meta name=\"twitter:label1\" content=\"Ber\u00e4knad l\u00e4stid\" \/>\n\t<meta name=\"twitter:data1\" content=\"1 minut\" \/>\n<!-- \/ Yoast SEO Premium plugin. -->","yoast_head_json":{"title":"Personlig husillustration - Positive Prints","description":"G\u00f6r ett \u00e4lskat hem till ett vackert, handm\u00e5lat vatttenf\u00e4rgskonstverk. En omt\u00e4nksam g\u00e5va f\u00f6r nya hus\u00e4gare, familjer eller f\u00f6r att minnas dr\u00f6mhemmet.","robots":{"index":"index","follow":"follow","max-snippet":"max-snippet:-1","max-image-preview":"max-image-preview:large","max-video-preview":"max-video-preview:-1"},"canonical":"https:\/\/positiveprints.com\/sv\/produkt\/personlig-husillustration\/","og_locale":"sv_SE","og_type":"article","og_title":"Personlig husillustration","og_description":"Ladda upp ett foto av hemmet 2 revisioner tillg\u00e4ngliga p\u00e5 beg\u00e4ran L\u00e4gg till ett familjenamn, inflyttningsdatum eller hj\u00e4rtligt budskap F\u00e5 ett prov inom 2-3 aff\u00e4rsdagar Flera tryckstorlekar finns att v\u00e4lja mellan","og_url":"https:\/\/positiveprints.com\/sv\/produkt\/personlig-husillustration\/","og_site_name":"Positive Prints","article_publisher":"https:\/\/www.facebook.com\/positiveprintscom","article_modified_time":"2026-04-23T09:27:29+00:00","og_image":[{"width":1450,"height":1450,"url":"https:\/\/positiveprints.com\/wp-content\/uploads\/2025\/09\/Personlig-husillustration-Packshot_SE_XX.webp","type":"image\/webp"}],"twitter_card":"summary_large_image","twitter_misc":{"Ber\u00e4knad l\u00e4stid":"1 minut"},"schema":{"@context":"https:\/\/schema.org","@graph":[{"@type":["WebPage","ItemPage"],"@id":"https:\/\/positiveprints.com\/sv\/produkt\/personlig-husillustration\/","url":"https:\/\/positiveprints.com\/sv\/produkt\/personlig-husillustration\/","name":"Personlig husillustration - Positive Prints","isPartOf":{"@id":"https:\/\/positiveprints.com\/sv\/#website"},"primaryImageOfPage":{"@id":"https:\/\/positiveprints.com\/sv\/produkt\/personlig-husillustration\/#primaryimage"},"image":{"@id":"https:\/\/positiveprints.com\/sv\/produkt\/personlig-husillustration\/#primaryimage"},"thumbnailUrl":"https:\/\/positiveprints.com\/wp-content\/uploads\/2025\/09\/Personlig-husillustration-Packshot_SE_XX.webp","datePublished":"2025-09-19T08:18:38+00:00","dateModified":"2026-04-23T09:27:29+00:00","description":"G\u00f6r ett \u00e4lskat hem till ett vackert, handm\u00e5lat vatttenf\u00e4rgskonstverk. En omt\u00e4nksam g\u00e5va f\u00f6r nya hus\u00e4gare, familjer eller f\u00f6r att minnas dr\u00f6mhemmet.","breadcrumb":{"@id":"https:\/\/positiveprints.com\/sv\/produkt\/personlig-husillustration\/#breadcrumb"},"inLanguage":"sv-SE","potentialAction":[{"@type":"ReadAction","target":["https:\/\/positiveprints.com\/sv\/produkt\/personlig-husillustration\/"]}]},{"@type":"ImageObject","inLanguage":"sv-SE","@id":"https:\/\/positiveprints.com\/sv\/produkt\/personlig-husillustration\/#primaryimage","url":"https:\/\/positiveprints.com\/wp-content\/uploads\/2025\/09\/Personlig-husillustration-Packshot_SE_XX.webp","contentUrl":"https:\/\/positiveprints.com\/wp-content\/uploads\/2025\/09\/Personlig-husillustration-Packshot_SE_XX.webp","width":1450,"height":1450,"caption":"Personlig husillustration"},{"@type":"BreadcrumbList","@id":"https:\/\/positiveprints.com\/sv\/produkt\/personlig-husillustration\/#breadcrumb","itemListElement":[{"@type":"ListItem","position":1,"name":"Home","item":"https:\/\/positiveprints.com\/sv\/"},{"@type":"ListItem","position":2,"name":"Produkter","item":"https:\/\/positiveprints.com\/sv\/shop\/"},{"@type":"ListItem","position":3,"name":"Personlig husillustration"}]},{"@type":"WebSite","@id":"https:\/\/positiveprints.com\/sv\/#website","url":"https:\/\/positiveprints.com\/sv\/","name":"Positive Prints","description":"Amazing Custom Personalized Gifts","publisher":{"@id":"https:\/\/positiveprints.com\/sv\/#organization"},"potentialAction":[{"@type":"SearchAction","target":{"@type":"EntryPoint","urlTemplate":"https:\/\/positiveprints.com\/sv\/?s={search_term_string}"},"query-input":{"@type":"PropertyValueSpecification","valueRequired":true,"valueName":"search_term_string"}}],"inLanguage":"sv-SE"},{"@type":"Organization","@id":"https:\/\/positiveprints.com\/sv\/#organization","name":"Positive Prints","alternateName":"Positive Prints","url":"https:\/\/positiveprints.com\/sv\/","logo":{"@type":"ImageObject","inLanguage":"sv-SE","@id":"https:\/\/positiveprints.com\/sv\/#\/schema\/logo\/image\/","url":"https:\/\/positiveprints.com\/wp-content\/uploads\/2026\/03\/245815646_1337939713319158_5671353136411139666_n.png","contentUrl":"https:\/\/positiveprints.com\/wp-content\/uploads\/2026\/03\/245815646_1337939713319158_5671353136411139666_n.png","width":800,"height":800,"caption":"Positive Prints"},"image":{"@id":"https:\/\/positiveprints.com\/sv\/#\/schema\/logo\/image\/"},"sameAs":["https:\/\/www.facebook.com\/positiveprintscom","https:\/\/www.instagram.com\/positiveprintscom\/","https:\/\/www.tiktok.com\/@positiveprintscom","https:\/\/www.pinterest.com\/positiveprintscom\/"]}]}},"jetpack_sharing_enabled":true,"_links":{"self":[{"href":"https:\/\/positiveprints.com\/sv\/wp-json\/wp\/v2\/product\/1523628","targetHints":{"allow":["GET"]}}],"collection":[{"href":"https:\/\/positiveprints.com\/sv\/wp-json\/wp\/v2\/product"}],"about":[{"href":"https:\/\/positiveprints.com\/sv\/wp-json\/wp\/v2\/types\/product"}],"wp:featuredmedia":[{"embeddable":true,"href":"https:\/\/positiveprints.com\/sv\/wp-json\/wp\/v2\/media\/1524618"}],"wp:attachment":[{"href":"https:\/\/positiveprints.com\/sv\/wp-json\/wp\/v2\/media?parent=1523628"}],"wp:term":[{"taxonomy":"product_brand","embeddable":true,"href":"https:\/\/positiveprints.com\/sv\/wp-json\/wp\/v2\/product_brand?post=1523628"},{"taxonomy":"product_cat","embeddable":true,"href":"https:\/\/positiveprints.com\/sv\/wp-json\/wp\/v2\/product_cat?post=1523628"},{"taxonomy":"product_tag","embeddable":true,"href":"https:\/\/positiveprints.com\/sv\/wp-json\/wp\/v2\/product_tag?post=1523628"}],"curies":[{"name":"wp","href":"https:\/\/api.w.org\/{rel}","templated":true}]}}