{"id":1522661,"date":"2025-09-19T08:58:28","date_gmt":"2025-09-19T06:58:28","guid":{"rendered":"https:\/\/positiveprints.com\/?post_type=product&#038;p=1522661"},"modified":"2026-04-03T02:21:57","modified_gmt":"2026-04-03T01:21:57","slug":"personligt-skolportratt-i-vattenfarg","status":"publish","type":"product","link":"https:\/\/positiveprints.com\/sv\/produkt\/personligt-skolportratt-i-vattenfarg\/","title":{"rendered":"Personligt skolportr\u00e4tt i vattenf\u00e4rg"},"content":{"rendered":"","protected":false},"excerpt":{"rendered":"<ul class=\"check-list\">\n<li>Ladda upp ett foto av din skolbyggnad<\/li>\n<li>2 revisioner tillg\u00e4ngliga p\u00e5 beg\u00e4ran<\/li>\n<li>Slappna av medan v\u00e5ra konstn\u00e4rer skapar ditt personliga konstverk<\/li>\n<li>F\u00e5 ett prov inom 2-3 aff\u00e4rsdagar<\/li>\n<li>Flera tryckstorlekar finns att v\u00e4lja mellan<\/li>\n<\/ul>\n","protected":false},"featured_media":1523121,"template":"","meta":[],"product_brand":[],"product_cat":[13595,7459,7918,7870,9767],"product_tag":[16702,16703,8497,16433,16971,16889,16435,16327,16434],"class_list":{"0":"post-1522661","1":"product","2":"type-product","3":"status-publish","4":"has-post-thumbnail","6":"product_cat-akvarell","7":"product_cat-alla-produkter","8":"product_cat-gavor-till-graduatie","9":"product_cat-gavor-till-larare","10":"product_cat-trending-label-sv","11":"product_tag-examenspresent","12":"product_tag-examenspresenter","13":"product_tag-graduation-sv","14":"product_tag-larare","15":"product_tag-present-till-larare","16":"product_tag-presenter-till-larare","17":"product_tag-presentideer-till-larare","18":"product_tag-tackpresent-till-larare","19":"product_tag-uppskattningspresent-till-larare","21":"first","22":"instock","23":"sale","24":"taxable","25":"shipping-taxable","26":"purchasable","27":"product-type-variable"},"yoast_head":"<!-- This site is optimized with the Yoast SEO Premium plugin v27.2 (Yoast SEO v27.2) - https:\/\/yoast.com\/product\/yoast-seo-premium-wordpress\/ -->\n<title>Personligt skolportr\u00e4tt i vattenf\u00e4rg - Positive Prints<\/title>\n<meta name=\"description\" content=\"F\u00f6reviga en speciell plats f\u00f6r kunskap med anpassad vattenf\u00e4rgskonst. En hj\u00e4rtlig g\u00e5va f\u00f6r l\u00e4rare, elever eller stolta f\u00f6r\u00e4ldrar f\u00f6r att hylla skolminnen.\" \/>\n<meta name=\"robots\" content=\"index, follow, max-snippet:-1, max-image-preview:large, max-video-preview:-1\" \/>\n<link rel=\"canonical\" href=\"https:\/\/positiveprints.com\/sv\/produkt\/personligt-skolportratt-i-vattenfarg\/\" \/>\n<meta property=\"og:locale\" content=\"sv_SE\" \/>\n<meta property=\"og:type\" content=\"article\" \/>\n<meta property=\"og:title\" content=\"Personligt skolportr\u00e4tt i vattenf\u00e4rg\" \/>\n<meta property=\"og:description\" content=\"Ladda upp ett foto av din skolbyggnad 2 revisioner tillg\u00e4ngliga p\u00e5 beg\u00e4ran Slappna av medan v\u00e5ra konstn\u00e4rer skapar ditt personliga konstverk F\u00e5 ett prov inom 2-3 aff\u00e4rsdagar Flera tryckstorlekar finns att v\u00e4lja mellan\" \/>\n<meta property=\"og:url\" content=\"https:\/\/positiveprints.com\/sv\/produkt\/personligt-skolportratt-i-vattenfarg\/\" \/>\n<meta property=\"og:site_name\" content=\"Positive Prints\" \/>\n<meta property=\"article:publisher\" content=\"https:\/\/www.facebook.com\/positiveprintscom\" \/>\n<meta property=\"article:modified_time\" content=\"2026-04-03T01:21:57+00:00\" \/>\n<meta property=\"og:image\" content=\"https:\/\/positiveprints.com\/wp-content\/uploads\/2025\/09\/Personligt-skolportra\u0308tt-i-vattenfa\u0308rg-Packshot_SE_XX.webp\" \/>\n\t<meta property=\"og:image:width\" content=\"1450\" \/>\n\t<meta property=\"og:image:height\" content=\"1450\" \/>\n\t<meta property=\"og:image:type\" content=\"image\/webp\" \/>\n<meta name=\"twitter:card\" content=\"summary_large_image\" \/>\n<meta name=\"twitter:label1\" content=\"Ber\u00e4knad l\u00e4stid\" \/>\n\t<meta name=\"twitter:data1\" content=\"1 minut\" \/>\n<!-- \/ Yoast SEO Premium plugin. -->","yoast_head_json":{"title":"Personligt skolportr\u00e4tt i vattenf\u00e4rg - Positive Prints","description":"F\u00f6reviga en speciell plats f\u00f6r kunskap med anpassad vattenf\u00e4rgskonst. En hj\u00e4rtlig g\u00e5va f\u00f6r l\u00e4rare, elever eller stolta f\u00f6r\u00e4ldrar f\u00f6r att hylla skolminnen.","robots":{"index":"index","follow":"follow","max-snippet":"max-snippet:-1","max-image-preview":"max-image-preview:large","max-video-preview":"max-video-preview:-1"},"canonical":"https:\/\/positiveprints.com\/sv\/produkt\/personligt-skolportratt-i-vattenfarg\/","og_locale":"sv_SE","og_type":"article","og_title":"Personligt skolportr\u00e4tt i vattenf\u00e4rg","og_description":"Ladda upp ett foto av din skolbyggnad 2 revisioner tillg\u00e4ngliga p\u00e5 beg\u00e4ran Slappna av medan v\u00e5ra konstn\u00e4rer skapar ditt personliga konstverk F\u00e5 ett prov inom 2-3 aff\u00e4rsdagar Flera tryckstorlekar finns att v\u00e4lja mellan","og_url":"https:\/\/positiveprints.com\/sv\/produkt\/personligt-skolportratt-i-vattenfarg\/","og_site_name":"Positive Prints","article_publisher":"https:\/\/www.facebook.com\/positiveprintscom","article_modified_time":"2026-04-03T01:21:57+00:00","og_image":[{"width":1450,"height":1450,"url":"https:\/\/positiveprints.com\/wp-content\/uploads\/2025\/09\/Personligt-skolportra\u0308tt-i-vattenfa\u0308rg-Packshot_SE_XX.webp","type":"image\/webp"}],"twitter_card":"summary_large_image","twitter_misc":{"Ber\u00e4knad l\u00e4stid":"1 minut"},"schema":{"@context":"https:\/\/schema.org","@graph":[{"@type":["WebPage","ItemPage"],"@id":"https:\/\/positiveprints.com\/sv\/produkt\/personligt-skolportratt-i-vattenfarg\/","url":"https:\/\/positiveprints.com\/sv\/produkt\/personligt-skolportratt-i-vattenfarg\/","name":"Personligt skolportr\u00e4tt i vattenf\u00e4rg - Positive Prints","isPartOf":{"@id":"https:\/\/positiveprints.com\/sv\/#website"},"primaryImageOfPage":{"@id":"https:\/\/positiveprints.com\/sv\/produkt\/personligt-skolportratt-i-vattenfarg\/#primaryimage"},"image":{"@id":"https:\/\/positiveprints.com\/sv\/produkt\/personligt-skolportratt-i-vattenfarg\/#primaryimage"},"thumbnailUrl":"https:\/\/positiveprints.com\/wp-content\/uploads\/2025\/09\/Personligt-skolportra\u0308tt-i-vattenfa\u0308rg-Packshot_SE_XX.webp","datePublished":"2025-09-19T06:58:28+00:00","dateModified":"2026-04-03T01:21:57+00:00","description":"F\u00f6reviga en speciell plats f\u00f6r kunskap med anpassad vattenf\u00e4rgskonst. En hj\u00e4rtlig g\u00e5va f\u00f6r l\u00e4rare, elever eller stolta f\u00f6r\u00e4ldrar f\u00f6r att hylla skolminnen.","breadcrumb":{"@id":"https:\/\/positiveprints.com\/sv\/produkt\/personligt-skolportratt-i-vattenfarg\/#breadcrumb"},"inLanguage":"sv-SE","potentialAction":[{"@type":"ReadAction","target":["https:\/\/positiveprints.com\/sv\/produkt\/personligt-skolportratt-i-vattenfarg\/"]}]},{"@type":"ImageObject","inLanguage":"sv-SE","@id":"https:\/\/positiveprints.com\/sv\/produkt\/personligt-skolportratt-i-vattenfarg\/#primaryimage","url":"https:\/\/positiveprints.com\/wp-content\/uploads\/2025\/09\/Personligt-skolportra\u0308tt-i-vattenfa\u0308rg-Packshot_SE_XX.webp","contentUrl":"https:\/\/positiveprints.com\/wp-content\/uploads\/2025\/09\/Personligt-skolportra\u0308tt-i-vattenfa\u0308rg-Packshot_SE_XX.webp","width":1450,"height":1450,"caption":"Personligt skolportra\u0308tt i vattenfa\u0308rg"},{"@type":"BreadcrumbList","@id":"https:\/\/positiveprints.com\/sv\/produkt\/personligt-skolportratt-i-vattenfarg\/#breadcrumb","itemListElement":[{"@type":"ListItem","position":1,"name":"Home","item":"https:\/\/positiveprints.com\/sv\/"},{"@type":"ListItem","position":2,"name":"Produkter","item":"https:\/\/positiveprints.com\/sv\/shop\/"},{"@type":"ListItem","position":3,"name":"Personligt skolportr\u00e4tt i vattenf\u00e4rg"}]},{"@type":"WebSite","@id":"https:\/\/positiveprints.com\/sv\/#website","url":"https:\/\/positiveprints.com\/sv\/","name":"Positive Prints","description":"Amazing Custom Personalized Gifts","publisher":{"@id":"https:\/\/positiveprints.com\/sv\/#organization"},"potentialAction":[{"@type":"SearchAction","target":{"@type":"EntryPoint","urlTemplate":"https:\/\/positiveprints.com\/sv\/?s={search_term_string}"},"query-input":{"@type":"PropertyValueSpecification","valueRequired":true,"valueName":"search_term_string"}}],"inLanguage":"sv-SE"},{"@type":"Organization","@id":"https:\/\/positiveprints.com\/sv\/#organization","name":"Positive Prints","alternateName":"Positive Prints","url":"https:\/\/positiveprints.com\/sv\/","logo":{"@type":"ImageObject","inLanguage":"sv-SE","@id":"https:\/\/positiveprints.com\/sv\/#\/schema\/logo\/image\/","url":"https:\/\/positiveprints.com\/wp-content\/uploads\/2026\/03\/245815646_1337939713319158_5671353136411139666_n.png","contentUrl":"https:\/\/positiveprints.com\/wp-content\/uploads\/2026\/03\/245815646_1337939713319158_5671353136411139666_n.png","width":800,"height":800,"caption":"Positive Prints"},"image":{"@id":"https:\/\/positiveprints.com\/sv\/#\/schema\/logo\/image\/"},"sameAs":["https:\/\/www.facebook.com\/positiveprintscom","https:\/\/www.instagram.com\/positiveprintscom\/","https:\/\/www.tiktok.com\/@positiveprintscom","https:\/\/www.pinterest.com\/positiveprintscom\/"]}]}},"jetpack_sharing_enabled":true,"_links":{"self":[{"href":"https:\/\/positiveprints.com\/sv\/wp-json\/wp\/v2\/product\/1522661","targetHints":{"allow":["GET"]}}],"collection":[{"href":"https:\/\/positiveprints.com\/sv\/wp-json\/wp\/v2\/product"}],"about":[{"href":"https:\/\/positiveprints.com\/sv\/wp-json\/wp\/v2\/types\/product"}],"wp:featuredmedia":[{"embeddable":true,"href":"https:\/\/positiveprints.com\/sv\/wp-json\/wp\/v2\/media\/1523121"}],"wp:attachment":[{"href":"https:\/\/positiveprints.com\/sv\/wp-json\/wp\/v2\/media?parent=1522661"}],"wp:term":[{"taxonomy":"product_brand","embeddable":true,"href":"https:\/\/positiveprints.com\/sv\/wp-json\/wp\/v2\/product_brand?post=1522661"},{"taxonomy":"product_cat","embeddable":true,"href":"https:\/\/positiveprints.com\/sv\/wp-json\/wp\/v2\/product_cat?post=1522661"},{"taxonomy":"product_tag","embeddable":true,"href":"https:\/\/positiveprints.com\/sv\/wp-json\/wp\/v2\/product_tag?post=1522661"}],"curies":[{"name":"wp","href":"https:\/\/api.w.org\/{rel}","templated":true}]}}