{"id":1521564,"date":"2025-09-18T12:28:57","date_gmt":"2025-09-18T10:28:57","guid":{"rendered":"https:\/\/positiveprints.com\/?post_type=product&#038;p=1521564"},"modified":"2026-04-07T11:55:05","modified_gmt":"2026-04-07T10:55:05","slug":"personligt-arbetsplatsportratt-i-vattenfarg","status":"publish","type":"product","link":"https:\/\/positiveprints.com\/sv\/produkt\/personligt-arbetsplatsportratt-i-vattenfarg\/","title":{"rendered":"Personligt arbetsplatsportr\u00e4tt i vattenf\u00e4rg"},"content":{"rendered":"","protected":false},"excerpt":{"rendered":"<ul class=\"check-list\">\n<li>Ladda upp ett foto av byggnaden\/lokalen<\/li>\n<li>2 revisioner tillg\u00e4ngliga p\u00e5 beg\u00e4ran<\/li>\n<li>Slappna av medan v\u00e5ra konstn\u00e4rer skapar ditt personliga konstverk<\/li>\n<li>F\u00e5 ett prov inom 2-3 aff\u00e4rsdagar<\/li>\n<li>Flera tryckstorlekar finns att v\u00e4lja mellan<\/li>\n<\/ul>\n","protected":false},"featured_media":1522155,"template":"","meta":[],"product_brand":[],"product_cat":[13595,7459,9281,8108,7950,11465],"product_tag":[13263,13265,16497,16498,13267,13268,14989,13269,13264],"class_list":{"0":"post-1521564","1":"product","2":"type-product","3":"status-publish","4":"has-post-thumbnail","6":"product_cat-akvarell","7":"product_cat-alla-produkter","8":"product_cat-bestsellers-label-sv","9":"product_cat-julpresenter","10":"product_cat-gavor-till-pensionering","11":"product_cat-julklappar-till-kollegorna","12":"product_tag-julklapp-till-en-kollega","13":"product_tag-kollega","14":"product_tag-pensionspresent","15":"product_tag-pensionspresenter","16":"product_tag-present-till-en-kollega","17":"product_tag-presenter-till-kollegor","18":"product_tag-retirement-sv-2","19":"product_tag-tackpresent-till-en-kollega","20":"product_tag-uppskattningspresent-till-en-kollega","22":"first","23":"instock","24":"sale","25":"taxable","26":"shipping-taxable","27":"purchasable","28":"product-type-variable"},"yoast_head":"<!-- This site is optimized with the Yoast SEO Premium plugin v27.2 (Yoast SEO v27.2) - https:\/\/yoast.com\/product\/yoast-seo-premium-wordpress\/ -->\n<title>Personligt arbetsplatsportr\u00e4tt i vattenf\u00e4rg - Positive Prints<\/title>\n<meta name=\"description\" content=\"En meningsfull g\u00e5va f\u00f6r kollegor eller chefer \u2013 f\u00f6rvandla ett kontor, butik eller studio till ett anpassat vattenf\u00e4rgstryck. Perfekt present f\u00f6r pension, ny\u00f6ppning eller milstolpar.\" \/>\n<meta name=\"robots\" content=\"index, follow, max-snippet:-1, max-image-preview:large, max-video-preview:-1\" \/>\n<link rel=\"canonical\" href=\"https:\/\/positiveprints.com\/sv\/produkt\/personligt-arbetsplatsportratt-i-vattenfarg\/\" \/>\n<meta property=\"og:locale\" content=\"sv_SE\" \/>\n<meta property=\"og:type\" content=\"article\" \/>\n<meta property=\"og:title\" content=\"Personligt arbetsplatsportr\u00e4tt i vattenf\u00e4rg\" \/>\n<meta property=\"og:description\" content=\"Ladda upp ett foto av byggnaden\/lokalen 2 revisioner tillg\u00e4ngliga p\u00e5 beg\u00e4ran Slappna av medan v\u00e5ra konstn\u00e4rer skapar ditt personliga konstverk F\u00e5 ett prov inom 2-3 aff\u00e4rsdagar Flera tryckstorlekar finns att v\u00e4lja mellan\" \/>\n<meta property=\"og:url\" content=\"https:\/\/positiveprints.com\/sv\/produkt\/personligt-arbetsplatsportratt-i-vattenfarg\/\" \/>\n<meta property=\"og:site_name\" content=\"Positive Prints\" \/>\n<meta property=\"article:publisher\" content=\"https:\/\/www.facebook.com\/positiveprintscom\" \/>\n<meta property=\"article:modified_time\" content=\"2026-04-07T10:55:05+00:00\" \/>\n<meta property=\"og:image\" content=\"https:\/\/positiveprints.com\/wp-content\/uploads\/2025\/09\/Personligt-arbetsplatsportra\u0308tt-i-vattenfa\u0308rg-Packshot_SE_XX.webp\" \/>\n\t<meta property=\"og:image:width\" content=\"1450\" \/>\n\t<meta property=\"og:image:height\" content=\"1450\" \/>\n\t<meta property=\"og:image:type\" content=\"image\/webp\" \/>\n<meta name=\"twitter:card\" content=\"summary_large_image\" \/>\n<meta name=\"twitter:label1\" content=\"Ber\u00e4knad l\u00e4stid\" \/>\n\t<meta name=\"twitter:data1\" content=\"1 minut\" \/>\n<!-- \/ Yoast SEO Premium plugin. -->","yoast_head_json":{"title":"Personligt arbetsplatsportr\u00e4tt i vattenf\u00e4rg - Positive Prints","description":"En meningsfull g\u00e5va f\u00f6r kollegor eller chefer \u2013 f\u00f6rvandla ett kontor, butik eller studio till ett anpassat vattenf\u00e4rgstryck. Perfekt present f\u00f6r pension, ny\u00f6ppning eller milstolpar.","robots":{"index":"index","follow":"follow","max-snippet":"max-snippet:-1","max-image-preview":"max-image-preview:large","max-video-preview":"max-video-preview:-1"},"canonical":"https:\/\/positiveprints.com\/sv\/produkt\/personligt-arbetsplatsportratt-i-vattenfarg\/","og_locale":"sv_SE","og_type":"article","og_title":"Personligt arbetsplatsportr\u00e4tt i vattenf\u00e4rg","og_description":"Ladda upp ett foto av byggnaden\/lokalen 2 revisioner tillg\u00e4ngliga p\u00e5 beg\u00e4ran Slappna av medan v\u00e5ra konstn\u00e4rer skapar ditt personliga konstverk F\u00e5 ett prov inom 2-3 aff\u00e4rsdagar Flera tryckstorlekar finns att v\u00e4lja mellan","og_url":"https:\/\/positiveprints.com\/sv\/produkt\/personligt-arbetsplatsportratt-i-vattenfarg\/","og_site_name":"Positive Prints","article_publisher":"https:\/\/www.facebook.com\/positiveprintscom","article_modified_time":"2026-04-07T10:55:05+00:00","og_image":[{"width":1450,"height":1450,"url":"https:\/\/positiveprints.com\/wp-content\/uploads\/2025\/09\/Personligt-arbetsplatsportra\u0308tt-i-vattenfa\u0308rg-Packshot_SE_XX.webp","type":"image\/webp"}],"twitter_card":"summary_large_image","twitter_misc":{"Ber\u00e4knad l\u00e4stid":"1 minut"},"schema":{"@context":"https:\/\/schema.org","@graph":[{"@type":["WebPage","ItemPage"],"@id":"https:\/\/positiveprints.com\/sv\/produkt\/personligt-arbetsplatsportratt-i-vattenfarg\/","url":"https:\/\/positiveprints.com\/sv\/produkt\/personligt-arbetsplatsportratt-i-vattenfarg\/","name":"Personligt arbetsplatsportr\u00e4tt i vattenf\u00e4rg - Positive Prints","isPartOf":{"@id":"https:\/\/positiveprints.com\/sv\/#website"},"primaryImageOfPage":{"@id":"https:\/\/positiveprints.com\/sv\/produkt\/personligt-arbetsplatsportratt-i-vattenfarg\/#primaryimage"},"image":{"@id":"https:\/\/positiveprints.com\/sv\/produkt\/personligt-arbetsplatsportratt-i-vattenfarg\/#primaryimage"},"thumbnailUrl":"https:\/\/positiveprints.com\/wp-content\/uploads\/2025\/09\/Personligt-arbetsplatsportra\u0308tt-i-vattenfa\u0308rg-Packshot_SE_XX.webp","datePublished":"2025-09-18T10:28:57+00:00","dateModified":"2026-04-07T10:55:05+00:00","description":"En meningsfull g\u00e5va f\u00f6r kollegor eller chefer \u2013 f\u00f6rvandla ett kontor, butik eller studio till ett anpassat vattenf\u00e4rgstryck. Perfekt present f\u00f6r pension, ny\u00f6ppning eller milstolpar.","breadcrumb":{"@id":"https:\/\/positiveprints.com\/sv\/produkt\/personligt-arbetsplatsportratt-i-vattenfarg\/#breadcrumb"},"inLanguage":"sv-SE","potentialAction":[{"@type":"ReadAction","target":["https:\/\/positiveprints.com\/sv\/produkt\/personligt-arbetsplatsportratt-i-vattenfarg\/"]}]},{"@type":"ImageObject","inLanguage":"sv-SE","@id":"https:\/\/positiveprints.com\/sv\/produkt\/personligt-arbetsplatsportratt-i-vattenfarg\/#primaryimage","url":"https:\/\/positiveprints.com\/wp-content\/uploads\/2025\/09\/Personligt-arbetsplatsportra\u0308tt-i-vattenfa\u0308rg-Packshot_SE_XX.webp","contentUrl":"https:\/\/positiveprints.com\/wp-content\/uploads\/2025\/09\/Personligt-arbetsplatsportra\u0308tt-i-vattenfa\u0308rg-Packshot_SE_XX.webp","width":1450,"height":1450,"caption":"Personligt arbetsplatsportra\u0308tt i vattenfa\u0308rg"},{"@type":"BreadcrumbList","@id":"https:\/\/positiveprints.com\/sv\/produkt\/personligt-arbetsplatsportratt-i-vattenfarg\/#breadcrumb","itemListElement":[{"@type":"ListItem","position":1,"name":"Home","item":"https:\/\/positiveprints.com\/sv\/"},{"@type":"ListItem","position":2,"name":"Produkter","item":"https:\/\/positiveprints.com\/sv\/shop\/"},{"@type":"ListItem","position":3,"name":"Personligt arbetsplatsportr\u00e4tt i vattenf\u00e4rg"}]},{"@type":"WebSite","@id":"https:\/\/positiveprints.com\/sv\/#website","url":"https:\/\/positiveprints.com\/sv\/","name":"Positive Prints","description":"Amazing Custom Personalized Gifts","publisher":{"@id":"https:\/\/positiveprints.com\/sv\/#organization"},"potentialAction":[{"@type":"SearchAction","target":{"@type":"EntryPoint","urlTemplate":"https:\/\/positiveprints.com\/sv\/?s={search_term_string}"},"query-input":{"@type":"PropertyValueSpecification","valueRequired":true,"valueName":"search_term_string"}}],"inLanguage":"sv-SE"},{"@type":"Organization","@id":"https:\/\/positiveprints.com\/sv\/#organization","name":"Positive Prints","alternateName":"Positive Prints","url":"https:\/\/positiveprints.com\/sv\/","logo":{"@type":"ImageObject","inLanguage":"sv-SE","@id":"https:\/\/positiveprints.com\/sv\/#\/schema\/logo\/image\/","url":"https:\/\/positiveprints.com\/wp-content\/uploads\/2026\/03\/245815646_1337939713319158_5671353136411139666_n.png","contentUrl":"https:\/\/positiveprints.com\/wp-content\/uploads\/2026\/03\/245815646_1337939713319158_5671353136411139666_n.png","width":800,"height":800,"caption":"Positive Prints"},"image":{"@id":"https:\/\/positiveprints.com\/sv\/#\/schema\/logo\/image\/"},"sameAs":["https:\/\/www.facebook.com\/positiveprintscom","https:\/\/www.instagram.com\/positiveprintscom\/","https:\/\/www.tiktok.com\/@positiveprintscom","https:\/\/www.pinterest.com\/positiveprintscom\/"]}]}},"jetpack_sharing_enabled":true,"_links":{"self":[{"href":"https:\/\/positiveprints.com\/sv\/wp-json\/wp\/v2\/product\/1521564","targetHints":{"allow":["GET"]}}],"collection":[{"href":"https:\/\/positiveprints.com\/sv\/wp-json\/wp\/v2\/product"}],"about":[{"href":"https:\/\/positiveprints.com\/sv\/wp-json\/wp\/v2\/types\/product"}],"wp:featuredmedia":[{"embeddable":true,"href":"https:\/\/positiveprints.com\/sv\/wp-json\/wp\/v2\/media\/1522155"}],"wp:attachment":[{"href":"https:\/\/positiveprints.com\/sv\/wp-json\/wp\/v2\/media?parent=1521564"}],"wp:term":[{"taxonomy":"product_brand","embeddable":true,"href":"https:\/\/positiveprints.com\/sv\/wp-json\/wp\/v2\/product_brand?post=1521564"},{"taxonomy":"product_cat","embeddable":true,"href":"https:\/\/positiveprints.com\/sv\/wp-json\/wp\/v2\/product_cat?post=1521564"},{"taxonomy":"product_tag","embeddable":true,"href":"https:\/\/positiveprints.com\/sv\/wp-json\/wp\/v2\/product_tag?post=1521564"}],"curies":[{"name":"wp","href":"https:\/\/api.w.org\/{rel}","templated":true}]}}