{"id":1520386,"date":"2025-09-11T14:20:48","date_gmt":"2025-09-11T12:20:48","guid":{"rendered":"https:\/\/positiveprints.com\/?post_type=product&#038;p=1520386"},"modified":"2026-04-12T19:14:09","modified_gmt":"2026-04-12T18:14:09","slug":"personligt-husportratt-i-vattenfarg","status":"publish","type":"product","link":"https:\/\/positiveprints.com\/sv\/produkt\/personligt-husportratt-i-vattenfarg\/","title":{"rendered":"Personligt husportr\u00e4tt i vattenf\u00e4rg"},"content":{"rendered":"","protected":false},"excerpt":{"rendered":"<ul class=\"check-list\">\n<li>Ladda upp ett foto av hemmet<\/li>\n<li>2 revisioner tillg\u00e4ngliga p\u00e5 beg\u00e4ran<\/li>\n<li>L\u00e4gg till ett familjenamn, inflyttningsdatum eller hj\u00e4rtligt budskap<\/li>\n<li>F\u00e5 ett prov inom 2-3 aff\u00e4rsdagar<\/li>\n<li>Flera tryckstorlekar finns att v\u00e4lja mellan<\/li>\n<\/ul>\n","protected":false},"featured_media":1521081,"template":"","meta":[],"product_brand":[],"product_cat":[15116,9031,9184,8983,9767,13595,7459,8147,8119,8108,11470,11471,15061,11477,11472,11475],"product_tag":[14581,16082,14582,8397,15012,14583,14584,14585,14586,15013,14587,11835,11829,11832,11830,15014,14588,14589,14590,14591,14592,14593,14594,14595,14596,14597,14598,14599,14600,14601],"class_list":{"0":"post-1520386","1":"product","2":"type-product","3":"status-publish","4":"has-post-thumbnail","6":"product_cat-bestsellers-menu-sv","7":"product_cat-digitala-produkter","8":"product_cat-line-art-sv","9":"product_cat-ny","10":"product_cat-trending-label-sv","11":"product_cat-akvarell","12":"product_cat-alla-produkter","13":"product_cat-creators-sv","14":"product_cat-inflyttningspresenter-presenttillfallen","15":"product_cat-julpresenter","16":"product_cat-julklappar-till-henne","17":"product_cat-julklappar-till-honom","18":"product_cat-julklappar-till-familjen","19":"product_cat-julklappar-till-frun","20":"product_cat-julklappar-till-maken","21":"product_cat-julklappar-till-foraldrarna","22":"product_tag-appreciation-gift-for-realtor-sv","23":"product_tag-cadeaux-de-noel-pour-la-famille-sv","24":"product_tag-closing-gifts-sv","25":"product_tag-creators-sv","26":"product_tag-custom-photo-sv","27":"product_tag-gift-for-new-homeowners-sv","28":"product_tag-gift-for-realtor-sv","29":"product_tag-gifts-for-realtor-sv","30":"product_tag-house-closing-gift-sv","31":"product_tag-housewarming-sv-2","32":"product_tag-housewarming-gift-sv","33":"product_tag-julklappar-till-frun","34":"product_tag-julklappar-till-henne","35":"product_tag-julklappar-till-maken","36":"product_tag-kerstcadeaus-for-honom","37":"product_tag-new-home-sv","38":"product_tag-new-home-closing-gift-sv","39":"product_tag-new-home-gift-sv","40":"product_tag-new-house-sv","41":"product_tag-new-house-celebration-gift-sv","42":"product_tag-personalized-closing-gift-sv","43":"product_tag-real-estate-agent-gift-sv","44":"product_tag-real-estate-closing-gift-sv","45":"product_tag-real-estate-gift-sv","46":"product_tag-realtor-closing-gift-sv","47":"product_tag-realtor-closing-gift-closing-gift-sv","48":"product_tag-realtor-gift-sv","49":"product_tag-realtor-gifts-sv","50":"product_tag-thank-you-gift-for-realtor-sv","51":"product_tag-thoughtful-closing-gift-sv","53":"first","54":"instock","55":"sale","56":"taxable","57":"shipping-taxable","58":"purchasable","59":"product-type-variable"},"yoast_head":"<!-- This site is optimized with the Yoast SEO Premium plugin v27.2 (Yoast SEO v27.2) - https:\/\/yoast.com\/product\/yoast-seo-premium-wordpress\/ -->\n<title>Personligt husportr\u00e4tt i vattenf\u00e4rg - Positive Prints<\/title>\n<meta name=\"description\" content=\"F\u00e5nga ett hems charm med ett vackert vattenf\u00e4rgskonstverk. En meningsfull inflyttning- eller \u00e5rsdagspresent, eller ett s\u00e4tt att hylla familjens dr\u00f6mhem.\" \/>\n<meta name=\"robots\" content=\"index, follow, max-snippet:-1, max-image-preview:large, max-video-preview:-1\" \/>\n<link rel=\"canonical\" href=\"https:\/\/positiveprints.com\/sv\/produkt\/personligt-husportratt-i-vattenfarg\/\" \/>\n<meta property=\"og:locale\" content=\"sv_SE\" \/>\n<meta property=\"og:type\" content=\"article\" \/>\n<meta property=\"og:title\" content=\"Personligt husportr\u00e4tt i vattenf\u00e4rg\" \/>\n<meta property=\"og:description\" content=\"Ladda upp ett foto av hemmet 2 revisioner tillg\u00e4ngliga p\u00e5 beg\u00e4ran L\u00e4gg till ett familjenamn, inflyttningsdatum eller hj\u00e4rtligt budskap F\u00e5 ett prov inom 2-3 aff\u00e4rsdagar Flera tryckstorlekar finns att v\u00e4lja mellan\" \/>\n<meta property=\"og:url\" content=\"https:\/\/positiveprints.com\/sv\/produkt\/personligt-husportratt-i-vattenfarg\/\" \/>\n<meta property=\"og:site_name\" content=\"Positive Prints\" \/>\n<meta property=\"article:publisher\" content=\"https:\/\/www.facebook.com\/positiveprintscom\" \/>\n<meta property=\"article:modified_time\" content=\"2026-04-12T18:14:09+00:00\" \/>\n<meta property=\"og:image\" content=\"https:\/\/positiveprints.com\/wp-content\/uploads\/2025\/09\/Personligt-husportra\u0308tt-i-vattenfa\u0308rg-Packshot_SE_XX.webp\" \/>\n\t<meta property=\"og:image:width\" content=\"1450\" \/>\n\t<meta property=\"og:image:height\" content=\"1450\" \/>\n\t<meta property=\"og:image:type\" content=\"image\/webp\" \/>\n<meta name=\"twitter:card\" content=\"summary_large_image\" \/>\n<meta name=\"twitter:label1\" content=\"Ber\u00e4knad l\u00e4stid\" \/>\n\t<meta name=\"twitter:data1\" content=\"1 minut\" \/>\n<!-- \/ Yoast SEO Premium plugin. -->","yoast_head_json":{"title":"Personligt husportr\u00e4tt i vattenf\u00e4rg - Positive Prints","description":"F\u00e5nga ett hems charm med ett vackert vattenf\u00e4rgskonstverk. En meningsfull inflyttning- eller \u00e5rsdagspresent, eller ett s\u00e4tt att hylla familjens dr\u00f6mhem.","robots":{"index":"index","follow":"follow","max-snippet":"max-snippet:-1","max-image-preview":"max-image-preview:large","max-video-preview":"max-video-preview:-1"},"canonical":"https:\/\/positiveprints.com\/sv\/produkt\/personligt-husportratt-i-vattenfarg\/","og_locale":"sv_SE","og_type":"article","og_title":"Personligt husportr\u00e4tt i vattenf\u00e4rg","og_description":"Ladda upp ett foto av hemmet 2 revisioner tillg\u00e4ngliga p\u00e5 beg\u00e4ran L\u00e4gg till ett familjenamn, inflyttningsdatum eller hj\u00e4rtligt budskap F\u00e5 ett prov inom 2-3 aff\u00e4rsdagar Flera tryckstorlekar finns att v\u00e4lja mellan","og_url":"https:\/\/positiveprints.com\/sv\/produkt\/personligt-husportratt-i-vattenfarg\/","og_site_name":"Positive Prints","article_publisher":"https:\/\/www.facebook.com\/positiveprintscom","article_modified_time":"2026-04-12T18:14:09+00:00","og_image":[{"width":1450,"height":1450,"url":"https:\/\/positiveprints.com\/wp-content\/uploads\/2025\/09\/Personligt-husportra\u0308tt-i-vattenfa\u0308rg-Packshot_SE_XX.webp","type":"image\/webp"}],"twitter_card":"summary_large_image","twitter_misc":{"Ber\u00e4knad l\u00e4stid":"1 minut"},"schema":{"@context":"https:\/\/schema.org","@graph":[{"@type":["WebPage","ItemPage"],"@id":"https:\/\/positiveprints.com\/sv\/produkt\/personligt-husportratt-i-vattenfarg\/","url":"https:\/\/positiveprints.com\/sv\/produkt\/personligt-husportratt-i-vattenfarg\/","name":"Personligt husportr\u00e4tt i vattenf\u00e4rg - Positive Prints","isPartOf":{"@id":"https:\/\/positiveprints.com\/sv\/#website"},"primaryImageOfPage":{"@id":"https:\/\/positiveprints.com\/sv\/produkt\/personligt-husportratt-i-vattenfarg\/#primaryimage"},"image":{"@id":"https:\/\/positiveprints.com\/sv\/produkt\/personligt-husportratt-i-vattenfarg\/#primaryimage"},"thumbnailUrl":"https:\/\/positiveprints.com\/wp-content\/uploads\/2025\/09\/Personligt-husportra\u0308tt-i-vattenfa\u0308rg-Packshot_SE_XX.webp","datePublished":"2025-09-11T12:20:48+00:00","dateModified":"2026-04-12T18:14:09+00:00","description":"F\u00e5nga ett hems charm med ett vackert vattenf\u00e4rgskonstverk. En meningsfull inflyttning- eller \u00e5rsdagspresent, eller ett s\u00e4tt att hylla familjens dr\u00f6mhem.","breadcrumb":{"@id":"https:\/\/positiveprints.com\/sv\/produkt\/personligt-husportratt-i-vattenfarg\/#breadcrumb"},"inLanguage":"sv-SE","potentialAction":[{"@type":"ReadAction","target":["https:\/\/positiveprints.com\/sv\/produkt\/personligt-husportratt-i-vattenfarg\/"]}]},{"@type":"ImageObject","inLanguage":"sv-SE","@id":"https:\/\/positiveprints.com\/sv\/produkt\/personligt-husportratt-i-vattenfarg\/#primaryimage","url":"https:\/\/positiveprints.com\/wp-content\/uploads\/2025\/09\/Personligt-husportra\u0308tt-i-vattenfa\u0308rg-Packshot_SE_XX.webp","contentUrl":"https:\/\/positiveprints.com\/wp-content\/uploads\/2025\/09\/Personligt-husportra\u0308tt-i-vattenfa\u0308rg-Packshot_SE_XX.webp","width":1450,"height":1450,"caption":"Personligt husportra\u0308tt i vattenfa\u0308rg"},{"@type":"BreadcrumbList","@id":"https:\/\/positiveprints.com\/sv\/produkt\/personligt-husportratt-i-vattenfarg\/#breadcrumb","itemListElement":[{"@type":"ListItem","position":1,"name":"Home","item":"https:\/\/positiveprints.com\/sv\/"},{"@type":"ListItem","position":2,"name":"Produkter","item":"https:\/\/positiveprints.com\/sv\/shop\/"},{"@type":"ListItem","position":3,"name":"Personligt husportr\u00e4tt i vattenf\u00e4rg"}]},{"@type":"WebSite","@id":"https:\/\/positiveprints.com\/sv\/#website","url":"https:\/\/positiveprints.com\/sv\/","name":"Positive Prints","description":"Amazing Custom Personalized Gifts","publisher":{"@id":"https:\/\/positiveprints.com\/sv\/#organization"},"potentialAction":[{"@type":"SearchAction","target":{"@type":"EntryPoint","urlTemplate":"https:\/\/positiveprints.com\/sv\/?s={search_term_string}"},"query-input":{"@type":"PropertyValueSpecification","valueRequired":true,"valueName":"search_term_string"}}],"inLanguage":"sv-SE"},{"@type":"Organization","@id":"https:\/\/positiveprints.com\/sv\/#organization","name":"Positive Prints","alternateName":"Positive Prints","url":"https:\/\/positiveprints.com\/sv\/","logo":{"@type":"ImageObject","inLanguage":"sv-SE","@id":"https:\/\/positiveprints.com\/sv\/#\/schema\/logo\/image\/","url":"https:\/\/positiveprints.com\/wp-content\/uploads\/2026\/03\/245815646_1337939713319158_5671353136411139666_n.png","contentUrl":"https:\/\/positiveprints.com\/wp-content\/uploads\/2026\/03\/245815646_1337939713319158_5671353136411139666_n.png","width":800,"height":800,"caption":"Positive Prints"},"image":{"@id":"https:\/\/positiveprints.com\/sv\/#\/schema\/logo\/image\/"},"sameAs":["https:\/\/www.facebook.com\/positiveprintscom","https:\/\/www.instagram.com\/positiveprintscom\/","https:\/\/www.tiktok.com\/@positiveprintscom","https:\/\/www.pinterest.com\/positiveprintscom\/"]}]}},"jetpack_sharing_enabled":true,"_links":{"self":[{"href":"https:\/\/positiveprints.com\/sv\/wp-json\/wp\/v2\/product\/1520386","targetHints":{"allow":["GET"]}}],"collection":[{"href":"https:\/\/positiveprints.com\/sv\/wp-json\/wp\/v2\/product"}],"about":[{"href":"https:\/\/positiveprints.com\/sv\/wp-json\/wp\/v2\/types\/product"}],"wp:featuredmedia":[{"embeddable":true,"href":"https:\/\/positiveprints.com\/sv\/wp-json\/wp\/v2\/media\/1521081"}],"wp:attachment":[{"href":"https:\/\/positiveprints.com\/sv\/wp-json\/wp\/v2\/media?parent=1520386"}],"wp:term":[{"taxonomy":"product_brand","embeddable":true,"href":"https:\/\/positiveprints.com\/sv\/wp-json\/wp\/v2\/product_brand?post=1520386"},{"taxonomy":"product_cat","embeddable":true,"href":"https:\/\/positiveprints.com\/sv\/wp-json\/wp\/v2\/product_cat?post=1520386"},{"taxonomy":"product_tag","embeddable":true,"href":"https:\/\/positiveprints.com\/sv\/wp-json\/wp\/v2\/product_tag?post=1520386"}],"curies":[{"name":"wp","href":"https:\/\/api.w.org\/{rel}","templated":true}]}}