{"id":1517682,"date":"2025-09-16T10:54:04","date_gmt":"2025-09-16T08:54:04","guid":{"rendered":"https:\/\/positiveprints.com\/?post_type=product&#038;p=1517682"},"modified":"2026-04-03T02:22:19","modified_gmt":"2026-04-03T01:22:19","slug":"personligt-vattenfargsportratt-av-brollopsplatsen","status":"publish","type":"product","link":"https:\/\/positiveprints.com\/sv\/produkt\/personligt-vattenfargsportratt-av-brollopsplatsen\/","title":{"rendered":"Personligt vattenf\u00e4rgsportr\u00e4tt av br\u00f6llopsplatsen"},"content":{"rendered":"","protected":false},"excerpt":{"rendered":"<ul class=\"check-list\">\n<li>Ladda upp ett foto av er br\u00f6llopsplats<\/li>\n<li>2 revisioner tillg\u00e4ngliga p\u00e5 beg\u00e4ran<\/li>\n<li>Slappna av medan v\u00e5ra konstn\u00e4rer skapar ditt personliga konstverk<\/li>\n<li>F\u00e5 ett prov inom 2-3 aff\u00e4rsdagar<\/li>\n<li>Flera tryckstorlekar finns att v\u00e4lja mellan<\/li>\n<\/ul>\n","protected":false},"featured_media":1518197,"template":"","meta":[],"product_brand":[],"product_cat":[13595,7459,7934,8120,7758,9767],"product_tag":[16316,16317,15005,14196,16526,15071,8486],"class_list":{"0":"post-1517682","1":"product","2":"type-product","3":"status-publish","4":"has-post-thumbnail","6":"product_cat-akvarell","7":"product_cat-alla-produkter","8":"product_cat-gavor-till-brollopsdusch","9":"product_cat-brollopspresenter-presenttillfallen","10":"product_cat-gavor-till-fru","11":"product_cat-trending-label-sv","12":"product_tag-brollopspresent","13":"product_tag-brollopspresenter","14":"product_tag-couple-gift-sv","15":"product_tag-present-for-par","16":"product_tag-present-till-nygifta","17":"product_tag-wedding-pl-sv","18":"product_tag-wedding-sv","20":"first","21":"instock","22":"sale","23":"taxable","24":"shipping-taxable","25":"purchasable","26":"product-type-variable"},"yoast_head":"<!-- This site is optimized with the Yoast SEO Premium plugin v27.2 (Yoast SEO v27.2) - https:\/\/yoast.com\/product\/yoast-seo-premium-wordpress\/ -->\n<title>Personligt vattenf\u00e4rgsportr\u00e4tt av br\u00f6llopsplatsen - Positive Prints<\/title>\n<meta name=\"description\" content=\"En unik och personlig br\u00f6llopsg\u00e5va \u2013 f\u00f6rvandla ett foto av platsen till ett vackert vattenf\u00e4rgstryck det \u00e4kta paret kommer \u00e4lska.\" \/>\n<meta name=\"robots\" content=\"index, follow, max-snippet:-1, max-image-preview:large, max-video-preview:-1\" \/>\n<link rel=\"canonical\" href=\"https:\/\/positiveprints.com\/sv\/produkt\/personligt-vattenfargsportratt-av-brollopsplatsen\/\" \/>\n<meta property=\"og:locale\" content=\"sv_SE\" \/>\n<meta property=\"og:type\" content=\"article\" \/>\n<meta property=\"og:title\" content=\"Personligt vattenf\u00e4rgsportr\u00e4tt av br\u00f6llopsplatsen\" \/>\n<meta property=\"og:description\" content=\"Ladda upp ett foto av er br\u00f6llopsplats 2 revisioner tillg\u00e4ngliga p\u00e5 beg\u00e4ran Slappna av medan v\u00e5ra konstn\u00e4rer skapar ditt personliga konstverk F\u00e5 ett prov inom 2-3 aff\u00e4rsdagar Flera tryckstorlekar finns att v\u00e4lja mellan\" \/>\n<meta property=\"og:url\" content=\"https:\/\/positiveprints.com\/sv\/produkt\/personligt-vattenfargsportratt-av-brollopsplatsen\/\" \/>\n<meta property=\"og:site_name\" content=\"Positive Prints\" \/>\n<meta property=\"article:publisher\" content=\"https:\/\/www.facebook.com\/positiveprintscom\" \/>\n<meta property=\"article:modified_time\" content=\"2026-04-03T01:22:19+00:00\" \/>\n<meta property=\"og:image\" content=\"https:\/\/positiveprints.com\/wp-content\/uploads\/2025\/09\/Personligt-vattenfa\u0308rgsportra\u0308tt-av-bro\u0308llopsplatse-Packshot_SE_XX.webp\" \/>\n\t<meta property=\"og:image:width\" content=\"1450\" \/>\n\t<meta property=\"og:image:height\" content=\"1450\" \/>\n\t<meta property=\"og:image:type\" content=\"image\/webp\" \/>\n<meta name=\"twitter:card\" content=\"summary_large_image\" \/>\n<meta name=\"twitter:label1\" content=\"Ber\u00e4knad l\u00e4stid\" \/>\n\t<meta name=\"twitter:data1\" content=\"1 minut\" \/>\n<!-- \/ Yoast SEO Premium plugin. -->","yoast_head_json":{"title":"Personligt vattenf\u00e4rgsportr\u00e4tt av br\u00f6llopsplatsen - Positive Prints","description":"En unik och personlig br\u00f6llopsg\u00e5va \u2013 f\u00f6rvandla ett foto av platsen till ett vackert vattenf\u00e4rgstryck det \u00e4kta paret kommer \u00e4lska.","robots":{"index":"index","follow":"follow","max-snippet":"max-snippet:-1","max-image-preview":"max-image-preview:large","max-video-preview":"max-video-preview:-1"},"canonical":"https:\/\/positiveprints.com\/sv\/produkt\/personligt-vattenfargsportratt-av-brollopsplatsen\/","og_locale":"sv_SE","og_type":"article","og_title":"Personligt vattenf\u00e4rgsportr\u00e4tt av br\u00f6llopsplatsen","og_description":"Ladda upp ett foto av er br\u00f6llopsplats 2 revisioner tillg\u00e4ngliga p\u00e5 beg\u00e4ran Slappna av medan v\u00e5ra konstn\u00e4rer skapar ditt personliga konstverk F\u00e5 ett prov inom 2-3 aff\u00e4rsdagar Flera tryckstorlekar finns att v\u00e4lja mellan","og_url":"https:\/\/positiveprints.com\/sv\/produkt\/personligt-vattenfargsportratt-av-brollopsplatsen\/","og_site_name":"Positive Prints","article_publisher":"https:\/\/www.facebook.com\/positiveprintscom","article_modified_time":"2026-04-03T01:22:19+00:00","og_image":[{"width":1450,"height":1450,"url":"https:\/\/positiveprints.com\/wp-content\/uploads\/2025\/09\/Personligt-vattenfa\u0308rgsportra\u0308tt-av-bro\u0308llopsplatse-Packshot_SE_XX.webp","type":"image\/webp"}],"twitter_card":"summary_large_image","twitter_misc":{"Ber\u00e4knad l\u00e4stid":"1 minut"},"schema":{"@context":"https:\/\/schema.org","@graph":[{"@type":["WebPage","ItemPage"],"@id":"https:\/\/positiveprints.com\/sv\/produkt\/personligt-vattenfargsportratt-av-brollopsplatsen\/","url":"https:\/\/positiveprints.com\/sv\/produkt\/personligt-vattenfargsportratt-av-brollopsplatsen\/","name":"Personligt vattenf\u00e4rgsportr\u00e4tt av br\u00f6llopsplatsen - Positive Prints","isPartOf":{"@id":"https:\/\/positiveprints.com\/sv\/#website"},"primaryImageOfPage":{"@id":"https:\/\/positiveprints.com\/sv\/produkt\/personligt-vattenfargsportratt-av-brollopsplatsen\/#primaryimage"},"image":{"@id":"https:\/\/positiveprints.com\/sv\/produkt\/personligt-vattenfargsportratt-av-brollopsplatsen\/#primaryimage"},"thumbnailUrl":"https:\/\/positiveprints.com\/wp-content\/uploads\/2025\/09\/Personligt-vattenfa\u0308rgsportra\u0308tt-av-bro\u0308llopsplatse-Packshot_SE_XX.webp","datePublished":"2025-09-16T08:54:04+00:00","dateModified":"2026-04-03T01:22:19+00:00","description":"En unik och personlig br\u00f6llopsg\u00e5va \u2013 f\u00f6rvandla ett foto av platsen till ett vackert vattenf\u00e4rgstryck det \u00e4kta paret kommer \u00e4lska.","breadcrumb":{"@id":"https:\/\/positiveprints.com\/sv\/produkt\/personligt-vattenfargsportratt-av-brollopsplatsen\/#breadcrumb"},"inLanguage":"sv-SE","potentialAction":[{"@type":"ReadAction","target":["https:\/\/positiveprints.com\/sv\/produkt\/personligt-vattenfargsportratt-av-brollopsplatsen\/"]}]},{"@type":"ImageObject","inLanguage":"sv-SE","@id":"https:\/\/positiveprints.com\/sv\/produkt\/personligt-vattenfargsportratt-av-brollopsplatsen\/#primaryimage","url":"https:\/\/positiveprints.com\/wp-content\/uploads\/2025\/09\/Personligt-vattenfa\u0308rgsportra\u0308tt-av-bro\u0308llopsplatse-Packshot_SE_XX.webp","contentUrl":"https:\/\/positiveprints.com\/wp-content\/uploads\/2025\/09\/Personligt-vattenfa\u0308rgsportra\u0308tt-av-bro\u0308llopsplatse-Packshot_SE_XX.webp","width":1450,"height":1450,"caption":"Personligt vattenf\u00e4rgsportr\u00e4tt av br\u00f6llopsplatsen"},{"@type":"BreadcrumbList","@id":"https:\/\/positiveprints.com\/sv\/produkt\/personligt-vattenfargsportratt-av-brollopsplatsen\/#breadcrumb","itemListElement":[{"@type":"ListItem","position":1,"name":"Home","item":"https:\/\/positiveprints.com\/sv\/"},{"@type":"ListItem","position":2,"name":"Produkter","item":"https:\/\/positiveprints.com\/sv\/shop\/"},{"@type":"ListItem","position":3,"name":"Personligt vattenf\u00e4rgsportr\u00e4tt av br\u00f6llopsplatsen"}]},{"@type":"WebSite","@id":"https:\/\/positiveprints.com\/sv\/#website","url":"https:\/\/positiveprints.com\/sv\/","name":"Positive Prints","description":"Amazing Custom Personalized Gifts","publisher":{"@id":"https:\/\/positiveprints.com\/sv\/#organization"},"potentialAction":[{"@type":"SearchAction","target":{"@type":"EntryPoint","urlTemplate":"https:\/\/positiveprints.com\/sv\/?s={search_term_string}"},"query-input":{"@type":"PropertyValueSpecification","valueRequired":true,"valueName":"search_term_string"}}],"inLanguage":"sv-SE"},{"@type":"Organization","@id":"https:\/\/positiveprints.com\/sv\/#organization","name":"Positive Prints","alternateName":"Positive Prints","url":"https:\/\/positiveprints.com\/sv\/","logo":{"@type":"ImageObject","inLanguage":"sv-SE","@id":"https:\/\/positiveprints.com\/sv\/#\/schema\/logo\/image\/","url":"https:\/\/positiveprints.com\/wp-content\/uploads\/2026\/03\/245815646_1337939713319158_5671353136411139666_n.png","contentUrl":"https:\/\/positiveprints.com\/wp-content\/uploads\/2026\/03\/245815646_1337939713319158_5671353136411139666_n.png","width":800,"height":800,"caption":"Positive Prints"},"image":{"@id":"https:\/\/positiveprints.com\/sv\/#\/schema\/logo\/image\/"},"sameAs":["https:\/\/www.facebook.com\/positiveprintscom","https:\/\/www.instagram.com\/positiveprintscom\/","https:\/\/www.tiktok.com\/@positiveprintscom","https:\/\/www.pinterest.com\/positiveprintscom\/"]}]}},"jetpack_sharing_enabled":true,"_links":{"self":[{"href":"https:\/\/positiveprints.com\/sv\/wp-json\/wp\/v2\/product\/1517682","targetHints":{"allow":["GET"]}}],"collection":[{"href":"https:\/\/positiveprints.com\/sv\/wp-json\/wp\/v2\/product"}],"about":[{"href":"https:\/\/positiveprints.com\/sv\/wp-json\/wp\/v2\/types\/product"}],"wp:featuredmedia":[{"embeddable":true,"href":"https:\/\/positiveprints.com\/sv\/wp-json\/wp\/v2\/media\/1518197"}],"wp:attachment":[{"href":"https:\/\/positiveprints.com\/sv\/wp-json\/wp\/v2\/media?parent=1517682"}],"wp:term":[{"taxonomy":"product_brand","embeddable":true,"href":"https:\/\/positiveprints.com\/sv\/wp-json\/wp\/v2\/product_brand?post=1517682"},{"taxonomy":"product_cat","embeddable":true,"href":"https:\/\/positiveprints.com\/sv\/wp-json\/wp\/v2\/product_cat?post=1517682"},{"taxonomy":"product_tag","embeddable":true,"href":"https:\/\/positiveprints.com\/sv\/wp-json\/wp\/v2\/product_tag?post=1517682"}],"curies":[{"name":"wp","href":"https:\/\/api.w.org\/{rel}","templated":true}]}}