{"id":1516692,"date":"2025-09-15T16:39:11","date_gmt":"2025-09-15T14:39:11","guid":{"rendered":"https:\/\/positiveprints.com\/?post_type=product&#038;p=1516692"},"modified":"2026-04-03T02:22:24","modified_gmt":"2026-04-03T01:22:24","slug":"dar-allt-borjade-personligt-platsportratt-i-vattenfarg","status":"publish","type":"product","link":"https:\/\/positiveprints.com\/sv\/produkt\/dar-allt-borjade-personligt-platsportratt-i-vattenfarg\/","title":{"rendered":"D\u00e4r allt b\u00f6rjade \u2013 Personligt platsportr\u00e4tt i vattenf\u00e4rg"},"content":{"rendered":"","protected":false},"excerpt":{"rendered":"<ul class=\"check-list\">\n<li>Ladda upp ditt favoritfoto<\/li>\n<li>2 revisioner tillg\u00e4ngliga p\u00e5 beg\u00e4ran<\/li>\n<li>Slappna av medan v\u00e5ra konstn\u00e4rer skapar ditt personliga konstverk<\/li>\n<li>F\u00e5 ett prov inom 2-3 aff\u00e4rsdagar<\/li>\n<li>Flera tryckstorlekar finns att v\u00e4lja mellan<\/li>\n<\/ul>\n","protected":false},"featured_media":1559605,"template":"","meta":[],"product_brand":[],"product_cat":[13595,8116,11251,11252,7459,11190,11191,11192,7934,7694,8014,7806,8114,8108,7647,7790,11469,7758,11477,11470,11471,11472,11463,7679,9767],"product_tag":[14998,14996,15000,14999,15005,17425,15006,15984,11758,11772,11835,11829,11832,11830,15001,15002,15004,16988,16678,15008,14201,16471,15009,15010,15003,15011,14994,14995,14992,14993,14997],"class_list":{"0":"post-1516692","1":"product","2":"type-product","3":"status-publish","4":"has-post-thumbnail","6":"product_cat-akvarell","7":"product_cat-gava-pa-alla-hjartans-dag","8":"product_cat-alla-hjartans-dag-presenter-for-henne","9":"product_cat-alla-hjartans-dag-presenter-for-honom","10":"product_cat-alla-produkter","11":"product_cat-arsdagspresenter-till-henne","12":"product_cat-arsdagspresenter-till-honom","13":"product_cat-arsdagspresenter-till-par","14":"product_cat-gavor-till-brollopsdusch","15":"product_cat-gavor-for-kvinnor","16":"product_cat-gavor-for-man","17":"product_cat-gavor-for-par","18":"product_cat-jubileumspresent-presenttillfallen","19":"product_cat-julpresenter","20":"product_cat-gavor-till-din-man","21":"product_cat-gavor-till-flickvannen","22":"product_cat-julklappar-till-flickvannen","23":"product_cat-gavor-till-fru","24":"product_cat-julklappar-till-frun","25":"product_cat-julklappar-till-henne","26":"product_cat-julklappar-till-honom","27":"product_cat-julklappar-till-maken","28":"product_cat-julklapp-till-pojkvan","29":"product_cat-gavor-till-pojkvannen","30":"product_cat-trending-label-sv","31":"product_tag-anniversary-sv","32":"product_tag-anniversary-gift-sv","33":"product_tag-anniversary-gifts-sv","34":"product_tag-anniversary-present-sv","35":"product_tag-couple-gift-sv","36":"product_tag-fodelsedagspresent-till-fru","37":"product_tag-gift-for-couple-sv","38":"product_tag-jubileumspresent-till-fru","39":"product_tag-julklapp-till-pojkvan","40":"product_tag-julklappar-till-flickvannen","41":"product_tag-julklappar-till-frun","42":"product_tag-julklappar-till-henne","43":"product_tag-julklappar-till-maken","44":"product_tag-kerstcadeaus-for-honom","45":"product_tag-love-sv","46":"product_tag-love-gift-sv","47":"product_tag-personalized-gift-sv","48":"product_tag-present-till-fru","49":"product_tag-presenter-till-fru","50":"product_tag-romantic-gifts-sv","51":"product_tag-romantisk-present","52":"product_tag-romantisk-present-till-fru","53":"product_tag-sentimental-gift-sv","54":"product_tag-special-occasion-sv-2","55":"product_tag-thoughtful-gift-sv","56":"product_tag-unique-gift-sv","57":"product_tag-valentines-day-gift-for-wife-sv","58":"product_tag-valentines-day-gifts-sv","59":"product_tag-valentines-day-sv","60":"product_tag-valentines-day-gift-sv","61":"product_tag-wedding-anniversary-sv","63":"first","64":"instock","65":"sale","66":"taxable","67":"shipping-taxable","68":"purchasable","69":"product-type-variable"},"yoast_head":"<!-- This site is optimized with the Yoast SEO Premium plugin v27.2 (Yoast SEO v27.2) - https:\/\/yoast.com\/product\/yoast-seo-premium-wordpress\/ -->\n<title>D\u00e4r allt b\u00f6rjade \u2013 Personligt platsportr\u00e4tt i vattenf\u00e4rg - Positive Prints<\/title>\n<meta name=\"description\" content=\"Hylla platsen d\u00e4r er k\u00e4rlekshistoria b\u00f6rjade med en anpassad vattenf\u00e4rgsm\u00e5lning av er speciella plats. En romantisk g\u00e5va f\u00f6r Alla hj\u00e4rtans dag.\" \/>\n<meta name=\"robots\" content=\"index, follow, max-snippet:-1, max-image-preview:large, max-video-preview:-1\" \/>\n<link rel=\"canonical\" href=\"https:\/\/positiveprints.com\/sv\/produkt\/dar-allt-borjade-personligt-platsportratt-i-vattenfarg\/\" \/>\n<meta property=\"og:locale\" content=\"sv_SE\" \/>\n<meta property=\"og:type\" content=\"article\" \/>\n<meta property=\"og:title\" content=\"D\u00e4r allt b\u00f6rjade \u2013 Personligt platsportr\u00e4tt i vattenf\u00e4rg\" \/>\n<meta property=\"og:description\" content=\"Ladda upp ditt favoritfoto 2 revisioner tillg\u00e4ngliga p\u00e5 beg\u00e4ran Slappna av medan v\u00e5ra konstn\u00e4rer skapar ditt personliga konstverk F\u00e5 ett prov inom 2-3 aff\u00e4rsdagar Flera tryckstorlekar finns att v\u00e4lja mellan\" \/>\n<meta property=\"og:url\" content=\"https:\/\/positiveprints.com\/sv\/produkt\/dar-allt-borjade-personligt-platsportratt-i-vattenfarg\/\" \/>\n<meta property=\"og:site_name\" content=\"Positive Prints\" \/>\n<meta property=\"article:publisher\" content=\"https:\/\/www.facebook.com\/positiveprintscom\" \/>\n<meta property=\"article:modified_time\" content=\"2026-04-03T01:22:24+00:00\" \/>\n<meta property=\"og:image\" content=\"https:\/\/positiveprints.com\/wp-content\/uploads\/2025\/09\/Da\u0308r-allt-bo\u0308rjade-Personligt-platsportra\u0308tt-i-vattenfa\u0308rg-Packshot_SE_XX.webp\" \/>\n\t<meta property=\"og:image:width\" content=\"1450\" \/>\n\t<meta property=\"og:image:height\" content=\"1450\" \/>\n\t<meta property=\"og:image:type\" content=\"image\/webp\" \/>\n<meta name=\"twitter:card\" content=\"summary_large_image\" \/>\n<meta name=\"twitter:label1\" content=\"Ber\u00e4knad l\u00e4stid\" \/>\n\t<meta name=\"twitter:data1\" content=\"1 minut\" \/>\n<!-- \/ Yoast SEO Premium plugin. -->","yoast_head_json":{"title":"D\u00e4r allt b\u00f6rjade \u2013 Personligt platsportr\u00e4tt i vattenf\u00e4rg - Positive Prints","description":"Hylla platsen d\u00e4r er k\u00e4rlekshistoria b\u00f6rjade med en anpassad vattenf\u00e4rgsm\u00e5lning av er speciella plats. En romantisk g\u00e5va f\u00f6r Alla hj\u00e4rtans dag.","robots":{"index":"index","follow":"follow","max-snippet":"max-snippet:-1","max-image-preview":"max-image-preview:large","max-video-preview":"max-video-preview:-1"},"canonical":"https:\/\/positiveprints.com\/sv\/produkt\/dar-allt-borjade-personligt-platsportratt-i-vattenfarg\/","og_locale":"sv_SE","og_type":"article","og_title":"D\u00e4r allt b\u00f6rjade \u2013 Personligt platsportr\u00e4tt i vattenf\u00e4rg","og_description":"Ladda upp ditt favoritfoto 2 revisioner tillg\u00e4ngliga p\u00e5 beg\u00e4ran Slappna av medan v\u00e5ra konstn\u00e4rer skapar ditt personliga konstverk F\u00e5 ett prov inom 2-3 aff\u00e4rsdagar Flera tryckstorlekar finns att v\u00e4lja mellan","og_url":"https:\/\/positiveprints.com\/sv\/produkt\/dar-allt-borjade-personligt-platsportratt-i-vattenfarg\/","og_site_name":"Positive Prints","article_publisher":"https:\/\/www.facebook.com\/positiveprintscom","article_modified_time":"2026-04-03T01:22:24+00:00","og_image":[{"width":1450,"height":1450,"url":"https:\/\/positiveprints.com\/wp-content\/uploads\/2025\/09\/Da\u0308r-allt-bo\u0308rjade-Personligt-platsportra\u0308tt-i-vattenfa\u0308rg-Packshot_SE_XX.webp","type":"image\/webp"}],"twitter_card":"summary_large_image","twitter_misc":{"Ber\u00e4knad l\u00e4stid":"1 minut"},"schema":{"@context":"https:\/\/schema.org","@graph":[{"@type":["WebPage","ItemPage"],"@id":"https:\/\/positiveprints.com\/sv\/produkt\/dar-allt-borjade-personligt-platsportratt-i-vattenfarg\/","url":"https:\/\/positiveprints.com\/sv\/produkt\/dar-allt-borjade-personligt-platsportratt-i-vattenfarg\/","name":"D\u00e4r allt b\u00f6rjade \u2013 Personligt platsportr\u00e4tt i vattenf\u00e4rg - Positive Prints","isPartOf":{"@id":"https:\/\/positiveprints.com\/sv\/#website"},"primaryImageOfPage":{"@id":"https:\/\/positiveprints.com\/sv\/produkt\/dar-allt-borjade-personligt-platsportratt-i-vattenfarg\/#primaryimage"},"image":{"@id":"https:\/\/positiveprints.com\/sv\/produkt\/dar-allt-borjade-personligt-platsportratt-i-vattenfarg\/#primaryimage"},"thumbnailUrl":"https:\/\/positiveprints.com\/wp-content\/uploads\/2025\/10\/Dar-allt-borjade-\u2013-Personligt-platsportratt-i-vattenfarg-2.webp","datePublished":"2025-09-15T14:39:11+00:00","dateModified":"2026-04-03T01:22:24+00:00","description":"Hylla platsen d\u00e4r er k\u00e4rlekshistoria b\u00f6rjade med en anpassad vattenf\u00e4rgsm\u00e5lning av er speciella plats. En romantisk g\u00e5va f\u00f6r Alla hj\u00e4rtans dag.","breadcrumb":{"@id":"https:\/\/positiveprints.com\/sv\/produkt\/dar-allt-borjade-personligt-platsportratt-i-vattenfarg\/#breadcrumb"},"inLanguage":"sv-SE","potentialAction":[{"@type":"ReadAction","target":["https:\/\/positiveprints.com\/sv\/produkt\/dar-allt-borjade-personligt-platsportratt-i-vattenfarg\/"]}]},{"@type":"ImageObject","inLanguage":"sv-SE","@id":"https:\/\/positiveprints.com\/sv\/produkt\/dar-allt-borjade-personligt-platsportratt-i-vattenfarg\/#primaryimage","url":"https:\/\/positiveprints.com\/wp-content\/uploads\/2025\/10\/Dar-allt-borjade-\u2013-Personligt-platsportratt-i-vattenfarg-2.webp","contentUrl":"https:\/\/positiveprints.com\/wp-content\/uploads\/2025\/10\/Dar-allt-borjade-\u2013-Personligt-platsportratt-i-vattenfarg-2.webp","width":1450,"height":1450},{"@type":"BreadcrumbList","@id":"https:\/\/positiveprints.com\/sv\/produkt\/dar-allt-borjade-personligt-platsportratt-i-vattenfarg\/#breadcrumb","itemListElement":[{"@type":"ListItem","position":1,"name":"Home","item":"https:\/\/positiveprints.com\/sv\/"},{"@type":"ListItem","position":2,"name":"Produkter","item":"https:\/\/positiveprints.com\/sv\/shop\/"},{"@type":"ListItem","position":3,"name":"D\u00e4r allt b\u00f6rjade \u2013 Personligt platsportr\u00e4tt i vattenf\u00e4rg"}]},{"@type":"WebSite","@id":"https:\/\/positiveprints.com\/sv\/#website","url":"https:\/\/positiveprints.com\/sv\/","name":"Positive Prints","description":"Amazing Custom Personalized Gifts","publisher":{"@id":"https:\/\/positiveprints.com\/sv\/#organization"},"potentialAction":[{"@type":"SearchAction","target":{"@type":"EntryPoint","urlTemplate":"https:\/\/positiveprints.com\/sv\/?s={search_term_string}"},"query-input":{"@type":"PropertyValueSpecification","valueRequired":true,"valueName":"search_term_string"}}],"inLanguage":"sv-SE"},{"@type":"Organization","@id":"https:\/\/positiveprints.com\/sv\/#organization","name":"Positive Prints","alternateName":"Positive Prints","url":"https:\/\/positiveprints.com\/sv\/","logo":{"@type":"ImageObject","inLanguage":"sv-SE","@id":"https:\/\/positiveprints.com\/sv\/#\/schema\/logo\/image\/","url":"https:\/\/positiveprints.com\/wp-content\/uploads\/2026\/03\/245815646_1337939713319158_5671353136411139666_n.png","contentUrl":"https:\/\/positiveprints.com\/wp-content\/uploads\/2026\/03\/245815646_1337939713319158_5671353136411139666_n.png","width":800,"height":800,"caption":"Positive Prints"},"image":{"@id":"https:\/\/positiveprints.com\/sv\/#\/schema\/logo\/image\/"},"sameAs":["https:\/\/www.facebook.com\/positiveprintscom","https:\/\/www.instagram.com\/positiveprintscom\/","https:\/\/www.tiktok.com\/@positiveprintscom","https:\/\/www.pinterest.com\/positiveprintscom\/"]}]}},"jetpack_sharing_enabled":true,"_links":{"self":[{"href":"https:\/\/positiveprints.com\/sv\/wp-json\/wp\/v2\/product\/1516692","targetHints":{"allow":["GET"]}}],"collection":[{"href":"https:\/\/positiveprints.com\/sv\/wp-json\/wp\/v2\/product"}],"about":[{"href":"https:\/\/positiveprints.com\/sv\/wp-json\/wp\/v2\/types\/product"}],"wp:featuredmedia":[{"embeddable":true,"href":"https:\/\/positiveprints.com\/sv\/wp-json\/wp\/v2\/media\/1559605"}],"wp:attachment":[{"href":"https:\/\/positiveprints.com\/sv\/wp-json\/wp\/v2\/media?parent=1516692"}],"wp:term":[{"taxonomy":"product_brand","embeddable":true,"href":"https:\/\/positiveprints.com\/sv\/wp-json\/wp\/v2\/product_brand?post=1516692"},{"taxonomy":"product_cat","embeddable":true,"href":"https:\/\/positiveprints.com\/sv\/wp-json\/wp\/v2\/product_cat?post=1516692"},{"taxonomy":"product_tag","embeddable":true,"href":"https:\/\/positiveprints.com\/sv\/wp-json\/wp\/v2\/product_tag?post=1516692"}],"curies":[{"name":"wp","href":"https:\/\/api.w.org\/{rel}","templated":true}]}}