{"id":1512414,"date":"2024-02-16T09:29:57","date_gmt":"2024-02-16T08:29:57","guid":{"rendered":"https:\/\/positiveprints.com\/product\/la-luna-el-dia-que-comenzo-todo\/"},"modified":"2026-04-18T04:35:21","modified_gmt":"2026-04-18T03:35:21","slug":"manen-natten-da-vi-mottes","status":"publish","type":"product","link":"https:\/\/positiveprints.com\/sv\/produkt\/manen-natten-da-vi-mottes\/","title":{"rendered":"M\u00e5nen natten d\u00e5 vi m\u00f6ttes"},"content":{"rendered":"","protected":false},"excerpt":{"rendered":"<ul class=\"check-list\">\n<li>L\u00e4gg till m\u00e5nens unika skugga<\/li>\n<li>Anpassa i 3 enkla steg<\/li>\n<li>V\u00e4lj bland en m\u00e4ngd fantastiska designer<\/li>\n<li>Se resultatet direkt \u2013 den interaktiva f\u00f6rhandsvisningen l\u00e5ter dig finjustera varje detalj<\/li>\n<\/ul>\n","protected":false},"featured_media":1688828,"template":"","meta":[],"product_brand":[],"product_cat":[9281,8188,8214,9767,7459,14193,8114,11192,11190,11191,8120,8108,11470,11471,11469,11463,11477,11472,8014,7679,7647,7694,7790,7758,7806,8116,11251,11252],"product_tag":[14998,14996,15000,14999,15005,14197,15006,11758,11772,11835,11829,11832,11830,11834,11831,15001,15002,13764,13754,15004,15008,14201,15009,15010,15003,15011,14995,14992,14993,14997],"class_list":{"0":"post-1512414","1":"product","2":"type-product","3":"status-publish","4":"has-post-thumbnail","6":"product_cat-bestsellers-label-sv","7":"product_cat-till-henne","8":"product_cat-till-honom","9":"product_cat-trending-label-sv","10":"product_cat-alla-produkter","11":"product_cat-moon-sv","12":"product_cat-jubileumspresent-presenttillfallen","13":"product_cat-arsdagspresenter-till-par","14":"product_cat-arsdagspresenter-till-henne","15":"product_cat-arsdagspresenter-till-honom","16":"product_cat-brollopspresenter-presenttillfallen","17":"product_cat-julpresenter","18":"product_cat-julklappar-till-henne","19":"product_cat-julklappar-till-honom","20":"product_cat-julklappar-till-flickvannen","21":"product_cat-julklapp-till-pojkvan","22":"product_cat-julklappar-till-frun","23":"product_cat-julklappar-till-maken","24":"product_cat-gavor-for-man","25":"product_cat-gavor-till-pojkvannen","26":"product_cat-gavor-till-din-man","27":"product_cat-gavor-for-kvinnor","28":"product_cat-gavor-till-flickvannen","29":"product_cat-gavor-till-fru","30":"product_cat-gavor-for-par","31":"product_cat-gava-pa-alla-hjartans-dag","32":"product_cat-alla-hjartans-dag-presenter-for-henne","33":"product_cat-alla-hjartans-dag-presenter-for-honom","34":"product_tag-anniversary-sv","35":"product_tag-anniversary-gift-sv","36":"product_tag-anniversary-gifts-sv","37":"product_tag-anniversary-present-sv","38":"product_tag-couple-gift-sv","39":"product_tag-couple-gift-anniversary-sv","40":"product_tag-gift-for-couple-sv","41":"product_tag-julklapp-till-pojkvan","42":"product_tag-julklappar-till-flickvannen","43":"product_tag-julklappar-till-frun","44":"product_tag-julklappar-till-henne","45":"product_tag-julklappar-till-maken","46":"product_tag-kerstcadeaus-for-honom","47":"product_tag-kerstcadeaus-for-kvinnor","48":"product_tag-kerstcadeaus-for-man","49":"product_tag-love-sv","50":"product_tag-love-gift-sv","51":"product_tag-manfas-pa-brollopsdagen","52":"product_tag-manfas-pa-er-arsdag","53":"product_tag-personalized-gift-sv","54":"product_tag-romantic-gifts-sv","55":"product_tag-romantisk-present","56":"product_tag-sentimental-gift-sv","57":"product_tag-special-occasion-sv-2","58":"product_tag-thoughtful-gift-sv","59":"product_tag-unique-gift-sv","60":"product_tag-valentines-day-gifts-sv","61":"product_tag-valentines-day-sv","62":"product_tag-valentines-day-gift-sv","63":"product_tag-wedding-anniversary-sv","65":"first","66":"instock","67":"sale","68":"taxable","69":"shipping-taxable","70":"purchasable","71":"product-type-variable"},"yoast_head":"<!-- This site is optimized with the Yoast SEO Premium plugin v27.2 (Yoast SEO v27.2) - https:\/\/yoast.com\/product\/yoast-seo-premium-wordpress\/ -->\n<title>M\u00e5nen natten d\u00e5 vi m\u00f6ttes - Positive Prints<\/title>\n<meta name=\"description\" content=\"Letar du efter en unik g\u00e5va? Minns natten ni m\u00f6ttes med en personlig poster med m\u00e5nfas \u2013 en vacker och evigt k\u00e4rleksfull minnessak.\" \/>\n<meta name=\"robots\" content=\"index, follow, max-snippet:-1, max-image-preview:large, max-video-preview:-1\" \/>\n<link rel=\"canonical\" href=\"https:\/\/positiveprints.com\/sv\/produkt\/manen-natten-da-vi-mottes\/\" \/>\n<meta property=\"og:locale\" content=\"sv_SE\" \/>\n<meta property=\"og:type\" content=\"article\" \/>\n<meta property=\"og:title\" content=\"M\u00e5nen natten d\u00e5 vi m\u00f6ttes\" \/>\n<meta property=\"og:description\" content=\"L\u00e4gg till m\u00e5nens unika skugga  Anpassa i 3 enkla steg  V\u00e4lj bland en m\u00e4ngd fantastiska designer  Se resultatet direkt \u2013 den interaktiva f\u00f6rhandsvisningen l\u00e5ter dig finjustera varje detalj\" \/>\n<meta property=\"og:url\" content=\"https:\/\/positiveprints.com\/sv\/produkt\/manen-natten-da-vi-mottes\/\" \/>\n<meta property=\"og:site_name\" content=\"Positive Prints\" \/>\n<meta property=\"article:publisher\" content=\"https:\/\/www.facebook.com\/positiveprintscom\" \/>\n<meta property=\"article:modified_time\" content=\"2026-04-18T03:35:21+00:00\" \/>\n<meta property=\"og:image\" content=\"https:\/\/positiveprints.com\/wp-content\/uploads\/2024\/02\/Packshot_EN_The-Moon-on-the-Night-We-Met-Print.webp\" \/>\n\t<meta property=\"og:image:width\" content=\"1450\" \/>\n\t<meta property=\"og:image:height\" content=\"1450\" \/>\n\t<meta property=\"og:image:type\" content=\"image\/webp\" \/>\n<meta name=\"twitter:card\" content=\"summary_large_image\" \/>\n<meta name=\"twitter:label1\" content=\"Ber\u00e4knad l\u00e4stid\" \/>\n\t<meta name=\"twitter:data1\" content=\"1 minut\" \/>\n<!-- \/ Yoast SEO Premium plugin. -->","yoast_head_json":{"title":"M\u00e5nen natten d\u00e5 vi m\u00f6ttes - Positive Prints","description":"Letar du efter en unik g\u00e5va? Minns natten ni m\u00f6ttes med en personlig poster med m\u00e5nfas \u2013 en vacker och evigt k\u00e4rleksfull minnessak.","robots":{"index":"index","follow":"follow","max-snippet":"max-snippet:-1","max-image-preview":"max-image-preview:large","max-video-preview":"max-video-preview:-1"},"canonical":"https:\/\/positiveprints.com\/sv\/produkt\/manen-natten-da-vi-mottes\/","og_locale":"sv_SE","og_type":"article","og_title":"M\u00e5nen natten d\u00e5 vi m\u00f6ttes","og_description":"L\u00e4gg till m\u00e5nens unika skugga  Anpassa i 3 enkla steg  V\u00e4lj bland en m\u00e4ngd fantastiska designer  Se resultatet direkt \u2013 den interaktiva f\u00f6rhandsvisningen l\u00e5ter dig finjustera varje detalj","og_url":"https:\/\/positiveprints.com\/sv\/produkt\/manen-natten-da-vi-mottes\/","og_site_name":"Positive Prints","article_publisher":"https:\/\/www.facebook.com\/positiveprintscom","article_modified_time":"2026-04-18T03:35:21+00:00","og_image":[{"width":1450,"height":1450,"url":"https:\/\/positiveprints.com\/wp-content\/uploads\/2024\/02\/Packshot_EN_The-Moon-on-the-Night-We-Met-Print.webp","type":"image\/webp"}],"twitter_card":"summary_large_image","twitter_misc":{"Ber\u00e4knad l\u00e4stid":"1 minut"},"schema":{"@context":"https:\/\/schema.org","@graph":[{"@type":["WebPage","ItemPage"],"@id":"https:\/\/positiveprints.com\/sv\/produkt\/manen-natten-da-vi-mottes\/","url":"https:\/\/positiveprints.com\/sv\/produkt\/manen-natten-da-vi-mottes\/","name":"M\u00e5nen natten d\u00e5 vi m\u00f6ttes - Positive Prints","isPartOf":{"@id":"https:\/\/positiveprints.com\/sv\/#website"},"primaryImageOfPage":{"@id":"https:\/\/positiveprints.com\/sv\/produkt\/manen-natten-da-vi-mottes\/#primaryimage"},"image":{"@id":"https:\/\/positiveprints.com\/sv\/produkt\/manen-natten-da-vi-mottes\/#primaryimage"},"thumbnailUrl":"https:\/\/positiveprints.com\/wp-content\/uploads\/2026\/03\/Packshot_EN_The-Moon-on-the-Night-We-Met-Print.webp","datePublished":"2024-02-16T08:29:57+00:00","dateModified":"2026-04-18T03:35:21+00:00","description":"Letar du efter en unik g\u00e5va? Minns natten ni m\u00f6ttes med en personlig poster med m\u00e5nfas \u2013 en vacker och evigt k\u00e4rleksfull minnessak.","breadcrumb":{"@id":"https:\/\/positiveprints.com\/sv\/produkt\/manen-natten-da-vi-mottes\/#breadcrumb"},"inLanguage":"sv-SE","potentialAction":[{"@type":"ReadAction","target":["https:\/\/positiveprints.com\/sv\/produkt\/manen-natten-da-vi-mottes\/"]}]},{"@type":"ImageObject","inLanguage":"sv-SE","@id":"https:\/\/positiveprints.com\/sv\/produkt\/manen-natten-da-vi-mottes\/#primaryimage","url":"https:\/\/positiveprints.com\/wp-content\/uploads\/2026\/03\/Packshot_EN_The-Moon-on-the-Night-We-Met-Print.webp","contentUrl":"https:\/\/positiveprints.com\/wp-content\/uploads\/2026\/03\/Packshot_EN_The-Moon-on-the-Night-We-Met-Print.webp","width":1450,"height":1450},{"@type":"BreadcrumbList","@id":"https:\/\/positiveprints.com\/sv\/produkt\/manen-natten-da-vi-mottes\/#breadcrumb","itemListElement":[{"@type":"ListItem","position":1,"name":"Home","item":"https:\/\/positiveprints.com\/sv\/"},{"@type":"ListItem","position":2,"name":"Produkter","item":"https:\/\/positiveprints.com\/sv\/shop\/"},{"@type":"ListItem","position":3,"name":"M\u00e5nen natten d\u00e5 vi m\u00f6ttes"}]},{"@type":"WebSite","@id":"https:\/\/positiveprints.com\/sv\/#website","url":"https:\/\/positiveprints.com\/sv\/","name":"Positive Prints","description":"Amazing Custom Personalized Gifts","publisher":{"@id":"https:\/\/positiveprints.com\/sv\/#organization"},"potentialAction":[{"@type":"SearchAction","target":{"@type":"EntryPoint","urlTemplate":"https:\/\/positiveprints.com\/sv\/?s={search_term_string}"},"query-input":{"@type":"PropertyValueSpecification","valueRequired":true,"valueName":"search_term_string"}}],"inLanguage":"sv-SE"},{"@type":"Organization","@id":"https:\/\/positiveprints.com\/sv\/#organization","name":"Positive Prints","alternateName":"Positive Prints","url":"https:\/\/positiveprints.com\/sv\/","logo":{"@type":"ImageObject","inLanguage":"sv-SE","@id":"https:\/\/positiveprints.com\/sv\/#\/schema\/logo\/image\/","url":"https:\/\/positiveprints.com\/wp-content\/uploads\/2026\/03\/245815646_1337939713319158_5671353136411139666_n.png","contentUrl":"https:\/\/positiveprints.com\/wp-content\/uploads\/2026\/03\/245815646_1337939713319158_5671353136411139666_n.png","width":800,"height":800,"caption":"Positive Prints"},"image":{"@id":"https:\/\/positiveprints.com\/sv\/#\/schema\/logo\/image\/"},"sameAs":["https:\/\/www.facebook.com\/positiveprintscom","https:\/\/www.instagram.com\/positiveprintscom\/","https:\/\/www.tiktok.com\/@positiveprintscom","https:\/\/www.pinterest.com\/positiveprintscom\/"]}]}},"jetpack_sharing_enabled":true,"_links":{"self":[{"href":"https:\/\/positiveprints.com\/sv\/wp-json\/wp\/v2\/product\/1512414","targetHints":{"allow":["GET"]}}],"collection":[{"href":"https:\/\/positiveprints.com\/sv\/wp-json\/wp\/v2\/product"}],"about":[{"href":"https:\/\/positiveprints.com\/sv\/wp-json\/wp\/v2\/types\/product"}],"wp:featuredmedia":[{"embeddable":true,"href":"https:\/\/positiveprints.com\/sv\/wp-json\/wp\/v2\/media\/1688828"}],"wp:attachment":[{"href":"https:\/\/positiveprints.com\/sv\/wp-json\/wp\/v2\/media?parent=1512414"}],"wp:term":[{"taxonomy":"product_brand","embeddable":true,"href":"https:\/\/positiveprints.com\/sv\/wp-json\/wp\/v2\/product_brand?post=1512414"},{"taxonomy":"product_cat","embeddable":true,"href":"https:\/\/positiveprints.com\/sv\/wp-json\/wp\/v2\/product_cat?post=1512414"},{"taxonomy":"product_tag","embeddable":true,"href":"https:\/\/positiveprints.com\/sv\/wp-json\/wp\/v2\/product_tag?post=1512414"}],"curies":[{"name":"wp","href":"https:\/\/api.w.org\/{rel}","templated":true}]}}