{"id":1507575,"date":"2025-08-25T14:38:36","date_gmt":"2025-08-25T12:38:36","guid":{"rendered":"https:\/\/positiveprints.com\/?post_type=product&#038;p=1507575"},"modified":"2026-04-03T02:22:56","modified_gmt":"2026-04-03T01:22:56","slug":"popkonst-hundportratt","status":"publish","type":"product","link":"https:\/\/positiveprints.com\/sv\/produkt\/popkonst-hundportratt\/","title":{"rendered":"Popkonst-hundportr\u00e4tt"},"content":{"rendered":"","protected":false},"excerpt":{"rendered":"<ul class=\"check-list\">\n<li>Ladda upp dina favoritfoton p\u00e5 ditt husdjur<\/li>\n<li>2 revisioner tillg\u00e4ngliga p\u00e5 beg\u00e4ran<\/li>\n<li>Slappna av medan v\u00e5ra konstn\u00e4rer skapar ditt husdjurs m\u00e4sterverk<\/li>\n<li>F\u00e5 ett prov inom 2-3 aff\u00e4rsdagar<\/li>\n<li>Flera tryckstorlekar finns att v\u00e4lja mellan<\/li>\n<\/ul>\n","protected":false},"featured_media":1508229,"template":"","meta":[],"product_brand":[],"product_cat":[13595,7459,7902],"product_tag":[16087,16096,16098,16093,16097,13931,13926,13932,13929,13930,13927],"class_list":{"0":"post-1507575","1":"product","2":"type-product","3":"status-publish","4":"has-post-thumbnail","6":"product_cat-akvarell","7":"product_cat-alla-produkter","8":"product_cat-gavor-for-hundalskare","9":"product_tag-animals-sv","10":"product_tag-custom-dog-gifts-sv","11":"product_tag-dog-mom-gifts-sv","12":"product_tag-dog-owner-sv","13":"product_tag-gifts-for-dog-owners-sv","14":"product_tag-hundagare","15":"product_tag-personliga-hundpresenter","16":"product_tag-presenter-till-hundagare","17":"product_tag-presenter-till-hundalskare","18":"product_tag-presenter-till-hundmamma","19":"product_tag-presenter-till-hundpappa","21":"first","22":"instock","23":"sale","24":"taxable","25":"shipping-taxable","26":"purchasable","27":"product-type-variable"},"yoast_head":"<!-- This site is optimized with the Yoast SEO Premium plugin v27.2 (Yoast SEO v27.2) - https:\/\/yoast.com\/product\/yoast-seo-premium-wordpress\/ -->\n<title>Popkonst-hundportr\u00e4tt - Positive Prints<\/title>\n<meta name=\"description\" content=\"F\u00e4rgstark, dj\u00e4rv och full av personlighet \u2013 ett roligt anpassat konstverk som f\u00f6rvandlar din hund till en popkonstikon. Den perfekta g\u00e5van f\u00f6r moderna hund\u00e4lskare.\" \/>\n<meta name=\"robots\" content=\"index, follow, max-snippet:-1, max-image-preview:large, max-video-preview:-1\" \/>\n<link rel=\"canonical\" href=\"https:\/\/positiveprints.com\/sv\/produkt\/popkonst-hundportratt\/\" \/>\n<meta property=\"og:locale\" content=\"sv_SE\" \/>\n<meta property=\"og:type\" content=\"article\" \/>\n<meta property=\"og:title\" content=\"Popkonst-hundportr\u00e4tt\" \/>\n<meta property=\"og:description\" content=\"Ladda upp dina favoritfoton p\u00e5 ditt husdjur 2 revisioner tillg\u00e4ngliga p\u00e5 beg\u00e4ran Slappna av medan v\u00e5ra konstn\u00e4rer skapar ditt husdjurs m\u00e4sterverk F\u00e5 ett prov inom 2-3 aff\u00e4rsdagar Flera tryckstorlekar finns att v\u00e4lja mellan\" \/>\n<meta property=\"og:url\" content=\"https:\/\/positiveprints.com\/sv\/produkt\/popkonst-hundportratt\/\" \/>\n<meta property=\"og:site_name\" content=\"Positive Prints\" \/>\n<meta property=\"article:publisher\" content=\"https:\/\/www.facebook.com\/positiveprintscom\" \/>\n<meta property=\"article:modified_time\" content=\"2026-04-03T01:22:56+00:00\" \/>\n<meta property=\"og:image\" content=\"https:\/\/positiveprints.com\/wp-content\/uploads\/2025\/08\/Packshot_SE_Popkonst-hundportra\u0308tt.webp\" \/>\n\t<meta property=\"og:image:width\" content=\"1450\" \/>\n\t<meta property=\"og:image:height\" content=\"1450\" \/>\n\t<meta property=\"og:image:type\" content=\"image\/webp\" \/>\n<meta name=\"twitter:card\" content=\"summary_large_image\" \/>\n<meta name=\"twitter:label1\" content=\"Ber\u00e4knad l\u00e4stid\" \/>\n\t<meta name=\"twitter:data1\" content=\"1 minut\" \/>\n<!-- \/ Yoast SEO Premium plugin. -->","yoast_head_json":{"title":"Popkonst-hundportr\u00e4tt - Positive Prints","description":"F\u00e4rgstark, dj\u00e4rv och full av personlighet \u2013 ett roligt anpassat konstverk som f\u00f6rvandlar din hund till en popkonstikon. Den perfekta g\u00e5van f\u00f6r moderna hund\u00e4lskare.","robots":{"index":"index","follow":"follow","max-snippet":"max-snippet:-1","max-image-preview":"max-image-preview:large","max-video-preview":"max-video-preview:-1"},"canonical":"https:\/\/positiveprints.com\/sv\/produkt\/popkonst-hundportratt\/","og_locale":"sv_SE","og_type":"article","og_title":"Popkonst-hundportr\u00e4tt","og_description":"Ladda upp dina favoritfoton p\u00e5 ditt husdjur 2 revisioner tillg\u00e4ngliga p\u00e5 beg\u00e4ran Slappna av medan v\u00e5ra konstn\u00e4rer skapar ditt husdjurs m\u00e4sterverk F\u00e5 ett prov inom 2-3 aff\u00e4rsdagar Flera tryckstorlekar finns att v\u00e4lja mellan","og_url":"https:\/\/positiveprints.com\/sv\/produkt\/popkonst-hundportratt\/","og_site_name":"Positive Prints","article_publisher":"https:\/\/www.facebook.com\/positiveprintscom","article_modified_time":"2026-04-03T01:22:56+00:00","og_image":[{"width":1450,"height":1450,"url":"https:\/\/positiveprints.com\/wp-content\/uploads\/2025\/08\/Packshot_SE_Popkonst-hundportra\u0308tt.webp","type":"image\/webp"}],"twitter_card":"summary_large_image","twitter_misc":{"Ber\u00e4knad l\u00e4stid":"1 minut"},"schema":{"@context":"https:\/\/schema.org","@graph":[{"@type":["WebPage","ItemPage"],"@id":"https:\/\/positiveprints.com\/sv\/produkt\/popkonst-hundportratt\/","url":"https:\/\/positiveprints.com\/sv\/produkt\/popkonst-hundportratt\/","name":"Popkonst-hundportr\u00e4tt - Positive Prints","isPartOf":{"@id":"https:\/\/positiveprints.com\/sv\/#website"},"primaryImageOfPage":{"@id":"https:\/\/positiveprints.com\/sv\/produkt\/popkonst-hundportratt\/#primaryimage"},"image":{"@id":"https:\/\/positiveprints.com\/sv\/produkt\/popkonst-hundportratt\/#primaryimage"},"thumbnailUrl":"https:\/\/positiveprints.com\/wp-content\/uploads\/2025\/08\/Packshot_SE_Popkonst-hundportra\u0308tt.webp","datePublished":"2025-08-25T12:38:36+00:00","dateModified":"2026-04-03T01:22:56+00:00","description":"F\u00e4rgstark, dj\u00e4rv och full av personlighet \u2013 ett roligt anpassat konstverk som f\u00f6rvandlar din hund till en popkonstikon. Den perfekta g\u00e5van f\u00f6r moderna hund\u00e4lskare.","breadcrumb":{"@id":"https:\/\/positiveprints.com\/sv\/produkt\/popkonst-hundportratt\/#breadcrumb"},"inLanguage":"sv-SE","potentialAction":[{"@type":"ReadAction","target":["https:\/\/positiveprints.com\/sv\/produkt\/popkonst-hundportratt\/"]}]},{"@type":"ImageObject","inLanguage":"sv-SE","@id":"https:\/\/positiveprints.com\/sv\/produkt\/popkonst-hundportratt\/#primaryimage","url":"https:\/\/positiveprints.com\/wp-content\/uploads\/2025\/08\/Packshot_SE_Popkonst-hundportra\u0308tt.webp","contentUrl":"https:\/\/positiveprints.com\/wp-content\/uploads\/2025\/08\/Packshot_SE_Popkonst-hundportra\u0308tt.webp","width":1450,"height":1450,"caption":"Popkonst-hundportra\u0308tt"},{"@type":"BreadcrumbList","@id":"https:\/\/positiveprints.com\/sv\/produkt\/popkonst-hundportratt\/#breadcrumb","itemListElement":[{"@type":"ListItem","position":1,"name":"Home","item":"https:\/\/positiveprints.com\/sv\/"},{"@type":"ListItem","position":2,"name":"Produkter","item":"https:\/\/positiveprints.com\/sv\/shop\/"},{"@type":"ListItem","position":3,"name":"Popkonst-hundportr\u00e4tt"}]},{"@type":"WebSite","@id":"https:\/\/positiveprints.com\/sv\/#website","url":"https:\/\/positiveprints.com\/sv\/","name":"Positive Prints","description":"Amazing Custom Personalized Gifts","publisher":{"@id":"https:\/\/positiveprints.com\/sv\/#organization"},"potentialAction":[{"@type":"SearchAction","target":{"@type":"EntryPoint","urlTemplate":"https:\/\/positiveprints.com\/sv\/?s={search_term_string}"},"query-input":{"@type":"PropertyValueSpecification","valueRequired":true,"valueName":"search_term_string"}}],"inLanguage":"sv-SE"},{"@type":"Organization","@id":"https:\/\/positiveprints.com\/sv\/#organization","name":"Positive Prints","alternateName":"Positive Prints","url":"https:\/\/positiveprints.com\/sv\/","logo":{"@type":"ImageObject","inLanguage":"sv-SE","@id":"https:\/\/positiveprints.com\/sv\/#\/schema\/logo\/image\/","url":"https:\/\/positiveprints.com\/wp-content\/uploads\/2026\/03\/245815646_1337939713319158_5671353136411139666_n.png","contentUrl":"https:\/\/positiveprints.com\/wp-content\/uploads\/2026\/03\/245815646_1337939713319158_5671353136411139666_n.png","width":800,"height":800,"caption":"Positive Prints"},"image":{"@id":"https:\/\/positiveprints.com\/sv\/#\/schema\/logo\/image\/"},"sameAs":["https:\/\/www.facebook.com\/positiveprintscom","https:\/\/www.instagram.com\/positiveprintscom\/","https:\/\/www.tiktok.com\/@positiveprintscom","https:\/\/www.pinterest.com\/positiveprintscom\/"]}]}},"jetpack_sharing_enabled":true,"_links":{"self":[{"href":"https:\/\/positiveprints.com\/sv\/wp-json\/wp\/v2\/product\/1507575","targetHints":{"allow":["GET"]}}],"collection":[{"href":"https:\/\/positiveprints.com\/sv\/wp-json\/wp\/v2\/product"}],"about":[{"href":"https:\/\/positiveprints.com\/sv\/wp-json\/wp\/v2\/types\/product"}],"wp:featuredmedia":[{"embeddable":true,"href":"https:\/\/positiveprints.com\/sv\/wp-json\/wp\/v2\/media\/1508229"}],"wp:attachment":[{"href":"https:\/\/positiveprints.com\/sv\/wp-json\/wp\/v2\/media?parent=1507575"}],"wp:term":[{"taxonomy":"product_brand","embeddable":true,"href":"https:\/\/positiveprints.com\/sv\/wp-json\/wp\/v2\/product_brand?post=1507575"},{"taxonomy":"product_cat","embeddable":true,"href":"https:\/\/positiveprints.com\/sv\/wp-json\/wp\/v2\/product_cat?post=1507575"},{"taxonomy":"product_tag","embeddable":true,"href":"https:\/\/positiveprints.com\/sv\/wp-json\/wp\/v2\/product_tag?post=1507575"}],"curies":[{"name":"wp","href":"https:\/\/api.w.org\/{rel}","templated":true}]}}