{"id":1503876,"date":"2025-08-21T13:07:18","date_gmt":"2025-08-21T11:07:18","guid":{"rendered":"https:\/\/positiveprints.com\/?post_type=product&#038;p=1503876"},"modified":"2026-04-12T19:17:02","modified_gmt":"2026-04-12T18:17:02","slug":"anpassat-husdjursportratt","status":"publish","type":"product","link":"https:\/\/positiveprints.com\/sv\/produkt\/anpassat-husdjursportratt\/","title":{"rendered":"Anpassat Husdjursportr\u00e4tt"},"content":{"rendered":"","protected":false},"excerpt":{"rendered":"<ul class=\"check-list\">\n<li>Ladda upp ditt favorit foto av ditt husdjur<\/li>\n<li>2 revisioner tillg\u00e4ngliga p\u00e5 beg\u00e4ran<\/li>\n<li>Slappna av medan v\u00e5ra konstn\u00e4rer skapar ditt husdjurs vattenf\u00e4rgsm\u00e4sterverk<\/li>\n<li>F\u00e5 ett prov inom 2-3 aff\u00e4rsdagar<\/li>\n<li>Flera tryckstorlekar finns att v\u00e4lja mellan<\/li>\n<\/ul>\n","protected":false},"featured_media":1504867,"template":"","meta":[],"product_brand":[],"product_cat":[13595,7459,15116,8147,9031,8983,9767],"product_tag":[16082,8397,9742,15954,13263,13381,13380,11758,13430,13460,13470,11772,11835,11829,11832,11833,11765,13480,11830],"class_list":{"0":"post-1503876","1":"product","2":"type-product","3":"status-publish","4":"has-post-thumbnail","6":"product_cat-akvarell","7":"product_cat-alla-produkter","8":"product_cat-bestsellers-menu-sv","9":"product_cat-creators-sv","10":"product_cat-digitala-produkter","11":"product_cat-ny","12":"product_cat-trending-label-sv","13":"product_tag-cadeaux-de-noel-pour-la-famille-sv","14":"product_tag-creators-sv","15":"product_tag-husdjur","16":"product_tag-julklapp-till-barn","17":"product_tag-julklapp-till-en-kollega","18":"product_tag-julklapp-till-en-morfar","19":"product_tag-julklapp-till-en-mormor","20":"product_tag-julklapp-till-pojkvan","21":"product_tag-julklapp-till-syster","22":"product_tag-julklappar-till-bror","23":"product_tag-julklappar-till-familjen","24":"product_tag-julklappar-till-flickvannen","25":"product_tag-julklappar-till-frun","26":"product_tag-julklappar-till-henne","27":"product_tag-julklappar-till-maken","28":"product_tag-julklappar-till-mamma","29":"product_tag-julklappar-till-pappa","30":"product_tag-julklappar-till-vanner","31":"product_tag-kerstcadeaus-for-honom","33":"first","34":"instock","35":"sale","36":"taxable","37":"shipping-taxable","38":"purchasable","39":"product-type-variable"},"yoast_head":"<!-- This site is optimized with the Yoast SEO Premium plugin v27.2 (Yoast SEO v27.2) - https:\/\/yoast.com\/product\/yoast-seo-premium-wordpress\/ -->\n<title>Anpassat Husdjursportr\u00e4tt - Positive Prints<\/title>\n<meta name=\"description\" content=\"F\u00f6rvandla ditt favoritfoto av din katt, hund eller ett annat husdjur till ett vackert, anpassat tryck. En omt\u00e4nksam g\u00e5va f\u00f6r husdjurs\u00e4lskare och ett unikt s\u00e4tt att hylla din fyrfotade v\u00e4n.\" \/>\n<meta name=\"robots\" content=\"index, follow, max-snippet:-1, max-image-preview:large, max-video-preview:-1\" \/>\n<link rel=\"canonical\" href=\"https:\/\/positiveprints.com\/sv\/produkt\/anpassat-husdjursportratt\/\" \/>\n<meta property=\"og:locale\" content=\"sv_SE\" \/>\n<meta property=\"og:type\" content=\"article\" \/>\n<meta property=\"og:title\" content=\"Anpassat Husdjursportr\u00e4tt\" \/>\n<meta property=\"og:description\" content=\"Ladda upp ditt favorit foto av ditt husdjur 2 revisioner tillg\u00e4ngliga p\u00e5 beg\u00e4ran Slappna av medan v\u00e5ra konstn\u00e4rer skapar ditt husdjurs vattenf\u00e4rgsm\u00e4sterverk F\u00e5 ett prov inom 2-3 aff\u00e4rsdagar Flera tryckstorlekar finns att v\u00e4lja mellan\" \/>\n<meta property=\"og:url\" content=\"https:\/\/positiveprints.com\/sv\/produkt\/anpassat-husdjursportratt\/\" \/>\n<meta property=\"og:site_name\" content=\"Positive Prints\" \/>\n<meta property=\"article:publisher\" content=\"https:\/\/www.facebook.com\/positiveprintscom\" \/>\n<meta property=\"article:modified_time\" content=\"2026-04-12T18:17:02+00:00\" \/>\n<meta property=\"og:image\" content=\"https:\/\/positiveprints.com\/wp-content\/uploads\/2025\/08\/Packshot_SE_Anpassat-Husdjursportra\u0308tt.webp\" \/>\n\t<meta property=\"og:image:width\" content=\"1450\" \/>\n\t<meta property=\"og:image:height\" content=\"1450\" \/>\n\t<meta property=\"og:image:type\" content=\"image\/webp\" \/>\n<meta name=\"twitter:card\" content=\"summary_large_image\" \/>\n<meta name=\"twitter:label1\" content=\"Ber\u00e4knad l\u00e4stid\" \/>\n\t<meta name=\"twitter:data1\" content=\"1 minut\" \/>\n<!-- \/ Yoast SEO Premium plugin. -->","yoast_head_json":{"title":"Anpassat Husdjursportr\u00e4tt - Positive Prints","description":"F\u00f6rvandla ditt favoritfoto av din katt, hund eller ett annat husdjur till ett vackert, anpassat tryck. En omt\u00e4nksam g\u00e5va f\u00f6r husdjurs\u00e4lskare och ett unikt s\u00e4tt att hylla din fyrfotade v\u00e4n.","robots":{"index":"index","follow":"follow","max-snippet":"max-snippet:-1","max-image-preview":"max-image-preview:large","max-video-preview":"max-video-preview:-1"},"canonical":"https:\/\/positiveprints.com\/sv\/produkt\/anpassat-husdjursportratt\/","og_locale":"sv_SE","og_type":"article","og_title":"Anpassat Husdjursportr\u00e4tt","og_description":"Ladda upp ditt favorit foto av ditt husdjur 2 revisioner tillg\u00e4ngliga p\u00e5 beg\u00e4ran Slappna av medan v\u00e5ra konstn\u00e4rer skapar ditt husdjurs vattenf\u00e4rgsm\u00e4sterverk F\u00e5 ett prov inom 2-3 aff\u00e4rsdagar Flera tryckstorlekar finns att v\u00e4lja mellan","og_url":"https:\/\/positiveprints.com\/sv\/produkt\/anpassat-husdjursportratt\/","og_site_name":"Positive Prints","article_publisher":"https:\/\/www.facebook.com\/positiveprintscom","article_modified_time":"2026-04-12T18:17:02+00:00","og_image":[{"width":1450,"height":1450,"url":"https:\/\/positiveprints.com\/wp-content\/uploads\/2025\/08\/Packshot_SE_Anpassat-Husdjursportra\u0308tt.webp","type":"image\/webp"}],"twitter_card":"summary_large_image","twitter_misc":{"Ber\u00e4knad l\u00e4stid":"1 minut"},"schema":{"@context":"https:\/\/schema.org","@graph":[{"@type":["WebPage","ItemPage"],"@id":"https:\/\/positiveprints.com\/sv\/produkt\/anpassat-husdjursportratt\/","url":"https:\/\/positiveprints.com\/sv\/produkt\/anpassat-husdjursportratt\/","name":"Anpassat Husdjursportr\u00e4tt - Positive Prints","isPartOf":{"@id":"https:\/\/positiveprints.com\/sv\/#website"},"primaryImageOfPage":{"@id":"https:\/\/positiveprints.com\/sv\/produkt\/anpassat-husdjursportratt\/#primaryimage"},"image":{"@id":"https:\/\/positiveprints.com\/sv\/produkt\/anpassat-husdjursportratt\/#primaryimage"},"thumbnailUrl":"https:\/\/positiveprints.com\/wp-content\/uploads\/2025\/08\/Packshot_SE_Anpassat-Husdjursportra\u0308tt.webp","datePublished":"2025-08-21T11:07:18+00:00","dateModified":"2026-04-12T18:17:02+00:00","description":"F\u00f6rvandla ditt favoritfoto av din katt, hund eller ett annat husdjur till ett vackert, anpassat tryck. En omt\u00e4nksam g\u00e5va f\u00f6r husdjurs\u00e4lskare och ett unikt s\u00e4tt att hylla din fyrfotade v\u00e4n.","breadcrumb":{"@id":"https:\/\/positiveprints.com\/sv\/produkt\/anpassat-husdjursportratt\/#breadcrumb"},"inLanguage":"sv-SE","potentialAction":[{"@type":"ReadAction","target":["https:\/\/positiveprints.com\/sv\/produkt\/anpassat-husdjursportratt\/"]}]},{"@type":"ImageObject","inLanguage":"sv-SE","@id":"https:\/\/positiveprints.com\/sv\/produkt\/anpassat-husdjursportratt\/#primaryimage","url":"https:\/\/positiveprints.com\/wp-content\/uploads\/2025\/08\/Packshot_SE_Anpassat-Husdjursportra\u0308tt.webp","contentUrl":"https:\/\/positiveprints.com\/wp-content\/uploads\/2025\/08\/Packshot_SE_Anpassat-Husdjursportra\u0308tt.webp","width":1450,"height":1450,"caption":"Anpassat Husdjursportra\u0308tt"},{"@type":"BreadcrumbList","@id":"https:\/\/positiveprints.com\/sv\/produkt\/anpassat-husdjursportratt\/#breadcrumb","itemListElement":[{"@type":"ListItem","position":1,"name":"Home","item":"https:\/\/positiveprints.com\/sv\/"},{"@type":"ListItem","position":2,"name":"Produkter","item":"https:\/\/positiveprints.com\/sv\/shop\/"},{"@type":"ListItem","position":3,"name":"Anpassat Husdjursportr\u00e4tt"}]},{"@type":"WebSite","@id":"https:\/\/positiveprints.com\/sv\/#website","url":"https:\/\/positiveprints.com\/sv\/","name":"Positive Prints","description":"Amazing Custom Personalized Gifts","publisher":{"@id":"https:\/\/positiveprints.com\/sv\/#organization"},"potentialAction":[{"@type":"SearchAction","target":{"@type":"EntryPoint","urlTemplate":"https:\/\/positiveprints.com\/sv\/?s={search_term_string}"},"query-input":{"@type":"PropertyValueSpecification","valueRequired":true,"valueName":"search_term_string"}}],"inLanguage":"sv-SE"},{"@type":"Organization","@id":"https:\/\/positiveprints.com\/sv\/#organization","name":"Positive Prints","alternateName":"Positive Prints","url":"https:\/\/positiveprints.com\/sv\/","logo":{"@type":"ImageObject","inLanguage":"sv-SE","@id":"https:\/\/positiveprints.com\/sv\/#\/schema\/logo\/image\/","url":"https:\/\/positiveprints.com\/wp-content\/uploads\/2026\/03\/245815646_1337939713319158_5671353136411139666_n.png","contentUrl":"https:\/\/positiveprints.com\/wp-content\/uploads\/2026\/03\/245815646_1337939713319158_5671353136411139666_n.png","width":800,"height":800,"caption":"Positive Prints"},"image":{"@id":"https:\/\/positiveprints.com\/sv\/#\/schema\/logo\/image\/"},"sameAs":["https:\/\/www.facebook.com\/positiveprintscom","https:\/\/www.instagram.com\/positiveprintscom\/","https:\/\/www.tiktok.com\/@positiveprintscom","https:\/\/www.pinterest.com\/positiveprintscom\/"]}]}},"jetpack_sharing_enabled":true,"_links":{"self":[{"href":"https:\/\/positiveprints.com\/sv\/wp-json\/wp\/v2\/product\/1503876","targetHints":{"allow":["GET"]}}],"collection":[{"href":"https:\/\/positiveprints.com\/sv\/wp-json\/wp\/v2\/product"}],"about":[{"href":"https:\/\/positiveprints.com\/sv\/wp-json\/wp\/v2\/types\/product"}],"wp:featuredmedia":[{"embeddable":true,"href":"https:\/\/positiveprints.com\/sv\/wp-json\/wp\/v2\/media\/1504867"}],"wp:attachment":[{"href":"https:\/\/positiveprints.com\/sv\/wp-json\/wp\/v2\/media?parent=1503876"}],"wp:term":[{"taxonomy":"product_brand","embeddable":true,"href":"https:\/\/positiveprints.com\/sv\/wp-json\/wp\/v2\/product_brand?post=1503876"},{"taxonomy":"product_cat","embeddable":true,"href":"https:\/\/positiveprints.com\/sv\/wp-json\/wp\/v2\/product_cat?post=1503876"},{"taxonomy":"product_tag","embeddable":true,"href":"https:\/\/positiveprints.com\/sv\/wp-json\/wp\/v2\/product_tag?post=1503876"}],"curies":[{"name":"wp","href":"https:\/\/api.w.org\/{rel}","templated":true}]}}