{"id":1501855,"date":"2025-08-20T15:57:13","date_gmt":"2025-08-20T13:57:13","guid":{"rendered":"https:\/\/positiveprints.com\/?post_type=product&#038;p=1501855"},"modified":"2026-04-03T02:23:21","modified_gmt":"2026-04-03T01:23:21","slug":"kungligt-kattportratt","status":"publish","type":"product","link":"https:\/\/positiveprints.com\/sv\/produkt\/kungligt-kattportratt\/","title":{"rendered":"Kungligt kattportr\u00e4tt"},"content":{"rendered":"","protected":false},"excerpt":{"rendered":"<ul class=\"check-list\">\n<li>Ladda upp dina favoritfoton p\u00e5 ditt husdjur<\/li>\n<li>2 revisioner tillg\u00e4ngliga p\u00e5 beg\u00e4ran<\/li>\n<li>Slappna av medan v\u00e5ra konstn\u00e4rer skapar ditt husdjurs vattenf\u00e4rgsm\u00e4sterverk<\/li>\n<li>F\u00e5 ett prov inom 2-3 aff\u00e4rsdagar<\/li>\n<li>Flera tryckstorlekar finns att v\u00e4lja mellan<\/li>\n<\/ul>\n","protected":false},"featured_media":1501976,"template":"","meta":[],"product_brand":[],"product_cat":[13595,7459,8117,11221,11222,14087,15046,8108,11473,11464,15061,11469,11475,11477,11470,11471,11465,11472,11474,11467,11468,11466,11463,11476,9767],"product_tag":[16087,15020,15018,15019,15015,15016,15017],"class_list":{"0":"post-1501855","1":"product","2":"type-product","3":"status-publish","4":"has-post-thumbnail","6":"product_cat-akvarell","7":"product_cat-alla-produkter","8":"product_cat-fodelsedagspresenter-presenttillfallen","9":"product_cat-fodelsedagspresenter-till-henne","10":"product_cat-fodelsedagspresenter-till-honom","11":"product_cat-gavor-for-kattalskare","12":"product_cat-julklappar-for-vanner","13":"product_cat-julpresenter","14":"product_cat-julklappar-till-barnen","15":"product_cat-julklappar-till-brodern","16":"product_cat-julklappar-till-familjen","17":"product_cat-julklappar-till-flickvannen","18":"product_cat-julklappar-till-foraldrarna","19":"product_cat-julklappar-till-frun","20":"product_cat-julklappar-till-henne","21":"product_cat-julklappar-till-honom","22":"product_cat-julklappar-till-kollegorna","23":"product_cat-julklappar-till-maken","24":"product_cat-julklappar-till-mamma","25":"product_cat-julklappar-till-morfar","26":"product_cat-julklappar-till-mormor","27":"product_cat-julklappar-till-pappa","28":"product_cat-julklapp-till-pojkvan","29":"product_cat-julklappar-till-systern","30":"product_cat-trending-label-sv","31":"product_tag-animals-sv","32":"product_tag-cat-dad-gifts-sv","33":"product_tag-cat-lovers-gifts-sv","34":"product_tag-cat-mom-gifts-sv","35":"product_tag-cat-owner-sv","36":"product_tag-custom-cat-gifts-sv","37":"product_tag-gifts-for-cat-owners-sv","39":"first","40":"instock","41":"sale","42":"taxable","43":"shipping-taxable","44":"purchasable","45":"product-type-variable"},"yoast_head":"<!-- This site is optimized with the Yoast SEO Premium plugin v27.2 (Yoast SEO v27.2) - https:\/\/yoast.com\/product\/yoast-seo-premium-wordpress\/ -->\n<title>Kungligt kattportr\u00e4tt - Positive Prints<\/title>\n<meta name=\"description\" content=\"F\u00f6rvandla din katt till en kunglighet med ett roligt och mjaoest\u00e4tiskt portr\u00e4tt. Den perfekta presenten f\u00f6r alla katt\u00e4lskare vars liv regeras av deras katt.\" \/>\n<meta name=\"robots\" content=\"index, follow, max-snippet:-1, max-image-preview:large, max-video-preview:-1\" \/>\n<link rel=\"canonical\" href=\"https:\/\/positiveprints.com\/sv\/produkt\/kungligt-kattportratt\/\" \/>\n<meta property=\"og:locale\" content=\"sv_SE\" \/>\n<meta property=\"og:type\" content=\"article\" \/>\n<meta property=\"og:title\" content=\"Kungligt kattportr\u00e4tt\" \/>\n<meta property=\"og:description\" content=\"Ladda upp dina favoritfoton p\u00e5 ditt husdjur 2 revisioner tillg\u00e4ngliga p\u00e5 beg\u00e4ran Slappna av medan v\u00e5ra konstn\u00e4rer skapar ditt husdjurs vattenf\u00e4rgsm\u00e4sterverk F\u00e5 ett prov inom 2-3 aff\u00e4rsdagar Flera tryckstorlekar finns att v\u00e4lja mellan\" \/>\n<meta property=\"og:url\" content=\"https:\/\/positiveprints.com\/sv\/produkt\/kungligt-kattportratt\/\" \/>\n<meta property=\"og:site_name\" content=\"Positive Prints\" \/>\n<meta property=\"article:publisher\" content=\"https:\/\/www.facebook.com\/positiveprintscom\" \/>\n<meta property=\"article:modified_time\" content=\"2026-04-03T01:23:21+00:00\" \/>\n<meta property=\"og:image\" content=\"https:\/\/positiveprints.com\/wp-content\/uploads\/2025\/08\/Packshot_SE_Kungligt-kattportra\u0308tt.webp\" \/>\n\t<meta property=\"og:image:width\" content=\"1450\" \/>\n\t<meta property=\"og:image:height\" content=\"1450\" \/>\n\t<meta property=\"og:image:type\" content=\"image\/webp\" \/>\n<meta name=\"twitter:card\" content=\"summary_large_image\" \/>\n<meta name=\"twitter:label1\" content=\"Ber\u00e4knad l\u00e4stid\" \/>\n\t<meta name=\"twitter:data1\" content=\"1 minut\" \/>\n<!-- \/ Yoast SEO Premium plugin. -->","yoast_head_json":{"title":"Kungligt kattportr\u00e4tt - Positive Prints","description":"F\u00f6rvandla din katt till en kunglighet med ett roligt och mjaoest\u00e4tiskt portr\u00e4tt. Den perfekta presenten f\u00f6r alla katt\u00e4lskare vars liv regeras av deras katt.","robots":{"index":"index","follow":"follow","max-snippet":"max-snippet:-1","max-image-preview":"max-image-preview:large","max-video-preview":"max-video-preview:-1"},"canonical":"https:\/\/positiveprints.com\/sv\/produkt\/kungligt-kattportratt\/","og_locale":"sv_SE","og_type":"article","og_title":"Kungligt kattportr\u00e4tt","og_description":"Ladda upp dina favoritfoton p\u00e5 ditt husdjur 2 revisioner tillg\u00e4ngliga p\u00e5 beg\u00e4ran Slappna av medan v\u00e5ra konstn\u00e4rer skapar ditt husdjurs vattenf\u00e4rgsm\u00e4sterverk F\u00e5 ett prov inom 2-3 aff\u00e4rsdagar Flera tryckstorlekar finns att v\u00e4lja mellan","og_url":"https:\/\/positiveprints.com\/sv\/produkt\/kungligt-kattportratt\/","og_site_name":"Positive Prints","article_publisher":"https:\/\/www.facebook.com\/positiveprintscom","article_modified_time":"2026-04-03T01:23:21+00:00","og_image":[{"width":1450,"height":1450,"url":"https:\/\/positiveprints.com\/wp-content\/uploads\/2025\/08\/Packshot_SE_Kungligt-kattportra\u0308tt.webp","type":"image\/webp"}],"twitter_card":"summary_large_image","twitter_misc":{"Ber\u00e4knad l\u00e4stid":"1 minut"},"schema":{"@context":"https:\/\/schema.org","@graph":[{"@type":["WebPage","ItemPage"],"@id":"https:\/\/positiveprints.com\/sv\/produkt\/kungligt-kattportratt\/","url":"https:\/\/positiveprints.com\/sv\/produkt\/kungligt-kattportratt\/","name":"Kungligt kattportr\u00e4tt - Positive Prints","isPartOf":{"@id":"https:\/\/positiveprints.com\/sv\/#website"},"primaryImageOfPage":{"@id":"https:\/\/positiveprints.com\/sv\/produkt\/kungligt-kattportratt\/#primaryimage"},"image":{"@id":"https:\/\/positiveprints.com\/sv\/produkt\/kungligt-kattportratt\/#primaryimage"},"thumbnailUrl":"https:\/\/positiveprints.com\/wp-content\/uploads\/2025\/08\/Packshot_EN_Royal-Cat-Portrait.webp","datePublished":"2025-08-20T13:57:13+00:00","dateModified":"2026-04-03T01:23:21+00:00","description":"F\u00f6rvandla din katt till en kunglighet med ett roligt och mjaoest\u00e4tiskt portr\u00e4tt. Den perfekta presenten f\u00f6r alla katt\u00e4lskare vars liv regeras av deras katt.","breadcrumb":{"@id":"https:\/\/positiveprints.com\/sv\/produkt\/kungligt-kattportratt\/#breadcrumb"},"inLanguage":"sv-SE","potentialAction":[{"@type":"ReadAction","target":["https:\/\/positiveprints.com\/sv\/produkt\/kungligt-kattportratt\/"]}]},{"@type":"ImageObject","inLanguage":"sv-SE","@id":"https:\/\/positiveprints.com\/sv\/produkt\/kungligt-kattportratt\/#primaryimage","url":"https:\/\/positiveprints.com\/wp-content\/uploads\/2025\/08\/Packshot_EN_Royal-Cat-Portrait.webp","contentUrl":"https:\/\/positiveprints.com\/wp-content\/uploads\/2025\/08\/Packshot_EN_Royal-Cat-Portrait.webp","width":1450,"height":1450,"caption":"Royal Cat Portrait"},{"@type":"BreadcrumbList","@id":"https:\/\/positiveprints.com\/sv\/produkt\/kungligt-kattportratt\/#breadcrumb","itemListElement":[{"@type":"ListItem","position":1,"name":"Home","item":"https:\/\/positiveprints.com\/sv\/"},{"@type":"ListItem","position":2,"name":"Produkter","item":"https:\/\/positiveprints.com\/sv\/shop\/"},{"@type":"ListItem","position":3,"name":"Kungligt kattportr\u00e4tt"}]},{"@type":"WebSite","@id":"https:\/\/positiveprints.com\/sv\/#website","url":"https:\/\/positiveprints.com\/sv\/","name":"Positive Prints","description":"Amazing Custom Personalized Gifts","publisher":{"@id":"https:\/\/positiveprints.com\/sv\/#organization"},"potentialAction":[{"@type":"SearchAction","target":{"@type":"EntryPoint","urlTemplate":"https:\/\/positiveprints.com\/sv\/?s={search_term_string}"},"query-input":{"@type":"PropertyValueSpecification","valueRequired":true,"valueName":"search_term_string"}}],"inLanguage":"sv-SE"},{"@type":"Organization","@id":"https:\/\/positiveprints.com\/sv\/#organization","name":"Positive Prints","alternateName":"Positive Prints","url":"https:\/\/positiveprints.com\/sv\/","logo":{"@type":"ImageObject","inLanguage":"sv-SE","@id":"https:\/\/positiveprints.com\/sv\/#\/schema\/logo\/image\/","url":"https:\/\/positiveprints.com\/wp-content\/uploads\/2026\/03\/245815646_1337939713319158_5671353136411139666_n.png","contentUrl":"https:\/\/positiveprints.com\/wp-content\/uploads\/2026\/03\/245815646_1337939713319158_5671353136411139666_n.png","width":800,"height":800,"caption":"Positive Prints"},"image":{"@id":"https:\/\/positiveprints.com\/sv\/#\/schema\/logo\/image\/"},"sameAs":["https:\/\/www.facebook.com\/positiveprintscom","https:\/\/www.instagram.com\/positiveprintscom\/","https:\/\/www.tiktok.com\/@positiveprintscom","https:\/\/www.pinterest.com\/positiveprintscom\/"]}]}},"jetpack_sharing_enabled":true,"_links":{"self":[{"href":"https:\/\/positiveprints.com\/sv\/wp-json\/wp\/v2\/product\/1501855","targetHints":{"allow":["GET"]}}],"collection":[{"href":"https:\/\/positiveprints.com\/sv\/wp-json\/wp\/v2\/product"}],"about":[{"href":"https:\/\/positiveprints.com\/sv\/wp-json\/wp\/v2\/types\/product"}],"wp:featuredmedia":[{"embeddable":true,"href":"https:\/\/positiveprints.com\/sv\/wp-json\/wp\/v2\/media\/1501976"}],"wp:attachment":[{"href":"https:\/\/positiveprints.com\/sv\/wp-json\/wp\/v2\/media?parent=1501855"}],"wp:term":[{"taxonomy":"product_brand","embeddable":true,"href":"https:\/\/positiveprints.com\/sv\/wp-json\/wp\/v2\/product_brand?post=1501855"},{"taxonomy":"product_cat","embeddable":true,"href":"https:\/\/positiveprints.com\/sv\/wp-json\/wp\/v2\/product_cat?post=1501855"},{"taxonomy":"product_tag","embeddable":true,"href":"https:\/\/positiveprints.com\/sv\/wp-json\/wp\/v2\/product_tag?post=1501855"}],"curies":[{"name":"wp","href":"https:\/\/api.w.org\/{rel}","templated":true}]}}