{"id":1484910,"date":"2025-08-04T13:18:57","date_gmt":"2025-08-04T11:18:57","guid":{"rendered":"https:\/\/positiveprints.com\/?post_type=product&#038;p=1484910"},"modified":"2026-04-12T19:22:37","modified_gmt":"2026-04-12T18:22:37","slug":"personligt-hundportratt","status":"publish","type":"product","link":"https:\/\/positiveprints.com\/sv\/produkt\/personligt-hundportratt\/","title":{"rendered":"Personligt hundportr\u00e4tt"},"content":{"rendered":"","protected":false},"excerpt":{"rendered":"<ul class=\"check-list\">\n<li>Ladda upp ditt favoritfoto p\u00e5 ditt husdjur<\/li>\n<li>2 revisioner tillg\u00e4ngliga p\u00e5 beg\u00e4ran<\/li>\n<li>Slappna av medan v\u00e5ra konstn\u00e4rer skapar ditt husdjurs vattenf\u00e4rgsm\u00e4sterverk<\/li>\n<li>F\u00e5 ett prov inom 2-3 aff\u00e4rsdagar<\/li>\n<li>Flera tryckstorlekar finns att v\u00e4lja mellan<\/li>\n<\/ul>\n","protected":false},"featured_media":1503669,"template":"","meta":[],"product_brand":[],"product_cat":[9031,9184,9767,13595,7459,8147,8117,11221,11222,8108,11470,11471,11474,11466,11468,11467,15061,15046,11476,11464,11469,11463,11477,11472,11465,11475,11473,7902],"product_tag":[16087,8397,16096,15012,16095,16098,16093,16097],"class_list":{"0":"post-1484910","1":"product","2":"type-product","3":"status-publish","4":"has-post-thumbnail","6":"product_cat-digitala-produkter","7":"product_cat-line-art-sv","8":"product_cat-trending-label-sv","9":"product_cat-akvarell","10":"product_cat-alla-produkter","11":"product_cat-creators-sv","12":"product_cat-fodelsedagspresenter-presenttillfallen","13":"product_cat-fodelsedagspresenter-till-henne","14":"product_cat-fodelsedagspresenter-till-honom","15":"product_cat-julpresenter","16":"product_cat-julklappar-till-henne","17":"product_cat-julklappar-till-honom","18":"product_cat-julklappar-till-mamma","19":"product_cat-julklappar-till-pappa","20":"product_cat-julklappar-till-mormor","21":"product_cat-julklappar-till-morfar","22":"product_cat-julklappar-till-familjen","23":"product_cat-julklappar-for-vanner","24":"product_cat-julklappar-till-systern","25":"product_cat-julklappar-till-brodern","26":"product_cat-julklappar-till-flickvannen","27":"product_cat-julklapp-till-pojkvan","28":"product_cat-julklappar-till-frun","29":"product_cat-julklappar-till-maken","30":"product_cat-julklappar-till-kollegorna","31":"product_cat-julklappar-till-foraldrarna","32":"product_cat-julklappar-till-barnen","33":"product_cat-gavor-for-hundalskare","34":"product_tag-animals-sv","35":"product_tag-creators-sv","36":"product_tag-custom-dog-gifts-sv","37":"product_tag-custom-photo-sv","38":"product_tag-dog-lover-sv","39":"product_tag-dog-mom-gifts-sv","40":"product_tag-dog-owner-sv","41":"product_tag-gifts-for-dog-owners-sv","43":"first","44":"instock","45":"sale","46":"taxable","47":"shipping-taxable","48":"purchasable","49":"product-type-variable"},"yoast_head":"<!-- This site is optimized with the Yoast SEO Premium plugin v27.2 (Yoast SEO v27.2) - https:\/\/yoast.com\/product\/yoast-seo-premium-wordpress\/ -->\n<title>Personligt hundportr\u00e4tt - Positive Prints<\/title>\n<meta name=\"description\" content=\"F\u00f6rvandla ett foto p\u00e5 din hund till ett unikt handritat portr\u00e4tt. En omt\u00e4nksam g\u00e5va f\u00f6r hund\u00e4lskare att uppskatta sin fluffiga v\u00e4n med p\u00e5 ett personligt och snyggt vis.\" \/>\n<meta name=\"robots\" content=\"index, follow, max-snippet:-1, max-image-preview:large, max-video-preview:-1\" \/>\n<link rel=\"canonical\" href=\"https:\/\/positiveprints.com\/sv\/produkt\/personligt-hundportratt\/\" \/>\n<meta property=\"og:locale\" content=\"sv_SE\" \/>\n<meta property=\"og:type\" content=\"article\" \/>\n<meta property=\"og:title\" content=\"Personligt hundportr\u00e4tt\" \/>\n<meta property=\"og:description\" content=\"Ladda upp ditt favoritfoto p\u00e5 ditt husdjur  2 revisioner tillg\u00e4ngliga p\u00e5 beg\u00e4ran  Slappna av medan v\u00e5ra konstn\u00e4rer skapar ditt husdjurs vattenf\u00e4rgsm\u00e4sterverk  F\u00e5 ett prov inom 2-3 aff\u00e4rsdagar  Flera tryckstorlekar finns att v\u00e4lja mellan\" \/>\n<meta property=\"og:url\" content=\"https:\/\/positiveprints.com\/sv\/produkt\/personligt-hundportratt\/\" \/>\n<meta property=\"og:site_name\" content=\"Positive Prints\" \/>\n<meta property=\"article:publisher\" content=\"https:\/\/www.facebook.com\/positiveprintscom\" \/>\n<meta property=\"article:modified_time\" content=\"2026-04-12T18:22:37+00:00\" \/>\n<meta property=\"og:image\" content=\"https:\/\/positiveprints.com\/wp-content\/uploads\/2025\/08\/Packshot_SE_Personligt-hundportra\u0308tt.webp\" \/>\n\t<meta property=\"og:image:width\" content=\"1450\" \/>\n\t<meta property=\"og:image:height\" content=\"1450\" \/>\n\t<meta property=\"og:image:type\" content=\"image\/webp\" \/>\n<meta name=\"twitter:card\" content=\"summary_large_image\" \/>\n<meta name=\"twitter:label1\" content=\"Ber\u00e4knad l\u00e4stid\" \/>\n\t<meta name=\"twitter:data1\" content=\"1 minut\" \/>\n<!-- \/ Yoast SEO Premium plugin. -->","yoast_head_json":{"title":"Personligt hundportr\u00e4tt - Positive Prints","description":"F\u00f6rvandla ett foto p\u00e5 din hund till ett unikt handritat portr\u00e4tt. En omt\u00e4nksam g\u00e5va f\u00f6r hund\u00e4lskare att uppskatta sin fluffiga v\u00e4n med p\u00e5 ett personligt och snyggt vis.","robots":{"index":"index","follow":"follow","max-snippet":"max-snippet:-1","max-image-preview":"max-image-preview:large","max-video-preview":"max-video-preview:-1"},"canonical":"https:\/\/positiveprints.com\/sv\/produkt\/personligt-hundportratt\/","og_locale":"sv_SE","og_type":"article","og_title":"Personligt hundportr\u00e4tt","og_description":"Ladda upp ditt favoritfoto p\u00e5 ditt husdjur  2 revisioner tillg\u00e4ngliga p\u00e5 beg\u00e4ran  Slappna av medan v\u00e5ra konstn\u00e4rer skapar ditt husdjurs vattenf\u00e4rgsm\u00e4sterverk  F\u00e5 ett prov inom 2-3 aff\u00e4rsdagar  Flera tryckstorlekar finns att v\u00e4lja mellan","og_url":"https:\/\/positiveprints.com\/sv\/produkt\/personligt-hundportratt\/","og_site_name":"Positive Prints","article_publisher":"https:\/\/www.facebook.com\/positiveprintscom","article_modified_time":"2026-04-12T18:22:37+00:00","og_image":[{"width":1450,"height":1450,"url":"https:\/\/positiveprints.com\/wp-content\/uploads\/2025\/08\/Packshot_SE_Personligt-hundportra\u0308tt.webp","type":"image\/webp"}],"twitter_card":"summary_large_image","twitter_misc":{"Ber\u00e4knad l\u00e4stid":"1 minut"},"schema":{"@context":"https:\/\/schema.org","@graph":[{"@type":["WebPage","ItemPage"],"@id":"https:\/\/positiveprints.com\/sv\/produkt\/personligt-hundportratt\/","url":"https:\/\/positiveprints.com\/sv\/produkt\/personligt-hundportratt\/","name":"Personligt hundportr\u00e4tt - Positive Prints","isPartOf":{"@id":"https:\/\/positiveprints.com\/sv\/#website"},"primaryImageOfPage":{"@id":"https:\/\/positiveprints.com\/sv\/produkt\/personligt-hundportratt\/#primaryimage"},"image":{"@id":"https:\/\/positiveprints.com\/sv\/produkt\/personligt-hundportratt\/#primaryimage"},"thumbnailUrl":"https:\/\/positiveprints.com\/wp-content\/uploads\/2025\/08\/Packshot_SE_Personligt-hundportra\u0308tt.webp","datePublished":"2025-08-04T11:18:57+00:00","dateModified":"2026-04-12T18:22:37+00:00","description":"F\u00f6rvandla ett foto p\u00e5 din hund till ett unikt handritat portr\u00e4tt. En omt\u00e4nksam g\u00e5va f\u00f6r hund\u00e4lskare att uppskatta sin fluffiga v\u00e4n med p\u00e5 ett personligt och snyggt vis.","breadcrumb":{"@id":"https:\/\/positiveprints.com\/sv\/produkt\/personligt-hundportratt\/#breadcrumb"},"inLanguage":"sv-SE","potentialAction":[{"@type":"ReadAction","target":["https:\/\/positiveprints.com\/sv\/produkt\/personligt-hundportratt\/"]}]},{"@type":"ImageObject","inLanguage":"sv-SE","@id":"https:\/\/positiveprints.com\/sv\/produkt\/personligt-hundportratt\/#primaryimage","url":"https:\/\/positiveprints.com\/wp-content\/uploads\/2025\/08\/Packshot_SE_Personligt-hundportra\u0308tt.webp","contentUrl":"https:\/\/positiveprints.com\/wp-content\/uploads\/2025\/08\/Packshot_SE_Personligt-hundportra\u0308tt.webp","width":1450,"height":1450,"caption":"Packshot_SE_Personligt hundportra\u0308tt"},{"@type":"BreadcrumbList","@id":"https:\/\/positiveprints.com\/sv\/produkt\/personligt-hundportratt\/#breadcrumb","itemListElement":[{"@type":"ListItem","position":1,"name":"Home","item":"https:\/\/positiveprints.com\/sv\/"},{"@type":"ListItem","position":2,"name":"Produkter","item":"https:\/\/positiveprints.com\/sv\/shop\/"},{"@type":"ListItem","position":3,"name":"Personligt hundportr\u00e4tt"}]},{"@type":"WebSite","@id":"https:\/\/positiveprints.com\/sv\/#website","url":"https:\/\/positiveprints.com\/sv\/","name":"Positive Prints","description":"Amazing Custom Personalized Gifts","publisher":{"@id":"https:\/\/positiveprints.com\/sv\/#organization"},"potentialAction":[{"@type":"SearchAction","target":{"@type":"EntryPoint","urlTemplate":"https:\/\/positiveprints.com\/sv\/?s={search_term_string}"},"query-input":{"@type":"PropertyValueSpecification","valueRequired":true,"valueName":"search_term_string"}}],"inLanguage":"sv-SE"},{"@type":"Organization","@id":"https:\/\/positiveprints.com\/sv\/#organization","name":"Positive Prints","alternateName":"Positive Prints","url":"https:\/\/positiveprints.com\/sv\/","logo":{"@type":"ImageObject","inLanguage":"sv-SE","@id":"https:\/\/positiveprints.com\/sv\/#\/schema\/logo\/image\/","url":"https:\/\/positiveprints.com\/wp-content\/uploads\/2026\/03\/245815646_1337939713319158_5671353136411139666_n.png","contentUrl":"https:\/\/positiveprints.com\/wp-content\/uploads\/2026\/03\/245815646_1337939713319158_5671353136411139666_n.png","width":800,"height":800,"caption":"Positive Prints"},"image":{"@id":"https:\/\/positiveprints.com\/sv\/#\/schema\/logo\/image\/"},"sameAs":["https:\/\/www.facebook.com\/positiveprintscom","https:\/\/www.instagram.com\/positiveprintscom\/","https:\/\/www.tiktok.com\/@positiveprintscom","https:\/\/www.pinterest.com\/positiveprintscom\/"]}]}},"jetpack_sharing_enabled":true,"_links":{"self":[{"href":"https:\/\/positiveprints.com\/sv\/wp-json\/wp\/v2\/product\/1484910","targetHints":{"allow":["GET"]}}],"collection":[{"href":"https:\/\/positiveprints.com\/sv\/wp-json\/wp\/v2\/product"}],"about":[{"href":"https:\/\/positiveprints.com\/sv\/wp-json\/wp\/v2\/types\/product"}],"wp:featuredmedia":[{"embeddable":true,"href":"https:\/\/positiveprints.com\/sv\/wp-json\/wp\/v2\/media\/1503669"}],"wp:attachment":[{"href":"https:\/\/positiveprints.com\/sv\/wp-json\/wp\/v2\/media?parent=1484910"}],"wp:term":[{"taxonomy":"product_brand","embeddable":true,"href":"https:\/\/positiveprints.com\/sv\/wp-json\/wp\/v2\/product_brand?post=1484910"},{"taxonomy":"product_cat","embeddable":true,"href":"https:\/\/positiveprints.com\/sv\/wp-json\/wp\/v2\/product_cat?post=1484910"},{"taxonomy":"product_tag","embeddable":true,"href":"https:\/\/positiveprints.com\/sv\/wp-json\/wp\/v2\/product_tag?post=1484910"}],"curies":[{"name":"wp","href":"https:\/\/api.w.org\/{rel}","templated":true}]}}