{"id":1455292,"date":"2025-06-16T11:19:45","date_gmt":"2025-06-16T09:19:45","guid":{"rendered":"https:\/\/positiveprints.com\/?post_type=product&#038;p=1455292"},"modified":"2026-04-28T13:22:28","modified_gmt":"2026-04-28T12:22:28","slug":"farval-bokstavskollage","status":"publish","type":"product","link":"https:\/\/positiveprints.com\/sv\/produkt\/farval-bokstavskollage\/","title":{"rendered":"Farv\u00e4l &#8211; Bokstavskollage"},"content":{"rendered":"","protected":false},"excerpt":{"rendered":"<ul class=\"check-list\">\n<li>Ladda upp dina favoritfoton f\u00f6r att g\u00f6ra varje bokstav personlig<\/li>\n<li>L\u00e4gg till ett hj\u00e4rtligt meddelande f\u00f6r att g\u00f6ra kollaget till ditt eget<\/li>\n<li>Anpassa i 3 enkla steg med v\u00e5r l\u00e4ttanv\u00e4nda editor<\/li>\n<li>Se din design direkt med en interaktiv f\u00f6rhandsgranskning<\/li>\n<\/ul>\n","protected":false},"featured_media":1679012,"template":"","meta":[],"product_brand":[],"product_cat":[7459,17716,8973,8108,11465],"product_tag":[13777,13263,13265,13267,13268,13269,13264],"class_list":{"0":"post-1455292","1":"product","2":"type-product","3":"status-publish","4":"has-post-thumbnail","6":"product_cat-alla-produkter","7":"product_cat-foretagspresenter","8":"product_cat-fotobrev","9":"product_cat-julpresenter","10":"product_cat-julklappar-till-kollegorna","11":"product_tag-au-revoir-sv","12":"product_tag-julklapp-till-en-kollega","13":"product_tag-kollega","14":"product_tag-present-till-en-kollega","15":"product_tag-presenter-till-kollegor","16":"product_tag-tackpresent-till-en-kollega","17":"product_tag-uppskattningspresent-till-en-kollega","19":"first","20":"instock","21":"sale","22":"taxable","23":"shipping-taxable","24":"purchasable","25":"product-type-variable"},"yoast_head":"<!-- This site is optimized with the Yoast SEO Premium plugin v27.2 (Yoast SEO v27.2) - https:\/\/yoast.com\/product\/yoast-seo-premium-wordpress\/ -->\n<title>Farv\u00e4l - Bokstavskollage - Positive Prints<\/title>\n<meta name=\"description\" content=\"Dags att ta avsked av en fantastisk kollega? Skapa ett personligt fotokollage fullt av team-minnen \u2013 en fin g\u00e5va f\u00f6r att fira er tid tillsammans.\" \/>\n<meta name=\"robots\" content=\"index, follow, max-snippet:-1, max-image-preview:large, max-video-preview:-1\" \/>\n<link rel=\"canonical\" href=\"https:\/\/positiveprints.com\/sv\/produkt\/farval-bokstavskollage\/\" \/>\n<meta property=\"og:locale\" content=\"sv_SE\" \/>\n<meta property=\"og:type\" content=\"article\" \/>\n<meta property=\"og:title\" content=\"Farv\u00e4l - Bokstavskollage\" \/>\n<meta property=\"og:description\" content=\"Ladda upp dina favoritfoton f\u00f6r att g\u00f6ra varje bokstav personlig L\u00e4gg till ett hj\u00e4rtligt meddelande f\u00f6r att g\u00f6ra kollaget till ditt eget Anpassa i 3 enkla steg med v\u00e5r l\u00e4ttanv\u00e4nda editor Se din design direkt med en interaktiv f\u00f6rhandsgranskning\" \/>\n<meta property=\"og:url\" content=\"https:\/\/positiveprints.com\/sv\/produkt\/farval-bokstavskollage\/\" \/>\n<meta property=\"og:site_name\" content=\"Positive Prints\" \/>\n<meta property=\"article:publisher\" content=\"https:\/\/www.facebook.com\/positiveprintscom\" \/>\n<meta property=\"article:modified_time\" content=\"2026-04-28T12:22:28+00:00\" \/>\n<meta property=\"og:image\" content=\"https:\/\/positiveprints.com\/wp-content\/uploads\/2025\/06\/Packshot_SE_Farva\u0308l-Bokstavskollage.webp\" \/>\n\t<meta property=\"og:image:width\" content=\"1450\" \/>\n\t<meta property=\"og:image:height\" content=\"1450\" \/>\n\t<meta property=\"og:image:type\" content=\"image\/webp\" \/>\n<meta name=\"twitter:card\" content=\"summary_large_image\" \/>\n<!-- \/ Yoast SEO Premium plugin. -->","yoast_head_json":{"title":"Farv\u00e4l - Bokstavskollage - Positive Prints","description":"Dags att ta avsked av en fantastisk kollega? Skapa ett personligt fotokollage fullt av team-minnen \u2013 en fin g\u00e5va f\u00f6r att fira er tid tillsammans.","robots":{"index":"index","follow":"follow","max-snippet":"max-snippet:-1","max-image-preview":"max-image-preview:large","max-video-preview":"max-video-preview:-1"},"canonical":"https:\/\/positiveprints.com\/sv\/produkt\/farval-bokstavskollage\/","og_locale":"sv_SE","og_type":"article","og_title":"Farv\u00e4l - Bokstavskollage","og_description":"Ladda upp dina favoritfoton f\u00f6r att g\u00f6ra varje bokstav personlig L\u00e4gg till ett hj\u00e4rtligt meddelande f\u00f6r att g\u00f6ra kollaget till ditt eget Anpassa i 3 enkla steg med v\u00e5r l\u00e4ttanv\u00e4nda editor Se din design direkt med en interaktiv f\u00f6rhandsgranskning","og_url":"https:\/\/positiveprints.com\/sv\/produkt\/farval-bokstavskollage\/","og_site_name":"Positive Prints","article_publisher":"https:\/\/www.facebook.com\/positiveprintscom","article_modified_time":"2026-04-28T12:22:28+00:00","og_image":[{"width":1450,"height":1450,"url":"https:\/\/positiveprints.com\/wp-content\/uploads\/2025\/06\/Packshot_SE_Farva\u0308l-Bokstavskollage.webp","type":"image\/webp"}],"twitter_card":"summary_large_image","schema":{"@context":"https:\/\/schema.org","@graph":[{"@type":["WebPage","ItemPage"],"@id":"https:\/\/positiveprints.com\/sv\/produkt\/farval-bokstavskollage\/","url":"https:\/\/positiveprints.com\/sv\/produkt\/farval-bokstavskollage\/","name":"Farv\u00e4l - Bokstavskollage - Positive Prints","isPartOf":{"@id":"https:\/\/positiveprints.com\/sv\/#website"},"primaryImageOfPage":{"@id":"https:\/\/positiveprints.com\/sv\/produkt\/farval-bokstavskollage\/#primaryimage"},"image":{"@id":"https:\/\/positiveprints.com\/sv\/produkt\/farval-bokstavskollage\/#primaryimage"},"thumbnailUrl":"https:\/\/positiveprints.com\/wp-content\/uploads\/2026\/03\/Farewell_EN-Packshot.webp","datePublished":"2025-06-16T09:19:45+00:00","dateModified":"2026-04-28T12:22:28+00:00","description":"Dags att ta avsked av en fantastisk kollega? Skapa ett personligt fotokollage fullt av team-minnen \u2013 en fin g\u00e5va f\u00f6r att fira er tid tillsammans.","breadcrumb":{"@id":"https:\/\/positiveprints.com\/sv\/produkt\/farval-bokstavskollage\/#breadcrumb"},"inLanguage":"sv-SE","potentialAction":[{"@type":"ReadAction","target":["https:\/\/positiveprints.com\/sv\/produkt\/farval-bokstavskollage\/"]}]},{"@type":"ImageObject","inLanguage":"sv-SE","@id":"https:\/\/positiveprints.com\/sv\/produkt\/farval-bokstavskollage\/#primaryimage","url":"https:\/\/positiveprints.com\/wp-content\/uploads\/2026\/03\/Farewell_EN-Packshot.webp","contentUrl":"https:\/\/positiveprints.com\/wp-content\/uploads\/2026\/03\/Farewell_EN-Packshot.webp","width":1450,"height":1450,"caption":"Farewell_EN Packshot"},{"@type":"BreadcrumbList","@id":"https:\/\/positiveprints.com\/sv\/produkt\/farval-bokstavskollage\/#breadcrumb","itemListElement":[{"@type":"ListItem","position":1,"name":"Home","item":"https:\/\/positiveprints.com\/sv\/"},{"@type":"ListItem","position":2,"name":"Produkter","item":"https:\/\/positiveprints.com\/sv\/shop\/"},{"@type":"ListItem","position":3,"name":"Farv\u00e4l &#8211; Bokstavskollage"}]},{"@type":"WebSite","@id":"https:\/\/positiveprints.com\/sv\/#website","url":"https:\/\/positiveprints.com\/sv\/","name":"Positive Prints","description":"Amazing Custom Personalized Gifts","publisher":{"@id":"https:\/\/positiveprints.com\/sv\/#organization"},"potentialAction":[{"@type":"SearchAction","target":{"@type":"EntryPoint","urlTemplate":"https:\/\/positiveprints.com\/sv\/?s={search_term_string}"},"query-input":{"@type":"PropertyValueSpecification","valueRequired":true,"valueName":"search_term_string"}}],"inLanguage":"sv-SE"},{"@type":"Organization","@id":"https:\/\/positiveprints.com\/sv\/#organization","name":"Positive Prints","alternateName":"Positive Prints","url":"https:\/\/positiveprints.com\/sv\/","logo":{"@type":"ImageObject","inLanguage":"sv-SE","@id":"https:\/\/positiveprints.com\/sv\/#\/schema\/logo\/image\/","url":"https:\/\/positiveprints.com\/wp-content\/uploads\/2026\/03\/245815646_1337939713319158_5671353136411139666_n.png","contentUrl":"https:\/\/positiveprints.com\/wp-content\/uploads\/2026\/03\/245815646_1337939713319158_5671353136411139666_n.png","width":800,"height":800,"caption":"Positive Prints"},"image":{"@id":"https:\/\/positiveprints.com\/sv\/#\/schema\/logo\/image\/"},"sameAs":["https:\/\/www.facebook.com\/positiveprintscom","https:\/\/www.instagram.com\/positiveprintscom\/","https:\/\/www.tiktok.com\/@positiveprintscom","https:\/\/www.pinterest.com\/positiveprintscom\/"]}]}},"jetpack_sharing_enabled":true,"_links":{"self":[{"href":"https:\/\/positiveprints.com\/sv\/wp-json\/wp\/v2\/product\/1455292","targetHints":{"allow":["GET"]}}],"collection":[{"href":"https:\/\/positiveprints.com\/sv\/wp-json\/wp\/v2\/product"}],"about":[{"href":"https:\/\/positiveprints.com\/sv\/wp-json\/wp\/v2\/types\/product"}],"wp:featuredmedia":[{"embeddable":true,"href":"https:\/\/positiveprints.com\/sv\/wp-json\/wp\/v2\/media\/1679012"}],"wp:attachment":[{"href":"https:\/\/positiveprints.com\/sv\/wp-json\/wp\/v2\/media?parent=1455292"}],"wp:term":[{"taxonomy":"product_brand","embeddable":true,"href":"https:\/\/positiveprints.com\/sv\/wp-json\/wp\/v2\/product_brand?post=1455292"},{"taxonomy":"product_cat","embeddable":true,"href":"https:\/\/positiveprints.com\/sv\/wp-json\/wp\/v2\/product_cat?post=1455292"},{"taxonomy":"product_tag","embeddable":true,"href":"https:\/\/positiveprints.com\/sv\/wp-json\/wp\/v2\/product_tag?post=1455292"}],"curies":[{"name":"wp","href":"https:\/\/api.w.org\/{rel}","templated":true}]}}