{"id":1453655,"date":"2025-06-13T14:11:19","date_gmt":"2025-06-13T12:11:19","guid":{"rendered":"https:\/\/positiveprints.com\/?post_type=product&#038;p=1453655"},"modified":"2026-04-28T13:23:16","modified_gmt":"2026-04-28T12:23:16","slug":"min-forsta-fars-dag-bokstavskollage","status":"publish","type":"product","link":"https:\/\/positiveprints.com\/sv\/produkt\/min-forsta-fars-dag-bokstavskollage\/","title":{"rendered":"Min f\u00f6rsta fars dag &#8211; Bokstavskollage"},"content":{"rendered":"","protected":false},"excerpt":{"rendered":"<ul class=\"check-list\">\n<li>Ladda upp dina favoritfoton f\u00f6r att g\u00f6ra det riktigt personligt<\/li>\n<li>L\u00e4gg till ett hj\u00e4rtligt meddelande f\u00f6r att fira hans f\u00f6rsta fars dag<\/li>\n<li>Anpassa i 3 enkla steg med v\u00e5r l\u00e4ttanv\u00e4nda editor<\/li>\n<li>Se din design direkt med en interaktiv f\u00f6rhandsgranskning<\/li>\n<\/ul>\n","protected":false},"featured_media":1454702,"template":"","meta":[],"product_brand":[],"product_cat":[7459,8109,8973,7982],"product_tag":[10966,13689,8560,11765,11044,10963,11020],"class_list":{"0":"post-1453655","1":"product","2":"type-product","3":"status-publish","4":"has-post-thumbnail","6":"product_cat-alla-produkter","7":"product_cat-fars-dag-present","8":"product_cat-fotobrev","9":"product_cat-gavor-till-pappa","10":"product_tag-fars-dag","11":"product_tag-fars-dags-present","12":"product_tag-father-sv","13":"product_tag-julklappar-till-pappa","14":"product_tag-pappa-sv-2","15":"product_tag-pappa","16":"product_tag-pappa-sv","18":"first","19":"instock","20":"sale","21":"taxable","22":"shipping-taxable","23":"purchasable","24":"product-type-variable"},"yoast_head":"<!-- This site is optimized with the Yoast SEO Premium plugin v27.2 (Yoast SEO v27.2) - https:\/\/yoast.com\/product\/yoast-seo-premium-wordpress\/ -->\n<title>Min f\u00f6rsta fars dag - Bokstavskollage - Positive Prints<\/title>\n<meta name=\"description\" content=\"F\u00f6revigahans f\u00f6rsta fars dag med ett personligt fotokollage. En speciell minnessak f\u00f6r att fira denna of\u00f6rgl\u00f6mliga milstolpe.\" \/>\n<meta name=\"robots\" content=\"index, follow, max-snippet:-1, max-image-preview:large, max-video-preview:-1\" \/>\n<link rel=\"canonical\" href=\"https:\/\/positiveprints.com\/sv\/produkt\/min-forsta-fars-dag-bokstavskollage\/\" \/>\n<meta property=\"og:locale\" content=\"sv_SE\" \/>\n<meta property=\"og:type\" content=\"article\" \/>\n<meta property=\"og:title\" content=\"Min f\u00f6rsta fars dag - Bokstavskollage\" \/>\n<meta property=\"og:description\" content=\"Ladda upp dina favoritfoton f\u00f6r att g\u00f6ra det riktigt personligt  L\u00e4gg till ett hj\u00e4rtligt meddelande f\u00f6r att fira hans f\u00f6rsta fars dag  Anpassa i 3 enkla steg med v\u00e5r l\u00e4ttanv\u00e4nda editor  Se din design direkt med en interaktiv f\u00f6rhandsgranskning\" \/>\n<meta property=\"og:url\" content=\"https:\/\/positiveprints.com\/sv\/produkt\/min-forsta-fars-dag-bokstavskollage\/\" \/>\n<meta property=\"og:site_name\" content=\"Positive Prints\" \/>\n<meta property=\"article:publisher\" content=\"https:\/\/www.facebook.com\/positiveprintscom\" \/>\n<meta property=\"article:modified_time\" content=\"2026-04-28T12:23:16+00:00\" \/>\n<meta property=\"og:image\" content=\"https:\/\/positiveprints.com\/wp-content\/uploads\/2025\/06\/SE_Packshot_Min-forsta-fars-dag.webp\" \/>\n\t<meta property=\"og:image:width\" content=\"1450\" \/>\n\t<meta property=\"og:image:height\" content=\"1450\" \/>\n\t<meta property=\"og:image:type\" content=\"image\/webp\" \/>\n<meta name=\"twitter:card\" content=\"summary_large_image\" \/>\n<!-- \/ Yoast SEO Premium plugin. -->","yoast_head_json":{"title":"Min f\u00f6rsta fars dag - Bokstavskollage - Positive Prints","description":"F\u00f6revigahans f\u00f6rsta fars dag med ett personligt fotokollage. En speciell minnessak f\u00f6r att fira denna of\u00f6rgl\u00f6mliga milstolpe.","robots":{"index":"index","follow":"follow","max-snippet":"max-snippet:-1","max-image-preview":"max-image-preview:large","max-video-preview":"max-video-preview:-1"},"canonical":"https:\/\/positiveprints.com\/sv\/produkt\/min-forsta-fars-dag-bokstavskollage\/","og_locale":"sv_SE","og_type":"article","og_title":"Min f\u00f6rsta fars dag - Bokstavskollage","og_description":"Ladda upp dina favoritfoton f\u00f6r att g\u00f6ra det riktigt personligt  L\u00e4gg till ett hj\u00e4rtligt meddelande f\u00f6r att fira hans f\u00f6rsta fars dag  Anpassa i 3 enkla steg med v\u00e5r l\u00e4ttanv\u00e4nda editor  Se din design direkt med en interaktiv f\u00f6rhandsgranskning","og_url":"https:\/\/positiveprints.com\/sv\/produkt\/min-forsta-fars-dag-bokstavskollage\/","og_site_name":"Positive Prints","article_publisher":"https:\/\/www.facebook.com\/positiveprintscom","article_modified_time":"2026-04-28T12:23:16+00:00","og_image":[{"width":1450,"height":1450,"url":"https:\/\/positiveprints.com\/wp-content\/uploads\/2025\/06\/SE_Packshot_Min-forsta-fars-dag.webp","type":"image\/webp"}],"twitter_card":"summary_large_image","schema":{"@context":"https:\/\/schema.org","@graph":[{"@type":["WebPage","ItemPage"],"@id":"https:\/\/positiveprints.com\/sv\/produkt\/min-forsta-fars-dag-bokstavskollage\/","url":"https:\/\/positiveprints.com\/sv\/produkt\/min-forsta-fars-dag-bokstavskollage\/","name":"Min f\u00f6rsta fars dag - Bokstavskollage - Positive Prints","isPartOf":{"@id":"https:\/\/positiveprints.com\/sv\/#website"},"primaryImageOfPage":{"@id":"https:\/\/positiveprints.com\/sv\/produkt\/min-forsta-fars-dag-bokstavskollage\/#primaryimage"},"image":{"@id":"https:\/\/positiveprints.com\/sv\/produkt\/min-forsta-fars-dag-bokstavskollage\/#primaryimage"},"thumbnailUrl":"https:\/\/positiveprints.com\/wp-content\/uploads\/2025\/06\/SE_Packshot_Min-forsta-fars-dag.webp","datePublished":"2025-06-13T12:11:19+00:00","dateModified":"2026-04-28T12:23:16+00:00","description":"F\u00f6revigahans f\u00f6rsta fars dag med ett personligt fotokollage. En speciell minnessak f\u00f6r att fira denna of\u00f6rgl\u00f6mliga milstolpe.","breadcrumb":{"@id":"https:\/\/positiveprints.com\/sv\/produkt\/min-forsta-fars-dag-bokstavskollage\/#breadcrumb"},"inLanguage":"sv-SE","potentialAction":[{"@type":"ReadAction","target":["https:\/\/positiveprints.com\/sv\/produkt\/min-forsta-fars-dag-bokstavskollage\/"]}]},{"@type":"ImageObject","inLanguage":"sv-SE","@id":"https:\/\/positiveprints.com\/sv\/produkt\/min-forsta-fars-dag-bokstavskollage\/#primaryimage","url":"https:\/\/positiveprints.com\/wp-content\/uploads\/2025\/06\/SE_Packshot_Min-forsta-fars-dag.webp","contentUrl":"https:\/\/positiveprints.com\/wp-content\/uploads\/2025\/06\/SE_Packshot_Min-forsta-fars-dag.webp","width":1450,"height":1450,"caption":"SE_Packshot_Min f\u00f6rsta fars dag"},{"@type":"BreadcrumbList","@id":"https:\/\/positiveprints.com\/sv\/produkt\/min-forsta-fars-dag-bokstavskollage\/#breadcrumb","itemListElement":[{"@type":"ListItem","position":1,"name":"Home","item":"https:\/\/positiveprints.com\/sv\/"},{"@type":"ListItem","position":2,"name":"Produkter","item":"https:\/\/positiveprints.com\/sv\/shop\/"},{"@type":"ListItem","position":3,"name":"Min f\u00f6rsta fars dag &#8211; Bokstavskollage"}]},{"@type":"WebSite","@id":"https:\/\/positiveprints.com\/sv\/#website","url":"https:\/\/positiveprints.com\/sv\/","name":"Positive Prints","description":"Amazing Custom Personalized Gifts","publisher":{"@id":"https:\/\/positiveprints.com\/sv\/#organization"},"potentialAction":[{"@type":"SearchAction","target":{"@type":"EntryPoint","urlTemplate":"https:\/\/positiveprints.com\/sv\/?s={search_term_string}"},"query-input":{"@type":"PropertyValueSpecification","valueRequired":true,"valueName":"search_term_string"}}],"inLanguage":"sv-SE"},{"@type":"Organization","@id":"https:\/\/positiveprints.com\/sv\/#organization","name":"Positive Prints","alternateName":"Positive Prints","url":"https:\/\/positiveprints.com\/sv\/","logo":{"@type":"ImageObject","inLanguage":"sv-SE","@id":"https:\/\/positiveprints.com\/sv\/#\/schema\/logo\/image\/","url":"https:\/\/positiveprints.com\/wp-content\/uploads\/2026\/03\/245815646_1337939713319158_5671353136411139666_n.png","contentUrl":"https:\/\/positiveprints.com\/wp-content\/uploads\/2026\/03\/245815646_1337939713319158_5671353136411139666_n.png","width":800,"height":800,"caption":"Positive Prints"},"image":{"@id":"https:\/\/positiveprints.com\/sv\/#\/schema\/logo\/image\/"},"sameAs":["https:\/\/www.facebook.com\/positiveprintscom","https:\/\/www.instagram.com\/positiveprintscom\/","https:\/\/www.tiktok.com\/@positiveprintscom","https:\/\/www.pinterest.com\/positiveprintscom\/"]}]}},"jetpack_sharing_enabled":true,"_links":{"self":[{"href":"https:\/\/positiveprints.com\/sv\/wp-json\/wp\/v2\/product\/1453655","targetHints":{"allow":["GET"]}}],"collection":[{"href":"https:\/\/positiveprints.com\/sv\/wp-json\/wp\/v2\/product"}],"about":[{"href":"https:\/\/positiveprints.com\/sv\/wp-json\/wp\/v2\/types\/product"}],"wp:featuredmedia":[{"embeddable":true,"href":"https:\/\/positiveprints.com\/sv\/wp-json\/wp\/v2\/media\/1454702"}],"wp:attachment":[{"href":"https:\/\/positiveprints.com\/sv\/wp-json\/wp\/v2\/media?parent=1453655"}],"wp:term":[{"taxonomy":"product_brand","embeddable":true,"href":"https:\/\/positiveprints.com\/sv\/wp-json\/wp\/v2\/product_brand?post=1453655"},{"taxonomy":"product_cat","embeddable":true,"href":"https:\/\/positiveprints.com\/sv\/wp-json\/wp\/v2\/product_cat?post=1453655"},{"taxonomy":"product_tag","embeddable":true,"href":"https:\/\/positiveprints.com\/sv\/wp-json\/wp\/v2\/product_tag?post=1453655"}],"curies":[{"name":"wp","href":"https:\/\/api.w.org\/{rel}","templated":true}]}}