{"id":1431207,"date":"2025-05-23T13:06:42","date_gmt":"2025-05-23T11:06:42","guid":{"rendered":"https:\/\/positiveprints.com\/?post_type=product&#038;p=1431207"},"modified":"2026-04-12T19:37:22","modified_gmt":"2026-04-12T18:37:22","slug":"barnteckning-som-linjeteckning-affisch","status":"publish","type":"product","link":"https:\/\/positiveprints.com\/sv\/produkt\/barnteckning-som-linjeteckning-affisch\/","title":{"rendered":"Barnteckning som linjeteckning affisch"},"content":{"rendered":"","protected":false},"excerpt":{"rendered":"<ul class=\"check-list\">\n<li>Ritad och skickad f\u00f6r ditt godk\u00e4nnande inom 2-3 arbetsdagar<\/li>\n<li>Anpassa i 3 enkla steg<\/li>\n<li>V\u00e4lj en mall eller var kreativ<\/li>\n<li>2 revisioner tillg\u00e4ngliga p\u00e5 beg\u00e4ran<\/li>\n<\/ul>\n","protected":false},"featured_media":1432239,"template":"","meta":[],"product_brand":[],"product_cat":[9184,7459,8109,8113,9000,8108,11474,11466,11468,11467,15061,11475,7982,7614,7727,7710],"product_tag":[16082,10966,8560,15672,17345,13381,13380,13470,11833,11765,11030,11031,10961,11032,10951,8409,11029,10963,11020,11044,17219,16722,16721],"class_list":{"0":"post-1431207","1":"product","2":"type-product","3":"status-publish","4":"has-post-thumbnail","6":"product_cat-line-art-sv","7":"product_cat-alla-produkter","8":"product_cat-fars-dag-present","9":"product_cat-mors-dag-presenter","10":"product_cat-aldreomsorgens-dag","11":"product_cat-julpresenter","12":"product_cat-julklappar-till-mamma","13":"product_cat-julklappar-till-pappa","14":"product_cat-julklappar-till-mormor","15":"product_cat-julklappar-till-morfar","16":"product_cat-julklappar-till-familjen","17":"product_cat-julklappar-till-foraldrarna","18":"product_cat-gavor-till-pappa","19":"product_cat-gavor-till-morfar","20":"product_cat-gavor-till-mormor","21":"product_cat-gavor-till-mamma","22":"product_tag-cadeaux-de-noel-pour-la-famille-sv","23":"product_tag-fars-dag","24":"product_tag-father-sv","25":"product_tag-fodelsedagspresent-till-farfar-morfar","26":"product_tag-fodelsedagspresent-till-mormor-farmor","27":"product_tag-julklapp-till-en-morfar","28":"product_tag-julklapp-till-en-mormor","29":"product_tag-julklappar-till-familjen","30":"product_tag-julklappar-till-mamma","31":"product_tag-julklappar-till-pappa","32":"product_tag-mam-sv","33":"product_tag-mamma-sv","34":"product_tag-mamma","35":"product_tag-mammor","36":"product_tag-mors-dag","37":"product_tag-mother-sv","38":"product_tag-mumie","39":"product_tag-pappa","40":"product_tag-pappa-sv","41":"product_tag-pappa-sv-2","42":"product_tag-present-till-mormo-farmor","43":"product_tag-presenter-till-morfar-farfar","44":"product_tag-presenter-till-mormor-farmor","46":"first","47":"instock","48":"sale","49":"taxable","50":"shipping-taxable","51":"purchasable","52":"product-type-variable"},"yoast_head":"<!-- This site is optimized with the Yoast SEO Premium plugin v27.2 (Yoast SEO v27.2) - https:\/\/yoast.com\/product\/yoast-seo-premium-wordpress\/ -->\n<title>Barnteckning som linjeteckning affisch - Positive Prints<\/title>\n<meta name=\"description\" content=\"Letar du efter en unik och hj\u00e4rtlig g\u00e5va? G\u00f6r ditt barns teckning till en vacker minimalistisk linjeteckning \u2013 ett tidl\u00f6st s\u00e4tt att fira ditt barns kreativitet.\" \/>\n<meta name=\"robots\" content=\"index, follow, max-snippet:-1, max-image-preview:large, max-video-preview:-1\" \/>\n<link rel=\"canonical\" href=\"https:\/\/positiveprints.com\/sv\/produkt\/barnteckning-som-linjeteckning-affisch\/\" \/>\n<meta property=\"og:locale\" content=\"sv_SE\" \/>\n<meta property=\"og:type\" content=\"article\" \/>\n<meta property=\"og:title\" content=\"Barnteckning som linjeteckning affisch\" \/>\n<meta property=\"og:description\" content=\"Ritad och skickad f\u00f6r ditt godk\u00e4nnande inom 2-3 arbetsdagar  Anpassa i 3 enkla steg  V\u00e4lj en mall eller var kreativ  2 revisioner tillg\u00e4ngliga p\u00e5 beg\u00e4ran\" \/>\n<meta property=\"og:url\" content=\"https:\/\/positiveprints.com\/sv\/produkt\/barnteckning-som-linjeteckning-affisch\/\" \/>\n<meta property=\"og:site_name\" content=\"Positive Prints\" \/>\n<meta property=\"article:publisher\" content=\"https:\/\/www.facebook.com\/positiveprintscom\" \/>\n<meta property=\"article:modified_time\" content=\"2026-04-12T18:37:22+00:00\" \/>\n<meta property=\"og:image\" content=\"https:\/\/positiveprints.com\/wp-content\/uploads\/2026\/03\/Open-graph-2026-1200x630-1.jpg\" \/>\n\t<meta property=\"og:image:width\" content=\"1200\" \/>\n\t<meta property=\"og:image:height\" content=\"630\" \/>\n\t<meta property=\"og:image:type\" content=\"image\/jpeg\" \/>\n<meta name=\"twitter:card\" content=\"summary_large_image\" \/>\n<!-- \/ Yoast SEO Premium plugin. -->","yoast_head_json":{"title":"Barnteckning som linjeteckning affisch - Positive Prints","description":"Letar du efter en unik och hj\u00e4rtlig g\u00e5va? G\u00f6r ditt barns teckning till en vacker minimalistisk linjeteckning \u2013 ett tidl\u00f6st s\u00e4tt att fira ditt barns kreativitet.","robots":{"index":"index","follow":"follow","max-snippet":"max-snippet:-1","max-image-preview":"max-image-preview:large","max-video-preview":"max-video-preview:-1"},"canonical":"https:\/\/positiveprints.com\/sv\/produkt\/barnteckning-som-linjeteckning-affisch\/","og_locale":"sv_SE","og_type":"article","og_title":"Barnteckning som linjeteckning affisch","og_description":"Ritad och skickad f\u00f6r ditt godk\u00e4nnande inom 2-3 arbetsdagar  Anpassa i 3 enkla steg  V\u00e4lj en mall eller var kreativ  2 revisioner tillg\u00e4ngliga p\u00e5 beg\u00e4ran","og_url":"https:\/\/positiveprints.com\/sv\/produkt\/barnteckning-som-linjeteckning-affisch\/","og_site_name":"Positive Prints","article_publisher":"https:\/\/www.facebook.com\/positiveprintscom","article_modified_time":"2026-04-12T18:37:22+00:00","og_image":[{"width":1200,"height":630,"url":"https:\/\/positiveprints.com\/wp-content\/uploads\/2026\/03\/Open-graph-2026-1200x630-1.jpg","type":"image\/jpeg"}],"twitter_card":"summary_large_image","schema":{"@context":"https:\/\/schema.org","@graph":[{"@type":["WebPage","ItemPage"],"@id":"https:\/\/positiveprints.com\/sv\/produkt\/barnteckning-som-linjeteckning-affisch\/","url":"https:\/\/positiveprints.com\/sv\/produkt\/barnteckning-som-linjeteckning-affisch\/","name":"Barnteckning som linjeteckning affisch - Positive Prints","isPartOf":{"@id":"https:\/\/positiveprints.com\/sv\/#website"},"primaryImageOfPage":{"@id":"https:\/\/positiveprints.com\/sv\/produkt\/barnteckning-som-linjeteckning-affisch\/#primaryimage"},"image":{"@id":"https:\/\/positiveprints.com\/sv\/produkt\/barnteckning-som-linjeteckning-affisch\/#primaryimage"},"thumbnailUrl":"https:\/\/positiveprints.com\/wp-content\/uploads\/2025\/05\/Packshot_SE_Barnteckning.webp","datePublished":"2025-05-23T11:06:42+00:00","dateModified":"2026-04-12T18:37:22+00:00","description":"Letar du efter en unik och hj\u00e4rtlig g\u00e5va? G\u00f6r ditt barns teckning till en vacker minimalistisk linjeteckning \u2013 ett tidl\u00f6st s\u00e4tt att fira ditt barns kreativitet.","breadcrumb":{"@id":"https:\/\/positiveprints.com\/sv\/produkt\/barnteckning-som-linjeteckning-affisch\/#breadcrumb"},"inLanguage":"sv-SE","potentialAction":[{"@type":"ReadAction","target":["https:\/\/positiveprints.com\/sv\/produkt\/barnteckning-som-linjeteckning-affisch\/"]}]},{"@type":"ImageObject","inLanguage":"sv-SE","@id":"https:\/\/positiveprints.com\/sv\/produkt\/barnteckning-som-linjeteckning-affisch\/#primaryimage","url":"https:\/\/positiveprints.com\/wp-content\/uploads\/2025\/05\/Packshot_SE_Barnteckning.webp","contentUrl":"https:\/\/positiveprints.com\/wp-content\/uploads\/2025\/05\/Packshot_SE_Barnteckning.webp","width":1450,"height":1450,"caption":"Packshot_SE_Barnteckning"},{"@type":"BreadcrumbList","@id":"https:\/\/positiveprints.com\/sv\/produkt\/barnteckning-som-linjeteckning-affisch\/#breadcrumb","itemListElement":[{"@type":"ListItem","position":1,"name":"Home","item":"https:\/\/positiveprints.com\/sv\/"},{"@type":"ListItem","position":2,"name":"Produkter","item":"https:\/\/positiveprints.com\/sv\/shop\/"},{"@type":"ListItem","position":3,"name":"Barnteckning som linjeteckning affisch"}]},{"@type":"WebSite","@id":"https:\/\/positiveprints.com\/sv\/#website","url":"https:\/\/positiveprints.com\/sv\/","name":"Positive Prints","description":"Amazing Custom Personalized Gifts","publisher":{"@id":"https:\/\/positiveprints.com\/sv\/#organization"},"potentialAction":[{"@type":"SearchAction","target":{"@type":"EntryPoint","urlTemplate":"https:\/\/positiveprints.com\/sv\/?s={search_term_string}"},"query-input":{"@type":"PropertyValueSpecification","valueRequired":true,"valueName":"search_term_string"}}],"inLanguage":"sv-SE"},{"@type":"Organization","@id":"https:\/\/positiveprints.com\/sv\/#organization","name":"Positive Prints","alternateName":"Positive Prints","url":"https:\/\/positiveprints.com\/sv\/","logo":{"@type":"ImageObject","inLanguage":"sv-SE","@id":"https:\/\/positiveprints.com\/sv\/#\/schema\/logo\/image\/","url":"https:\/\/positiveprints.com\/wp-content\/uploads\/2026\/03\/245815646_1337939713319158_5671353136411139666_n.png","contentUrl":"https:\/\/positiveprints.com\/wp-content\/uploads\/2026\/03\/245815646_1337939713319158_5671353136411139666_n.png","width":800,"height":800,"caption":"Positive Prints"},"image":{"@id":"https:\/\/positiveprints.com\/sv\/#\/schema\/logo\/image\/"},"sameAs":["https:\/\/www.facebook.com\/positiveprintscom","https:\/\/www.instagram.com\/positiveprintscom\/","https:\/\/www.tiktok.com\/@positiveprintscom","https:\/\/www.pinterest.com\/positiveprintscom\/"]}]}},"jetpack_sharing_enabled":true,"_links":{"self":[{"href":"https:\/\/positiveprints.com\/sv\/wp-json\/wp\/v2\/product\/1431207","targetHints":{"allow":["GET"]}}],"collection":[{"href":"https:\/\/positiveprints.com\/sv\/wp-json\/wp\/v2\/product"}],"about":[{"href":"https:\/\/positiveprints.com\/sv\/wp-json\/wp\/v2\/types\/product"}],"wp:featuredmedia":[{"embeddable":true,"href":"https:\/\/positiveprints.com\/sv\/wp-json\/wp\/v2\/media\/1432239"}],"wp:attachment":[{"href":"https:\/\/positiveprints.com\/sv\/wp-json\/wp\/v2\/media?parent=1431207"}],"wp:term":[{"taxonomy":"product_brand","embeddable":true,"href":"https:\/\/positiveprints.com\/sv\/wp-json\/wp\/v2\/product_brand?post=1431207"},{"taxonomy":"product_cat","embeddable":true,"href":"https:\/\/positiveprints.com\/sv\/wp-json\/wp\/v2\/product_cat?post=1431207"},{"taxonomy":"product_tag","embeddable":true,"href":"https:\/\/positiveprints.com\/sv\/wp-json\/wp\/v2\/product_tag?post=1431207"}],"curies":[{"name":"wp","href":"https:\/\/api.w.org\/{rel}","templated":true}]}}