{"id":1430050,"date":"2025-05-23T10:04:14","date_gmt":"2025-05-23T08:04:14","guid":{"rendered":"https:\/\/positiveprints.com\/?post_type=product&#038;p=1430050"},"modified":"2026-04-23T10:37:45","modified_gmt":"2026-04-23T09:37:45","slug":"stjarnhimmel-och-mane-din-fodelsedag","status":"publish","type":"product","link":"https:\/\/positiveprints.com\/sv\/produkt\/stjarnhimmel-och-mane-din-fodelsedag\/","title":{"rendered":"Stj\u00e4rnhimmel och M\u00e5ne \u2013 Din F\u00f6delsedag"},"content":{"rendered":"","protected":false},"excerpt":{"rendered":"<ul class=\"check-list\">\n<li>Anpassad stj\u00e4rn- och m\u00e5nposter f\u00f6r valt datum och plats<\/li>\n<li>Anpassa i tre enkla steg<\/li>\n<li>V\u00e4lj bland en m\u00e4ngd vackra designer<\/li>\n<li>Se resultatet direkt \u2013 interaktiv f\u00f6rhandsvisning l\u00e5ter dig finjustera varje detalj<\/li>\n<\/ul>\n","protected":false},"featured_media":1428783,"template":"","meta":[],"product_brand":[],"product_cat":[11584,11586,11587,11588,11645,11646,11647,11648,7459,8117,11221,11222,8218],"product_tag":[15100,17303,17359,17373,17439],"class_list":{"0":"post-1430050","1":"product","2":"type-product","3":"status-publish","4":"has-post-thumbnail","6":"product_cat-18-arsdag","7":"product_cat-21-arsdag","8":"product_cat-30-arsdag","9":"product_cat-40-arsdag","10":"product_cat-50-arsdag","11":"product_cat-60-arsdag","12":"product_cat-70-arsdag","13":"product_cat-80-arsdag","14":"product_cat-alla-produkter","15":"product_cat-fodelsedagspresenter-presenttillfallen","16":"product_cat-fodelsedagspresenter-till-henne","17":"product_cat-fodelsedagspresenter-till-honom","18":"product_cat-star-sv","19":"product_tag-birthday-pl-sv","20":"product_tag-fodelsedagspresent","21":"product_tag-fodelsedagspresent-till-henne","22":"product_tag-fodelsedagspresent-till-honom","23":"product_tag-fodelsedagspresenter","25":"first","26":"instock","27":"sale","28":"taxable","29":"shipping-taxable","30":"purchasable","31":"product-type-variable"},"yoast_head":"<!-- This site is optimized with the Yoast SEO Premium plugin v27.2 (Yoast SEO v27.2) - https:\/\/yoast.com\/product\/yoast-seo-premium-wordpress\/ -->\n<title>Stj\u00e4rnhimmel och M\u00e5ne \u2013 Din F\u00f6delsedag - Positive Prints<\/title>\n<meta name=\"description\" content=\"Fira deras f\u00f6delsedag med en personlig nattposter fr\u00e5n dagen de f\u00f6ddes. En minnesv\u00e4rd g\u00e5va att uppskatta f\u00f6r alltid.\" \/>\n<meta name=\"robots\" content=\"index, follow, max-snippet:-1, max-image-preview:large, max-video-preview:-1\" \/>\n<link rel=\"canonical\" href=\"https:\/\/positiveprints.com\/sv\/produkt\/stjarnhimmel-och-mane-din-fodelsedag\/\" \/>\n<meta property=\"og:locale\" content=\"sv_SE\" \/>\n<meta property=\"og:type\" content=\"article\" \/>\n<meta property=\"og:title\" content=\"Stj\u00e4rnhimmel och M\u00e5ne \u2013 Din F\u00f6delsedag\" \/>\n<meta property=\"og:description\" content=\"Anpassad stj\u00e4rn- och m\u00e5nposter f\u00f6r valt datum och plats Anpassa i tre enkla steg V\u00e4lj bland en m\u00e4ngd vackra designer Se resultatet direkt \u2013 interaktiv f\u00f6rhandsvisning l\u00e5ter dig finjustera varje detalj\" \/>\n<meta property=\"og:url\" content=\"https:\/\/positiveprints.com\/sv\/produkt\/stjarnhimmel-och-mane-din-fodelsedag\/\" \/>\n<meta property=\"og:site_name\" content=\"Positive Prints\" \/>\n<meta property=\"article:publisher\" content=\"https:\/\/www.facebook.com\/positiveprintscom\" \/>\n<meta property=\"article:modified_time\" content=\"2026-04-23T09:37:45+00:00\" \/>\n<meta property=\"og:image\" content=\"https:\/\/positiveprints.com\/wp-content\/uploads\/2025\/05\/Stja\u0308rnhimmel-och-Ma\u030ane-\u2013-Din-Fo\u0308delsedag-1.webp\" \/>\n\t<meta property=\"og:image:width\" content=\"1450\" \/>\n\t<meta property=\"og:image:height\" content=\"1450\" \/>\n\t<meta property=\"og:image:type\" content=\"image\/webp\" \/>\n<meta name=\"twitter:card\" content=\"summary_large_image\" \/>\n<!-- \/ Yoast SEO Premium plugin. -->","yoast_head_json":{"title":"Stj\u00e4rnhimmel och M\u00e5ne \u2013 Din F\u00f6delsedag - Positive Prints","description":"Fira deras f\u00f6delsedag med en personlig nattposter fr\u00e5n dagen de f\u00f6ddes. En minnesv\u00e4rd g\u00e5va att uppskatta f\u00f6r alltid.","robots":{"index":"index","follow":"follow","max-snippet":"max-snippet:-1","max-image-preview":"max-image-preview:large","max-video-preview":"max-video-preview:-1"},"canonical":"https:\/\/positiveprints.com\/sv\/produkt\/stjarnhimmel-och-mane-din-fodelsedag\/","og_locale":"sv_SE","og_type":"article","og_title":"Stj\u00e4rnhimmel och M\u00e5ne \u2013 Din F\u00f6delsedag","og_description":"Anpassad stj\u00e4rn- och m\u00e5nposter f\u00f6r valt datum och plats Anpassa i tre enkla steg V\u00e4lj bland en m\u00e4ngd vackra designer Se resultatet direkt \u2013 interaktiv f\u00f6rhandsvisning l\u00e5ter dig finjustera varje detalj","og_url":"https:\/\/positiveprints.com\/sv\/produkt\/stjarnhimmel-och-mane-din-fodelsedag\/","og_site_name":"Positive Prints","article_publisher":"https:\/\/www.facebook.com\/positiveprintscom","article_modified_time":"2026-04-23T09:37:45+00:00","og_image":[{"width":1450,"height":1450,"url":"https:\/\/positiveprints.com\/wp-content\/uploads\/2025\/05\/Stja\u0308rnhimmel-och-Ma\u030ane-\u2013-Din-Fo\u0308delsedag-1.webp","type":"image\/webp"}],"twitter_card":"summary_large_image","schema":{"@context":"https:\/\/schema.org","@graph":[{"@type":["WebPage","ItemPage"],"@id":"https:\/\/positiveprints.com\/sv\/produkt\/stjarnhimmel-och-mane-din-fodelsedag\/","url":"https:\/\/positiveprints.com\/sv\/produkt\/stjarnhimmel-och-mane-din-fodelsedag\/","name":"Stj\u00e4rnhimmel och M\u00e5ne \u2013 Din F\u00f6delsedag - Positive Prints","isPartOf":{"@id":"https:\/\/positiveprints.com\/sv\/#website"},"primaryImageOfPage":{"@id":"https:\/\/positiveprints.com\/sv\/produkt\/stjarnhimmel-och-mane-din-fodelsedag\/#primaryimage"},"image":{"@id":"https:\/\/positiveprints.com\/sv\/produkt\/stjarnhimmel-och-mane-din-fodelsedag\/#primaryimage"},"thumbnailUrl":"https:\/\/positiveprints.com\/wp-content\/uploads\/2025\/05\/Stja\u0308rnhimmel-och-Ma\u030ane-\u2013-Din-Fo\u0308delsedag-1.webp","datePublished":"2025-05-23T08:04:14+00:00","dateModified":"2026-04-23T09:37:45+00:00","description":"Fira deras f\u00f6delsedag med en personlig nattposter fr\u00e5n dagen de f\u00f6ddes. En minnesv\u00e4rd g\u00e5va att uppskatta f\u00f6r alltid.","breadcrumb":{"@id":"https:\/\/positiveprints.com\/sv\/produkt\/stjarnhimmel-och-mane-din-fodelsedag\/#breadcrumb"},"inLanguage":"sv-SE","potentialAction":[{"@type":"ReadAction","target":["https:\/\/positiveprints.com\/sv\/produkt\/stjarnhimmel-och-mane-din-fodelsedag\/"]}]},{"@type":"ImageObject","inLanguage":"sv-SE","@id":"https:\/\/positiveprints.com\/sv\/produkt\/stjarnhimmel-och-mane-din-fodelsedag\/#primaryimage","url":"https:\/\/positiveprints.com\/wp-content\/uploads\/2025\/05\/Stja\u0308rnhimmel-och-Ma\u030ane-\u2013-Din-Fo\u0308delsedag-1.webp","contentUrl":"https:\/\/positiveprints.com\/wp-content\/uploads\/2025\/05\/Stja\u0308rnhimmel-och-Ma\u030ane-\u2013-Din-Fo\u0308delsedag-1.webp","width":1450,"height":1450},{"@type":"BreadcrumbList","@id":"https:\/\/positiveprints.com\/sv\/produkt\/stjarnhimmel-och-mane-din-fodelsedag\/#breadcrumb","itemListElement":[{"@type":"ListItem","position":1,"name":"Home","item":"https:\/\/positiveprints.com\/sv\/"},{"@type":"ListItem","position":2,"name":"Produkter","item":"https:\/\/positiveprints.com\/sv\/shop\/"},{"@type":"ListItem","position":3,"name":"Stj\u00e4rnhimmel och M\u00e5ne \u2013 Din F\u00f6delsedag"}]},{"@type":"WebSite","@id":"https:\/\/positiveprints.com\/sv\/#website","url":"https:\/\/positiveprints.com\/sv\/","name":"Positive Prints","description":"Amazing Custom Personalized Gifts","publisher":{"@id":"https:\/\/positiveprints.com\/sv\/#organization"},"potentialAction":[{"@type":"SearchAction","target":{"@type":"EntryPoint","urlTemplate":"https:\/\/positiveprints.com\/sv\/?s={search_term_string}"},"query-input":{"@type":"PropertyValueSpecification","valueRequired":true,"valueName":"search_term_string"}}],"inLanguage":"sv-SE"},{"@type":"Organization","@id":"https:\/\/positiveprints.com\/sv\/#organization","name":"Positive Prints","alternateName":"Positive Prints","url":"https:\/\/positiveprints.com\/sv\/","logo":{"@type":"ImageObject","inLanguage":"sv-SE","@id":"https:\/\/positiveprints.com\/sv\/#\/schema\/logo\/image\/","url":"https:\/\/positiveprints.com\/wp-content\/uploads\/2026\/03\/245815646_1337939713319158_5671353136411139666_n.png","contentUrl":"https:\/\/positiveprints.com\/wp-content\/uploads\/2026\/03\/245815646_1337939713319158_5671353136411139666_n.png","width":800,"height":800,"caption":"Positive Prints"},"image":{"@id":"https:\/\/positiveprints.com\/sv\/#\/schema\/logo\/image\/"},"sameAs":["https:\/\/www.facebook.com\/positiveprintscom","https:\/\/www.instagram.com\/positiveprintscom\/","https:\/\/www.tiktok.com\/@positiveprintscom","https:\/\/www.pinterest.com\/positiveprintscom\/"]}]}},"jetpack_sharing_enabled":true,"_links":{"self":[{"href":"https:\/\/positiveprints.com\/sv\/wp-json\/wp\/v2\/product\/1430050","targetHints":{"allow":["GET"]}}],"collection":[{"href":"https:\/\/positiveprints.com\/sv\/wp-json\/wp\/v2\/product"}],"about":[{"href":"https:\/\/positiveprints.com\/sv\/wp-json\/wp\/v2\/types\/product"}],"wp:featuredmedia":[{"embeddable":true,"href":"https:\/\/positiveprints.com\/sv\/wp-json\/wp\/v2\/media\/1428783"}],"wp:attachment":[{"href":"https:\/\/positiveprints.com\/sv\/wp-json\/wp\/v2\/media?parent=1430050"}],"wp:term":[{"taxonomy":"product_brand","embeddable":true,"href":"https:\/\/positiveprints.com\/sv\/wp-json\/wp\/v2\/product_brand?post=1430050"},{"taxonomy":"product_cat","embeddable":true,"href":"https:\/\/positiveprints.com\/sv\/wp-json\/wp\/v2\/product_cat?post=1430050"},{"taxonomy":"product_tag","embeddable":true,"href":"https:\/\/positiveprints.com\/sv\/wp-json\/wp\/v2\/product_tag?post=1430050"}],"curies":[{"name":"wp","href":"https:\/\/api.w.org\/{rel}","templated":true}]}}