{"id":1428946,"date":"2025-05-22T13:02:12","date_gmt":"2025-05-22T11:02:12","guid":{"rendered":"https:\/\/positiveprints.com\/?post_type=product&#038;p=1428946"},"modified":"2026-04-28T13:27:11","modified_gmt":"2026-04-28T12:27:11","slug":"personlig-stjarnkarta-ram-med-personlig-manfas-kreativ-present-till-din-karlek","status":"publish","type":"product","link":"https:\/\/positiveprints.com\/sv\/produkt\/personlig-stjarnkarta-ram-med-personlig-manfas-kreativ-present-till-din-karlek\/","title":{"rendered":"Personlig stj\u00e4rnkarta ram med personlig m\u00e5nfas kreativ present till din k\u00e4rlek"},"content":{"rendered":"","protected":false},"excerpt":{"rendered":"<ul class=\"check-list\">\n<li>Anpassad stj\u00e4rn- och m\u00e5nposter f\u00f6r ditt valda datum och plats<\/li>\n<li>Anpassa i tre enkla steg<\/li>\n<li>V\u00e4lj bland en m\u00e4ngd vackra designer <\/li>\n<li>Se resultatet direkt \u2013 interaktiv f\u00f6rhandsvisning l\u00e5ter dig finjustera varje detalj<\/li>\n<\/ul>\n","protected":false},"featured_media":1428085,"template":"","meta":[],"product_brand":[],"product_cat":[9767,7459,8114,11192,11190,11191,8108,11470,11471,11469,11463,11477,11472,7679,7647,7790,7758,7806,8218,8116,11251,11252],"product_tag":[14998,14996,15000,14999,15005,15006,11758,11772,11835,11829,11832,11830,15001,15002,15004,15008,14201,15009,15010,15003,15011,14995,14992,14993,14997],"class_list":{"0":"post-1428946","1":"product","2":"type-product","3":"status-publish","4":"has-post-thumbnail","6":"product_cat-trending-label-sv","7":"product_cat-alla-produkter","8":"product_cat-jubileumspresent-presenttillfallen","9":"product_cat-arsdagspresenter-till-par","10":"product_cat-arsdagspresenter-till-henne","11":"product_cat-arsdagspresenter-till-honom","12":"product_cat-julpresenter","13":"product_cat-julklappar-till-henne","14":"product_cat-julklappar-till-honom","15":"product_cat-julklappar-till-flickvannen","16":"product_cat-julklapp-till-pojkvan","17":"product_cat-julklappar-till-frun","18":"product_cat-julklappar-till-maken","19":"product_cat-gavor-till-pojkvannen","20":"product_cat-gavor-till-din-man","21":"product_cat-gavor-till-flickvannen","22":"product_cat-gavor-till-fru","23":"product_cat-gavor-for-par","24":"product_cat-star-sv","25":"product_cat-gava-pa-alla-hjartans-dag","26":"product_cat-alla-hjartans-dag-presenter-for-henne","27":"product_cat-alla-hjartans-dag-presenter-for-honom","28":"product_tag-anniversary-sv","29":"product_tag-anniversary-gift-sv","30":"product_tag-anniversary-gifts-sv","31":"product_tag-anniversary-present-sv","32":"product_tag-couple-gift-sv","33":"product_tag-gift-for-couple-sv","34":"product_tag-julklapp-till-pojkvan","35":"product_tag-julklappar-till-flickvannen","36":"product_tag-julklappar-till-frun","37":"product_tag-julklappar-till-henne","38":"product_tag-julklappar-till-maken","39":"product_tag-kerstcadeaus-for-honom","40":"product_tag-love-sv","41":"product_tag-love-gift-sv","42":"product_tag-personalized-gift-sv","43":"product_tag-romantic-gifts-sv","44":"product_tag-romantisk-present","45":"product_tag-sentimental-gift-sv","46":"product_tag-special-occasion-sv-2","47":"product_tag-thoughtful-gift-sv","48":"product_tag-unique-gift-sv","49":"product_tag-valentines-day-gifts-sv","50":"product_tag-valentines-day-sv","51":"product_tag-valentines-day-gift-sv","52":"product_tag-wedding-anniversary-sv","54":"first","55":"instock","56":"sale","57":"taxable","58":"shipping-taxable","59":"purchasable","60":"product-type-variable"},"yoast_head":"<!-- This site is optimized with the Yoast SEO Premium plugin v27.2 (Yoast SEO v27.2) - https:\/\/yoast.com\/product\/yoast-seo-premium-wordpress\/ -->\n<title>Personlig stj\u00e4rnkarta ram med personlig m\u00e5nfas kreativ present till din k\u00e4rlek - Positive Prints<\/title>\n<meta name=\"description\" content=\"Ge en romantisk \u00e5rsdagspresent med m\u00e5nen och stj\u00e4rnorna fr\u00e5n er speciella natt. Ett vackert s\u00e4tt att hylla k\u00e4rleken.\" \/>\n<meta name=\"robots\" content=\"index, follow, max-snippet:-1, max-image-preview:large, max-video-preview:-1\" \/>\n<link rel=\"canonical\" href=\"https:\/\/positiveprints.com\/sv\/produkt\/personlig-stjarnkarta-ram-med-personlig-manfas-kreativ-present-till-din-karlek\/\" \/>\n<meta property=\"og:locale\" content=\"sv_SE\" \/>\n<meta property=\"og:type\" content=\"article\" \/>\n<meta property=\"og:title\" content=\"Personlig stj\u00e4rnkarta ram med personlig m\u00e5nfas kreativ present till din k\u00e4rlek\" \/>\n<meta property=\"og:description\" content=\"Anpassad stj\u00e4rn- och m\u00e5nposter f\u00f6r ditt valda datum och plats Anpassa i tre enkla steg V\u00e4lj bland en m\u00e4ngd vackra designer  Se resultatet direkt \u2013 interaktiv f\u00f6rhandsvisning l\u00e5ter dig finjustera varje detalj\" \/>\n<meta property=\"og:url\" content=\"https:\/\/positiveprints.com\/sv\/produkt\/personlig-stjarnkarta-ram-med-personlig-manfas-kreativ-present-till-din-karlek\/\" \/>\n<meta property=\"og:site_name\" content=\"Positive Prints\" \/>\n<meta property=\"article:publisher\" content=\"https:\/\/www.facebook.com\/positiveprintscom\" \/>\n<meta property=\"article:modified_time\" content=\"2026-04-28T12:27:11+00:00\" \/>\n<meta property=\"og:image\" content=\"https:\/\/positiveprints.com\/wp-content\/uploads\/2025\/05\/Personlig-stja\u0308rnkarta-ram-med-personlig-ma\u030anfas-kreativ-present-till-din-ka\u0308rlek-1.webp\" \/>\n\t<meta property=\"og:image:width\" content=\"1450\" \/>\n\t<meta property=\"og:image:height\" content=\"1450\" \/>\n\t<meta property=\"og:image:type\" content=\"image\/webp\" \/>\n<meta name=\"twitter:card\" content=\"summary_large_image\" \/>\n<!-- \/ Yoast SEO Premium plugin. -->","yoast_head_json":{"title":"Personlig stj\u00e4rnkarta ram med personlig m\u00e5nfas kreativ present till din k\u00e4rlek - Positive Prints","description":"Ge en romantisk \u00e5rsdagspresent med m\u00e5nen och stj\u00e4rnorna fr\u00e5n er speciella natt. Ett vackert s\u00e4tt att hylla k\u00e4rleken.","robots":{"index":"index","follow":"follow","max-snippet":"max-snippet:-1","max-image-preview":"max-image-preview:large","max-video-preview":"max-video-preview:-1"},"canonical":"https:\/\/positiveprints.com\/sv\/produkt\/personlig-stjarnkarta-ram-med-personlig-manfas-kreativ-present-till-din-karlek\/","og_locale":"sv_SE","og_type":"article","og_title":"Personlig stj\u00e4rnkarta ram med personlig m\u00e5nfas kreativ present till din k\u00e4rlek","og_description":"Anpassad stj\u00e4rn- och m\u00e5nposter f\u00f6r ditt valda datum och plats Anpassa i tre enkla steg V\u00e4lj bland en m\u00e4ngd vackra designer  Se resultatet direkt \u2013 interaktiv f\u00f6rhandsvisning l\u00e5ter dig finjustera varje detalj","og_url":"https:\/\/positiveprints.com\/sv\/produkt\/personlig-stjarnkarta-ram-med-personlig-manfas-kreativ-present-till-din-karlek\/","og_site_name":"Positive Prints","article_publisher":"https:\/\/www.facebook.com\/positiveprintscom","article_modified_time":"2026-04-28T12:27:11+00:00","og_image":[{"width":1450,"height":1450,"url":"https:\/\/positiveprints.com\/wp-content\/uploads\/2025\/05\/Personlig-stja\u0308rnkarta-ram-med-personlig-ma\u030anfas-kreativ-present-till-din-ka\u0308rlek-1.webp","type":"image\/webp"}],"twitter_card":"summary_large_image","schema":{"@context":"https:\/\/schema.org","@graph":[{"@type":["WebPage","ItemPage"],"@id":"https:\/\/positiveprints.com\/sv\/produkt\/personlig-stjarnkarta-ram-med-personlig-manfas-kreativ-present-till-din-karlek\/","url":"https:\/\/positiveprints.com\/sv\/produkt\/personlig-stjarnkarta-ram-med-personlig-manfas-kreativ-present-till-din-karlek\/","name":"Personlig stj\u00e4rnkarta ram med personlig m\u00e5nfas kreativ present till din k\u00e4rlek - Positive Prints","isPartOf":{"@id":"https:\/\/positiveprints.com\/sv\/#website"},"primaryImageOfPage":{"@id":"https:\/\/positiveprints.com\/sv\/produkt\/personlig-stjarnkarta-ram-med-personlig-manfas-kreativ-present-till-din-karlek\/#primaryimage"},"image":{"@id":"https:\/\/positiveprints.com\/sv\/produkt\/personlig-stjarnkarta-ram-med-personlig-manfas-kreativ-present-till-din-karlek\/#primaryimage"},"thumbnailUrl":"https:\/\/positiveprints.com\/wp-content\/uploads\/2025\/05\/Personlig-stja\u0308rnkarta-ram-med-personlig-ma\u030anfas-kreativ-present-till-din-ka\u0308rlek-1.webp","datePublished":"2025-05-22T11:02:12+00:00","dateModified":"2026-04-28T12:27:11+00:00","description":"Ge en romantisk \u00e5rsdagspresent med m\u00e5nen och stj\u00e4rnorna fr\u00e5n er speciella natt. Ett vackert s\u00e4tt att hylla k\u00e4rleken.","breadcrumb":{"@id":"https:\/\/positiveprints.com\/sv\/produkt\/personlig-stjarnkarta-ram-med-personlig-manfas-kreativ-present-till-din-karlek\/#breadcrumb"},"inLanguage":"sv-SE","potentialAction":[{"@type":"ReadAction","target":["https:\/\/positiveprints.com\/sv\/produkt\/personlig-stjarnkarta-ram-med-personlig-manfas-kreativ-present-till-din-karlek\/"]}]},{"@type":"ImageObject","inLanguage":"sv-SE","@id":"https:\/\/positiveprints.com\/sv\/produkt\/personlig-stjarnkarta-ram-med-personlig-manfas-kreativ-present-till-din-karlek\/#primaryimage","url":"https:\/\/positiveprints.com\/wp-content\/uploads\/2025\/05\/Personlig-stja\u0308rnkarta-ram-med-personlig-ma\u030anfas-kreativ-present-till-din-ka\u0308rlek-1.webp","contentUrl":"https:\/\/positiveprints.com\/wp-content\/uploads\/2025\/05\/Personlig-stja\u0308rnkarta-ram-med-personlig-ma\u030anfas-kreativ-present-till-din-ka\u0308rlek-1.webp","width":1450,"height":1450},{"@type":"BreadcrumbList","@id":"https:\/\/positiveprints.com\/sv\/produkt\/personlig-stjarnkarta-ram-med-personlig-manfas-kreativ-present-till-din-karlek\/#breadcrumb","itemListElement":[{"@type":"ListItem","position":1,"name":"Home","item":"https:\/\/positiveprints.com\/sv\/"},{"@type":"ListItem","position":2,"name":"Produkter","item":"https:\/\/positiveprints.com\/sv\/shop\/"},{"@type":"ListItem","position":3,"name":"Personlig stj\u00e4rnkarta ram med personlig m\u00e5nfas kreativ present till din k\u00e4rlek"}]},{"@type":"WebSite","@id":"https:\/\/positiveprints.com\/sv\/#website","url":"https:\/\/positiveprints.com\/sv\/","name":"Positive Prints","description":"Amazing Custom Personalized Gifts","publisher":{"@id":"https:\/\/positiveprints.com\/sv\/#organization"},"potentialAction":[{"@type":"SearchAction","target":{"@type":"EntryPoint","urlTemplate":"https:\/\/positiveprints.com\/sv\/?s={search_term_string}"},"query-input":{"@type":"PropertyValueSpecification","valueRequired":true,"valueName":"search_term_string"}}],"inLanguage":"sv-SE"},{"@type":"Organization","@id":"https:\/\/positiveprints.com\/sv\/#organization","name":"Positive Prints","alternateName":"Positive Prints","url":"https:\/\/positiveprints.com\/sv\/","logo":{"@type":"ImageObject","inLanguage":"sv-SE","@id":"https:\/\/positiveprints.com\/sv\/#\/schema\/logo\/image\/","url":"https:\/\/positiveprints.com\/wp-content\/uploads\/2026\/03\/245815646_1337939713319158_5671353136411139666_n.png","contentUrl":"https:\/\/positiveprints.com\/wp-content\/uploads\/2026\/03\/245815646_1337939713319158_5671353136411139666_n.png","width":800,"height":800,"caption":"Positive Prints"},"image":{"@id":"https:\/\/positiveprints.com\/sv\/#\/schema\/logo\/image\/"},"sameAs":["https:\/\/www.facebook.com\/positiveprintscom","https:\/\/www.instagram.com\/positiveprintscom\/","https:\/\/www.tiktok.com\/@positiveprintscom","https:\/\/www.pinterest.com\/positiveprintscom\/"]}]}},"jetpack_sharing_enabled":true,"_links":{"self":[{"href":"https:\/\/positiveprints.com\/sv\/wp-json\/wp\/v2\/product\/1428946","targetHints":{"allow":["GET"]}}],"collection":[{"href":"https:\/\/positiveprints.com\/sv\/wp-json\/wp\/v2\/product"}],"about":[{"href":"https:\/\/positiveprints.com\/sv\/wp-json\/wp\/v2\/types\/product"}],"wp:featuredmedia":[{"embeddable":true,"href":"https:\/\/positiveprints.com\/sv\/wp-json\/wp\/v2\/media\/1428085"}],"wp:attachment":[{"href":"https:\/\/positiveprints.com\/sv\/wp-json\/wp\/v2\/media?parent=1428946"}],"wp:term":[{"taxonomy":"product_brand","embeddable":true,"href":"https:\/\/positiveprints.com\/sv\/wp-json\/wp\/v2\/product_brand?post=1428946"},{"taxonomy":"product_cat","embeddable":true,"href":"https:\/\/positiveprints.com\/sv\/wp-json\/wp\/v2\/product_cat?post=1428946"},{"taxonomy":"product_tag","embeddable":true,"href":"https:\/\/positiveprints.com\/sv\/wp-json\/wp\/v2\/product_tag?post=1428946"}],"curies":[{"name":"wp","href":"https:\/\/api.w.org\/{rel}","templated":true}]}}